{"id":97233,"date":"2024-04-29T13:18:37","date_gmt":"2024-04-29T11:18:37","guid":{"rendered":"https:\/\/letrame.com\/catalogo\/producto\/satelite-humano\/"},"modified":"2024-08-16T12:55:57","modified_gmt":"2024-08-16T10:55:57","slug":"satelite-humano","status":"publish","type":"product","link":"https:\/\/letrame.com\/catalogo\/producto\/satelite-humano\/","title":{"rendered":"Sat\u00e9lite humano"},"content":{"rendered":"<div class=\"page\" title=\"Page 6\">\n<div class=\"layoutArea\">\n<div class=\"column\">\n<p><strong>ISBN: 978-84-1114-024-9<\/strong><\/p>\n<\/div>\n<\/div>\n<\/div>\n<p><b>T\u00edtulo<\/b><span style=\"font-weight: 400;\">: Sat\u00e9lite humano<\/span><span style=\"font-weight: 400;\"><br \/>\n<\/span><b>Fecha<\/b><span style=\"font-weight: 400;\">: 2021<\/span><span style=\"font-weight: 400;\"><br \/>\n<\/span><b>P\u00e1ginas<\/b><span style=\"font-weight: 400;\">: 618<\/span><\/p>\n<p><b>SINOPSIS<\/b><\/p>\n<p>A Chinto y Carmen Elena les preocupa que su hija est\u00e9 en el mundo de las drogas, y mientras la familia se defiende de esta amenaza reci\u00e9n descubierta, el tumultuoso horizonte pol\u00edtico latinoamericano sufre constantes sacudidas: el control de Cuba sobre los recursos energ\u00e9ticos venezolanos, su dominio geopol\u00edtico, los estragos del narcotr\u00e1fico en Colombia, los c\u00e1rteles y el blanqueo de capitales a nivel internacional.<\/p>\n<p>Este contexto de disfuncionalidad es el \u00fanico puente que los personajes tienen para cruzar o estancarse. \u00bfC\u00f3mo sobrevivir\u00e1n? \u00bfHay opci\u00f3n a prosperar? <em>Sat\u00e9lite humano<\/em> observa como un thriller: tambi\u00e9n lo que no se ve, lo que se oculta deliberadamente, lo que tiene que decirse o lo que los personajes callan.<\/p>\n<p>&nbsp;<\/p>\n","protected":false},"excerpt":{"rendered":"<div class=\"page\" title=\"Page 6\">\n<div class=\"layoutArea\">\n<div class=\"column\">\n<p><strong>ISBN: 978-84-1114-024-9<\/strong><\/p>\n<p><strong>SINOPSIS<\/strong><\/p>\n<p>A Chinto y Carmen Elena les preocupa que su hija est\u00e9 en el mundo de las drogas, y mientras la familia se defiende de esta amenaza reci\u00e9n descubierta, el tumultuoso horizonte pol\u00edtico latinoamericano sufre constantes sacudidas: el control de Cuba sobre los recursos energ\u00e9ticos venezolanos, su dominio geopol\u00edtico, los estragos del narcotr\u00e1fico en Colombia, los c\u00e1rteles y el blanqueo de capitales a nivel internacional.<\/p>\n<p>Este contexto de disfuncionalidad es el \u00fanico puente que los personajes tienen para cruzar o estancarse. \u00bfC\u00f3mo sobrevivir\u00e1n? \u00bfHay opci\u00f3n a prosperar? <em>Sat\u00e9lite humano<\/em> observa como un thriller: tambi\u00e9n lo que no se ve, lo que se oculta deliberadamente, lo que tiene que decirse o lo que los personajes callan.<\/p>\n<\/div>\n<\/div>\n<\/div>\n","protected":false},"featured_media":100363,"comment_status":"closed","ping_status":"closed","template":"","meta":{"_acf_changed":false},"libro":[],"product_brand":[],"product_cat":[16],"product_tag":[],"class_list":{"0":"post-97233","1":"product","2":"type-product","3":"status-publish","4":"has-post-thumbnail","6":"product_cat-novela","8":"first","9":"instock","10":"purchasable","11":"product-type-simple"},"acf":{"autor":[75842],"enlace_de_compra":"https:\/\/amzn.to\/3ACmkKX"},"yoast_head":"<!-- This site is optimized with the Yoast SEO plugin v26.6 - https:\/\/yoast.com\/wordpress\/plugins\/seo\/ -->\n<title>Sat\u00e9lite humano - Catalogo | Letrame Grupo Editorial<\/title>\n<meta name=\"robots\" content=\"index, follow, max-snippet:-1, max-image-preview:large, max-video-preview:-1\" \/>\n<link rel=\"canonical\" href=\"https:\/\/letrame.com\/catalogo\/producto\/satelite-humano\/\" \/>\n<meta property=\"og:locale\" content=\"es_ES\" \/>\n<meta property=\"og:type\" content=\"article\" \/>\n<meta property=\"og:title\" content=\"Sat\u00e9lite humano - Catalogo | Letrame Grupo Editorial\" \/>\n<meta property=\"og:description\" content=\"ISBN: 978-84-1114-024-9  SINOPSIS  A Chinto y Carmen Elena les preocupa que su hija est\u00e9 en el mundo de las drogas, y mientras la familia se defiende de esta amenaza reci\u00e9n descubierta, el tumultuoso horizonte pol\u00edtico latinoamericano sufre constantes sacudidas: el control de Cuba sobre los recursos energ\u00e9ticos venezolanos, su dominio geopol\u00edtico, los estragos del narcotr\u00e1fico en Colombia, los c\u00e1rteles y el blanqueo de capitales a nivel internacional.  Este contexto de disfuncionalidad es el \u00fanico puente que los personajes tienen para cruzar o estancarse. \u00bfC\u00f3mo sobrevivir\u00e1n? \u00bfHay opci\u00f3n a prosperar? Sat\u00e9lite humano observa como un thriller: tambi\u00e9n lo que no se ve, lo que se oculta deliberadamente, lo que tiene que decirse o lo que los personajes callan.\" \/>\n<meta property=\"og:url\" content=\"https:\/\/letrame.com\/catalogo\/producto\/satelite-humano\/\" \/>\n<meta property=\"og:site_name\" content=\"Catalogo | Letrame Grupo Editorial\" \/>\n<meta property=\"article:modified_time\" content=\"2024-08-16T10:55:57+00:00\" \/>\n<meta property=\"og:image\" content=\"https:\/\/letrame.com\/catalogo\/wp-content\/uploads\/2024\/04\/SATELITE-HUMANO-scaled-1.webp\" \/>\n\t<meta property=\"og:image:width\" content=\"1630\" \/>\n\t<meta property=\"og:image:height\" content=\"2560\" \/>\n\t<meta property=\"og:image:type\" content=\"image\/webp\" \/>\n<meta name=\"twitter:card\" content=\"summary_large_image\" \/>\n<meta name=\"twitter:label1\" content=\"Tiempo de lectura\" \/>\n\t<meta name=\"twitter:data1\" content=\"1 minuto\" \/>\n<script type=\"application\/ld+json\" class=\"yoast-schema-graph\">{\"@context\":\"https:\/\/schema.org\",\"@graph\":[{\"@type\":\"WebPage\",\"@id\":\"https:\/\/letrame.com\/catalogo\/producto\/satelite-humano\/\",\"url\":\"https:\/\/letrame.com\/catalogo\/producto\/satelite-humano\/\",\"name\":\"Sat\u00e9lite humano - Catalogo | Letrame Grupo Editorial\",\"isPartOf\":{\"@id\":\"https:\/\/letrame.com\/catalogo\/#website\"},\"primaryImageOfPage\":{\"@id\":\"https:\/\/letrame.com\/catalogo\/producto\/satelite-humano\/#primaryimage\"},\"image\":{\"@id\":\"https:\/\/letrame.com\/catalogo\/producto\/satelite-humano\/#primaryimage\"},\"thumbnailUrl\":\"https:\/\/letrame.com\/catalogo\/wp-content\/uploads\/2024\/04\/SATELITE-HUMANO-scaled-1.webp\",\"datePublished\":\"2024-04-29T11:18:37+00:00\",\"dateModified\":\"2024-08-16T10:55:57+00:00\",\"breadcrumb\":{\"@id\":\"https:\/\/letrame.com\/catalogo\/producto\/satelite-humano\/#breadcrumb\"},\"inLanguage\":\"es\",\"potentialAction\":[{\"@type\":\"ReadAction\",\"target\":[\"https:\/\/letrame.com\/catalogo\/producto\/satelite-humano\/\"]}]},{\"@type\":\"ImageObject\",\"inLanguage\":\"es\",\"@id\":\"https:\/\/letrame.com\/catalogo\/producto\/satelite-humano\/#primaryimage\",\"url\":\"https:\/\/letrame.com\/catalogo\/wp-content\/uploads\/2024\/04\/SATELITE-HUMANO-scaled-1.webp\",\"contentUrl\":\"https:\/\/letrame.com\/catalogo\/wp-content\/uploads\/2024\/04\/SATELITE-HUMANO-scaled-1.webp\",\"width\":1630,\"height\":2560},{\"@type\":\"BreadcrumbList\",\"@id\":\"https:\/\/letrame.com\/catalogo\/producto\/satelite-humano\/#breadcrumb\",\"itemListElement\":[{\"@type\":\"ListItem\",\"position\":1,\"name\":\"Portada\",\"item\":\"https:\/\/letrame.com\/catalogo\/\"},{\"@type\":\"ListItem\",\"position\":2,\"name\":\"Cat\u00e1logo\",\"item\":\"https:\/\/letrame.com\/catalogo\/\"},{\"@type\":\"ListItem\",\"position\":3,\"name\":\"Sat\u00e9lite humano\"}]},{\"@type\":\"WebSite\",\"@id\":\"https:\/\/letrame.com\/catalogo\/#website\",\"url\":\"https:\/\/letrame.com\/catalogo\/\",\"name\":\"Catalogo | Letrame Grupo Editorial\",\"description\":\"\",\"publisher\":{\"@id\":\"https:\/\/letrame.com\/catalogo\/#organization\"},\"potentialAction\":[{\"@type\":\"SearchAction\",\"target\":{\"@type\":\"EntryPoint\",\"urlTemplate\":\"https:\/\/letrame.com\/catalogo\/?s={search_term_string}\"},\"query-input\":{\"@type\":\"PropertyValueSpecification\",\"valueRequired\":true,\"valueName\":\"search_term_string\"}}],\"inLanguage\":\"es\"},{\"@type\":\"Organization\",\"@id\":\"https:\/\/letrame.com\/catalogo\/#organization\",\"name\":\"Catalogo | Letrame Grupo Editorial\",\"url\":\"https:\/\/letrame.com\/catalogo\/\",\"logo\":{\"@type\":\"ImageObject\",\"inLanguage\":\"es\",\"@id\":\"https:\/\/letrame.com\/catalogo\/#\/schema\/logo\/image\/\",\"url\":\"https:\/\/letrame.com\/catalogo\/wp-content\/uploads\/2024\/03\/logo2.webp\",\"contentUrl\":\"https:\/\/letrame.com\/catalogo\/wp-content\/uploads\/2024\/03\/logo2.webp\",\"width\":394,\"height\":128,\"caption\":\"Catalogo | Letrame Grupo Editorial\"},\"image\":{\"@id\":\"https:\/\/letrame.com\/catalogo\/#\/schema\/logo\/image\/\"}}]}<\/script>\n<!-- \/ Yoast SEO plugin. -->","yoast_head_json":{"title":"Sat\u00e9lite humano - Catalogo | Letrame Grupo Editorial","robots":{"index":"index","follow":"follow","max-snippet":"max-snippet:-1","max-image-preview":"max-image-preview:large","max-video-preview":"max-video-preview:-1"},"canonical":"https:\/\/letrame.com\/catalogo\/producto\/satelite-humano\/","og_locale":"es_ES","og_type":"article","og_title":"Sat\u00e9lite humano - Catalogo | Letrame Grupo Editorial","og_description":"ISBN: 978-84-1114-024-9  SINOPSIS  A Chinto y Carmen Elena les preocupa que su hija est\u00e9 en el mundo de las drogas, y mientras la familia se defiende de esta amenaza reci\u00e9n descubierta, el tumultuoso horizonte pol\u00edtico latinoamericano sufre constantes sacudidas: el control de Cuba sobre los recursos energ\u00e9ticos venezolanos, su dominio geopol\u00edtico, los estragos del narcotr\u00e1fico en Colombia, los c\u00e1rteles y el blanqueo de capitales a nivel internacional.  Este contexto de disfuncionalidad es el \u00fanico puente que los personajes tienen para cruzar o estancarse. \u00bfC\u00f3mo sobrevivir\u00e1n? \u00bfHay opci\u00f3n a prosperar? Sat\u00e9lite humano observa como un thriller: tambi\u00e9n lo que no se ve, lo que se oculta deliberadamente, lo que tiene que decirse o lo que los personajes callan.","og_url":"https:\/\/letrame.com\/catalogo\/producto\/satelite-humano\/","og_site_name":"Catalogo | Letrame Grupo Editorial","article_modified_time":"2024-08-16T10:55:57+00:00","og_image":[{"width":1630,"height":2560,"url":"https:\/\/letrame.com\/catalogo\/wp-content\/uploads\/2024\/04\/SATELITE-HUMANO-scaled-1.webp","type":"image\/webp"}],"twitter_card":"summary_large_image","twitter_misc":{"Tiempo de lectura":"1 minuto"},"schema":{"@context":"https:\/\/schema.org","@graph":[{"@type":"WebPage","@id":"https:\/\/letrame.com\/catalogo\/producto\/satelite-humano\/","url":"https:\/\/letrame.com\/catalogo\/producto\/satelite-humano\/","name":"Sat\u00e9lite humano - Catalogo | Letrame Grupo Editorial","isPartOf":{"@id":"https:\/\/letrame.com\/catalogo\/#website"},"primaryImageOfPage":{"@id":"https:\/\/letrame.com\/catalogo\/producto\/satelite-humano\/#primaryimage"},"image":{"@id":"https:\/\/letrame.com\/catalogo\/producto\/satelite-humano\/#primaryimage"},"thumbnailUrl":"https:\/\/letrame.com\/catalogo\/wp-content\/uploads\/2024\/04\/SATELITE-HUMANO-scaled-1.webp","datePublished":"2024-04-29T11:18:37+00:00","dateModified":"2024-08-16T10:55:57+00:00","breadcrumb":{"@id":"https:\/\/letrame.com\/catalogo\/producto\/satelite-humano\/#breadcrumb"},"inLanguage":"es","potentialAction":[{"@type":"ReadAction","target":["https:\/\/letrame.com\/catalogo\/producto\/satelite-humano\/"]}]},{"@type":"ImageObject","inLanguage":"es","@id":"https:\/\/letrame.com\/catalogo\/producto\/satelite-humano\/#primaryimage","url":"https:\/\/letrame.com\/catalogo\/wp-content\/uploads\/2024\/04\/SATELITE-HUMANO-scaled-1.webp","contentUrl":"https:\/\/letrame.com\/catalogo\/wp-content\/uploads\/2024\/04\/SATELITE-HUMANO-scaled-1.webp","width":1630,"height":2560},{"@type":"BreadcrumbList","@id":"https:\/\/letrame.com\/catalogo\/producto\/satelite-humano\/#breadcrumb","itemListElement":[{"@type":"ListItem","position":1,"name":"Portada","item":"https:\/\/letrame.com\/catalogo\/"},{"@type":"ListItem","position":2,"name":"Cat\u00e1logo","item":"https:\/\/letrame.com\/catalogo\/"},{"@type":"ListItem","position":3,"name":"Sat\u00e9lite humano"}]},{"@type":"WebSite","@id":"https:\/\/letrame.com\/catalogo\/#website","url":"https:\/\/letrame.com\/catalogo\/","name":"Catalogo | Letrame Grupo Editorial","description":"","publisher":{"@id":"https:\/\/letrame.com\/catalogo\/#organization"},"potentialAction":[{"@type":"SearchAction","target":{"@type":"EntryPoint","urlTemplate":"https:\/\/letrame.com\/catalogo\/?s={search_term_string}"},"query-input":{"@type":"PropertyValueSpecification","valueRequired":true,"valueName":"search_term_string"}}],"inLanguage":"es"},{"@type":"Organization","@id":"https:\/\/letrame.com\/catalogo\/#organization","name":"Catalogo | Letrame Grupo Editorial","url":"https:\/\/letrame.com\/catalogo\/","logo":{"@type":"ImageObject","inLanguage":"es","@id":"https:\/\/letrame.com\/catalogo\/#\/schema\/logo\/image\/","url":"https:\/\/letrame.com\/catalogo\/wp-content\/uploads\/2024\/03\/logo2.webp","contentUrl":"https:\/\/letrame.com\/catalogo\/wp-content\/uploads\/2024\/03\/logo2.webp","width":394,"height":128,"caption":"Catalogo | Letrame Grupo Editorial"},"image":{"@id":"https:\/\/letrame.com\/catalogo\/#\/schema\/logo\/image\/"}}]}},"_links":{"self":[{"href":"https:\/\/letrame.com\/catalogo\/wp-json\/wp\/v2\/product\/97233","targetHints":{"allow":["GET"]}}],"collection":[{"href":"https:\/\/letrame.com\/catalogo\/wp-json\/wp\/v2\/product"}],"about":[{"href":"https:\/\/letrame.com\/catalogo\/wp-json\/wp\/v2\/types\/product"}],"replies":[{"embeddable":true,"href":"https:\/\/letrame.com\/catalogo\/wp-json\/wp\/v2\/comments?post=97233"}],"acf:post":[{"embeddable":true,"href":"https:\/\/letrame.com\/catalogo\/wp-json\/wp\/v2\/author_book\/75842"}],"wp:featuredmedia":[{"embeddable":true,"href":"https:\/\/letrame.com\/catalogo\/wp-json\/wp\/v2\/media\/100363"}],"wp:attachment":[{"href":"https:\/\/letrame.com\/catalogo\/wp-json\/wp\/v2\/media?parent=97233"}],"wp:term":[{"taxonomy":"libro","embeddable":true,"href":"https:\/\/letrame.com\/catalogo\/wp-json\/wp\/v2\/libro?post=97233"},{"taxonomy":"product_brand","embeddable":true,"href":"https:\/\/letrame.com\/catalogo\/wp-json\/wp\/v2\/product_brand?post=97233"},{"taxonomy":"product_cat","embeddable":true,"href":"https:\/\/letrame.com\/catalogo\/wp-json\/wp\/v2\/product_cat?post=97233"},{"taxonomy":"product_tag","embeddable":true,"href":"https:\/\/letrame.com\/catalogo\/wp-json\/wp\/v2\/product_tag?post=97233"}],"curies":[{"name":"wp","href":"https:\/\/api.w.org\/{rel}","templated":true}]}}