{"id":97225,"date":"2024-04-29T13:17:51","date_gmt":"2024-04-29T11:17:51","guid":{"rendered":"https:\/\/letrame.com\/catalogo\/producto\/pensamientos-de-un-nuevo-amanecer\/"},"modified":"2024-04-29T13:17:52","modified_gmt":"2024-04-29T11:17:52","slug":"pensamientos-de-un-nuevo-amanecer","status":"publish","type":"product","link":"https:\/\/letrame.com\/catalogo\/producto\/pensamientos-de-un-nuevo-amanecer\/","title":{"rendered":"Pensamientos de un nuevo amanecer"},"content":{"rendered":"<div class=\"page\" title=\"Page 6\">\n<div class=\"layoutArea\">\n<div class=\"column\">\n<p><strong>ISBN<\/strong>: 978-84-1386-990-2<\/p>\n<\/div>\n<\/div>\n<\/div>\n<p><b>T\u00edtulo<\/b><span style=\"font-weight: 400;\">: Pensamientos de un nuevo amanecer<\/span><span style=\"font-weight: 400;\"><br \/>\n<\/span><b>Fecha<\/b><span style=\"font-weight: 400;\">: 2021<\/span><span style=\"font-weight: 400;\"><br \/>\n<\/span><b>P\u00e1ginas<\/b><span style=\"font-weight: 400;\">: 184<\/span><\/p>\n<p><b>SINOPSIS<\/b><\/p>\n<p>El ser humano est\u00e1 vinculado de manera innata a las emociones y las artes, y junto a ellas aparece la reflexi\u00f3n, la meditaci\u00f3n, aquello que hace del ser humano que lo sea propiamente: la filosof\u00eda. Este libro y sus reflexiones nos invitan a comprender cu\u00e1n importantes son las pasiones ligadas al pensamiento, a la indagaci\u00f3n y al cuestionamiento de todo cuanto sentimos, cuanto vivimos, cuanto somos; y a revelar que, pese a nuestras diferencias, todos estamos unidos y conectados de una manera especial.<\/p>\n","protected":false},"excerpt":{"rendered":"<div class=\"page\" title=\"Page 6\">\n<div class=\"layoutArea\">\n<div class=\"column\">\n<p><strong>ISBN: 978-84-1386-990-2<\/strong><\/p>\n<p>El ser humano est\u00e1 vinculado de manera innata a las emociones y las artes, y junto a ellas aparece la reflexi\u00f3n, la meditaci\u00f3n, aquello que hace del ser humano que lo sea propiamente: la filosof\u00eda. Este libro y sus reflexiones nos invitan a comprender cu\u00e1n importantes son las pasiones ligadas al pensamiento, a la indagaci\u00f3n y al cuestionamiento de todo cuanto sentimos, cuanto vivimos, cuanto somos; y a revelar que, pese a nuestras diferencias, todos estamos unidos y conectados de una manera especial.<\/p>\n<\/div>\n<\/div>\n<\/div>\n","protected":false},"featured_media":97226,"comment_status":"closed","ping_status":"open","template":"","meta":{"_acf_changed":false},"libro":[],"product_brand":[],"product_cat":[21],"product_tag":[],"class_list":{"0":"post-97225","1":"product","2":"type-product","3":"status-publish","4":"has-post-thumbnail","6":"product_cat-relato","8":"first","9":"instock","10":"product-type-simple"},"acf":{"autor":[75833],"enlace_de_compra":"https:\/\/www.amazon.es\/Pensamientos-nuevo-amanecer-01-Pensanientos\/dp\/8413869900\/ref=sr_1_1?__mk_es_ES=%C3%85M%C3%85%C5%BD%C3%95%C3%91&amp;keywords=Letrame+S.L.+Pensamientos+de+un+nuevo+amanecer&amp;qid=1638190712&amp;qsid=259-4054991-7065467&amp;sr=8-1&amp;sres=8413869900&amp;srpt=ABIS_BOOK"},"yoast_head":"<!-- This site is optimized with the Yoast SEO plugin v26.6 - https:\/\/yoast.com\/wordpress\/plugins\/seo\/ -->\n<title>Pensamientos de un nuevo amanecer - Catalogo | Letrame Grupo Editorial<\/title>\n<meta name=\"robots\" content=\"index, follow, max-snippet:-1, max-image-preview:large, max-video-preview:-1\" \/>\n<link rel=\"canonical\" href=\"https:\/\/letrame.com\/catalogo\/producto\/pensamientos-de-un-nuevo-amanecer\/\" \/>\n<meta property=\"og:locale\" content=\"es_ES\" \/>\n<meta property=\"og:type\" content=\"article\" \/>\n<meta property=\"og:title\" content=\"Pensamientos de un nuevo amanecer - Catalogo | Letrame Grupo Editorial\" \/>\n<meta property=\"og:description\" content=\"ISBN: 978-84-1386-990-2 El ser humano est\u00e1 vinculado de manera innata a las emociones y las artes, y junto a ellas aparece la reflexi\u00f3n, la meditaci\u00f3n, aquello que hace del ser humano que lo sea propiamente: la filosof\u00eda. Este libro y sus reflexiones nos invitan a comprender cu\u00e1n importantes son las pasiones ligadas al pensamiento, a la indagaci\u00f3n y al cuestionamiento de todo cuanto sentimos, cuanto vivimos, cuanto somos; y a revelar que, pese a nuestras diferencias, todos estamos unidos y conectados de una manera especial.\" \/>\n<meta property=\"og:url\" content=\"https:\/\/letrame.com\/catalogo\/producto\/pensamientos-de-un-nuevo-amanecer\/\" \/>\n<meta property=\"og:site_name\" content=\"Catalogo | Letrame Grupo Editorial\" \/>\n<meta property=\"article:modified_time\" content=\"2024-04-29T11:17:52+00:00\" \/>\n<meta property=\"og:image\" content=\"https:\/\/letrame.com\/catalogo\/wp-content\/uploads\/2024\/04\/PENSAMIENTOS-DE-UN-NUEVO-AMANECER-scaled-1.jpeg\" \/>\n\t<meta property=\"og:image:width\" content=\"1746\" \/>\n\t<meta property=\"og:image:height\" content=\"2560\" \/>\n\t<meta property=\"og:image:type\" content=\"image\/jpeg\" \/>\n<meta name=\"twitter:card\" content=\"summary_large_image\" \/>\n<meta name=\"twitter:label1\" content=\"Tiempo de lectura\" \/>\n\t<meta name=\"twitter:data1\" content=\"1 minuto\" \/>\n<script type=\"application\/ld+json\" class=\"yoast-schema-graph\">{\"@context\":\"https:\/\/schema.org\",\"@graph\":[{\"@type\":\"WebPage\",\"@id\":\"https:\/\/letrame.com\/catalogo\/producto\/pensamientos-de-un-nuevo-amanecer\/\",\"url\":\"https:\/\/letrame.com\/catalogo\/producto\/pensamientos-de-un-nuevo-amanecer\/\",\"name\":\"Pensamientos de un nuevo amanecer - Catalogo | Letrame Grupo Editorial\",\"isPartOf\":{\"@id\":\"https:\/\/letrame.com\/catalogo\/#website\"},\"primaryImageOfPage\":{\"@id\":\"https:\/\/letrame.com\/catalogo\/producto\/pensamientos-de-un-nuevo-amanecer\/#primaryimage\"},\"image\":{\"@id\":\"https:\/\/letrame.com\/catalogo\/producto\/pensamientos-de-un-nuevo-amanecer\/#primaryimage\"},\"thumbnailUrl\":\"https:\/\/letrame.com\/catalogo\/wp-content\/uploads\/2024\/04\/PENSAMIENTOS-DE-UN-NUEVO-AMANECER-scaled-1.jpeg\",\"datePublished\":\"2024-04-29T11:17:51+00:00\",\"dateModified\":\"2024-04-29T11:17:52+00:00\",\"breadcrumb\":{\"@id\":\"https:\/\/letrame.com\/catalogo\/producto\/pensamientos-de-un-nuevo-amanecer\/#breadcrumb\"},\"inLanguage\":\"es\",\"potentialAction\":[{\"@type\":\"ReadAction\",\"target\":[\"https:\/\/letrame.com\/catalogo\/producto\/pensamientos-de-un-nuevo-amanecer\/\"]}]},{\"@type\":\"ImageObject\",\"inLanguage\":\"es\",\"@id\":\"https:\/\/letrame.com\/catalogo\/producto\/pensamientos-de-un-nuevo-amanecer\/#primaryimage\",\"url\":\"https:\/\/letrame.com\/catalogo\/wp-content\/uploads\/2024\/04\/PENSAMIENTOS-DE-UN-NUEVO-AMANECER-scaled-1.jpeg\",\"contentUrl\":\"https:\/\/letrame.com\/catalogo\/wp-content\/uploads\/2024\/04\/PENSAMIENTOS-DE-UN-NUEVO-AMANECER-scaled-1.jpeg\",\"width\":1746,\"height\":2560},{\"@type\":\"BreadcrumbList\",\"@id\":\"https:\/\/letrame.com\/catalogo\/producto\/pensamientos-de-un-nuevo-amanecer\/#breadcrumb\",\"itemListElement\":[{\"@type\":\"ListItem\",\"position\":1,\"name\":\"Portada\",\"item\":\"https:\/\/letrame.com\/catalogo\/\"},{\"@type\":\"ListItem\",\"position\":2,\"name\":\"Cat\u00e1logo\",\"item\":\"https:\/\/letrame.com\/catalogo\/\"},{\"@type\":\"ListItem\",\"position\":3,\"name\":\"Pensamientos de un nuevo amanecer\"}]},{\"@type\":\"WebSite\",\"@id\":\"https:\/\/letrame.com\/catalogo\/#website\",\"url\":\"https:\/\/letrame.com\/catalogo\/\",\"name\":\"Catalogo | Letrame Grupo Editorial\",\"description\":\"\",\"publisher\":{\"@id\":\"https:\/\/letrame.com\/catalogo\/#organization\"},\"potentialAction\":[{\"@type\":\"SearchAction\",\"target\":{\"@type\":\"EntryPoint\",\"urlTemplate\":\"https:\/\/letrame.com\/catalogo\/?s={search_term_string}\"},\"query-input\":{\"@type\":\"PropertyValueSpecification\",\"valueRequired\":true,\"valueName\":\"search_term_string\"}}],\"inLanguage\":\"es\"},{\"@type\":\"Organization\",\"@id\":\"https:\/\/letrame.com\/catalogo\/#organization\",\"name\":\"Catalogo | Letrame Grupo Editorial\",\"url\":\"https:\/\/letrame.com\/catalogo\/\",\"logo\":{\"@type\":\"ImageObject\",\"inLanguage\":\"es\",\"@id\":\"https:\/\/letrame.com\/catalogo\/#\/schema\/logo\/image\/\",\"url\":\"https:\/\/letrame.com\/catalogo\/wp-content\/uploads\/2024\/03\/logo2.webp\",\"contentUrl\":\"https:\/\/letrame.com\/catalogo\/wp-content\/uploads\/2024\/03\/logo2.webp\",\"width\":394,\"height\":128,\"caption\":\"Catalogo | Letrame Grupo Editorial\"},\"image\":{\"@id\":\"https:\/\/letrame.com\/catalogo\/#\/schema\/logo\/image\/\"}}]}<\/script>\n<!-- \/ Yoast SEO plugin. -->","yoast_head_json":{"title":"Pensamientos de un nuevo amanecer - Catalogo | Letrame Grupo Editorial","robots":{"index":"index","follow":"follow","max-snippet":"max-snippet:-1","max-image-preview":"max-image-preview:large","max-video-preview":"max-video-preview:-1"},"canonical":"https:\/\/letrame.com\/catalogo\/producto\/pensamientos-de-un-nuevo-amanecer\/","og_locale":"es_ES","og_type":"article","og_title":"Pensamientos de un nuevo amanecer - Catalogo | Letrame Grupo Editorial","og_description":"ISBN: 978-84-1386-990-2 El ser humano est\u00e1 vinculado de manera innata a las emociones y las artes, y junto a ellas aparece la reflexi\u00f3n, la meditaci\u00f3n, aquello que hace del ser humano que lo sea propiamente: la filosof\u00eda. Este libro y sus reflexiones nos invitan a comprender cu\u00e1n importantes son las pasiones ligadas al pensamiento, a la indagaci\u00f3n y al cuestionamiento de todo cuanto sentimos, cuanto vivimos, cuanto somos; y a revelar que, pese a nuestras diferencias, todos estamos unidos y conectados de una manera especial.","og_url":"https:\/\/letrame.com\/catalogo\/producto\/pensamientos-de-un-nuevo-amanecer\/","og_site_name":"Catalogo | Letrame Grupo Editorial","article_modified_time":"2024-04-29T11:17:52+00:00","og_image":[{"width":1746,"height":2560,"url":"https:\/\/letrame.com\/catalogo\/wp-content\/uploads\/2024\/04\/PENSAMIENTOS-DE-UN-NUEVO-AMANECER-scaled-1.jpeg","type":"image\/jpeg"}],"twitter_card":"summary_large_image","twitter_misc":{"Tiempo de lectura":"1 minuto"},"schema":{"@context":"https:\/\/schema.org","@graph":[{"@type":"WebPage","@id":"https:\/\/letrame.com\/catalogo\/producto\/pensamientos-de-un-nuevo-amanecer\/","url":"https:\/\/letrame.com\/catalogo\/producto\/pensamientos-de-un-nuevo-amanecer\/","name":"Pensamientos de un nuevo amanecer - Catalogo | Letrame Grupo Editorial","isPartOf":{"@id":"https:\/\/letrame.com\/catalogo\/#website"},"primaryImageOfPage":{"@id":"https:\/\/letrame.com\/catalogo\/producto\/pensamientos-de-un-nuevo-amanecer\/#primaryimage"},"image":{"@id":"https:\/\/letrame.com\/catalogo\/producto\/pensamientos-de-un-nuevo-amanecer\/#primaryimage"},"thumbnailUrl":"https:\/\/letrame.com\/catalogo\/wp-content\/uploads\/2024\/04\/PENSAMIENTOS-DE-UN-NUEVO-AMANECER-scaled-1.jpeg","datePublished":"2024-04-29T11:17:51+00:00","dateModified":"2024-04-29T11:17:52+00:00","breadcrumb":{"@id":"https:\/\/letrame.com\/catalogo\/producto\/pensamientos-de-un-nuevo-amanecer\/#breadcrumb"},"inLanguage":"es","potentialAction":[{"@type":"ReadAction","target":["https:\/\/letrame.com\/catalogo\/producto\/pensamientos-de-un-nuevo-amanecer\/"]}]},{"@type":"ImageObject","inLanguage":"es","@id":"https:\/\/letrame.com\/catalogo\/producto\/pensamientos-de-un-nuevo-amanecer\/#primaryimage","url":"https:\/\/letrame.com\/catalogo\/wp-content\/uploads\/2024\/04\/PENSAMIENTOS-DE-UN-NUEVO-AMANECER-scaled-1.jpeg","contentUrl":"https:\/\/letrame.com\/catalogo\/wp-content\/uploads\/2024\/04\/PENSAMIENTOS-DE-UN-NUEVO-AMANECER-scaled-1.jpeg","width":1746,"height":2560},{"@type":"BreadcrumbList","@id":"https:\/\/letrame.com\/catalogo\/producto\/pensamientos-de-un-nuevo-amanecer\/#breadcrumb","itemListElement":[{"@type":"ListItem","position":1,"name":"Portada","item":"https:\/\/letrame.com\/catalogo\/"},{"@type":"ListItem","position":2,"name":"Cat\u00e1logo","item":"https:\/\/letrame.com\/catalogo\/"},{"@type":"ListItem","position":3,"name":"Pensamientos de un nuevo amanecer"}]},{"@type":"WebSite","@id":"https:\/\/letrame.com\/catalogo\/#website","url":"https:\/\/letrame.com\/catalogo\/","name":"Catalogo | Letrame Grupo Editorial","description":"","publisher":{"@id":"https:\/\/letrame.com\/catalogo\/#organization"},"potentialAction":[{"@type":"SearchAction","target":{"@type":"EntryPoint","urlTemplate":"https:\/\/letrame.com\/catalogo\/?s={search_term_string}"},"query-input":{"@type":"PropertyValueSpecification","valueRequired":true,"valueName":"search_term_string"}}],"inLanguage":"es"},{"@type":"Organization","@id":"https:\/\/letrame.com\/catalogo\/#organization","name":"Catalogo | Letrame Grupo Editorial","url":"https:\/\/letrame.com\/catalogo\/","logo":{"@type":"ImageObject","inLanguage":"es","@id":"https:\/\/letrame.com\/catalogo\/#\/schema\/logo\/image\/","url":"https:\/\/letrame.com\/catalogo\/wp-content\/uploads\/2024\/03\/logo2.webp","contentUrl":"https:\/\/letrame.com\/catalogo\/wp-content\/uploads\/2024\/03\/logo2.webp","width":394,"height":128,"caption":"Catalogo | Letrame Grupo Editorial"},"image":{"@id":"https:\/\/letrame.com\/catalogo\/#\/schema\/logo\/image\/"}}]}},"_links":{"self":[{"href":"https:\/\/letrame.com\/catalogo\/wp-json\/wp\/v2\/product\/97225","targetHints":{"allow":["GET"]}}],"collection":[{"href":"https:\/\/letrame.com\/catalogo\/wp-json\/wp\/v2\/product"}],"about":[{"href":"https:\/\/letrame.com\/catalogo\/wp-json\/wp\/v2\/types\/product"}],"replies":[{"embeddable":true,"href":"https:\/\/letrame.com\/catalogo\/wp-json\/wp\/v2\/comments?post=97225"}],"acf:post":[{"embeddable":true,"href":"https:\/\/letrame.com\/catalogo\/wp-json\/wp\/v2\/author_book\/75833"}],"wp:featuredmedia":[{"embeddable":true,"href":"https:\/\/letrame.com\/catalogo\/wp-json\/wp\/v2\/media\/97226"}],"wp:attachment":[{"href":"https:\/\/letrame.com\/catalogo\/wp-json\/wp\/v2\/media?parent=97225"}],"wp:term":[{"taxonomy":"libro","embeddable":true,"href":"https:\/\/letrame.com\/catalogo\/wp-json\/wp\/v2\/libro?post=97225"},{"taxonomy":"product_brand","embeddable":true,"href":"https:\/\/letrame.com\/catalogo\/wp-json\/wp\/v2\/product_brand?post=97225"},{"taxonomy":"product_cat","embeddable":true,"href":"https:\/\/letrame.com\/catalogo\/wp-json\/wp\/v2\/product_cat?post=97225"},{"taxonomy":"product_tag","embeddable":true,"href":"https:\/\/letrame.com\/catalogo\/wp-json\/wp\/v2\/product_tag?post=97225"}],"curies":[{"name":"wp","href":"https:\/\/api.w.org\/{rel}","templated":true}]}}