{"id":97223,"date":"2024-04-29T13:16:31","date_gmt":"2024-04-29T11:16:31","guid":{"rendered":"https:\/\/letrame.com\/catalogo\/producto\/el-sonido-de-la-limerencia\/"},"modified":"2024-08-16T13:04:06","modified_gmt":"2024-08-16T11:04:06","slug":"el-sonido-de-la-limerencia","status":"publish","type":"product","link":"https:\/\/letrame.com\/catalogo\/producto\/el-sonido-de-la-limerencia\/","title":{"rendered":"El sonido de la limerencia"},"content":{"rendered":"<div class=\"page\" title=\"Page 6\">\n<div class=\"layoutArea\">\n<div class=\"column\">\n<p><strong>ISBN<\/strong>: 978-84-1114-036-2<\/p>\n<\/div>\n<\/div>\n<\/div>\n<p><b>T\u00edtulo<\/b><span style=\"font-weight: 400;\">: El sonido de la limerencia<\/span><span style=\"font-weight: 400;\"><br \/>\n<\/span><b>Fecha<\/b><span style=\"font-weight: 400;\">: 2021<\/span><span style=\"font-weight: 400;\"><br \/>\n<\/span><b>P\u00e1ginas<\/b><span style=\"font-weight: 400;\">: 120<\/span><\/p>\n<p><b>SINOPSIS<\/b><\/p>\n<p><em>El sonido de la limerencia<\/em>\u00a0es un poemario de versos que te gritan para ser mojados. Una llave a lo que te escuece y te hace palpitar. Un espejo que te mira y te devuelve a la vida con el \u00fanico objetivo final de encender la limerencia, ese estado mental involuntario, propio de la atracci\u00f3n rom\u00e1ntica, que implica un deseo agudo por desatar el amor en la m\u00e1s arrogante demencia.<\/p>\n<p>Este libro es una oda a todo lo que te late.<\/p>\n<p>Cuidado no te destruya su onda expansiva.<\/p>\n<p>&nbsp;<\/p>\n<div class=\"page\" title=\"Page 6\">\n<div class=\"layoutArea\">\n<div class=\"column\">\n<h6>Disen_o de portada: Habiba Green @habibagreenillustration<\/h6>\n<\/div>\n<\/div>\n<\/div>\n","protected":false},"excerpt":{"rendered":"<div class=\"page\" title=\"Page 6\">\n<div class=\"layoutArea\">\n<div class=\"column\">\n<p><strong>ISBN: 978-84-1114-036-2<\/strong><\/p>\n<p><strong>SINOPSIS<\/strong><\/p>\n<p><em>El sonido de la limerencia<\/em>\u00a0es un poemario de versos que te gritan para ser mojados. Una llave a lo que te escuece y te hace palpitar. Un espejo que te mira y te devuelve a la vida con el \u00fanico objetivo final de encender la limerencia, ese estado mental involuntario, propio de la atracci\u00f3n rom\u00e1ntica, que implica un deseo agudo por desatar el amor en la m\u00e1s arrogante demencia.<\/p>\n<p>Este libro es una oda a todo lo que te late.<\/p>\n<p>Cuidado no te destruya su onda expansiva.<\/p>\n<\/div>\n<\/div>\n<\/div>\n","protected":false},"featured_media":97224,"comment_status":"closed","ping_status":"closed","template":"","meta":{"_acf_changed":false},"libro":[],"product_brand":[],"product_cat":[20],"product_tag":[],"class_list":{"0":"post-97223","1":"product","2":"type-product","3":"status-publish","4":"has-post-thumbnail","6":"product_cat-poesia","8":"first","9":"instock","10":"purchasable","11":"product-type-simple"},"acf":{"autor":[76517],"enlace_de_compra":"https:\/\/prepyus.com\/product\/libro-en-papel-el-sonido-de-la-limerencia\/"},"yoast_head":"<!-- This site is optimized with the Yoast SEO plugin v26.6 - https:\/\/yoast.com\/wordpress\/plugins\/seo\/ -->\n<title>El sonido de la limerencia - Catalogo | Letrame Grupo Editorial<\/title>\n<meta name=\"robots\" content=\"index, follow, max-snippet:-1, max-image-preview:large, max-video-preview:-1\" \/>\n<link rel=\"canonical\" href=\"https:\/\/letrame.com\/catalogo\/producto\/el-sonido-de-la-limerencia\/\" \/>\n<meta property=\"og:locale\" content=\"es_ES\" \/>\n<meta property=\"og:type\" content=\"article\" \/>\n<meta property=\"og:title\" content=\"El sonido de la limerencia - Catalogo | Letrame Grupo Editorial\" \/>\n<meta property=\"og:description\" content=\"ISBN: 978-84-1114-036-2  SINOPSIS  El sonido de la limerencia\u00a0es un poemario de versos que te gritan para ser mojados. Una llave a lo que te escuece y te hace palpitar. Un espejo que te mira y te devuelve a la vida con el \u00fanico objetivo final de encender la limerencia, ese estado mental involuntario, propio de la atracci\u00f3n rom\u00e1ntica, que implica un deseo agudo por desatar el amor en la m\u00e1s arrogante demencia.  Este libro es una oda a todo lo que te late.  Cuidado no te destruya su onda expansiva.\" \/>\n<meta property=\"og:url\" content=\"https:\/\/letrame.com\/catalogo\/producto\/el-sonido-de-la-limerencia\/\" \/>\n<meta property=\"og:site_name\" content=\"Catalogo | Letrame Grupo Editorial\" \/>\n<meta property=\"article:modified_time\" content=\"2024-08-16T11:04:06+00:00\" \/>\n<meta property=\"og:image\" content=\"https:\/\/letrame.com\/catalogo\/wp-content\/uploads\/2024\/04\/El-sonido-de-la-limerencia.jpeg\" \/>\n\t<meta property=\"og:image:width\" content=\"1594\" \/>\n\t<meta property=\"og:image:height\" content=\"2303\" \/>\n\t<meta property=\"og:image:type\" content=\"image\/jpeg\" \/>\n<meta name=\"twitter:card\" content=\"summary_large_image\" \/>\n<meta name=\"twitter:label1\" content=\"Tiempo de lectura\" \/>\n\t<meta name=\"twitter:data1\" content=\"1 minuto\" \/>\n<script type=\"application\/ld+json\" class=\"yoast-schema-graph\">{\"@context\":\"https:\/\/schema.org\",\"@graph\":[{\"@type\":\"WebPage\",\"@id\":\"https:\/\/letrame.com\/catalogo\/producto\/el-sonido-de-la-limerencia\/\",\"url\":\"https:\/\/letrame.com\/catalogo\/producto\/el-sonido-de-la-limerencia\/\",\"name\":\"El sonido de la limerencia - Catalogo | Letrame Grupo Editorial\",\"isPartOf\":{\"@id\":\"https:\/\/letrame.com\/catalogo\/#website\"},\"primaryImageOfPage\":{\"@id\":\"https:\/\/letrame.com\/catalogo\/producto\/el-sonido-de-la-limerencia\/#primaryimage\"},\"image\":{\"@id\":\"https:\/\/letrame.com\/catalogo\/producto\/el-sonido-de-la-limerencia\/#primaryimage\"},\"thumbnailUrl\":\"https:\/\/letrame.com\/catalogo\/wp-content\/uploads\/2024\/04\/El-sonido-de-la-limerencia.jpeg\",\"datePublished\":\"2024-04-29T11:16:31+00:00\",\"dateModified\":\"2024-08-16T11:04:06+00:00\",\"breadcrumb\":{\"@id\":\"https:\/\/letrame.com\/catalogo\/producto\/el-sonido-de-la-limerencia\/#breadcrumb\"},\"inLanguage\":\"es\",\"potentialAction\":[{\"@type\":\"ReadAction\",\"target\":[\"https:\/\/letrame.com\/catalogo\/producto\/el-sonido-de-la-limerencia\/\"]}]},{\"@type\":\"ImageObject\",\"inLanguage\":\"es\",\"@id\":\"https:\/\/letrame.com\/catalogo\/producto\/el-sonido-de-la-limerencia\/#primaryimage\",\"url\":\"https:\/\/letrame.com\/catalogo\/wp-content\/uploads\/2024\/04\/El-sonido-de-la-limerencia.jpeg\",\"contentUrl\":\"https:\/\/letrame.com\/catalogo\/wp-content\/uploads\/2024\/04\/El-sonido-de-la-limerencia.jpeg\",\"width\":1594,\"height\":2303},{\"@type\":\"BreadcrumbList\",\"@id\":\"https:\/\/letrame.com\/catalogo\/producto\/el-sonido-de-la-limerencia\/#breadcrumb\",\"itemListElement\":[{\"@type\":\"ListItem\",\"position\":1,\"name\":\"Portada\",\"item\":\"https:\/\/letrame.com\/catalogo\/\"},{\"@type\":\"ListItem\",\"position\":2,\"name\":\"Cat\u00e1logo\",\"item\":\"https:\/\/letrame.com\/catalogo\/\"},{\"@type\":\"ListItem\",\"position\":3,\"name\":\"El sonido de la limerencia\"}]},{\"@type\":\"WebSite\",\"@id\":\"https:\/\/letrame.com\/catalogo\/#website\",\"url\":\"https:\/\/letrame.com\/catalogo\/\",\"name\":\"Catalogo | Letrame Grupo Editorial\",\"description\":\"\",\"publisher\":{\"@id\":\"https:\/\/letrame.com\/catalogo\/#organization\"},\"potentialAction\":[{\"@type\":\"SearchAction\",\"target\":{\"@type\":\"EntryPoint\",\"urlTemplate\":\"https:\/\/letrame.com\/catalogo\/?s={search_term_string}\"},\"query-input\":{\"@type\":\"PropertyValueSpecification\",\"valueRequired\":true,\"valueName\":\"search_term_string\"}}],\"inLanguage\":\"es\"},{\"@type\":\"Organization\",\"@id\":\"https:\/\/letrame.com\/catalogo\/#organization\",\"name\":\"Catalogo | Letrame Grupo Editorial\",\"url\":\"https:\/\/letrame.com\/catalogo\/\",\"logo\":{\"@type\":\"ImageObject\",\"inLanguage\":\"es\",\"@id\":\"https:\/\/letrame.com\/catalogo\/#\/schema\/logo\/image\/\",\"url\":\"https:\/\/letrame.com\/catalogo\/wp-content\/uploads\/2024\/03\/logo2.webp\",\"contentUrl\":\"https:\/\/letrame.com\/catalogo\/wp-content\/uploads\/2024\/03\/logo2.webp\",\"width\":394,\"height\":128,\"caption\":\"Catalogo | Letrame Grupo Editorial\"},\"image\":{\"@id\":\"https:\/\/letrame.com\/catalogo\/#\/schema\/logo\/image\/\"}}]}<\/script>\n<!-- \/ Yoast SEO plugin. -->","yoast_head_json":{"title":"El sonido de la limerencia - Catalogo | Letrame Grupo Editorial","robots":{"index":"index","follow":"follow","max-snippet":"max-snippet:-1","max-image-preview":"max-image-preview:large","max-video-preview":"max-video-preview:-1"},"canonical":"https:\/\/letrame.com\/catalogo\/producto\/el-sonido-de-la-limerencia\/","og_locale":"es_ES","og_type":"article","og_title":"El sonido de la limerencia - Catalogo | Letrame Grupo Editorial","og_description":"ISBN: 978-84-1114-036-2  SINOPSIS  El sonido de la limerencia\u00a0es un poemario de versos que te gritan para ser mojados. Una llave a lo que te escuece y te hace palpitar. Un espejo que te mira y te devuelve a la vida con el \u00fanico objetivo final de encender la limerencia, ese estado mental involuntario, propio de la atracci\u00f3n rom\u00e1ntica, que implica un deseo agudo por desatar el amor en la m\u00e1s arrogante demencia.  Este libro es una oda a todo lo que te late.  Cuidado no te destruya su onda expansiva.","og_url":"https:\/\/letrame.com\/catalogo\/producto\/el-sonido-de-la-limerencia\/","og_site_name":"Catalogo | Letrame Grupo Editorial","article_modified_time":"2024-08-16T11:04:06+00:00","og_image":[{"width":1594,"height":2303,"url":"https:\/\/letrame.com\/catalogo\/wp-content\/uploads\/2024\/04\/El-sonido-de-la-limerencia.jpeg","type":"image\/jpeg"}],"twitter_card":"summary_large_image","twitter_misc":{"Tiempo de lectura":"1 minuto"},"schema":{"@context":"https:\/\/schema.org","@graph":[{"@type":"WebPage","@id":"https:\/\/letrame.com\/catalogo\/producto\/el-sonido-de-la-limerencia\/","url":"https:\/\/letrame.com\/catalogo\/producto\/el-sonido-de-la-limerencia\/","name":"El sonido de la limerencia - Catalogo | Letrame Grupo Editorial","isPartOf":{"@id":"https:\/\/letrame.com\/catalogo\/#website"},"primaryImageOfPage":{"@id":"https:\/\/letrame.com\/catalogo\/producto\/el-sonido-de-la-limerencia\/#primaryimage"},"image":{"@id":"https:\/\/letrame.com\/catalogo\/producto\/el-sonido-de-la-limerencia\/#primaryimage"},"thumbnailUrl":"https:\/\/letrame.com\/catalogo\/wp-content\/uploads\/2024\/04\/El-sonido-de-la-limerencia.jpeg","datePublished":"2024-04-29T11:16:31+00:00","dateModified":"2024-08-16T11:04:06+00:00","breadcrumb":{"@id":"https:\/\/letrame.com\/catalogo\/producto\/el-sonido-de-la-limerencia\/#breadcrumb"},"inLanguage":"es","potentialAction":[{"@type":"ReadAction","target":["https:\/\/letrame.com\/catalogo\/producto\/el-sonido-de-la-limerencia\/"]}]},{"@type":"ImageObject","inLanguage":"es","@id":"https:\/\/letrame.com\/catalogo\/producto\/el-sonido-de-la-limerencia\/#primaryimage","url":"https:\/\/letrame.com\/catalogo\/wp-content\/uploads\/2024\/04\/El-sonido-de-la-limerencia.jpeg","contentUrl":"https:\/\/letrame.com\/catalogo\/wp-content\/uploads\/2024\/04\/El-sonido-de-la-limerencia.jpeg","width":1594,"height":2303},{"@type":"BreadcrumbList","@id":"https:\/\/letrame.com\/catalogo\/producto\/el-sonido-de-la-limerencia\/#breadcrumb","itemListElement":[{"@type":"ListItem","position":1,"name":"Portada","item":"https:\/\/letrame.com\/catalogo\/"},{"@type":"ListItem","position":2,"name":"Cat\u00e1logo","item":"https:\/\/letrame.com\/catalogo\/"},{"@type":"ListItem","position":3,"name":"El sonido de la limerencia"}]},{"@type":"WebSite","@id":"https:\/\/letrame.com\/catalogo\/#website","url":"https:\/\/letrame.com\/catalogo\/","name":"Catalogo | Letrame Grupo Editorial","description":"","publisher":{"@id":"https:\/\/letrame.com\/catalogo\/#organization"},"potentialAction":[{"@type":"SearchAction","target":{"@type":"EntryPoint","urlTemplate":"https:\/\/letrame.com\/catalogo\/?s={search_term_string}"},"query-input":{"@type":"PropertyValueSpecification","valueRequired":true,"valueName":"search_term_string"}}],"inLanguage":"es"},{"@type":"Organization","@id":"https:\/\/letrame.com\/catalogo\/#organization","name":"Catalogo | Letrame Grupo Editorial","url":"https:\/\/letrame.com\/catalogo\/","logo":{"@type":"ImageObject","inLanguage":"es","@id":"https:\/\/letrame.com\/catalogo\/#\/schema\/logo\/image\/","url":"https:\/\/letrame.com\/catalogo\/wp-content\/uploads\/2024\/03\/logo2.webp","contentUrl":"https:\/\/letrame.com\/catalogo\/wp-content\/uploads\/2024\/03\/logo2.webp","width":394,"height":128,"caption":"Catalogo | Letrame Grupo Editorial"},"image":{"@id":"https:\/\/letrame.com\/catalogo\/#\/schema\/logo\/image\/"}}]}},"_links":{"self":[{"href":"https:\/\/letrame.com\/catalogo\/wp-json\/wp\/v2\/product\/97223","targetHints":{"allow":["GET"]}}],"collection":[{"href":"https:\/\/letrame.com\/catalogo\/wp-json\/wp\/v2\/product"}],"about":[{"href":"https:\/\/letrame.com\/catalogo\/wp-json\/wp\/v2\/types\/product"}],"replies":[{"embeddable":true,"href":"https:\/\/letrame.com\/catalogo\/wp-json\/wp\/v2\/comments?post=97223"}],"acf:post":[{"embeddable":true,"href":"https:\/\/letrame.com\/catalogo\/wp-json\/wp\/v2\/author_book\/76517"}],"wp:featuredmedia":[{"embeddable":true,"href":"https:\/\/letrame.com\/catalogo\/wp-json\/wp\/v2\/media\/97224"}],"wp:attachment":[{"href":"https:\/\/letrame.com\/catalogo\/wp-json\/wp\/v2\/media?parent=97223"}],"wp:term":[{"taxonomy":"libro","embeddable":true,"href":"https:\/\/letrame.com\/catalogo\/wp-json\/wp\/v2\/libro?post=97223"},{"taxonomy":"product_brand","embeddable":true,"href":"https:\/\/letrame.com\/catalogo\/wp-json\/wp\/v2\/product_brand?post=97223"},{"taxonomy":"product_cat","embeddable":true,"href":"https:\/\/letrame.com\/catalogo\/wp-json\/wp\/v2\/product_cat?post=97223"},{"taxonomy":"product_tag","embeddable":true,"href":"https:\/\/letrame.com\/catalogo\/wp-json\/wp\/v2\/product_tag?post=97223"}],"curies":[{"name":"wp","href":"https:\/\/api.w.org\/{rel}","templated":true}]}}