{"id":97216,"date":"2024-04-29T13:15:33","date_gmt":"2024-04-29T11:15:33","guid":{"rendered":"https:\/\/letrame.com\/catalogo\/producto\/la-heredera-de-los-cinco-soles\/"},"modified":"2024-08-16T13:10:37","modified_gmt":"2024-08-16T11:10:37","slug":"la-heredera-de-los-cinco-soles","status":"publish","type":"product","link":"https:\/\/letrame.com\/catalogo\/producto\/la-heredera-de-los-cinco-soles\/","title":{"rendered":"La heredera de los cinco soles"},"content":{"rendered":"<div class=\"page\" title=\"Page 6\">\n<div class=\"layoutArea\">\n<div class=\"column\">\n<p><strong>ISBN: 978-84-1114-139-0<\/strong><\/p>\n<\/div>\n<\/div>\n<\/div>\n<p><b>T\u00edtulo<\/b><span style=\"font-weight: 400;\">: <span data-sheets-value=\"{&quot;1&quot;:2,&quot;2&quot;:&quot;La heredera de los cinco soles&quot;}\" data-sheets-userformat=\"{&quot;2&quot;:579,&quot;3&quot;:{&quot;1&quot;:0},&quot;4&quot;:{&quot;1&quot;:2,&quot;2&quot;:14281427},&quot;9&quot;:1,&quot;12&quot;:0}\">La heredera de los cinco soles<\/span><\/span><span style=\"font-weight: 400;\"><br \/>\n<\/span><b>Fecha<\/b><span style=\"font-weight: 400;\">: 2021<\/span><span style=\"font-weight: 400;\"><br \/>\n<\/span><b>P\u00e1ginas<\/b><span style=\"font-weight: 400;\">: 372<\/span><\/p>\n<p><b>SINOPSIS<\/b><\/p>\n<p>Solo conociendo su pasado podr\u00e1 encontrarse a si misma.<\/p>\n<p>El matrimonio ingl\u00e9s Parker vive con su \u00fanica hija, Anya,\u00a0 en un pr\u00f3spero campo, en un haras, en la provincia de Buenos Aires.<\/p>\n<p>Se dedican a la crianza y exportaci\u00f3n\u00a0 de caballos\u00a0 de polo.<\/p>\n<p>Cuando la ni\u00f1a tiene nueve a\u00f1os, un incendio durante la gran fiesta en la casona de hu\u00e9spedes de la estancia acaba con la vida de su padre. Su madre desolada decide volver a Windsor, Inglaterra, su sitio natal con la peque\u00f1a .<\/p>\n<p>Solas tienen que reiniciar su vida con todo el dolor que supuso la p\u00e9rdida del ser querido y del sitio donde hab\u00edan vivido tiempos felices.<\/p>\n<p>A\u00f1os m\u00e1s tarde, Anya, \u00a0convertida en una bella joven, decide retornar a la estancia a reclamar su herencia pero sobre todo a reencontrarse con sus ra\u00edces.<\/p>\n<p>All\u00ed reforma y reabre la casa, descubre secretos que nunca le hab\u00edan sido contados y se embarca en la b\u00fasqueda de un tesoro que le hab\u00eda dejado su padre.<\/p>\n<p>Esta decisi\u00f3n la conduce a un mundo desconocido, encuentra mucho m\u00e1s que sus tierras. Comprende que todo lo pasado forma parte de nuestras vidas, que a veces las despedidas son necesarias para marcar el comienzo de una nueva etapa y, en especial, que el amor verdadero es m\u00e1s fuerte que el tiempo y la distancia y que nos acompa\u00f1a siempre.<\/p>\n<p>Vidas que se entrelazan, secretos desvelados, historias de amor y desamor.<\/p>\n<p>Una novela envolvente y apasionante sobre c\u00f3mo el pasado puede cambiar el presente para siempre.<\/p>\n<p>&nbsp;<\/p>\n","protected":false},"excerpt":{"rendered":"<div class=\"page\" title=\"Page 6\">\n<div class=\"layoutArea\">\n<div class=\"column\">\n<p><strong>ISBN: 978-84-1114-139-0<\/strong><\/p>\n<p>Solo conociendo su pasado podr\u00e1 encontrarse a si misma.<\/p>\n<p>El matrimonio ingl\u00e9s Parker vive con su \u00fanica hija, Anya,\u00a0 en un pr\u00f3spero campo, en un haras, en la provincia de Buenos Aires.<\/p>\n<p>Se dedican a la crianza y exportaci\u00f3n\u00a0 de caballos\u00a0 de polo.<\/p>\n<p>Cuando la ni\u00f1a tiene nueve a\u00f1os, un incendio durante la gran fiesta en la casona de hu\u00e9spedes de la estancia acaba con la vida de su padre. Su madre desolada decide volver a Windsor, Inglaterra, su sitio natal con la peque\u00f1a .<\/p>\n<p>Solas tienen que reiniciar su vida con todo el dolor que supuso la p\u00e9rdida del ser querido y del sitio donde hab\u00edan vivido tiempos felices.<\/p>\n<p>A\u00f1os m\u00e1s tarde, Anya, \u00a0convertida en una bella joven, decide retornar a la estancia a reclamar su herencia pero sobre todo a reencontrarse con sus ra\u00edces.<\/p>\n<p>All\u00ed reforma y reabre la casa, descubre secretos que nunca le hab\u00edan sido contados y se embarca en la b\u00fasqueda de un tesoro que le hab\u00eda dejado su padre.<\/p>\n<p>Esta decisi\u00f3n la conduce a un mundo desconocido, encuentra mucho m\u00e1s que sus tierras. Comprende que todo lo pasado forma parte de nuestras vidas, que a veces las despedidas son necesarias para marcar el comienzo de una nueva etapa y, en especial, que el amor verdadero es m\u00e1s fuerte que el tiempo y la distancia y que nos acompa\u00f1a siempre.<\/p>\n<p>Vidas que se entrelazan, secretos desvelados, historias de amor y desamor.<\/p>\n<p>Una novela envolvente y apasionante sobre c\u00f3mo el pasado puede cambiar el presente para siempre.<\/p>\n<\/div>\n<\/div>\n<\/div>\n","protected":false},"featured_media":97217,"comment_status":"closed","ping_status":"closed","template":"","meta":{"_acf_changed":false},"libro":[],"product_brand":[],"product_cat":[16],"product_tag":[],"class_list":{"0":"post-97216","1":"product","2":"type-product","3":"status-publish","4":"has-post-thumbnail","6":"product_cat-novela","8":"first","9":"instock","10":"purchasable","11":"product-type-simple"},"acf":{"autor":[75826],"enlace_de_compra":"https:\/\/amzn.to\/3Z5T4Xx"},"yoast_head":"<!-- This site is optimized with the Yoast SEO plugin v26.6 - https:\/\/yoast.com\/wordpress\/plugins\/seo\/ -->\n<title>La heredera de los cinco soles - Catalogo | Letrame Grupo Editorial<\/title>\n<meta name=\"robots\" content=\"index, follow, max-snippet:-1, max-image-preview:large, max-video-preview:-1\" \/>\n<link rel=\"canonical\" href=\"https:\/\/letrame.com\/catalogo\/producto\/la-heredera-de-los-cinco-soles\/\" \/>\n<meta property=\"og:locale\" content=\"es_ES\" \/>\n<meta property=\"og:type\" content=\"article\" \/>\n<meta property=\"og:title\" content=\"La heredera de los cinco soles - Catalogo | Letrame Grupo Editorial\" \/>\n<meta property=\"og:description\" content=\"ISBN: 978-84-1114-139-0  Solo conociendo su pasado podr\u00e1 encontrarse a si misma.  El matrimonio ingl\u00e9s Parker vive con su \u00fanica hija, Anya,\u00a0 en un pr\u00f3spero campo, en un haras, en la provincia de Buenos Aires.  Se dedican a la crianza y exportaci\u00f3n\u00a0 de caballos\u00a0 de polo.  Cuando la ni\u00f1a tiene nueve a\u00f1os, un incendio durante la gran fiesta en la casona de hu\u00e9spedes de la estancia acaba con la vida de su padre. Su madre desolada decide volver a Windsor, Inglaterra, su sitio natal con la peque\u00f1a .  Solas tienen que reiniciar su vida con todo el dolor que supuso la p\u00e9rdida del ser querido y del sitio donde hab\u00edan vivido tiempos felices.  A\u00f1os m\u00e1s tarde, Anya, \u00a0convertida en una bella joven, decide retornar a la estancia a reclamar su herencia pero sobre todo a reencontrarse con sus ra\u00edces.  All\u00ed reforma y reabre la casa, descubre secretos que nunca le hab\u00edan sido contados y se embarca en la b\u00fasqueda de un tesoro que le hab\u00eda dejado su padre.  Esta decisi\u00f3n la conduce a un mundo desconocido, encuentra mucho m\u00e1s que sus tierras. Comprende que todo lo pasado forma parte de nuestras vidas, que a veces las despedidas son necesarias para marcar el comienzo de una nueva etapa y, en especial, que el amor verdadero es m\u00e1s fuerte que el tiempo y la distancia y que nos acompa\u00f1a siempre.  Vidas que se entrelazan, secretos desvelados, historias de amor y desamor.  Una novela envolvente y apasionante sobre c\u00f3mo el pasado puede cambiar el presente para siempre.\" \/>\n<meta property=\"og:url\" content=\"https:\/\/letrame.com\/catalogo\/producto\/la-heredera-de-los-cinco-soles\/\" \/>\n<meta property=\"og:site_name\" content=\"Catalogo | Letrame Grupo Editorial\" \/>\n<meta property=\"article:modified_time\" content=\"2024-08-16T11:10:37+00:00\" \/>\n<meta property=\"og:image\" content=\"https:\/\/letrame.com\/catalogo\/wp-content\/uploads\/2024\/04\/LA-HEREDERA-DE-LOS-CINCO-SOLES-scaled-1.jpeg\" \/>\n\t<meta property=\"og:image:width\" content=\"1746\" \/>\n\t<meta property=\"og:image:height\" content=\"2560\" \/>\n\t<meta property=\"og:image:type\" content=\"image\/jpeg\" \/>\n<meta name=\"twitter:card\" content=\"summary_large_image\" \/>\n<meta name=\"twitter:label1\" content=\"Tiempo de lectura\" \/>\n\t<meta name=\"twitter:data1\" content=\"2 minutos\" \/>\n<script type=\"application\/ld+json\" class=\"yoast-schema-graph\">{\"@context\":\"https:\/\/schema.org\",\"@graph\":[{\"@type\":\"WebPage\",\"@id\":\"https:\/\/letrame.com\/catalogo\/producto\/la-heredera-de-los-cinco-soles\/\",\"url\":\"https:\/\/letrame.com\/catalogo\/producto\/la-heredera-de-los-cinco-soles\/\",\"name\":\"La heredera de los cinco soles - Catalogo | Letrame Grupo Editorial\",\"isPartOf\":{\"@id\":\"https:\/\/letrame.com\/catalogo\/#website\"},\"primaryImageOfPage\":{\"@id\":\"https:\/\/letrame.com\/catalogo\/producto\/la-heredera-de-los-cinco-soles\/#primaryimage\"},\"image\":{\"@id\":\"https:\/\/letrame.com\/catalogo\/producto\/la-heredera-de-los-cinco-soles\/#primaryimage\"},\"thumbnailUrl\":\"https:\/\/letrame.com\/catalogo\/wp-content\/uploads\/2024\/04\/LA-HEREDERA-DE-LOS-CINCO-SOLES-scaled-1.jpeg\",\"datePublished\":\"2024-04-29T11:15:33+00:00\",\"dateModified\":\"2024-08-16T11:10:37+00:00\",\"breadcrumb\":{\"@id\":\"https:\/\/letrame.com\/catalogo\/producto\/la-heredera-de-los-cinco-soles\/#breadcrumb\"},\"inLanguage\":\"es\",\"potentialAction\":[{\"@type\":\"ReadAction\",\"target\":[\"https:\/\/letrame.com\/catalogo\/producto\/la-heredera-de-los-cinco-soles\/\"]}]},{\"@type\":\"ImageObject\",\"inLanguage\":\"es\",\"@id\":\"https:\/\/letrame.com\/catalogo\/producto\/la-heredera-de-los-cinco-soles\/#primaryimage\",\"url\":\"https:\/\/letrame.com\/catalogo\/wp-content\/uploads\/2024\/04\/LA-HEREDERA-DE-LOS-CINCO-SOLES-scaled-1.jpeg\",\"contentUrl\":\"https:\/\/letrame.com\/catalogo\/wp-content\/uploads\/2024\/04\/LA-HEREDERA-DE-LOS-CINCO-SOLES-scaled-1.jpeg\",\"width\":1746,\"height\":2560},{\"@type\":\"BreadcrumbList\",\"@id\":\"https:\/\/letrame.com\/catalogo\/producto\/la-heredera-de-los-cinco-soles\/#breadcrumb\",\"itemListElement\":[{\"@type\":\"ListItem\",\"position\":1,\"name\":\"Portada\",\"item\":\"https:\/\/letrame.com\/catalogo\/\"},{\"@type\":\"ListItem\",\"position\":2,\"name\":\"Cat\u00e1logo\",\"item\":\"https:\/\/letrame.com\/catalogo\/\"},{\"@type\":\"ListItem\",\"position\":3,\"name\":\"La heredera de los cinco soles\"}]},{\"@type\":\"WebSite\",\"@id\":\"https:\/\/letrame.com\/catalogo\/#website\",\"url\":\"https:\/\/letrame.com\/catalogo\/\",\"name\":\"Catalogo | Letrame Grupo Editorial\",\"description\":\"\",\"publisher\":{\"@id\":\"https:\/\/letrame.com\/catalogo\/#organization\"},\"potentialAction\":[{\"@type\":\"SearchAction\",\"target\":{\"@type\":\"EntryPoint\",\"urlTemplate\":\"https:\/\/letrame.com\/catalogo\/?s={search_term_string}\"},\"query-input\":{\"@type\":\"PropertyValueSpecification\",\"valueRequired\":true,\"valueName\":\"search_term_string\"}}],\"inLanguage\":\"es\"},{\"@type\":\"Organization\",\"@id\":\"https:\/\/letrame.com\/catalogo\/#organization\",\"name\":\"Catalogo | Letrame Grupo Editorial\",\"url\":\"https:\/\/letrame.com\/catalogo\/\",\"logo\":{\"@type\":\"ImageObject\",\"inLanguage\":\"es\",\"@id\":\"https:\/\/letrame.com\/catalogo\/#\/schema\/logo\/image\/\",\"url\":\"https:\/\/letrame.com\/catalogo\/wp-content\/uploads\/2024\/03\/logo2.webp\",\"contentUrl\":\"https:\/\/letrame.com\/catalogo\/wp-content\/uploads\/2024\/03\/logo2.webp\",\"width\":394,\"height\":128,\"caption\":\"Catalogo | Letrame Grupo Editorial\"},\"image\":{\"@id\":\"https:\/\/letrame.com\/catalogo\/#\/schema\/logo\/image\/\"}}]}<\/script>\n<!-- \/ Yoast SEO plugin. -->","yoast_head_json":{"title":"La heredera de los cinco soles - Catalogo | Letrame Grupo Editorial","robots":{"index":"index","follow":"follow","max-snippet":"max-snippet:-1","max-image-preview":"max-image-preview:large","max-video-preview":"max-video-preview:-1"},"canonical":"https:\/\/letrame.com\/catalogo\/producto\/la-heredera-de-los-cinco-soles\/","og_locale":"es_ES","og_type":"article","og_title":"La heredera de los cinco soles - Catalogo | Letrame Grupo Editorial","og_description":"ISBN: 978-84-1114-139-0  Solo conociendo su pasado podr\u00e1 encontrarse a si misma.  El matrimonio ingl\u00e9s Parker vive con su \u00fanica hija, Anya,\u00a0 en un pr\u00f3spero campo, en un haras, en la provincia de Buenos Aires.  Se dedican a la crianza y exportaci\u00f3n\u00a0 de caballos\u00a0 de polo.  Cuando la ni\u00f1a tiene nueve a\u00f1os, un incendio durante la gran fiesta en la casona de hu\u00e9spedes de la estancia acaba con la vida de su padre. Su madre desolada decide volver a Windsor, Inglaterra, su sitio natal con la peque\u00f1a .  Solas tienen que reiniciar su vida con todo el dolor que supuso la p\u00e9rdida del ser querido y del sitio donde hab\u00edan vivido tiempos felices.  A\u00f1os m\u00e1s tarde, Anya, \u00a0convertida en una bella joven, decide retornar a la estancia a reclamar su herencia pero sobre todo a reencontrarse con sus ra\u00edces.  All\u00ed reforma y reabre la casa, descubre secretos que nunca le hab\u00edan sido contados y se embarca en la b\u00fasqueda de un tesoro que le hab\u00eda dejado su padre.  Esta decisi\u00f3n la conduce a un mundo desconocido, encuentra mucho m\u00e1s que sus tierras. Comprende que todo lo pasado forma parte de nuestras vidas, que a veces las despedidas son necesarias para marcar el comienzo de una nueva etapa y, en especial, que el amor verdadero es m\u00e1s fuerte que el tiempo y la distancia y que nos acompa\u00f1a siempre.  Vidas que se entrelazan, secretos desvelados, historias de amor y desamor.  Una novela envolvente y apasionante sobre c\u00f3mo el pasado puede cambiar el presente para siempre.","og_url":"https:\/\/letrame.com\/catalogo\/producto\/la-heredera-de-los-cinco-soles\/","og_site_name":"Catalogo | Letrame Grupo Editorial","article_modified_time":"2024-08-16T11:10:37+00:00","og_image":[{"width":1746,"height":2560,"url":"https:\/\/letrame.com\/catalogo\/wp-content\/uploads\/2024\/04\/LA-HEREDERA-DE-LOS-CINCO-SOLES-scaled-1.jpeg","type":"image\/jpeg"}],"twitter_card":"summary_large_image","twitter_misc":{"Tiempo de lectura":"2 minutos"},"schema":{"@context":"https:\/\/schema.org","@graph":[{"@type":"WebPage","@id":"https:\/\/letrame.com\/catalogo\/producto\/la-heredera-de-los-cinco-soles\/","url":"https:\/\/letrame.com\/catalogo\/producto\/la-heredera-de-los-cinco-soles\/","name":"La heredera de los cinco soles - Catalogo | Letrame Grupo Editorial","isPartOf":{"@id":"https:\/\/letrame.com\/catalogo\/#website"},"primaryImageOfPage":{"@id":"https:\/\/letrame.com\/catalogo\/producto\/la-heredera-de-los-cinco-soles\/#primaryimage"},"image":{"@id":"https:\/\/letrame.com\/catalogo\/producto\/la-heredera-de-los-cinco-soles\/#primaryimage"},"thumbnailUrl":"https:\/\/letrame.com\/catalogo\/wp-content\/uploads\/2024\/04\/LA-HEREDERA-DE-LOS-CINCO-SOLES-scaled-1.jpeg","datePublished":"2024-04-29T11:15:33+00:00","dateModified":"2024-08-16T11:10:37+00:00","breadcrumb":{"@id":"https:\/\/letrame.com\/catalogo\/producto\/la-heredera-de-los-cinco-soles\/#breadcrumb"},"inLanguage":"es","potentialAction":[{"@type":"ReadAction","target":["https:\/\/letrame.com\/catalogo\/producto\/la-heredera-de-los-cinco-soles\/"]}]},{"@type":"ImageObject","inLanguage":"es","@id":"https:\/\/letrame.com\/catalogo\/producto\/la-heredera-de-los-cinco-soles\/#primaryimage","url":"https:\/\/letrame.com\/catalogo\/wp-content\/uploads\/2024\/04\/LA-HEREDERA-DE-LOS-CINCO-SOLES-scaled-1.jpeg","contentUrl":"https:\/\/letrame.com\/catalogo\/wp-content\/uploads\/2024\/04\/LA-HEREDERA-DE-LOS-CINCO-SOLES-scaled-1.jpeg","width":1746,"height":2560},{"@type":"BreadcrumbList","@id":"https:\/\/letrame.com\/catalogo\/producto\/la-heredera-de-los-cinco-soles\/#breadcrumb","itemListElement":[{"@type":"ListItem","position":1,"name":"Portada","item":"https:\/\/letrame.com\/catalogo\/"},{"@type":"ListItem","position":2,"name":"Cat\u00e1logo","item":"https:\/\/letrame.com\/catalogo\/"},{"@type":"ListItem","position":3,"name":"La heredera de los cinco soles"}]},{"@type":"WebSite","@id":"https:\/\/letrame.com\/catalogo\/#website","url":"https:\/\/letrame.com\/catalogo\/","name":"Catalogo | Letrame Grupo Editorial","description":"","publisher":{"@id":"https:\/\/letrame.com\/catalogo\/#organization"},"potentialAction":[{"@type":"SearchAction","target":{"@type":"EntryPoint","urlTemplate":"https:\/\/letrame.com\/catalogo\/?s={search_term_string}"},"query-input":{"@type":"PropertyValueSpecification","valueRequired":true,"valueName":"search_term_string"}}],"inLanguage":"es"},{"@type":"Organization","@id":"https:\/\/letrame.com\/catalogo\/#organization","name":"Catalogo | Letrame Grupo Editorial","url":"https:\/\/letrame.com\/catalogo\/","logo":{"@type":"ImageObject","inLanguage":"es","@id":"https:\/\/letrame.com\/catalogo\/#\/schema\/logo\/image\/","url":"https:\/\/letrame.com\/catalogo\/wp-content\/uploads\/2024\/03\/logo2.webp","contentUrl":"https:\/\/letrame.com\/catalogo\/wp-content\/uploads\/2024\/03\/logo2.webp","width":394,"height":128,"caption":"Catalogo | Letrame Grupo Editorial"},"image":{"@id":"https:\/\/letrame.com\/catalogo\/#\/schema\/logo\/image\/"}}]}},"_links":{"self":[{"href":"https:\/\/letrame.com\/catalogo\/wp-json\/wp\/v2\/product\/97216","targetHints":{"allow":["GET"]}}],"collection":[{"href":"https:\/\/letrame.com\/catalogo\/wp-json\/wp\/v2\/product"}],"about":[{"href":"https:\/\/letrame.com\/catalogo\/wp-json\/wp\/v2\/types\/product"}],"replies":[{"embeddable":true,"href":"https:\/\/letrame.com\/catalogo\/wp-json\/wp\/v2\/comments?post=97216"}],"acf:post":[{"embeddable":true,"href":"https:\/\/letrame.com\/catalogo\/wp-json\/wp\/v2\/author_book\/75826"}],"wp:featuredmedia":[{"embeddable":true,"href":"https:\/\/letrame.com\/catalogo\/wp-json\/wp\/v2\/media\/97217"}],"wp:attachment":[{"href":"https:\/\/letrame.com\/catalogo\/wp-json\/wp\/v2\/media?parent=97216"}],"wp:term":[{"taxonomy":"libro","embeddable":true,"href":"https:\/\/letrame.com\/catalogo\/wp-json\/wp\/v2\/libro?post=97216"},{"taxonomy":"product_brand","embeddable":true,"href":"https:\/\/letrame.com\/catalogo\/wp-json\/wp\/v2\/product_brand?post=97216"},{"taxonomy":"product_cat","embeddable":true,"href":"https:\/\/letrame.com\/catalogo\/wp-json\/wp\/v2\/product_cat?post=97216"},{"taxonomy":"product_tag","embeddable":true,"href":"https:\/\/letrame.com\/catalogo\/wp-json\/wp\/v2\/product_tag?post=97216"}],"curies":[{"name":"wp","href":"https:\/\/api.w.org\/{rel}","templated":true}]}}