{"id":97210,"date":"2024-04-29T13:14:31","date_gmt":"2024-04-29T11:14:31","guid":{"rendered":"https:\/\/letrame.com\/catalogo\/producto\/mares-de-sangre-i-desamparo\/"},"modified":"2024-04-29T13:14:31","modified_gmt":"2024-04-29T11:14:31","slug":"mares-de-sangre-i-desamparo","status":"publish","type":"product","link":"https:\/\/letrame.com\/catalogo\/producto\/mares-de-sangre-i-desamparo\/","title":{"rendered":"Mares de sangre I. Desamparo"},"content":{"rendered":"<div class=\"page\" title=\"Page 6\">\n<div class=\"layoutArea\">\n<div class=\"column\">\n<div class=\"page\" title=\"Page 6\">\n<div class=\"layoutArea\">\n<div class=\"column\">\n<p><strong>ISBN: 978-84-1114-077-5<\/strong><\/p>\n<\/div>\n<\/div>\n<\/div>\n<p><b>T\u00edtulo<\/b><span style=\"font-weight: 400;\">: Mares de sangre I. Desamparo<\/span><span style=\"font-weight: 400;\"><br \/>\n<\/span><b>Fecha<\/b><span style=\"font-weight: 400;\">: 2021<\/span><span style=\"font-weight: 400;\"><br \/>\n<\/span><b>P\u00e1ginas<\/b><span style=\"font-weight: 400;\">: 418<\/span><\/p>\n<p><b>SINOPSIS<\/b><\/p>\n<\/div>\n<\/div>\n<\/div>\n<p>Una maldici\u00f3n familiar gener\u00f3 el desfase de la magia. La guerra contra una oscura vampira se ha llevado bastantes vidas, donde algunos renacen como vampiros. Separarse de sus hijos es lo mejor que pueden hacer para mantenerlos lejos de esta disputa ancestral, la que, de igual forma, los perseguir\u00e1 sin importar donde se encuentren. Luzbella, una joven hu\u00e9rfana que ha crecido en la casa de sus padrinos, terminar\u00e1 sumergida en la magia de la que su t\u00edo ha querido apartarla. Durante sus a\u00f1os de adolescencia conocer\u00e1 a Enrique y se enamorar\u00e1n, comenzando una tierna y especial historia de amor. Esta relaci\u00f3n ir\u00e1 creciendo junto a sus convicciones, en un intento por mantenerse unidos pese a la adversidad que los ronda. Luzbella y Enrique viajar\u00e1n por insondables caminos repletos de extra\u00f1os sucesos que van ligados a esta sangrienta historia familiar, llena de magia y misterios, vampiros y demonios; donde seres sombr\u00edos est\u00e1n dispuestos a llevar a cabo sus macabros planes de venganza, sin importar el costo humano involucrado.<\/p>\n","protected":false},"excerpt":{"rendered":"<div class=\"page\" title=\"Page 6\">\n<div class=\"layoutArea\">\n<div class=\"column\">\n<div class=\"page\" title=\"Page 6\">\n<div class=\"layoutArea\">\n<div class=\"column\">\n<p><strong>ISBN: 978-84-1114-077-5<\/strong><\/p>\n<\/div>\n<\/div>\n<\/div>\n<\/div>\n<\/div>\n<\/div>\n<p>Una maldici\u00f3n familiar gener\u00f3 el desfase de la magia. La guerra contra una oscura vampira se ha llevado bastantes vidas, donde algunos renacen como vampiros. Separarse de sus hijos es lo mejor que pueden hacer para mantenerlos lejos de esta disputa ancestral, la que, de igual forma, los perseguir\u00e1 sin importar donde se encuentren. Luzbella, una joven hu\u00e9rfana que ha crecido en la casa de sus padrinos, terminar\u00e1 sumergida en la magia de la que su t\u00edo ha querido apartarla. Durante sus a\u00f1os de adolescencia conocer\u00e1 a Enrique y se enamorar\u00e1n, comenzando una tierna y especial historia de amor. Esta relaci\u00f3n ir\u00e1 creciendo junto a sus convicciones, en un intento por mantenerse unidos pese a la adversidad que los ronda. Luzbella y Enrique viajar\u00e1n por insondables caminos repletos de extra\u00f1os sucesos que van ligados a esta sangrienta historia familiar, llena de magia y misterios, vampiros y demonios; donde seres sombr\u00edos est\u00e1n dispuestos a llevar a cabo sus macabros planes de venganza, sin importar el costo humano involucrado.<\/p>\n","protected":false},"featured_media":97211,"comment_status":"closed","ping_status":"open","template":"","meta":{"_acf_changed":false},"libro":[],"product_brand":[],"product_cat":[16],"product_tag":[],"class_list":{"0":"post-97210","1":"product","2":"type-product","3":"status-publish","4":"has-post-thumbnail","6":"product_cat-novela","8":"first","9":"instock","10":"purchasable","11":"product-type-simple"},"acf":{"autor":[75099],"enlace_de_compra":"https:\/\/www.amazon.es\/Mares-sangre-Desamparo-Dairana-Ciradel\/dp\/8411140776\/ref=sr_1_1?__mk_es_ES=%C3%85M%C3%85%C5%BD%C3%95%C3%91&amp;dchild=1&amp;keywords=Letrame+S.L.+mares+de+sangre&amp;qid=1634722019&amp;sr=8-1"},"yoast_head":"<!-- This site is optimized with the Yoast SEO plugin v27.4 - https:\/\/yoast.com\/product\/yoast-seo-wordpress\/ -->\n<title>Mares de sangre I. Desamparo - Catalogo | Letrame Grupo Editorial<\/title>\n<meta name=\"robots\" content=\"index, follow, max-snippet:-1, max-image-preview:large, max-video-preview:-1\" \/>\n<link rel=\"canonical\" href=\"https:\/\/letrame.com\/catalogo\/producto\/mares-de-sangre-i-desamparo\/\" \/>\n<meta property=\"og:locale\" content=\"es_ES\" \/>\n<meta property=\"og:type\" content=\"article\" \/>\n<meta property=\"og:title\" content=\"Mares de sangre I. Desamparo - Catalogo | Letrame Grupo Editorial\" \/>\n<meta property=\"og:description\" content=\"ISBN: 978-84-1114-077-5    Una maldici\u00f3n familiar gener\u00f3 el desfase de la magia. La guerra contra una oscura vampira se ha llevado bastantes vidas, donde algunos renacen como vampiros. Separarse de sus hijos es lo mejor que pueden hacer para mantenerlos lejos de esta disputa ancestral, la que, de igual forma, los perseguir\u00e1 sin importar donde se encuentren. Luzbella, una joven hu\u00e9rfana que ha crecido en la casa de sus padrinos, terminar\u00e1 sumergida en la magia de la que su t\u00edo ha querido apartarla. Durante sus a\u00f1os de adolescencia conocer\u00e1 a Enrique y se enamorar\u00e1n, comenzando una tierna y especial historia de amor. Esta relaci\u00f3n ir\u00e1 creciendo junto a sus convicciones, en un intento por mantenerse unidos pese a la adversidad que los ronda. Luzbella y Enrique viajar\u00e1n por insondables caminos repletos de extra\u00f1os sucesos que van ligados a esta sangrienta historia familiar, llena de magia y misterios, vampiros y demonios; donde seres sombr\u00edos est\u00e1n dispuestos a llevar a cabo sus macabros planes de venganza, sin importar el costo humano involucrado.\" \/>\n<meta property=\"og:url\" content=\"https:\/\/letrame.com\/catalogo\/producto\/mares-de-sangre-i-desamparo\/\" \/>\n<meta property=\"og:site_name\" content=\"Catalogo | Letrame Grupo Editorial\" \/>\n<meta property=\"og:image\" content=\"https:\/\/letrame.com\/catalogo\/wp-content\/uploads\/2024\/04\/Mares-de-Sangre-scaled-1.jpeg\" \/>\n\t<meta property=\"og:image:width\" content=\"1746\" \/>\n\t<meta property=\"og:image:height\" content=\"2560\" \/>\n\t<meta property=\"og:image:type\" content=\"image\/jpeg\" \/>\n<meta name=\"twitter:card\" content=\"summary_large_image\" \/>\n<meta name=\"twitter:label1\" content=\"Tiempo de lectura\" \/>\n\t<meta name=\"twitter:data1\" content=\"1 minuto\" \/>\n<script type=\"application\/ld+json\" class=\"yoast-schema-graph\">{\"@context\":\"https:\\\/\\\/schema.org\",\"@graph\":[{\"@type\":\"WebPage\",\"@id\":\"https:\\\/\\\/letrame.com\\\/catalogo\\\/producto\\\/mares-de-sangre-i-desamparo\\\/\",\"url\":\"https:\\\/\\\/letrame.com\\\/catalogo\\\/producto\\\/mares-de-sangre-i-desamparo\\\/\",\"name\":\"Mares de sangre I. Desamparo - Catalogo | Letrame Grupo Editorial\",\"isPartOf\":{\"@id\":\"https:\\\/\\\/letrame.com\\\/catalogo\\\/#website\"},\"primaryImageOfPage\":{\"@id\":\"https:\\\/\\\/letrame.com\\\/catalogo\\\/producto\\\/mares-de-sangre-i-desamparo\\\/#primaryimage\"},\"image\":{\"@id\":\"https:\\\/\\\/letrame.com\\\/catalogo\\\/producto\\\/mares-de-sangre-i-desamparo\\\/#primaryimage\"},\"thumbnailUrl\":\"https:\\\/\\\/letrame.com\\\/catalogo\\\/wp-content\\\/uploads\\\/2024\\\/04\\\/Mares-de-Sangre-scaled-1.jpeg\",\"datePublished\":\"2024-04-29T11:14:31+00:00\",\"breadcrumb\":{\"@id\":\"https:\\\/\\\/letrame.com\\\/catalogo\\\/producto\\\/mares-de-sangre-i-desamparo\\\/#breadcrumb\"},\"inLanguage\":\"es\",\"potentialAction\":[{\"@type\":\"ReadAction\",\"target\":[\"https:\\\/\\\/letrame.com\\\/catalogo\\\/producto\\\/mares-de-sangre-i-desamparo\\\/\"]}]},{\"@type\":\"ImageObject\",\"inLanguage\":\"es\",\"@id\":\"https:\\\/\\\/letrame.com\\\/catalogo\\\/producto\\\/mares-de-sangre-i-desamparo\\\/#primaryimage\",\"url\":\"https:\\\/\\\/letrame.com\\\/catalogo\\\/wp-content\\\/uploads\\\/2024\\\/04\\\/Mares-de-Sangre-scaled-1.jpeg\",\"contentUrl\":\"https:\\\/\\\/letrame.com\\\/catalogo\\\/wp-content\\\/uploads\\\/2024\\\/04\\\/Mares-de-Sangre-scaled-1.jpeg\",\"width\":1746,\"height\":2560},{\"@type\":\"BreadcrumbList\",\"@id\":\"https:\\\/\\\/letrame.com\\\/catalogo\\\/producto\\\/mares-de-sangre-i-desamparo\\\/#breadcrumb\",\"itemListElement\":[{\"@type\":\"ListItem\",\"position\":1,\"name\":\"Portada\",\"item\":\"https:\\\/\\\/letrame.com\\\/catalogo\\\/\"},{\"@type\":\"ListItem\",\"position\":2,\"name\":\"Cat\u00e1logo\",\"item\":\"https:\\\/\\\/letrame.com\\\/catalogo\\\/\"},{\"@type\":\"ListItem\",\"position\":3,\"name\":\"Mares de sangre I. Desamparo\"}]},{\"@type\":\"WebSite\",\"@id\":\"https:\\\/\\\/letrame.com\\\/catalogo\\\/#website\",\"url\":\"https:\\\/\\\/letrame.com\\\/catalogo\\\/\",\"name\":\"Catalogo | Letrame Grupo Editorial\",\"description\":\"\",\"publisher\":{\"@id\":\"https:\\\/\\\/letrame.com\\\/catalogo\\\/#organization\"},\"potentialAction\":[{\"@type\":\"SearchAction\",\"target\":{\"@type\":\"EntryPoint\",\"urlTemplate\":\"https:\\\/\\\/letrame.com\\\/catalogo\\\/?s={search_term_string}\"},\"query-input\":{\"@type\":\"PropertyValueSpecification\",\"valueRequired\":true,\"valueName\":\"search_term_string\"}}],\"inLanguage\":\"es\"},{\"@type\":\"Organization\",\"@id\":\"https:\\\/\\\/letrame.com\\\/catalogo\\\/#organization\",\"name\":\"Catalogo | Letrame Grupo Editorial\",\"url\":\"https:\\\/\\\/letrame.com\\\/catalogo\\\/\",\"logo\":{\"@type\":\"ImageObject\",\"inLanguage\":\"es\",\"@id\":\"https:\\\/\\\/letrame.com\\\/catalogo\\\/#\\\/schema\\\/logo\\\/image\\\/\",\"url\":\"https:\\\/\\\/letrame.com\\\/catalogo\\\/wp-content\\\/uploads\\\/2024\\\/03\\\/logo2.webp\",\"contentUrl\":\"https:\\\/\\\/letrame.com\\\/catalogo\\\/wp-content\\\/uploads\\\/2024\\\/03\\\/logo2.webp\",\"width\":394,\"height\":128,\"caption\":\"Catalogo | Letrame Grupo Editorial\"},\"image\":{\"@id\":\"https:\\\/\\\/letrame.com\\\/catalogo\\\/#\\\/schema\\\/logo\\\/image\\\/\"}}]}<\/script>\n<!-- \/ Yoast SEO plugin. -->","yoast_head_json":{"title":"Mares de sangre I. Desamparo - Catalogo | Letrame Grupo Editorial","robots":{"index":"index","follow":"follow","max-snippet":"max-snippet:-1","max-image-preview":"max-image-preview:large","max-video-preview":"max-video-preview:-1"},"canonical":"https:\/\/letrame.com\/catalogo\/producto\/mares-de-sangre-i-desamparo\/","og_locale":"es_ES","og_type":"article","og_title":"Mares de sangre I. Desamparo - Catalogo | Letrame Grupo Editorial","og_description":"ISBN: 978-84-1114-077-5    Una maldici\u00f3n familiar gener\u00f3 el desfase de la magia. La guerra contra una oscura vampira se ha llevado bastantes vidas, donde algunos renacen como vampiros. Separarse de sus hijos es lo mejor que pueden hacer para mantenerlos lejos de esta disputa ancestral, la que, de igual forma, los perseguir\u00e1 sin importar donde se encuentren. Luzbella, una joven hu\u00e9rfana que ha crecido en la casa de sus padrinos, terminar\u00e1 sumergida en la magia de la que su t\u00edo ha querido apartarla. Durante sus a\u00f1os de adolescencia conocer\u00e1 a Enrique y se enamorar\u00e1n, comenzando una tierna y especial historia de amor. Esta relaci\u00f3n ir\u00e1 creciendo junto a sus convicciones, en un intento por mantenerse unidos pese a la adversidad que los ronda. Luzbella y Enrique viajar\u00e1n por insondables caminos repletos de extra\u00f1os sucesos que van ligados a esta sangrienta historia familiar, llena de magia y misterios, vampiros y demonios; donde seres sombr\u00edos est\u00e1n dispuestos a llevar a cabo sus macabros planes de venganza, sin importar el costo humano involucrado.","og_url":"https:\/\/letrame.com\/catalogo\/producto\/mares-de-sangre-i-desamparo\/","og_site_name":"Catalogo | Letrame Grupo Editorial","og_image":[{"width":1746,"height":2560,"url":"https:\/\/letrame.com\/catalogo\/wp-content\/uploads\/2024\/04\/Mares-de-Sangre-scaled-1.jpeg","type":"image\/jpeg"}],"twitter_card":"summary_large_image","twitter_misc":{"Tiempo de lectura":"1 minuto"},"schema":{"@context":"https:\/\/schema.org","@graph":[{"@type":"WebPage","@id":"https:\/\/letrame.com\/catalogo\/producto\/mares-de-sangre-i-desamparo\/","url":"https:\/\/letrame.com\/catalogo\/producto\/mares-de-sangre-i-desamparo\/","name":"Mares de sangre I. Desamparo - Catalogo | Letrame Grupo Editorial","isPartOf":{"@id":"https:\/\/letrame.com\/catalogo\/#website"},"primaryImageOfPage":{"@id":"https:\/\/letrame.com\/catalogo\/producto\/mares-de-sangre-i-desamparo\/#primaryimage"},"image":{"@id":"https:\/\/letrame.com\/catalogo\/producto\/mares-de-sangre-i-desamparo\/#primaryimage"},"thumbnailUrl":"https:\/\/letrame.com\/catalogo\/wp-content\/uploads\/2024\/04\/Mares-de-Sangre-scaled-1.jpeg","datePublished":"2024-04-29T11:14:31+00:00","breadcrumb":{"@id":"https:\/\/letrame.com\/catalogo\/producto\/mares-de-sangre-i-desamparo\/#breadcrumb"},"inLanguage":"es","potentialAction":[{"@type":"ReadAction","target":["https:\/\/letrame.com\/catalogo\/producto\/mares-de-sangre-i-desamparo\/"]}]},{"@type":"ImageObject","inLanguage":"es","@id":"https:\/\/letrame.com\/catalogo\/producto\/mares-de-sangre-i-desamparo\/#primaryimage","url":"https:\/\/letrame.com\/catalogo\/wp-content\/uploads\/2024\/04\/Mares-de-Sangre-scaled-1.jpeg","contentUrl":"https:\/\/letrame.com\/catalogo\/wp-content\/uploads\/2024\/04\/Mares-de-Sangre-scaled-1.jpeg","width":1746,"height":2560},{"@type":"BreadcrumbList","@id":"https:\/\/letrame.com\/catalogo\/producto\/mares-de-sangre-i-desamparo\/#breadcrumb","itemListElement":[{"@type":"ListItem","position":1,"name":"Portada","item":"https:\/\/letrame.com\/catalogo\/"},{"@type":"ListItem","position":2,"name":"Cat\u00e1logo","item":"https:\/\/letrame.com\/catalogo\/"},{"@type":"ListItem","position":3,"name":"Mares de sangre I. Desamparo"}]},{"@type":"WebSite","@id":"https:\/\/letrame.com\/catalogo\/#website","url":"https:\/\/letrame.com\/catalogo\/","name":"Catalogo | Letrame Grupo Editorial","description":"","publisher":{"@id":"https:\/\/letrame.com\/catalogo\/#organization"},"potentialAction":[{"@type":"SearchAction","target":{"@type":"EntryPoint","urlTemplate":"https:\/\/letrame.com\/catalogo\/?s={search_term_string}"},"query-input":{"@type":"PropertyValueSpecification","valueRequired":true,"valueName":"search_term_string"}}],"inLanguage":"es"},{"@type":"Organization","@id":"https:\/\/letrame.com\/catalogo\/#organization","name":"Catalogo | Letrame Grupo Editorial","url":"https:\/\/letrame.com\/catalogo\/","logo":{"@type":"ImageObject","inLanguage":"es","@id":"https:\/\/letrame.com\/catalogo\/#\/schema\/logo\/image\/","url":"https:\/\/letrame.com\/catalogo\/wp-content\/uploads\/2024\/03\/logo2.webp","contentUrl":"https:\/\/letrame.com\/catalogo\/wp-content\/uploads\/2024\/03\/logo2.webp","width":394,"height":128,"caption":"Catalogo | Letrame Grupo Editorial"},"image":{"@id":"https:\/\/letrame.com\/catalogo\/#\/schema\/logo\/image\/"}}]}},"_links":{"self":[{"href":"https:\/\/letrame.com\/catalogo\/wp-json\/wp\/v2\/product\/97210","targetHints":{"allow":["GET"]}}],"collection":[{"href":"https:\/\/letrame.com\/catalogo\/wp-json\/wp\/v2\/product"}],"about":[{"href":"https:\/\/letrame.com\/catalogo\/wp-json\/wp\/v2\/types\/product"}],"replies":[{"embeddable":true,"href":"https:\/\/letrame.com\/catalogo\/wp-json\/wp\/v2\/comments?post=97210"}],"acf:post":[{"embeddable":true,"href":"https:\/\/letrame.com\/catalogo\/wp-json\/wp\/v2\/author_book\/75099"}],"wp:featuredmedia":[{"embeddable":true,"href":"https:\/\/letrame.com\/catalogo\/wp-json\/wp\/v2\/media\/97211"}],"wp:attachment":[{"href":"https:\/\/letrame.com\/catalogo\/wp-json\/wp\/v2\/media?parent=97210"}],"wp:term":[{"taxonomy":"libro","embeddable":true,"href":"https:\/\/letrame.com\/catalogo\/wp-json\/wp\/v2\/libro?post=97210"},{"taxonomy":"product_brand","embeddable":true,"href":"https:\/\/letrame.com\/catalogo\/wp-json\/wp\/v2\/product_brand?post=97210"},{"taxonomy":"product_cat","embeddable":true,"href":"https:\/\/letrame.com\/catalogo\/wp-json\/wp\/v2\/product_cat?post=97210"},{"taxonomy":"product_tag","embeddable":true,"href":"https:\/\/letrame.com\/catalogo\/wp-json\/wp\/v2\/product_tag?post=97210"}],"curies":[{"name":"wp","href":"https:\/\/api.w.org\/{rel}","templated":true}]}}