{"id":97196,"date":"2024-04-29T13:10:45","date_gmt":"2024-04-29T11:10:45","guid":{"rendered":"https:\/\/letrame.com\/catalogo\/producto\/bioestadistica\/"},"modified":"2024-05-16T14:47:36","modified_gmt":"2024-05-16T12:47:36","slug":"bioestadistica","status":"publish","type":"product","link":"https:\/\/letrame.com\/catalogo\/producto\/bioestadistica\/","title":{"rendered":"Bioestad\u00edstica"},"content":{"rendered":"<div class=\"page\" title=\"Page 2\">\n<div class=\"layoutArea\">\n<div class=\"column\">\n<p><strong>ISBN<\/strong>: 978-84-1386-975-9<\/p>\n<\/div>\n<\/div>\n<\/div>\n<p><b>T\u00edtulo<\/b><span style=\"font-weight: 400;\">: Bioestad\u00edstica<\/span><span style=\"font-weight: 400;\"><br \/>\n<\/span><b>Fecha<\/b><span style=\"font-weight: 400;\">: 2021<\/span><span style=\"font-weight: 400;\"><br \/>\n<\/span><b>P\u00e1ginas<\/b><span style=\"font-weight: 400;\">: 332<\/span><\/p>\n<p><b>SINOPSIS<\/b><\/p>\n<p>La Bioestad\u00edstica es una materia optativa que aparece en los planes de estudio de segundo de Bachillerato. Esta materia est\u00e1 destinada principalmente a aquellos alumnos que quieran ampliar sus conocimientos sobre la Estad\u00edstica para posteriores estudios. Los sucesivos planes de estudio han ido reduciendo la carga horaria de esta materia y en muchos centros educativos no se consigue impartir porque las preferencias de la mayor\u00eda de los alumnos van por otros derroteros. Esta obra est\u00e1 especialmente destinada para aquellos docentes que imparten esta materia y se encuentran con la falta de un manual que incluya todo el curr\u00edculo de la materia, que va m\u00e1s all\u00e1 de los contenidos en Estad\u00edstica que se imparten en Segundo de Bachillerato. Los alumnos descubrir\u00e1n que la Estad\u00edstica es algo m\u00e1s que las tablas para la determinaci\u00f3n de medias o varianzas y las tablas de las distribuciones binomial y normal, apareciendo t\u00e9rminos nuevos como el muestreo, intervalo de confianza, o contraste de hip\u00f3tesis.<\/p>\n","protected":false},"excerpt":{"rendered":"<p><strong>ISBN: 978-84-1386-975-9<\/strong><\/p>\n<p>La Bioestad\u00edstica es una materia optativa que aparece en los planes de estudio de segundo de Bachillerato. Esta materia est\u00e1 destinada principalmente a aquellos alumnos que quieran ampliar sus conocimientos sobre la Estad\u00edstica para posteriores estudios. Los sucesivos planes de estudio han ido reduciendo la carga horaria de esta materia y en muchos centros educativos no se consigue impartir porque las preferencias de la mayor\u00eda de los alumnos van por otros derroteros. Esta obra est\u00e1 especialmente destinada para aquellos docentes que imparten esta materia y se encuentran con la falta de un manual que incluya todo el curr\u00edculo de la materia, que va m\u00e1s all\u00e1 de los contenidos en Estad\u00edstica que se imparten en Segundo de Bachillerato. Los alumnos descubrir\u00e1n que la Estad\u00edstica es algo m\u00e1s que las tablas para la determinaci\u00f3n de medias o varianzas y las tablas de las distribuciones binomial y normal, apareciendo t\u00e9rminos nuevos como el muestreo, intervalo de confianza, o contraste de hip\u00f3tesis.<\/p>\n","protected":false},"featured_media":100284,"comment_status":"closed","ping_status":"closed","template":"","meta":{"_acf_changed":false},"libro":[],"product_brand":[],"product_cat":[22,23],"product_tag":[],"class_list":{"0":"post-97196","1":"product","2":"type-product","3":"status-publish","4":"has-post-thumbnail","6":"product_cat-docencia","7":"product_cat-ensayos","9":"first","10":"instock","11":"product-type-simple"},"acf":{"autor":[75808],"enlace_de_compra":""},"yoast_head":"<!-- This site is optimized with the Yoast SEO plugin v27.4 - https:\/\/yoast.com\/product\/yoast-seo-wordpress\/ -->\n<title>Bioestad\u00edstica - Catalogo | Letrame Grupo Editorial<\/title>\n<meta name=\"robots\" content=\"index, follow, max-snippet:-1, max-image-preview:large, max-video-preview:-1\" \/>\n<link rel=\"canonical\" href=\"https:\/\/letrame.com\/catalogo\/producto\/bioestadistica\/\" \/>\n<meta property=\"og:locale\" content=\"es_ES\" \/>\n<meta property=\"og:type\" content=\"article\" \/>\n<meta property=\"og:title\" content=\"Bioestad\u00edstica - Catalogo | Letrame Grupo Editorial\" \/>\n<meta property=\"og:description\" content=\"ISBN: 978-84-1386-975-9  La Bioestad\u00edstica es una materia optativa que aparece en los planes de estudio de segundo de Bachillerato. Esta materia est\u00e1 destinada principalmente a aquellos alumnos que quieran ampliar sus conocimientos sobre la Estad\u00edstica para posteriores estudios. Los sucesivos planes de estudio han ido reduciendo la carga horaria de esta materia y en muchos centros educativos no se consigue impartir porque las preferencias de la mayor\u00eda de los alumnos van por otros derroteros. Esta obra est\u00e1 especialmente destinada para aquellos docentes que imparten esta materia y se encuentran con la falta de un manual que incluya todo el curr\u00edculo de la materia, que va m\u00e1s all\u00e1 de los contenidos en Estad\u00edstica que se imparten en Segundo de Bachillerato. Los alumnos descubrir\u00e1n que la Estad\u00edstica es algo m\u00e1s que las tablas para la determinaci\u00f3n de medias o varianzas y las tablas de las distribuciones binomial y normal, apareciendo t\u00e9rminos nuevos como el muestreo, intervalo de confianza, o contraste de hip\u00f3tesis.\" \/>\n<meta property=\"og:url\" content=\"https:\/\/letrame.com\/catalogo\/producto\/bioestadistica\/\" \/>\n<meta property=\"og:site_name\" content=\"Catalogo | Letrame Grupo Editorial\" \/>\n<meta property=\"article:modified_time\" content=\"2024-05-16T12:47:36+00:00\" \/>\n<meta property=\"og:image\" content=\"https:\/\/letrame.com\/catalogo\/wp-content\/uploads\/2024\/04\/bioestadistica-scaled-2.webp\" \/>\n\t<meta property=\"og:image:width\" content=\"1746\" \/>\n\t<meta property=\"og:image:height\" content=\"2560\" \/>\n\t<meta property=\"og:image:type\" content=\"image\/webp\" \/>\n<meta name=\"twitter:card\" content=\"summary_large_image\" \/>\n<meta name=\"twitter:label1\" content=\"Tiempo de lectura\" \/>\n\t<meta name=\"twitter:data1\" content=\"1 minuto\" \/>\n<script type=\"application\/ld+json\" class=\"yoast-schema-graph\">{\"@context\":\"https:\\\/\\\/schema.org\",\"@graph\":[{\"@type\":\"WebPage\",\"@id\":\"https:\\\/\\\/letrame.com\\\/catalogo\\\/producto\\\/bioestadistica\\\/\",\"url\":\"https:\\\/\\\/letrame.com\\\/catalogo\\\/producto\\\/bioestadistica\\\/\",\"name\":\"Bioestad\u00edstica - Catalogo | Letrame Grupo Editorial\",\"isPartOf\":{\"@id\":\"https:\\\/\\\/letrame.com\\\/catalogo\\\/#website\"},\"primaryImageOfPage\":{\"@id\":\"https:\\\/\\\/letrame.com\\\/catalogo\\\/producto\\\/bioestadistica\\\/#primaryimage\"},\"image\":{\"@id\":\"https:\\\/\\\/letrame.com\\\/catalogo\\\/producto\\\/bioestadistica\\\/#primaryimage\"},\"thumbnailUrl\":\"https:\\\/\\\/letrame.com\\\/catalogo\\\/wp-content\\\/uploads\\\/2024\\\/04\\\/bioestadistica-scaled-2.webp\",\"datePublished\":\"2024-04-29T11:10:45+00:00\",\"dateModified\":\"2024-05-16T12:47:36+00:00\",\"breadcrumb\":{\"@id\":\"https:\\\/\\\/letrame.com\\\/catalogo\\\/producto\\\/bioestadistica\\\/#breadcrumb\"},\"inLanguage\":\"es\",\"potentialAction\":[{\"@type\":\"ReadAction\",\"target\":[\"https:\\\/\\\/letrame.com\\\/catalogo\\\/producto\\\/bioestadistica\\\/\"]}]},{\"@type\":\"ImageObject\",\"inLanguage\":\"es\",\"@id\":\"https:\\\/\\\/letrame.com\\\/catalogo\\\/producto\\\/bioestadistica\\\/#primaryimage\",\"url\":\"https:\\\/\\\/letrame.com\\\/catalogo\\\/wp-content\\\/uploads\\\/2024\\\/04\\\/bioestadistica-scaled-2.webp\",\"contentUrl\":\"https:\\\/\\\/letrame.com\\\/catalogo\\\/wp-content\\\/uploads\\\/2024\\\/04\\\/bioestadistica-scaled-2.webp\",\"width\":1746,\"height\":2560},{\"@type\":\"BreadcrumbList\",\"@id\":\"https:\\\/\\\/letrame.com\\\/catalogo\\\/producto\\\/bioestadistica\\\/#breadcrumb\",\"itemListElement\":[{\"@type\":\"ListItem\",\"position\":1,\"name\":\"Portada\",\"item\":\"https:\\\/\\\/letrame.com\\\/catalogo\\\/\"},{\"@type\":\"ListItem\",\"position\":2,\"name\":\"Cat\u00e1logo\",\"item\":\"https:\\\/\\\/letrame.com\\\/catalogo\\\/\"},{\"@type\":\"ListItem\",\"position\":3,\"name\":\"Bioestad\u00edstica\"}]},{\"@type\":\"WebSite\",\"@id\":\"https:\\\/\\\/letrame.com\\\/catalogo\\\/#website\",\"url\":\"https:\\\/\\\/letrame.com\\\/catalogo\\\/\",\"name\":\"Catalogo | Letrame Grupo Editorial\",\"description\":\"\",\"publisher\":{\"@id\":\"https:\\\/\\\/letrame.com\\\/catalogo\\\/#organization\"},\"potentialAction\":[{\"@type\":\"SearchAction\",\"target\":{\"@type\":\"EntryPoint\",\"urlTemplate\":\"https:\\\/\\\/letrame.com\\\/catalogo\\\/?s={search_term_string}\"},\"query-input\":{\"@type\":\"PropertyValueSpecification\",\"valueRequired\":true,\"valueName\":\"search_term_string\"}}],\"inLanguage\":\"es\"},{\"@type\":\"Organization\",\"@id\":\"https:\\\/\\\/letrame.com\\\/catalogo\\\/#organization\",\"name\":\"Catalogo | Letrame Grupo Editorial\",\"url\":\"https:\\\/\\\/letrame.com\\\/catalogo\\\/\",\"logo\":{\"@type\":\"ImageObject\",\"inLanguage\":\"es\",\"@id\":\"https:\\\/\\\/letrame.com\\\/catalogo\\\/#\\\/schema\\\/logo\\\/image\\\/\",\"url\":\"https:\\\/\\\/letrame.com\\\/catalogo\\\/wp-content\\\/uploads\\\/2024\\\/03\\\/logo2.webp\",\"contentUrl\":\"https:\\\/\\\/letrame.com\\\/catalogo\\\/wp-content\\\/uploads\\\/2024\\\/03\\\/logo2.webp\",\"width\":394,\"height\":128,\"caption\":\"Catalogo | Letrame Grupo Editorial\"},\"image\":{\"@id\":\"https:\\\/\\\/letrame.com\\\/catalogo\\\/#\\\/schema\\\/logo\\\/image\\\/\"}}]}<\/script>\n<!-- \/ Yoast SEO plugin. -->","yoast_head_json":{"title":"Bioestad\u00edstica - Catalogo | Letrame Grupo Editorial","robots":{"index":"index","follow":"follow","max-snippet":"max-snippet:-1","max-image-preview":"max-image-preview:large","max-video-preview":"max-video-preview:-1"},"canonical":"https:\/\/letrame.com\/catalogo\/producto\/bioestadistica\/","og_locale":"es_ES","og_type":"article","og_title":"Bioestad\u00edstica - Catalogo | Letrame Grupo Editorial","og_description":"ISBN: 978-84-1386-975-9  La Bioestad\u00edstica es una materia optativa que aparece en los planes de estudio de segundo de Bachillerato. Esta materia est\u00e1 destinada principalmente a aquellos alumnos que quieran ampliar sus conocimientos sobre la Estad\u00edstica para posteriores estudios. Los sucesivos planes de estudio han ido reduciendo la carga horaria de esta materia y en muchos centros educativos no se consigue impartir porque las preferencias de la mayor\u00eda de los alumnos van por otros derroteros. Esta obra est\u00e1 especialmente destinada para aquellos docentes que imparten esta materia y se encuentran con la falta de un manual que incluya todo el curr\u00edculo de la materia, que va m\u00e1s all\u00e1 de los contenidos en Estad\u00edstica que se imparten en Segundo de Bachillerato. Los alumnos descubrir\u00e1n que la Estad\u00edstica es algo m\u00e1s que las tablas para la determinaci\u00f3n de medias o varianzas y las tablas de las distribuciones binomial y normal, apareciendo t\u00e9rminos nuevos como el muestreo, intervalo de confianza, o contraste de hip\u00f3tesis.","og_url":"https:\/\/letrame.com\/catalogo\/producto\/bioestadistica\/","og_site_name":"Catalogo | Letrame Grupo Editorial","article_modified_time":"2024-05-16T12:47:36+00:00","og_image":[{"width":1746,"height":2560,"url":"https:\/\/letrame.com\/catalogo\/wp-content\/uploads\/2024\/04\/bioestadistica-scaled-2.webp","type":"image\/webp"}],"twitter_card":"summary_large_image","twitter_misc":{"Tiempo de lectura":"1 minuto"},"schema":{"@context":"https:\/\/schema.org","@graph":[{"@type":"WebPage","@id":"https:\/\/letrame.com\/catalogo\/producto\/bioestadistica\/","url":"https:\/\/letrame.com\/catalogo\/producto\/bioestadistica\/","name":"Bioestad\u00edstica - Catalogo | Letrame Grupo Editorial","isPartOf":{"@id":"https:\/\/letrame.com\/catalogo\/#website"},"primaryImageOfPage":{"@id":"https:\/\/letrame.com\/catalogo\/producto\/bioestadistica\/#primaryimage"},"image":{"@id":"https:\/\/letrame.com\/catalogo\/producto\/bioestadistica\/#primaryimage"},"thumbnailUrl":"https:\/\/letrame.com\/catalogo\/wp-content\/uploads\/2024\/04\/bioestadistica-scaled-2.webp","datePublished":"2024-04-29T11:10:45+00:00","dateModified":"2024-05-16T12:47:36+00:00","breadcrumb":{"@id":"https:\/\/letrame.com\/catalogo\/producto\/bioestadistica\/#breadcrumb"},"inLanguage":"es","potentialAction":[{"@type":"ReadAction","target":["https:\/\/letrame.com\/catalogo\/producto\/bioestadistica\/"]}]},{"@type":"ImageObject","inLanguage":"es","@id":"https:\/\/letrame.com\/catalogo\/producto\/bioestadistica\/#primaryimage","url":"https:\/\/letrame.com\/catalogo\/wp-content\/uploads\/2024\/04\/bioestadistica-scaled-2.webp","contentUrl":"https:\/\/letrame.com\/catalogo\/wp-content\/uploads\/2024\/04\/bioestadistica-scaled-2.webp","width":1746,"height":2560},{"@type":"BreadcrumbList","@id":"https:\/\/letrame.com\/catalogo\/producto\/bioestadistica\/#breadcrumb","itemListElement":[{"@type":"ListItem","position":1,"name":"Portada","item":"https:\/\/letrame.com\/catalogo\/"},{"@type":"ListItem","position":2,"name":"Cat\u00e1logo","item":"https:\/\/letrame.com\/catalogo\/"},{"@type":"ListItem","position":3,"name":"Bioestad\u00edstica"}]},{"@type":"WebSite","@id":"https:\/\/letrame.com\/catalogo\/#website","url":"https:\/\/letrame.com\/catalogo\/","name":"Catalogo | Letrame Grupo Editorial","description":"","publisher":{"@id":"https:\/\/letrame.com\/catalogo\/#organization"},"potentialAction":[{"@type":"SearchAction","target":{"@type":"EntryPoint","urlTemplate":"https:\/\/letrame.com\/catalogo\/?s={search_term_string}"},"query-input":{"@type":"PropertyValueSpecification","valueRequired":true,"valueName":"search_term_string"}}],"inLanguage":"es"},{"@type":"Organization","@id":"https:\/\/letrame.com\/catalogo\/#organization","name":"Catalogo | Letrame Grupo Editorial","url":"https:\/\/letrame.com\/catalogo\/","logo":{"@type":"ImageObject","inLanguage":"es","@id":"https:\/\/letrame.com\/catalogo\/#\/schema\/logo\/image\/","url":"https:\/\/letrame.com\/catalogo\/wp-content\/uploads\/2024\/03\/logo2.webp","contentUrl":"https:\/\/letrame.com\/catalogo\/wp-content\/uploads\/2024\/03\/logo2.webp","width":394,"height":128,"caption":"Catalogo | Letrame Grupo Editorial"},"image":{"@id":"https:\/\/letrame.com\/catalogo\/#\/schema\/logo\/image\/"}}]}},"_links":{"self":[{"href":"https:\/\/letrame.com\/catalogo\/wp-json\/wp\/v2\/product\/97196","targetHints":{"allow":["GET"]}}],"collection":[{"href":"https:\/\/letrame.com\/catalogo\/wp-json\/wp\/v2\/product"}],"about":[{"href":"https:\/\/letrame.com\/catalogo\/wp-json\/wp\/v2\/types\/product"}],"replies":[{"embeddable":true,"href":"https:\/\/letrame.com\/catalogo\/wp-json\/wp\/v2\/comments?post=97196"}],"acf:post":[{"embeddable":true,"href":"https:\/\/letrame.com\/catalogo\/wp-json\/wp\/v2\/author_book\/75808"}],"wp:featuredmedia":[{"embeddable":true,"href":"https:\/\/letrame.com\/catalogo\/wp-json\/wp\/v2\/media\/100284"}],"wp:attachment":[{"href":"https:\/\/letrame.com\/catalogo\/wp-json\/wp\/v2\/media?parent=97196"}],"wp:term":[{"taxonomy":"libro","embeddable":true,"href":"https:\/\/letrame.com\/catalogo\/wp-json\/wp\/v2\/libro?post=97196"},{"taxonomy":"product_brand","embeddable":true,"href":"https:\/\/letrame.com\/catalogo\/wp-json\/wp\/v2\/product_brand?post=97196"},{"taxonomy":"product_cat","embeddable":true,"href":"https:\/\/letrame.com\/catalogo\/wp-json\/wp\/v2\/product_cat?post=97196"},{"taxonomy":"product_tag","embeddable":true,"href":"https:\/\/letrame.com\/catalogo\/wp-json\/wp\/v2\/product_tag?post=97196"}],"curies":[{"name":"wp","href":"https:\/\/api.w.org\/{rel}","templated":true}]}}