{"id":97194,"date":"2024-04-29T13:10:26","date_gmt":"2024-04-29T11:10:26","guid":{"rendered":"https:\/\/letrame.com\/catalogo\/producto\/avenoir\/"},"modified":"2024-04-29T13:10:36","modified_gmt":"2024-04-29T11:10:36","slug":"avenoir","status":"publish","type":"product","link":"https:\/\/letrame.com\/catalogo\/producto\/avenoir\/","title":{"rendered":"Avenoir"},"content":{"rendered":"<div class=\"page\" title=\"Page 6\">\n<div class=\"layoutArea\">\n<div class=\"column\">\n<p><strong>ISBN:<\/strong> 978-84-1114-035-5<\/p>\n<\/div>\n<\/div>\n<\/div>\n<p><b>T\u00edtulo<\/b><span style=\"font-weight: 400;\">: Avenoir<\/span><span style=\"font-weight: 400;\"><br \/>\n<\/span><b>Fecha<\/b><span style=\"font-weight: 400;\">: 2021<\/span><span style=\"font-weight: 400;\"><br \/>\n<\/span><b>P\u00e1ginas<\/b><span style=\"font-weight: 400;\">: 258<\/span><\/p>\n<p><b>SINOPSIS<\/b><\/p>\n<p>\u00bfQu\u00e9 har\u00edas si la vida te diera una segunda oportunidad?<\/p>\n<p>A sus cuarenta a\u00f1os, June es una mujer realmente acabada, sin trabajo, sin amigos, sin amor que dar ni recibir, sin motivos para vivir, y mucho menos, sin motivos para ser feliz. Cree que su camino debe terminar ah\u00ed.<\/p>\n<p>Cuando todo parec\u00eda haber llegado a su fin, sus planes se ven interrumpidos. Algo completamente inesperado sucede, algo inimaginable: ha retrocedido en el tiempo. Con dieciocho a\u00f1os, en su antigua casa de San Francisco, rodeada de sus seres queridos, se ve con una vida por delante llena de sue\u00f1os y esperanza.<\/p>\n<p>No sabe ni el c\u00f3mo, ni el por qu\u00e9, pero lo que tiene claro es que intentar\u00e1 cumplir su verdadero prop\u00f3sito en la vida. Cueste lo que cueste.<\/p>\n","protected":false},"excerpt":{"rendered":"<div class=\"page\" title=\"Page 6\">\n<div class=\"layoutArea\">\n<div class=\"column\">\n<p><strong>ISBN: 978-84-1114-035-5<\/strong><\/p>\n<\/div>\n<\/div>\n<\/div>\n<p><strong>\u00bfQu\u00e9 har\u00edas si la vida te diera una segunda oportunidad?<\/strong><\/p>\n<p>A sus cuarenta a\u00f1os, June es una mujer realmente acabada, sin trabajo, sin amigos, sin amor que dar ni recibir, sin motivos para vivir, y mucho menos, sin motivos para ser feliz. Cree que su camino debe terminar ah\u00ed.<\/p>\n<p>Cuando todo parec\u00eda haber llegado a su fin, sus planes se ven interrumpidos. Algo completamente inesperado sucede, algo inimaginable: ha retrocedido en el tiempo. Con dieciocho a\u00f1os, en su antigua casa de San Francisco, rodeada de sus seres queridos, se ve con una vida por delante llena de sue\u00f1os y esperanza.<\/p>\n<p>No sabe ni el c\u00f3mo, ni el por qu\u00e9, pero lo que tiene claro es que intentar\u00e1 cumplir su verdadero prop\u00f3sito en la vida. Cueste lo que cueste.<\/p>\n","protected":false},"featured_media":97195,"comment_status":"closed","ping_status":"open","template":"","meta":{"_acf_changed":false},"libro":[],"product_brand":[],"product_cat":[16],"product_tag":[],"class_list":{"0":"post-97194","1":"product","2":"type-product","3":"status-publish","4":"has-post-thumbnail","6":"product_cat-novela","8":"first","9":"instock","10":"purchasable","11":"product-type-simple"},"acf":{"autor":[75806],"enlace_de_compra":"https:\/\/www.amazon.es\/dp\/8411140350\/ref=sr_1_1?__mk_es_ES=%C3%85M%C3%85%C5%BD%C3%95%C3%91&amp;dchild=1&amp;keywords=Letrame+S.L.Avenoir&amp;qid=1634638860&amp;sr=8-1"},"yoast_head":"<!-- This site is optimized with the Yoast SEO plugin v26.6 - https:\/\/yoast.com\/wordpress\/plugins\/seo\/ -->\n<title>Avenoir - Catalogo | Letrame Grupo Editorial<\/title>\n<meta name=\"robots\" content=\"index, follow, max-snippet:-1, max-image-preview:large, max-video-preview:-1\" \/>\n<link rel=\"canonical\" href=\"https:\/\/letrame.com\/catalogo\/producto\/avenoir\/\" \/>\n<meta property=\"og:locale\" content=\"es_ES\" \/>\n<meta property=\"og:type\" content=\"article\" \/>\n<meta property=\"og:title\" content=\"Avenoir - Catalogo | Letrame Grupo Editorial\" \/>\n<meta property=\"og:description\" content=\"ISBN: 978-84-1114-035-5   \u00bfQu\u00e9 har\u00edas si la vida te diera una segunda oportunidad? A sus cuarenta a\u00f1os, June es una mujer realmente acabada, sin trabajo, sin amigos, sin amor que dar ni recibir, sin motivos para vivir, y mucho menos, sin motivos para ser feliz. Cree que su camino debe terminar ah\u00ed. Cuando todo parec\u00eda haber llegado a su fin, sus planes se ven interrumpidos. Algo completamente inesperado sucede, algo inimaginable: ha retrocedido en el tiempo. Con dieciocho a\u00f1os, en su antigua casa de San Francisco, rodeada de sus seres queridos, se ve con una vida por delante llena de sue\u00f1os y esperanza. No sabe ni el c\u00f3mo, ni el por qu\u00e9, pero lo que tiene claro es que intentar\u00e1 cumplir su verdadero prop\u00f3sito en la vida. Cueste lo que cueste.\" \/>\n<meta property=\"og:url\" content=\"https:\/\/letrame.com\/catalogo\/producto\/avenoir\/\" \/>\n<meta property=\"og:site_name\" content=\"Catalogo | Letrame Grupo Editorial\" \/>\n<meta property=\"article:modified_time\" content=\"2024-04-29T11:10:36+00:00\" \/>\n<meta property=\"og:image\" content=\"https:\/\/letrame.com\/catalogo\/wp-content\/uploads\/2024\/04\/AVENOIR.png\" \/>\n\t<meta property=\"og:image:width\" content=\"578\" \/>\n\t<meta property=\"og:image:height\" content=\"852\" \/>\n\t<meta property=\"og:image:type\" content=\"image\/png\" \/>\n<meta name=\"twitter:card\" content=\"summary_large_image\" \/>\n<meta name=\"twitter:label1\" content=\"Tiempo de lectura\" \/>\n\t<meta name=\"twitter:data1\" content=\"1 minuto\" \/>\n<script type=\"application\/ld+json\" class=\"yoast-schema-graph\">{\"@context\":\"https:\/\/schema.org\",\"@graph\":[{\"@type\":\"WebPage\",\"@id\":\"https:\/\/letrame.com\/catalogo\/producto\/avenoir\/\",\"url\":\"https:\/\/letrame.com\/catalogo\/producto\/avenoir\/\",\"name\":\"Avenoir - Catalogo | Letrame Grupo Editorial\",\"isPartOf\":{\"@id\":\"https:\/\/letrame.com\/catalogo\/#website\"},\"primaryImageOfPage\":{\"@id\":\"https:\/\/letrame.com\/catalogo\/producto\/avenoir\/#primaryimage\"},\"image\":{\"@id\":\"https:\/\/letrame.com\/catalogo\/producto\/avenoir\/#primaryimage\"},\"thumbnailUrl\":\"https:\/\/letrame.com\/catalogo\/wp-content\/uploads\/2024\/04\/AVENOIR.png\",\"datePublished\":\"2024-04-29T11:10:26+00:00\",\"dateModified\":\"2024-04-29T11:10:36+00:00\",\"breadcrumb\":{\"@id\":\"https:\/\/letrame.com\/catalogo\/producto\/avenoir\/#breadcrumb\"},\"inLanguage\":\"es\",\"potentialAction\":[{\"@type\":\"ReadAction\",\"target\":[\"https:\/\/letrame.com\/catalogo\/producto\/avenoir\/\"]}]},{\"@type\":\"ImageObject\",\"inLanguage\":\"es\",\"@id\":\"https:\/\/letrame.com\/catalogo\/producto\/avenoir\/#primaryimage\",\"url\":\"https:\/\/letrame.com\/catalogo\/wp-content\/uploads\/2024\/04\/AVENOIR.png\",\"contentUrl\":\"https:\/\/letrame.com\/catalogo\/wp-content\/uploads\/2024\/04\/AVENOIR.png\",\"width\":578,\"height\":852},{\"@type\":\"BreadcrumbList\",\"@id\":\"https:\/\/letrame.com\/catalogo\/producto\/avenoir\/#breadcrumb\",\"itemListElement\":[{\"@type\":\"ListItem\",\"position\":1,\"name\":\"Portada\",\"item\":\"https:\/\/letrame.com\/catalogo\/\"},{\"@type\":\"ListItem\",\"position\":2,\"name\":\"Cat\u00e1logo\",\"item\":\"https:\/\/letrame.com\/catalogo\/\"},{\"@type\":\"ListItem\",\"position\":3,\"name\":\"Avenoir\"}]},{\"@type\":\"WebSite\",\"@id\":\"https:\/\/letrame.com\/catalogo\/#website\",\"url\":\"https:\/\/letrame.com\/catalogo\/\",\"name\":\"Catalogo | Letrame Grupo Editorial\",\"description\":\"\",\"publisher\":{\"@id\":\"https:\/\/letrame.com\/catalogo\/#organization\"},\"potentialAction\":[{\"@type\":\"SearchAction\",\"target\":{\"@type\":\"EntryPoint\",\"urlTemplate\":\"https:\/\/letrame.com\/catalogo\/?s={search_term_string}\"},\"query-input\":{\"@type\":\"PropertyValueSpecification\",\"valueRequired\":true,\"valueName\":\"search_term_string\"}}],\"inLanguage\":\"es\"},{\"@type\":\"Organization\",\"@id\":\"https:\/\/letrame.com\/catalogo\/#organization\",\"name\":\"Catalogo | Letrame Grupo Editorial\",\"url\":\"https:\/\/letrame.com\/catalogo\/\",\"logo\":{\"@type\":\"ImageObject\",\"inLanguage\":\"es\",\"@id\":\"https:\/\/letrame.com\/catalogo\/#\/schema\/logo\/image\/\",\"url\":\"https:\/\/letrame.com\/catalogo\/wp-content\/uploads\/2024\/03\/logo2.webp\",\"contentUrl\":\"https:\/\/letrame.com\/catalogo\/wp-content\/uploads\/2024\/03\/logo2.webp\",\"width\":394,\"height\":128,\"caption\":\"Catalogo | Letrame Grupo Editorial\"},\"image\":{\"@id\":\"https:\/\/letrame.com\/catalogo\/#\/schema\/logo\/image\/\"}}]}<\/script>\n<!-- \/ Yoast SEO plugin. -->","yoast_head_json":{"title":"Avenoir - Catalogo | Letrame Grupo Editorial","robots":{"index":"index","follow":"follow","max-snippet":"max-snippet:-1","max-image-preview":"max-image-preview:large","max-video-preview":"max-video-preview:-1"},"canonical":"https:\/\/letrame.com\/catalogo\/producto\/avenoir\/","og_locale":"es_ES","og_type":"article","og_title":"Avenoir - Catalogo | Letrame Grupo Editorial","og_description":"ISBN: 978-84-1114-035-5   \u00bfQu\u00e9 har\u00edas si la vida te diera una segunda oportunidad? A sus cuarenta a\u00f1os, June es una mujer realmente acabada, sin trabajo, sin amigos, sin amor que dar ni recibir, sin motivos para vivir, y mucho menos, sin motivos para ser feliz. Cree que su camino debe terminar ah\u00ed. Cuando todo parec\u00eda haber llegado a su fin, sus planes se ven interrumpidos. Algo completamente inesperado sucede, algo inimaginable: ha retrocedido en el tiempo. Con dieciocho a\u00f1os, en su antigua casa de San Francisco, rodeada de sus seres queridos, se ve con una vida por delante llena de sue\u00f1os y esperanza. No sabe ni el c\u00f3mo, ni el por qu\u00e9, pero lo que tiene claro es que intentar\u00e1 cumplir su verdadero prop\u00f3sito en la vida. Cueste lo que cueste.","og_url":"https:\/\/letrame.com\/catalogo\/producto\/avenoir\/","og_site_name":"Catalogo | Letrame Grupo Editorial","article_modified_time":"2024-04-29T11:10:36+00:00","og_image":[{"width":578,"height":852,"url":"https:\/\/letrame.com\/catalogo\/wp-content\/uploads\/2024\/04\/AVENOIR.png","type":"image\/png"}],"twitter_card":"summary_large_image","twitter_misc":{"Tiempo de lectura":"1 minuto"},"schema":{"@context":"https:\/\/schema.org","@graph":[{"@type":"WebPage","@id":"https:\/\/letrame.com\/catalogo\/producto\/avenoir\/","url":"https:\/\/letrame.com\/catalogo\/producto\/avenoir\/","name":"Avenoir - Catalogo | Letrame Grupo Editorial","isPartOf":{"@id":"https:\/\/letrame.com\/catalogo\/#website"},"primaryImageOfPage":{"@id":"https:\/\/letrame.com\/catalogo\/producto\/avenoir\/#primaryimage"},"image":{"@id":"https:\/\/letrame.com\/catalogo\/producto\/avenoir\/#primaryimage"},"thumbnailUrl":"https:\/\/letrame.com\/catalogo\/wp-content\/uploads\/2024\/04\/AVENOIR.png","datePublished":"2024-04-29T11:10:26+00:00","dateModified":"2024-04-29T11:10:36+00:00","breadcrumb":{"@id":"https:\/\/letrame.com\/catalogo\/producto\/avenoir\/#breadcrumb"},"inLanguage":"es","potentialAction":[{"@type":"ReadAction","target":["https:\/\/letrame.com\/catalogo\/producto\/avenoir\/"]}]},{"@type":"ImageObject","inLanguage":"es","@id":"https:\/\/letrame.com\/catalogo\/producto\/avenoir\/#primaryimage","url":"https:\/\/letrame.com\/catalogo\/wp-content\/uploads\/2024\/04\/AVENOIR.png","contentUrl":"https:\/\/letrame.com\/catalogo\/wp-content\/uploads\/2024\/04\/AVENOIR.png","width":578,"height":852},{"@type":"BreadcrumbList","@id":"https:\/\/letrame.com\/catalogo\/producto\/avenoir\/#breadcrumb","itemListElement":[{"@type":"ListItem","position":1,"name":"Portada","item":"https:\/\/letrame.com\/catalogo\/"},{"@type":"ListItem","position":2,"name":"Cat\u00e1logo","item":"https:\/\/letrame.com\/catalogo\/"},{"@type":"ListItem","position":3,"name":"Avenoir"}]},{"@type":"WebSite","@id":"https:\/\/letrame.com\/catalogo\/#website","url":"https:\/\/letrame.com\/catalogo\/","name":"Catalogo | Letrame Grupo Editorial","description":"","publisher":{"@id":"https:\/\/letrame.com\/catalogo\/#organization"},"potentialAction":[{"@type":"SearchAction","target":{"@type":"EntryPoint","urlTemplate":"https:\/\/letrame.com\/catalogo\/?s={search_term_string}"},"query-input":{"@type":"PropertyValueSpecification","valueRequired":true,"valueName":"search_term_string"}}],"inLanguage":"es"},{"@type":"Organization","@id":"https:\/\/letrame.com\/catalogo\/#organization","name":"Catalogo | Letrame Grupo Editorial","url":"https:\/\/letrame.com\/catalogo\/","logo":{"@type":"ImageObject","inLanguage":"es","@id":"https:\/\/letrame.com\/catalogo\/#\/schema\/logo\/image\/","url":"https:\/\/letrame.com\/catalogo\/wp-content\/uploads\/2024\/03\/logo2.webp","contentUrl":"https:\/\/letrame.com\/catalogo\/wp-content\/uploads\/2024\/03\/logo2.webp","width":394,"height":128,"caption":"Catalogo | Letrame Grupo Editorial"},"image":{"@id":"https:\/\/letrame.com\/catalogo\/#\/schema\/logo\/image\/"}}]}},"_links":{"self":[{"href":"https:\/\/letrame.com\/catalogo\/wp-json\/wp\/v2\/product\/97194","targetHints":{"allow":["GET"]}}],"collection":[{"href":"https:\/\/letrame.com\/catalogo\/wp-json\/wp\/v2\/product"}],"about":[{"href":"https:\/\/letrame.com\/catalogo\/wp-json\/wp\/v2\/types\/product"}],"replies":[{"embeddable":true,"href":"https:\/\/letrame.com\/catalogo\/wp-json\/wp\/v2\/comments?post=97194"}],"acf:post":[{"embeddable":true,"href":"https:\/\/letrame.com\/catalogo\/wp-json\/wp\/v2\/author_book\/75806"}],"wp:featuredmedia":[{"embeddable":true,"href":"https:\/\/letrame.com\/catalogo\/wp-json\/wp\/v2\/media\/97195"}],"wp:attachment":[{"href":"https:\/\/letrame.com\/catalogo\/wp-json\/wp\/v2\/media?parent=97194"}],"wp:term":[{"taxonomy":"libro","embeddable":true,"href":"https:\/\/letrame.com\/catalogo\/wp-json\/wp\/v2\/libro?post=97194"},{"taxonomy":"product_brand","embeddable":true,"href":"https:\/\/letrame.com\/catalogo\/wp-json\/wp\/v2\/product_brand?post=97194"},{"taxonomy":"product_cat","embeddable":true,"href":"https:\/\/letrame.com\/catalogo\/wp-json\/wp\/v2\/product_cat?post=97194"},{"taxonomy":"product_tag","embeddable":true,"href":"https:\/\/letrame.com\/catalogo\/wp-json\/wp\/v2\/product_tag?post=97194"}],"curies":[{"name":"wp","href":"https:\/\/api.w.org\/{rel}","templated":true}]}}