{"id":97166,"date":"2024-04-29T13:08:06","date_gmt":"2024-04-29T11:08:06","guid":{"rendered":"https:\/\/letrame.com\/catalogo\/producto\/nadie-te-lo-dira-antes-de-partir\/"},"modified":"2024-04-29T13:08:26","modified_gmt":"2024-04-29T11:08:26","slug":"nadie-te-lo-dira-antes-de-partir","status":"publish","type":"product","link":"https:\/\/letrame.com\/catalogo\/producto\/nadie-te-lo-dira-antes-de-partir\/","title":{"rendered":"Nadie te lo dir\u00e1 antes de partir"},"content":{"rendered":"<div class=\"page\" title=\"Page 6\">\n<div class=\"layoutArea\">\n<div class=\"column\">\n<p><strong>ISBN<\/strong>: 978-84-1114-006-5<\/p>\n<\/div>\n<\/div>\n<\/div>\n<p><b>T\u00edtulo<\/b><span style=\"font-weight: 400;\">: Nadie te lo dir\u00e1 antes de partir <\/span><span style=\"font-weight: 400;\"><br \/>\n<\/span><b>Fecha<\/b><span style=\"font-weight: 400;\">: 2021<\/span><span style=\"font-weight: 400;\"><br \/>\n<\/span><b>P\u00e1ginas<\/b><span style=\"font-weight: 400;\">: 72<\/span><\/p>\n<p><b>SINOPSIS<\/b><\/p>\n<p>Hasta hace aproximadamente unos 30\u00a0a\u00f1os el venezolano com\u00fan hab\u00eda podido vivir sin la necesidad de pensar en dejar su pa\u00eds. De hecho, Venezuela hab\u00eda sido en su historia reciente una naci\u00f3n receptora de migrantes.<\/p>\n<p>Las cosas han cambiado mucho y lo que una vez fue una tierra prometedora se ha convertido en un oscuro lugar desde donde un sistema gobernante fomenta la expulsi\u00f3n de nacionales desencadenando un \u00e9xodo sin precedentes en Hispanoam\u00e9rica.<\/p>\n<p>Son muchos los retos que debe enfrentar el migrante venezolano en el exterior, sin embargo, los mayores obst\u00e1culos que se nos presentan durante nuestro exilio tienen que ver m\u00e1s con una cuesti\u00f3n de enfoque y falsas creencias que muchos desconoc\u00edamos antes de partir. Repasar las historias y los \u00e9xitos de aquellos que necesitaron tambi\u00e9n un refugio en tiempos pret\u00e9ritos, as\u00ed como el ahondar en la actualidad de los solicitantes de asilo en otras latitudes posee la fuerza capaz de mantenernos motivados mientras reconstruimos nuestras vidas.<\/p>\n","protected":false},"excerpt":{"rendered":"<div class=\"page\" title=\"Page 6\">\n<div class=\"layoutArea\">\n<div class=\"column\">\n<p><strong>ISBN: 978-84-1114-006-5<\/strong><\/p>\n<p>Son muchos los retos que debe enfrentar el migrante venezolano en el exterior, sin embargo, los mayores obst\u00e1culos que se nos presentan durante nuestro exilio tienen que ver m\u00e1s con una cuesti\u00f3n de enfoque y falsas creencias que muchos desconoc\u00edamos antes de partir. Repasar las historias y los \u00e9xitos de aquellos que necesitaron tambi\u00e9n un refugio en tiempos pret\u00e9ritos, as\u00ed como el ahondar en la actualidad de los solicitantes de asilo en otras latitudes posee la fuerza capaz de mantenernos motivados mientras reconstruimos nuestras vidas.<\/p>\n<\/div>\n<\/div>\n<\/div>\n","protected":false},"featured_media":97167,"comment_status":"closed","ping_status":"open","template":"","meta":{"_acf_changed":false},"libro":[],"product_brand":[],"product_cat":[23],"product_tag":[],"class_list":{"0":"post-97166","1":"product","2":"type-product","3":"status-publish","4":"has-post-thumbnail","6":"product_cat-ensayos","8":"first","9":"instock","10":"purchasable","11":"product-type-simple"},"acf":{"autor":"","enlace_de_compra":"https:\/\/www.amazon.es\/Nadie-dir%C3%A1-antes-partir-Novela\/dp\/8411140067\/ref=sr_1_1?__mk_es_ES=%C3%85M%C3%85%C5%BD%C3%95%C3%91&amp;dchild=1&amp;keywords=Letrame+S.L+Nadie+te+lo+dir%C3%A1&amp;qid=1632923706&amp;sr=8-1"},"yoast_head":"<!-- This site is optimized with the Yoast SEO plugin v26.6 - https:\/\/yoast.com\/wordpress\/plugins\/seo\/ -->\n<title>Nadie te lo dir\u00e1 antes de partir - Catalogo | Letrame Grupo Editorial<\/title>\n<meta name=\"robots\" content=\"index, follow, max-snippet:-1, max-image-preview:large, max-video-preview:-1\" \/>\n<link rel=\"canonical\" href=\"https:\/\/letrame.com\/catalogo\/producto\/nadie-te-lo-dira-antes-de-partir\/\" \/>\n<meta property=\"og:locale\" content=\"es_ES\" \/>\n<meta property=\"og:type\" content=\"article\" \/>\n<meta property=\"og:title\" content=\"Nadie te lo dir\u00e1 antes de partir - Catalogo | Letrame Grupo Editorial\" \/>\n<meta property=\"og:description\" content=\"ISBN: 978-84-1114-006-5 Son muchos los retos que debe enfrentar el migrante venezolano en el exterior, sin embargo, los mayores obst\u00e1culos que se nos presentan durante nuestro exilio tienen que ver m\u00e1s con una cuesti\u00f3n de enfoque y falsas creencias que muchos desconoc\u00edamos antes de partir. Repasar las historias y los \u00e9xitos de aquellos que necesitaron tambi\u00e9n un refugio en tiempos pret\u00e9ritos, as\u00ed como el ahondar en la actualidad de los solicitantes de asilo en otras latitudes posee la fuerza capaz de mantenernos motivados mientras reconstruimos nuestras vidas.\" \/>\n<meta property=\"og:url\" content=\"https:\/\/letrame.com\/catalogo\/producto\/nadie-te-lo-dira-antes-de-partir\/\" \/>\n<meta property=\"og:site_name\" content=\"Catalogo | Letrame Grupo Editorial\" \/>\n<meta property=\"article:modified_time\" content=\"2024-04-29T11:08:26+00:00\" \/>\n<meta property=\"og:image\" content=\"https:\/\/letrame.com\/catalogo\/wp-content\/uploads\/2024\/04\/Nadie-te-lo-dira-antes-de-partir-scaled-1.jpeg\" \/>\n\t<meta property=\"og:image:width\" content=\"1746\" \/>\n\t<meta property=\"og:image:height\" content=\"2560\" \/>\n\t<meta property=\"og:image:type\" content=\"image\/jpeg\" \/>\n<meta name=\"twitter:card\" content=\"summary_large_image\" \/>\n<meta name=\"twitter:label1\" content=\"Tiempo de lectura\" \/>\n\t<meta name=\"twitter:data1\" content=\"1 minuto\" \/>\n<script type=\"application\/ld+json\" class=\"yoast-schema-graph\">{\"@context\":\"https:\/\/schema.org\",\"@graph\":[{\"@type\":\"WebPage\",\"@id\":\"https:\/\/letrame.com\/catalogo\/producto\/nadie-te-lo-dira-antes-de-partir\/\",\"url\":\"https:\/\/letrame.com\/catalogo\/producto\/nadie-te-lo-dira-antes-de-partir\/\",\"name\":\"Nadie te lo dir\u00e1 antes de partir - Catalogo | Letrame Grupo Editorial\",\"isPartOf\":{\"@id\":\"https:\/\/letrame.com\/catalogo\/#website\"},\"primaryImageOfPage\":{\"@id\":\"https:\/\/letrame.com\/catalogo\/producto\/nadie-te-lo-dira-antes-de-partir\/#primaryimage\"},\"image\":{\"@id\":\"https:\/\/letrame.com\/catalogo\/producto\/nadie-te-lo-dira-antes-de-partir\/#primaryimage\"},\"thumbnailUrl\":\"https:\/\/letrame.com\/catalogo\/wp-content\/uploads\/2024\/04\/Nadie-te-lo-dira-antes-de-partir-scaled-1.jpeg\",\"datePublished\":\"2024-04-29T11:08:06+00:00\",\"dateModified\":\"2024-04-29T11:08:26+00:00\",\"breadcrumb\":{\"@id\":\"https:\/\/letrame.com\/catalogo\/producto\/nadie-te-lo-dira-antes-de-partir\/#breadcrumb\"},\"inLanguage\":\"es\",\"potentialAction\":[{\"@type\":\"ReadAction\",\"target\":[\"https:\/\/letrame.com\/catalogo\/producto\/nadie-te-lo-dira-antes-de-partir\/\"]}]},{\"@type\":\"ImageObject\",\"inLanguage\":\"es\",\"@id\":\"https:\/\/letrame.com\/catalogo\/producto\/nadie-te-lo-dira-antes-de-partir\/#primaryimage\",\"url\":\"https:\/\/letrame.com\/catalogo\/wp-content\/uploads\/2024\/04\/Nadie-te-lo-dira-antes-de-partir-scaled-1.jpeg\",\"contentUrl\":\"https:\/\/letrame.com\/catalogo\/wp-content\/uploads\/2024\/04\/Nadie-te-lo-dira-antes-de-partir-scaled-1.jpeg\",\"width\":1746,\"height\":2560},{\"@type\":\"BreadcrumbList\",\"@id\":\"https:\/\/letrame.com\/catalogo\/producto\/nadie-te-lo-dira-antes-de-partir\/#breadcrumb\",\"itemListElement\":[{\"@type\":\"ListItem\",\"position\":1,\"name\":\"Portada\",\"item\":\"https:\/\/letrame.com\/catalogo\/\"},{\"@type\":\"ListItem\",\"position\":2,\"name\":\"Cat\u00e1logo\",\"item\":\"https:\/\/letrame.com\/catalogo\/\"},{\"@type\":\"ListItem\",\"position\":3,\"name\":\"Nadie te lo dir\u00e1 antes de partir\"}]},{\"@type\":\"WebSite\",\"@id\":\"https:\/\/letrame.com\/catalogo\/#website\",\"url\":\"https:\/\/letrame.com\/catalogo\/\",\"name\":\"Catalogo | Letrame Grupo Editorial\",\"description\":\"\",\"publisher\":{\"@id\":\"https:\/\/letrame.com\/catalogo\/#organization\"},\"potentialAction\":[{\"@type\":\"SearchAction\",\"target\":{\"@type\":\"EntryPoint\",\"urlTemplate\":\"https:\/\/letrame.com\/catalogo\/?s={search_term_string}\"},\"query-input\":{\"@type\":\"PropertyValueSpecification\",\"valueRequired\":true,\"valueName\":\"search_term_string\"}}],\"inLanguage\":\"es\"},{\"@type\":\"Organization\",\"@id\":\"https:\/\/letrame.com\/catalogo\/#organization\",\"name\":\"Catalogo | Letrame Grupo Editorial\",\"url\":\"https:\/\/letrame.com\/catalogo\/\",\"logo\":{\"@type\":\"ImageObject\",\"inLanguage\":\"es\",\"@id\":\"https:\/\/letrame.com\/catalogo\/#\/schema\/logo\/image\/\",\"url\":\"https:\/\/letrame.com\/catalogo\/wp-content\/uploads\/2024\/03\/logo2.webp\",\"contentUrl\":\"https:\/\/letrame.com\/catalogo\/wp-content\/uploads\/2024\/03\/logo2.webp\",\"width\":394,\"height\":128,\"caption\":\"Catalogo | Letrame Grupo Editorial\"},\"image\":{\"@id\":\"https:\/\/letrame.com\/catalogo\/#\/schema\/logo\/image\/\"}}]}<\/script>\n<!-- \/ Yoast SEO plugin. -->","yoast_head_json":{"title":"Nadie te lo dir\u00e1 antes de partir - Catalogo | Letrame Grupo Editorial","robots":{"index":"index","follow":"follow","max-snippet":"max-snippet:-1","max-image-preview":"max-image-preview:large","max-video-preview":"max-video-preview:-1"},"canonical":"https:\/\/letrame.com\/catalogo\/producto\/nadie-te-lo-dira-antes-de-partir\/","og_locale":"es_ES","og_type":"article","og_title":"Nadie te lo dir\u00e1 antes de partir - Catalogo | Letrame Grupo Editorial","og_description":"ISBN: 978-84-1114-006-5 Son muchos los retos que debe enfrentar el migrante venezolano en el exterior, sin embargo, los mayores obst\u00e1culos que se nos presentan durante nuestro exilio tienen que ver m\u00e1s con una cuesti\u00f3n de enfoque y falsas creencias que muchos desconoc\u00edamos antes de partir. Repasar las historias y los \u00e9xitos de aquellos que necesitaron tambi\u00e9n un refugio en tiempos pret\u00e9ritos, as\u00ed como el ahondar en la actualidad de los solicitantes de asilo en otras latitudes posee la fuerza capaz de mantenernos motivados mientras reconstruimos nuestras vidas.","og_url":"https:\/\/letrame.com\/catalogo\/producto\/nadie-te-lo-dira-antes-de-partir\/","og_site_name":"Catalogo | Letrame Grupo Editorial","article_modified_time":"2024-04-29T11:08:26+00:00","og_image":[{"width":1746,"height":2560,"url":"https:\/\/letrame.com\/catalogo\/wp-content\/uploads\/2024\/04\/Nadie-te-lo-dira-antes-de-partir-scaled-1.jpeg","type":"image\/jpeg"}],"twitter_card":"summary_large_image","twitter_misc":{"Tiempo de lectura":"1 minuto"},"schema":{"@context":"https:\/\/schema.org","@graph":[{"@type":"WebPage","@id":"https:\/\/letrame.com\/catalogo\/producto\/nadie-te-lo-dira-antes-de-partir\/","url":"https:\/\/letrame.com\/catalogo\/producto\/nadie-te-lo-dira-antes-de-partir\/","name":"Nadie te lo dir\u00e1 antes de partir - Catalogo | Letrame Grupo Editorial","isPartOf":{"@id":"https:\/\/letrame.com\/catalogo\/#website"},"primaryImageOfPage":{"@id":"https:\/\/letrame.com\/catalogo\/producto\/nadie-te-lo-dira-antes-de-partir\/#primaryimage"},"image":{"@id":"https:\/\/letrame.com\/catalogo\/producto\/nadie-te-lo-dira-antes-de-partir\/#primaryimage"},"thumbnailUrl":"https:\/\/letrame.com\/catalogo\/wp-content\/uploads\/2024\/04\/Nadie-te-lo-dira-antes-de-partir-scaled-1.jpeg","datePublished":"2024-04-29T11:08:06+00:00","dateModified":"2024-04-29T11:08:26+00:00","breadcrumb":{"@id":"https:\/\/letrame.com\/catalogo\/producto\/nadie-te-lo-dira-antes-de-partir\/#breadcrumb"},"inLanguage":"es","potentialAction":[{"@type":"ReadAction","target":["https:\/\/letrame.com\/catalogo\/producto\/nadie-te-lo-dira-antes-de-partir\/"]}]},{"@type":"ImageObject","inLanguage":"es","@id":"https:\/\/letrame.com\/catalogo\/producto\/nadie-te-lo-dira-antes-de-partir\/#primaryimage","url":"https:\/\/letrame.com\/catalogo\/wp-content\/uploads\/2024\/04\/Nadie-te-lo-dira-antes-de-partir-scaled-1.jpeg","contentUrl":"https:\/\/letrame.com\/catalogo\/wp-content\/uploads\/2024\/04\/Nadie-te-lo-dira-antes-de-partir-scaled-1.jpeg","width":1746,"height":2560},{"@type":"BreadcrumbList","@id":"https:\/\/letrame.com\/catalogo\/producto\/nadie-te-lo-dira-antes-de-partir\/#breadcrumb","itemListElement":[{"@type":"ListItem","position":1,"name":"Portada","item":"https:\/\/letrame.com\/catalogo\/"},{"@type":"ListItem","position":2,"name":"Cat\u00e1logo","item":"https:\/\/letrame.com\/catalogo\/"},{"@type":"ListItem","position":3,"name":"Nadie te lo dir\u00e1 antes de partir"}]},{"@type":"WebSite","@id":"https:\/\/letrame.com\/catalogo\/#website","url":"https:\/\/letrame.com\/catalogo\/","name":"Catalogo | Letrame Grupo Editorial","description":"","publisher":{"@id":"https:\/\/letrame.com\/catalogo\/#organization"},"potentialAction":[{"@type":"SearchAction","target":{"@type":"EntryPoint","urlTemplate":"https:\/\/letrame.com\/catalogo\/?s={search_term_string}"},"query-input":{"@type":"PropertyValueSpecification","valueRequired":true,"valueName":"search_term_string"}}],"inLanguage":"es"},{"@type":"Organization","@id":"https:\/\/letrame.com\/catalogo\/#organization","name":"Catalogo | Letrame Grupo Editorial","url":"https:\/\/letrame.com\/catalogo\/","logo":{"@type":"ImageObject","inLanguage":"es","@id":"https:\/\/letrame.com\/catalogo\/#\/schema\/logo\/image\/","url":"https:\/\/letrame.com\/catalogo\/wp-content\/uploads\/2024\/03\/logo2.webp","contentUrl":"https:\/\/letrame.com\/catalogo\/wp-content\/uploads\/2024\/03\/logo2.webp","width":394,"height":128,"caption":"Catalogo | Letrame Grupo Editorial"},"image":{"@id":"https:\/\/letrame.com\/catalogo\/#\/schema\/logo\/image\/"}}]}},"_links":{"self":[{"href":"https:\/\/letrame.com\/catalogo\/wp-json\/wp\/v2\/product\/97166","targetHints":{"allow":["GET"]}}],"collection":[{"href":"https:\/\/letrame.com\/catalogo\/wp-json\/wp\/v2\/product"}],"about":[{"href":"https:\/\/letrame.com\/catalogo\/wp-json\/wp\/v2\/types\/product"}],"replies":[{"embeddable":true,"href":"https:\/\/letrame.com\/catalogo\/wp-json\/wp\/v2\/comments?post=97166"}],"wp:featuredmedia":[{"embeddable":true,"href":"https:\/\/letrame.com\/catalogo\/wp-json\/wp\/v2\/media\/97167"}],"wp:attachment":[{"href":"https:\/\/letrame.com\/catalogo\/wp-json\/wp\/v2\/media?parent=97166"}],"wp:term":[{"taxonomy":"libro","embeddable":true,"href":"https:\/\/letrame.com\/catalogo\/wp-json\/wp\/v2\/libro?post=97166"},{"taxonomy":"product_brand","embeddable":true,"href":"https:\/\/letrame.com\/catalogo\/wp-json\/wp\/v2\/product_brand?post=97166"},{"taxonomy":"product_cat","embeddable":true,"href":"https:\/\/letrame.com\/catalogo\/wp-json\/wp\/v2\/product_cat?post=97166"},{"taxonomy":"product_tag","embeddable":true,"href":"https:\/\/letrame.com\/catalogo\/wp-json\/wp\/v2\/product_tag?post=97166"}],"curies":[{"name":"wp","href":"https:\/\/api.w.org\/{rel}","templated":true}]}}