{"id":97143,"date":"2024-04-29T13:04:17","date_gmt":"2024-04-29T11:04:17","guid":{"rendered":"https:\/\/letrame.com\/catalogo\/producto\/la-liberacion-de-astron\/"},"modified":"2024-05-16T14:50:27","modified_gmt":"2024-05-16T12:50:27","slug":"la-liberacion-de-astron","status":"publish","type":"product","link":"https:\/\/letrame.com\/catalogo\/producto\/la-liberacion-de-astron\/","title":{"rendered":"La liberaci\u00f3n de Astron"},"content":{"rendered":"<div class=\"page\" title=\"Page 6\">\n<div class=\"layoutArea\">\n<div class=\"column\">\n<p><strong>ISBN<\/strong>: 978-84-1386-494-5<\/p>\n<\/div>\n<\/div>\n<\/div>\n<p><b>T\u00edtulo<\/b><span style=\"font-weight: 400;\">: La liberaci\u00f3n de Astron<\/span><span style=\"font-weight: 400;\"><br \/>\n<\/span><b>Fecha<\/b><span style=\"font-weight: 400;\">: 2021<\/span><span style=\"font-weight: 400;\"><br \/>\n<\/span><b>P\u00e1ginas<\/b><span style=\"font-weight: 400;\">: 128<\/span><\/p>\n<p><b>SINOPSIS<\/b><\/p>\n<p>Cuando Abad\u00f3n vuelve a dar se\u00f1ales de vida, el joven Can\u00e1 tiene que huir para evitar unas ansias de venganza volcadas sobre \u00e9l al ser hijo de Misrain, quien frustr\u00f3 su intento de gobernar Astron. A trav\u00e9s de historias orales e investigaciones en diferentes planetas, sus habitantes descubrir\u00e1n que solo juntos pueden ser capaces de averiguar la verdad si dejan sus diferencias a un lado.<\/p>\n","protected":false},"excerpt":{"rendered":"<div class=\"page\" title=\"Page 6\">\n<div class=\"layoutArea\">\n<div class=\"column\">\n<p><strong>ISBN: 978-84-1386-494-5<\/strong><\/p>\n<p>Cuando Abad\u00f3n vuelve a dar se\u00f1ales de vida, el joven Can\u00e1 tiene que huir para evitar unas ansias de venganza volcadas sobre \u00e9l al ser hijo de Misrain, quien frustr\u00f3 su intento de gobernar Astron. A trav\u00e9s de historias orales e investigaciones en diferentes planetas, sus habitantes descubrir\u00e1n que solo juntos pueden ser capaces de averiguar la verdad si dejan sus diferencias a un lado.<\/p>\n<\/div>\n<\/div>\n<\/div>\n","protected":false},"featured_media":100291,"comment_status":"closed","ping_status":"closed","template":"","meta":{"_acf_changed":false},"libro":[],"product_brand":[],"product_cat":[16],"product_tag":[],"class_list":{"0":"post-97143","1":"product","2":"type-product","3":"status-publish","4":"has-post-thumbnail","6":"product_cat-novela","8":"first","9":"instock","10":"purchasable","11":"product-type-simple"},"acf":{"autor":[75761],"enlace_de_compra":"https:\/\/www.amazon.es\/liberaci%C3%B3n-Astron-1-Novela\/dp\/8413864941\/ref=sr_1_1?__mk_es_ES=%C3%85M%C3%85%C5%BD%C3%95%C3%91&amp;dchild=1&amp;keywords=Letrame+S.L.La+liberaci%C3%B3n+de+Astron&amp;qid=1634741127&amp;sr=8-1"},"yoast_head":"<!-- This site is optimized with the Yoast SEO plugin v26.6 - https:\/\/yoast.com\/wordpress\/plugins\/seo\/ -->\n<title>La liberaci\u00f3n de Astron - Catalogo | Letrame Grupo Editorial<\/title>\n<meta name=\"robots\" content=\"index, follow, max-snippet:-1, max-image-preview:large, max-video-preview:-1\" \/>\n<link rel=\"canonical\" href=\"https:\/\/letrame.com\/catalogo\/producto\/la-liberacion-de-astron\/\" \/>\n<meta property=\"og:locale\" content=\"es_ES\" \/>\n<meta property=\"og:type\" content=\"article\" \/>\n<meta property=\"og:title\" content=\"La liberaci\u00f3n de Astron - Catalogo | Letrame Grupo Editorial\" \/>\n<meta property=\"og:description\" content=\"ISBN: 978-84-1386-494-5  Cuando Abad\u00f3n vuelve a dar se\u00f1ales de vida, el joven Can\u00e1 tiene que huir para evitar unas ansias de venganza volcadas sobre \u00e9l al ser hijo de Misrain, quien frustr\u00f3 su intento de gobernar Astron. A trav\u00e9s de historias orales e investigaciones en diferentes planetas, sus habitantes descubrir\u00e1n que solo juntos pueden ser capaces de averiguar la verdad si dejan sus diferencias a un lado.\" \/>\n<meta property=\"og:url\" content=\"https:\/\/letrame.com\/catalogo\/producto\/la-liberacion-de-astron\/\" \/>\n<meta property=\"og:site_name\" content=\"Catalogo | Letrame Grupo Editorial\" \/>\n<meta property=\"article:modified_time\" content=\"2024-05-16T12:50:27+00:00\" \/>\n<meta property=\"og:image\" content=\"https:\/\/letrame.com\/catalogo\/wp-content\/uploads\/2024\/04\/La-liberacion-de-Astron-scaled-1.webp\" \/>\n\t<meta property=\"og:image:width\" content=\"1746\" \/>\n\t<meta property=\"og:image:height\" content=\"2560\" \/>\n\t<meta property=\"og:image:type\" content=\"image\/webp\" \/>\n<meta name=\"twitter:card\" content=\"summary_large_image\" \/>\n<meta name=\"twitter:label1\" content=\"Tiempo de lectura\" \/>\n\t<meta name=\"twitter:data1\" content=\"1 minuto\" \/>\n<script type=\"application\/ld+json\" class=\"yoast-schema-graph\">{\"@context\":\"https:\/\/schema.org\",\"@graph\":[{\"@type\":\"WebPage\",\"@id\":\"https:\/\/letrame.com\/catalogo\/producto\/la-liberacion-de-astron\/\",\"url\":\"https:\/\/letrame.com\/catalogo\/producto\/la-liberacion-de-astron\/\",\"name\":\"La liberaci\u00f3n de Astron - Catalogo | Letrame Grupo Editorial\",\"isPartOf\":{\"@id\":\"https:\/\/letrame.com\/catalogo\/#website\"},\"primaryImageOfPage\":{\"@id\":\"https:\/\/letrame.com\/catalogo\/producto\/la-liberacion-de-astron\/#primaryimage\"},\"image\":{\"@id\":\"https:\/\/letrame.com\/catalogo\/producto\/la-liberacion-de-astron\/#primaryimage\"},\"thumbnailUrl\":\"https:\/\/letrame.com\/catalogo\/wp-content\/uploads\/2024\/04\/La-liberacion-de-Astron-scaled-1.webp\",\"datePublished\":\"2024-04-29T11:04:17+00:00\",\"dateModified\":\"2024-05-16T12:50:27+00:00\",\"breadcrumb\":{\"@id\":\"https:\/\/letrame.com\/catalogo\/producto\/la-liberacion-de-astron\/#breadcrumb\"},\"inLanguage\":\"es\",\"potentialAction\":[{\"@type\":\"ReadAction\",\"target\":[\"https:\/\/letrame.com\/catalogo\/producto\/la-liberacion-de-astron\/\"]}]},{\"@type\":\"ImageObject\",\"inLanguage\":\"es\",\"@id\":\"https:\/\/letrame.com\/catalogo\/producto\/la-liberacion-de-astron\/#primaryimage\",\"url\":\"https:\/\/letrame.com\/catalogo\/wp-content\/uploads\/2024\/04\/La-liberacion-de-Astron-scaled-1.webp\",\"contentUrl\":\"https:\/\/letrame.com\/catalogo\/wp-content\/uploads\/2024\/04\/La-liberacion-de-Astron-scaled-1.webp\",\"width\":1746,\"height\":2560},{\"@type\":\"BreadcrumbList\",\"@id\":\"https:\/\/letrame.com\/catalogo\/producto\/la-liberacion-de-astron\/#breadcrumb\",\"itemListElement\":[{\"@type\":\"ListItem\",\"position\":1,\"name\":\"Portada\",\"item\":\"https:\/\/letrame.com\/catalogo\/\"},{\"@type\":\"ListItem\",\"position\":2,\"name\":\"Cat\u00e1logo\",\"item\":\"https:\/\/letrame.com\/catalogo\/\"},{\"@type\":\"ListItem\",\"position\":3,\"name\":\"La liberaci\u00f3n de Astron\"}]},{\"@type\":\"WebSite\",\"@id\":\"https:\/\/letrame.com\/catalogo\/#website\",\"url\":\"https:\/\/letrame.com\/catalogo\/\",\"name\":\"Catalogo | Letrame Grupo Editorial\",\"description\":\"\",\"publisher\":{\"@id\":\"https:\/\/letrame.com\/catalogo\/#organization\"},\"potentialAction\":[{\"@type\":\"SearchAction\",\"target\":{\"@type\":\"EntryPoint\",\"urlTemplate\":\"https:\/\/letrame.com\/catalogo\/?s={search_term_string}\"},\"query-input\":{\"@type\":\"PropertyValueSpecification\",\"valueRequired\":true,\"valueName\":\"search_term_string\"}}],\"inLanguage\":\"es\"},{\"@type\":\"Organization\",\"@id\":\"https:\/\/letrame.com\/catalogo\/#organization\",\"name\":\"Catalogo | Letrame Grupo Editorial\",\"url\":\"https:\/\/letrame.com\/catalogo\/\",\"logo\":{\"@type\":\"ImageObject\",\"inLanguage\":\"es\",\"@id\":\"https:\/\/letrame.com\/catalogo\/#\/schema\/logo\/image\/\",\"url\":\"https:\/\/letrame.com\/catalogo\/wp-content\/uploads\/2024\/03\/logo2.webp\",\"contentUrl\":\"https:\/\/letrame.com\/catalogo\/wp-content\/uploads\/2024\/03\/logo2.webp\",\"width\":394,\"height\":128,\"caption\":\"Catalogo | Letrame Grupo Editorial\"},\"image\":{\"@id\":\"https:\/\/letrame.com\/catalogo\/#\/schema\/logo\/image\/\"}}]}<\/script>\n<!-- \/ Yoast SEO plugin. -->","yoast_head_json":{"title":"La liberaci\u00f3n de Astron - Catalogo | Letrame Grupo Editorial","robots":{"index":"index","follow":"follow","max-snippet":"max-snippet:-1","max-image-preview":"max-image-preview:large","max-video-preview":"max-video-preview:-1"},"canonical":"https:\/\/letrame.com\/catalogo\/producto\/la-liberacion-de-astron\/","og_locale":"es_ES","og_type":"article","og_title":"La liberaci\u00f3n de Astron - Catalogo | Letrame Grupo Editorial","og_description":"ISBN: 978-84-1386-494-5  Cuando Abad\u00f3n vuelve a dar se\u00f1ales de vida, el joven Can\u00e1 tiene que huir para evitar unas ansias de venganza volcadas sobre \u00e9l al ser hijo de Misrain, quien frustr\u00f3 su intento de gobernar Astron. A trav\u00e9s de historias orales e investigaciones en diferentes planetas, sus habitantes descubrir\u00e1n que solo juntos pueden ser capaces de averiguar la verdad si dejan sus diferencias a un lado.","og_url":"https:\/\/letrame.com\/catalogo\/producto\/la-liberacion-de-astron\/","og_site_name":"Catalogo | Letrame Grupo Editorial","article_modified_time":"2024-05-16T12:50:27+00:00","og_image":[{"width":1746,"height":2560,"url":"https:\/\/letrame.com\/catalogo\/wp-content\/uploads\/2024\/04\/La-liberacion-de-Astron-scaled-1.webp","type":"image\/webp"}],"twitter_card":"summary_large_image","twitter_misc":{"Tiempo de lectura":"1 minuto"},"schema":{"@context":"https:\/\/schema.org","@graph":[{"@type":"WebPage","@id":"https:\/\/letrame.com\/catalogo\/producto\/la-liberacion-de-astron\/","url":"https:\/\/letrame.com\/catalogo\/producto\/la-liberacion-de-astron\/","name":"La liberaci\u00f3n de Astron - Catalogo | Letrame Grupo Editorial","isPartOf":{"@id":"https:\/\/letrame.com\/catalogo\/#website"},"primaryImageOfPage":{"@id":"https:\/\/letrame.com\/catalogo\/producto\/la-liberacion-de-astron\/#primaryimage"},"image":{"@id":"https:\/\/letrame.com\/catalogo\/producto\/la-liberacion-de-astron\/#primaryimage"},"thumbnailUrl":"https:\/\/letrame.com\/catalogo\/wp-content\/uploads\/2024\/04\/La-liberacion-de-Astron-scaled-1.webp","datePublished":"2024-04-29T11:04:17+00:00","dateModified":"2024-05-16T12:50:27+00:00","breadcrumb":{"@id":"https:\/\/letrame.com\/catalogo\/producto\/la-liberacion-de-astron\/#breadcrumb"},"inLanguage":"es","potentialAction":[{"@type":"ReadAction","target":["https:\/\/letrame.com\/catalogo\/producto\/la-liberacion-de-astron\/"]}]},{"@type":"ImageObject","inLanguage":"es","@id":"https:\/\/letrame.com\/catalogo\/producto\/la-liberacion-de-astron\/#primaryimage","url":"https:\/\/letrame.com\/catalogo\/wp-content\/uploads\/2024\/04\/La-liberacion-de-Astron-scaled-1.webp","contentUrl":"https:\/\/letrame.com\/catalogo\/wp-content\/uploads\/2024\/04\/La-liberacion-de-Astron-scaled-1.webp","width":1746,"height":2560},{"@type":"BreadcrumbList","@id":"https:\/\/letrame.com\/catalogo\/producto\/la-liberacion-de-astron\/#breadcrumb","itemListElement":[{"@type":"ListItem","position":1,"name":"Portada","item":"https:\/\/letrame.com\/catalogo\/"},{"@type":"ListItem","position":2,"name":"Cat\u00e1logo","item":"https:\/\/letrame.com\/catalogo\/"},{"@type":"ListItem","position":3,"name":"La liberaci\u00f3n de Astron"}]},{"@type":"WebSite","@id":"https:\/\/letrame.com\/catalogo\/#website","url":"https:\/\/letrame.com\/catalogo\/","name":"Catalogo | Letrame Grupo Editorial","description":"","publisher":{"@id":"https:\/\/letrame.com\/catalogo\/#organization"},"potentialAction":[{"@type":"SearchAction","target":{"@type":"EntryPoint","urlTemplate":"https:\/\/letrame.com\/catalogo\/?s={search_term_string}"},"query-input":{"@type":"PropertyValueSpecification","valueRequired":true,"valueName":"search_term_string"}}],"inLanguage":"es"},{"@type":"Organization","@id":"https:\/\/letrame.com\/catalogo\/#organization","name":"Catalogo | Letrame Grupo Editorial","url":"https:\/\/letrame.com\/catalogo\/","logo":{"@type":"ImageObject","inLanguage":"es","@id":"https:\/\/letrame.com\/catalogo\/#\/schema\/logo\/image\/","url":"https:\/\/letrame.com\/catalogo\/wp-content\/uploads\/2024\/03\/logo2.webp","contentUrl":"https:\/\/letrame.com\/catalogo\/wp-content\/uploads\/2024\/03\/logo2.webp","width":394,"height":128,"caption":"Catalogo | Letrame Grupo Editorial"},"image":{"@id":"https:\/\/letrame.com\/catalogo\/#\/schema\/logo\/image\/"}}]}},"_links":{"self":[{"href":"https:\/\/letrame.com\/catalogo\/wp-json\/wp\/v2\/product\/97143","targetHints":{"allow":["GET"]}}],"collection":[{"href":"https:\/\/letrame.com\/catalogo\/wp-json\/wp\/v2\/product"}],"about":[{"href":"https:\/\/letrame.com\/catalogo\/wp-json\/wp\/v2\/types\/product"}],"replies":[{"embeddable":true,"href":"https:\/\/letrame.com\/catalogo\/wp-json\/wp\/v2\/comments?post=97143"}],"acf:post":[{"embeddable":true,"href":"https:\/\/letrame.com\/catalogo\/wp-json\/wp\/v2\/author_book\/75761"}],"wp:featuredmedia":[{"embeddable":true,"href":"https:\/\/letrame.com\/catalogo\/wp-json\/wp\/v2\/media\/100291"}],"wp:attachment":[{"href":"https:\/\/letrame.com\/catalogo\/wp-json\/wp\/v2\/media?parent=97143"}],"wp:term":[{"taxonomy":"libro","embeddable":true,"href":"https:\/\/letrame.com\/catalogo\/wp-json\/wp\/v2\/libro?post=97143"},{"taxonomy":"product_brand","embeddable":true,"href":"https:\/\/letrame.com\/catalogo\/wp-json\/wp\/v2\/product_brand?post=97143"},{"taxonomy":"product_cat","embeddable":true,"href":"https:\/\/letrame.com\/catalogo\/wp-json\/wp\/v2\/product_cat?post=97143"},{"taxonomy":"product_tag","embeddable":true,"href":"https:\/\/letrame.com\/catalogo\/wp-json\/wp\/v2\/product_tag?post=97143"}],"curies":[{"name":"wp","href":"https:\/\/api.w.org\/{rel}","templated":true}]}}