{"id":97142,"date":"2024-04-29T13:04:17","date_gmt":"2024-04-29T11:04:17","guid":{"rendered":"https:\/\/letrame.com\/catalogo\/producto\/el-pri_ncipe-el-leon-y-los-cuatro-vientosl\/"},"modified":"2024-05-16T14:50:58","modified_gmt":"2024-05-16T12:50:58","slug":"el-principe-el-leon-y-los-cuatro-vientos","status":"publish","type":"product","link":"https:\/\/letrame.com\/catalogo\/producto\/el-principe-el-leon-y-los-cuatro-vientos\/","title":{"rendered":"El pr\u00edncipe, el Le\u00f3n y los cuatro vientos"},"content":{"rendered":"<div class=\"page\" title=\"Page 6\">\n<div class=\"layoutArea\">\n<div class=\"column\">\n<p><strong>ISBN<\/strong>: 978-84-1386-992-6<\/p>\n<\/div>\n<\/div>\n<\/div>\n<p><b>T\u00edtulo<\/b><span style=\"font-weight: 400;\">: El pr\u00edncipe, el Le\u00f3n y los cuatro vientos<\/span><br \/>\n<b>Fecha<\/b><span style=\"font-weight: 400;\">: 2021<\/span><span style=\"font-weight: 400;\"><br \/>\n<\/span><b>P\u00e1ginas<\/b><span style=\"font-weight: 400;\">:\u00a0<\/span><\/p>\n<p><b>SINOPSIS<\/b><\/p>\n<p>Cuando Esteban, un joven aspirante a escritor, llega a las tierras de Iddenlost, se abre ante \u00e9l un mundo de fantas\u00eda y aventuras sin igual.<\/p>\n<p>Las antiguas profec\u00edas del lugar apuntan a que un d\u00eda el elegido llegar\u00e1 para acabar con el Drag\u00f3n Oscuro y sus huestes de maldad.<\/p>\n<p>\u00bfSer\u00e1 \u00e9l? \u00bfPodr\u00e1 el joven escritor estar a la altura del desaf\u00edo que se le presenta?<\/p>\n<p>Acompa\u00f1ado por Armust, se\u00f1or de los felinos, los cuatro vientos de la tierra y una valerosa heredera al trono de Iddenlost, Esteban tendr\u00e1 que aprender a luchar por su vida y defender los derechos de todos los habitantes de las tierras libres.<\/p>\n<p>Influenciado por la lectura de la obra de C. S. Lewis y J. R. R. Tolkien, el autor ha creado un mundo fant\u00e1stico donde todo es posible.<\/p>\n<p>&nbsp;<\/p>\n<p>&nbsp;<\/p>\n<p><a href=\"http:\/\/www.fernandobaeza.es\">www.fernandobaeza.es<\/a><\/p>\n","protected":false},"excerpt":{"rendered":"<div class=\"page\" title=\"Page 6\">\n<div class=\"layoutArea\">\n<div class=\"column\">\n<p><strong>ISBN: 978-84-1386-992-6<\/strong><\/p>\n<p>Cuando Esteban, un joven aspirante a escritor, llega a las tierras de Iddenlost, se abre ante \u00e9l un mundo de fantas\u00eda y aventuras sin igual.<\/p>\n<p>Las antiguas profec\u00edas del lugar apuntan a que un d\u00eda el elegido llegar\u00e1 para acabar con el Drag\u00f3n Oscuro y sus huestes de maldad.<\/p>\n<p>\u00bfSer\u00e1 \u00e9l? \u00bfPodr\u00e1 el joven escritor estar a la altura del desaf\u00edo que se le presenta?<\/p>\n<p>Acompa\u00f1ado por Armust, se\u00f1or de los felinos, los cuatro vientos de la tierra y una valerosa heredera al trono de Iddenlost, Esteban tendr\u00e1 que aprender a luchar por su vida y defender los derechos de todos los habitantes de las tierras libres.<\/p>\n<p>Influenciado por la lectura de la obra de C. S. Lewis y J. R. R. Tolkien, el autor ha creado un mundo fant\u00e1stico donde todo es posible.<\/p>\n<p><a href=\"http:\/\/www.fernandobaeza.es\">www.fernandobaeza.es<\/a><\/p>\n<\/div>\n<\/div>\n<\/div>\n","protected":false},"featured_media":100290,"comment_status":"closed","ping_status":"closed","template":"","meta":{"_acf_changed":false},"libro":[],"product_brand":[],"product_cat":[16],"product_tag":[],"class_list":{"0":"post-97142","1":"product","2":"type-product","3":"status-publish","4":"has-post-thumbnail","6":"product_cat-novela","8":"first","9":"instock","10":"purchasable","11":"product-type-simple"},"acf":{"autor":[75760],"enlace_de_compra":"http:\/\/www.fernandobaeza.es"},"yoast_head":"<!-- This site is optimized with the Yoast SEO plugin v27.4 - https:\/\/yoast.com\/product\/yoast-seo-wordpress\/ -->\n<title>El pr\u00edncipe, el Le\u00f3n y los cuatro vientos - Catalogo | Letrame Grupo Editorial<\/title>\n<meta name=\"robots\" content=\"index, follow, max-snippet:-1, max-image-preview:large, max-video-preview:-1\" \/>\n<link rel=\"canonical\" href=\"https:\/\/letrame.com\/catalogo\/producto\/el-principe-el-leon-y-los-cuatro-vientos\/\" \/>\n<meta property=\"og:locale\" content=\"es_ES\" \/>\n<meta property=\"og:type\" content=\"article\" \/>\n<meta property=\"og:title\" content=\"El pr\u00edncipe, el Le\u00f3n y los cuatro vientos - Catalogo | Letrame Grupo Editorial\" \/>\n<meta property=\"og:description\" content=\"ISBN: 978-84-1386-992-6  Cuando Esteban, un joven aspirante a escritor, llega a las tierras de Iddenlost, se abre ante \u00e9l un mundo de fantas\u00eda y aventuras sin igual.  Las antiguas profec\u00edas del lugar apuntan a que un d\u00eda el elegido llegar\u00e1 para acabar con el Drag\u00f3n Oscuro y sus huestes de maldad.  \u00bfSer\u00e1 \u00e9l? \u00bfPodr\u00e1 el joven escritor estar a la altura del desaf\u00edo que se le presenta?  Acompa\u00f1ado por Armust, se\u00f1or de los felinos, los cuatro vientos de la tierra y una valerosa heredera al trono de Iddenlost, Esteban tendr\u00e1 que aprender a luchar por su vida y defender los derechos de todos los habitantes de las tierras libres.  Influenciado por la lectura de la obra de C. S. Lewis y J. R. R. Tolkien, el autor ha creado un mundo fant\u00e1stico donde todo es posible.  www.fernandobaeza.es\" \/>\n<meta property=\"og:url\" content=\"https:\/\/letrame.com\/catalogo\/producto\/el-principe-el-leon-y-los-cuatro-vientos\/\" \/>\n<meta property=\"og:site_name\" content=\"Catalogo | Letrame Grupo Editorial\" \/>\n<meta property=\"article:modified_time\" content=\"2024-05-16T12:50:58+00:00\" \/>\n<meta property=\"og:image\" content=\"https:\/\/letrame.com\/catalogo\/wp-content\/uploads\/2024\/04\/El-principe-el-leon-y-los-cuatro-vientos-scaled-1.webp\" \/>\n\t<meta property=\"og:image:width\" content=\"1746\" \/>\n\t<meta property=\"og:image:height\" content=\"2560\" \/>\n\t<meta property=\"og:image:type\" content=\"image\/webp\" \/>\n<meta name=\"twitter:card\" content=\"summary_large_image\" \/>\n<meta name=\"twitter:label1\" content=\"Tiempo de lectura\" \/>\n\t<meta name=\"twitter:data1\" content=\"1 minuto\" \/>\n<script type=\"application\/ld+json\" class=\"yoast-schema-graph\">{\"@context\":\"https:\\\/\\\/schema.org\",\"@graph\":[{\"@type\":\"WebPage\",\"@id\":\"https:\\\/\\\/letrame.com\\\/catalogo\\\/producto\\\/el-principe-el-leon-y-los-cuatro-vientos\\\/\",\"url\":\"https:\\\/\\\/letrame.com\\\/catalogo\\\/producto\\\/el-principe-el-leon-y-los-cuatro-vientos\\\/\",\"name\":\"El pr\u00edncipe, el Le\u00f3n y los cuatro vientos - Catalogo | Letrame Grupo Editorial\",\"isPartOf\":{\"@id\":\"https:\\\/\\\/letrame.com\\\/catalogo\\\/#website\"},\"primaryImageOfPage\":{\"@id\":\"https:\\\/\\\/letrame.com\\\/catalogo\\\/producto\\\/el-principe-el-leon-y-los-cuatro-vientos\\\/#primaryimage\"},\"image\":{\"@id\":\"https:\\\/\\\/letrame.com\\\/catalogo\\\/producto\\\/el-principe-el-leon-y-los-cuatro-vientos\\\/#primaryimage\"},\"thumbnailUrl\":\"https:\\\/\\\/letrame.com\\\/catalogo\\\/wp-content\\\/uploads\\\/2024\\\/04\\\/El-principe-el-leon-y-los-cuatro-vientos-scaled-1.webp\",\"datePublished\":\"2024-04-29T11:04:17+00:00\",\"dateModified\":\"2024-05-16T12:50:58+00:00\",\"breadcrumb\":{\"@id\":\"https:\\\/\\\/letrame.com\\\/catalogo\\\/producto\\\/el-principe-el-leon-y-los-cuatro-vientos\\\/#breadcrumb\"},\"inLanguage\":\"es\",\"potentialAction\":[{\"@type\":\"ReadAction\",\"target\":[\"https:\\\/\\\/letrame.com\\\/catalogo\\\/producto\\\/el-principe-el-leon-y-los-cuatro-vientos\\\/\"]}]},{\"@type\":\"ImageObject\",\"inLanguage\":\"es\",\"@id\":\"https:\\\/\\\/letrame.com\\\/catalogo\\\/producto\\\/el-principe-el-leon-y-los-cuatro-vientos\\\/#primaryimage\",\"url\":\"https:\\\/\\\/letrame.com\\\/catalogo\\\/wp-content\\\/uploads\\\/2024\\\/04\\\/El-principe-el-leon-y-los-cuatro-vientos-scaled-1.webp\",\"contentUrl\":\"https:\\\/\\\/letrame.com\\\/catalogo\\\/wp-content\\\/uploads\\\/2024\\\/04\\\/El-principe-el-leon-y-los-cuatro-vientos-scaled-1.webp\",\"width\":1746,\"height\":2560},{\"@type\":\"BreadcrumbList\",\"@id\":\"https:\\\/\\\/letrame.com\\\/catalogo\\\/producto\\\/el-principe-el-leon-y-los-cuatro-vientos\\\/#breadcrumb\",\"itemListElement\":[{\"@type\":\"ListItem\",\"position\":1,\"name\":\"Portada\",\"item\":\"https:\\\/\\\/letrame.com\\\/catalogo\\\/\"},{\"@type\":\"ListItem\",\"position\":2,\"name\":\"Cat\u00e1logo\",\"item\":\"https:\\\/\\\/letrame.com\\\/catalogo\\\/\"},{\"@type\":\"ListItem\",\"position\":3,\"name\":\"El pr\u00edncipe, el Le\u00f3n y los cuatro vientos\"}]},{\"@type\":\"WebSite\",\"@id\":\"https:\\\/\\\/letrame.com\\\/catalogo\\\/#website\",\"url\":\"https:\\\/\\\/letrame.com\\\/catalogo\\\/\",\"name\":\"Catalogo | Letrame Grupo Editorial\",\"description\":\"\",\"publisher\":{\"@id\":\"https:\\\/\\\/letrame.com\\\/catalogo\\\/#organization\"},\"potentialAction\":[{\"@type\":\"SearchAction\",\"target\":{\"@type\":\"EntryPoint\",\"urlTemplate\":\"https:\\\/\\\/letrame.com\\\/catalogo\\\/?s={search_term_string}\"},\"query-input\":{\"@type\":\"PropertyValueSpecification\",\"valueRequired\":true,\"valueName\":\"search_term_string\"}}],\"inLanguage\":\"es\"},{\"@type\":\"Organization\",\"@id\":\"https:\\\/\\\/letrame.com\\\/catalogo\\\/#organization\",\"name\":\"Catalogo | Letrame Grupo Editorial\",\"url\":\"https:\\\/\\\/letrame.com\\\/catalogo\\\/\",\"logo\":{\"@type\":\"ImageObject\",\"inLanguage\":\"es\",\"@id\":\"https:\\\/\\\/letrame.com\\\/catalogo\\\/#\\\/schema\\\/logo\\\/image\\\/\",\"url\":\"https:\\\/\\\/letrame.com\\\/catalogo\\\/wp-content\\\/uploads\\\/2024\\\/03\\\/logo2.webp\",\"contentUrl\":\"https:\\\/\\\/letrame.com\\\/catalogo\\\/wp-content\\\/uploads\\\/2024\\\/03\\\/logo2.webp\",\"width\":394,\"height\":128,\"caption\":\"Catalogo | Letrame Grupo Editorial\"},\"image\":{\"@id\":\"https:\\\/\\\/letrame.com\\\/catalogo\\\/#\\\/schema\\\/logo\\\/image\\\/\"}}]}<\/script>\n<!-- \/ Yoast SEO plugin. -->","yoast_head_json":{"title":"El pr\u00edncipe, el Le\u00f3n y los cuatro vientos - Catalogo | Letrame Grupo Editorial","robots":{"index":"index","follow":"follow","max-snippet":"max-snippet:-1","max-image-preview":"max-image-preview:large","max-video-preview":"max-video-preview:-1"},"canonical":"https:\/\/letrame.com\/catalogo\/producto\/el-principe-el-leon-y-los-cuatro-vientos\/","og_locale":"es_ES","og_type":"article","og_title":"El pr\u00edncipe, el Le\u00f3n y los cuatro vientos - Catalogo | Letrame Grupo Editorial","og_description":"ISBN: 978-84-1386-992-6  Cuando Esteban, un joven aspirante a escritor, llega a las tierras de Iddenlost, se abre ante \u00e9l un mundo de fantas\u00eda y aventuras sin igual.  Las antiguas profec\u00edas del lugar apuntan a que un d\u00eda el elegido llegar\u00e1 para acabar con el Drag\u00f3n Oscuro y sus huestes de maldad.  \u00bfSer\u00e1 \u00e9l? \u00bfPodr\u00e1 el joven escritor estar a la altura del desaf\u00edo que se le presenta?  Acompa\u00f1ado por Armust, se\u00f1or de los felinos, los cuatro vientos de la tierra y una valerosa heredera al trono de Iddenlost, Esteban tendr\u00e1 que aprender a luchar por su vida y defender los derechos de todos los habitantes de las tierras libres.  Influenciado por la lectura de la obra de C. S. Lewis y J. R. R. Tolkien, el autor ha creado un mundo fant\u00e1stico donde todo es posible.  www.fernandobaeza.es","og_url":"https:\/\/letrame.com\/catalogo\/producto\/el-principe-el-leon-y-los-cuatro-vientos\/","og_site_name":"Catalogo | Letrame Grupo Editorial","article_modified_time":"2024-05-16T12:50:58+00:00","og_image":[{"width":1746,"height":2560,"url":"https:\/\/letrame.com\/catalogo\/wp-content\/uploads\/2024\/04\/El-principe-el-leon-y-los-cuatro-vientos-scaled-1.webp","type":"image\/webp"}],"twitter_card":"summary_large_image","twitter_misc":{"Tiempo de lectura":"1 minuto"},"schema":{"@context":"https:\/\/schema.org","@graph":[{"@type":"WebPage","@id":"https:\/\/letrame.com\/catalogo\/producto\/el-principe-el-leon-y-los-cuatro-vientos\/","url":"https:\/\/letrame.com\/catalogo\/producto\/el-principe-el-leon-y-los-cuatro-vientos\/","name":"El pr\u00edncipe, el Le\u00f3n y los cuatro vientos - Catalogo | Letrame Grupo Editorial","isPartOf":{"@id":"https:\/\/letrame.com\/catalogo\/#website"},"primaryImageOfPage":{"@id":"https:\/\/letrame.com\/catalogo\/producto\/el-principe-el-leon-y-los-cuatro-vientos\/#primaryimage"},"image":{"@id":"https:\/\/letrame.com\/catalogo\/producto\/el-principe-el-leon-y-los-cuatro-vientos\/#primaryimage"},"thumbnailUrl":"https:\/\/letrame.com\/catalogo\/wp-content\/uploads\/2024\/04\/El-principe-el-leon-y-los-cuatro-vientos-scaled-1.webp","datePublished":"2024-04-29T11:04:17+00:00","dateModified":"2024-05-16T12:50:58+00:00","breadcrumb":{"@id":"https:\/\/letrame.com\/catalogo\/producto\/el-principe-el-leon-y-los-cuatro-vientos\/#breadcrumb"},"inLanguage":"es","potentialAction":[{"@type":"ReadAction","target":["https:\/\/letrame.com\/catalogo\/producto\/el-principe-el-leon-y-los-cuatro-vientos\/"]}]},{"@type":"ImageObject","inLanguage":"es","@id":"https:\/\/letrame.com\/catalogo\/producto\/el-principe-el-leon-y-los-cuatro-vientos\/#primaryimage","url":"https:\/\/letrame.com\/catalogo\/wp-content\/uploads\/2024\/04\/El-principe-el-leon-y-los-cuatro-vientos-scaled-1.webp","contentUrl":"https:\/\/letrame.com\/catalogo\/wp-content\/uploads\/2024\/04\/El-principe-el-leon-y-los-cuatro-vientos-scaled-1.webp","width":1746,"height":2560},{"@type":"BreadcrumbList","@id":"https:\/\/letrame.com\/catalogo\/producto\/el-principe-el-leon-y-los-cuatro-vientos\/#breadcrumb","itemListElement":[{"@type":"ListItem","position":1,"name":"Portada","item":"https:\/\/letrame.com\/catalogo\/"},{"@type":"ListItem","position":2,"name":"Cat\u00e1logo","item":"https:\/\/letrame.com\/catalogo\/"},{"@type":"ListItem","position":3,"name":"El pr\u00edncipe, el Le\u00f3n y los cuatro vientos"}]},{"@type":"WebSite","@id":"https:\/\/letrame.com\/catalogo\/#website","url":"https:\/\/letrame.com\/catalogo\/","name":"Catalogo | Letrame Grupo Editorial","description":"","publisher":{"@id":"https:\/\/letrame.com\/catalogo\/#organization"},"potentialAction":[{"@type":"SearchAction","target":{"@type":"EntryPoint","urlTemplate":"https:\/\/letrame.com\/catalogo\/?s={search_term_string}"},"query-input":{"@type":"PropertyValueSpecification","valueRequired":true,"valueName":"search_term_string"}}],"inLanguage":"es"},{"@type":"Organization","@id":"https:\/\/letrame.com\/catalogo\/#organization","name":"Catalogo | Letrame Grupo Editorial","url":"https:\/\/letrame.com\/catalogo\/","logo":{"@type":"ImageObject","inLanguage":"es","@id":"https:\/\/letrame.com\/catalogo\/#\/schema\/logo\/image\/","url":"https:\/\/letrame.com\/catalogo\/wp-content\/uploads\/2024\/03\/logo2.webp","contentUrl":"https:\/\/letrame.com\/catalogo\/wp-content\/uploads\/2024\/03\/logo2.webp","width":394,"height":128,"caption":"Catalogo | Letrame Grupo Editorial"},"image":{"@id":"https:\/\/letrame.com\/catalogo\/#\/schema\/logo\/image\/"}}]}},"_links":{"self":[{"href":"https:\/\/letrame.com\/catalogo\/wp-json\/wp\/v2\/product\/97142","targetHints":{"allow":["GET"]}}],"collection":[{"href":"https:\/\/letrame.com\/catalogo\/wp-json\/wp\/v2\/product"}],"about":[{"href":"https:\/\/letrame.com\/catalogo\/wp-json\/wp\/v2\/types\/product"}],"replies":[{"embeddable":true,"href":"https:\/\/letrame.com\/catalogo\/wp-json\/wp\/v2\/comments?post=97142"}],"acf:post":[{"embeddable":true,"href":"https:\/\/letrame.com\/catalogo\/wp-json\/wp\/v2\/author_book\/75760"}],"wp:featuredmedia":[{"embeddable":true,"href":"https:\/\/letrame.com\/catalogo\/wp-json\/wp\/v2\/media\/100290"}],"wp:attachment":[{"href":"https:\/\/letrame.com\/catalogo\/wp-json\/wp\/v2\/media?parent=97142"}],"wp:term":[{"taxonomy":"libro","embeddable":true,"href":"https:\/\/letrame.com\/catalogo\/wp-json\/wp\/v2\/libro?post=97142"},{"taxonomy":"product_brand","embeddable":true,"href":"https:\/\/letrame.com\/catalogo\/wp-json\/wp\/v2\/product_brand?post=97142"},{"taxonomy":"product_cat","embeddable":true,"href":"https:\/\/letrame.com\/catalogo\/wp-json\/wp\/v2\/product_cat?post=97142"},{"taxonomy":"product_tag","embeddable":true,"href":"https:\/\/letrame.com\/catalogo\/wp-json\/wp\/v2\/product_tag?post=97142"}],"curies":[{"name":"wp","href":"https:\/\/api.w.org\/{rel}","templated":true}]}}