{"id":97136,"date":"2024-04-29T13:03:06","date_gmt":"2024-04-29T11:03:06","guid":{"rendered":"https:\/\/letrame.com\/catalogo\/producto\/amanda\/"},"modified":"2024-04-29T13:03:06","modified_gmt":"2024-04-29T11:03:06","slug":"amanda","status":"publish","type":"product","link":"https:\/\/letrame.com\/catalogo\/producto\/amanda\/","title":{"rendered":"Amanda"},"content":{"rendered":"<div class=\"page\" title=\"Page 6\">\n<div class=\"layoutArea\">\n<div class=\"column\">\n<p><strong>ISBN<\/strong>: 978-84-1114-033-1<\/p>\n<\/div>\n<\/div>\n<\/div>\n<p><b>T\u00edtulo<\/b><span style=\"font-weight: 400;\">: Amanda<\/span><span style=\"font-weight: 400;\"><br \/>\n<\/span><b>Fecha<\/b><span style=\"font-weight: 400;\">: 2021<\/span><span style=\"font-weight: 400;\"><br \/>\n<\/span><b>P\u00e1ginas<\/b><span style=\"font-weight: 400;\">: 292<\/span><\/p>\n<p><b>SINOPSIS<\/b><\/p>\n<p>A inicios de 1938, en un rinc\u00f3n de la Galicia profunda, el joven Luis se debate entre la necesidad de conocer la real identidad de su madre o emigrar a Cuba. Por fin, para romper con la miseria en la que vive y dejar atr\u00e1s la abrumadora situaci\u00f3n creada por la guerra, propone a su amigo (Juli\u00e1n) escapar cruzando la frontera con Portugal y viajar en un buque hacia Am\u00e9rica. Sin embargo, su vida da un vuelco radical a partir de la llegada de una extra\u00f1a mujer (Blanca), quien lo seduce hasta convertirlo en su amante de citas secretas. De esta forma, ayudado por la seductora, Luis logra emigrar y llegar a La Habana donde conoce a la sensual Amanda, joven cantante de boleros de quien se enamora obsesivamente. Por otra parte, en la capital cubana entabla una profunda amistad con Ela Schatz, anciana jud\u00eda de origen polaco que, adem\u00e1s de profesarle gran cari\u00f1o, le induce a emprender el camino del conocimiento personal. Hasta aqu\u00ed \u2014al parecer\u2014 la trama de la historia sigue su rumbo siempre hacia adelante. En cambio, algo sucede que provoca una turbulencia en la identidad de los personajes y en las coordenadas del espacio-tiempo. A partir de entonces, Luis queda sin saber si todo lo que le ha sucedido ha sido cierto o producto de su imaginaci\u00f3n. Ser\u00e1 su re-encuentro con una vieja conocida aquello que le permitir\u00e1 enfrentarse a su miedo y considerar posibilidades nunca antes imaginadas para explicar sus interrogantes.<\/p>\n<p><em>Amanda <\/em>es una novela en la que romanticismo, hechos hist\u00f3ricos y conocimientos cham\u00e1nicos se entrelazan para ofrecernos un punto de vista diferente en nuestra interpretaci\u00f3n de la realidad. En ella, el lector dar\u00e1 continuos saltos temporales y viajar\u00e1 de la Galicia oculta en el silencio a La Habana, urbe en la que nacen nuevos g\u00e9neros musicales, florece la vida nocturna y se traman oscuros planes que decidir\u00e1n el destino de los principales protagonistas. As\u00ed, tiempo y espacio ser\u00e1n percibidos como hilos de una trama universal cu\u00e1ntica en la que la rueca siempre gira y la muerte, probablemente, no existe.<\/p>\n","protected":false},"excerpt":{"rendered":"<div class=\"page\" title=\"Page 6\">\n<div class=\"layoutArea\">\n<div class=\"column\">\n<p><strong>ISBN: 978-84-1114-033-1<\/strong><\/p>\n<p><strong><em>Amanda <\/em><\/strong>es una novela en la que romanticismo, hechos hist\u00f3ricos y conocimientos cham\u00e1nicos se entrelazan para ofrecernos un punto de vista diferente en nuestra interpretaci\u00f3n de la realidad. En ella, el lector dar\u00e1 continuos saltos temporales y viajar\u00e1 de la Galicia oculta en el silencio a La Habana, urbe en la que nacen nuevos g\u00e9neros musicales, florece la vida nocturna y se traman oscuros planes que decidir\u00e1n el destino de los principales protagonistas. As\u00ed, tiempo y espacio ser\u00e1n percibidos como hilos de una trama universal cu\u00e1ntica en la que la rueca siempre gira y la muerte, probablemente, no existe.<\/p>\n<\/div>\n<\/div>\n<\/div>\n","protected":false},"featured_media":97137,"comment_status":"closed","ping_status":"open","template":"","meta":{"_acf_changed":false},"libro":[],"product_brand":[],"product_cat":[16],"product_tag":[],"class_list":{"0":"post-97136","1":"product","2":"type-product","3":"status-publish","4":"has-post-thumbnail","6":"product_cat-novela","8":"first","9":"instock","10":"purchasable","11":"product-type-simple"},"acf":{"autor":"","enlace_de_compra":"https:\/\/www.amazon.es\/Amanda-Novela-Rosa-Marina-Gonz%C3%A1lez-Quevedo\/dp\/8411140334\/ref=sr_1_1?__mk_es_ES=%C3%85M%C3%85%C5%BD%C3%95%C3%91&amp;dchild=1&amp;keywords=Letrame+S.L.+Amanda&amp;qid=1634739026&amp;sr=8-1"},"yoast_head":"<!-- This site is optimized with the Yoast SEO plugin v27.4 - https:\/\/yoast.com\/product\/yoast-seo-wordpress\/ -->\n<title>Amanda - Catalogo | Letrame Grupo Editorial<\/title>\n<meta name=\"robots\" content=\"index, follow, max-snippet:-1, max-image-preview:large, max-video-preview:-1\" \/>\n<link rel=\"canonical\" href=\"https:\/\/letrame.com\/catalogo\/producto\/amanda\/\" \/>\n<meta property=\"og:locale\" content=\"es_ES\" \/>\n<meta property=\"og:type\" content=\"article\" \/>\n<meta property=\"og:title\" content=\"Amanda - Catalogo | Letrame Grupo Editorial\" \/>\n<meta property=\"og:description\" content=\"ISBN: 978-84-1114-033-1 Amanda es una novela en la que romanticismo, hechos hist\u00f3ricos y conocimientos cham\u00e1nicos se entrelazan para ofrecernos un punto de vista diferente en nuestra interpretaci\u00f3n de la realidad. En ella, el lector dar\u00e1 continuos saltos temporales y viajar\u00e1 de la Galicia oculta en el silencio a La Habana, urbe en la que nacen nuevos g\u00e9neros musicales, florece la vida nocturna y se traman oscuros planes que decidir\u00e1n el destino de los principales protagonistas. As\u00ed, tiempo y espacio ser\u00e1n percibidos como hilos de una trama universal cu\u00e1ntica en la que la rueca siempre gira y la muerte, probablemente, no existe.\" \/>\n<meta property=\"og:url\" content=\"https:\/\/letrame.com\/catalogo\/producto\/amanda\/\" \/>\n<meta property=\"og:site_name\" content=\"Catalogo | Letrame Grupo Editorial\" \/>\n<meta property=\"og:image\" content=\"https:\/\/letrame.com\/catalogo\/wp-content\/uploads\/2024\/04\/AMANDA-scaled-1.jpeg\" \/>\n\t<meta property=\"og:image:width\" content=\"1746\" \/>\n\t<meta property=\"og:image:height\" content=\"2560\" \/>\n\t<meta property=\"og:image:type\" content=\"image\/jpeg\" \/>\n<meta name=\"twitter:card\" content=\"summary_large_image\" \/>\n<meta name=\"twitter:label1\" content=\"Tiempo de lectura\" \/>\n\t<meta name=\"twitter:data1\" content=\"2 minutos\" \/>\n<script type=\"application\/ld+json\" class=\"yoast-schema-graph\">{\"@context\":\"https:\\\/\\\/schema.org\",\"@graph\":[{\"@type\":\"WebPage\",\"@id\":\"https:\\\/\\\/letrame.com\\\/catalogo\\\/producto\\\/amanda\\\/\",\"url\":\"https:\\\/\\\/letrame.com\\\/catalogo\\\/producto\\\/amanda\\\/\",\"name\":\"Amanda - Catalogo | Letrame Grupo Editorial\",\"isPartOf\":{\"@id\":\"https:\\\/\\\/letrame.com\\\/catalogo\\\/#website\"},\"primaryImageOfPage\":{\"@id\":\"https:\\\/\\\/letrame.com\\\/catalogo\\\/producto\\\/amanda\\\/#primaryimage\"},\"image\":{\"@id\":\"https:\\\/\\\/letrame.com\\\/catalogo\\\/producto\\\/amanda\\\/#primaryimage\"},\"thumbnailUrl\":\"https:\\\/\\\/letrame.com\\\/catalogo\\\/wp-content\\\/uploads\\\/2024\\\/04\\\/AMANDA-scaled-1.jpeg\",\"datePublished\":\"2024-04-29T11:03:06+00:00\",\"breadcrumb\":{\"@id\":\"https:\\\/\\\/letrame.com\\\/catalogo\\\/producto\\\/amanda\\\/#breadcrumb\"},\"inLanguage\":\"es\",\"potentialAction\":[{\"@type\":\"ReadAction\",\"target\":[\"https:\\\/\\\/letrame.com\\\/catalogo\\\/producto\\\/amanda\\\/\"]}]},{\"@type\":\"ImageObject\",\"inLanguage\":\"es\",\"@id\":\"https:\\\/\\\/letrame.com\\\/catalogo\\\/producto\\\/amanda\\\/#primaryimage\",\"url\":\"https:\\\/\\\/letrame.com\\\/catalogo\\\/wp-content\\\/uploads\\\/2024\\\/04\\\/AMANDA-scaled-1.jpeg\",\"contentUrl\":\"https:\\\/\\\/letrame.com\\\/catalogo\\\/wp-content\\\/uploads\\\/2024\\\/04\\\/AMANDA-scaled-1.jpeg\",\"width\":1746,\"height\":2560},{\"@type\":\"BreadcrumbList\",\"@id\":\"https:\\\/\\\/letrame.com\\\/catalogo\\\/producto\\\/amanda\\\/#breadcrumb\",\"itemListElement\":[{\"@type\":\"ListItem\",\"position\":1,\"name\":\"Portada\",\"item\":\"https:\\\/\\\/letrame.com\\\/catalogo\\\/\"},{\"@type\":\"ListItem\",\"position\":2,\"name\":\"Cat\u00e1logo\",\"item\":\"https:\\\/\\\/letrame.com\\\/catalogo\\\/\"},{\"@type\":\"ListItem\",\"position\":3,\"name\":\"Amanda\"}]},{\"@type\":\"WebSite\",\"@id\":\"https:\\\/\\\/letrame.com\\\/catalogo\\\/#website\",\"url\":\"https:\\\/\\\/letrame.com\\\/catalogo\\\/\",\"name\":\"Catalogo | Letrame Grupo Editorial\",\"description\":\"\",\"publisher\":{\"@id\":\"https:\\\/\\\/letrame.com\\\/catalogo\\\/#organization\"},\"potentialAction\":[{\"@type\":\"SearchAction\",\"target\":{\"@type\":\"EntryPoint\",\"urlTemplate\":\"https:\\\/\\\/letrame.com\\\/catalogo\\\/?s={search_term_string}\"},\"query-input\":{\"@type\":\"PropertyValueSpecification\",\"valueRequired\":true,\"valueName\":\"search_term_string\"}}],\"inLanguage\":\"es\"},{\"@type\":\"Organization\",\"@id\":\"https:\\\/\\\/letrame.com\\\/catalogo\\\/#organization\",\"name\":\"Catalogo | Letrame Grupo Editorial\",\"url\":\"https:\\\/\\\/letrame.com\\\/catalogo\\\/\",\"logo\":{\"@type\":\"ImageObject\",\"inLanguage\":\"es\",\"@id\":\"https:\\\/\\\/letrame.com\\\/catalogo\\\/#\\\/schema\\\/logo\\\/image\\\/\",\"url\":\"https:\\\/\\\/letrame.com\\\/catalogo\\\/wp-content\\\/uploads\\\/2024\\\/03\\\/logo2.webp\",\"contentUrl\":\"https:\\\/\\\/letrame.com\\\/catalogo\\\/wp-content\\\/uploads\\\/2024\\\/03\\\/logo2.webp\",\"width\":394,\"height\":128,\"caption\":\"Catalogo | Letrame Grupo Editorial\"},\"image\":{\"@id\":\"https:\\\/\\\/letrame.com\\\/catalogo\\\/#\\\/schema\\\/logo\\\/image\\\/\"}}]}<\/script>\n<!-- \/ Yoast SEO plugin. -->","yoast_head_json":{"title":"Amanda - Catalogo | Letrame Grupo Editorial","robots":{"index":"index","follow":"follow","max-snippet":"max-snippet:-1","max-image-preview":"max-image-preview:large","max-video-preview":"max-video-preview:-1"},"canonical":"https:\/\/letrame.com\/catalogo\/producto\/amanda\/","og_locale":"es_ES","og_type":"article","og_title":"Amanda - Catalogo | Letrame Grupo Editorial","og_description":"ISBN: 978-84-1114-033-1 Amanda es una novela en la que romanticismo, hechos hist\u00f3ricos y conocimientos cham\u00e1nicos se entrelazan para ofrecernos un punto de vista diferente en nuestra interpretaci\u00f3n de la realidad. En ella, el lector dar\u00e1 continuos saltos temporales y viajar\u00e1 de la Galicia oculta en el silencio a La Habana, urbe en la que nacen nuevos g\u00e9neros musicales, florece la vida nocturna y se traman oscuros planes que decidir\u00e1n el destino de los principales protagonistas. As\u00ed, tiempo y espacio ser\u00e1n percibidos como hilos de una trama universal cu\u00e1ntica en la que la rueca siempre gira y la muerte, probablemente, no existe.","og_url":"https:\/\/letrame.com\/catalogo\/producto\/amanda\/","og_site_name":"Catalogo | Letrame Grupo Editorial","og_image":[{"width":1746,"height":2560,"url":"https:\/\/letrame.com\/catalogo\/wp-content\/uploads\/2024\/04\/AMANDA-scaled-1.jpeg","type":"image\/jpeg"}],"twitter_card":"summary_large_image","twitter_misc":{"Tiempo de lectura":"2 minutos"},"schema":{"@context":"https:\/\/schema.org","@graph":[{"@type":"WebPage","@id":"https:\/\/letrame.com\/catalogo\/producto\/amanda\/","url":"https:\/\/letrame.com\/catalogo\/producto\/amanda\/","name":"Amanda - Catalogo | Letrame Grupo Editorial","isPartOf":{"@id":"https:\/\/letrame.com\/catalogo\/#website"},"primaryImageOfPage":{"@id":"https:\/\/letrame.com\/catalogo\/producto\/amanda\/#primaryimage"},"image":{"@id":"https:\/\/letrame.com\/catalogo\/producto\/amanda\/#primaryimage"},"thumbnailUrl":"https:\/\/letrame.com\/catalogo\/wp-content\/uploads\/2024\/04\/AMANDA-scaled-1.jpeg","datePublished":"2024-04-29T11:03:06+00:00","breadcrumb":{"@id":"https:\/\/letrame.com\/catalogo\/producto\/amanda\/#breadcrumb"},"inLanguage":"es","potentialAction":[{"@type":"ReadAction","target":["https:\/\/letrame.com\/catalogo\/producto\/amanda\/"]}]},{"@type":"ImageObject","inLanguage":"es","@id":"https:\/\/letrame.com\/catalogo\/producto\/amanda\/#primaryimage","url":"https:\/\/letrame.com\/catalogo\/wp-content\/uploads\/2024\/04\/AMANDA-scaled-1.jpeg","contentUrl":"https:\/\/letrame.com\/catalogo\/wp-content\/uploads\/2024\/04\/AMANDA-scaled-1.jpeg","width":1746,"height":2560},{"@type":"BreadcrumbList","@id":"https:\/\/letrame.com\/catalogo\/producto\/amanda\/#breadcrumb","itemListElement":[{"@type":"ListItem","position":1,"name":"Portada","item":"https:\/\/letrame.com\/catalogo\/"},{"@type":"ListItem","position":2,"name":"Cat\u00e1logo","item":"https:\/\/letrame.com\/catalogo\/"},{"@type":"ListItem","position":3,"name":"Amanda"}]},{"@type":"WebSite","@id":"https:\/\/letrame.com\/catalogo\/#website","url":"https:\/\/letrame.com\/catalogo\/","name":"Catalogo | Letrame Grupo Editorial","description":"","publisher":{"@id":"https:\/\/letrame.com\/catalogo\/#organization"},"potentialAction":[{"@type":"SearchAction","target":{"@type":"EntryPoint","urlTemplate":"https:\/\/letrame.com\/catalogo\/?s={search_term_string}"},"query-input":{"@type":"PropertyValueSpecification","valueRequired":true,"valueName":"search_term_string"}}],"inLanguage":"es"},{"@type":"Organization","@id":"https:\/\/letrame.com\/catalogo\/#organization","name":"Catalogo | Letrame Grupo Editorial","url":"https:\/\/letrame.com\/catalogo\/","logo":{"@type":"ImageObject","inLanguage":"es","@id":"https:\/\/letrame.com\/catalogo\/#\/schema\/logo\/image\/","url":"https:\/\/letrame.com\/catalogo\/wp-content\/uploads\/2024\/03\/logo2.webp","contentUrl":"https:\/\/letrame.com\/catalogo\/wp-content\/uploads\/2024\/03\/logo2.webp","width":394,"height":128,"caption":"Catalogo | Letrame Grupo Editorial"},"image":{"@id":"https:\/\/letrame.com\/catalogo\/#\/schema\/logo\/image\/"}}]}},"_links":{"self":[{"href":"https:\/\/letrame.com\/catalogo\/wp-json\/wp\/v2\/product\/97136","targetHints":{"allow":["GET"]}}],"collection":[{"href":"https:\/\/letrame.com\/catalogo\/wp-json\/wp\/v2\/product"}],"about":[{"href":"https:\/\/letrame.com\/catalogo\/wp-json\/wp\/v2\/types\/product"}],"replies":[{"embeddable":true,"href":"https:\/\/letrame.com\/catalogo\/wp-json\/wp\/v2\/comments?post=97136"}],"wp:featuredmedia":[{"embeddable":true,"href":"https:\/\/letrame.com\/catalogo\/wp-json\/wp\/v2\/media\/97137"}],"wp:attachment":[{"href":"https:\/\/letrame.com\/catalogo\/wp-json\/wp\/v2\/media?parent=97136"}],"wp:term":[{"taxonomy":"libro","embeddable":true,"href":"https:\/\/letrame.com\/catalogo\/wp-json\/wp\/v2\/libro?post=97136"},{"taxonomy":"product_brand","embeddable":true,"href":"https:\/\/letrame.com\/catalogo\/wp-json\/wp\/v2\/product_brand?post=97136"},{"taxonomy":"product_cat","embeddable":true,"href":"https:\/\/letrame.com\/catalogo\/wp-json\/wp\/v2\/product_cat?post=97136"},{"taxonomy":"product_tag","embeddable":true,"href":"https:\/\/letrame.com\/catalogo\/wp-json\/wp\/v2\/product_tag?post=97136"}],"curies":[{"name":"wp","href":"https:\/\/api.w.org\/{rel}","templated":true}]}}