{"id":97130,"date":"2024-04-29T13:02:04","date_gmt":"2024-04-29T11:02:04","guid":{"rendered":"https:\/\/letrame.com\/catalogo\/producto\/la-vida-de-eli-supervivencia-del-cielo-al-infierno\/"},"modified":"2024-04-29T13:02:04","modified_gmt":"2024-04-29T11:02:04","slug":"la-vida-de-eli-supervivencia-del-cielo-al-infierno","status":"publish","type":"product","link":"https:\/\/letrame.com\/catalogo\/producto\/la-vida-de-eli-supervivencia-del-cielo-al-infierno\/","title":{"rendered":"La vida de Eli (supervivencia) del cielo al infierno"},"content":{"rendered":"<div class=\"page\" title=\"Page 6\">\n<div class=\"layoutArea\">\n<div class=\"column\">\n<p><strong>ISBN<\/strong>: 978-84-1114-061-4<\/p>\n<\/div>\n<\/div>\n<\/div>\n<p><b>T\u00edtulo<\/b><span style=\"font-weight: 400;\">: La vida de Eli (supervivencia) del cielo al infierno\u00a0<\/span><span style=\"font-weight: 400;\"><br \/>\n<\/span><b>Fecha<\/b><span style=\"font-weight: 400;\">: 2021<\/span><span style=\"font-weight: 400;\"><br \/>\n<\/span><b>P\u00e1ginas<\/b><span style=\"font-weight: 400;\">: 310<\/span><\/p>\n<p><b>SINOPSIS<\/b><\/p>\n<p>Eli, as\u00ed se llamaba mi amiga. Era una mujer maravillosa, guapa, inteligente, trabajadora, con unas ganas tremendas de vivir. Ahora nadie la reconocer\u00eda, es un pobre conejo asustado. Todo empez\u00f3 hace seis a\u00f1os, cuando conoci\u00f3 a Rafa y se enamoraron. Al principio todo les iba muy bien; Rafa estaba pendiente de ella, \u00e9l dec\u00eda que tuvo una gran suerte al conocerla, eran la pareja perfecta.<\/p>\n<p>Un d\u00eda a Rafa le ofrecieron un mejor puesto en su empresa, ganando el doble y con dietas. No se lo pens\u00f3 y le pidi\u00f3 matrimonio a Eli, el \u00fanico inconveniente era tener que trasladarse a unos quinientos kil\u00f3metros de Granada.<\/p>\n<p>En Fuenlabrada comenzaron su vida en com\u00fan y al a\u00f1o Eli tuvo una ni\u00f1a. A los pocos meses y en una celebraci\u00f3n con los compa\u00f1eros de trabajo, \u00e9l lleg\u00f3 borracho y con s\u00edntomas de haber consumido estupefacientes, como a casi todos nos puede pasar; ah\u00ed fue la primera vez que hubo un maltrato f\u00edsico y psicol\u00f3gico; durante m\u00e1s de cuatro a\u00f1os eran continuas las barbaridades.<\/p>\n<p>A Eli el miedo la paralizaba y sufr\u00eda por su hija, que ya se daba cuenta de todo. Un d\u00eda huy\u00f3 con su hija y nadie supo m\u00e1s de ella. \u00abLa idea para realizar esta novela surgi\u00f3 un d\u00eda de invierno en la clase de Lengua y Literatura, tras el examen de relato en el curso 2018-2019, para la ESA en el CEPER, Zaid\u00ednFuente Nueva (GRANADA)\u00bb.<\/p>\n","protected":false},"excerpt":{"rendered":"<div class=\"page\" title=\"Page 6\">\n<div class=\"layoutArea\">\n<div class=\"column\">\n<p><strong>ISBN: 978-84-1114-061-4<\/strong><\/p>\n<div class=\"page\" title=\"Page 6\">\n<div class=\"layoutArea\">\n<div class=\"column\">\n<p>Eli, as\u00ed se llamaba mi amiga. Era una mujer maravillosa, guapa, inteligente, trabajadora, con unas ganas tremendas de vivir. Ahora nadie la reconocer\u00eda, es un pobre conejo asustado. Todo empez\u00f3 hace seis a\u00f1os, cuando conoci\u00f3 a Rafa y se enamoraron. Al principio todo les iba muy bien; Rafa estaba pendiente de ella, \u00e9l dec\u00eda que tuvo una gran suerte al conocerla, eran la pareja perfecta. Un d\u00eda a Rafa le ofrecieron un mejor puesto en su empresa, ganando el doble y con dietas. No se lo pens\u00f3 y le pidi\u00f3 matrimonio a Eli, el \u00fanico inconveniente era tener que trasladarse a unos quinientos kil\u00f3metros de Granada.<\/p>\n<p>En Fuenlabrada comenzaron su vida en com\u00fan y al a\u00f1o Eli tuvo una ni\u00f1a. A los pocos meses y en una celebraci\u00f3n con los compa\u00f1eros de trabajo, \u00e9l lleg\u00f3 borracho y con s\u00edntomas de haber consumido estupefacientes, como a casi todos nos puede pasar; ah\u00ed fue la primera vez que hubo un maltrato f\u00edsico y psicol\u00f3gico; durante m\u00e1s de cuatro a\u00f1os eran continuas las barbaridades. A Eli el miedo la paralizaba y sufr\u00eda por su hija, que ya se daba cuenta de todo.<\/p>\n<p>Un d\u00eda huy\u00f3 con su hija y nadie supo m\u00e1s de ella. \u00abLa idea para realizar esta novela surgi\u00f3 un d\u00eda de invierno en la clase de Lengua y Literatura, tras el examen de relato en el curso 2018-2019, para la ESA en el CEPER, Zaid\u00ednFuente Nueva (GRANADA)\u00bb.<\/p>\n<\/div>\n<\/div>\n<\/div>\n<\/div>\n<\/div>\n<\/div>\n","protected":false},"featured_media":97131,"comment_status":"closed","ping_status":"open","template":"","meta":{"_acf_changed":false},"libro":[],"product_brand":[],"product_cat":[16],"product_tag":[],"class_list":{"0":"post-97130","1":"product","2":"type-product","3":"status-publish","4":"has-post-thumbnail","6":"product_cat-novela","8":"first","9":"instock","10":"product-type-simple"},"acf":{"autor":"","enlace_de_compra":""},"yoast_head":"<!-- This site is optimized with the Yoast SEO plugin v27.4 - https:\/\/yoast.com\/product\/yoast-seo-wordpress\/ -->\n<title>La vida de Eli (supervivencia) del cielo al infierno - Catalogo | Letrame Grupo Editorial<\/title>\n<meta name=\"robots\" content=\"index, follow, max-snippet:-1, max-image-preview:large, max-video-preview:-1\" \/>\n<link rel=\"canonical\" href=\"https:\/\/letrame.com\/catalogo\/producto\/la-vida-de-eli-supervivencia-del-cielo-al-infierno\/\" \/>\n<meta property=\"og:locale\" content=\"es_ES\" \/>\n<meta property=\"og:type\" content=\"article\" \/>\n<meta property=\"og:title\" content=\"La vida de Eli (supervivencia) del cielo al infierno - Catalogo | Letrame Grupo Editorial\" \/>\n<meta property=\"og:description\" content=\"ISBN: 978-84-1114-061-4   Eli, as\u00ed se llamaba mi amiga. Era una mujer maravillosa, guapa, inteligente, trabajadora, con unas ganas tremendas de vivir. Ahora nadie la reconocer\u00eda, es un pobre conejo asustado. Todo empez\u00f3 hace seis a\u00f1os, cuando conoci\u00f3 a Rafa y se enamoraron. Al principio todo les iba muy bien; Rafa estaba pendiente de ella, \u00e9l dec\u00eda que tuvo una gran suerte al conocerla, eran la pareja perfecta. Un d\u00eda a Rafa le ofrecieron un mejor puesto en su empresa, ganando el doble y con dietas. No se lo pens\u00f3 y le pidi\u00f3 matrimonio a Eli, el \u00fanico inconveniente era tener que trasladarse a unos quinientos kil\u00f3metros de Granada. En Fuenlabrada comenzaron su vida en com\u00fan y al a\u00f1o Eli tuvo una ni\u00f1a. A los pocos meses y en una celebraci\u00f3n con los compa\u00f1eros de trabajo, \u00e9l lleg\u00f3 borracho y con s\u00edntomas de haber consumido estupefacientes, como a casi todos nos puede pasar; ah\u00ed fue la primera vez que hubo un maltrato f\u00edsico y psicol\u00f3gico; durante m\u00e1s de cuatro a\u00f1os eran continuas las barbaridades. A Eli el miedo la paralizaba y sufr\u00eda por su hija, que ya se daba cuenta de todo. Un d\u00eda huy\u00f3 con su hija y nadie supo m\u00e1s de ella. \u00abLa idea para realizar esta novela surgi\u00f3 un d\u00eda de invierno en la clase de Lengua y Literatura, tras el examen de relato en el curso 2018-2019, para la ESA en el CEPER, Zaid\u00ednFuente Nueva (GRANADA)\u00bb.\" \/>\n<meta property=\"og:url\" content=\"https:\/\/letrame.com\/catalogo\/producto\/la-vida-de-eli-supervivencia-del-cielo-al-infierno\/\" \/>\n<meta property=\"og:site_name\" content=\"Catalogo | Letrame Grupo Editorial\" \/>\n<meta property=\"og:image\" content=\"https:\/\/letrame.com\/catalogo\/wp-content\/uploads\/2024\/04\/La-vida-de-Eli-scaled-1.jpeg\" \/>\n\t<meta property=\"og:image:width\" content=\"1746\" \/>\n\t<meta property=\"og:image:height\" content=\"2560\" \/>\n\t<meta property=\"og:image:type\" content=\"image\/jpeg\" \/>\n<meta name=\"twitter:card\" content=\"summary_large_image\" \/>\n<meta name=\"twitter:label1\" content=\"Tiempo de lectura\" \/>\n\t<meta name=\"twitter:data1\" content=\"1 minuto\" \/>\n<script type=\"application\/ld+json\" class=\"yoast-schema-graph\">{\"@context\":\"https:\\\/\\\/schema.org\",\"@graph\":[{\"@type\":\"WebPage\",\"@id\":\"https:\\\/\\\/letrame.com\\\/catalogo\\\/producto\\\/la-vida-de-eli-supervivencia-del-cielo-al-infierno\\\/\",\"url\":\"https:\\\/\\\/letrame.com\\\/catalogo\\\/producto\\\/la-vida-de-eli-supervivencia-del-cielo-al-infierno\\\/\",\"name\":\"La vida de Eli (supervivencia) del cielo al infierno - Catalogo | Letrame Grupo Editorial\",\"isPartOf\":{\"@id\":\"https:\\\/\\\/letrame.com\\\/catalogo\\\/#website\"},\"primaryImageOfPage\":{\"@id\":\"https:\\\/\\\/letrame.com\\\/catalogo\\\/producto\\\/la-vida-de-eli-supervivencia-del-cielo-al-infierno\\\/#primaryimage\"},\"image\":{\"@id\":\"https:\\\/\\\/letrame.com\\\/catalogo\\\/producto\\\/la-vida-de-eli-supervivencia-del-cielo-al-infierno\\\/#primaryimage\"},\"thumbnailUrl\":\"https:\\\/\\\/letrame.com\\\/catalogo\\\/wp-content\\\/uploads\\\/2024\\\/04\\\/La-vida-de-Eli-scaled-1.jpeg\",\"datePublished\":\"2024-04-29T11:02:04+00:00\",\"breadcrumb\":{\"@id\":\"https:\\\/\\\/letrame.com\\\/catalogo\\\/producto\\\/la-vida-de-eli-supervivencia-del-cielo-al-infierno\\\/#breadcrumb\"},\"inLanguage\":\"es\",\"potentialAction\":[{\"@type\":\"ReadAction\",\"target\":[\"https:\\\/\\\/letrame.com\\\/catalogo\\\/producto\\\/la-vida-de-eli-supervivencia-del-cielo-al-infierno\\\/\"]}]},{\"@type\":\"ImageObject\",\"inLanguage\":\"es\",\"@id\":\"https:\\\/\\\/letrame.com\\\/catalogo\\\/producto\\\/la-vida-de-eli-supervivencia-del-cielo-al-infierno\\\/#primaryimage\",\"url\":\"https:\\\/\\\/letrame.com\\\/catalogo\\\/wp-content\\\/uploads\\\/2024\\\/04\\\/La-vida-de-Eli-scaled-1.jpeg\",\"contentUrl\":\"https:\\\/\\\/letrame.com\\\/catalogo\\\/wp-content\\\/uploads\\\/2024\\\/04\\\/La-vida-de-Eli-scaled-1.jpeg\",\"width\":1746,\"height\":2560},{\"@type\":\"BreadcrumbList\",\"@id\":\"https:\\\/\\\/letrame.com\\\/catalogo\\\/producto\\\/la-vida-de-eli-supervivencia-del-cielo-al-infierno\\\/#breadcrumb\",\"itemListElement\":[{\"@type\":\"ListItem\",\"position\":1,\"name\":\"Portada\",\"item\":\"https:\\\/\\\/letrame.com\\\/catalogo\\\/\"},{\"@type\":\"ListItem\",\"position\":2,\"name\":\"Cat\u00e1logo\",\"item\":\"https:\\\/\\\/letrame.com\\\/catalogo\\\/\"},{\"@type\":\"ListItem\",\"position\":3,\"name\":\"La vida de Eli (supervivencia) del cielo al infierno\"}]},{\"@type\":\"WebSite\",\"@id\":\"https:\\\/\\\/letrame.com\\\/catalogo\\\/#website\",\"url\":\"https:\\\/\\\/letrame.com\\\/catalogo\\\/\",\"name\":\"Catalogo | Letrame Grupo Editorial\",\"description\":\"\",\"publisher\":{\"@id\":\"https:\\\/\\\/letrame.com\\\/catalogo\\\/#organization\"},\"potentialAction\":[{\"@type\":\"SearchAction\",\"target\":{\"@type\":\"EntryPoint\",\"urlTemplate\":\"https:\\\/\\\/letrame.com\\\/catalogo\\\/?s={search_term_string}\"},\"query-input\":{\"@type\":\"PropertyValueSpecification\",\"valueRequired\":true,\"valueName\":\"search_term_string\"}}],\"inLanguage\":\"es\"},{\"@type\":\"Organization\",\"@id\":\"https:\\\/\\\/letrame.com\\\/catalogo\\\/#organization\",\"name\":\"Catalogo | Letrame Grupo Editorial\",\"url\":\"https:\\\/\\\/letrame.com\\\/catalogo\\\/\",\"logo\":{\"@type\":\"ImageObject\",\"inLanguage\":\"es\",\"@id\":\"https:\\\/\\\/letrame.com\\\/catalogo\\\/#\\\/schema\\\/logo\\\/image\\\/\",\"url\":\"https:\\\/\\\/letrame.com\\\/catalogo\\\/wp-content\\\/uploads\\\/2024\\\/03\\\/logo2.webp\",\"contentUrl\":\"https:\\\/\\\/letrame.com\\\/catalogo\\\/wp-content\\\/uploads\\\/2024\\\/03\\\/logo2.webp\",\"width\":394,\"height\":128,\"caption\":\"Catalogo | Letrame Grupo Editorial\"},\"image\":{\"@id\":\"https:\\\/\\\/letrame.com\\\/catalogo\\\/#\\\/schema\\\/logo\\\/image\\\/\"}}]}<\/script>\n<!-- \/ Yoast SEO plugin. -->","yoast_head_json":{"title":"La vida de Eli (supervivencia) del cielo al infierno - Catalogo | Letrame Grupo Editorial","robots":{"index":"index","follow":"follow","max-snippet":"max-snippet:-1","max-image-preview":"max-image-preview:large","max-video-preview":"max-video-preview:-1"},"canonical":"https:\/\/letrame.com\/catalogo\/producto\/la-vida-de-eli-supervivencia-del-cielo-al-infierno\/","og_locale":"es_ES","og_type":"article","og_title":"La vida de Eli (supervivencia) del cielo al infierno - Catalogo | Letrame Grupo Editorial","og_description":"ISBN: 978-84-1114-061-4   Eli, as\u00ed se llamaba mi amiga. Era una mujer maravillosa, guapa, inteligente, trabajadora, con unas ganas tremendas de vivir. Ahora nadie la reconocer\u00eda, es un pobre conejo asustado. Todo empez\u00f3 hace seis a\u00f1os, cuando conoci\u00f3 a Rafa y se enamoraron. Al principio todo les iba muy bien; Rafa estaba pendiente de ella, \u00e9l dec\u00eda que tuvo una gran suerte al conocerla, eran la pareja perfecta. Un d\u00eda a Rafa le ofrecieron un mejor puesto en su empresa, ganando el doble y con dietas. No se lo pens\u00f3 y le pidi\u00f3 matrimonio a Eli, el \u00fanico inconveniente era tener que trasladarse a unos quinientos kil\u00f3metros de Granada. En Fuenlabrada comenzaron su vida en com\u00fan y al a\u00f1o Eli tuvo una ni\u00f1a. A los pocos meses y en una celebraci\u00f3n con los compa\u00f1eros de trabajo, \u00e9l lleg\u00f3 borracho y con s\u00edntomas de haber consumido estupefacientes, como a casi todos nos puede pasar; ah\u00ed fue la primera vez que hubo un maltrato f\u00edsico y psicol\u00f3gico; durante m\u00e1s de cuatro a\u00f1os eran continuas las barbaridades. A Eli el miedo la paralizaba y sufr\u00eda por su hija, que ya se daba cuenta de todo. Un d\u00eda huy\u00f3 con su hija y nadie supo m\u00e1s de ella. \u00abLa idea para realizar esta novela surgi\u00f3 un d\u00eda de invierno en la clase de Lengua y Literatura, tras el examen de relato en el curso 2018-2019, para la ESA en el CEPER, Zaid\u00ednFuente Nueva (GRANADA)\u00bb.","og_url":"https:\/\/letrame.com\/catalogo\/producto\/la-vida-de-eli-supervivencia-del-cielo-al-infierno\/","og_site_name":"Catalogo | Letrame Grupo Editorial","og_image":[{"width":1746,"height":2560,"url":"https:\/\/letrame.com\/catalogo\/wp-content\/uploads\/2024\/04\/La-vida-de-Eli-scaled-1.jpeg","type":"image\/jpeg"}],"twitter_card":"summary_large_image","twitter_misc":{"Tiempo de lectura":"1 minuto"},"schema":{"@context":"https:\/\/schema.org","@graph":[{"@type":"WebPage","@id":"https:\/\/letrame.com\/catalogo\/producto\/la-vida-de-eli-supervivencia-del-cielo-al-infierno\/","url":"https:\/\/letrame.com\/catalogo\/producto\/la-vida-de-eli-supervivencia-del-cielo-al-infierno\/","name":"La vida de Eli (supervivencia) del cielo al infierno - Catalogo | Letrame Grupo Editorial","isPartOf":{"@id":"https:\/\/letrame.com\/catalogo\/#website"},"primaryImageOfPage":{"@id":"https:\/\/letrame.com\/catalogo\/producto\/la-vida-de-eli-supervivencia-del-cielo-al-infierno\/#primaryimage"},"image":{"@id":"https:\/\/letrame.com\/catalogo\/producto\/la-vida-de-eli-supervivencia-del-cielo-al-infierno\/#primaryimage"},"thumbnailUrl":"https:\/\/letrame.com\/catalogo\/wp-content\/uploads\/2024\/04\/La-vida-de-Eli-scaled-1.jpeg","datePublished":"2024-04-29T11:02:04+00:00","breadcrumb":{"@id":"https:\/\/letrame.com\/catalogo\/producto\/la-vida-de-eli-supervivencia-del-cielo-al-infierno\/#breadcrumb"},"inLanguage":"es","potentialAction":[{"@type":"ReadAction","target":["https:\/\/letrame.com\/catalogo\/producto\/la-vida-de-eli-supervivencia-del-cielo-al-infierno\/"]}]},{"@type":"ImageObject","inLanguage":"es","@id":"https:\/\/letrame.com\/catalogo\/producto\/la-vida-de-eli-supervivencia-del-cielo-al-infierno\/#primaryimage","url":"https:\/\/letrame.com\/catalogo\/wp-content\/uploads\/2024\/04\/La-vida-de-Eli-scaled-1.jpeg","contentUrl":"https:\/\/letrame.com\/catalogo\/wp-content\/uploads\/2024\/04\/La-vida-de-Eli-scaled-1.jpeg","width":1746,"height":2560},{"@type":"BreadcrumbList","@id":"https:\/\/letrame.com\/catalogo\/producto\/la-vida-de-eli-supervivencia-del-cielo-al-infierno\/#breadcrumb","itemListElement":[{"@type":"ListItem","position":1,"name":"Portada","item":"https:\/\/letrame.com\/catalogo\/"},{"@type":"ListItem","position":2,"name":"Cat\u00e1logo","item":"https:\/\/letrame.com\/catalogo\/"},{"@type":"ListItem","position":3,"name":"La vida de Eli (supervivencia) del cielo al infierno"}]},{"@type":"WebSite","@id":"https:\/\/letrame.com\/catalogo\/#website","url":"https:\/\/letrame.com\/catalogo\/","name":"Catalogo | Letrame Grupo Editorial","description":"","publisher":{"@id":"https:\/\/letrame.com\/catalogo\/#organization"},"potentialAction":[{"@type":"SearchAction","target":{"@type":"EntryPoint","urlTemplate":"https:\/\/letrame.com\/catalogo\/?s={search_term_string}"},"query-input":{"@type":"PropertyValueSpecification","valueRequired":true,"valueName":"search_term_string"}}],"inLanguage":"es"},{"@type":"Organization","@id":"https:\/\/letrame.com\/catalogo\/#organization","name":"Catalogo | Letrame Grupo Editorial","url":"https:\/\/letrame.com\/catalogo\/","logo":{"@type":"ImageObject","inLanguage":"es","@id":"https:\/\/letrame.com\/catalogo\/#\/schema\/logo\/image\/","url":"https:\/\/letrame.com\/catalogo\/wp-content\/uploads\/2024\/03\/logo2.webp","contentUrl":"https:\/\/letrame.com\/catalogo\/wp-content\/uploads\/2024\/03\/logo2.webp","width":394,"height":128,"caption":"Catalogo | Letrame Grupo Editorial"},"image":{"@id":"https:\/\/letrame.com\/catalogo\/#\/schema\/logo\/image\/"}}]}},"_links":{"self":[{"href":"https:\/\/letrame.com\/catalogo\/wp-json\/wp\/v2\/product\/97130","targetHints":{"allow":["GET"]}}],"collection":[{"href":"https:\/\/letrame.com\/catalogo\/wp-json\/wp\/v2\/product"}],"about":[{"href":"https:\/\/letrame.com\/catalogo\/wp-json\/wp\/v2\/types\/product"}],"replies":[{"embeddable":true,"href":"https:\/\/letrame.com\/catalogo\/wp-json\/wp\/v2\/comments?post=97130"}],"wp:featuredmedia":[{"embeddable":true,"href":"https:\/\/letrame.com\/catalogo\/wp-json\/wp\/v2\/media\/97131"}],"wp:attachment":[{"href":"https:\/\/letrame.com\/catalogo\/wp-json\/wp\/v2\/media?parent=97130"}],"wp:term":[{"taxonomy":"libro","embeddable":true,"href":"https:\/\/letrame.com\/catalogo\/wp-json\/wp\/v2\/libro?post=97130"},{"taxonomy":"product_brand","embeddable":true,"href":"https:\/\/letrame.com\/catalogo\/wp-json\/wp\/v2\/product_brand?post=97130"},{"taxonomy":"product_cat","embeddable":true,"href":"https:\/\/letrame.com\/catalogo\/wp-json\/wp\/v2\/product_cat?post=97130"},{"taxonomy":"product_tag","embeddable":true,"href":"https:\/\/letrame.com\/catalogo\/wp-json\/wp\/v2\/product_tag?post=97130"}],"curies":[{"name":"wp","href":"https:\/\/api.w.org\/{rel}","templated":true}]}}