{"id":97128,"date":"2024-04-29T13:01:10","date_gmt":"2024-04-29T11:01:10","guid":{"rendered":"https:\/\/letrame.com\/catalogo\/producto\/la-mujer-de-otro-y-otros-relatos\/"},"modified":"2024-07-22T09:09:19","modified_gmt":"2024-07-22T07:09:19","slug":"la-mujer-de-otro-y-otros-relatos","status":"publish","type":"product","link":"https:\/\/letrame.com\/catalogo\/producto\/la-mujer-de-otro-y-otros-relatos\/","title":{"rendered":"La mujer de otro y otros relatos"},"content":{"rendered":"<div class=\"page\" title=\"Page 6\">\n<div class=\"layoutArea\">\n<div class=\"column\">\n<p><strong>ISBN<\/strong>: 978-84-1114-030-0<\/p>\n<\/div>\n<\/div>\n<\/div>\n<p><b>T\u00edtulo<\/b><span style=\"font-weight: 400;\">: La mujer de otro y otros relatos<\/span><span style=\"font-weight: 400;\"><br \/>\n<\/span><b>Fecha<\/b><span style=\"font-weight: 400;\">: 2021<\/span><span style=\"font-weight: 400;\"><br \/>\n<\/span><b>P\u00e1ginas<\/b><span style=\"font-weight: 400;\">: 274<\/span><\/p>\n<p><b>SINOPSIS<\/b><\/p>\n<p>La mujer de otro, es un relato que se desarrolla en pleno ambiente del Festival de Cine de San Sebasti\u00e1n. Una historia en la que podremos conocer el curioso mundillo que le rodea. Personajes del cine, directores, productores, guionistas, y tambi\u00e9n otros que no tienen que ver con el s\u00e9ptimo arte pero que de alguna manera forman parte del Festival. Los otros relatos de temas variados, policiacos, intriga, prosa po\u00e9tica, posguerra, son de diversa extensi\u00f3n. Alguno puede considerarse como novela corta, los hay de una sola p\u00e1gina.<\/p>\n","protected":false},"excerpt":{"rendered":"<div class=\"page\" title=\"Page 6\">\n<div class=\"layoutArea\">\n<div class=\"column\">\n<p><strong>ISBN: 978-84-1114-030-0<\/strong><\/p>\n<\/div>\n<\/div>\n<\/div>\n<p>La mujer de otro, es un relato que se desarrolla en pleno ambiente del Festival de Cine de San Sebasti\u00e1n. Una historia en la que podremos conocer el curioso mundillo que le rodea. Personajes del cine, directores, productores, guionistas, y tambi\u00e9n otros que no tienen que ver con el s\u00e9ptimo arte pero que de alguna manera forman parte del Festival. Los otros relatos de temas variados, policiacos, intriga, prosa po\u00e9tica, posguerra, son de diversa extensi\u00f3n. Alguno puede considerarse como novela corta, los hay de una sola p\u00e1gina.<\/p>\n","protected":false},"featured_media":97129,"comment_status":"closed","ping_status":"closed","template":"","meta":{"_acf_changed":false},"libro":[],"product_brand":[],"product_cat":[21],"product_tag":[],"class_list":{"0":"post-97128","1":"product","2":"type-product","3":"status-publish","4":"has-post-thumbnail","6":"product_cat-relato","8":"first","9":"instock","10":"product-type-simple"},"acf":{"autor":[74481],"enlace_de_compra":"https:\/\/amzn.to\/3WwxVDV"},"yoast_head":"<!-- This site is optimized with the Yoast SEO plugin v26.6 - https:\/\/yoast.com\/wordpress\/plugins\/seo\/ -->\n<title>La mujer de otro y otros relatos - Catalogo | Letrame Grupo Editorial<\/title>\n<meta name=\"robots\" content=\"index, follow, max-snippet:-1, max-image-preview:large, max-video-preview:-1\" \/>\n<link rel=\"canonical\" href=\"https:\/\/letrame.com\/catalogo\/producto\/la-mujer-de-otro-y-otros-relatos\/\" \/>\n<meta property=\"og:locale\" content=\"es_ES\" \/>\n<meta property=\"og:type\" content=\"article\" \/>\n<meta property=\"og:title\" content=\"La mujer de otro y otros relatos - Catalogo | Letrame Grupo Editorial\" \/>\n<meta property=\"og:description\" content=\"ISBN: 978-84-1114-030-0     La mujer de otro, es un relato que se desarrolla en pleno ambiente del Festival de Cine de San Sebasti\u00e1n. Una historia en la que podremos conocer el curioso mundillo que le rodea. Personajes del cine, directores, productores, guionistas, y tambi\u00e9n otros que no tienen que ver con el s\u00e9ptimo arte pero que de alguna manera forman parte del Festival. Los otros relatos de temas variados, policiacos, intriga, prosa po\u00e9tica, posguerra, son de diversa extensi\u00f3n. Alguno puede considerarse como novela corta, los hay de una sola p\u00e1gina.\" \/>\n<meta property=\"og:url\" content=\"https:\/\/letrame.com\/catalogo\/producto\/la-mujer-de-otro-y-otros-relatos\/\" \/>\n<meta property=\"og:site_name\" content=\"Catalogo | Letrame Grupo Editorial\" \/>\n<meta property=\"article:modified_time\" content=\"2024-07-22T07:09:19+00:00\" \/>\n<meta property=\"og:image\" content=\"https:\/\/letrame.com\/catalogo\/wp-content\/uploads\/2024\/04\/La-mujer-de-otro-y-otros-relatos-scaled-1.jpeg\" \/>\n\t<meta property=\"og:image:width\" content=\"1746\" \/>\n\t<meta property=\"og:image:height\" content=\"2560\" \/>\n\t<meta property=\"og:image:type\" content=\"image\/jpeg\" \/>\n<meta name=\"twitter:card\" content=\"summary_large_image\" \/>\n<meta name=\"twitter:label1\" content=\"Tiempo de lectura\" \/>\n\t<meta name=\"twitter:data1\" content=\"1 minuto\" \/>\n<script type=\"application\/ld+json\" class=\"yoast-schema-graph\">{\"@context\":\"https:\/\/schema.org\",\"@graph\":[{\"@type\":\"WebPage\",\"@id\":\"https:\/\/letrame.com\/catalogo\/producto\/la-mujer-de-otro-y-otros-relatos\/\",\"url\":\"https:\/\/letrame.com\/catalogo\/producto\/la-mujer-de-otro-y-otros-relatos\/\",\"name\":\"La mujer de otro y otros relatos - Catalogo | Letrame Grupo Editorial\",\"isPartOf\":{\"@id\":\"https:\/\/letrame.com\/catalogo\/#website\"},\"primaryImageOfPage\":{\"@id\":\"https:\/\/letrame.com\/catalogo\/producto\/la-mujer-de-otro-y-otros-relatos\/#primaryimage\"},\"image\":{\"@id\":\"https:\/\/letrame.com\/catalogo\/producto\/la-mujer-de-otro-y-otros-relatos\/#primaryimage\"},\"thumbnailUrl\":\"https:\/\/letrame.com\/catalogo\/wp-content\/uploads\/2024\/04\/La-mujer-de-otro-y-otros-relatos-scaled-1.jpeg\",\"datePublished\":\"2024-04-29T11:01:10+00:00\",\"dateModified\":\"2024-07-22T07:09:19+00:00\",\"breadcrumb\":{\"@id\":\"https:\/\/letrame.com\/catalogo\/producto\/la-mujer-de-otro-y-otros-relatos\/#breadcrumb\"},\"inLanguage\":\"es\",\"potentialAction\":[{\"@type\":\"ReadAction\",\"target\":[\"https:\/\/letrame.com\/catalogo\/producto\/la-mujer-de-otro-y-otros-relatos\/\"]}]},{\"@type\":\"ImageObject\",\"inLanguage\":\"es\",\"@id\":\"https:\/\/letrame.com\/catalogo\/producto\/la-mujer-de-otro-y-otros-relatos\/#primaryimage\",\"url\":\"https:\/\/letrame.com\/catalogo\/wp-content\/uploads\/2024\/04\/La-mujer-de-otro-y-otros-relatos-scaled-1.jpeg\",\"contentUrl\":\"https:\/\/letrame.com\/catalogo\/wp-content\/uploads\/2024\/04\/La-mujer-de-otro-y-otros-relatos-scaled-1.jpeg\",\"width\":1746,\"height\":2560},{\"@type\":\"BreadcrumbList\",\"@id\":\"https:\/\/letrame.com\/catalogo\/producto\/la-mujer-de-otro-y-otros-relatos\/#breadcrumb\",\"itemListElement\":[{\"@type\":\"ListItem\",\"position\":1,\"name\":\"Portada\",\"item\":\"https:\/\/letrame.com\/catalogo\/\"},{\"@type\":\"ListItem\",\"position\":2,\"name\":\"Cat\u00e1logo\",\"item\":\"https:\/\/letrame.com\/catalogo\/\"},{\"@type\":\"ListItem\",\"position\":3,\"name\":\"La mujer de otro y otros relatos\"}]},{\"@type\":\"WebSite\",\"@id\":\"https:\/\/letrame.com\/catalogo\/#website\",\"url\":\"https:\/\/letrame.com\/catalogo\/\",\"name\":\"Catalogo | Letrame Grupo Editorial\",\"description\":\"\",\"publisher\":{\"@id\":\"https:\/\/letrame.com\/catalogo\/#organization\"},\"potentialAction\":[{\"@type\":\"SearchAction\",\"target\":{\"@type\":\"EntryPoint\",\"urlTemplate\":\"https:\/\/letrame.com\/catalogo\/?s={search_term_string}\"},\"query-input\":{\"@type\":\"PropertyValueSpecification\",\"valueRequired\":true,\"valueName\":\"search_term_string\"}}],\"inLanguage\":\"es\"},{\"@type\":\"Organization\",\"@id\":\"https:\/\/letrame.com\/catalogo\/#organization\",\"name\":\"Catalogo | Letrame Grupo Editorial\",\"url\":\"https:\/\/letrame.com\/catalogo\/\",\"logo\":{\"@type\":\"ImageObject\",\"inLanguage\":\"es\",\"@id\":\"https:\/\/letrame.com\/catalogo\/#\/schema\/logo\/image\/\",\"url\":\"https:\/\/letrame.com\/catalogo\/wp-content\/uploads\/2024\/03\/logo2.webp\",\"contentUrl\":\"https:\/\/letrame.com\/catalogo\/wp-content\/uploads\/2024\/03\/logo2.webp\",\"width\":394,\"height\":128,\"caption\":\"Catalogo | Letrame Grupo Editorial\"},\"image\":{\"@id\":\"https:\/\/letrame.com\/catalogo\/#\/schema\/logo\/image\/\"}}]}<\/script>\n<!-- \/ Yoast SEO plugin. -->","yoast_head_json":{"title":"La mujer de otro y otros relatos - Catalogo | Letrame Grupo Editorial","robots":{"index":"index","follow":"follow","max-snippet":"max-snippet:-1","max-image-preview":"max-image-preview:large","max-video-preview":"max-video-preview:-1"},"canonical":"https:\/\/letrame.com\/catalogo\/producto\/la-mujer-de-otro-y-otros-relatos\/","og_locale":"es_ES","og_type":"article","og_title":"La mujer de otro y otros relatos - Catalogo | Letrame Grupo Editorial","og_description":"ISBN: 978-84-1114-030-0     La mujer de otro, es un relato que se desarrolla en pleno ambiente del Festival de Cine de San Sebasti\u00e1n. Una historia en la que podremos conocer el curioso mundillo que le rodea. Personajes del cine, directores, productores, guionistas, y tambi\u00e9n otros que no tienen que ver con el s\u00e9ptimo arte pero que de alguna manera forman parte del Festival. Los otros relatos de temas variados, policiacos, intriga, prosa po\u00e9tica, posguerra, son de diversa extensi\u00f3n. Alguno puede considerarse como novela corta, los hay de una sola p\u00e1gina.","og_url":"https:\/\/letrame.com\/catalogo\/producto\/la-mujer-de-otro-y-otros-relatos\/","og_site_name":"Catalogo | Letrame Grupo Editorial","article_modified_time":"2024-07-22T07:09:19+00:00","og_image":[{"width":1746,"height":2560,"url":"https:\/\/letrame.com\/catalogo\/wp-content\/uploads\/2024\/04\/La-mujer-de-otro-y-otros-relatos-scaled-1.jpeg","type":"image\/jpeg"}],"twitter_card":"summary_large_image","twitter_misc":{"Tiempo de lectura":"1 minuto"},"schema":{"@context":"https:\/\/schema.org","@graph":[{"@type":"WebPage","@id":"https:\/\/letrame.com\/catalogo\/producto\/la-mujer-de-otro-y-otros-relatos\/","url":"https:\/\/letrame.com\/catalogo\/producto\/la-mujer-de-otro-y-otros-relatos\/","name":"La mujer de otro y otros relatos - Catalogo | Letrame Grupo Editorial","isPartOf":{"@id":"https:\/\/letrame.com\/catalogo\/#website"},"primaryImageOfPage":{"@id":"https:\/\/letrame.com\/catalogo\/producto\/la-mujer-de-otro-y-otros-relatos\/#primaryimage"},"image":{"@id":"https:\/\/letrame.com\/catalogo\/producto\/la-mujer-de-otro-y-otros-relatos\/#primaryimage"},"thumbnailUrl":"https:\/\/letrame.com\/catalogo\/wp-content\/uploads\/2024\/04\/La-mujer-de-otro-y-otros-relatos-scaled-1.jpeg","datePublished":"2024-04-29T11:01:10+00:00","dateModified":"2024-07-22T07:09:19+00:00","breadcrumb":{"@id":"https:\/\/letrame.com\/catalogo\/producto\/la-mujer-de-otro-y-otros-relatos\/#breadcrumb"},"inLanguage":"es","potentialAction":[{"@type":"ReadAction","target":["https:\/\/letrame.com\/catalogo\/producto\/la-mujer-de-otro-y-otros-relatos\/"]}]},{"@type":"ImageObject","inLanguage":"es","@id":"https:\/\/letrame.com\/catalogo\/producto\/la-mujer-de-otro-y-otros-relatos\/#primaryimage","url":"https:\/\/letrame.com\/catalogo\/wp-content\/uploads\/2024\/04\/La-mujer-de-otro-y-otros-relatos-scaled-1.jpeg","contentUrl":"https:\/\/letrame.com\/catalogo\/wp-content\/uploads\/2024\/04\/La-mujer-de-otro-y-otros-relatos-scaled-1.jpeg","width":1746,"height":2560},{"@type":"BreadcrumbList","@id":"https:\/\/letrame.com\/catalogo\/producto\/la-mujer-de-otro-y-otros-relatos\/#breadcrumb","itemListElement":[{"@type":"ListItem","position":1,"name":"Portada","item":"https:\/\/letrame.com\/catalogo\/"},{"@type":"ListItem","position":2,"name":"Cat\u00e1logo","item":"https:\/\/letrame.com\/catalogo\/"},{"@type":"ListItem","position":3,"name":"La mujer de otro y otros relatos"}]},{"@type":"WebSite","@id":"https:\/\/letrame.com\/catalogo\/#website","url":"https:\/\/letrame.com\/catalogo\/","name":"Catalogo | Letrame Grupo Editorial","description":"","publisher":{"@id":"https:\/\/letrame.com\/catalogo\/#organization"},"potentialAction":[{"@type":"SearchAction","target":{"@type":"EntryPoint","urlTemplate":"https:\/\/letrame.com\/catalogo\/?s={search_term_string}"},"query-input":{"@type":"PropertyValueSpecification","valueRequired":true,"valueName":"search_term_string"}}],"inLanguage":"es"},{"@type":"Organization","@id":"https:\/\/letrame.com\/catalogo\/#organization","name":"Catalogo | Letrame Grupo Editorial","url":"https:\/\/letrame.com\/catalogo\/","logo":{"@type":"ImageObject","inLanguage":"es","@id":"https:\/\/letrame.com\/catalogo\/#\/schema\/logo\/image\/","url":"https:\/\/letrame.com\/catalogo\/wp-content\/uploads\/2024\/03\/logo2.webp","contentUrl":"https:\/\/letrame.com\/catalogo\/wp-content\/uploads\/2024\/03\/logo2.webp","width":394,"height":128,"caption":"Catalogo | Letrame Grupo Editorial"},"image":{"@id":"https:\/\/letrame.com\/catalogo\/#\/schema\/logo\/image\/"}}]}},"_links":{"self":[{"href":"https:\/\/letrame.com\/catalogo\/wp-json\/wp\/v2\/product\/97128","targetHints":{"allow":["GET"]}}],"collection":[{"href":"https:\/\/letrame.com\/catalogo\/wp-json\/wp\/v2\/product"}],"about":[{"href":"https:\/\/letrame.com\/catalogo\/wp-json\/wp\/v2\/types\/product"}],"replies":[{"embeddable":true,"href":"https:\/\/letrame.com\/catalogo\/wp-json\/wp\/v2\/comments?post=97128"}],"acf:post":[{"embeddable":true,"href":"https:\/\/letrame.com\/catalogo\/wp-json\/wp\/v2\/author_book\/74481"}],"wp:featuredmedia":[{"embeddable":true,"href":"https:\/\/letrame.com\/catalogo\/wp-json\/wp\/v2\/media\/97129"}],"wp:attachment":[{"href":"https:\/\/letrame.com\/catalogo\/wp-json\/wp\/v2\/media?parent=97128"}],"wp:term":[{"taxonomy":"libro","embeddable":true,"href":"https:\/\/letrame.com\/catalogo\/wp-json\/wp\/v2\/libro?post=97128"},{"taxonomy":"product_brand","embeddable":true,"href":"https:\/\/letrame.com\/catalogo\/wp-json\/wp\/v2\/product_brand?post=97128"},{"taxonomy":"product_cat","embeddable":true,"href":"https:\/\/letrame.com\/catalogo\/wp-json\/wp\/v2\/product_cat?post=97128"},{"taxonomy":"product_tag","embeddable":true,"href":"https:\/\/letrame.com\/catalogo\/wp-json\/wp\/v2\/product_tag?post=97128"}],"curies":[{"name":"wp","href":"https:\/\/api.w.org\/{rel}","templated":true}]}}