{"id":97121,"date":"2024-04-29T13:00:07","date_gmt":"2024-04-29T11:00:07","guid":{"rendered":"https:\/\/letrame.com\/catalogo\/producto\/el-cantante-melodico\/"},"modified":"2024-04-29T13:00:07","modified_gmt":"2024-04-29T11:00:07","slug":"el-cantante-melodico","status":"publish","type":"product","link":"https:\/\/letrame.com\/catalogo\/producto\/el-cantante-melodico\/","title":{"rendered":"El cantante mel\u00f3dico"},"content":{"rendered":"<div class=\"page\" title=\"Page 6\">\n<div class=\"layoutArea\">\n<div class=\"column\">\n<p><strong>ISBN<\/strong>: 978-84-1114-034-8<\/p>\n<\/div>\n<\/div>\n<\/div>\n<p><b>T\u00edtulo<\/b><span style=\"font-weight: 400;\">: El cantante mel\u00f3dico<\/span><span style=\"font-weight: 400;\"><br \/>\n<\/span><b>Fecha<\/b><span style=\"font-weight: 400;\">: 2021<\/span><span style=\"font-weight: 400;\"><br \/>\n<\/span><b>P\u00e1ginas<\/b><span style=\"font-weight: 400;\">: 176<\/span><\/p>\n<p><b>SINOPSIS<\/b><\/p>\n<p><strong>\u00abEllas nos abandonan, simplemente, porque dejan de querernos\u00bb<\/strong><strong>\u00a0<\/strong><\/p>\n<p>Javier encuentra en la encimera de su cocina una nota de su mujer: \u00abQuiero el divorcio. No sabes cu\u00e1nto me ha costado tomar esta decisi\u00f3n, pero si no lo hago ahora no lo har\u00e9 jam\u00e1s; y creo que hacerlo as\u00ed, sin mediar palabra, es lo mejor para los dos. No intentes convencerme para que cambie de opini\u00f3n, lo empeorar\u00eda todo\u00bb.<\/p>\n<p>Unos d\u00edas despu\u00e9s, un anuncio en una publicaci\u00f3n gratuita que le ofrecen en el metro, ser\u00e1 el vigoroso reconstituyente para seguir adelante: \u00abOlv\u00eddese de ejercicios de diafragma y aprender mil formas de respirar para empezar a cantar. El primer d\u00eda os har\u00e9 bostezar y el segundo empezar\u00e9is a entonar las canciones de vuestros cantantes mel\u00f3dicos preferidos\u00bb. Natalia, la profesora, aleccionar\u00e1 a Javier para interpretar <em>Algo<\/em><em> de m\u00ed<\/em> del cantante mel\u00f3dico por excelencia: Camilo Sesto, y tambi\u00e9n canciones de Serrat, Pausini, Aznavour&#8230;<\/p>\n<p>La m\u00fasica obrar\u00e1 como un potente analg\u00e9sico que le dar\u00e1 la oportunidad de ver la vida con una mirada nueva, reveladora.<\/p>\n","protected":false},"excerpt":{"rendered":"<div class=\"page\" title=\"Page 6\">\n<div class=\"layoutArea\">\n<div class=\"column\">\n<p><strong>ISBN: 978-84-1114-034-8<\/strong><\/p>\n<\/div>\n<\/div>\n<\/div>\n<p><strong>\u00abEllas nos abandonan, simplemente, porque dejan de querernos\u00bb<\/strong><strong>\u00a0<\/strong><\/p>\n<p>Javier encuentra en la encimera de su cocina una nota de su mujer: \u00abQuiero el divorcio. No sabes cu\u00e1nto me ha costado tomar esta decisi\u00f3n, pero si no lo hago ahora no lo har\u00e9 jam\u00e1s; y creo que hacerlo as\u00ed, sin mediar palabra, es lo mejor para los dos. No intentes convencerme para que cambie de opini\u00f3n, lo empeorar\u00eda todo\u00bb.<\/p>\n<p>Unos d\u00edas despu\u00e9s, un anuncio en una publicaci\u00f3n gratuita que le ofrecen en el metro, ser\u00e1 el vigoroso reconstituyente para seguir adelante: \u00abOlv\u00eddese de ejercicios de diafragma y aprender mil formas de respirar para empezar a cantar. El primer d\u00eda os har\u00e9 bostezar y el segundo empezar\u00e9is a entonar las canciones de vuestros cantantes mel\u00f3dicos preferidos\u00bb. Natalia, la profesora, aleccionar\u00e1 a Javier para interpretar <em>Algo<\/em><em> de m\u00ed<\/em> del cantante mel\u00f3dico por excelencia: Camilo Sesto, y tambi\u00e9n canciones de Serrat, Pausini, Aznavour&#8230;<\/p>\n<p>La m\u00fasica obrar\u00e1 como un potente analg\u00e9sico que le dar\u00e1 la oportunidad de ver la vida con una mirada nueva, reveladora.<\/p>\n<p>&nbsp;<\/p>\n<p>&nbsp;<\/p>\n","protected":false},"featured_media":97122,"comment_status":"closed","ping_status":"open","template":"","meta":{"_acf_changed":false},"libro":[],"product_brand":[],"product_cat":[23],"product_tag":[],"class_list":{"0":"post-97121","1":"product","2":"type-product","3":"status-publish","4":"has-post-thumbnail","6":"product_cat-ensayos","8":"first","9":"instock","10":"purchasable","11":"product-type-simple"},"acf":{"autor":"","enlace_de_compra":""},"yoast_head":"<!-- This site is optimized with the Yoast SEO plugin v27.4 - https:\/\/yoast.com\/product\/yoast-seo-wordpress\/ -->\n<title>El cantante mel\u00f3dico - Catalogo | Letrame Grupo Editorial<\/title>\n<meta name=\"robots\" content=\"index, follow, max-snippet:-1, max-image-preview:large, max-video-preview:-1\" \/>\n<link rel=\"canonical\" href=\"https:\/\/letrame.com\/catalogo\/producto\/el-cantante-melodico\/\" \/>\n<meta property=\"og:locale\" content=\"es_ES\" \/>\n<meta property=\"og:type\" content=\"article\" \/>\n<meta property=\"og:title\" content=\"El cantante mel\u00f3dico - Catalogo | Letrame Grupo Editorial\" \/>\n<meta property=\"og:description\" content=\"ISBN: 978-84-1114-034-8   \u00abEllas nos abandonan, simplemente, porque dejan de querernos\u00bb\u00a0 Javier encuentra en la encimera de su cocina una nota de su mujer: \u00abQuiero el divorcio. No sabes cu\u00e1nto me ha costado tomar esta decisi\u00f3n, pero si no lo hago ahora no lo har\u00e9 jam\u00e1s; y creo que hacerlo as\u00ed, sin mediar palabra, es lo mejor para los dos. No intentes convencerme para que cambie de opini\u00f3n, lo empeorar\u00eda todo\u00bb. Unos d\u00edas despu\u00e9s, un anuncio en una publicaci\u00f3n gratuita que le ofrecen en el metro, ser\u00e1 el vigoroso reconstituyente para seguir adelante: \u00abOlv\u00eddese de ejercicios de diafragma y aprender mil formas de respirar para empezar a cantar. El primer d\u00eda os har\u00e9 bostezar y el segundo empezar\u00e9is a entonar las canciones de vuestros cantantes mel\u00f3dicos preferidos\u00bb. Natalia, la profesora, aleccionar\u00e1 a Javier para interpretar Algo de m\u00ed del cantante mel\u00f3dico por excelencia: Camilo Sesto, y tambi\u00e9n canciones de Serrat, Pausini, Aznavour... La m\u00fasica obrar\u00e1 como un potente analg\u00e9sico que le dar\u00e1 la oportunidad de ver la vida con una mirada nueva, reveladora. &nbsp; &nbsp;\" \/>\n<meta property=\"og:url\" content=\"https:\/\/letrame.com\/catalogo\/producto\/el-cantante-melodico\/\" \/>\n<meta property=\"og:site_name\" content=\"Catalogo | Letrame Grupo Editorial\" \/>\n<meta property=\"og:image\" content=\"https:\/\/letrame.com\/catalogo\/wp-content\/uploads\/2024\/04\/El-cantante-metodico-scaled-1.jpeg\" \/>\n\t<meta property=\"og:image:width\" content=\"1670\" \/>\n\t<meta property=\"og:image:height\" content=\"2560\" \/>\n\t<meta property=\"og:image:type\" content=\"image\/jpeg\" \/>\n<meta name=\"twitter:card\" content=\"summary_large_image\" \/>\n<meta name=\"twitter:label1\" content=\"Tiempo de lectura\" \/>\n\t<meta name=\"twitter:data1\" content=\"1 minuto\" \/>\n<script type=\"application\/ld+json\" class=\"yoast-schema-graph\">{\"@context\":\"https:\\\/\\\/schema.org\",\"@graph\":[{\"@type\":\"WebPage\",\"@id\":\"https:\\\/\\\/letrame.com\\\/catalogo\\\/producto\\\/el-cantante-melodico\\\/\",\"url\":\"https:\\\/\\\/letrame.com\\\/catalogo\\\/producto\\\/el-cantante-melodico\\\/\",\"name\":\"El cantante mel\u00f3dico - Catalogo | Letrame Grupo Editorial\",\"isPartOf\":{\"@id\":\"https:\\\/\\\/letrame.com\\\/catalogo\\\/#website\"},\"primaryImageOfPage\":{\"@id\":\"https:\\\/\\\/letrame.com\\\/catalogo\\\/producto\\\/el-cantante-melodico\\\/#primaryimage\"},\"image\":{\"@id\":\"https:\\\/\\\/letrame.com\\\/catalogo\\\/producto\\\/el-cantante-melodico\\\/#primaryimage\"},\"thumbnailUrl\":\"https:\\\/\\\/letrame.com\\\/catalogo\\\/wp-content\\\/uploads\\\/2024\\\/04\\\/El-cantante-metodico-scaled-1.jpeg\",\"datePublished\":\"2024-04-29T11:00:07+00:00\",\"breadcrumb\":{\"@id\":\"https:\\\/\\\/letrame.com\\\/catalogo\\\/producto\\\/el-cantante-melodico\\\/#breadcrumb\"},\"inLanguage\":\"es\",\"potentialAction\":[{\"@type\":\"ReadAction\",\"target\":[\"https:\\\/\\\/letrame.com\\\/catalogo\\\/producto\\\/el-cantante-melodico\\\/\"]}]},{\"@type\":\"ImageObject\",\"inLanguage\":\"es\",\"@id\":\"https:\\\/\\\/letrame.com\\\/catalogo\\\/producto\\\/el-cantante-melodico\\\/#primaryimage\",\"url\":\"https:\\\/\\\/letrame.com\\\/catalogo\\\/wp-content\\\/uploads\\\/2024\\\/04\\\/El-cantante-metodico-scaled-1.jpeg\",\"contentUrl\":\"https:\\\/\\\/letrame.com\\\/catalogo\\\/wp-content\\\/uploads\\\/2024\\\/04\\\/El-cantante-metodico-scaled-1.jpeg\",\"width\":1670,\"height\":2560},{\"@type\":\"BreadcrumbList\",\"@id\":\"https:\\\/\\\/letrame.com\\\/catalogo\\\/producto\\\/el-cantante-melodico\\\/#breadcrumb\",\"itemListElement\":[{\"@type\":\"ListItem\",\"position\":1,\"name\":\"Portada\",\"item\":\"https:\\\/\\\/letrame.com\\\/catalogo\\\/\"},{\"@type\":\"ListItem\",\"position\":2,\"name\":\"Cat\u00e1logo\",\"item\":\"https:\\\/\\\/letrame.com\\\/catalogo\\\/\"},{\"@type\":\"ListItem\",\"position\":3,\"name\":\"El cantante mel\u00f3dico\"}]},{\"@type\":\"WebSite\",\"@id\":\"https:\\\/\\\/letrame.com\\\/catalogo\\\/#website\",\"url\":\"https:\\\/\\\/letrame.com\\\/catalogo\\\/\",\"name\":\"Catalogo | Letrame Grupo Editorial\",\"description\":\"\",\"publisher\":{\"@id\":\"https:\\\/\\\/letrame.com\\\/catalogo\\\/#organization\"},\"potentialAction\":[{\"@type\":\"SearchAction\",\"target\":{\"@type\":\"EntryPoint\",\"urlTemplate\":\"https:\\\/\\\/letrame.com\\\/catalogo\\\/?s={search_term_string}\"},\"query-input\":{\"@type\":\"PropertyValueSpecification\",\"valueRequired\":true,\"valueName\":\"search_term_string\"}}],\"inLanguage\":\"es\"},{\"@type\":\"Organization\",\"@id\":\"https:\\\/\\\/letrame.com\\\/catalogo\\\/#organization\",\"name\":\"Catalogo | Letrame Grupo Editorial\",\"url\":\"https:\\\/\\\/letrame.com\\\/catalogo\\\/\",\"logo\":{\"@type\":\"ImageObject\",\"inLanguage\":\"es\",\"@id\":\"https:\\\/\\\/letrame.com\\\/catalogo\\\/#\\\/schema\\\/logo\\\/image\\\/\",\"url\":\"https:\\\/\\\/letrame.com\\\/catalogo\\\/wp-content\\\/uploads\\\/2024\\\/03\\\/logo2.webp\",\"contentUrl\":\"https:\\\/\\\/letrame.com\\\/catalogo\\\/wp-content\\\/uploads\\\/2024\\\/03\\\/logo2.webp\",\"width\":394,\"height\":128,\"caption\":\"Catalogo | Letrame Grupo Editorial\"},\"image\":{\"@id\":\"https:\\\/\\\/letrame.com\\\/catalogo\\\/#\\\/schema\\\/logo\\\/image\\\/\"}}]}<\/script>\n<!-- \/ Yoast SEO plugin. -->","yoast_head_json":{"title":"El cantante mel\u00f3dico - Catalogo | Letrame Grupo Editorial","robots":{"index":"index","follow":"follow","max-snippet":"max-snippet:-1","max-image-preview":"max-image-preview:large","max-video-preview":"max-video-preview:-1"},"canonical":"https:\/\/letrame.com\/catalogo\/producto\/el-cantante-melodico\/","og_locale":"es_ES","og_type":"article","og_title":"El cantante mel\u00f3dico - Catalogo | Letrame Grupo Editorial","og_description":"ISBN: 978-84-1114-034-8   \u00abEllas nos abandonan, simplemente, porque dejan de querernos\u00bb\u00a0 Javier encuentra en la encimera de su cocina una nota de su mujer: \u00abQuiero el divorcio. No sabes cu\u00e1nto me ha costado tomar esta decisi\u00f3n, pero si no lo hago ahora no lo har\u00e9 jam\u00e1s; y creo que hacerlo as\u00ed, sin mediar palabra, es lo mejor para los dos. No intentes convencerme para que cambie de opini\u00f3n, lo empeorar\u00eda todo\u00bb. Unos d\u00edas despu\u00e9s, un anuncio en una publicaci\u00f3n gratuita que le ofrecen en el metro, ser\u00e1 el vigoroso reconstituyente para seguir adelante: \u00abOlv\u00eddese de ejercicios de diafragma y aprender mil formas de respirar para empezar a cantar. El primer d\u00eda os har\u00e9 bostezar y el segundo empezar\u00e9is a entonar las canciones de vuestros cantantes mel\u00f3dicos preferidos\u00bb. Natalia, la profesora, aleccionar\u00e1 a Javier para interpretar Algo de m\u00ed del cantante mel\u00f3dico por excelencia: Camilo Sesto, y tambi\u00e9n canciones de Serrat, Pausini, Aznavour... La m\u00fasica obrar\u00e1 como un potente analg\u00e9sico que le dar\u00e1 la oportunidad de ver la vida con una mirada nueva, reveladora. &nbsp; &nbsp;","og_url":"https:\/\/letrame.com\/catalogo\/producto\/el-cantante-melodico\/","og_site_name":"Catalogo | Letrame Grupo Editorial","og_image":[{"width":1670,"height":2560,"url":"https:\/\/letrame.com\/catalogo\/wp-content\/uploads\/2024\/04\/El-cantante-metodico-scaled-1.jpeg","type":"image\/jpeg"}],"twitter_card":"summary_large_image","twitter_misc":{"Tiempo de lectura":"1 minuto"},"schema":{"@context":"https:\/\/schema.org","@graph":[{"@type":"WebPage","@id":"https:\/\/letrame.com\/catalogo\/producto\/el-cantante-melodico\/","url":"https:\/\/letrame.com\/catalogo\/producto\/el-cantante-melodico\/","name":"El cantante mel\u00f3dico - Catalogo | Letrame Grupo Editorial","isPartOf":{"@id":"https:\/\/letrame.com\/catalogo\/#website"},"primaryImageOfPage":{"@id":"https:\/\/letrame.com\/catalogo\/producto\/el-cantante-melodico\/#primaryimage"},"image":{"@id":"https:\/\/letrame.com\/catalogo\/producto\/el-cantante-melodico\/#primaryimage"},"thumbnailUrl":"https:\/\/letrame.com\/catalogo\/wp-content\/uploads\/2024\/04\/El-cantante-metodico-scaled-1.jpeg","datePublished":"2024-04-29T11:00:07+00:00","breadcrumb":{"@id":"https:\/\/letrame.com\/catalogo\/producto\/el-cantante-melodico\/#breadcrumb"},"inLanguage":"es","potentialAction":[{"@type":"ReadAction","target":["https:\/\/letrame.com\/catalogo\/producto\/el-cantante-melodico\/"]}]},{"@type":"ImageObject","inLanguage":"es","@id":"https:\/\/letrame.com\/catalogo\/producto\/el-cantante-melodico\/#primaryimage","url":"https:\/\/letrame.com\/catalogo\/wp-content\/uploads\/2024\/04\/El-cantante-metodico-scaled-1.jpeg","contentUrl":"https:\/\/letrame.com\/catalogo\/wp-content\/uploads\/2024\/04\/El-cantante-metodico-scaled-1.jpeg","width":1670,"height":2560},{"@type":"BreadcrumbList","@id":"https:\/\/letrame.com\/catalogo\/producto\/el-cantante-melodico\/#breadcrumb","itemListElement":[{"@type":"ListItem","position":1,"name":"Portada","item":"https:\/\/letrame.com\/catalogo\/"},{"@type":"ListItem","position":2,"name":"Cat\u00e1logo","item":"https:\/\/letrame.com\/catalogo\/"},{"@type":"ListItem","position":3,"name":"El cantante mel\u00f3dico"}]},{"@type":"WebSite","@id":"https:\/\/letrame.com\/catalogo\/#website","url":"https:\/\/letrame.com\/catalogo\/","name":"Catalogo | Letrame Grupo Editorial","description":"","publisher":{"@id":"https:\/\/letrame.com\/catalogo\/#organization"},"potentialAction":[{"@type":"SearchAction","target":{"@type":"EntryPoint","urlTemplate":"https:\/\/letrame.com\/catalogo\/?s={search_term_string}"},"query-input":{"@type":"PropertyValueSpecification","valueRequired":true,"valueName":"search_term_string"}}],"inLanguage":"es"},{"@type":"Organization","@id":"https:\/\/letrame.com\/catalogo\/#organization","name":"Catalogo | Letrame Grupo Editorial","url":"https:\/\/letrame.com\/catalogo\/","logo":{"@type":"ImageObject","inLanguage":"es","@id":"https:\/\/letrame.com\/catalogo\/#\/schema\/logo\/image\/","url":"https:\/\/letrame.com\/catalogo\/wp-content\/uploads\/2024\/03\/logo2.webp","contentUrl":"https:\/\/letrame.com\/catalogo\/wp-content\/uploads\/2024\/03\/logo2.webp","width":394,"height":128,"caption":"Catalogo | Letrame Grupo Editorial"},"image":{"@id":"https:\/\/letrame.com\/catalogo\/#\/schema\/logo\/image\/"}}]}},"_links":{"self":[{"href":"https:\/\/letrame.com\/catalogo\/wp-json\/wp\/v2\/product\/97121","targetHints":{"allow":["GET"]}}],"collection":[{"href":"https:\/\/letrame.com\/catalogo\/wp-json\/wp\/v2\/product"}],"about":[{"href":"https:\/\/letrame.com\/catalogo\/wp-json\/wp\/v2\/types\/product"}],"replies":[{"embeddable":true,"href":"https:\/\/letrame.com\/catalogo\/wp-json\/wp\/v2\/comments?post=97121"}],"wp:featuredmedia":[{"embeddable":true,"href":"https:\/\/letrame.com\/catalogo\/wp-json\/wp\/v2\/media\/97122"}],"wp:attachment":[{"href":"https:\/\/letrame.com\/catalogo\/wp-json\/wp\/v2\/media?parent=97121"}],"wp:term":[{"taxonomy":"libro","embeddable":true,"href":"https:\/\/letrame.com\/catalogo\/wp-json\/wp\/v2\/libro?post=97121"},{"taxonomy":"product_brand","embeddable":true,"href":"https:\/\/letrame.com\/catalogo\/wp-json\/wp\/v2\/product_brand?post=97121"},{"taxonomy":"product_cat","embeddable":true,"href":"https:\/\/letrame.com\/catalogo\/wp-json\/wp\/v2\/product_cat?post=97121"},{"taxonomy":"product_tag","embeddable":true,"href":"https:\/\/letrame.com\/catalogo\/wp-json\/wp\/v2\/product_tag?post=97121"}],"curies":[{"name":"wp","href":"https:\/\/api.w.org\/{rel}","templated":true}]}}