{"id":97104,"date":"2024-04-29T12:56:24","date_gmt":"2024-04-29T10:56:24","guid":{"rendered":"https:\/\/letrame.com\/catalogo\/producto\/la-vida-como-el-beisbol\/"},"modified":"2024-05-16T14:52:56","modified_gmt":"2024-05-16T12:52:56","slug":"la-vida-como-el-beisbol","status":"publish","type":"product","link":"https:\/\/letrame.com\/catalogo\/producto\/la-vida-como-el-beisbol\/","title":{"rendered":"La vida como el b\u00e9isbol"},"content":{"rendered":"<div class=\"page\" title=\"Page 6\">\n<div class=\"layoutArea\">\n<div class=\"column\">\n<p><strong>ISBN:<\/strong> 978-84-1114-003-4<\/p>\n<\/div>\n<\/div>\n<\/div>\n<p><b>T\u00edtulo<\/b><span style=\"font-weight: 400;\">: La vida como el b\u00e9isbol<\/span><span style=\"font-weight: 400;\"><br \/>\n<\/span><b>Fecha<\/b><span style=\"font-weight: 400;\">: 2021<\/span><span style=\"font-weight: 400;\"><br \/>\n<\/span><b>P\u00e1ginas<\/b><span style=\"font-weight: 400;\">: 176<\/span><\/p>\n<p><b>SINOPSIS<\/b><\/p>\n<p>Muchas frases del b\u00e9isbol tienen una relaci\u00f3n directa con diferentes acontecimientos de la vida cotidiana. Varias situaciones del diario vivir pueden explicarse a trav\u00e9s de las expresiones m\u00e1s comunes de este deporte, y esta obra contribuye para convencerlo de ello.<\/p>\n<p>Adem\u00e1s, en su lectura tambi\u00e9n encontrar\u00e1 peque\u00f1as biograf\u00edas de personajes universales que le servir\u00e1n de inspiraci\u00f3n para contestar preguntas fundamentales de la vida misma.<\/p>\n<p>Vale aclarar que este libro no solo est\u00e1 dirigido a lectores aficionados del b\u00e9isbol, sino que igualmente puede ser disfrutado por aquellos que sean poco amantes de este juego.<\/p>\n<p>Finalmente, las l\u00edneas de este libro tienen lecciones que le ofrecer\u00e1n una perspectiva de la vida m\u00e1s recreativa y enriquecedora por medio de citas filos\u00f3ficas de pensadores cl\u00e1sicos y algunas leyendas del b\u00e9isbol que, por cierto, le pueden ayudar a borrar muchos momentos grises o le terminen de empujar para que empiece a sumar esos d\u00edas extraordinarios que solo tienen un destino: gozar de una vida fascinante, virtuosa y llena de autenticidad.<\/p>\n","protected":false},"excerpt":{"rendered":"<div class=\"page\" title=\"Page 6\">\n<div class=\"layoutArea\">\n<div class=\"column\">\n<p><strong>ISBN: 978-84-1114-003-4<\/strong><\/p>\n<p>Muchas frases del b\u00e9isbol tienen una relaci\u00f3n directa con diferentes acontecimientos de la vida cotidiana. Varias situaciones del diario vivir pueden explicarse a trav\u00e9s de las expresiones m\u00e1s comunes de este deporte, y esta obra contribuye para convencerlo de ello.<\/p>\n<p>Adem\u00e1s, en su lectura tambi\u00e9n encontrar\u00e1 peque\u00f1as biograf\u00edas de personajes universales que le servir\u00e1n de inspiraci\u00f3n para contestar preguntas fundamentales de la vida misma.<\/p>\n<p>Vale aclarar que este libro no solo est\u00e1 dirigido a lectores aficionados del b\u00e9isbol, sino que igualmente puede ser disfrutado por aquellos que sean poco amantes de este juego.<\/p>\n<p>Finalmente, las l\u00edneas de este libro tienen lecciones que le ofrecer\u00e1n una perspectiva de la vida m\u00e1s recreativa y enriquecedora por medio de citas filos\u00f3ficas de pensadores cl\u00e1sicos y algunas leyendas del b\u00e9isbol que, por cierto, le pueden ayudar a borrar muchos momentos grises o le terminen de empujar para que empiece a sumar esos d\u00edas extraordinarios que solo tienen un destino: gozar de una vida fascinante, virtuosa y llena de autenticidad.<\/p>\n<\/div>\n<\/div>\n<\/div>\n","protected":false},"featured_media":100299,"comment_status":"closed","ping_status":"closed","template":"","meta":{"_acf_changed":false},"libro":[],"product_brand":[],"product_cat":[18],"product_tag":[],"class_list":{"0":"post-97104","1":"product","2":"type-product","3":"status-publish","4":"has-post-thumbnail","6":"product_cat-autoayuda","8":"first","9":"instock","10":"purchasable","11":"product-type-simple"},"acf":{"autor":"","enlace_de_compra":"https:\/\/www.amazon.com\/-\/es\/%C3%93scar-Morales-Rodr%C3%ADguez\/dp\/8411140032\/ref=sr_1_1?__mk_es_US=%C3%85M%C3%85%C5%BD%C3%95%C3%91&amp;dchild=1&amp;keywords=la+vida+como+el+b%C3%A9isbol&amp;qid=1632153539&amp;sr=8-1"},"yoast_head":"<!-- This site is optimized with the Yoast SEO plugin v27.4 - https:\/\/yoast.com\/product\/yoast-seo-wordpress\/ -->\n<title>La vida como el b\u00e9isbol - Catalogo | Letrame Grupo Editorial<\/title>\n<meta name=\"robots\" content=\"index, follow, max-snippet:-1, max-image-preview:large, max-video-preview:-1\" \/>\n<link rel=\"canonical\" href=\"https:\/\/letrame.com\/catalogo\/producto\/la-vida-como-el-beisbol\/\" \/>\n<meta property=\"og:locale\" content=\"es_ES\" \/>\n<meta property=\"og:type\" content=\"article\" \/>\n<meta property=\"og:title\" content=\"La vida como el b\u00e9isbol - Catalogo | Letrame Grupo Editorial\" \/>\n<meta property=\"og:description\" content=\"ISBN: 978-84-1114-003-4  Muchas frases del b\u00e9isbol tienen una relaci\u00f3n directa con diferentes acontecimientos de la vida cotidiana. Varias situaciones del diario vivir pueden explicarse a trav\u00e9s de las expresiones m\u00e1s comunes de este deporte, y esta obra contribuye para convencerlo de ello.  Adem\u00e1s, en su lectura tambi\u00e9n encontrar\u00e1 peque\u00f1as biograf\u00edas de personajes universales que le servir\u00e1n de inspiraci\u00f3n para contestar preguntas fundamentales de la vida misma.  Vale aclarar que este libro no solo est\u00e1 dirigido a lectores aficionados del b\u00e9isbol, sino que igualmente puede ser disfrutado por aquellos que sean poco amantes de este juego.  Finalmente, las l\u00edneas de este libro tienen lecciones que le ofrecer\u00e1n una perspectiva de la vida m\u00e1s recreativa y enriquecedora por medio de citas filos\u00f3ficas de pensadores cl\u00e1sicos y algunas leyendas del b\u00e9isbol que, por cierto, le pueden ayudar a borrar muchos momentos grises o le terminen de empujar para que empiece a sumar esos d\u00edas extraordinarios que solo tienen un destino: gozar de una vida fascinante, virtuosa y llena de autenticidad.\" \/>\n<meta property=\"og:url\" content=\"https:\/\/letrame.com\/catalogo\/producto\/la-vida-como-el-beisbol\/\" \/>\n<meta property=\"og:site_name\" content=\"Catalogo | Letrame Grupo Editorial\" \/>\n<meta property=\"article:modified_time\" content=\"2024-05-16T12:52:56+00:00\" \/>\n<meta property=\"og:image\" content=\"https:\/\/letrame.com\/catalogo\/wp-content\/uploads\/2024\/04\/La-vida-como-el-beisbol-scaled-1.webp\" \/>\n\t<meta property=\"og:image:width\" content=\"1746\" \/>\n\t<meta property=\"og:image:height\" content=\"2560\" \/>\n\t<meta property=\"og:image:type\" content=\"image\/webp\" \/>\n<meta name=\"twitter:card\" content=\"summary_large_image\" \/>\n<meta name=\"twitter:label1\" content=\"Tiempo de lectura\" \/>\n\t<meta name=\"twitter:data1\" content=\"2 minutos\" \/>\n<script type=\"application\/ld+json\" class=\"yoast-schema-graph\">{\"@context\":\"https:\\\/\\\/schema.org\",\"@graph\":[{\"@type\":\"WebPage\",\"@id\":\"https:\\\/\\\/letrame.com\\\/catalogo\\\/producto\\\/la-vida-como-el-beisbol\\\/\",\"url\":\"https:\\\/\\\/letrame.com\\\/catalogo\\\/producto\\\/la-vida-como-el-beisbol\\\/\",\"name\":\"La vida como el b\u00e9isbol - Catalogo | Letrame Grupo Editorial\",\"isPartOf\":{\"@id\":\"https:\\\/\\\/letrame.com\\\/catalogo\\\/#website\"},\"primaryImageOfPage\":{\"@id\":\"https:\\\/\\\/letrame.com\\\/catalogo\\\/producto\\\/la-vida-como-el-beisbol\\\/#primaryimage\"},\"image\":{\"@id\":\"https:\\\/\\\/letrame.com\\\/catalogo\\\/producto\\\/la-vida-como-el-beisbol\\\/#primaryimage\"},\"thumbnailUrl\":\"https:\\\/\\\/letrame.com\\\/catalogo\\\/wp-content\\\/uploads\\\/2024\\\/04\\\/La-vida-como-el-beisbol-scaled-1.webp\",\"datePublished\":\"2024-04-29T10:56:24+00:00\",\"dateModified\":\"2024-05-16T12:52:56+00:00\",\"breadcrumb\":{\"@id\":\"https:\\\/\\\/letrame.com\\\/catalogo\\\/producto\\\/la-vida-como-el-beisbol\\\/#breadcrumb\"},\"inLanguage\":\"es\",\"potentialAction\":[{\"@type\":\"ReadAction\",\"target\":[\"https:\\\/\\\/letrame.com\\\/catalogo\\\/producto\\\/la-vida-como-el-beisbol\\\/\"]}]},{\"@type\":\"ImageObject\",\"inLanguage\":\"es\",\"@id\":\"https:\\\/\\\/letrame.com\\\/catalogo\\\/producto\\\/la-vida-como-el-beisbol\\\/#primaryimage\",\"url\":\"https:\\\/\\\/letrame.com\\\/catalogo\\\/wp-content\\\/uploads\\\/2024\\\/04\\\/La-vida-como-el-beisbol-scaled-1.webp\",\"contentUrl\":\"https:\\\/\\\/letrame.com\\\/catalogo\\\/wp-content\\\/uploads\\\/2024\\\/04\\\/La-vida-como-el-beisbol-scaled-1.webp\",\"width\":1746,\"height\":2560},{\"@type\":\"BreadcrumbList\",\"@id\":\"https:\\\/\\\/letrame.com\\\/catalogo\\\/producto\\\/la-vida-como-el-beisbol\\\/#breadcrumb\",\"itemListElement\":[{\"@type\":\"ListItem\",\"position\":1,\"name\":\"Portada\",\"item\":\"https:\\\/\\\/letrame.com\\\/catalogo\\\/\"},{\"@type\":\"ListItem\",\"position\":2,\"name\":\"Cat\u00e1logo\",\"item\":\"https:\\\/\\\/letrame.com\\\/catalogo\\\/\"},{\"@type\":\"ListItem\",\"position\":3,\"name\":\"La vida como el b\u00e9isbol\"}]},{\"@type\":\"WebSite\",\"@id\":\"https:\\\/\\\/letrame.com\\\/catalogo\\\/#website\",\"url\":\"https:\\\/\\\/letrame.com\\\/catalogo\\\/\",\"name\":\"Catalogo | Letrame Grupo Editorial\",\"description\":\"\",\"publisher\":{\"@id\":\"https:\\\/\\\/letrame.com\\\/catalogo\\\/#organization\"},\"potentialAction\":[{\"@type\":\"SearchAction\",\"target\":{\"@type\":\"EntryPoint\",\"urlTemplate\":\"https:\\\/\\\/letrame.com\\\/catalogo\\\/?s={search_term_string}\"},\"query-input\":{\"@type\":\"PropertyValueSpecification\",\"valueRequired\":true,\"valueName\":\"search_term_string\"}}],\"inLanguage\":\"es\"},{\"@type\":\"Organization\",\"@id\":\"https:\\\/\\\/letrame.com\\\/catalogo\\\/#organization\",\"name\":\"Catalogo | Letrame Grupo Editorial\",\"url\":\"https:\\\/\\\/letrame.com\\\/catalogo\\\/\",\"logo\":{\"@type\":\"ImageObject\",\"inLanguage\":\"es\",\"@id\":\"https:\\\/\\\/letrame.com\\\/catalogo\\\/#\\\/schema\\\/logo\\\/image\\\/\",\"url\":\"https:\\\/\\\/letrame.com\\\/catalogo\\\/wp-content\\\/uploads\\\/2024\\\/03\\\/logo2.webp\",\"contentUrl\":\"https:\\\/\\\/letrame.com\\\/catalogo\\\/wp-content\\\/uploads\\\/2024\\\/03\\\/logo2.webp\",\"width\":394,\"height\":128,\"caption\":\"Catalogo | Letrame Grupo Editorial\"},\"image\":{\"@id\":\"https:\\\/\\\/letrame.com\\\/catalogo\\\/#\\\/schema\\\/logo\\\/image\\\/\"}}]}<\/script>\n<!-- \/ Yoast SEO plugin. -->","yoast_head_json":{"title":"La vida como el b\u00e9isbol - Catalogo | Letrame Grupo Editorial","robots":{"index":"index","follow":"follow","max-snippet":"max-snippet:-1","max-image-preview":"max-image-preview:large","max-video-preview":"max-video-preview:-1"},"canonical":"https:\/\/letrame.com\/catalogo\/producto\/la-vida-como-el-beisbol\/","og_locale":"es_ES","og_type":"article","og_title":"La vida como el b\u00e9isbol - Catalogo | Letrame Grupo Editorial","og_description":"ISBN: 978-84-1114-003-4  Muchas frases del b\u00e9isbol tienen una relaci\u00f3n directa con diferentes acontecimientos de la vida cotidiana. Varias situaciones del diario vivir pueden explicarse a trav\u00e9s de las expresiones m\u00e1s comunes de este deporte, y esta obra contribuye para convencerlo de ello.  Adem\u00e1s, en su lectura tambi\u00e9n encontrar\u00e1 peque\u00f1as biograf\u00edas de personajes universales que le servir\u00e1n de inspiraci\u00f3n para contestar preguntas fundamentales de la vida misma.  Vale aclarar que este libro no solo est\u00e1 dirigido a lectores aficionados del b\u00e9isbol, sino que igualmente puede ser disfrutado por aquellos que sean poco amantes de este juego.  Finalmente, las l\u00edneas de este libro tienen lecciones que le ofrecer\u00e1n una perspectiva de la vida m\u00e1s recreativa y enriquecedora por medio de citas filos\u00f3ficas de pensadores cl\u00e1sicos y algunas leyendas del b\u00e9isbol que, por cierto, le pueden ayudar a borrar muchos momentos grises o le terminen de empujar para que empiece a sumar esos d\u00edas extraordinarios que solo tienen un destino: gozar de una vida fascinante, virtuosa y llena de autenticidad.","og_url":"https:\/\/letrame.com\/catalogo\/producto\/la-vida-como-el-beisbol\/","og_site_name":"Catalogo | Letrame Grupo Editorial","article_modified_time":"2024-05-16T12:52:56+00:00","og_image":[{"width":1746,"height":2560,"url":"https:\/\/letrame.com\/catalogo\/wp-content\/uploads\/2024\/04\/La-vida-como-el-beisbol-scaled-1.webp","type":"image\/webp"}],"twitter_card":"summary_large_image","twitter_misc":{"Tiempo de lectura":"2 minutos"},"schema":{"@context":"https:\/\/schema.org","@graph":[{"@type":"WebPage","@id":"https:\/\/letrame.com\/catalogo\/producto\/la-vida-como-el-beisbol\/","url":"https:\/\/letrame.com\/catalogo\/producto\/la-vida-como-el-beisbol\/","name":"La vida como el b\u00e9isbol - Catalogo | Letrame Grupo Editorial","isPartOf":{"@id":"https:\/\/letrame.com\/catalogo\/#website"},"primaryImageOfPage":{"@id":"https:\/\/letrame.com\/catalogo\/producto\/la-vida-como-el-beisbol\/#primaryimage"},"image":{"@id":"https:\/\/letrame.com\/catalogo\/producto\/la-vida-como-el-beisbol\/#primaryimage"},"thumbnailUrl":"https:\/\/letrame.com\/catalogo\/wp-content\/uploads\/2024\/04\/La-vida-como-el-beisbol-scaled-1.webp","datePublished":"2024-04-29T10:56:24+00:00","dateModified":"2024-05-16T12:52:56+00:00","breadcrumb":{"@id":"https:\/\/letrame.com\/catalogo\/producto\/la-vida-como-el-beisbol\/#breadcrumb"},"inLanguage":"es","potentialAction":[{"@type":"ReadAction","target":["https:\/\/letrame.com\/catalogo\/producto\/la-vida-como-el-beisbol\/"]}]},{"@type":"ImageObject","inLanguage":"es","@id":"https:\/\/letrame.com\/catalogo\/producto\/la-vida-como-el-beisbol\/#primaryimage","url":"https:\/\/letrame.com\/catalogo\/wp-content\/uploads\/2024\/04\/La-vida-como-el-beisbol-scaled-1.webp","contentUrl":"https:\/\/letrame.com\/catalogo\/wp-content\/uploads\/2024\/04\/La-vida-como-el-beisbol-scaled-1.webp","width":1746,"height":2560},{"@type":"BreadcrumbList","@id":"https:\/\/letrame.com\/catalogo\/producto\/la-vida-como-el-beisbol\/#breadcrumb","itemListElement":[{"@type":"ListItem","position":1,"name":"Portada","item":"https:\/\/letrame.com\/catalogo\/"},{"@type":"ListItem","position":2,"name":"Cat\u00e1logo","item":"https:\/\/letrame.com\/catalogo\/"},{"@type":"ListItem","position":3,"name":"La vida como el b\u00e9isbol"}]},{"@type":"WebSite","@id":"https:\/\/letrame.com\/catalogo\/#website","url":"https:\/\/letrame.com\/catalogo\/","name":"Catalogo | Letrame Grupo Editorial","description":"","publisher":{"@id":"https:\/\/letrame.com\/catalogo\/#organization"},"potentialAction":[{"@type":"SearchAction","target":{"@type":"EntryPoint","urlTemplate":"https:\/\/letrame.com\/catalogo\/?s={search_term_string}"},"query-input":{"@type":"PropertyValueSpecification","valueRequired":true,"valueName":"search_term_string"}}],"inLanguage":"es"},{"@type":"Organization","@id":"https:\/\/letrame.com\/catalogo\/#organization","name":"Catalogo | Letrame Grupo Editorial","url":"https:\/\/letrame.com\/catalogo\/","logo":{"@type":"ImageObject","inLanguage":"es","@id":"https:\/\/letrame.com\/catalogo\/#\/schema\/logo\/image\/","url":"https:\/\/letrame.com\/catalogo\/wp-content\/uploads\/2024\/03\/logo2.webp","contentUrl":"https:\/\/letrame.com\/catalogo\/wp-content\/uploads\/2024\/03\/logo2.webp","width":394,"height":128,"caption":"Catalogo | Letrame Grupo Editorial"},"image":{"@id":"https:\/\/letrame.com\/catalogo\/#\/schema\/logo\/image\/"}}]}},"_links":{"self":[{"href":"https:\/\/letrame.com\/catalogo\/wp-json\/wp\/v2\/product\/97104","targetHints":{"allow":["GET"]}}],"collection":[{"href":"https:\/\/letrame.com\/catalogo\/wp-json\/wp\/v2\/product"}],"about":[{"href":"https:\/\/letrame.com\/catalogo\/wp-json\/wp\/v2\/types\/product"}],"replies":[{"embeddable":true,"href":"https:\/\/letrame.com\/catalogo\/wp-json\/wp\/v2\/comments?post=97104"}],"wp:featuredmedia":[{"embeddable":true,"href":"https:\/\/letrame.com\/catalogo\/wp-json\/wp\/v2\/media\/100299"}],"wp:attachment":[{"href":"https:\/\/letrame.com\/catalogo\/wp-json\/wp\/v2\/media?parent=97104"}],"wp:term":[{"taxonomy":"libro","embeddable":true,"href":"https:\/\/letrame.com\/catalogo\/wp-json\/wp\/v2\/libro?post=97104"},{"taxonomy":"product_brand","embeddable":true,"href":"https:\/\/letrame.com\/catalogo\/wp-json\/wp\/v2\/product_brand?post=97104"},{"taxonomy":"product_cat","embeddable":true,"href":"https:\/\/letrame.com\/catalogo\/wp-json\/wp\/v2\/product_cat?post=97104"},{"taxonomy":"product_tag","embeddable":true,"href":"https:\/\/letrame.com\/catalogo\/wp-json\/wp\/v2\/product_tag?post=97104"}],"curies":[{"name":"wp","href":"https:\/\/api.w.org\/{rel}","templated":true}]}}