{"id":97100,"date":"2024-04-29T12:55:16","date_gmt":"2024-04-29T10:55:16","guid":{"rendered":"https:\/\/letrame.com\/catalogo\/producto\/historias-de-jubilados-jubilosos\/"},"modified":"2024-04-29T12:55:56","modified_gmt":"2024-04-29T10:55:56","slug":"historias-de-jubilados-jubilosos","status":"publish","type":"product","link":"https:\/\/letrame.com\/catalogo\/producto\/historias-de-jubilados-jubilosos\/","title":{"rendered":"Historias de jubilados jubilosos"},"content":{"rendered":"<div class=\"page\" title=\"Page 4\">\n<div class=\"layoutArea\">\n<div class=\"column\">\n<p><strong>ISBN<\/strong>: 978-84-1386-973-5<\/p>\n<\/div>\n<\/div>\n<\/div>\n<p><b>T\u00edtulo<\/b><span style=\"font-weight: 400;\">: Historias de jubilados jubilosos<\/span><span style=\"font-weight: 400;\"><br \/>\n<\/span><b>Fecha<\/b><span style=\"font-weight: 400;\">: 2021<\/span><span style=\"font-weight: 400;\"><br \/>\n<\/span><b>P\u00e1ginas<\/b><span style=\"font-weight: 400;\">: 266<\/span><\/p>\n<p><b>SINOPSIS<\/b><\/p>\n<p><em>Desde el principio me gustaron los colores. Los protagonistas de Historias de Jubilados Jubilosos no son personajes en blanco y negro. Mucho menos grises. En sus vi\u00f1etas hay azules, amarillos, verdes y rojos. Los colores de la vida, porque estos simp\u00e1ticos viejos, que no tienen reparo en considerarse tales, siguen disfrutando de ella. Tampoco dudan en tomarse con humor los achaques de la edad, los obst\u00e1culos de una sociedad obsesionada con la juventud, o las dificultades para enfrentarse a una tecnolog\u00eda que no les tiene en cuenta. Y esa capacidad para mirarse y reflejarse, nos refleja a todos. Tambi\u00e9n a los que venimos detr\u00e1s. <\/em><\/p>\n<p><em>No me ha sorprendido. Los autores han sido profesores y siguen manteni\u00e9ndose j\u00f3venes de esp\u00edritu. Se percibe tanto en los textos como en las ilustraciones<\/em>. <em>Adentrarse en las aventuras de sus jubilados es un viaje al que animo a viejos y j\u00f3venes por igual. Conf\u00edo en que se diviertan tanto como yo lo he hecho siguiendo sus vi\u00f1etas cada semana. <\/em><\/p>\n<p>\u00c1ngeles Espinosa, corresponsal en Dub\u00e1i de <em>El Pa\u00eds.<\/em><\/p>\n<p>****<\/p>\n<p><em>\u00a1Qu\u00e9 extra\u00f1a propiedad tienen los libros! Quien los escribe se retira de costumbre a su refugio (despacho, buhardilla, rinc\u00f3n de caf\u00e9) para hacerlos posibles. Quien los descifra tambi\u00e9n se acoge, para darles sentido, a alguna suerte de soledad. Y, sin embargo, aparentemente separados los unos de los otros, \u00a1qu\u00e9 unidos, qu\u00e9 juntos en la comunicaci\u00f3n y en las emociones gracias a los libros!<\/em><\/p>\n<p>Fernando Aramburu (para <em>Historias de Jubilados Jubilosos<\/em>)<\/p>\n<p>****<\/p>\n<p><em>Tras muchos a\u00f1os ejerciendo de hormigas, hay que ver qu\u00e9 bien cantan estas viejas cigarras jubilosas. Son como ni\u00f1os. Con raz\u00f3n dicen que los extremos se tocan.<\/em><\/p>\n<p>Luis Landero<\/p>\n<p>&nbsp;<\/p>\n","protected":false},"excerpt":{"rendered":"<div class=\"page\" title=\"Page 4\">\n<div class=\"layoutArea\">\n<div class=\"column\">\n<p><strong>ISBN: 978-84-1386-973-5<\/strong><\/p>\n<\/div>\n<\/div>\n<\/div>\n<p><em>Desde el principio me gustaron los colores. Los protagonistas de Historias de Jubilados Jubilosos no son personajes en blanco y negro. Mucho menos grises. En sus vi\u00f1etas hay azules, amarillos, verdes y rojos. Los colores de la vida, porque estos simp\u00e1ticos viejos, que no tienen reparo en considerarse tales, siguen disfrutando de ella. Tampoco dudan en tomarse con humor los achaques de la edad, los obst\u00e1culos de una sociedad obsesionada con la juventud, o las dificultades para enfrentarse a una tecnolog\u00eda que no les tiene en cuenta. Y esa capacidad para mirarse y reflejarse, nos refleja a todos. Tambi\u00e9n a los que venimos detr\u00e1s.<\/em><\/p>\n<p>&nbsp;<\/p>\n","protected":false},"featured_media":97101,"comment_status":"closed","ping_status":"open","template":"","meta":{"_acf_changed":false},"libro":[],"product_brand":[],"product_cat":[21],"product_tag":[],"class_list":{"0":"post-97100","1":"product","2":"type-product","3":"status-publish","4":"has-post-thumbnail","6":"product_cat-relato","8":"first","9":"instock","10":"product-type-simple"},"acf":{"autor":"","enlace_de_compra":""},"yoast_head":"<!-- This site is optimized with the Yoast SEO plugin v27.4 - https:\/\/yoast.com\/product\/yoast-seo-wordpress\/ -->\n<title>Historias de jubilados jubilosos - Catalogo | Letrame Grupo Editorial<\/title>\n<meta name=\"robots\" content=\"index, follow, max-snippet:-1, max-image-preview:large, max-video-preview:-1\" \/>\n<link rel=\"canonical\" href=\"https:\/\/letrame.com\/catalogo\/producto\/historias-de-jubilados-jubilosos\/\" \/>\n<meta property=\"og:locale\" content=\"es_ES\" \/>\n<meta property=\"og:type\" content=\"article\" \/>\n<meta property=\"og:title\" content=\"Historias de jubilados jubilosos - Catalogo | Letrame Grupo Editorial\" \/>\n<meta property=\"og:description\" content=\"ISBN: 978-84-1386-973-5   Desde el principio me gustaron los colores. Los protagonistas de Historias de Jubilados Jubilosos no son personajes en blanco y negro. Mucho menos grises. En sus vi\u00f1etas hay azules, amarillos, verdes y rojos. Los colores de la vida, porque estos simp\u00e1ticos viejos, que no tienen reparo en considerarse tales, siguen disfrutando de ella. Tampoco dudan en tomarse con humor los achaques de la edad, los obst\u00e1culos de una sociedad obsesionada con la juventud, o las dificultades para enfrentarse a una tecnolog\u00eda que no les tiene en cuenta. Y esa capacidad para mirarse y reflejarse, nos refleja a todos. Tambi\u00e9n a los que venimos detr\u00e1s. &nbsp;\" \/>\n<meta property=\"og:url\" content=\"https:\/\/letrame.com\/catalogo\/producto\/historias-de-jubilados-jubilosos\/\" \/>\n<meta property=\"og:site_name\" content=\"Catalogo | Letrame Grupo Editorial\" \/>\n<meta property=\"article:modified_time\" content=\"2024-04-29T10:55:56+00:00\" \/>\n<meta property=\"og:image\" content=\"https:\/\/letrame.com\/catalogo\/wp-content\/uploads\/2024\/04\/Historia-de-jubilados-.jpeg\" \/>\n\t<meta property=\"og:image:width\" content=\"2480\" \/>\n\t<meta property=\"og:image:height\" content=\"2480\" \/>\n\t<meta property=\"og:image:type\" content=\"image\/jpeg\" \/>\n<meta name=\"twitter:card\" content=\"summary_large_image\" \/>\n<meta name=\"twitter:label1\" content=\"Tiempo de lectura\" \/>\n\t<meta name=\"twitter:data1\" content=\"2 minutos\" \/>\n<script type=\"application\/ld+json\" class=\"yoast-schema-graph\">{\"@context\":\"https:\\\/\\\/schema.org\",\"@graph\":[{\"@type\":\"WebPage\",\"@id\":\"https:\\\/\\\/letrame.com\\\/catalogo\\\/producto\\\/historias-de-jubilados-jubilosos\\\/\",\"url\":\"https:\\\/\\\/letrame.com\\\/catalogo\\\/producto\\\/historias-de-jubilados-jubilosos\\\/\",\"name\":\"Historias de jubilados jubilosos - Catalogo | Letrame Grupo Editorial\",\"isPartOf\":{\"@id\":\"https:\\\/\\\/letrame.com\\\/catalogo\\\/#website\"},\"primaryImageOfPage\":{\"@id\":\"https:\\\/\\\/letrame.com\\\/catalogo\\\/producto\\\/historias-de-jubilados-jubilosos\\\/#primaryimage\"},\"image\":{\"@id\":\"https:\\\/\\\/letrame.com\\\/catalogo\\\/producto\\\/historias-de-jubilados-jubilosos\\\/#primaryimage\"},\"thumbnailUrl\":\"https:\\\/\\\/letrame.com\\\/catalogo\\\/wp-content\\\/uploads\\\/2024\\\/04\\\/Historia-de-jubilados-.jpeg\",\"datePublished\":\"2024-04-29T10:55:16+00:00\",\"dateModified\":\"2024-04-29T10:55:56+00:00\",\"breadcrumb\":{\"@id\":\"https:\\\/\\\/letrame.com\\\/catalogo\\\/producto\\\/historias-de-jubilados-jubilosos\\\/#breadcrumb\"},\"inLanguage\":\"es\",\"potentialAction\":[{\"@type\":\"ReadAction\",\"target\":[\"https:\\\/\\\/letrame.com\\\/catalogo\\\/producto\\\/historias-de-jubilados-jubilosos\\\/\"]}]},{\"@type\":\"ImageObject\",\"inLanguage\":\"es\",\"@id\":\"https:\\\/\\\/letrame.com\\\/catalogo\\\/producto\\\/historias-de-jubilados-jubilosos\\\/#primaryimage\",\"url\":\"https:\\\/\\\/letrame.com\\\/catalogo\\\/wp-content\\\/uploads\\\/2024\\\/04\\\/Historia-de-jubilados-.jpeg\",\"contentUrl\":\"https:\\\/\\\/letrame.com\\\/catalogo\\\/wp-content\\\/uploads\\\/2024\\\/04\\\/Historia-de-jubilados-.jpeg\",\"width\":2480,\"height\":2480},{\"@type\":\"BreadcrumbList\",\"@id\":\"https:\\\/\\\/letrame.com\\\/catalogo\\\/producto\\\/historias-de-jubilados-jubilosos\\\/#breadcrumb\",\"itemListElement\":[{\"@type\":\"ListItem\",\"position\":1,\"name\":\"Portada\",\"item\":\"https:\\\/\\\/letrame.com\\\/catalogo\\\/\"},{\"@type\":\"ListItem\",\"position\":2,\"name\":\"Cat\u00e1logo\",\"item\":\"https:\\\/\\\/letrame.com\\\/catalogo\\\/\"},{\"@type\":\"ListItem\",\"position\":3,\"name\":\"Historias de jubilados jubilosos\"}]},{\"@type\":\"WebSite\",\"@id\":\"https:\\\/\\\/letrame.com\\\/catalogo\\\/#website\",\"url\":\"https:\\\/\\\/letrame.com\\\/catalogo\\\/\",\"name\":\"Catalogo | Letrame Grupo Editorial\",\"description\":\"\",\"publisher\":{\"@id\":\"https:\\\/\\\/letrame.com\\\/catalogo\\\/#organization\"},\"potentialAction\":[{\"@type\":\"SearchAction\",\"target\":{\"@type\":\"EntryPoint\",\"urlTemplate\":\"https:\\\/\\\/letrame.com\\\/catalogo\\\/?s={search_term_string}\"},\"query-input\":{\"@type\":\"PropertyValueSpecification\",\"valueRequired\":true,\"valueName\":\"search_term_string\"}}],\"inLanguage\":\"es\"},{\"@type\":\"Organization\",\"@id\":\"https:\\\/\\\/letrame.com\\\/catalogo\\\/#organization\",\"name\":\"Catalogo | Letrame Grupo Editorial\",\"url\":\"https:\\\/\\\/letrame.com\\\/catalogo\\\/\",\"logo\":{\"@type\":\"ImageObject\",\"inLanguage\":\"es\",\"@id\":\"https:\\\/\\\/letrame.com\\\/catalogo\\\/#\\\/schema\\\/logo\\\/image\\\/\",\"url\":\"https:\\\/\\\/letrame.com\\\/catalogo\\\/wp-content\\\/uploads\\\/2024\\\/03\\\/logo2.webp\",\"contentUrl\":\"https:\\\/\\\/letrame.com\\\/catalogo\\\/wp-content\\\/uploads\\\/2024\\\/03\\\/logo2.webp\",\"width\":394,\"height\":128,\"caption\":\"Catalogo | Letrame Grupo Editorial\"},\"image\":{\"@id\":\"https:\\\/\\\/letrame.com\\\/catalogo\\\/#\\\/schema\\\/logo\\\/image\\\/\"}}]}<\/script>\n<!-- \/ Yoast SEO plugin. -->","yoast_head_json":{"title":"Historias de jubilados jubilosos - Catalogo | Letrame Grupo Editorial","robots":{"index":"index","follow":"follow","max-snippet":"max-snippet:-1","max-image-preview":"max-image-preview:large","max-video-preview":"max-video-preview:-1"},"canonical":"https:\/\/letrame.com\/catalogo\/producto\/historias-de-jubilados-jubilosos\/","og_locale":"es_ES","og_type":"article","og_title":"Historias de jubilados jubilosos - Catalogo | Letrame Grupo Editorial","og_description":"ISBN: 978-84-1386-973-5   Desde el principio me gustaron los colores. Los protagonistas de Historias de Jubilados Jubilosos no son personajes en blanco y negro. Mucho menos grises. En sus vi\u00f1etas hay azules, amarillos, verdes y rojos. Los colores de la vida, porque estos simp\u00e1ticos viejos, que no tienen reparo en considerarse tales, siguen disfrutando de ella. Tampoco dudan en tomarse con humor los achaques de la edad, los obst\u00e1culos de una sociedad obsesionada con la juventud, o las dificultades para enfrentarse a una tecnolog\u00eda que no les tiene en cuenta. Y esa capacidad para mirarse y reflejarse, nos refleja a todos. Tambi\u00e9n a los que venimos detr\u00e1s. &nbsp;","og_url":"https:\/\/letrame.com\/catalogo\/producto\/historias-de-jubilados-jubilosos\/","og_site_name":"Catalogo | Letrame Grupo Editorial","article_modified_time":"2024-04-29T10:55:56+00:00","og_image":[{"width":2480,"height":2480,"url":"https:\/\/letrame.com\/catalogo\/wp-content\/uploads\/2024\/04\/Historia-de-jubilados-.jpeg","type":"image\/jpeg"}],"twitter_card":"summary_large_image","twitter_misc":{"Tiempo de lectura":"2 minutos"},"schema":{"@context":"https:\/\/schema.org","@graph":[{"@type":"WebPage","@id":"https:\/\/letrame.com\/catalogo\/producto\/historias-de-jubilados-jubilosos\/","url":"https:\/\/letrame.com\/catalogo\/producto\/historias-de-jubilados-jubilosos\/","name":"Historias de jubilados jubilosos - Catalogo | Letrame Grupo Editorial","isPartOf":{"@id":"https:\/\/letrame.com\/catalogo\/#website"},"primaryImageOfPage":{"@id":"https:\/\/letrame.com\/catalogo\/producto\/historias-de-jubilados-jubilosos\/#primaryimage"},"image":{"@id":"https:\/\/letrame.com\/catalogo\/producto\/historias-de-jubilados-jubilosos\/#primaryimage"},"thumbnailUrl":"https:\/\/letrame.com\/catalogo\/wp-content\/uploads\/2024\/04\/Historia-de-jubilados-.jpeg","datePublished":"2024-04-29T10:55:16+00:00","dateModified":"2024-04-29T10:55:56+00:00","breadcrumb":{"@id":"https:\/\/letrame.com\/catalogo\/producto\/historias-de-jubilados-jubilosos\/#breadcrumb"},"inLanguage":"es","potentialAction":[{"@type":"ReadAction","target":["https:\/\/letrame.com\/catalogo\/producto\/historias-de-jubilados-jubilosos\/"]}]},{"@type":"ImageObject","inLanguage":"es","@id":"https:\/\/letrame.com\/catalogo\/producto\/historias-de-jubilados-jubilosos\/#primaryimage","url":"https:\/\/letrame.com\/catalogo\/wp-content\/uploads\/2024\/04\/Historia-de-jubilados-.jpeg","contentUrl":"https:\/\/letrame.com\/catalogo\/wp-content\/uploads\/2024\/04\/Historia-de-jubilados-.jpeg","width":2480,"height":2480},{"@type":"BreadcrumbList","@id":"https:\/\/letrame.com\/catalogo\/producto\/historias-de-jubilados-jubilosos\/#breadcrumb","itemListElement":[{"@type":"ListItem","position":1,"name":"Portada","item":"https:\/\/letrame.com\/catalogo\/"},{"@type":"ListItem","position":2,"name":"Cat\u00e1logo","item":"https:\/\/letrame.com\/catalogo\/"},{"@type":"ListItem","position":3,"name":"Historias de jubilados jubilosos"}]},{"@type":"WebSite","@id":"https:\/\/letrame.com\/catalogo\/#website","url":"https:\/\/letrame.com\/catalogo\/","name":"Catalogo | Letrame Grupo Editorial","description":"","publisher":{"@id":"https:\/\/letrame.com\/catalogo\/#organization"},"potentialAction":[{"@type":"SearchAction","target":{"@type":"EntryPoint","urlTemplate":"https:\/\/letrame.com\/catalogo\/?s={search_term_string}"},"query-input":{"@type":"PropertyValueSpecification","valueRequired":true,"valueName":"search_term_string"}}],"inLanguage":"es"},{"@type":"Organization","@id":"https:\/\/letrame.com\/catalogo\/#organization","name":"Catalogo | Letrame Grupo Editorial","url":"https:\/\/letrame.com\/catalogo\/","logo":{"@type":"ImageObject","inLanguage":"es","@id":"https:\/\/letrame.com\/catalogo\/#\/schema\/logo\/image\/","url":"https:\/\/letrame.com\/catalogo\/wp-content\/uploads\/2024\/03\/logo2.webp","contentUrl":"https:\/\/letrame.com\/catalogo\/wp-content\/uploads\/2024\/03\/logo2.webp","width":394,"height":128,"caption":"Catalogo | Letrame Grupo Editorial"},"image":{"@id":"https:\/\/letrame.com\/catalogo\/#\/schema\/logo\/image\/"}}]}},"_links":{"self":[{"href":"https:\/\/letrame.com\/catalogo\/wp-json\/wp\/v2\/product\/97100","targetHints":{"allow":["GET"]}}],"collection":[{"href":"https:\/\/letrame.com\/catalogo\/wp-json\/wp\/v2\/product"}],"about":[{"href":"https:\/\/letrame.com\/catalogo\/wp-json\/wp\/v2\/types\/product"}],"replies":[{"embeddable":true,"href":"https:\/\/letrame.com\/catalogo\/wp-json\/wp\/v2\/comments?post=97100"}],"wp:featuredmedia":[{"embeddable":true,"href":"https:\/\/letrame.com\/catalogo\/wp-json\/wp\/v2\/media\/97101"}],"wp:attachment":[{"href":"https:\/\/letrame.com\/catalogo\/wp-json\/wp\/v2\/media?parent=97100"}],"wp:term":[{"taxonomy":"libro","embeddable":true,"href":"https:\/\/letrame.com\/catalogo\/wp-json\/wp\/v2\/libro?post=97100"},{"taxonomy":"product_brand","embeddable":true,"href":"https:\/\/letrame.com\/catalogo\/wp-json\/wp\/v2\/product_brand?post=97100"},{"taxonomy":"product_cat","embeddable":true,"href":"https:\/\/letrame.com\/catalogo\/wp-json\/wp\/v2\/product_cat?post=97100"},{"taxonomy":"product_tag","embeddable":true,"href":"https:\/\/letrame.com\/catalogo\/wp-json\/wp\/v2\/product_tag?post=97100"}],"curies":[{"name":"wp","href":"https:\/\/api.w.org\/{rel}","templated":true}]}}