{"id":97085,"date":"2024-04-29T12:53:39","date_gmt":"2024-04-29T10:53:39","guid":{"rendered":"https:\/\/letrame.com\/catalogo\/producto\/despertando-a-la-sensibilidad\/"},"modified":"2024-04-29T12:53:39","modified_gmt":"2024-04-29T10:53:39","slug":"despertando-a-la-sensibilidad","status":"publish","type":"product","link":"https:\/\/letrame.com\/catalogo\/producto\/despertando-a-la-sensibilidad\/","title":{"rendered":"Despertando a la sensibilidad"},"content":{"rendered":"<div class=\"page\" title=\"Page 6\">\n<div class=\"layoutArea\">\n<div class=\"column\">\n<p><strong>ISBN<\/strong>: 978-84-1386-870-7<\/p>\n<\/div>\n<\/div>\n<\/div>\n<p><b>T\u00edtulo<\/b><span style=\"font-weight: 400;\">: Despertando a la sensibilidad<\/span><span style=\"font-weight: 400;\"><br \/>\n<\/span><b>Fecha<\/b><span style=\"font-weight: 400;\">: 2021<\/span><span style=\"font-weight: 400;\"><br \/>\n<\/span><b>P\u00e1ginas<\/b><span style=\"font-weight: 400;\">: 828<\/span><\/p>\n<p><b>SINOPSIS<\/b><\/p>\n<p>&nbsp;<\/p>\n<p>En la era de las telecomunicaciones, algunos vivimos m\u00e1s desconectados que nunca de nosotros mismos y de nuestro entorno, especialmente de la naturaleza, que tantos y tantos regalos nos ofrece con su sost\u00e9n y su belleza, con la expresi\u00f3n de sus ciclos cambiantes y sus ritmos, tan suyos como nuestros.<\/p>\n<p>La sensibilidad es un don elevado que brota directamente del coraz\u00f3n, la morada del alma. Con este don, nuestro ser logra atravesar las barreras impuestas hasta alcanzar al otro, construyendo puentes, uniendo, integrando y abrazando, haci\u00e9ndonos conscientes de nuestro mundo interno y la tierra que habitamos.<\/p>\n<p>80 aceites esenciales y cristales se presentan aqu\u00ed como s\u00edmbolos o t\u00f3tems que la autora utiliza para ayudarnos a hacer un boceto en nuestra mente de conceptos tan antiguos, y a la vez tan atemporales, como el Yin y el Yang o la teor\u00eda de los Cinco Elementos. Su forma de narrar es una invitaci\u00f3n directa a la aceptaci\u00f3n y la compasi\u00f3n, a la b\u00fasqueda y encuentro de nuestra libertad a trav\u00e9s de la sensibilidad, y al abrazo con <em>eso<\/em> que realmente somos.<\/p>\n","protected":false},"excerpt":{"rendered":"<div class=\"page\" title=\"Page 6\">\n<div class=\"layoutArea\">\n<div class=\"column\">\n<p><strong>ISBN: 978-84-1386-870-7<\/strong><\/p>\n<p>En la era de las telecomunicaciones, algunos vivimos m\u00e1s desconectados que nunca de nosotros mismos y de nuestro entorno, especialmente de la naturaleza, que tantos y tantos regalos nos ofrece con su sost\u00e9n y su belleza, con la expresi\u00f3n de sus ciclos cambiantes y sus ritmos, tan suyos como nuestros.<\/p>\n<p>La sensibilidad es un don elevado que brota directamente del coraz\u00f3n, la morada del alma. Con este don, nuestro ser logra atravesar las barreras impuestas hasta alcanzar al otro, construyendo puentes, uniendo, integrando y abrazando, haci\u00e9ndonos conscientes de nuestro mundo interno y la tierra que habitamos.<\/p>\n<p>80 aceites esenciales y cristales se presentan aqu\u00ed como s\u00edmbolos o t\u00f3tems que la autora utiliza para ayudarnos a hacer un boceto en nuestra mente de conceptos tan antiguos, y a la vez tan atemporales, como el Yin y el Yang o la teor\u00eda de los Cinco Elementos. Su forma de narrar es una invitaci\u00f3n directa a la aceptaci\u00f3n y la compasi\u00f3n, a la b\u00fasqueda y encuentro de nuestra libertad a trav\u00e9s de la sensibilidad, y al abrazo con <em>eso<\/em> que realmente somos.<\/p>\n<\/div>\n<\/div>\n<\/div>\n","protected":false},"featured_media":97086,"comment_status":"closed","ping_status":"open","template":"","meta":{"_acf_changed":false},"libro":[],"product_brand":[],"product_cat":[18,21],"product_tag":[],"class_list":{"0":"post-97085","1":"product","2":"type-product","3":"status-publish","4":"has-post-thumbnail","6":"product_cat-autoayuda","7":"product_cat-relato","9":"first","10":"instock","11":"purchasable","12":"product-type-simple"},"acf":{"autor":[75706],"enlace_de_compra":""},"yoast_head":"<!-- This site is optimized with the Yoast SEO plugin v27.4 - https:\/\/yoast.com\/product\/yoast-seo-wordpress\/ -->\n<title>Despertando a la sensibilidad - Catalogo | Letrame Grupo Editorial<\/title>\n<meta name=\"robots\" content=\"index, follow, max-snippet:-1, max-image-preview:large, max-video-preview:-1\" \/>\n<link rel=\"canonical\" href=\"https:\/\/letrame.com\/catalogo\/producto\/despertando-a-la-sensibilidad\/\" \/>\n<meta property=\"og:locale\" content=\"es_ES\" \/>\n<meta property=\"og:type\" content=\"article\" \/>\n<meta property=\"og:title\" content=\"Despertando a la sensibilidad - Catalogo | Letrame Grupo Editorial\" \/>\n<meta property=\"og:description\" content=\"ISBN: 978-84-1386-870-7 En la era de las telecomunicaciones, algunos vivimos m\u00e1s desconectados que nunca de nosotros mismos y de nuestro entorno, especialmente de la naturaleza, que tantos y tantos regalos nos ofrece con su sost\u00e9n y su belleza, con la expresi\u00f3n de sus ciclos cambiantes y sus ritmos, tan suyos como nuestros. La sensibilidad es un don elevado que brota directamente del coraz\u00f3n, la morada del alma. Con este don, nuestro ser logra atravesar las barreras impuestas hasta alcanzar al otro, construyendo puentes, uniendo, integrando y abrazando, haci\u00e9ndonos conscientes de nuestro mundo interno y la tierra que habitamos. 80 aceites esenciales y cristales se presentan aqu\u00ed como s\u00edmbolos o t\u00f3tems que la autora utiliza para ayudarnos a hacer un boceto en nuestra mente de conceptos tan antiguos, y a la vez tan atemporales, como el Yin y el Yang o la teor\u00eda de los Cinco Elementos. Su forma de narrar es una invitaci\u00f3n directa a la aceptaci\u00f3n y la compasi\u00f3n, a la b\u00fasqueda y encuentro de nuestra libertad a trav\u00e9s de la sensibilidad, y al abrazo con eso que realmente somos.\" \/>\n<meta property=\"og:url\" content=\"https:\/\/letrame.com\/catalogo\/producto\/despertando-a-la-sensibilidad\/\" \/>\n<meta property=\"og:site_name\" content=\"Catalogo | Letrame Grupo Editorial\" \/>\n<meta property=\"og:image\" content=\"https:\/\/letrame.com\/catalogo\/wp-content\/uploads\/2024\/04\/DESPERTANDO-LA-SENSIBILIDAD-scaled-1.jpeg\" \/>\n\t<meta property=\"og:image:width\" content=\"1813\" \/>\n\t<meta property=\"og:image:height\" content=\"2560\" \/>\n\t<meta property=\"og:image:type\" content=\"image\/jpeg\" \/>\n<meta name=\"twitter:card\" content=\"summary_large_image\" \/>\n<meta name=\"twitter:label1\" content=\"Tiempo de lectura\" \/>\n\t<meta name=\"twitter:data1\" content=\"1 minuto\" \/>\n<script type=\"application\/ld+json\" class=\"yoast-schema-graph\">{\"@context\":\"https:\\\/\\\/schema.org\",\"@graph\":[{\"@type\":\"WebPage\",\"@id\":\"https:\\\/\\\/letrame.com\\\/catalogo\\\/producto\\\/despertando-a-la-sensibilidad\\\/\",\"url\":\"https:\\\/\\\/letrame.com\\\/catalogo\\\/producto\\\/despertando-a-la-sensibilidad\\\/\",\"name\":\"Despertando a la sensibilidad - Catalogo | Letrame Grupo Editorial\",\"isPartOf\":{\"@id\":\"https:\\\/\\\/letrame.com\\\/catalogo\\\/#website\"},\"primaryImageOfPage\":{\"@id\":\"https:\\\/\\\/letrame.com\\\/catalogo\\\/producto\\\/despertando-a-la-sensibilidad\\\/#primaryimage\"},\"image\":{\"@id\":\"https:\\\/\\\/letrame.com\\\/catalogo\\\/producto\\\/despertando-a-la-sensibilidad\\\/#primaryimage\"},\"thumbnailUrl\":\"https:\\\/\\\/letrame.com\\\/catalogo\\\/wp-content\\\/uploads\\\/2024\\\/04\\\/DESPERTANDO-LA-SENSIBILIDAD-scaled-1.jpeg\",\"datePublished\":\"2024-04-29T10:53:39+00:00\",\"breadcrumb\":{\"@id\":\"https:\\\/\\\/letrame.com\\\/catalogo\\\/producto\\\/despertando-a-la-sensibilidad\\\/#breadcrumb\"},\"inLanguage\":\"es\",\"potentialAction\":[{\"@type\":\"ReadAction\",\"target\":[\"https:\\\/\\\/letrame.com\\\/catalogo\\\/producto\\\/despertando-a-la-sensibilidad\\\/\"]}]},{\"@type\":\"ImageObject\",\"inLanguage\":\"es\",\"@id\":\"https:\\\/\\\/letrame.com\\\/catalogo\\\/producto\\\/despertando-a-la-sensibilidad\\\/#primaryimage\",\"url\":\"https:\\\/\\\/letrame.com\\\/catalogo\\\/wp-content\\\/uploads\\\/2024\\\/04\\\/DESPERTANDO-LA-SENSIBILIDAD-scaled-1.jpeg\",\"contentUrl\":\"https:\\\/\\\/letrame.com\\\/catalogo\\\/wp-content\\\/uploads\\\/2024\\\/04\\\/DESPERTANDO-LA-SENSIBILIDAD-scaled-1.jpeg\",\"width\":1813,\"height\":2560},{\"@type\":\"BreadcrumbList\",\"@id\":\"https:\\\/\\\/letrame.com\\\/catalogo\\\/producto\\\/despertando-a-la-sensibilidad\\\/#breadcrumb\",\"itemListElement\":[{\"@type\":\"ListItem\",\"position\":1,\"name\":\"Portada\",\"item\":\"https:\\\/\\\/letrame.com\\\/catalogo\\\/\"},{\"@type\":\"ListItem\",\"position\":2,\"name\":\"Cat\u00e1logo\",\"item\":\"https:\\\/\\\/letrame.com\\\/catalogo\\\/\"},{\"@type\":\"ListItem\",\"position\":3,\"name\":\"Despertando a la sensibilidad\"}]},{\"@type\":\"WebSite\",\"@id\":\"https:\\\/\\\/letrame.com\\\/catalogo\\\/#website\",\"url\":\"https:\\\/\\\/letrame.com\\\/catalogo\\\/\",\"name\":\"Catalogo | Letrame Grupo Editorial\",\"description\":\"\",\"publisher\":{\"@id\":\"https:\\\/\\\/letrame.com\\\/catalogo\\\/#organization\"},\"potentialAction\":[{\"@type\":\"SearchAction\",\"target\":{\"@type\":\"EntryPoint\",\"urlTemplate\":\"https:\\\/\\\/letrame.com\\\/catalogo\\\/?s={search_term_string}\"},\"query-input\":{\"@type\":\"PropertyValueSpecification\",\"valueRequired\":true,\"valueName\":\"search_term_string\"}}],\"inLanguage\":\"es\"},{\"@type\":\"Organization\",\"@id\":\"https:\\\/\\\/letrame.com\\\/catalogo\\\/#organization\",\"name\":\"Catalogo | Letrame Grupo Editorial\",\"url\":\"https:\\\/\\\/letrame.com\\\/catalogo\\\/\",\"logo\":{\"@type\":\"ImageObject\",\"inLanguage\":\"es\",\"@id\":\"https:\\\/\\\/letrame.com\\\/catalogo\\\/#\\\/schema\\\/logo\\\/image\\\/\",\"url\":\"https:\\\/\\\/letrame.com\\\/catalogo\\\/wp-content\\\/uploads\\\/2024\\\/03\\\/logo2.webp\",\"contentUrl\":\"https:\\\/\\\/letrame.com\\\/catalogo\\\/wp-content\\\/uploads\\\/2024\\\/03\\\/logo2.webp\",\"width\":394,\"height\":128,\"caption\":\"Catalogo | Letrame Grupo Editorial\"},\"image\":{\"@id\":\"https:\\\/\\\/letrame.com\\\/catalogo\\\/#\\\/schema\\\/logo\\\/image\\\/\"}}]}<\/script>\n<!-- \/ Yoast SEO plugin. -->","yoast_head_json":{"title":"Despertando a la sensibilidad - Catalogo | Letrame Grupo Editorial","robots":{"index":"index","follow":"follow","max-snippet":"max-snippet:-1","max-image-preview":"max-image-preview:large","max-video-preview":"max-video-preview:-1"},"canonical":"https:\/\/letrame.com\/catalogo\/producto\/despertando-a-la-sensibilidad\/","og_locale":"es_ES","og_type":"article","og_title":"Despertando a la sensibilidad - Catalogo | Letrame Grupo Editorial","og_description":"ISBN: 978-84-1386-870-7 En la era de las telecomunicaciones, algunos vivimos m\u00e1s desconectados que nunca de nosotros mismos y de nuestro entorno, especialmente de la naturaleza, que tantos y tantos regalos nos ofrece con su sost\u00e9n y su belleza, con la expresi\u00f3n de sus ciclos cambiantes y sus ritmos, tan suyos como nuestros. La sensibilidad es un don elevado que brota directamente del coraz\u00f3n, la morada del alma. Con este don, nuestro ser logra atravesar las barreras impuestas hasta alcanzar al otro, construyendo puentes, uniendo, integrando y abrazando, haci\u00e9ndonos conscientes de nuestro mundo interno y la tierra que habitamos. 80 aceites esenciales y cristales se presentan aqu\u00ed como s\u00edmbolos o t\u00f3tems que la autora utiliza para ayudarnos a hacer un boceto en nuestra mente de conceptos tan antiguos, y a la vez tan atemporales, como el Yin y el Yang o la teor\u00eda de los Cinco Elementos. Su forma de narrar es una invitaci\u00f3n directa a la aceptaci\u00f3n y la compasi\u00f3n, a la b\u00fasqueda y encuentro de nuestra libertad a trav\u00e9s de la sensibilidad, y al abrazo con eso que realmente somos.","og_url":"https:\/\/letrame.com\/catalogo\/producto\/despertando-a-la-sensibilidad\/","og_site_name":"Catalogo | Letrame Grupo Editorial","og_image":[{"width":1813,"height":2560,"url":"https:\/\/letrame.com\/catalogo\/wp-content\/uploads\/2024\/04\/DESPERTANDO-LA-SENSIBILIDAD-scaled-1.jpeg","type":"image\/jpeg"}],"twitter_card":"summary_large_image","twitter_misc":{"Tiempo de lectura":"1 minuto"},"schema":{"@context":"https:\/\/schema.org","@graph":[{"@type":"WebPage","@id":"https:\/\/letrame.com\/catalogo\/producto\/despertando-a-la-sensibilidad\/","url":"https:\/\/letrame.com\/catalogo\/producto\/despertando-a-la-sensibilidad\/","name":"Despertando a la sensibilidad - Catalogo | Letrame Grupo Editorial","isPartOf":{"@id":"https:\/\/letrame.com\/catalogo\/#website"},"primaryImageOfPage":{"@id":"https:\/\/letrame.com\/catalogo\/producto\/despertando-a-la-sensibilidad\/#primaryimage"},"image":{"@id":"https:\/\/letrame.com\/catalogo\/producto\/despertando-a-la-sensibilidad\/#primaryimage"},"thumbnailUrl":"https:\/\/letrame.com\/catalogo\/wp-content\/uploads\/2024\/04\/DESPERTANDO-LA-SENSIBILIDAD-scaled-1.jpeg","datePublished":"2024-04-29T10:53:39+00:00","breadcrumb":{"@id":"https:\/\/letrame.com\/catalogo\/producto\/despertando-a-la-sensibilidad\/#breadcrumb"},"inLanguage":"es","potentialAction":[{"@type":"ReadAction","target":["https:\/\/letrame.com\/catalogo\/producto\/despertando-a-la-sensibilidad\/"]}]},{"@type":"ImageObject","inLanguage":"es","@id":"https:\/\/letrame.com\/catalogo\/producto\/despertando-a-la-sensibilidad\/#primaryimage","url":"https:\/\/letrame.com\/catalogo\/wp-content\/uploads\/2024\/04\/DESPERTANDO-LA-SENSIBILIDAD-scaled-1.jpeg","contentUrl":"https:\/\/letrame.com\/catalogo\/wp-content\/uploads\/2024\/04\/DESPERTANDO-LA-SENSIBILIDAD-scaled-1.jpeg","width":1813,"height":2560},{"@type":"BreadcrumbList","@id":"https:\/\/letrame.com\/catalogo\/producto\/despertando-a-la-sensibilidad\/#breadcrumb","itemListElement":[{"@type":"ListItem","position":1,"name":"Portada","item":"https:\/\/letrame.com\/catalogo\/"},{"@type":"ListItem","position":2,"name":"Cat\u00e1logo","item":"https:\/\/letrame.com\/catalogo\/"},{"@type":"ListItem","position":3,"name":"Despertando a la sensibilidad"}]},{"@type":"WebSite","@id":"https:\/\/letrame.com\/catalogo\/#website","url":"https:\/\/letrame.com\/catalogo\/","name":"Catalogo | Letrame Grupo Editorial","description":"","publisher":{"@id":"https:\/\/letrame.com\/catalogo\/#organization"},"potentialAction":[{"@type":"SearchAction","target":{"@type":"EntryPoint","urlTemplate":"https:\/\/letrame.com\/catalogo\/?s={search_term_string}"},"query-input":{"@type":"PropertyValueSpecification","valueRequired":true,"valueName":"search_term_string"}}],"inLanguage":"es"},{"@type":"Organization","@id":"https:\/\/letrame.com\/catalogo\/#organization","name":"Catalogo | Letrame Grupo Editorial","url":"https:\/\/letrame.com\/catalogo\/","logo":{"@type":"ImageObject","inLanguage":"es","@id":"https:\/\/letrame.com\/catalogo\/#\/schema\/logo\/image\/","url":"https:\/\/letrame.com\/catalogo\/wp-content\/uploads\/2024\/03\/logo2.webp","contentUrl":"https:\/\/letrame.com\/catalogo\/wp-content\/uploads\/2024\/03\/logo2.webp","width":394,"height":128,"caption":"Catalogo | Letrame Grupo Editorial"},"image":{"@id":"https:\/\/letrame.com\/catalogo\/#\/schema\/logo\/image\/"}}]}},"_links":{"self":[{"href":"https:\/\/letrame.com\/catalogo\/wp-json\/wp\/v2\/product\/97085","targetHints":{"allow":["GET"]}}],"collection":[{"href":"https:\/\/letrame.com\/catalogo\/wp-json\/wp\/v2\/product"}],"about":[{"href":"https:\/\/letrame.com\/catalogo\/wp-json\/wp\/v2\/types\/product"}],"replies":[{"embeddable":true,"href":"https:\/\/letrame.com\/catalogo\/wp-json\/wp\/v2\/comments?post=97085"}],"acf:post":[{"embeddable":true,"href":"https:\/\/letrame.com\/catalogo\/wp-json\/wp\/v2\/author_book\/75706"}],"wp:featuredmedia":[{"embeddable":true,"href":"https:\/\/letrame.com\/catalogo\/wp-json\/wp\/v2\/media\/97086"}],"wp:attachment":[{"href":"https:\/\/letrame.com\/catalogo\/wp-json\/wp\/v2\/media?parent=97085"}],"wp:term":[{"taxonomy":"libro","embeddable":true,"href":"https:\/\/letrame.com\/catalogo\/wp-json\/wp\/v2\/libro?post=97085"},{"taxonomy":"product_brand","embeddable":true,"href":"https:\/\/letrame.com\/catalogo\/wp-json\/wp\/v2\/product_brand?post=97085"},{"taxonomy":"product_cat","embeddable":true,"href":"https:\/\/letrame.com\/catalogo\/wp-json\/wp\/v2\/product_cat?post=97085"},{"taxonomy":"product_tag","embeddable":true,"href":"https:\/\/letrame.com\/catalogo\/wp-json\/wp\/v2\/product_tag?post=97085"}],"curies":[{"name":"wp","href":"https:\/\/api.w.org\/{rel}","templated":true}]}}