{"id":97082,"date":"2024-04-29T12:53:00","date_gmt":"2024-04-29T10:53:00","guid":{"rendered":"https:\/\/letrame.com\/catalogo\/producto\/tres-realidades-de-mi-verdad\/"},"modified":"2024-04-29T12:53:18","modified_gmt":"2024-04-29T10:53:18","slug":"tres-realidades-de-mi-verdad","status":"publish","type":"product","link":"https:\/\/letrame.com\/catalogo\/producto\/tres-realidades-de-mi-verdad\/","title":{"rendered":"Tres realidades de mi verdad"},"content":{"rendered":"<div class=\"page\" title=\"Page 6\">\n<div class=\"layoutArea\">\n<div class=\"column\">\n<p><strong>ISBN<\/strong>: 978-84-1386-895-0<\/p>\n<\/div>\n<\/div>\n<\/div>\n<p><b>T\u00edtulo<\/b><span style=\"font-weight: 400;\">: Tres realidades de mi verdad<\/span><span style=\"font-weight: 400;\"><br \/>\n<\/span><b>Fecha<\/b><span style=\"font-weight: 400;\">: 2021<\/span><span style=\"font-weight: 400;\"><br \/>\n<\/span><b>P\u00e1ginas<\/b><span style=\"font-weight: 400;\">: 160<\/span><\/p>\n<p><b>SINOPSIS<\/b><\/p>\n<p>&nbsp;<\/p>\n<p>Novela inspirada en una historia real, donde se plantean las diferentes miradas de un mismo hecho noticioso, tras la tr\u00e1gica noche donde una joven mujer cae al vac\u00edo desde el balc\u00f3n del hogar de Tommy O\u2019niel, ubicado en las famosas torres del malec\u00f3n de Santo Domingo.<\/p>\n<p>La trama se desenvuelve a partir de una inusual consulta virtual que recibe el personaje Danilo Figuera, un abogado que analizar\u00e1 todos los hechos y las diferentes realidades que se exponen en torno a la investigaci\u00f3n penal que vive Tommy O\u2019niel despu\u00e9s de la fatal noche.<\/p>\n<p>La historia se centra en reconstruir los hechos a partir de an\u00e1lisis de las perspectivas de los medios de comunicaci\u00f3n y la realidad que se plantea dentro del proceso judicial y lo contado por los personajes, que van narrando su historia individual, poniendo en evidencia la realidad colectiva de un sistema lleno de esc\u00e1ndalo, discriminaci\u00f3n y prejuicios.<\/p>\n<p>El cuestionamiento del abogado y su propio drama personal dar\u00e1 el toque reflexivo y filos\u00f3fico a la obra, descubriendo su propia verdad mientras va tejiendo la historia que enfrenta O\u2019niel.<\/p>\n","protected":false},"excerpt":{"rendered":"<div class=\"page\" title=\"Page 6\">\n<div class=\"layoutArea\">\n<div class=\"column\">\n<p><strong>ISBN: 978-84-1386-895-0<\/strong><\/p>\n<\/div>\n<\/div>\n<\/div>\n<p>Novela inspirada en una historia real, donde se plantean las diferentes miradas de un mismo hecho noticioso, tras la tr\u00e1gica noche donde una joven mujer cae al vac\u00edo desde el balc\u00f3n del hogar de Tommy O\u2019niel, ubicado en las famosas torres del malec\u00f3n de Santo Domingo.<\/p>\n<p>La trama se desenvuelve a partir de una inusual consulta virtual que recibe el personaje Danilo Figuera, un abogado que analizar\u00e1 todos los hechos y las diferentes realidades que se exponen en torno a la investigaci\u00f3n penal que vive Tommy O\u2019niel despu\u00e9s de la fatal noche.<\/p>\n<p>La historia se centra en reconstruir los hechos a partir de an\u00e1lisis de las perspectivas de los medios de comunicaci\u00f3n y la realidad que se plantea dentro del proceso judicial y lo contado por los personajes, que van narrando su historia individual, poniendo en evidencia la realidad colectiva de un sistema lleno de esc\u00e1ndalo, discriminaci\u00f3n y prejuicios.<\/p>\n<p>El cuestionamiento del abogado y su propio drama personal dar\u00e1 el toque reflexivo y filos\u00f3fico a la obra, descubriendo su propia verdad mientras va tejiendo la historia que enfrenta O\u2019niel.<\/p>\n<p>&nbsp;<\/p>\n","protected":false},"featured_media":97083,"comment_status":"closed","ping_status":"open","template":"","meta":{"_acf_changed":false},"libro":[],"product_brand":[],"product_cat":[16],"product_tag":[],"class_list":{"0":"post-97082","1":"product","2":"type-product","3":"status-publish","4":"has-post-thumbnail","6":"product_cat-novela","8":"first","9":"instock","10":"purchasable","11":"product-type-simple"},"acf":{"autor":[75704],"enlace_de_compra":"https:\/\/www.amazon.es\/Tres-realidades-verdad-Malec%C3%B3n-Center\/dp\/8413868955\/ref=sr_1_1?__mk_es_ES=%C3%85M%C3%85%C5%BD%C3%95%C3%91&amp;dchild=1&amp;keywords=Letrame+S.L.+Tres+realidades+de+mi+verdad&amp;qid=1631100733&amp;sr=8-1"},"yoast_head":"<!-- This site is optimized with the Yoast SEO plugin v26.6 - https:\/\/yoast.com\/wordpress\/plugins\/seo\/ -->\n<title>Tres realidades de mi verdad - Catalogo | Letrame Grupo Editorial<\/title>\n<meta name=\"robots\" content=\"index, follow, max-snippet:-1, max-image-preview:large, max-video-preview:-1\" \/>\n<link rel=\"canonical\" href=\"https:\/\/letrame.com\/catalogo\/producto\/tres-realidades-de-mi-verdad\/\" \/>\n<meta property=\"og:locale\" content=\"es_ES\" \/>\n<meta property=\"og:type\" content=\"article\" \/>\n<meta property=\"og:title\" content=\"Tres realidades de mi verdad - Catalogo | Letrame Grupo Editorial\" \/>\n<meta property=\"og:description\" content=\"ISBN: 978-84-1386-895-0   Novela inspirada en una historia real, donde se plantean las diferentes miradas de un mismo hecho noticioso, tras la tr\u00e1gica noche donde una joven mujer cae al vac\u00edo desde el balc\u00f3n del hogar de Tommy O\u2019niel, ubicado en las famosas torres del malec\u00f3n de Santo Domingo. La trama se desenvuelve a partir de una inusual consulta virtual que recibe el personaje Danilo Figuera, un abogado que analizar\u00e1 todos los hechos y las diferentes realidades que se exponen en torno a la investigaci\u00f3n penal que vive Tommy O\u2019niel despu\u00e9s de la fatal noche. La historia se centra en reconstruir los hechos a partir de an\u00e1lisis de las perspectivas de los medios de comunicaci\u00f3n y la realidad que se plantea dentro del proceso judicial y lo contado por los personajes, que van narrando su historia individual, poniendo en evidencia la realidad colectiva de un sistema lleno de esc\u00e1ndalo, discriminaci\u00f3n y prejuicios. El cuestionamiento del abogado y su propio drama personal dar\u00e1 el toque reflexivo y filos\u00f3fico a la obra, descubriendo su propia verdad mientras va tejiendo la historia que enfrenta O\u2019niel. &nbsp;\" \/>\n<meta property=\"og:url\" content=\"https:\/\/letrame.com\/catalogo\/producto\/tres-realidades-de-mi-verdad\/\" \/>\n<meta property=\"og:site_name\" content=\"Catalogo | Letrame Grupo Editorial\" \/>\n<meta property=\"article:modified_time\" content=\"2024-04-29T10:53:18+00:00\" \/>\n<meta property=\"og:image\" content=\"https:\/\/letrame.com\/catalogo\/wp-content\/uploads\/2024\/04\/3-realidades-de-mi-verdad-scaled-1.jpeg\" \/>\n\t<meta property=\"og:image:width\" content=\"1746\" \/>\n\t<meta property=\"og:image:height\" content=\"2560\" \/>\n\t<meta property=\"og:image:type\" content=\"image\/jpeg\" \/>\n<meta name=\"twitter:card\" content=\"summary_large_image\" \/>\n<meta name=\"twitter:label1\" content=\"Tiempo de lectura\" \/>\n\t<meta name=\"twitter:data1\" content=\"1 minuto\" \/>\n<script type=\"application\/ld+json\" class=\"yoast-schema-graph\">{\"@context\":\"https:\/\/schema.org\",\"@graph\":[{\"@type\":\"WebPage\",\"@id\":\"https:\/\/letrame.com\/catalogo\/producto\/tres-realidades-de-mi-verdad\/\",\"url\":\"https:\/\/letrame.com\/catalogo\/producto\/tres-realidades-de-mi-verdad\/\",\"name\":\"Tres realidades de mi verdad - Catalogo | Letrame Grupo Editorial\",\"isPartOf\":{\"@id\":\"https:\/\/letrame.com\/catalogo\/#website\"},\"primaryImageOfPage\":{\"@id\":\"https:\/\/letrame.com\/catalogo\/producto\/tres-realidades-de-mi-verdad\/#primaryimage\"},\"image\":{\"@id\":\"https:\/\/letrame.com\/catalogo\/producto\/tres-realidades-de-mi-verdad\/#primaryimage\"},\"thumbnailUrl\":\"https:\/\/letrame.com\/catalogo\/wp-content\/uploads\/2024\/04\/3-realidades-de-mi-verdad-scaled-1.jpeg\",\"datePublished\":\"2024-04-29T10:53:00+00:00\",\"dateModified\":\"2024-04-29T10:53:18+00:00\",\"breadcrumb\":{\"@id\":\"https:\/\/letrame.com\/catalogo\/producto\/tres-realidades-de-mi-verdad\/#breadcrumb\"},\"inLanguage\":\"es\",\"potentialAction\":[{\"@type\":\"ReadAction\",\"target\":[\"https:\/\/letrame.com\/catalogo\/producto\/tres-realidades-de-mi-verdad\/\"]}]},{\"@type\":\"ImageObject\",\"inLanguage\":\"es\",\"@id\":\"https:\/\/letrame.com\/catalogo\/producto\/tres-realidades-de-mi-verdad\/#primaryimage\",\"url\":\"https:\/\/letrame.com\/catalogo\/wp-content\/uploads\/2024\/04\/3-realidades-de-mi-verdad-scaled-1.jpeg\",\"contentUrl\":\"https:\/\/letrame.com\/catalogo\/wp-content\/uploads\/2024\/04\/3-realidades-de-mi-verdad-scaled-1.jpeg\",\"width\":1746,\"height\":2560},{\"@type\":\"BreadcrumbList\",\"@id\":\"https:\/\/letrame.com\/catalogo\/producto\/tres-realidades-de-mi-verdad\/#breadcrumb\",\"itemListElement\":[{\"@type\":\"ListItem\",\"position\":1,\"name\":\"Portada\",\"item\":\"https:\/\/letrame.com\/catalogo\/\"},{\"@type\":\"ListItem\",\"position\":2,\"name\":\"Cat\u00e1logo\",\"item\":\"https:\/\/letrame.com\/catalogo\/\"},{\"@type\":\"ListItem\",\"position\":3,\"name\":\"Tres realidades de mi verdad\"}]},{\"@type\":\"WebSite\",\"@id\":\"https:\/\/letrame.com\/catalogo\/#website\",\"url\":\"https:\/\/letrame.com\/catalogo\/\",\"name\":\"Catalogo | Letrame Grupo Editorial\",\"description\":\"\",\"publisher\":{\"@id\":\"https:\/\/letrame.com\/catalogo\/#organization\"},\"potentialAction\":[{\"@type\":\"SearchAction\",\"target\":{\"@type\":\"EntryPoint\",\"urlTemplate\":\"https:\/\/letrame.com\/catalogo\/?s={search_term_string}\"},\"query-input\":{\"@type\":\"PropertyValueSpecification\",\"valueRequired\":true,\"valueName\":\"search_term_string\"}}],\"inLanguage\":\"es\"},{\"@type\":\"Organization\",\"@id\":\"https:\/\/letrame.com\/catalogo\/#organization\",\"name\":\"Catalogo | Letrame Grupo Editorial\",\"url\":\"https:\/\/letrame.com\/catalogo\/\",\"logo\":{\"@type\":\"ImageObject\",\"inLanguage\":\"es\",\"@id\":\"https:\/\/letrame.com\/catalogo\/#\/schema\/logo\/image\/\",\"url\":\"https:\/\/letrame.com\/catalogo\/wp-content\/uploads\/2024\/03\/logo2.webp\",\"contentUrl\":\"https:\/\/letrame.com\/catalogo\/wp-content\/uploads\/2024\/03\/logo2.webp\",\"width\":394,\"height\":128,\"caption\":\"Catalogo | Letrame Grupo Editorial\"},\"image\":{\"@id\":\"https:\/\/letrame.com\/catalogo\/#\/schema\/logo\/image\/\"}}]}<\/script>\n<!-- \/ Yoast SEO plugin. -->","yoast_head_json":{"title":"Tres realidades de mi verdad - Catalogo | Letrame Grupo Editorial","robots":{"index":"index","follow":"follow","max-snippet":"max-snippet:-1","max-image-preview":"max-image-preview:large","max-video-preview":"max-video-preview:-1"},"canonical":"https:\/\/letrame.com\/catalogo\/producto\/tres-realidades-de-mi-verdad\/","og_locale":"es_ES","og_type":"article","og_title":"Tres realidades de mi verdad - Catalogo | Letrame Grupo Editorial","og_description":"ISBN: 978-84-1386-895-0   Novela inspirada en una historia real, donde se plantean las diferentes miradas de un mismo hecho noticioso, tras la tr\u00e1gica noche donde una joven mujer cae al vac\u00edo desde el balc\u00f3n del hogar de Tommy O\u2019niel, ubicado en las famosas torres del malec\u00f3n de Santo Domingo. La trama se desenvuelve a partir de una inusual consulta virtual que recibe el personaje Danilo Figuera, un abogado que analizar\u00e1 todos los hechos y las diferentes realidades que se exponen en torno a la investigaci\u00f3n penal que vive Tommy O\u2019niel despu\u00e9s de la fatal noche. La historia se centra en reconstruir los hechos a partir de an\u00e1lisis de las perspectivas de los medios de comunicaci\u00f3n y la realidad que se plantea dentro del proceso judicial y lo contado por los personajes, que van narrando su historia individual, poniendo en evidencia la realidad colectiva de un sistema lleno de esc\u00e1ndalo, discriminaci\u00f3n y prejuicios. El cuestionamiento del abogado y su propio drama personal dar\u00e1 el toque reflexivo y filos\u00f3fico a la obra, descubriendo su propia verdad mientras va tejiendo la historia que enfrenta O\u2019niel. &nbsp;","og_url":"https:\/\/letrame.com\/catalogo\/producto\/tres-realidades-de-mi-verdad\/","og_site_name":"Catalogo | Letrame Grupo Editorial","article_modified_time":"2024-04-29T10:53:18+00:00","og_image":[{"width":1746,"height":2560,"url":"https:\/\/letrame.com\/catalogo\/wp-content\/uploads\/2024\/04\/3-realidades-de-mi-verdad-scaled-1.jpeg","type":"image\/jpeg"}],"twitter_card":"summary_large_image","twitter_misc":{"Tiempo de lectura":"1 minuto"},"schema":{"@context":"https:\/\/schema.org","@graph":[{"@type":"WebPage","@id":"https:\/\/letrame.com\/catalogo\/producto\/tres-realidades-de-mi-verdad\/","url":"https:\/\/letrame.com\/catalogo\/producto\/tres-realidades-de-mi-verdad\/","name":"Tres realidades de mi verdad - Catalogo | Letrame Grupo Editorial","isPartOf":{"@id":"https:\/\/letrame.com\/catalogo\/#website"},"primaryImageOfPage":{"@id":"https:\/\/letrame.com\/catalogo\/producto\/tres-realidades-de-mi-verdad\/#primaryimage"},"image":{"@id":"https:\/\/letrame.com\/catalogo\/producto\/tres-realidades-de-mi-verdad\/#primaryimage"},"thumbnailUrl":"https:\/\/letrame.com\/catalogo\/wp-content\/uploads\/2024\/04\/3-realidades-de-mi-verdad-scaled-1.jpeg","datePublished":"2024-04-29T10:53:00+00:00","dateModified":"2024-04-29T10:53:18+00:00","breadcrumb":{"@id":"https:\/\/letrame.com\/catalogo\/producto\/tres-realidades-de-mi-verdad\/#breadcrumb"},"inLanguage":"es","potentialAction":[{"@type":"ReadAction","target":["https:\/\/letrame.com\/catalogo\/producto\/tres-realidades-de-mi-verdad\/"]}]},{"@type":"ImageObject","inLanguage":"es","@id":"https:\/\/letrame.com\/catalogo\/producto\/tres-realidades-de-mi-verdad\/#primaryimage","url":"https:\/\/letrame.com\/catalogo\/wp-content\/uploads\/2024\/04\/3-realidades-de-mi-verdad-scaled-1.jpeg","contentUrl":"https:\/\/letrame.com\/catalogo\/wp-content\/uploads\/2024\/04\/3-realidades-de-mi-verdad-scaled-1.jpeg","width":1746,"height":2560},{"@type":"BreadcrumbList","@id":"https:\/\/letrame.com\/catalogo\/producto\/tres-realidades-de-mi-verdad\/#breadcrumb","itemListElement":[{"@type":"ListItem","position":1,"name":"Portada","item":"https:\/\/letrame.com\/catalogo\/"},{"@type":"ListItem","position":2,"name":"Cat\u00e1logo","item":"https:\/\/letrame.com\/catalogo\/"},{"@type":"ListItem","position":3,"name":"Tres realidades de mi verdad"}]},{"@type":"WebSite","@id":"https:\/\/letrame.com\/catalogo\/#website","url":"https:\/\/letrame.com\/catalogo\/","name":"Catalogo | Letrame Grupo Editorial","description":"","publisher":{"@id":"https:\/\/letrame.com\/catalogo\/#organization"},"potentialAction":[{"@type":"SearchAction","target":{"@type":"EntryPoint","urlTemplate":"https:\/\/letrame.com\/catalogo\/?s={search_term_string}"},"query-input":{"@type":"PropertyValueSpecification","valueRequired":true,"valueName":"search_term_string"}}],"inLanguage":"es"},{"@type":"Organization","@id":"https:\/\/letrame.com\/catalogo\/#organization","name":"Catalogo | Letrame Grupo Editorial","url":"https:\/\/letrame.com\/catalogo\/","logo":{"@type":"ImageObject","inLanguage":"es","@id":"https:\/\/letrame.com\/catalogo\/#\/schema\/logo\/image\/","url":"https:\/\/letrame.com\/catalogo\/wp-content\/uploads\/2024\/03\/logo2.webp","contentUrl":"https:\/\/letrame.com\/catalogo\/wp-content\/uploads\/2024\/03\/logo2.webp","width":394,"height":128,"caption":"Catalogo | Letrame Grupo Editorial"},"image":{"@id":"https:\/\/letrame.com\/catalogo\/#\/schema\/logo\/image\/"}}]}},"_links":{"self":[{"href":"https:\/\/letrame.com\/catalogo\/wp-json\/wp\/v2\/product\/97082","targetHints":{"allow":["GET"]}}],"collection":[{"href":"https:\/\/letrame.com\/catalogo\/wp-json\/wp\/v2\/product"}],"about":[{"href":"https:\/\/letrame.com\/catalogo\/wp-json\/wp\/v2\/types\/product"}],"replies":[{"embeddable":true,"href":"https:\/\/letrame.com\/catalogo\/wp-json\/wp\/v2\/comments?post=97082"}],"acf:post":[{"embeddable":true,"href":"https:\/\/letrame.com\/catalogo\/wp-json\/wp\/v2\/author_book\/75704"}],"wp:featuredmedia":[{"embeddable":true,"href":"https:\/\/letrame.com\/catalogo\/wp-json\/wp\/v2\/media\/97083"}],"wp:attachment":[{"href":"https:\/\/letrame.com\/catalogo\/wp-json\/wp\/v2\/media?parent=97082"}],"wp:term":[{"taxonomy":"libro","embeddable":true,"href":"https:\/\/letrame.com\/catalogo\/wp-json\/wp\/v2\/libro?post=97082"},{"taxonomy":"product_brand","embeddable":true,"href":"https:\/\/letrame.com\/catalogo\/wp-json\/wp\/v2\/product_brand?post=97082"},{"taxonomy":"product_cat","embeddable":true,"href":"https:\/\/letrame.com\/catalogo\/wp-json\/wp\/v2\/product_cat?post=97082"},{"taxonomy":"product_tag","embeddable":true,"href":"https:\/\/letrame.com\/catalogo\/wp-json\/wp\/v2\/product_tag?post=97082"}],"curies":[{"name":"wp","href":"https:\/\/api.w.org\/{rel}","templated":true}]}}