{"id":97078,"date":"2024-04-29T12:52:08","date_gmt":"2024-04-29T10:52:08","guid":{"rendered":"https:\/\/letrame.com\/catalogo\/producto\/origen-de-la-defensa-personal\/"},"modified":"2024-04-29T12:52:42","modified_gmt":"2024-04-29T10:52:42","slug":"origen-de-la-defensa-personal","status":"publish","type":"product","link":"https:\/\/letrame.com\/catalogo\/producto\/origen-de-la-defensa-personal\/","title":{"rendered":"Origen de la defensa personal"},"content":{"rendered":"<div class=\"page\" title=\"Page 6\">\n<div class=\"layoutArea\">\n<div class=\"column\">\n<p><strong>ISBN<\/strong>: 978-84-1386-978-0<\/p>\n<\/div>\n<\/div>\n<\/div>\n<p><b>T\u00edtulo<\/b><span style=\"font-weight: 400;\">: Origen de la defensa personal<\/span><span style=\"font-weight: 400;\"><br \/>\n<\/span><b>Fecha<\/b><span style=\"font-weight: 400;\">: 2021<\/span><span style=\"font-weight: 400;\"><br \/>\n<\/span><b>P\u00e1ginas<\/b><span style=\"font-weight: 400;\">: 476<\/span><\/p>\n<p><b>SINOPSIS<\/b><\/p>\n<p>Imprescindible obra tanto para los amantes de la Defensa Personal, Artes Marciales y Deportes de Contacto como para aquellas personas que deseen adquirir conocimiento en estas materias. Explora la Autodefensa desde sus or\u00edgenes hasta la actualidad. De forma paralela se introduce la experiencia personal del autor desde sus inicios en el mundo marcial hasta el maravilloso reto de la docencia. Afronta, desde una perspectiva did\u00e1ctica, los interrogantes que subyacen en relaci\u00f3n a la Defensa Personal, apoyada en el an\u00e1lisis de los fundamentos b\u00e1sicos de esta disciplina. Aporta relatos reales cuya lectura no dejar\u00e1 indiferente al lector. Para las cuestiones legales, cuya comprensi\u00f3n es totalmente necesaria, ha colaborado un profesional de la abogac\u00eda y practicante de diversos sistemas de lucha. Incluye cuatro entrevistas in\u00e9ditas realizadas a docentes de distintas disciplinas con una gran trayectoria profesional, que aportan su visi\u00f3n magistral sobre la Defensa Personal.<\/p>\n","protected":false},"excerpt":{"rendered":"<div class=\"page\" title=\"Page 6\">\n<div class=\"layoutArea\">\n<div class=\"column\">\n<p><strong>ISBN: 978-84-1386-978-0<\/strong><\/p>\n<\/div>\n<p>Imprescindible obra tanto para los amantes de la Defensa Personal, Artes Marciales y Deportes de Contacto como para aquellas personas que deseen adquirir conocimiento en estas materias. Explora la Autodefensa desde sus or\u00edgenes hasta la actualidad. De forma paralela se introduce la experiencia personal del autor desde sus inicios en el mundo marcial hasta el maravilloso reto de la docencia. Afronta, desde una perspectiva did\u00e1ctica, los interrogantes que subyacen en relaci\u00f3n a la Defensa Personal, apoyada en el an\u00e1lisis de los fundamentos b\u00e1sicos de esta disciplina. Aporta relatos reales cuya lectura no dejar\u00e1 indiferente al lector. Para las cuestiones legales, cuya comprensi\u00f3n es totalmente necesaria, ha colaborado un profesional de la abogac\u00eda y practicante de diversos sistemas de lucha. Incluye cuatro entrevistas in\u00e9ditas realizadas a docentes de distintas disciplinas con una gran trayectoria profesional, que aportan su visi\u00f3n magistral sobre la Defensa Personal.<\/p>\n<\/div>\n<\/div>\n","protected":false},"featured_media":97079,"comment_status":"closed","ping_status":"open","template":"","meta":{"_acf_changed":false},"libro":[],"product_brand":[],"product_cat":[23],"product_tag":[],"class_list":{"0":"post-97078","1":"product","2":"type-product","3":"status-publish","4":"has-post-thumbnail","6":"product_cat-ensayos","8":"first","9":"instock","10":"purchasable","11":"product-type-simple"},"acf":{"autor":[75703],"enlace_de_compra":"https:\/\/www.amazon.es\/Origen-defensa-personal-An%C3%A1lisis-reflexiones\/dp\/8413869781\/ref=sr_1_1?__mk_es_ES=%C3%85M%C3%85%C5%BD%C3%95%C3%91&amp;dchild=1&amp;keywords=Letrame+S.L.+origen&amp;qid=1631099481&amp;sr=8-1"},"yoast_head":"<!-- This site is optimized with the Yoast SEO plugin v27.4 - https:\/\/yoast.com\/product\/yoast-seo-wordpress\/ -->\n<title>Origen de la defensa personal - Catalogo | Letrame Grupo Editorial<\/title>\n<meta name=\"robots\" content=\"index, follow, max-snippet:-1, max-image-preview:large, max-video-preview:-1\" \/>\n<link rel=\"canonical\" href=\"https:\/\/letrame.com\/catalogo\/producto\/origen-de-la-defensa-personal\/\" \/>\n<meta property=\"og:locale\" content=\"es_ES\" \/>\n<meta property=\"og:type\" content=\"article\" \/>\n<meta property=\"og:title\" content=\"Origen de la defensa personal - Catalogo | Letrame Grupo Editorial\" \/>\n<meta property=\"og:description\" content=\"ISBN: 978-84-1386-978-0  Imprescindible obra tanto para los amantes de la Defensa Personal, Artes Marciales y Deportes de Contacto como para aquellas personas que deseen adquirir conocimiento en estas materias. Explora la Autodefensa desde sus or\u00edgenes hasta la actualidad. De forma paralela se introduce la experiencia personal del autor desde sus inicios en el mundo marcial hasta el maravilloso reto de la docencia. Afronta, desde una perspectiva did\u00e1ctica, los interrogantes que subyacen en relaci\u00f3n a la Defensa Personal, apoyada en el an\u00e1lisis de los fundamentos b\u00e1sicos de esta disciplina. Aporta relatos reales cuya lectura no dejar\u00e1 indiferente al lector. Para las cuestiones legales, cuya comprensi\u00f3n es totalmente necesaria, ha colaborado un profesional de la abogac\u00eda y practicante de diversos sistemas de lucha. Incluye cuatro entrevistas in\u00e9ditas realizadas a docentes de distintas disciplinas con una gran trayectoria profesional, que aportan su visi\u00f3n magistral sobre la Defensa Personal.\" \/>\n<meta property=\"og:url\" content=\"https:\/\/letrame.com\/catalogo\/producto\/origen-de-la-defensa-personal\/\" \/>\n<meta property=\"og:site_name\" content=\"Catalogo | Letrame Grupo Editorial\" \/>\n<meta property=\"article:modified_time\" content=\"2024-04-29T10:52:42+00:00\" \/>\n<meta property=\"og:image\" content=\"https:\/\/letrame.com\/catalogo\/wp-content\/uploads\/2024\/04\/ORIGEN-DE-LA-DEFENSA-PERSONAL-scaled-1.jpeg\" \/>\n\t<meta property=\"og:image:width\" content=\"1772\" \/>\n\t<meta property=\"og:image:height\" content=\"2560\" \/>\n\t<meta property=\"og:image:type\" content=\"image\/jpeg\" \/>\n<meta name=\"twitter:card\" content=\"summary_large_image\" \/>\n<meta name=\"twitter:label1\" content=\"Tiempo de lectura\" \/>\n\t<meta name=\"twitter:data1\" content=\"1 minuto\" \/>\n<script type=\"application\/ld+json\" class=\"yoast-schema-graph\">{\"@context\":\"https:\\\/\\\/schema.org\",\"@graph\":[{\"@type\":\"WebPage\",\"@id\":\"https:\\\/\\\/letrame.com\\\/catalogo\\\/producto\\\/origen-de-la-defensa-personal\\\/\",\"url\":\"https:\\\/\\\/letrame.com\\\/catalogo\\\/producto\\\/origen-de-la-defensa-personal\\\/\",\"name\":\"Origen de la defensa personal - Catalogo | Letrame Grupo Editorial\",\"isPartOf\":{\"@id\":\"https:\\\/\\\/letrame.com\\\/catalogo\\\/#website\"},\"primaryImageOfPage\":{\"@id\":\"https:\\\/\\\/letrame.com\\\/catalogo\\\/producto\\\/origen-de-la-defensa-personal\\\/#primaryimage\"},\"image\":{\"@id\":\"https:\\\/\\\/letrame.com\\\/catalogo\\\/producto\\\/origen-de-la-defensa-personal\\\/#primaryimage\"},\"thumbnailUrl\":\"https:\\\/\\\/letrame.com\\\/catalogo\\\/wp-content\\\/uploads\\\/2024\\\/04\\\/ORIGEN-DE-LA-DEFENSA-PERSONAL-scaled-1.jpeg\",\"datePublished\":\"2024-04-29T10:52:08+00:00\",\"dateModified\":\"2024-04-29T10:52:42+00:00\",\"breadcrumb\":{\"@id\":\"https:\\\/\\\/letrame.com\\\/catalogo\\\/producto\\\/origen-de-la-defensa-personal\\\/#breadcrumb\"},\"inLanguage\":\"es\",\"potentialAction\":[{\"@type\":\"ReadAction\",\"target\":[\"https:\\\/\\\/letrame.com\\\/catalogo\\\/producto\\\/origen-de-la-defensa-personal\\\/\"]}]},{\"@type\":\"ImageObject\",\"inLanguage\":\"es\",\"@id\":\"https:\\\/\\\/letrame.com\\\/catalogo\\\/producto\\\/origen-de-la-defensa-personal\\\/#primaryimage\",\"url\":\"https:\\\/\\\/letrame.com\\\/catalogo\\\/wp-content\\\/uploads\\\/2024\\\/04\\\/ORIGEN-DE-LA-DEFENSA-PERSONAL-scaled-1.jpeg\",\"contentUrl\":\"https:\\\/\\\/letrame.com\\\/catalogo\\\/wp-content\\\/uploads\\\/2024\\\/04\\\/ORIGEN-DE-LA-DEFENSA-PERSONAL-scaled-1.jpeg\",\"width\":1772,\"height\":2560},{\"@type\":\"BreadcrumbList\",\"@id\":\"https:\\\/\\\/letrame.com\\\/catalogo\\\/producto\\\/origen-de-la-defensa-personal\\\/#breadcrumb\",\"itemListElement\":[{\"@type\":\"ListItem\",\"position\":1,\"name\":\"Portada\",\"item\":\"https:\\\/\\\/letrame.com\\\/catalogo\\\/\"},{\"@type\":\"ListItem\",\"position\":2,\"name\":\"Cat\u00e1logo\",\"item\":\"https:\\\/\\\/letrame.com\\\/catalogo\\\/\"},{\"@type\":\"ListItem\",\"position\":3,\"name\":\"Origen de la defensa personal\"}]},{\"@type\":\"WebSite\",\"@id\":\"https:\\\/\\\/letrame.com\\\/catalogo\\\/#website\",\"url\":\"https:\\\/\\\/letrame.com\\\/catalogo\\\/\",\"name\":\"Catalogo | Letrame Grupo Editorial\",\"description\":\"\",\"publisher\":{\"@id\":\"https:\\\/\\\/letrame.com\\\/catalogo\\\/#organization\"},\"potentialAction\":[{\"@type\":\"SearchAction\",\"target\":{\"@type\":\"EntryPoint\",\"urlTemplate\":\"https:\\\/\\\/letrame.com\\\/catalogo\\\/?s={search_term_string}\"},\"query-input\":{\"@type\":\"PropertyValueSpecification\",\"valueRequired\":true,\"valueName\":\"search_term_string\"}}],\"inLanguage\":\"es\"},{\"@type\":\"Organization\",\"@id\":\"https:\\\/\\\/letrame.com\\\/catalogo\\\/#organization\",\"name\":\"Catalogo | Letrame Grupo Editorial\",\"url\":\"https:\\\/\\\/letrame.com\\\/catalogo\\\/\",\"logo\":{\"@type\":\"ImageObject\",\"inLanguage\":\"es\",\"@id\":\"https:\\\/\\\/letrame.com\\\/catalogo\\\/#\\\/schema\\\/logo\\\/image\\\/\",\"url\":\"https:\\\/\\\/letrame.com\\\/catalogo\\\/wp-content\\\/uploads\\\/2024\\\/03\\\/logo2.webp\",\"contentUrl\":\"https:\\\/\\\/letrame.com\\\/catalogo\\\/wp-content\\\/uploads\\\/2024\\\/03\\\/logo2.webp\",\"width\":394,\"height\":128,\"caption\":\"Catalogo | Letrame Grupo Editorial\"},\"image\":{\"@id\":\"https:\\\/\\\/letrame.com\\\/catalogo\\\/#\\\/schema\\\/logo\\\/image\\\/\"}}]}<\/script>\n<!-- \/ Yoast SEO plugin. -->","yoast_head_json":{"title":"Origen de la defensa personal - Catalogo | Letrame Grupo Editorial","robots":{"index":"index","follow":"follow","max-snippet":"max-snippet:-1","max-image-preview":"max-image-preview:large","max-video-preview":"max-video-preview:-1"},"canonical":"https:\/\/letrame.com\/catalogo\/producto\/origen-de-la-defensa-personal\/","og_locale":"es_ES","og_type":"article","og_title":"Origen de la defensa personal - Catalogo | Letrame Grupo Editorial","og_description":"ISBN: 978-84-1386-978-0  Imprescindible obra tanto para los amantes de la Defensa Personal, Artes Marciales y Deportes de Contacto como para aquellas personas que deseen adquirir conocimiento en estas materias. Explora la Autodefensa desde sus or\u00edgenes hasta la actualidad. De forma paralela se introduce la experiencia personal del autor desde sus inicios en el mundo marcial hasta el maravilloso reto de la docencia. Afronta, desde una perspectiva did\u00e1ctica, los interrogantes que subyacen en relaci\u00f3n a la Defensa Personal, apoyada en el an\u00e1lisis de los fundamentos b\u00e1sicos de esta disciplina. Aporta relatos reales cuya lectura no dejar\u00e1 indiferente al lector. Para las cuestiones legales, cuya comprensi\u00f3n es totalmente necesaria, ha colaborado un profesional de la abogac\u00eda y practicante de diversos sistemas de lucha. Incluye cuatro entrevistas in\u00e9ditas realizadas a docentes de distintas disciplinas con una gran trayectoria profesional, que aportan su visi\u00f3n magistral sobre la Defensa Personal.","og_url":"https:\/\/letrame.com\/catalogo\/producto\/origen-de-la-defensa-personal\/","og_site_name":"Catalogo | Letrame Grupo Editorial","article_modified_time":"2024-04-29T10:52:42+00:00","og_image":[{"width":1772,"height":2560,"url":"https:\/\/letrame.com\/catalogo\/wp-content\/uploads\/2024\/04\/ORIGEN-DE-LA-DEFENSA-PERSONAL-scaled-1.jpeg","type":"image\/jpeg"}],"twitter_card":"summary_large_image","twitter_misc":{"Tiempo de lectura":"1 minuto"},"schema":{"@context":"https:\/\/schema.org","@graph":[{"@type":"WebPage","@id":"https:\/\/letrame.com\/catalogo\/producto\/origen-de-la-defensa-personal\/","url":"https:\/\/letrame.com\/catalogo\/producto\/origen-de-la-defensa-personal\/","name":"Origen de la defensa personal - Catalogo | Letrame Grupo Editorial","isPartOf":{"@id":"https:\/\/letrame.com\/catalogo\/#website"},"primaryImageOfPage":{"@id":"https:\/\/letrame.com\/catalogo\/producto\/origen-de-la-defensa-personal\/#primaryimage"},"image":{"@id":"https:\/\/letrame.com\/catalogo\/producto\/origen-de-la-defensa-personal\/#primaryimage"},"thumbnailUrl":"https:\/\/letrame.com\/catalogo\/wp-content\/uploads\/2024\/04\/ORIGEN-DE-LA-DEFENSA-PERSONAL-scaled-1.jpeg","datePublished":"2024-04-29T10:52:08+00:00","dateModified":"2024-04-29T10:52:42+00:00","breadcrumb":{"@id":"https:\/\/letrame.com\/catalogo\/producto\/origen-de-la-defensa-personal\/#breadcrumb"},"inLanguage":"es","potentialAction":[{"@type":"ReadAction","target":["https:\/\/letrame.com\/catalogo\/producto\/origen-de-la-defensa-personal\/"]}]},{"@type":"ImageObject","inLanguage":"es","@id":"https:\/\/letrame.com\/catalogo\/producto\/origen-de-la-defensa-personal\/#primaryimage","url":"https:\/\/letrame.com\/catalogo\/wp-content\/uploads\/2024\/04\/ORIGEN-DE-LA-DEFENSA-PERSONAL-scaled-1.jpeg","contentUrl":"https:\/\/letrame.com\/catalogo\/wp-content\/uploads\/2024\/04\/ORIGEN-DE-LA-DEFENSA-PERSONAL-scaled-1.jpeg","width":1772,"height":2560},{"@type":"BreadcrumbList","@id":"https:\/\/letrame.com\/catalogo\/producto\/origen-de-la-defensa-personal\/#breadcrumb","itemListElement":[{"@type":"ListItem","position":1,"name":"Portada","item":"https:\/\/letrame.com\/catalogo\/"},{"@type":"ListItem","position":2,"name":"Cat\u00e1logo","item":"https:\/\/letrame.com\/catalogo\/"},{"@type":"ListItem","position":3,"name":"Origen de la defensa personal"}]},{"@type":"WebSite","@id":"https:\/\/letrame.com\/catalogo\/#website","url":"https:\/\/letrame.com\/catalogo\/","name":"Catalogo | Letrame Grupo Editorial","description":"","publisher":{"@id":"https:\/\/letrame.com\/catalogo\/#organization"},"potentialAction":[{"@type":"SearchAction","target":{"@type":"EntryPoint","urlTemplate":"https:\/\/letrame.com\/catalogo\/?s={search_term_string}"},"query-input":{"@type":"PropertyValueSpecification","valueRequired":true,"valueName":"search_term_string"}}],"inLanguage":"es"},{"@type":"Organization","@id":"https:\/\/letrame.com\/catalogo\/#organization","name":"Catalogo | Letrame Grupo Editorial","url":"https:\/\/letrame.com\/catalogo\/","logo":{"@type":"ImageObject","inLanguage":"es","@id":"https:\/\/letrame.com\/catalogo\/#\/schema\/logo\/image\/","url":"https:\/\/letrame.com\/catalogo\/wp-content\/uploads\/2024\/03\/logo2.webp","contentUrl":"https:\/\/letrame.com\/catalogo\/wp-content\/uploads\/2024\/03\/logo2.webp","width":394,"height":128,"caption":"Catalogo | Letrame Grupo Editorial"},"image":{"@id":"https:\/\/letrame.com\/catalogo\/#\/schema\/logo\/image\/"}}]}},"_links":{"self":[{"href":"https:\/\/letrame.com\/catalogo\/wp-json\/wp\/v2\/product\/97078","targetHints":{"allow":["GET"]}}],"collection":[{"href":"https:\/\/letrame.com\/catalogo\/wp-json\/wp\/v2\/product"}],"about":[{"href":"https:\/\/letrame.com\/catalogo\/wp-json\/wp\/v2\/types\/product"}],"replies":[{"embeddable":true,"href":"https:\/\/letrame.com\/catalogo\/wp-json\/wp\/v2\/comments?post=97078"}],"acf:post":[{"embeddable":true,"href":"https:\/\/letrame.com\/catalogo\/wp-json\/wp\/v2\/author_book\/75703"}],"wp:featuredmedia":[{"embeddable":true,"href":"https:\/\/letrame.com\/catalogo\/wp-json\/wp\/v2\/media\/97079"}],"wp:attachment":[{"href":"https:\/\/letrame.com\/catalogo\/wp-json\/wp\/v2\/media?parent=97078"}],"wp:term":[{"taxonomy":"libro","embeddable":true,"href":"https:\/\/letrame.com\/catalogo\/wp-json\/wp\/v2\/libro?post=97078"},{"taxonomy":"product_brand","embeddable":true,"href":"https:\/\/letrame.com\/catalogo\/wp-json\/wp\/v2\/product_brand?post=97078"},{"taxonomy":"product_cat","embeddable":true,"href":"https:\/\/letrame.com\/catalogo\/wp-json\/wp\/v2\/product_cat?post=97078"},{"taxonomy":"product_tag","embeddable":true,"href":"https:\/\/letrame.com\/catalogo\/wp-json\/wp\/v2\/product_tag?post=97078"}],"curies":[{"name":"wp","href":"https:\/\/api.w.org\/{rel}","templated":true}]}}