{"id":97043,"date":"2024-04-29T12:45:11","date_gmt":"2024-04-29T10:45:11","guid":{"rendered":"https:\/\/letrame.com\/catalogo\/producto\/lo-que-no-te-cuentan-de-las-bodas\/"},"modified":"2024-04-29T12:46:04","modified_gmt":"2024-04-29T10:46:04","slug":"lo-que-no-te-cuentan-de-las-bodas","status":"publish","type":"product","link":"https:\/\/letrame.com\/catalogo\/producto\/lo-que-no-te-cuentan-de-las-bodas\/","title":{"rendered":"Lo que no te cuentan de las bodas"},"content":{"rendered":"<div class=\"page\" title=\"Page 6\">\n<div class=\"layoutArea\">\n<div class=\"column\">\n<p><strong>ISBN<\/strong>: 978-84-1386-875-2<\/p>\n<\/div>\n<\/div>\n<\/div>\n<p><b>T\u00edtulo<\/b><span style=\"font-weight: 400;\">: Lo que no te cuentan de las bodas<\/span><span style=\"font-weight: 400;\"><br \/>\n<\/span><b>Fecha<\/b><span style=\"font-weight: 400;\">: 2021<\/span><span style=\"font-weight: 400;\"><br \/>\n<\/span><b>P\u00e1ginas<\/b><span style=\"font-weight: 400;\">: 272<\/span><\/p>\n<p><b>SINOPSIS<\/b><\/p>\n<div class=\"page\" title=\"Page 1\">\n<div class=\"layoutArea\">\n<div class=\"column\">\n<p>Segunda parte de \u201cAn\u00e9cdotas de una Wedding Planner\u201d, de Gloria Tabascar.<\/p>\n<p>En su anterior libro&#8230;<br \/>\nGloria es administrativa. Trabaja con una jefa-ogro grit\u00e1ndole todo el d\u00eda.<br \/>\nSu crush le vende la moto. (Literal)<br \/>\n\u00c9l es trece a\u00f1os mayor que ella.<br \/>\nOrganiza su boda, manda lejos su trabajo, su jefa y se lanza, con doble tirabuz\u00f3n, al maravilloso<\/p>\n<p>mundo de las bodas.<br \/>\nMonta su propia empresa, Se\u00f1or y Se\u00f1ora De, organiza varias bodas y estudia varios cursos. (Por ese orden)<br \/>\nEmpieza la casa por el tejado, pero volver\u00eda hacerlo as\u00ed cien veces m\u00e1s, dice. &#8230;&#8230;&#8230;&#8230;&#8230;&#8230;&#8230;&#8230;&#8230;&#8230;&#8230;&#8230;&#8230;&#8230;&#8230;&#8230;<\/p>\n<p>Despu\u00e9s de seis a\u00f1os trabajando como Wedding Planner&#8230; Gloria te ense\u00f1a el aut\u00e9ntico backstage de las bodas (eso que no te cuentan nunca) Te cuenta c\u00f3mo es la organizaci\u00f3n y su d\u00eda a d\u00eda como un pollo sin cabeza.<br \/>\n\u00bfLa edad es s\u00f3lo un n\u00famero? \u00bfPasar\u00e1n factura los trece a\u00f1os?<br \/>\nUna sesi\u00f3n de fotos en Londres y como quedarse tirada en una cuneta.<br \/>\nDecir lo de \u201c\u00bfHay un m\u00e9dico en la salante.<br \/>\nDespu\u00e9s de cada cala?\u201d en plena boda, ser\u00e1 lo m\u00e1s suave que le pase. Descubrir el maravilloso mundo de la hipersensibilidad \u00bfQu\u00e9 es PAS?<br \/>\nUna enfermedad y una pandemia desbaratar\u00e1n todos los planes.<br \/>\nDos mil veinte ser\u00e1 un gran a\u00f1o, dec\u00edan.<br \/>\n\u00bfSe puede sobrevivir a un confinamiento con la casa en obras? Pregunto<br \/>\nC\u00f3mo organizar una boda en \u201cnueva normalidad\u201d y post-COVID.<br \/>\nY mucho m\u00e1s&#8230;<\/p>\n<\/div>\n<\/div>\n<\/div>\n<p>esa, Se\u00f1o<\/p>\n","protected":false},"excerpt":{"rendered":"<div class=\"page\" title=\"Page 6\">\n<div class=\"layoutArea\">\n<div class=\"column\">\n<p><strong>ISBN: 978-84-1386-875-2<\/strong><\/p>\n<\/div>\n<\/div>\n<\/div>\n<div class=\"page\" title=\"Page 1\">\n<div class=\"layoutArea\">\n<div class=\"column\">\n<p><strong>Despue_s de seis a\u00f1os trabajando como Wedding Planner&#8230; Gloria te ense\u00f1a el aut\u00e9ntico backstage de las bodas (eso que no te cuentan nunca) Te cuenta c\u00f3mo es la organizaci\u00f3n y su d\u00eda a d\u00eda como un pollo sin cabeza.<\/strong><br \/>\n\u00bfLa edad es s\u00f3lo un n\u00famero? \u00bfPasar\u00e1n factura los trece a\u00f1os?<br \/>\nUna sesi\u00f3n de fotos en Londres y como quedarse tirada en una cuneta.<br \/>\nDecir lo de \u201c\u00bfHay un m\u00e9dico en la sala?\u201d en plena boda, ser\u00e1 lo m\u00e1s suave que le pase. Descubrir el maravilloso mundo de la hipersensibilidad \u00bfQu\u00e9 es PAS?<br \/>\nUna enfermedad y una pandemia desbaratar\u00e1n todos los planes.<br \/>\nDos mil veinte ser\u00e1 un gran a\u00f1o, dec\u00edan.<br \/>\n\u00bfSe puede sobrevivir a un confinamiento con la casa en obras? Pregunto<br \/>\nC\u00f3mo organizar una boda en \u201cnueva normalidad\u201d y post-COVID.<br \/>\nY mucho m\u00e1s&#8230;<\/p>\n<\/div>\n<\/div>\n<\/div>\n","protected":false},"featured_media":97044,"comment_status":"closed","ping_status":"open","template":"","meta":{"_acf_changed":false},"libro":[],"product_brand":[],"product_cat":[21],"product_tag":[],"class_list":{"0":"post-97043","1":"product","2":"type-product","3":"status-publish","4":"has-post-thumbnail","6":"product_cat-relato","8":"first","9":"instock","10":"purchasable","11":"product-type-simple"},"acf":{"autor":[73788],"enlace_de_compra":"ttps:\/\/www.amazon.es\/Lo-que-cuentan-las-bodas\/dp\/8413868750\/ref=sr_1_1?__mk_es_ES=%C3%85M%C3%85%C5%BD%C3%95%C3%91&amp;dchild=1&amp;keywords=Letrame+S.L.+Lo+que+no+te+cuentan+de+las+bodas&amp;qid=1630490019&amp;sr=8-1"},"yoast_head":"<!-- This site is optimized with the Yoast SEO plugin v27.4 - https:\/\/yoast.com\/product\/yoast-seo-wordpress\/ -->\n<title>Lo que no te cuentan de las bodas - Catalogo | Letrame Grupo Editorial<\/title>\n<meta name=\"robots\" content=\"index, follow, max-snippet:-1, max-image-preview:large, max-video-preview:-1\" \/>\n<link rel=\"canonical\" href=\"https:\/\/letrame.com\/catalogo\/producto\/lo-que-no-te-cuentan-de-las-bodas\/\" \/>\n<meta property=\"og:locale\" content=\"es_ES\" \/>\n<meta property=\"og:type\" content=\"article\" \/>\n<meta property=\"og:title\" content=\"Lo que no te cuentan de las bodas - Catalogo | Letrame Grupo Editorial\" \/>\n<meta property=\"og:description\" content=\"ISBN: 978-84-1386-875-2     Despue_s de seis a\u00f1os trabajando como Wedding Planner... Gloria te ense\u00f1a el aut\u00e9ntico backstage de las bodas (eso que no te cuentan nunca) Te cuenta c\u00f3mo es la organizaci\u00f3n y su d\u00eda a d\u00eda como un pollo sin cabeza. \u00bfLa edad es s\u00f3lo un n\u00famero? \u00bfPasar\u00e1n factura los trece a\u00f1os? Una sesi\u00f3n de fotos en Londres y como quedarse tirada en una cuneta. Decir lo de \u201c\u00bfHay un m\u00e9dico en la sala?\u201d en plena boda, ser\u00e1 lo m\u00e1s suave que le pase. Descubrir el maravilloso mundo de la hipersensibilidad \u00bfQu\u00e9 es PAS? Una enfermedad y una pandemia desbaratar\u00e1n todos los planes. Dos mil veinte ser\u00e1 un gran a\u00f1o, dec\u00edan. \u00bfSe puede sobrevivir a un confinamiento con la casa en obras? Pregunto C\u00f3mo organizar una boda en \u201cnueva normalidad\u201d y post-COVID. Y mucho m\u00e1s...\" \/>\n<meta property=\"og:url\" content=\"https:\/\/letrame.com\/catalogo\/producto\/lo-que-no-te-cuentan-de-las-bodas\/\" \/>\n<meta property=\"og:site_name\" content=\"Catalogo | Letrame Grupo Editorial\" \/>\n<meta property=\"article:modified_time\" content=\"2024-04-29T10:46:04+00:00\" \/>\n<meta property=\"og:image\" content=\"https:\/\/letrame.com\/catalogo\/wp-content\/uploads\/2024\/04\/Lo-que-no-te-cuentan-de-las-bodas-scaled-1.jpeg\" \/>\n\t<meta property=\"og:image:width\" content=\"1746\" \/>\n\t<meta property=\"og:image:height\" content=\"2560\" \/>\n\t<meta property=\"og:image:type\" content=\"image\/jpeg\" \/>\n<meta name=\"twitter:card\" content=\"summary_large_image\" \/>\n<meta name=\"twitter:label1\" content=\"Tiempo de lectura\" \/>\n\t<meta name=\"twitter:data1\" content=\"1 minuto\" \/>\n<script type=\"application\/ld+json\" class=\"yoast-schema-graph\">{\"@context\":\"https:\\\/\\\/schema.org\",\"@graph\":[{\"@type\":\"WebPage\",\"@id\":\"https:\\\/\\\/letrame.com\\\/catalogo\\\/producto\\\/lo-que-no-te-cuentan-de-las-bodas\\\/\",\"url\":\"https:\\\/\\\/letrame.com\\\/catalogo\\\/producto\\\/lo-que-no-te-cuentan-de-las-bodas\\\/\",\"name\":\"Lo que no te cuentan de las bodas - Catalogo | Letrame Grupo Editorial\",\"isPartOf\":{\"@id\":\"https:\\\/\\\/letrame.com\\\/catalogo\\\/#website\"},\"primaryImageOfPage\":{\"@id\":\"https:\\\/\\\/letrame.com\\\/catalogo\\\/producto\\\/lo-que-no-te-cuentan-de-las-bodas\\\/#primaryimage\"},\"image\":{\"@id\":\"https:\\\/\\\/letrame.com\\\/catalogo\\\/producto\\\/lo-que-no-te-cuentan-de-las-bodas\\\/#primaryimage\"},\"thumbnailUrl\":\"https:\\\/\\\/letrame.com\\\/catalogo\\\/wp-content\\\/uploads\\\/2024\\\/04\\\/Lo-que-no-te-cuentan-de-las-bodas-scaled-1.jpeg\",\"datePublished\":\"2024-04-29T10:45:11+00:00\",\"dateModified\":\"2024-04-29T10:46:04+00:00\",\"breadcrumb\":{\"@id\":\"https:\\\/\\\/letrame.com\\\/catalogo\\\/producto\\\/lo-que-no-te-cuentan-de-las-bodas\\\/#breadcrumb\"},\"inLanguage\":\"es\",\"potentialAction\":[{\"@type\":\"ReadAction\",\"target\":[\"https:\\\/\\\/letrame.com\\\/catalogo\\\/producto\\\/lo-que-no-te-cuentan-de-las-bodas\\\/\"]}]},{\"@type\":\"ImageObject\",\"inLanguage\":\"es\",\"@id\":\"https:\\\/\\\/letrame.com\\\/catalogo\\\/producto\\\/lo-que-no-te-cuentan-de-las-bodas\\\/#primaryimage\",\"url\":\"https:\\\/\\\/letrame.com\\\/catalogo\\\/wp-content\\\/uploads\\\/2024\\\/04\\\/Lo-que-no-te-cuentan-de-las-bodas-scaled-1.jpeg\",\"contentUrl\":\"https:\\\/\\\/letrame.com\\\/catalogo\\\/wp-content\\\/uploads\\\/2024\\\/04\\\/Lo-que-no-te-cuentan-de-las-bodas-scaled-1.jpeg\",\"width\":1746,\"height\":2560},{\"@type\":\"BreadcrumbList\",\"@id\":\"https:\\\/\\\/letrame.com\\\/catalogo\\\/producto\\\/lo-que-no-te-cuentan-de-las-bodas\\\/#breadcrumb\",\"itemListElement\":[{\"@type\":\"ListItem\",\"position\":1,\"name\":\"Portada\",\"item\":\"https:\\\/\\\/letrame.com\\\/catalogo\\\/\"},{\"@type\":\"ListItem\",\"position\":2,\"name\":\"Cat\u00e1logo\",\"item\":\"https:\\\/\\\/letrame.com\\\/catalogo\\\/\"},{\"@type\":\"ListItem\",\"position\":3,\"name\":\"Lo que no te cuentan de las bodas\"}]},{\"@type\":\"WebSite\",\"@id\":\"https:\\\/\\\/letrame.com\\\/catalogo\\\/#website\",\"url\":\"https:\\\/\\\/letrame.com\\\/catalogo\\\/\",\"name\":\"Catalogo | Letrame Grupo Editorial\",\"description\":\"\",\"publisher\":{\"@id\":\"https:\\\/\\\/letrame.com\\\/catalogo\\\/#organization\"},\"potentialAction\":[{\"@type\":\"SearchAction\",\"target\":{\"@type\":\"EntryPoint\",\"urlTemplate\":\"https:\\\/\\\/letrame.com\\\/catalogo\\\/?s={search_term_string}\"},\"query-input\":{\"@type\":\"PropertyValueSpecification\",\"valueRequired\":true,\"valueName\":\"search_term_string\"}}],\"inLanguage\":\"es\"},{\"@type\":\"Organization\",\"@id\":\"https:\\\/\\\/letrame.com\\\/catalogo\\\/#organization\",\"name\":\"Catalogo | Letrame Grupo Editorial\",\"url\":\"https:\\\/\\\/letrame.com\\\/catalogo\\\/\",\"logo\":{\"@type\":\"ImageObject\",\"inLanguage\":\"es\",\"@id\":\"https:\\\/\\\/letrame.com\\\/catalogo\\\/#\\\/schema\\\/logo\\\/image\\\/\",\"url\":\"https:\\\/\\\/letrame.com\\\/catalogo\\\/wp-content\\\/uploads\\\/2024\\\/03\\\/logo2.webp\",\"contentUrl\":\"https:\\\/\\\/letrame.com\\\/catalogo\\\/wp-content\\\/uploads\\\/2024\\\/03\\\/logo2.webp\",\"width\":394,\"height\":128,\"caption\":\"Catalogo | Letrame Grupo Editorial\"},\"image\":{\"@id\":\"https:\\\/\\\/letrame.com\\\/catalogo\\\/#\\\/schema\\\/logo\\\/image\\\/\"}}]}<\/script>\n<!-- \/ Yoast SEO plugin. -->","yoast_head_json":{"title":"Lo que no te cuentan de las bodas - Catalogo | Letrame Grupo Editorial","robots":{"index":"index","follow":"follow","max-snippet":"max-snippet:-1","max-image-preview":"max-image-preview:large","max-video-preview":"max-video-preview:-1"},"canonical":"https:\/\/letrame.com\/catalogo\/producto\/lo-que-no-te-cuentan-de-las-bodas\/","og_locale":"es_ES","og_type":"article","og_title":"Lo que no te cuentan de las bodas - Catalogo | Letrame Grupo Editorial","og_description":"ISBN: 978-84-1386-875-2     Despue_s de seis a\u00f1os trabajando como Wedding Planner... Gloria te ense\u00f1a el aut\u00e9ntico backstage de las bodas (eso que no te cuentan nunca) Te cuenta c\u00f3mo es la organizaci\u00f3n y su d\u00eda a d\u00eda como un pollo sin cabeza. \u00bfLa edad es s\u00f3lo un n\u00famero? \u00bfPasar\u00e1n factura los trece a\u00f1os? Una sesi\u00f3n de fotos en Londres y como quedarse tirada en una cuneta. Decir lo de \u201c\u00bfHay un m\u00e9dico en la sala?\u201d en plena boda, ser\u00e1 lo m\u00e1s suave que le pase. Descubrir el maravilloso mundo de la hipersensibilidad \u00bfQu\u00e9 es PAS? Una enfermedad y una pandemia desbaratar\u00e1n todos los planes. Dos mil veinte ser\u00e1 un gran a\u00f1o, dec\u00edan. \u00bfSe puede sobrevivir a un confinamiento con la casa en obras? Pregunto C\u00f3mo organizar una boda en \u201cnueva normalidad\u201d y post-COVID. Y mucho m\u00e1s...","og_url":"https:\/\/letrame.com\/catalogo\/producto\/lo-que-no-te-cuentan-de-las-bodas\/","og_site_name":"Catalogo | Letrame Grupo Editorial","article_modified_time":"2024-04-29T10:46:04+00:00","og_image":[{"width":1746,"height":2560,"url":"https:\/\/letrame.com\/catalogo\/wp-content\/uploads\/2024\/04\/Lo-que-no-te-cuentan-de-las-bodas-scaled-1.jpeg","type":"image\/jpeg"}],"twitter_card":"summary_large_image","twitter_misc":{"Tiempo de lectura":"1 minuto"},"schema":{"@context":"https:\/\/schema.org","@graph":[{"@type":"WebPage","@id":"https:\/\/letrame.com\/catalogo\/producto\/lo-que-no-te-cuentan-de-las-bodas\/","url":"https:\/\/letrame.com\/catalogo\/producto\/lo-que-no-te-cuentan-de-las-bodas\/","name":"Lo que no te cuentan de las bodas - Catalogo | Letrame Grupo Editorial","isPartOf":{"@id":"https:\/\/letrame.com\/catalogo\/#website"},"primaryImageOfPage":{"@id":"https:\/\/letrame.com\/catalogo\/producto\/lo-que-no-te-cuentan-de-las-bodas\/#primaryimage"},"image":{"@id":"https:\/\/letrame.com\/catalogo\/producto\/lo-que-no-te-cuentan-de-las-bodas\/#primaryimage"},"thumbnailUrl":"https:\/\/letrame.com\/catalogo\/wp-content\/uploads\/2024\/04\/Lo-que-no-te-cuentan-de-las-bodas-scaled-1.jpeg","datePublished":"2024-04-29T10:45:11+00:00","dateModified":"2024-04-29T10:46:04+00:00","breadcrumb":{"@id":"https:\/\/letrame.com\/catalogo\/producto\/lo-que-no-te-cuentan-de-las-bodas\/#breadcrumb"},"inLanguage":"es","potentialAction":[{"@type":"ReadAction","target":["https:\/\/letrame.com\/catalogo\/producto\/lo-que-no-te-cuentan-de-las-bodas\/"]}]},{"@type":"ImageObject","inLanguage":"es","@id":"https:\/\/letrame.com\/catalogo\/producto\/lo-que-no-te-cuentan-de-las-bodas\/#primaryimage","url":"https:\/\/letrame.com\/catalogo\/wp-content\/uploads\/2024\/04\/Lo-que-no-te-cuentan-de-las-bodas-scaled-1.jpeg","contentUrl":"https:\/\/letrame.com\/catalogo\/wp-content\/uploads\/2024\/04\/Lo-que-no-te-cuentan-de-las-bodas-scaled-1.jpeg","width":1746,"height":2560},{"@type":"BreadcrumbList","@id":"https:\/\/letrame.com\/catalogo\/producto\/lo-que-no-te-cuentan-de-las-bodas\/#breadcrumb","itemListElement":[{"@type":"ListItem","position":1,"name":"Portada","item":"https:\/\/letrame.com\/catalogo\/"},{"@type":"ListItem","position":2,"name":"Cat\u00e1logo","item":"https:\/\/letrame.com\/catalogo\/"},{"@type":"ListItem","position":3,"name":"Lo que no te cuentan de las bodas"}]},{"@type":"WebSite","@id":"https:\/\/letrame.com\/catalogo\/#website","url":"https:\/\/letrame.com\/catalogo\/","name":"Catalogo | Letrame Grupo Editorial","description":"","publisher":{"@id":"https:\/\/letrame.com\/catalogo\/#organization"},"potentialAction":[{"@type":"SearchAction","target":{"@type":"EntryPoint","urlTemplate":"https:\/\/letrame.com\/catalogo\/?s={search_term_string}"},"query-input":{"@type":"PropertyValueSpecification","valueRequired":true,"valueName":"search_term_string"}}],"inLanguage":"es"},{"@type":"Organization","@id":"https:\/\/letrame.com\/catalogo\/#organization","name":"Catalogo | Letrame Grupo Editorial","url":"https:\/\/letrame.com\/catalogo\/","logo":{"@type":"ImageObject","inLanguage":"es","@id":"https:\/\/letrame.com\/catalogo\/#\/schema\/logo\/image\/","url":"https:\/\/letrame.com\/catalogo\/wp-content\/uploads\/2024\/03\/logo2.webp","contentUrl":"https:\/\/letrame.com\/catalogo\/wp-content\/uploads\/2024\/03\/logo2.webp","width":394,"height":128,"caption":"Catalogo | Letrame Grupo Editorial"},"image":{"@id":"https:\/\/letrame.com\/catalogo\/#\/schema\/logo\/image\/"}}]}},"_links":{"self":[{"href":"https:\/\/letrame.com\/catalogo\/wp-json\/wp\/v2\/product\/97043","targetHints":{"allow":["GET"]}}],"collection":[{"href":"https:\/\/letrame.com\/catalogo\/wp-json\/wp\/v2\/product"}],"about":[{"href":"https:\/\/letrame.com\/catalogo\/wp-json\/wp\/v2\/types\/product"}],"replies":[{"embeddable":true,"href":"https:\/\/letrame.com\/catalogo\/wp-json\/wp\/v2\/comments?post=97043"}],"acf:post":[{"embeddable":true,"href":"https:\/\/letrame.com\/catalogo\/wp-json\/wp\/v2\/author_book\/73788"}],"wp:featuredmedia":[{"embeddable":true,"href":"https:\/\/letrame.com\/catalogo\/wp-json\/wp\/v2\/media\/97044"}],"wp:attachment":[{"href":"https:\/\/letrame.com\/catalogo\/wp-json\/wp\/v2\/media?parent=97043"}],"wp:term":[{"taxonomy":"libro","embeddable":true,"href":"https:\/\/letrame.com\/catalogo\/wp-json\/wp\/v2\/libro?post=97043"},{"taxonomy":"product_brand","embeddable":true,"href":"https:\/\/letrame.com\/catalogo\/wp-json\/wp\/v2\/product_brand?post=97043"},{"taxonomy":"product_cat","embeddable":true,"href":"https:\/\/letrame.com\/catalogo\/wp-json\/wp\/v2\/product_cat?post=97043"},{"taxonomy":"product_tag","embeddable":true,"href":"https:\/\/letrame.com\/catalogo\/wp-json\/wp\/v2\/product_tag?post=97043"}],"curies":[{"name":"wp","href":"https:\/\/api.w.org\/{rel}","templated":true}]}}