{"id":97039,"date":"2024-04-29T12:44:08","date_gmt":"2024-04-29T10:44:08","guid":{"rendered":"https:\/\/letrame.com\/catalogo\/producto\/quedate-conmigo\/"},"modified":"2024-04-29T12:44:48","modified_gmt":"2024-04-29T10:44:48","slug":"quedate-conmigo","status":"publish","type":"product","link":"https:\/\/letrame.com\/catalogo\/producto\/quedate-conmigo\/","title":{"rendered":"Qu\u00e9date conmigo"},"content":{"rendered":"<div class=\"page\" title=\"Page 6\">\n<div class=\"layoutArea\">\n<div class=\"column\">\n<p><strong>ISBN<\/strong>: 978-84-1386-939-1<\/p>\n<\/div>\n<\/div>\n<\/div>\n<p><b>T\u00edtulo<\/b><span style=\"font-weight: 400;\">: Qu\u00e9date conmigo<\/span><span style=\"font-weight: 400;\"><br \/>\n<\/span><b>Fecha<\/b><span style=\"font-weight: 400;\">: 2021<\/span><span style=\"font-weight: 400;\"><br \/>\n<\/span><b>P\u00e1ginas<\/b><span style=\"font-weight: 400;\">: 302<\/span><\/p>\n<p><b>SINOPSIS<\/b><\/p>\n<p>&nbsp;<\/p>\n<p>\u00bfQu\u00e9 diferencia existe entre ser amado y ser querido? No existe diferencia entre lo que sentimos y lo que sienten los dem\u00e1s.<\/p>\n<p>Cuando nos enamoramos, cuando amamos y somos amados, la locura es algo que no atiende a la raz\u00f3n. Amar y ser amados es la mejor manera que tenemos de ser felices. Encontrar a esa persona que te haga salir de la oscuridad es lo mejor que puede pasarnos. Adanna, la joven que yace dormida\u2026 Wilson, su mejor amigo y Bruce el hombre que la ama. Ann, quien vive una historia de amor con Dante, un hombre mucho mayor que ella. Venus y Benjamin, una antigua historia de guerras y conflictos. Tres chicas. Tres historias. Todas tan distintas. Todas conectadas.<\/p>\n","protected":false},"excerpt":{"rendered":"<div class=\"page\" title=\"Page 6\">\n<div class=\"layoutArea\">\n<div class=\"column\">\n<p><strong>ISBN: 978-84-1386-939-1<\/strong><\/p>\n<p style=\"text-align: center;\"><em><b>FINALISTA PREMIOS LETRAME (Categor\u00eda novela rom\u00e1ntica)<\/b><\/em><\/p>\n<\/div>\n<\/div>\n<\/div>\n<p>\u00bfQu\u00e9 diferencia existe entre ser amado y ser querido? No existe diferencia entre lo que sentimos y lo que sienten los dem\u00e1s. Cuando nos enamoramos, cuando amamos y somos amados, la locura es algo que no atiende a la raz\u00f3n. Amar y ser amados es la mejor manera que tenemos de ser felices. Encontrar a esa persona que te haga salir de la oscuridad es lo mejor que puede pasarnos. Adanna, la joven que yace dormida\u2026 Wilson, su mejor amigo y Bruce el hombre que la ama. Ann, quien vive una historia de amor con Dante, un hombre mucho mayor que ella. Venus y Benjamin, una antigua historia de guerras y conflictos. Tres chicas. Tres historias. Todas tan distintas. Todas conectadas.<\/p>\n","protected":false},"featured_media":97040,"comment_status":"closed","ping_status":"open","template":"","meta":{"_acf_changed":false},"libro":[],"product_brand":[],"product_cat":[16],"product_tag":[],"class_list":{"0":"post-97039","1":"product","2":"type-product","3":"status-publish","4":"has-post-thumbnail","6":"product_cat-novela","8":"first","9":"instock","10":"purchasable","11":"product-type-simple"},"acf":{"autor":"","enlace_de_compra":"https:\/\/pau-ef-escritora.blogspot.com\/"},"yoast_head":"<!-- This site is optimized with the Yoast SEO plugin v27.4 - https:\/\/yoast.com\/product\/yoast-seo-wordpress\/ -->\n<title>Qu\u00e9date conmigo - Catalogo | Letrame Grupo Editorial<\/title>\n<meta name=\"robots\" content=\"index, follow, max-snippet:-1, max-image-preview:large, max-video-preview:-1\" \/>\n<link rel=\"canonical\" href=\"https:\/\/letrame.com\/catalogo\/producto\/quedate-conmigo\/\" \/>\n<meta property=\"og:locale\" content=\"es_ES\" \/>\n<meta property=\"og:type\" content=\"article\" \/>\n<meta property=\"og:title\" content=\"Qu\u00e9date conmigo - Catalogo | Letrame Grupo Editorial\" \/>\n<meta property=\"og:description\" content=\"ISBN: 978-84-1386-939-1 FINALISTA PREMIOS LETRAME (Categor\u00eda novela rom\u00e1ntica)   \u00bfQu\u00e9 diferencia existe entre ser amado y ser querido? No existe diferencia entre lo que sentimos y lo que sienten los dem\u00e1s. Cuando nos enamoramos, cuando amamos y somos amados, la locura es algo que no atiende a la raz\u00f3n. Amar y ser amados es la mejor manera que tenemos de ser felices. Encontrar a esa persona que te haga salir de la oscuridad es lo mejor que puede pasarnos. Adanna, la joven que yace dormida\u2026 Wilson, su mejor amigo y Bruce el hombre que la ama. Ann, quien vive una historia de amor con Dante, un hombre mucho mayor que ella. Venus y Benjamin, una antigua historia de guerras y conflictos. Tres chicas. Tres historias. Todas tan distintas. Todas conectadas.\" \/>\n<meta property=\"og:url\" content=\"https:\/\/letrame.com\/catalogo\/producto\/quedate-conmigo\/\" \/>\n<meta property=\"og:site_name\" content=\"Catalogo | Letrame Grupo Editorial\" \/>\n<meta property=\"article:modified_time\" content=\"2024-04-29T10:44:48+00:00\" \/>\n<meta property=\"og:image\" content=\"https:\/\/letrame.com\/catalogo\/wp-content\/uploads\/2024\/04\/Quedate-Conmigo.jpeg\" \/>\n\t<meta property=\"og:image:width\" content=\"1571\" \/>\n\t<meta property=\"og:image:height\" content=\"2398\" \/>\n\t<meta property=\"og:image:type\" content=\"image\/jpeg\" \/>\n<meta name=\"twitter:card\" content=\"summary_large_image\" \/>\n<meta name=\"twitter:label1\" content=\"Tiempo de lectura\" \/>\n\t<meta name=\"twitter:data1\" content=\"1 minuto\" \/>\n<script type=\"application\/ld+json\" class=\"yoast-schema-graph\">{\"@context\":\"https:\\\/\\\/schema.org\",\"@graph\":[{\"@type\":\"WebPage\",\"@id\":\"https:\\\/\\\/letrame.com\\\/catalogo\\\/producto\\\/quedate-conmigo\\\/\",\"url\":\"https:\\\/\\\/letrame.com\\\/catalogo\\\/producto\\\/quedate-conmigo\\\/\",\"name\":\"Qu\u00e9date conmigo - Catalogo | Letrame Grupo Editorial\",\"isPartOf\":{\"@id\":\"https:\\\/\\\/letrame.com\\\/catalogo\\\/#website\"},\"primaryImageOfPage\":{\"@id\":\"https:\\\/\\\/letrame.com\\\/catalogo\\\/producto\\\/quedate-conmigo\\\/#primaryimage\"},\"image\":{\"@id\":\"https:\\\/\\\/letrame.com\\\/catalogo\\\/producto\\\/quedate-conmigo\\\/#primaryimage\"},\"thumbnailUrl\":\"https:\\\/\\\/letrame.com\\\/catalogo\\\/wp-content\\\/uploads\\\/2024\\\/04\\\/Quedate-Conmigo.jpeg\",\"datePublished\":\"2024-04-29T10:44:08+00:00\",\"dateModified\":\"2024-04-29T10:44:48+00:00\",\"breadcrumb\":{\"@id\":\"https:\\\/\\\/letrame.com\\\/catalogo\\\/producto\\\/quedate-conmigo\\\/#breadcrumb\"},\"inLanguage\":\"es\",\"potentialAction\":[{\"@type\":\"ReadAction\",\"target\":[\"https:\\\/\\\/letrame.com\\\/catalogo\\\/producto\\\/quedate-conmigo\\\/\"]}]},{\"@type\":\"ImageObject\",\"inLanguage\":\"es\",\"@id\":\"https:\\\/\\\/letrame.com\\\/catalogo\\\/producto\\\/quedate-conmigo\\\/#primaryimage\",\"url\":\"https:\\\/\\\/letrame.com\\\/catalogo\\\/wp-content\\\/uploads\\\/2024\\\/04\\\/Quedate-Conmigo.jpeg\",\"contentUrl\":\"https:\\\/\\\/letrame.com\\\/catalogo\\\/wp-content\\\/uploads\\\/2024\\\/04\\\/Quedate-Conmigo.jpeg\",\"width\":1571,\"height\":2398},{\"@type\":\"BreadcrumbList\",\"@id\":\"https:\\\/\\\/letrame.com\\\/catalogo\\\/producto\\\/quedate-conmigo\\\/#breadcrumb\",\"itemListElement\":[{\"@type\":\"ListItem\",\"position\":1,\"name\":\"Portada\",\"item\":\"https:\\\/\\\/letrame.com\\\/catalogo\\\/\"},{\"@type\":\"ListItem\",\"position\":2,\"name\":\"Cat\u00e1logo\",\"item\":\"https:\\\/\\\/letrame.com\\\/catalogo\\\/\"},{\"@type\":\"ListItem\",\"position\":3,\"name\":\"Qu\u00e9date conmigo\"}]},{\"@type\":\"WebSite\",\"@id\":\"https:\\\/\\\/letrame.com\\\/catalogo\\\/#website\",\"url\":\"https:\\\/\\\/letrame.com\\\/catalogo\\\/\",\"name\":\"Catalogo | Letrame Grupo Editorial\",\"description\":\"\",\"publisher\":{\"@id\":\"https:\\\/\\\/letrame.com\\\/catalogo\\\/#organization\"},\"potentialAction\":[{\"@type\":\"SearchAction\",\"target\":{\"@type\":\"EntryPoint\",\"urlTemplate\":\"https:\\\/\\\/letrame.com\\\/catalogo\\\/?s={search_term_string}\"},\"query-input\":{\"@type\":\"PropertyValueSpecification\",\"valueRequired\":true,\"valueName\":\"search_term_string\"}}],\"inLanguage\":\"es\"},{\"@type\":\"Organization\",\"@id\":\"https:\\\/\\\/letrame.com\\\/catalogo\\\/#organization\",\"name\":\"Catalogo | Letrame Grupo Editorial\",\"url\":\"https:\\\/\\\/letrame.com\\\/catalogo\\\/\",\"logo\":{\"@type\":\"ImageObject\",\"inLanguage\":\"es\",\"@id\":\"https:\\\/\\\/letrame.com\\\/catalogo\\\/#\\\/schema\\\/logo\\\/image\\\/\",\"url\":\"https:\\\/\\\/letrame.com\\\/catalogo\\\/wp-content\\\/uploads\\\/2024\\\/03\\\/logo2.webp\",\"contentUrl\":\"https:\\\/\\\/letrame.com\\\/catalogo\\\/wp-content\\\/uploads\\\/2024\\\/03\\\/logo2.webp\",\"width\":394,\"height\":128,\"caption\":\"Catalogo | Letrame Grupo Editorial\"},\"image\":{\"@id\":\"https:\\\/\\\/letrame.com\\\/catalogo\\\/#\\\/schema\\\/logo\\\/image\\\/\"}}]}<\/script>\n<!-- \/ Yoast SEO plugin. -->","yoast_head_json":{"title":"Qu\u00e9date conmigo - Catalogo | Letrame Grupo Editorial","robots":{"index":"index","follow":"follow","max-snippet":"max-snippet:-1","max-image-preview":"max-image-preview:large","max-video-preview":"max-video-preview:-1"},"canonical":"https:\/\/letrame.com\/catalogo\/producto\/quedate-conmigo\/","og_locale":"es_ES","og_type":"article","og_title":"Qu\u00e9date conmigo - Catalogo | Letrame Grupo Editorial","og_description":"ISBN: 978-84-1386-939-1 FINALISTA PREMIOS LETRAME (Categor\u00eda novela rom\u00e1ntica)   \u00bfQu\u00e9 diferencia existe entre ser amado y ser querido? No existe diferencia entre lo que sentimos y lo que sienten los dem\u00e1s. Cuando nos enamoramos, cuando amamos y somos amados, la locura es algo que no atiende a la raz\u00f3n. Amar y ser amados es la mejor manera que tenemos de ser felices. Encontrar a esa persona que te haga salir de la oscuridad es lo mejor que puede pasarnos. Adanna, la joven que yace dormida\u2026 Wilson, su mejor amigo y Bruce el hombre que la ama. Ann, quien vive una historia de amor con Dante, un hombre mucho mayor que ella. Venus y Benjamin, una antigua historia de guerras y conflictos. Tres chicas. Tres historias. Todas tan distintas. Todas conectadas.","og_url":"https:\/\/letrame.com\/catalogo\/producto\/quedate-conmigo\/","og_site_name":"Catalogo | Letrame Grupo Editorial","article_modified_time":"2024-04-29T10:44:48+00:00","og_image":[{"width":1571,"height":2398,"url":"https:\/\/letrame.com\/catalogo\/wp-content\/uploads\/2024\/04\/Quedate-Conmigo.jpeg","type":"image\/jpeg"}],"twitter_card":"summary_large_image","twitter_misc":{"Tiempo de lectura":"1 minuto"},"schema":{"@context":"https:\/\/schema.org","@graph":[{"@type":"WebPage","@id":"https:\/\/letrame.com\/catalogo\/producto\/quedate-conmigo\/","url":"https:\/\/letrame.com\/catalogo\/producto\/quedate-conmigo\/","name":"Qu\u00e9date conmigo - Catalogo | Letrame Grupo Editorial","isPartOf":{"@id":"https:\/\/letrame.com\/catalogo\/#website"},"primaryImageOfPage":{"@id":"https:\/\/letrame.com\/catalogo\/producto\/quedate-conmigo\/#primaryimage"},"image":{"@id":"https:\/\/letrame.com\/catalogo\/producto\/quedate-conmigo\/#primaryimage"},"thumbnailUrl":"https:\/\/letrame.com\/catalogo\/wp-content\/uploads\/2024\/04\/Quedate-Conmigo.jpeg","datePublished":"2024-04-29T10:44:08+00:00","dateModified":"2024-04-29T10:44:48+00:00","breadcrumb":{"@id":"https:\/\/letrame.com\/catalogo\/producto\/quedate-conmigo\/#breadcrumb"},"inLanguage":"es","potentialAction":[{"@type":"ReadAction","target":["https:\/\/letrame.com\/catalogo\/producto\/quedate-conmigo\/"]}]},{"@type":"ImageObject","inLanguage":"es","@id":"https:\/\/letrame.com\/catalogo\/producto\/quedate-conmigo\/#primaryimage","url":"https:\/\/letrame.com\/catalogo\/wp-content\/uploads\/2024\/04\/Quedate-Conmigo.jpeg","contentUrl":"https:\/\/letrame.com\/catalogo\/wp-content\/uploads\/2024\/04\/Quedate-Conmigo.jpeg","width":1571,"height":2398},{"@type":"BreadcrumbList","@id":"https:\/\/letrame.com\/catalogo\/producto\/quedate-conmigo\/#breadcrumb","itemListElement":[{"@type":"ListItem","position":1,"name":"Portada","item":"https:\/\/letrame.com\/catalogo\/"},{"@type":"ListItem","position":2,"name":"Cat\u00e1logo","item":"https:\/\/letrame.com\/catalogo\/"},{"@type":"ListItem","position":3,"name":"Qu\u00e9date conmigo"}]},{"@type":"WebSite","@id":"https:\/\/letrame.com\/catalogo\/#website","url":"https:\/\/letrame.com\/catalogo\/","name":"Catalogo | Letrame Grupo Editorial","description":"","publisher":{"@id":"https:\/\/letrame.com\/catalogo\/#organization"},"potentialAction":[{"@type":"SearchAction","target":{"@type":"EntryPoint","urlTemplate":"https:\/\/letrame.com\/catalogo\/?s={search_term_string}"},"query-input":{"@type":"PropertyValueSpecification","valueRequired":true,"valueName":"search_term_string"}}],"inLanguage":"es"},{"@type":"Organization","@id":"https:\/\/letrame.com\/catalogo\/#organization","name":"Catalogo | Letrame Grupo Editorial","url":"https:\/\/letrame.com\/catalogo\/","logo":{"@type":"ImageObject","inLanguage":"es","@id":"https:\/\/letrame.com\/catalogo\/#\/schema\/logo\/image\/","url":"https:\/\/letrame.com\/catalogo\/wp-content\/uploads\/2024\/03\/logo2.webp","contentUrl":"https:\/\/letrame.com\/catalogo\/wp-content\/uploads\/2024\/03\/logo2.webp","width":394,"height":128,"caption":"Catalogo | Letrame Grupo Editorial"},"image":{"@id":"https:\/\/letrame.com\/catalogo\/#\/schema\/logo\/image\/"}}]}},"_links":{"self":[{"href":"https:\/\/letrame.com\/catalogo\/wp-json\/wp\/v2\/product\/97039","targetHints":{"allow":["GET"]}}],"collection":[{"href":"https:\/\/letrame.com\/catalogo\/wp-json\/wp\/v2\/product"}],"about":[{"href":"https:\/\/letrame.com\/catalogo\/wp-json\/wp\/v2\/types\/product"}],"replies":[{"embeddable":true,"href":"https:\/\/letrame.com\/catalogo\/wp-json\/wp\/v2\/comments?post=97039"}],"wp:featuredmedia":[{"embeddable":true,"href":"https:\/\/letrame.com\/catalogo\/wp-json\/wp\/v2\/media\/97040"}],"wp:attachment":[{"href":"https:\/\/letrame.com\/catalogo\/wp-json\/wp\/v2\/media?parent=97039"}],"wp:term":[{"taxonomy":"libro","embeddable":true,"href":"https:\/\/letrame.com\/catalogo\/wp-json\/wp\/v2\/libro?post=97039"},{"taxonomy":"product_brand","embeddable":true,"href":"https:\/\/letrame.com\/catalogo\/wp-json\/wp\/v2\/product_brand?post=97039"},{"taxonomy":"product_cat","embeddable":true,"href":"https:\/\/letrame.com\/catalogo\/wp-json\/wp\/v2\/product_cat?post=97039"},{"taxonomy":"product_tag","embeddable":true,"href":"https:\/\/letrame.com\/catalogo\/wp-json\/wp\/v2\/product_tag?post=97039"}],"curies":[{"name":"wp","href":"https:\/\/api.w.org\/{rel}","templated":true}]}}