{"id":97037,"date":"2024-04-29T12:44:08","date_gmt":"2024-04-29T10:44:08","guid":{"rendered":"https:\/\/letrame.com\/catalogo\/producto\/ponte-en-mis-zapatos\/"},"modified":"2024-04-29T12:44:26","modified_gmt":"2024-04-29T10:44:26","slug":"ponte-en-mis-zapatos","status":"publish","type":"product","link":"https:\/\/letrame.com\/catalogo\/producto\/ponte-en-mis-zapatos\/","title":{"rendered":"Ponte en mis zapatos"},"content":{"rendered":"<p><b>ISBN<\/b><span style=\"font-weight: 400;\">: 978-8413869094<\/span><\/p>\n<p><b>T\u00edtulo<\/b><span style=\"font-weight: 400;\">: Ponte en mis zapatos<\/span><span style=\"font-weight: 400;\"><br \/>\n<\/span><b>Fecha<\/b><span style=\"font-weight: 400;\">: 2021<\/span><span style=\"font-weight: 400;\"><br \/>\n<\/span><b>P\u00e1ginas<\/b><span style=\"font-weight: 400;\">: 148<\/span><\/p>\n<p><b>SINOPSIS<\/b><\/p>\n<p>Ante ti tienes un manual para crecer, para pensar, para sentir.<br \/>\nUnos cap\u00edtulos llenos de inspiraci\u00f3n, un resumen de lo b\u00e1sico de la vida; que te ames sobre todas las cosas, que luches por tus deseos, que te quieras, que sientas, que disfrutes todas las experiencias que pasen por tu vida y que seas t\u00fa mismo. Sintiendo que t\u00fa eres aut\u00e9ntico y \u00fanico, apoy\u00e1ndote en lo que m\u00e1s quieres podr\u00e1s ir donde tus pies te lleven, sinti\u00e9ndote realmente feliz, sin plantearte nada m\u00e1s y con el coraz\u00f3n en paz y armon\u00eda.<br \/>\nLee con detenimiento, con amor, abraza las palabras, ay\u00fadalas a crecer dentro de ti. Por favor, siente todo lo que te pretendo contar.<br \/>\nAntes de cada cap\u00edtulo, se te presenta una palabra para que ya entres ante \u00e9l con una idea en tu pensamiento, que te evoque alg\u00fan sentimiento, algo positivo. Palabras que para m\u00ed son optimismo, inspiraci\u00f3n, ganas e ilusi\u00f3n. Ante ti tienes unas palabras para pararte, ver qu\u00e9 te hace sentir y seguir hacia adelante.<br \/>\nDespu\u00e9s de cada cap\u00edtulo, tienes la oportunidad de expresar c\u00f3mo te has sentido. Qu\u00e9 te ha hecho sentir, adem\u00e1s de poder expresarte, te aconsejo que empieces por una palabra. Despu\u00e9s escribe todo lo que quieras para hacerte sentir mejor o qui\u00e9n sabe un prop\u00f3sito o meta.<br \/>\nEspero que te haga sentir bien, lo entiendas, lo interiorices y me cuentes.<br \/>\nQue sea el inicio de una relaci\u00f3n de amistad ante ti. Que entiendas que solo tenemos una vida y hay que llenarla de personas incre\u00edbles, de mucho amor y de experiencias que te llenen el alma y el coraz\u00f3n.<\/p>\n","protected":false},"excerpt":{"rendered":"<p><strong>ISBN: 978-8413869094<\/strong><\/p>\n<p>&nbsp;<\/p>\n<p>Ante ti tienes un manual para crecer, para pensar, para sentir.<br \/>\nUnos cap\u00edtulos llenos de inspiraci\u00f3n, un resumen de lo b\u00e1sico de la vida; que te ames sobre todas las cosas, que luches por tus deseos, que te quieras, que sientas, que disfrutes todas las experiencias que pasen por tu vida y que seas t\u00fa mismo. Sintiendo que t\u00fa eres aut\u00e9ntico y \u00fanico, apoy\u00e1ndote en lo que m\u00e1s quieres podr\u00e1s ir donde tus pies te lleven, sinti\u00e9ndote realmente feliz, sin plantearte nada m\u00e1s y con el coraz\u00f3n en paz y armon\u00eda.<\/p>\n<p>Lee con detenimiento, con amor, abraza las palabras, ay\u00fadalas a crecer dentro de ti. Por favor, siente todo lo que te pretendo contar.<\/p>\n<p>Antes de cada cap\u00edtulo, se te presenta una palabra para que ya entres ante \u00e9l con una idea en tu pensamiento, que te evoque alg\u00fan sentimiento, algo positivo. Palabras que para m\u00ed son optimismo, inspiraci\u00f3n, ganas e ilusi\u00f3n. Ante ti tienes unas palabras para pararte, ver qu\u00e9 te hace sentir y seguir hacia adelante.<br \/>\nDespu\u00e9s de cada cap\u00edtulo, tienes la oportunidad de expresar c\u00f3mo te has sentido. Qu\u00e9 te ha hecho sentir, adem\u00e1s de poder expresarte, te aconsejo que empieces por una palabra. Despu\u00e9s escribe todo lo que quieras para hacerte sentir mejor o qui\u00e9n sabe un prop\u00f3sito o meta.<br \/>\nEspero que te haga sentir bien, lo entiendas, lo interiorices y me cuentes.<\/p>\n<p>Que sea el inicio de una relaci\u00f3n de amistad ante ti. Que entiendas que solo tenemos una vida y hay que llenarla de personas incre\u00edbles, de mucho amor y de experiencias que te llenen el alma y el coraz\u00f3n.<\/p>\n","protected":false},"featured_media":97038,"comment_status":"closed","ping_status":"open","template":"","meta":{"_acf_changed":false},"libro":[],"product_brand":[],"product_cat":[21],"product_tag":[],"class_list":{"0":"post-97037","1":"product","2":"type-product","3":"status-publish","4":"has-post-thumbnail","6":"product_cat-relato","8":"first","9":"instock","10":"purchasable","11":"product-type-simple"},"acf":{"autor":"","enlace_de_compra":"https:\/\/www.amazon.es\/dp\/8413869099\/ref=sr_1_1?__mk_es_ES=%C3%85M%C3%85%C5%BD%C3%95%C3%91&amp;dchild=1&amp;keywords=Letrame+S.L.+Ponte+en+mis+zapatos&amp;qid=1630396071&amp;sr=8-1"},"yoast_head":"<!-- This site is optimized with the Yoast SEO plugin v27.4 - https:\/\/yoast.com\/product\/yoast-seo-wordpress\/ -->\n<title>Ponte en mis zapatos - Catalogo | Letrame Grupo Editorial<\/title>\n<meta name=\"robots\" content=\"index, follow, max-snippet:-1, max-image-preview:large, max-video-preview:-1\" \/>\n<link rel=\"canonical\" href=\"https:\/\/letrame.com\/catalogo\/producto\/ponte-en-mis-zapatos\/\" \/>\n<meta property=\"og:locale\" content=\"es_ES\" \/>\n<meta property=\"og:type\" content=\"article\" \/>\n<meta property=\"og:title\" content=\"Ponte en mis zapatos - Catalogo | Letrame Grupo Editorial\" \/>\n<meta property=\"og:description\" content=\"ISBN: 978-8413869094 &nbsp; Ante ti tienes un manual para crecer, para pensar, para sentir. Unos cap\u00edtulos llenos de inspiraci\u00f3n, un resumen de lo b\u00e1sico de la vida; que te ames sobre todas las cosas, que luches por tus deseos, que te quieras, que sientas, que disfrutes todas las experiencias que pasen por tu vida y que seas t\u00fa mismo. Sintiendo que t\u00fa eres aut\u00e9ntico y \u00fanico, apoy\u00e1ndote en lo que m\u00e1s quieres podr\u00e1s ir donde tus pies te lleven, sinti\u00e9ndote realmente feliz, sin plantearte nada m\u00e1s y con el coraz\u00f3n en paz y armon\u00eda. Lee con detenimiento, con amor, abraza las palabras, ay\u00fadalas a crecer dentro de ti. Por favor, siente todo lo que te pretendo contar. Antes de cada cap\u00edtulo, se te presenta una palabra para que ya entres ante \u00e9l con una idea en tu pensamiento, que te evoque alg\u00fan sentimiento, algo positivo. Palabras que para m\u00ed son optimismo, inspiraci\u00f3n, ganas e ilusi\u00f3n. Ante ti tienes unas palabras para pararte, ver qu\u00e9 te hace sentir y seguir hacia adelante. Despu\u00e9s de cada cap\u00edtulo, tienes la oportunidad de expresar c\u00f3mo te has sentido. Qu\u00e9 te ha hecho sentir, adem\u00e1s de poder expresarte, te aconsejo que empieces por una palabra. Despu\u00e9s escribe todo lo que quieras para hacerte sentir mejor o qui\u00e9n sabe un prop\u00f3sito o meta. Espero que te haga sentir bien, lo entiendas, lo interiorices y me cuentes. Que sea el inicio de una relaci\u00f3n de amistad ante ti. Que entiendas que solo tenemos una vida y hay que llenarla de personas incre\u00edbles, de mucho amor y de experiencias que te llenen el alma y el coraz\u00f3n.\" \/>\n<meta property=\"og:url\" content=\"https:\/\/letrame.com\/catalogo\/producto\/ponte-en-mis-zapatos\/\" \/>\n<meta property=\"og:site_name\" content=\"Catalogo | Letrame Grupo Editorial\" \/>\n<meta property=\"article:modified_time\" content=\"2024-04-29T10:44:26+00:00\" \/>\n<meta property=\"og:image\" content=\"https:\/\/letrame.com\/catalogo\/wp-content\/uploads\/2024\/04\/Ponte-en-mis-zapatos.jpeg\" \/>\n\t<meta property=\"og:image:width\" content=\"1535\" \/>\n\t<meta property=\"og:image:height\" content=\"2126\" \/>\n\t<meta property=\"og:image:type\" content=\"image\/jpeg\" \/>\n<meta name=\"twitter:card\" content=\"summary_large_image\" \/>\n<meta name=\"twitter:label1\" content=\"Tiempo de lectura\" \/>\n\t<meta name=\"twitter:data1\" content=\"2 minutos\" \/>\n<script type=\"application\/ld+json\" class=\"yoast-schema-graph\">{\"@context\":\"https:\\\/\\\/schema.org\",\"@graph\":[{\"@type\":\"WebPage\",\"@id\":\"https:\\\/\\\/letrame.com\\\/catalogo\\\/producto\\\/ponte-en-mis-zapatos\\\/\",\"url\":\"https:\\\/\\\/letrame.com\\\/catalogo\\\/producto\\\/ponte-en-mis-zapatos\\\/\",\"name\":\"Ponte en mis zapatos - Catalogo | Letrame Grupo Editorial\",\"isPartOf\":{\"@id\":\"https:\\\/\\\/letrame.com\\\/catalogo\\\/#website\"},\"primaryImageOfPage\":{\"@id\":\"https:\\\/\\\/letrame.com\\\/catalogo\\\/producto\\\/ponte-en-mis-zapatos\\\/#primaryimage\"},\"image\":{\"@id\":\"https:\\\/\\\/letrame.com\\\/catalogo\\\/producto\\\/ponte-en-mis-zapatos\\\/#primaryimage\"},\"thumbnailUrl\":\"https:\\\/\\\/letrame.com\\\/catalogo\\\/wp-content\\\/uploads\\\/2024\\\/04\\\/Ponte-en-mis-zapatos.jpeg\",\"datePublished\":\"2024-04-29T10:44:08+00:00\",\"dateModified\":\"2024-04-29T10:44:26+00:00\",\"breadcrumb\":{\"@id\":\"https:\\\/\\\/letrame.com\\\/catalogo\\\/producto\\\/ponte-en-mis-zapatos\\\/#breadcrumb\"},\"inLanguage\":\"es\",\"potentialAction\":[{\"@type\":\"ReadAction\",\"target\":[\"https:\\\/\\\/letrame.com\\\/catalogo\\\/producto\\\/ponte-en-mis-zapatos\\\/\"]}]},{\"@type\":\"ImageObject\",\"inLanguage\":\"es\",\"@id\":\"https:\\\/\\\/letrame.com\\\/catalogo\\\/producto\\\/ponte-en-mis-zapatos\\\/#primaryimage\",\"url\":\"https:\\\/\\\/letrame.com\\\/catalogo\\\/wp-content\\\/uploads\\\/2024\\\/04\\\/Ponte-en-mis-zapatos.jpeg\",\"contentUrl\":\"https:\\\/\\\/letrame.com\\\/catalogo\\\/wp-content\\\/uploads\\\/2024\\\/04\\\/Ponte-en-mis-zapatos.jpeg\",\"width\":1535,\"height\":2126},{\"@type\":\"BreadcrumbList\",\"@id\":\"https:\\\/\\\/letrame.com\\\/catalogo\\\/producto\\\/ponte-en-mis-zapatos\\\/#breadcrumb\",\"itemListElement\":[{\"@type\":\"ListItem\",\"position\":1,\"name\":\"Portada\",\"item\":\"https:\\\/\\\/letrame.com\\\/catalogo\\\/\"},{\"@type\":\"ListItem\",\"position\":2,\"name\":\"Cat\u00e1logo\",\"item\":\"https:\\\/\\\/letrame.com\\\/catalogo\\\/\"},{\"@type\":\"ListItem\",\"position\":3,\"name\":\"Ponte en mis zapatos\"}]},{\"@type\":\"WebSite\",\"@id\":\"https:\\\/\\\/letrame.com\\\/catalogo\\\/#website\",\"url\":\"https:\\\/\\\/letrame.com\\\/catalogo\\\/\",\"name\":\"Catalogo | Letrame Grupo Editorial\",\"description\":\"\",\"publisher\":{\"@id\":\"https:\\\/\\\/letrame.com\\\/catalogo\\\/#organization\"},\"potentialAction\":[{\"@type\":\"SearchAction\",\"target\":{\"@type\":\"EntryPoint\",\"urlTemplate\":\"https:\\\/\\\/letrame.com\\\/catalogo\\\/?s={search_term_string}\"},\"query-input\":{\"@type\":\"PropertyValueSpecification\",\"valueRequired\":true,\"valueName\":\"search_term_string\"}}],\"inLanguage\":\"es\"},{\"@type\":\"Organization\",\"@id\":\"https:\\\/\\\/letrame.com\\\/catalogo\\\/#organization\",\"name\":\"Catalogo | Letrame Grupo Editorial\",\"url\":\"https:\\\/\\\/letrame.com\\\/catalogo\\\/\",\"logo\":{\"@type\":\"ImageObject\",\"inLanguage\":\"es\",\"@id\":\"https:\\\/\\\/letrame.com\\\/catalogo\\\/#\\\/schema\\\/logo\\\/image\\\/\",\"url\":\"https:\\\/\\\/letrame.com\\\/catalogo\\\/wp-content\\\/uploads\\\/2024\\\/03\\\/logo2.webp\",\"contentUrl\":\"https:\\\/\\\/letrame.com\\\/catalogo\\\/wp-content\\\/uploads\\\/2024\\\/03\\\/logo2.webp\",\"width\":394,\"height\":128,\"caption\":\"Catalogo | Letrame Grupo Editorial\"},\"image\":{\"@id\":\"https:\\\/\\\/letrame.com\\\/catalogo\\\/#\\\/schema\\\/logo\\\/image\\\/\"}}]}<\/script>\n<!-- \/ Yoast SEO plugin. -->","yoast_head_json":{"title":"Ponte en mis zapatos - Catalogo | Letrame Grupo Editorial","robots":{"index":"index","follow":"follow","max-snippet":"max-snippet:-1","max-image-preview":"max-image-preview:large","max-video-preview":"max-video-preview:-1"},"canonical":"https:\/\/letrame.com\/catalogo\/producto\/ponte-en-mis-zapatos\/","og_locale":"es_ES","og_type":"article","og_title":"Ponte en mis zapatos - Catalogo | Letrame Grupo Editorial","og_description":"ISBN: 978-8413869094 &nbsp; Ante ti tienes un manual para crecer, para pensar, para sentir. Unos cap\u00edtulos llenos de inspiraci\u00f3n, un resumen de lo b\u00e1sico de la vida; que te ames sobre todas las cosas, que luches por tus deseos, que te quieras, que sientas, que disfrutes todas las experiencias que pasen por tu vida y que seas t\u00fa mismo. Sintiendo que t\u00fa eres aut\u00e9ntico y \u00fanico, apoy\u00e1ndote en lo que m\u00e1s quieres podr\u00e1s ir donde tus pies te lleven, sinti\u00e9ndote realmente feliz, sin plantearte nada m\u00e1s y con el coraz\u00f3n en paz y armon\u00eda. Lee con detenimiento, con amor, abraza las palabras, ay\u00fadalas a crecer dentro de ti. Por favor, siente todo lo que te pretendo contar. Antes de cada cap\u00edtulo, se te presenta una palabra para que ya entres ante \u00e9l con una idea en tu pensamiento, que te evoque alg\u00fan sentimiento, algo positivo. Palabras que para m\u00ed son optimismo, inspiraci\u00f3n, ganas e ilusi\u00f3n. Ante ti tienes unas palabras para pararte, ver qu\u00e9 te hace sentir y seguir hacia adelante. Despu\u00e9s de cada cap\u00edtulo, tienes la oportunidad de expresar c\u00f3mo te has sentido. Qu\u00e9 te ha hecho sentir, adem\u00e1s de poder expresarte, te aconsejo que empieces por una palabra. Despu\u00e9s escribe todo lo que quieras para hacerte sentir mejor o qui\u00e9n sabe un prop\u00f3sito o meta. Espero que te haga sentir bien, lo entiendas, lo interiorices y me cuentes. Que sea el inicio de una relaci\u00f3n de amistad ante ti. Que entiendas que solo tenemos una vida y hay que llenarla de personas incre\u00edbles, de mucho amor y de experiencias que te llenen el alma y el coraz\u00f3n.","og_url":"https:\/\/letrame.com\/catalogo\/producto\/ponte-en-mis-zapatos\/","og_site_name":"Catalogo | Letrame Grupo Editorial","article_modified_time":"2024-04-29T10:44:26+00:00","og_image":[{"width":1535,"height":2126,"url":"https:\/\/letrame.com\/catalogo\/wp-content\/uploads\/2024\/04\/Ponte-en-mis-zapatos.jpeg","type":"image\/jpeg"}],"twitter_card":"summary_large_image","twitter_misc":{"Tiempo de lectura":"2 minutos"},"schema":{"@context":"https:\/\/schema.org","@graph":[{"@type":"WebPage","@id":"https:\/\/letrame.com\/catalogo\/producto\/ponte-en-mis-zapatos\/","url":"https:\/\/letrame.com\/catalogo\/producto\/ponte-en-mis-zapatos\/","name":"Ponte en mis zapatos - Catalogo | Letrame Grupo Editorial","isPartOf":{"@id":"https:\/\/letrame.com\/catalogo\/#website"},"primaryImageOfPage":{"@id":"https:\/\/letrame.com\/catalogo\/producto\/ponte-en-mis-zapatos\/#primaryimage"},"image":{"@id":"https:\/\/letrame.com\/catalogo\/producto\/ponte-en-mis-zapatos\/#primaryimage"},"thumbnailUrl":"https:\/\/letrame.com\/catalogo\/wp-content\/uploads\/2024\/04\/Ponte-en-mis-zapatos.jpeg","datePublished":"2024-04-29T10:44:08+00:00","dateModified":"2024-04-29T10:44:26+00:00","breadcrumb":{"@id":"https:\/\/letrame.com\/catalogo\/producto\/ponte-en-mis-zapatos\/#breadcrumb"},"inLanguage":"es","potentialAction":[{"@type":"ReadAction","target":["https:\/\/letrame.com\/catalogo\/producto\/ponte-en-mis-zapatos\/"]}]},{"@type":"ImageObject","inLanguage":"es","@id":"https:\/\/letrame.com\/catalogo\/producto\/ponte-en-mis-zapatos\/#primaryimage","url":"https:\/\/letrame.com\/catalogo\/wp-content\/uploads\/2024\/04\/Ponte-en-mis-zapatos.jpeg","contentUrl":"https:\/\/letrame.com\/catalogo\/wp-content\/uploads\/2024\/04\/Ponte-en-mis-zapatos.jpeg","width":1535,"height":2126},{"@type":"BreadcrumbList","@id":"https:\/\/letrame.com\/catalogo\/producto\/ponte-en-mis-zapatos\/#breadcrumb","itemListElement":[{"@type":"ListItem","position":1,"name":"Portada","item":"https:\/\/letrame.com\/catalogo\/"},{"@type":"ListItem","position":2,"name":"Cat\u00e1logo","item":"https:\/\/letrame.com\/catalogo\/"},{"@type":"ListItem","position":3,"name":"Ponte en mis zapatos"}]},{"@type":"WebSite","@id":"https:\/\/letrame.com\/catalogo\/#website","url":"https:\/\/letrame.com\/catalogo\/","name":"Catalogo | Letrame Grupo Editorial","description":"","publisher":{"@id":"https:\/\/letrame.com\/catalogo\/#organization"},"potentialAction":[{"@type":"SearchAction","target":{"@type":"EntryPoint","urlTemplate":"https:\/\/letrame.com\/catalogo\/?s={search_term_string}"},"query-input":{"@type":"PropertyValueSpecification","valueRequired":true,"valueName":"search_term_string"}}],"inLanguage":"es"},{"@type":"Organization","@id":"https:\/\/letrame.com\/catalogo\/#organization","name":"Catalogo | Letrame Grupo Editorial","url":"https:\/\/letrame.com\/catalogo\/","logo":{"@type":"ImageObject","inLanguage":"es","@id":"https:\/\/letrame.com\/catalogo\/#\/schema\/logo\/image\/","url":"https:\/\/letrame.com\/catalogo\/wp-content\/uploads\/2024\/03\/logo2.webp","contentUrl":"https:\/\/letrame.com\/catalogo\/wp-content\/uploads\/2024\/03\/logo2.webp","width":394,"height":128,"caption":"Catalogo | Letrame Grupo Editorial"},"image":{"@id":"https:\/\/letrame.com\/catalogo\/#\/schema\/logo\/image\/"}}]}},"_links":{"self":[{"href":"https:\/\/letrame.com\/catalogo\/wp-json\/wp\/v2\/product\/97037","targetHints":{"allow":["GET"]}}],"collection":[{"href":"https:\/\/letrame.com\/catalogo\/wp-json\/wp\/v2\/product"}],"about":[{"href":"https:\/\/letrame.com\/catalogo\/wp-json\/wp\/v2\/types\/product"}],"replies":[{"embeddable":true,"href":"https:\/\/letrame.com\/catalogo\/wp-json\/wp\/v2\/comments?post=97037"}],"wp:featuredmedia":[{"embeddable":true,"href":"https:\/\/letrame.com\/catalogo\/wp-json\/wp\/v2\/media\/97038"}],"wp:attachment":[{"href":"https:\/\/letrame.com\/catalogo\/wp-json\/wp\/v2\/media?parent=97037"}],"wp:term":[{"taxonomy":"libro","embeddable":true,"href":"https:\/\/letrame.com\/catalogo\/wp-json\/wp\/v2\/libro?post=97037"},{"taxonomy":"product_brand","embeddable":true,"href":"https:\/\/letrame.com\/catalogo\/wp-json\/wp\/v2\/product_brand?post=97037"},{"taxonomy":"product_cat","embeddable":true,"href":"https:\/\/letrame.com\/catalogo\/wp-json\/wp\/v2\/product_cat?post=97037"},{"taxonomy":"product_tag","embeddable":true,"href":"https:\/\/letrame.com\/catalogo\/wp-json\/wp\/v2\/product_tag?post=97037"}],"curies":[{"name":"wp","href":"https:\/\/api.w.org\/{rel}","templated":true}]}}