{"id":97011,"date":"2024-04-29T12:37:32","date_gmt":"2024-04-29T10:37:32","guid":{"rendered":"https:\/\/letrame.com\/catalogo\/producto\/resuelto-en-el-proceso-un-camino\/"},"modified":"2024-04-29T12:38:37","modified_gmt":"2024-04-29T10:38:37","slug":"resuelto-en-el-proceso-un-camino","status":"publish","type":"product","link":"https:\/\/letrame.com\/catalogo\/producto\/resuelto-en-el-proceso-un-camino\/","title":{"rendered":"Resuelto en el proceso: un camino."},"content":{"rendered":"<p>&nbsp;<\/p>\n<div class=\"page\" title=\"Page 6\">\n<div class=\"layoutArea\">\n<div class=\"column\">\n<p><strong>ISBN<\/strong>: 978-84-1386-914-8<\/p>\n<\/div>\n<\/div>\n<\/div>\n<p><b>T\u00edtulo<\/b><span style=\"font-weight: 400;\">: Resuelto en el proceso: un camino.<\/span><span style=\"font-weight: 400;\"><br \/>\n<\/span><b>Fecha<\/b><span style=\"font-weight: 400;\">: 2021<\/span><span style=\"font-weight: 400;\"><br \/>\n<\/span><b>P\u00e1ginas<\/b><span style=\"font-weight: 400;\">: 80<\/span><\/p>\n<p><b>SINOPSIS<\/b><\/p>\n<p>Un camino como este, es el resultado de un proceso, pero no uno de esos procesos de flujogramas, programados, planificados y racionales. Tiene, claro, algo de planificaci\u00f3n e intenci\u00f3n, pero mucho es resultado de lo que surge de sue\u00f1os, deseos, y esperanzas.<\/p>\n<p>Ello porque la vida con sus cambios, giros, cierres y aperturas, incluye adem\u00e1s otras voluntades, aspiraciones, sue\u00f1os y decisiones; finalmente no da el espacio para programas, salvo quiz\u00e1s esbozos de gui\u00f3n, trazos de un tema general que sirve de gu\u00eda para caminar d\u00eda a d\u00eda.<\/p>\n<p>Lo que surge del momento, lo imprevisto, es lo que define a cada tramo el camino en aquello que finalmente importa para decir, estoy vivo, he vivido y sigo en ello. Un caminar tan propio que cabe expresarlo como se pueda, aqu\u00ed en versos, para reflejar proceso, camino y paisaje.<\/p>\n<p>Entonces aqu\u00ed el resultado, el camino recorrido, el paisaje vivenciado. No narrado, m\u00e1s bien lo que el camino insinuaba, lo errado, lo que la intenci\u00f3n y el deseo procuraba, lo sentido, lo visto tras las paredes y adivinado detr\u00e1s de las palabras.<\/p>\n","protected":false},"excerpt":{"rendered":"<div class=\"page\" title=\"Page 6\">\n<div class=\"layoutArea\">\n<div class=\"column\">\n<p><strong>ISBN: 978-84-1386-914-8<\/strong><\/p>\n<p>Un camino como este, es el resultado de un proceso, pero no uno de esos procesos de flujogramas, programados, planificados y racionales. Tiene, claro, algo de planificaci\u00f3n e intenci\u00f3n, pero mucho es resultado de lo que surge de sue\u00f1os, deseos, y esperanzas.<\/p>\n<p>Ello porque la vida con sus cambios, giros, cierres y aperturas, incluye adem\u00e1s otras voluntades, aspiraciones, sue\u00f1os y decisiones; finalmente no da el espacio para programas, salvo quiz\u00e1s esbozos de gui\u00f3n, trazos de un tema general que sirve de gu\u00eda para caminar d\u00eda a d\u00eda.<\/p>\n<p>Lo que surge del momento, lo imprevisto, es lo que define a cada tramo el camino en aquello que finalmente importa para decir, estoy vivo, he vivido y sigo en ello. Un caminar tan propio que cabe expresarlo como se pueda, aqu\u00ed en versos, para reflejar proceso, camino y paisaje.<\/p>\n<p>Entonces aqu\u00ed el resultado, el camino recorrido, el paisaje vivenciado. No narrado, m\u00e1s bien lo que el camino insinuaba, lo errado, lo que la intenci\u00f3n y el deseo procuraba, lo sentido, lo visto tras las paredes y adivinado detr\u00e1s de las palabras.<\/p>\n<\/div>\n<\/div>\n<\/div>\n","protected":false},"featured_media":97012,"comment_status":"closed","ping_status":"open","template":"","meta":{"_acf_changed":false},"libro":[],"product_brand":[],"product_cat":[20],"product_tag":[],"class_list":{"0":"post-97011","1":"product","2":"type-product","3":"status-publish","4":"has-post-thumbnail","6":"product_cat-poesia","8":"first","9":"instock","10":"purchasable","11":"product-type-simple"},"acf":{"autor":"","enlace_de_compra":""},"yoast_head":"<!-- This site is optimized with the Yoast SEO plugin v27.4 - https:\/\/yoast.com\/product\/yoast-seo-wordpress\/ -->\n<title>Resuelto en el proceso: un camino. - Catalogo | Letrame Grupo Editorial<\/title>\n<meta name=\"robots\" content=\"index, follow, max-snippet:-1, max-image-preview:large, max-video-preview:-1\" \/>\n<link rel=\"canonical\" href=\"https:\/\/letrame.com\/catalogo\/producto\/resuelto-en-el-proceso-un-camino\/\" \/>\n<meta property=\"og:locale\" content=\"es_ES\" \/>\n<meta property=\"og:type\" content=\"article\" \/>\n<meta property=\"og:title\" content=\"Resuelto en el proceso: un camino. - Catalogo | Letrame Grupo Editorial\" \/>\n<meta property=\"og:description\" content=\"ISBN: 978-84-1386-914-8 Un camino como este, es el resultado de un proceso, pero no uno de esos procesos de flujogramas, programados, planificados y racionales. Tiene, claro, algo de planificaci\u00f3n e intenci\u00f3n, pero mucho es resultado de lo que surge de sue\u00f1os, deseos, y esperanzas. Ello porque la vida con sus cambios, giros, cierres y aperturas, incluye adem\u00e1s otras voluntades, aspiraciones, sue\u00f1os y decisiones; finalmente no da el espacio para programas, salvo quiz\u00e1s esbozos de gui\u00f3n, trazos de un tema general que sirve de gu\u00eda para caminar d\u00eda a d\u00eda. Lo que surge del momento, lo imprevisto, es lo que define a cada tramo el camino en aquello que finalmente importa para decir, estoy vivo, he vivido y sigo en ello. Un caminar tan propio que cabe expresarlo como se pueda, aqu\u00ed en versos, para reflejar proceso, camino y paisaje. Entonces aqu\u00ed el resultado, el camino recorrido, el paisaje vivenciado. No narrado, m\u00e1s bien lo que el camino insinuaba, lo errado, lo que la intenci\u00f3n y el deseo procuraba, lo sentido, lo visto tras las paredes y adivinado detr\u00e1s de las palabras.\" \/>\n<meta property=\"og:url\" content=\"https:\/\/letrame.com\/catalogo\/producto\/resuelto-en-el-proceso-un-camino\/\" \/>\n<meta property=\"og:site_name\" content=\"Catalogo | Letrame Grupo Editorial\" \/>\n<meta property=\"article:modified_time\" content=\"2024-04-29T10:38:37+00:00\" \/>\n<meta property=\"og:image\" content=\"https:\/\/letrame.com\/catalogo\/wp-content\/uploads\/2024\/04\/Resuelto-en-el-proceso-un-camino-scaled-1.jpeg\" \/>\n\t<meta property=\"og:image:width\" content=\"1746\" \/>\n\t<meta property=\"og:image:height\" content=\"2560\" \/>\n\t<meta property=\"og:image:type\" content=\"image\/jpeg\" \/>\n<meta name=\"twitter:card\" content=\"summary_large_image\" \/>\n<meta name=\"twitter:label1\" content=\"Tiempo de lectura\" \/>\n\t<meta name=\"twitter:data1\" content=\"1 minuto\" \/>\n<script type=\"application\/ld+json\" class=\"yoast-schema-graph\">{\"@context\":\"https:\\\/\\\/schema.org\",\"@graph\":[{\"@type\":\"WebPage\",\"@id\":\"https:\\\/\\\/letrame.com\\\/catalogo\\\/producto\\\/resuelto-en-el-proceso-un-camino\\\/\",\"url\":\"https:\\\/\\\/letrame.com\\\/catalogo\\\/producto\\\/resuelto-en-el-proceso-un-camino\\\/\",\"name\":\"Resuelto en el proceso: un camino. - Catalogo | Letrame Grupo Editorial\",\"isPartOf\":{\"@id\":\"https:\\\/\\\/letrame.com\\\/catalogo\\\/#website\"},\"primaryImageOfPage\":{\"@id\":\"https:\\\/\\\/letrame.com\\\/catalogo\\\/producto\\\/resuelto-en-el-proceso-un-camino\\\/#primaryimage\"},\"image\":{\"@id\":\"https:\\\/\\\/letrame.com\\\/catalogo\\\/producto\\\/resuelto-en-el-proceso-un-camino\\\/#primaryimage\"},\"thumbnailUrl\":\"https:\\\/\\\/letrame.com\\\/catalogo\\\/wp-content\\\/uploads\\\/2024\\\/04\\\/Resuelto-en-el-proceso-un-camino-scaled-1.jpeg\",\"datePublished\":\"2024-04-29T10:37:32+00:00\",\"dateModified\":\"2024-04-29T10:38:37+00:00\",\"breadcrumb\":{\"@id\":\"https:\\\/\\\/letrame.com\\\/catalogo\\\/producto\\\/resuelto-en-el-proceso-un-camino\\\/#breadcrumb\"},\"inLanguage\":\"es\",\"potentialAction\":[{\"@type\":\"ReadAction\",\"target\":[\"https:\\\/\\\/letrame.com\\\/catalogo\\\/producto\\\/resuelto-en-el-proceso-un-camino\\\/\"]}]},{\"@type\":\"ImageObject\",\"inLanguage\":\"es\",\"@id\":\"https:\\\/\\\/letrame.com\\\/catalogo\\\/producto\\\/resuelto-en-el-proceso-un-camino\\\/#primaryimage\",\"url\":\"https:\\\/\\\/letrame.com\\\/catalogo\\\/wp-content\\\/uploads\\\/2024\\\/04\\\/Resuelto-en-el-proceso-un-camino-scaled-1.jpeg\",\"contentUrl\":\"https:\\\/\\\/letrame.com\\\/catalogo\\\/wp-content\\\/uploads\\\/2024\\\/04\\\/Resuelto-en-el-proceso-un-camino-scaled-1.jpeg\",\"width\":1746,\"height\":2560},{\"@type\":\"BreadcrumbList\",\"@id\":\"https:\\\/\\\/letrame.com\\\/catalogo\\\/producto\\\/resuelto-en-el-proceso-un-camino\\\/#breadcrumb\",\"itemListElement\":[{\"@type\":\"ListItem\",\"position\":1,\"name\":\"Portada\",\"item\":\"https:\\\/\\\/letrame.com\\\/catalogo\\\/\"},{\"@type\":\"ListItem\",\"position\":2,\"name\":\"Cat\u00e1logo\",\"item\":\"https:\\\/\\\/letrame.com\\\/catalogo\\\/\"},{\"@type\":\"ListItem\",\"position\":3,\"name\":\"Resuelto en el proceso: un camino.\"}]},{\"@type\":\"WebSite\",\"@id\":\"https:\\\/\\\/letrame.com\\\/catalogo\\\/#website\",\"url\":\"https:\\\/\\\/letrame.com\\\/catalogo\\\/\",\"name\":\"Catalogo | Letrame Grupo Editorial\",\"description\":\"\",\"publisher\":{\"@id\":\"https:\\\/\\\/letrame.com\\\/catalogo\\\/#organization\"},\"potentialAction\":[{\"@type\":\"SearchAction\",\"target\":{\"@type\":\"EntryPoint\",\"urlTemplate\":\"https:\\\/\\\/letrame.com\\\/catalogo\\\/?s={search_term_string}\"},\"query-input\":{\"@type\":\"PropertyValueSpecification\",\"valueRequired\":true,\"valueName\":\"search_term_string\"}}],\"inLanguage\":\"es\"},{\"@type\":\"Organization\",\"@id\":\"https:\\\/\\\/letrame.com\\\/catalogo\\\/#organization\",\"name\":\"Catalogo | Letrame Grupo Editorial\",\"url\":\"https:\\\/\\\/letrame.com\\\/catalogo\\\/\",\"logo\":{\"@type\":\"ImageObject\",\"inLanguage\":\"es\",\"@id\":\"https:\\\/\\\/letrame.com\\\/catalogo\\\/#\\\/schema\\\/logo\\\/image\\\/\",\"url\":\"https:\\\/\\\/letrame.com\\\/catalogo\\\/wp-content\\\/uploads\\\/2024\\\/03\\\/logo2.webp\",\"contentUrl\":\"https:\\\/\\\/letrame.com\\\/catalogo\\\/wp-content\\\/uploads\\\/2024\\\/03\\\/logo2.webp\",\"width\":394,\"height\":128,\"caption\":\"Catalogo | Letrame Grupo Editorial\"},\"image\":{\"@id\":\"https:\\\/\\\/letrame.com\\\/catalogo\\\/#\\\/schema\\\/logo\\\/image\\\/\"}}]}<\/script>\n<!-- \/ Yoast SEO plugin. -->","yoast_head_json":{"title":"Resuelto en el proceso: un camino. - Catalogo | Letrame Grupo Editorial","robots":{"index":"index","follow":"follow","max-snippet":"max-snippet:-1","max-image-preview":"max-image-preview:large","max-video-preview":"max-video-preview:-1"},"canonical":"https:\/\/letrame.com\/catalogo\/producto\/resuelto-en-el-proceso-un-camino\/","og_locale":"es_ES","og_type":"article","og_title":"Resuelto en el proceso: un camino. - Catalogo | Letrame Grupo Editorial","og_description":"ISBN: 978-84-1386-914-8 Un camino como este, es el resultado de un proceso, pero no uno de esos procesos de flujogramas, programados, planificados y racionales. Tiene, claro, algo de planificaci\u00f3n e intenci\u00f3n, pero mucho es resultado de lo que surge de sue\u00f1os, deseos, y esperanzas. Ello porque la vida con sus cambios, giros, cierres y aperturas, incluye adem\u00e1s otras voluntades, aspiraciones, sue\u00f1os y decisiones; finalmente no da el espacio para programas, salvo quiz\u00e1s esbozos de gui\u00f3n, trazos de un tema general que sirve de gu\u00eda para caminar d\u00eda a d\u00eda. Lo que surge del momento, lo imprevisto, es lo que define a cada tramo el camino en aquello que finalmente importa para decir, estoy vivo, he vivido y sigo en ello. Un caminar tan propio que cabe expresarlo como se pueda, aqu\u00ed en versos, para reflejar proceso, camino y paisaje. Entonces aqu\u00ed el resultado, el camino recorrido, el paisaje vivenciado. No narrado, m\u00e1s bien lo que el camino insinuaba, lo errado, lo que la intenci\u00f3n y el deseo procuraba, lo sentido, lo visto tras las paredes y adivinado detr\u00e1s de las palabras.","og_url":"https:\/\/letrame.com\/catalogo\/producto\/resuelto-en-el-proceso-un-camino\/","og_site_name":"Catalogo | Letrame Grupo Editorial","article_modified_time":"2024-04-29T10:38:37+00:00","og_image":[{"width":1746,"height":2560,"url":"https:\/\/letrame.com\/catalogo\/wp-content\/uploads\/2024\/04\/Resuelto-en-el-proceso-un-camino-scaled-1.jpeg","type":"image\/jpeg"}],"twitter_card":"summary_large_image","twitter_misc":{"Tiempo de lectura":"1 minuto"},"schema":{"@context":"https:\/\/schema.org","@graph":[{"@type":"WebPage","@id":"https:\/\/letrame.com\/catalogo\/producto\/resuelto-en-el-proceso-un-camino\/","url":"https:\/\/letrame.com\/catalogo\/producto\/resuelto-en-el-proceso-un-camino\/","name":"Resuelto en el proceso: un camino. - Catalogo | Letrame Grupo Editorial","isPartOf":{"@id":"https:\/\/letrame.com\/catalogo\/#website"},"primaryImageOfPage":{"@id":"https:\/\/letrame.com\/catalogo\/producto\/resuelto-en-el-proceso-un-camino\/#primaryimage"},"image":{"@id":"https:\/\/letrame.com\/catalogo\/producto\/resuelto-en-el-proceso-un-camino\/#primaryimage"},"thumbnailUrl":"https:\/\/letrame.com\/catalogo\/wp-content\/uploads\/2024\/04\/Resuelto-en-el-proceso-un-camino-scaled-1.jpeg","datePublished":"2024-04-29T10:37:32+00:00","dateModified":"2024-04-29T10:38:37+00:00","breadcrumb":{"@id":"https:\/\/letrame.com\/catalogo\/producto\/resuelto-en-el-proceso-un-camino\/#breadcrumb"},"inLanguage":"es","potentialAction":[{"@type":"ReadAction","target":["https:\/\/letrame.com\/catalogo\/producto\/resuelto-en-el-proceso-un-camino\/"]}]},{"@type":"ImageObject","inLanguage":"es","@id":"https:\/\/letrame.com\/catalogo\/producto\/resuelto-en-el-proceso-un-camino\/#primaryimage","url":"https:\/\/letrame.com\/catalogo\/wp-content\/uploads\/2024\/04\/Resuelto-en-el-proceso-un-camino-scaled-1.jpeg","contentUrl":"https:\/\/letrame.com\/catalogo\/wp-content\/uploads\/2024\/04\/Resuelto-en-el-proceso-un-camino-scaled-1.jpeg","width":1746,"height":2560},{"@type":"BreadcrumbList","@id":"https:\/\/letrame.com\/catalogo\/producto\/resuelto-en-el-proceso-un-camino\/#breadcrumb","itemListElement":[{"@type":"ListItem","position":1,"name":"Portada","item":"https:\/\/letrame.com\/catalogo\/"},{"@type":"ListItem","position":2,"name":"Cat\u00e1logo","item":"https:\/\/letrame.com\/catalogo\/"},{"@type":"ListItem","position":3,"name":"Resuelto en el proceso: un camino."}]},{"@type":"WebSite","@id":"https:\/\/letrame.com\/catalogo\/#website","url":"https:\/\/letrame.com\/catalogo\/","name":"Catalogo | Letrame Grupo Editorial","description":"","publisher":{"@id":"https:\/\/letrame.com\/catalogo\/#organization"},"potentialAction":[{"@type":"SearchAction","target":{"@type":"EntryPoint","urlTemplate":"https:\/\/letrame.com\/catalogo\/?s={search_term_string}"},"query-input":{"@type":"PropertyValueSpecification","valueRequired":true,"valueName":"search_term_string"}}],"inLanguage":"es"},{"@type":"Organization","@id":"https:\/\/letrame.com\/catalogo\/#organization","name":"Catalogo | Letrame Grupo Editorial","url":"https:\/\/letrame.com\/catalogo\/","logo":{"@type":"ImageObject","inLanguage":"es","@id":"https:\/\/letrame.com\/catalogo\/#\/schema\/logo\/image\/","url":"https:\/\/letrame.com\/catalogo\/wp-content\/uploads\/2024\/03\/logo2.webp","contentUrl":"https:\/\/letrame.com\/catalogo\/wp-content\/uploads\/2024\/03\/logo2.webp","width":394,"height":128,"caption":"Catalogo | Letrame Grupo Editorial"},"image":{"@id":"https:\/\/letrame.com\/catalogo\/#\/schema\/logo\/image\/"}}]}},"_links":{"self":[{"href":"https:\/\/letrame.com\/catalogo\/wp-json\/wp\/v2\/product\/97011","targetHints":{"allow":["GET"]}}],"collection":[{"href":"https:\/\/letrame.com\/catalogo\/wp-json\/wp\/v2\/product"}],"about":[{"href":"https:\/\/letrame.com\/catalogo\/wp-json\/wp\/v2\/types\/product"}],"replies":[{"embeddable":true,"href":"https:\/\/letrame.com\/catalogo\/wp-json\/wp\/v2\/comments?post=97011"}],"wp:featuredmedia":[{"embeddable":true,"href":"https:\/\/letrame.com\/catalogo\/wp-json\/wp\/v2\/media\/97012"}],"wp:attachment":[{"href":"https:\/\/letrame.com\/catalogo\/wp-json\/wp\/v2\/media?parent=97011"}],"wp:term":[{"taxonomy":"libro","embeddable":true,"href":"https:\/\/letrame.com\/catalogo\/wp-json\/wp\/v2\/libro?post=97011"},{"taxonomy":"product_brand","embeddable":true,"href":"https:\/\/letrame.com\/catalogo\/wp-json\/wp\/v2\/product_brand?post=97011"},{"taxonomy":"product_cat","embeddable":true,"href":"https:\/\/letrame.com\/catalogo\/wp-json\/wp\/v2\/product_cat?post=97011"},{"taxonomy":"product_tag","embeddable":true,"href":"https:\/\/letrame.com\/catalogo\/wp-json\/wp\/v2\/product_tag?post=97011"}],"curies":[{"name":"wp","href":"https:\/\/api.w.org\/{rel}","templated":true}]}}