{"id":97008,"date":"2024-04-29T12:37:32","date_gmt":"2024-04-29T10:37:32","guid":{"rendered":"https:\/\/letrame.com\/catalogo\/producto\/hasta-donde-estas-dispuesto-a-llegar\/"},"modified":"2024-05-16T14:56:11","modified_gmt":"2024-05-16T12:56:11","slug":"hasta-donde-estas-dispuesto-a-llegar","status":"publish","type":"product","link":"https:\/\/letrame.com\/catalogo\/producto\/hasta-donde-estas-dispuesto-a-llegar\/","title":{"rendered":"\u00bfHasta d\u00f3nde est\u00e1s dispuesto a llegar?"},"content":{"rendered":"<div class=\"page\" title=\"Page 6\">\n<div class=\"layoutArea\">\n<div class=\"column\">\n<p><strong>ISBN<\/strong>: 978-84-1386-756-4<\/p>\n<\/div>\n<\/div>\n<\/div>\n<p><b>T\u00edtulo<\/b><span style=\"font-weight: 400;\">: <span data-sheets-value=\"{&quot;1&quot;:2,&quot;2&quot;:&quot;\u00bfHasta d\u00f3nde est\u00e1s dispuestos a llegar?&quot;}\" data-sheets-userformat=\"{&quot;2&quot;:579,&quot;3&quot;:{&quot;1&quot;:0},&quot;4&quot;:{&quot;1&quot;:2,&quot;2&quot;:14281427},&quot;9&quot;:1,&quot;12&quot;:0}\">\u00bfHasta d\u00f3nde est\u00e1s dispuesto a llegar?<\/span><\/span><span style=\"font-weight: 400;\"><br \/>\n<\/span><b>Fecha<\/b><span style=\"font-weight: 400;\">: 2021<\/span><span style=\"font-weight: 400;\"><br \/>\n<\/span><b>P\u00e1ginas<\/b><span style=\"font-weight: 400;\">: 230<\/span><\/p>\n<p><b>SINOPSIS<\/b><\/p>\n<p>&nbsp;<\/p>\n<p>\u00bfTe imaginas despertarte en mitad de la noche en un sitio que no conoces sin recordar ni tan siquiera c\u00f3mo has llegado hasta all\u00ed?<\/p>\n<p>Charlie Hawks, periodista de una peque\u00f1a revista en Londres, no es capaz de averiguar qu\u00e9 pas\u00f3 la noche anterior ni por qu\u00e9 se ha despertado en una habitaci\u00f3n de un lujoso hotel de la ciudad. Solamente tiene una misteriosa tarjeta que ha aparecido en su bolsillo de la chaqueta con un desafiante mensaje: \u00ab\u00bfHasta d\u00f3nde est\u00e1s dispuesto a llegar, Charlie?\u00bb.<\/p>\n<p>Una serie de sospechosos acontecimientos sumergir\u00e1 a nuestro protagonista en una trama sin haber querido formar parte de ella, pero de la que ser\u00e1 f\u00e1cilmente atrapado sin darse cuenta. Traici\u00f3n, romance e intriga se entremezclan en este lluvioso\u00a0<em>thriller\u00a0<\/em>que no querr\u00e1s dejar de leer.<\/p>\n","protected":false},"excerpt":{"rendered":"<p><strong>ISBN: 978-84-1386-756-4<\/strong><\/p>\n<p>&nbsp;<\/p>\n<p>\u00bfTe imaginas despertarte en mitad de la noche en un sitio que no conoces sin recordar ni tan siquiera c\u00f3mo has llegado hasta all\u00ed?<\/p>\n<p>Charlie Hawks, periodista de una peque\u00f1a revista en Londres, no es capaz de averiguar qu\u00e9 pas\u00f3 la noche anterior ni por qu\u00e9 se ha despertado en una habitaci\u00f3n de un lujoso hotel de la ciudad. Solamente tiene una misteriosa tarjeta que ha aparecido en su bolsillo de la chaqueta con un desafiante mensaje: \u00ab\u00bfHasta d\u00f3nde est\u00e1s dispuesto a llegar, Charlie?\u00bb.<\/p>\n<p>Una serie de sospechosos acontecimientos sumergir\u00e1 a nuestro protagonista en una trama sin haber querido formar parte de ella, pero de la que ser\u00e1 f\u00e1cilmente atrapado sin darse cuenta. Traici\u00f3n, romance e intriga se entremezclan en este lluvioso\u00a0<em>thriller\u00a0<\/em>que no querr\u00e1s dejar de leer.<\/p>\n","protected":false},"featured_media":100312,"comment_status":"closed","ping_status":"closed","template":"","meta":{"_acf_changed":false},"libro":[],"product_brand":[],"product_cat":[16],"product_tag":[],"class_list":{"0":"post-97008","1":"product","2":"type-product","3":"status-publish","4":"has-post-thumbnail","6":"product_cat-novela","8":"first","9":"instock","10":"purchasable","11":"product-type-simple"},"acf":{"autor":[75650],"enlace_de_compra":"https:\/\/www.amazon.es\/%C2%BFHasta-d%C3%B3nde-est%C3%A1s-dispuesto-llegar\/dp\/8413867568\/ref=sr_1_1?__mk_es_ES=%C3%85M%C3%85%C5%BD%C3%95%C3%91&amp;crid=CSGBA544GAGS&amp;dchild=1&amp;keywords=hasta+donde+estas+dispuesto+a+llegar&amp;qid=1630411665&amp;sprefix=hasta+d%C3%B3ndes+est%2Caps%2C179&amp;sr=8-1"},"yoast_head":"<!-- This site is optimized with the Yoast SEO plugin v26.6 - https:\/\/yoast.com\/wordpress\/plugins\/seo\/ -->\n<title>\u00bfHasta d\u00f3nde est\u00e1s dispuesto a llegar? - Catalogo | Letrame Grupo Editorial<\/title>\n<meta name=\"robots\" content=\"index, follow, max-snippet:-1, max-image-preview:large, max-video-preview:-1\" \/>\n<link rel=\"canonical\" href=\"https:\/\/letrame.com\/catalogo\/producto\/hasta-donde-estas-dispuesto-a-llegar\/\" \/>\n<meta property=\"og:locale\" content=\"es_ES\" \/>\n<meta property=\"og:type\" content=\"article\" \/>\n<meta property=\"og:title\" content=\"\u00bfHasta d\u00f3nde est\u00e1s dispuesto a llegar? - Catalogo | Letrame Grupo Editorial\" \/>\n<meta property=\"og:description\" content=\"ISBN: 978-84-1386-756-4  &nbsp;  \u00bfTe imaginas despertarte en mitad de la noche en un sitio que no conoces sin recordar ni tan siquiera c\u00f3mo has llegado hasta all\u00ed?  Charlie Hawks, periodista de una peque\u00f1a revista en Londres, no es capaz de averiguar qu\u00e9 pas\u00f3 la noche anterior ni por qu\u00e9 se ha despertado en una habitaci\u00f3n de un lujoso hotel de la ciudad. Solamente tiene una misteriosa tarjeta que ha aparecido en su bolsillo de la chaqueta con un desafiante mensaje: \u00ab\u00bfHasta d\u00f3nde est\u00e1s dispuesto a llegar, Charlie?\u00bb.  Una serie de sospechosos acontecimientos sumergir\u00e1 a nuestro protagonista en una trama sin haber querido formar parte de ella, pero de la que ser\u00e1 f\u00e1cilmente atrapado sin darse cuenta. Traici\u00f3n, romance e intriga se entremezclan en este lluvioso\u00a0thriller\u00a0que no querr\u00e1s dejar de leer.\" \/>\n<meta property=\"og:url\" content=\"https:\/\/letrame.com\/catalogo\/producto\/hasta-donde-estas-dispuesto-a-llegar\/\" \/>\n<meta property=\"og:site_name\" content=\"Catalogo | Letrame Grupo Editorial\" \/>\n<meta property=\"article:modified_time\" content=\"2024-05-16T12:56:11+00:00\" \/>\n<meta property=\"og:image\" content=\"https:\/\/letrame.com\/catalogo\/wp-content\/uploads\/2024\/04\/\u00bfhasta-donde-estas-dispuesto-a-llegar-scaled-1.webp\" \/>\n\t<meta property=\"og:image:width\" content=\"1746\" \/>\n\t<meta property=\"og:image:height\" content=\"2560\" \/>\n\t<meta property=\"og:image:type\" content=\"image\/webp\" \/>\n<meta name=\"twitter:card\" content=\"summary_large_image\" \/>\n<meta name=\"twitter:label1\" content=\"Tiempo de lectura\" \/>\n\t<meta name=\"twitter:data1\" content=\"1 minuto\" \/>\n<script type=\"application\/ld+json\" class=\"yoast-schema-graph\">{\"@context\":\"https:\/\/schema.org\",\"@graph\":[{\"@type\":\"WebPage\",\"@id\":\"https:\/\/letrame.com\/catalogo\/producto\/hasta-donde-estas-dispuesto-a-llegar\/\",\"url\":\"https:\/\/letrame.com\/catalogo\/producto\/hasta-donde-estas-dispuesto-a-llegar\/\",\"name\":\"\u00bfHasta d\u00f3nde est\u00e1s dispuesto a llegar? - Catalogo | Letrame Grupo Editorial\",\"isPartOf\":{\"@id\":\"https:\/\/letrame.com\/catalogo\/#website\"},\"primaryImageOfPage\":{\"@id\":\"https:\/\/letrame.com\/catalogo\/producto\/hasta-donde-estas-dispuesto-a-llegar\/#primaryimage\"},\"image\":{\"@id\":\"https:\/\/letrame.com\/catalogo\/producto\/hasta-donde-estas-dispuesto-a-llegar\/#primaryimage\"},\"thumbnailUrl\":\"https:\/\/letrame.com\/catalogo\/wp-content\/uploads\/2024\/04\/\u00bfhasta-donde-estas-dispuesto-a-llegar-scaled-1.webp\",\"datePublished\":\"2024-04-29T10:37:32+00:00\",\"dateModified\":\"2024-05-16T12:56:11+00:00\",\"breadcrumb\":{\"@id\":\"https:\/\/letrame.com\/catalogo\/producto\/hasta-donde-estas-dispuesto-a-llegar\/#breadcrumb\"},\"inLanguage\":\"es\",\"potentialAction\":[{\"@type\":\"ReadAction\",\"target\":[\"https:\/\/letrame.com\/catalogo\/producto\/hasta-donde-estas-dispuesto-a-llegar\/\"]}]},{\"@type\":\"ImageObject\",\"inLanguage\":\"es\",\"@id\":\"https:\/\/letrame.com\/catalogo\/producto\/hasta-donde-estas-dispuesto-a-llegar\/#primaryimage\",\"url\":\"https:\/\/letrame.com\/catalogo\/wp-content\/uploads\/2024\/04\/\u00bfhasta-donde-estas-dispuesto-a-llegar-scaled-1.webp\",\"contentUrl\":\"https:\/\/letrame.com\/catalogo\/wp-content\/uploads\/2024\/04\/\u00bfhasta-donde-estas-dispuesto-a-llegar-scaled-1.webp\",\"width\":1746,\"height\":2560},{\"@type\":\"BreadcrumbList\",\"@id\":\"https:\/\/letrame.com\/catalogo\/producto\/hasta-donde-estas-dispuesto-a-llegar\/#breadcrumb\",\"itemListElement\":[{\"@type\":\"ListItem\",\"position\":1,\"name\":\"Portada\",\"item\":\"https:\/\/letrame.com\/catalogo\/\"},{\"@type\":\"ListItem\",\"position\":2,\"name\":\"Cat\u00e1logo\",\"item\":\"https:\/\/letrame.com\/catalogo\/\"},{\"@type\":\"ListItem\",\"position\":3,\"name\":\"\u00bfHasta d\u00f3nde est\u00e1s dispuesto a llegar?\"}]},{\"@type\":\"WebSite\",\"@id\":\"https:\/\/letrame.com\/catalogo\/#website\",\"url\":\"https:\/\/letrame.com\/catalogo\/\",\"name\":\"Catalogo | Letrame Grupo Editorial\",\"description\":\"\",\"publisher\":{\"@id\":\"https:\/\/letrame.com\/catalogo\/#organization\"},\"potentialAction\":[{\"@type\":\"SearchAction\",\"target\":{\"@type\":\"EntryPoint\",\"urlTemplate\":\"https:\/\/letrame.com\/catalogo\/?s={search_term_string}\"},\"query-input\":{\"@type\":\"PropertyValueSpecification\",\"valueRequired\":true,\"valueName\":\"search_term_string\"}}],\"inLanguage\":\"es\"},{\"@type\":\"Organization\",\"@id\":\"https:\/\/letrame.com\/catalogo\/#organization\",\"name\":\"Catalogo | Letrame Grupo Editorial\",\"url\":\"https:\/\/letrame.com\/catalogo\/\",\"logo\":{\"@type\":\"ImageObject\",\"inLanguage\":\"es\",\"@id\":\"https:\/\/letrame.com\/catalogo\/#\/schema\/logo\/image\/\",\"url\":\"https:\/\/letrame.com\/catalogo\/wp-content\/uploads\/2024\/03\/logo2.webp\",\"contentUrl\":\"https:\/\/letrame.com\/catalogo\/wp-content\/uploads\/2024\/03\/logo2.webp\",\"width\":394,\"height\":128,\"caption\":\"Catalogo | Letrame Grupo Editorial\"},\"image\":{\"@id\":\"https:\/\/letrame.com\/catalogo\/#\/schema\/logo\/image\/\"}}]}<\/script>\n<!-- \/ Yoast SEO plugin. -->","yoast_head_json":{"title":"\u00bfHasta d\u00f3nde est\u00e1s dispuesto a llegar? - Catalogo | Letrame Grupo Editorial","robots":{"index":"index","follow":"follow","max-snippet":"max-snippet:-1","max-image-preview":"max-image-preview:large","max-video-preview":"max-video-preview:-1"},"canonical":"https:\/\/letrame.com\/catalogo\/producto\/hasta-donde-estas-dispuesto-a-llegar\/","og_locale":"es_ES","og_type":"article","og_title":"\u00bfHasta d\u00f3nde est\u00e1s dispuesto a llegar? - Catalogo | Letrame Grupo Editorial","og_description":"ISBN: 978-84-1386-756-4  &nbsp;  \u00bfTe imaginas despertarte en mitad de la noche en un sitio que no conoces sin recordar ni tan siquiera c\u00f3mo has llegado hasta all\u00ed?  Charlie Hawks, periodista de una peque\u00f1a revista en Londres, no es capaz de averiguar qu\u00e9 pas\u00f3 la noche anterior ni por qu\u00e9 se ha despertado en una habitaci\u00f3n de un lujoso hotel de la ciudad. Solamente tiene una misteriosa tarjeta que ha aparecido en su bolsillo de la chaqueta con un desafiante mensaje: \u00ab\u00bfHasta d\u00f3nde est\u00e1s dispuesto a llegar, Charlie?\u00bb.  Una serie de sospechosos acontecimientos sumergir\u00e1 a nuestro protagonista en una trama sin haber querido formar parte de ella, pero de la que ser\u00e1 f\u00e1cilmente atrapado sin darse cuenta. Traici\u00f3n, romance e intriga se entremezclan en este lluvioso\u00a0thriller\u00a0que no querr\u00e1s dejar de leer.","og_url":"https:\/\/letrame.com\/catalogo\/producto\/hasta-donde-estas-dispuesto-a-llegar\/","og_site_name":"Catalogo | Letrame Grupo Editorial","article_modified_time":"2024-05-16T12:56:11+00:00","og_image":[{"width":1746,"height":2560,"url":"https:\/\/letrame.com\/catalogo\/wp-content\/uploads\/2024\/04\/\u00bfhasta-donde-estas-dispuesto-a-llegar-scaled-1.webp","type":"image\/webp"}],"twitter_card":"summary_large_image","twitter_misc":{"Tiempo de lectura":"1 minuto"},"schema":{"@context":"https:\/\/schema.org","@graph":[{"@type":"WebPage","@id":"https:\/\/letrame.com\/catalogo\/producto\/hasta-donde-estas-dispuesto-a-llegar\/","url":"https:\/\/letrame.com\/catalogo\/producto\/hasta-donde-estas-dispuesto-a-llegar\/","name":"\u00bfHasta d\u00f3nde est\u00e1s dispuesto a llegar? - Catalogo | Letrame Grupo Editorial","isPartOf":{"@id":"https:\/\/letrame.com\/catalogo\/#website"},"primaryImageOfPage":{"@id":"https:\/\/letrame.com\/catalogo\/producto\/hasta-donde-estas-dispuesto-a-llegar\/#primaryimage"},"image":{"@id":"https:\/\/letrame.com\/catalogo\/producto\/hasta-donde-estas-dispuesto-a-llegar\/#primaryimage"},"thumbnailUrl":"https:\/\/letrame.com\/catalogo\/wp-content\/uploads\/2024\/04\/\u00bfhasta-donde-estas-dispuesto-a-llegar-scaled-1.webp","datePublished":"2024-04-29T10:37:32+00:00","dateModified":"2024-05-16T12:56:11+00:00","breadcrumb":{"@id":"https:\/\/letrame.com\/catalogo\/producto\/hasta-donde-estas-dispuesto-a-llegar\/#breadcrumb"},"inLanguage":"es","potentialAction":[{"@type":"ReadAction","target":["https:\/\/letrame.com\/catalogo\/producto\/hasta-donde-estas-dispuesto-a-llegar\/"]}]},{"@type":"ImageObject","inLanguage":"es","@id":"https:\/\/letrame.com\/catalogo\/producto\/hasta-donde-estas-dispuesto-a-llegar\/#primaryimage","url":"https:\/\/letrame.com\/catalogo\/wp-content\/uploads\/2024\/04\/\u00bfhasta-donde-estas-dispuesto-a-llegar-scaled-1.webp","contentUrl":"https:\/\/letrame.com\/catalogo\/wp-content\/uploads\/2024\/04\/\u00bfhasta-donde-estas-dispuesto-a-llegar-scaled-1.webp","width":1746,"height":2560},{"@type":"BreadcrumbList","@id":"https:\/\/letrame.com\/catalogo\/producto\/hasta-donde-estas-dispuesto-a-llegar\/#breadcrumb","itemListElement":[{"@type":"ListItem","position":1,"name":"Portada","item":"https:\/\/letrame.com\/catalogo\/"},{"@type":"ListItem","position":2,"name":"Cat\u00e1logo","item":"https:\/\/letrame.com\/catalogo\/"},{"@type":"ListItem","position":3,"name":"\u00bfHasta d\u00f3nde est\u00e1s dispuesto a llegar?"}]},{"@type":"WebSite","@id":"https:\/\/letrame.com\/catalogo\/#website","url":"https:\/\/letrame.com\/catalogo\/","name":"Catalogo | Letrame Grupo Editorial","description":"","publisher":{"@id":"https:\/\/letrame.com\/catalogo\/#organization"},"potentialAction":[{"@type":"SearchAction","target":{"@type":"EntryPoint","urlTemplate":"https:\/\/letrame.com\/catalogo\/?s={search_term_string}"},"query-input":{"@type":"PropertyValueSpecification","valueRequired":true,"valueName":"search_term_string"}}],"inLanguage":"es"},{"@type":"Organization","@id":"https:\/\/letrame.com\/catalogo\/#organization","name":"Catalogo | Letrame Grupo Editorial","url":"https:\/\/letrame.com\/catalogo\/","logo":{"@type":"ImageObject","inLanguage":"es","@id":"https:\/\/letrame.com\/catalogo\/#\/schema\/logo\/image\/","url":"https:\/\/letrame.com\/catalogo\/wp-content\/uploads\/2024\/03\/logo2.webp","contentUrl":"https:\/\/letrame.com\/catalogo\/wp-content\/uploads\/2024\/03\/logo2.webp","width":394,"height":128,"caption":"Catalogo | Letrame Grupo Editorial"},"image":{"@id":"https:\/\/letrame.com\/catalogo\/#\/schema\/logo\/image\/"}}]}},"_links":{"self":[{"href":"https:\/\/letrame.com\/catalogo\/wp-json\/wp\/v2\/product\/97008","targetHints":{"allow":["GET"]}}],"collection":[{"href":"https:\/\/letrame.com\/catalogo\/wp-json\/wp\/v2\/product"}],"about":[{"href":"https:\/\/letrame.com\/catalogo\/wp-json\/wp\/v2\/types\/product"}],"replies":[{"embeddable":true,"href":"https:\/\/letrame.com\/catalogo\/wp-json\/wp\/v2\/comments?post=97008"}],"acf:post":[{"embeddable":true,"href":"https:\/\/letrame.com\/catalogo\/wp-json\/wp\/v2\/author_book\/75650"}],"wp:featuredmedia":[{"embeddable":true,"href":"https:\/\/letrame.com\/catalogo\/wp-json\/wp\/v2\/media\/100312"}],"wp:attachment":[{"href":"https:\/\/letrame.com\/catalogo\/wp-json\/wp\/v2\/media?parent=97008"}],"wp:term":[{"taxonomy":"libro","embeddable":true,"href":"https:\/\/letrame.com\/catalogo\/wp-json\/wp\/v2\/libro?post=97008"},{"taxonomy":"product_brand","embeddable":true,"href":"https:\/\/letrame.com\/catalogo\/wp-json\/wp\/v2\/product_brand?post=97008"},{"taxonomy":"product_cat","embeddable":true,"href":"https:\/\/letrame.com\/catalogo\/wp-json\/wp\/v2\/product_cat?post=97008"},{"taxonomy":"product_tag","embeddable":true,"href":"https:\/\/letrame.com\/catalogo\/wp-json\/wp\/v2\/product_tag?post=97008"}],"curies":[{"name":"wp","href":"https:\/\/api.w.org\/{rel}","templated":true}]}}