{"id":97002,"date":"2024-04-29T12:35:51","date_gmt":"2024-04-29T10:35:51","guid":{"rendered":"https:\/\/letrame.com\/catalogo\/producto\/el-zorro-y-los-sabuesos\/"},"modified":"2024-04-29T12:36:27","modified_gmt":"2024-04-29T10:36:27","slug":"el-zorro-y-los-sabuesos","status":"publish","type":"product","link":"https:\/\/letrame.com\/catalogo\/producto\/el-zorro-y-los-sabuesos\/","title":{"rendered":"El zorro y los sabuesos"},"content":{"rendered":"<div class=\"page\" title=\"Page 6\">\n<div class=\"layoutArea\">\n<div class=\"column\">\n<p><strong>ISBN<\/strong>: 978-84-1386-932-2<\/p>\n<\/div>\n<\/div>\n<\/div>\n<p><b>T\u00edtulo<\/b><span style=\"font-weight: 400;\">: El zorro y los sabuesos<\/span><span style=\"font-weight: 400;\"><br \/>\n<\/span><b>Fecha<\/b><span style=\"font-weight: 400;\">: 2021<\/span><span style=\"font-weight: 400;\"><br \/>\n<\/span><b>P\u00e1ginas<\/b><span style=\"font-weight: 400;\">: 410<\/span><\/p>\n<p><b>SINOPSIS<\/b><\/p>\n<p>El detective Alex Ram\u00edrez y la psiquiatra forense Rachel Robinson est\u00e1n a cargo de aclarar un asesinato ocurrido en la ciudad de Miami. Dicho crimen amenaza con convertirse en el primero de una larga lista de ejecuciones si no se atrapa pronto al supuesto responsable. El asesino, con habilidad e inteligencia, parece jugar con la Polic\u00eda a trav\u00e9s de una serie de pistas verdaderas y falsas que va dejando aqu\u00ed y all\u00e1 sin otro objetivo que despistarlos para poder dar por finalizada su macabra tarea.<\/p>\n<p>Con El zorro y los sabuesos el autor consigue hilvanar una obra sorprendente que mantendr\u00e1 en vilo al lector desde la primera frase hasta la \u00faltima. Gracias a la complejidad de los protagonistas y a dos historias en diferentes l\u00edneas temporales y que terminar\u00e1n uni\u00e9ndose, se da forma a una brillante novela negra, que, a los m\u00e1s cin\u00e9filos, podr\u00eda recordar, en determinados momentos, a Seven o A la hora se\u00f1alada.<\/p>\n<p>Tanto Alex como Rachel tienen su propio pasado que condiciona su personalidad y su car\u00e1cter, su vida, su forma de relacionarse con las personas, sus decisiones y sus actuaciones. Alex es un apasionado polic\u00eda amante de su trabajo, \u00e1vido de aclarar todos los cr\u00edmenes que investigue, especialmente desde que uno de ellos cost\u00f3 la vida a su padre y, desde entonces, hace tambalear su matrimonio; Rachel es una inteligente y observadora psiquiatra forense capaz de desentra\u00f1ar los interiores y debilidades de las personas. Ambos pueden llegar a ser una caja de sorpresas mientras el asesino contin\u00faa con su sangrienta obra.<\/p>\n<p>Una gran historia sobre las razones y los l\u00edmites de la venganza que da forma a una extraordinaria novela negra.<\/p>\n","protected":false},"excerpt":{"rendered":"<div class=\"page\" title=\"Page 6\">\n<div class=\"layoutArea\">\n<div class=\"column\">\n<p><strong>ISBN: 978-84-1386-932-2<\/strong><\/p>\n<p>El detective Alex Ram\u00edrez y la psiquiatra forense Rachel Robinson est\u00e1n a cargo de aclarar un asesinato ocurrido en la ciudad de Miami. Dicho crimen amenaza con convertirse en el primero de una larga lista de ejecuciones si no se atrapa pronto al supuesto responsable. El asesino, con habilidad e inteligencia, parece jugar con la Polic\u00eda a trav\u00e9s de una serie de pistas verdaderas y falsas que va dejando aqu\u00ed y all\u00e1 sin otro objetivo que despistarlos para poder dar por finalizada su macabra tarea.<\/p>\n<p>Con El zorro y los sabuesos el autor consigue hilvanar una obra sorprendente que mantendr\u00e1 en vilo al lector desde la primera frase hasta la \u00faltima. Gracias a la complejidad de los protagonistas y a dos historias en diferentes l\u00edneas temporales y que terminar\u00e1n uni\u00e9ndose, se da forma a una brillante novela negra, que, a los m\u00e1s cin\u00e9filos, podr\u00eda recordar, en determinados momentos, a Seven o A la hora se\u00f1alada.<\/p>\n<p>Tanto Alex como Rachel tienen su propio pasado que condiciona su personalidad y su car\u00e1cter, su vida, su forma de relacionarse con las personas, sus decisiones y sus actuaciones. Alex es un apasionado polic\u00eda amante de su trabajo, \u00e1vido de aclarar todos los cr\u00edmenes que investigue, especialmente desde que uno de ellos cost\u00f3 la vida a su padre y, desde entonces, hace tambalear su matrimonio; Rachel es una inteligente y observadora psiquiatra forense capaz de desentra\u00f1ar los interiores y debilidades de las personas. Ambos pueden llegar a ser una caja de sorpresas mientras el asesino contin\u00faa con su sangrienta obra.<\/p>\n<p>Una gran historia sobre las razones y los l\u00edmites de la venganza que da forma a una extraordinaria novela negra.<\/p>\n<\/div>\n<\/div>\n<\/div>\n","protected":false},"featured_media":97003,"comment_status":"closed","ping_status":"open","template":"","meta":{"_acf_changed":false},"libro":[],"product_brand":[],"product_cat":[16],"product_tag":[],"class_list":{"0":"post-97002","1":"product","2":"type-product","3":"status-publish","4":"has-post-thumbnail","6":"product_cat-novela","8":"first","9":"instock","10":"purchasable","11":"product-type-simple"},"acf":{"autor":"","enlace_de_compra":"https:\/\/www.amazon.es\/dp\/8413869323\/ref=sr_1_1?__mk_es_ES=%C3%85M%C3%85%C5%BD%C3%95%C3%91&amp;dchild=1&amp;keywords=Letrame+S.L.+sabuesos&amp;qid=1630057145&amp;sr=8-1"},"yoast_head":"<!-- This site is optimized with the Yoast SEO plugin v27.4 - https:\/\/yoast.com\/product\/yoast-seo-wordpress\/ -->\n<title>El zorro y los sabuesos - Catalogo | Letrame Grupo Editorial<\/title>\n<meta name=\"robots\" content=\"index, follow, max-snippet:-1, max-image-preview:large, max-video-preview:-1\" \/>\n<link rel=\"canonical\" href=\"https:\/\/letrame.com\/catalogo\/producto\/el-zorro-y-los-sabuesos\/\" \/>\n<meta property=\"og:locale\" content=\"es_ES\" \/>\n<meta property=\"og:type\" content=\"article\" \/>\n<meta property=\"og:title\" content=\"El zorro y los sabuesos - Catalogo | Letrame Grupo Editorial\" \/>\n<meta property=\"og:description\" content=\"ISBN: 978-84-1386-932-2 El detective Alex Ram\u00edrez y la psiquiatra forense Rachel Robinson est\u00e1n a cargo de aclarar un asesinato ocurrido en la ciudad de Miami. Dicho crimen amenaza con convertirse en el primero de una larga lista de ejecuciones si no se atrapa pronto al supuesto responsable. El asesino, con habilidad e inteligencia, parece jugar con la Polic\u00eda a trav\u00e9s de una serie de pistas verdaderas y falsas que va dejando aqu\u00ed y all\u00e1 sin otro objetivo que despistarlos para poder dar por finalizada su macabra tarea. Con El zorro y los sabuesos el autor consigue hilvanar una obra sorprendente que mantendr\u00e1 en vilo al lector desde la primera frase hasta la \u00faltima. Gracias a la complejidad de los protagonistas y a dos historias en diferentes l\u00edneas temporales y que terminar\u00e1n uni\u00e9ndose, se da forma a una brillante novela negra, que, a los m\u00e1s cin\u00e9filos, podr\u00eda recordar, en determinados momentos, a Seven o A la hora se\u00f1alada. Tanto Alex como Rachel tienen su propio pasado que condiciona su personalidad y su car\u00e1cter, su vida, su forma de relacionarse con las personas, sus decisiones y sus actuaciones. Alex es un apasionado polic\u00eda amante de su trabajo, \u00e1vido de aclarar todos los cr\u00edmenes que investigue, especialmente desde que uno de ellos cost\u00f3 la vida a su padre y, desde entonces, hace tambalear su matrimonio; Rachel es una inteligente y observadora psiquiatra forense capaz de desentra\u00f1ar los interiores y debilidades de las personas. Ambos pueden llegar a ser una caja de sorpresas mientras el asesino contin\u00faa con su sangrienta obra. Una gran historia sobre las razones y los l\u00edmites de la venganza que da forma a una extraordinaria novela negra.\" \/>\n<meta property=\"og:url\" content=\"https:\/\/letrame.com\/catalogo\/producto\/el-zorro-y-los-sabuesos\/\" \/>\n<meta property=\"og:site_name\" content=\"Catalogo | Letrame Grupo Editorial\" \/>\n<meta property=\"article:modified_time\" content=\"2024-04-29T10:36:27+00:00\" \/>\n<meta property=\"og:image\" content=\"https:\/\/letrame.com\/catalogo\/wp-content\/uploads\/2024\/04\/El-Zorro-y-los-sabuesos-scaled-1.jpeg\" \/>\n\t<meta property=\"og:image:width\" content=\"1746\" \/>\n\t<meta property=\"og:image:height\" content=\"2560\" \/>\n\t<meta property=\"og:image:type\" content=\"image\/jpeg\" \/>\n<meta name=\"twitter:card\" content=\"summary_large_image\" \/>\n<meta name=\"twitter:label1\" content=\"Tiempo de lectura\" \/>\n\t<meta name=\"twitter:data1\" content=\"2 minutos\" \/>\n<script type=\"application\/ld+json\" class=\"yoast-schema-graph\">{\"@context\":\"https:\\\/\\\/schema.org\",\"@graph\":[{\"@type\":\"WebPage\",\"@id\":\"https:\\\/\\\/letrame.com\\\/catalogo\\\/producto\\\/el-zorro-y-los-sabuesos\\\/\",\"url\":\"https:\\\/\\\/letrame.com\\\/catalogo\\\/producto\\\/el-zorro-y-los-sabuesos\\\/\",\"name\":\"El zorro y los sabuesos - Catalogo | Letrame Grupo Editorial\",\"isPartOf\":{\"@id\":\"https:\\\/\\\/letrame.com\\\/catalogo\\\/#website\"},\"primaryImageOfPage\":{\"@id\":\"https:\\\/\\\/letrame.com\\\/catalogo\\\/producto\\\/el-zorro-y-los-sabuesos\\\/#primaryimage\"},\"image\":{\"@id\":\"https:\\\/\\\/letrame.com\\\/catalogo\\\/producto\\\/el-zorro-y-los-sabuesos\\\/#primaryimage\"},\"thumbnailUrl\":\"https:\\\/\\\/letrame.com\\\/catalogo\\\/wp-content\\\/uploads\\\/2024\\\/04\\\/El-Zorro-y-los-sabuesos-scaled-1.jpeg\",\"datePublished\":\"2024-04-29T10:35:51+00:00\",\"dateModified\":\"2024-04-29T10:36:27+00:00\",\"breadcrumb\":{\"@id\":\"https:\\\/\\\/letrame.com\\\/catalogo\\\/producto\\\/el-zorro-y-los-sabuesos\\\/#breadcrumb\"},\"inLanguage\":\"es\",\"potentialAction\":[{\"@type\":\"ReadAction\",\"target\":[\"https:\\\/\\\/letrame.com\\\/catalogo\\\/producto\\\/el-zorro-y-los-sabuesos\\\/\"]}]},{\"@type\":\"ImageObject\",\"inLanguage\":\"es\",\"@id\":\"https:\\\/\\\/letrame.com\\\/catalogo\\\/producto\\\/el-zorro-y-los-sabuesos\\\/#primaryimage\",\"url\":\"https:\\\/\\\/letrame.com\\\/catalogo\\\/wp-content\\\/uploads\\\/2024\\\/04\\\/El-Zorro-y-los-sabuesos-scaled-1.jpeg\",\"contentUrl\":\"https:\\\/\\\/letrame.com\\\/catalogo\\\/wp-content\\\/uploads\\\/2024\\\/04\\\/El-Zorro-y-los-sabuesos-scaled-1.jpeg\",\"width\":1746,\"height\":2560},{\"@type\":\"BreadcrumbList\",\"@id\":\"https:\\\/\\\/letrame.com\\\/catalogo\\\/producto\\\/el-zorro-y-los-sabuesos\\\/#breadcrumb\",\"itemListElement\":[{\"@type\":\"ListItem\",\"position\":1,\"name\":\"Portada\",\"item\":\"https:\\\/\\\/letrame.com\\\/catalogo\\\/\"},{\"@type\":\"ListItem\",\"position\":2,\"name\":\"Cat\u00e1logo\",\"item\":\"https:\\\/\\\/letrame.com\\\/catalogo\\\/\"},{\"@type\":\"ListItem\",\"position\":3,\"name\":\"El zorro y los sabuesos\"}]},{\"@type\":\"WebSite\",\"@id\":\"https:\\\/\\\/letrame.com\\\/catalogo\\\/#website\",\"url\":\"https:\\\/\\\/letrame.com\\\/catalogo\\\/\",\"name\":\"Catalogo | Letrame Grupo Editorial\",\"description\":\"\",\"publisher\":{\"@id\":\"https:\\\/\\\/letrame.com\\\/catalogo\\\/#organization\"},\"potentialAction\":[{\"@type\":\"SearchAction\",\"target\":{\"@type\":\"EntryPoint\",\"urlTemplate\":\"https:\\\/\\\/letrame.com\\\/catalogo\\\/?s={search_term_string}\"},\"query-input\":{\"@type\":\"PropertyValueSpecification\",\"valueRequired\":true,\"valueName\":\"search_term_string\"}}],\"inLanguage\":\"es\"},{\"@type\":\"Organization\",\"@id\":\"https:\\\/\\\/letrame.com\\\/catalogo\\\/#organization\",\"name\":\"Catalogo | Letrame Grupo Editorial\",\"url\":\"https:\\\/\\\/letrame.com\\\/catalogo\\\/\",\"logo\":{\"@type\":\"ImageObject\",\"inLanguage\":\"es\",\"@id\":\"https:\\\/\\\/letrame.com\\\/catalogo\\\/#\\\/schema\\\/logo\\\/image\\\/\",\"url\":\"https:\\\/\\\/letrame.com\\\/catalogo\\\/wp-content\\\/uploads\\\/2024\\\/03\\\/logo2.webp\",\"contentUrl\":\"https:\\\/\\\/letrame.com\\\/catalogo\\\/wp-content\\\/uploads\\\/2024\\\/03\\\/logo2.webp\",\"width\":394,\"height\":128,\"caption\":\"Catalogo | Letrame Grupo Editorial\"},\"image\":{\"@id\":\"https:\\\/\\\/letrame.com\\\/catalogo\\\/#\\\/schema\\\/logo\\\/image\\\/\"}}]}<\/script>\n<!-- \/ Yoast SEO plugin. -->","yoast_head_json":{"title":"El zorro y los sabuesos - Catalogo | Letrame Grupo Editorial","robots":{"index":"index","follow":"follow","max-snippet":"max-snippet:-1","max-image-preview":"max-image-preview:large","max-video-preview":"max-video-preview:-1"},"canonical":"https:\/\/letrame.com\/catalogo\/producto\/el-zorro-y-los-sabuesos\/","og_locale":"es_ES","og_type":"article","og_title":"El zorro y los sabuesos - Catalogo | Letrame Grupo Editorial","og_description":"ISBN: 978-84-1386-932-2 El detective Alex Ram\u00edrez y la psiquiatra forense Rachel Robinson est\u00e1n a cargo de aclarar un asesinato ocurrido en la ciudad de Miami. Dicho crimen amenaza con convertirse en el primero de una larga lista de ejecuciones si no se atrapa pronto al supuesto responsable. El asesino, con habilidad e inteligencia, parece jugar con la Polic\u00eda a trav\u00e9s de una serie de pistas verdaderas y falsas que va dejando aqu\u00ed y all\u00e1 sin otro objetivo que despistarlos para poder dar por finalizada su macabra tarea. Con El zorro y los sabuesos el autor consigue hilvanar una obra sorprendente que mantendr\u00e1 en vilo al lector desde la primera frase hasta la \u00faltima. Gracias a la complejidad de los protagonistas y a dos historias en diferentes l\u00edneas temporales y que terminar\u00e1n uni\u00e9ndose, se da forma a una brillante novela negra, que, a los m\u00e1s cin\u00e9filos, podr\u00eda recordar, en determinados momentos, a Seven o A la hora se\u00f1alada. Tanto Alex como Rachel tienen su propio pasado que condiciona su personalidad y su car\u00e1cter, su vida, su forma de relacionarse con las personas, sus decisiones y sus actuaciones. Alex es un apasionado polic\u00eda amante de su trabajo, \u00e1vido de aclarar todos los cr\u00edmenes que investigue, especialmente desde que uno de ellos cost\u00f3 la vida a su padre y, desde entonces, hace tambalear su matrimonio; Rachel es una inteligente y observadora psiquiatra forense capaz de desentra\u00f1ar los interiores y debilidades de las personas. Ambos pueden llegar a ser una caja de sorpresas mientras el asesino contin\u00faa con su sangrienta obra. Una gran historia sobre las razones y los l\u00edmites de la venganza que da forma a una extraordinaria novela negra.","og_url":"https:\/\/letrame.com\/catalogo\/producto\/el-zorro-y-los-sabuesos\/","og_site_name":"Catalogo | Letrame Grupo Editorial","article_modified_time":"2024-04-29T10:36:27+00:00","og_image":[{"width":1746,"height":2560,"url":"https:\/\/letrame.com\/catalogo\/wp-content\/uploads\/2024\/04\/El-Zorro-y-los-sabuesos-scaled-1.jpeg","type":"image\/jpeg"}],"twitter_card":"summary_large_image","twitter_misc":{"Tiempo de lectura":"2 minutos"},"schema":{"@context":"https:\/\/schema.org","@graph":[{"@type":"WebPage","@id":"https:\/\/letrame.com\/catalogo\/producto\/el-zorro-y-los-sabuesos\/","url":"https:\/\/letrame.com\/catalogo\/producto\/el-zorro-y-los-sabuesos\/","name":"El zorro y los sabuesos - Catalogo | Letrame Grupo Editorial","isPartOf":{"@id":"https:\/\/letrame.com\/catalogo\/#website"},"primaryImageOfPage":{"@id":"https:\/\/letrame.com\/catalogo\/producto\/el-zorro-y-los-sabuesos\/#primaryimage"},"image":{"@id":"https:\/\/letrame.com\/catalogo\/producto\/el-zorro-y-los-sabuesos\/#primaryimage"},"thumbnailUrl":"https:\/\/letrame.com\/catalogo\/wp-content\/uploads\/2024\/04\/El-Zorro-y-los-sabuesos-scaled-1.jpeg","datePublished":"2024-04-29T10:35:51+00:00","dateModified":"2024-04-29T10:36:27+00:00","breadcrumb":{"@id":"https:\/\/letrame.com\/catalogo\/producto\/el-zorro-y-los-sabuesos\/#breadcrumb"},"inLanguage":"es","potentialAction":[{"@type":"ReadAction","target":["https:\/\/letrame.com\/catalogo\/producto\/el-zorro-y-los-sabuesos\/"]}]},{"@type":"ImageObject","inLanguage":"es","@id":"https:\/\/letrame.com\/catalogo\/producto\/el-zorro-y-los-sabuesos\/#primaryimage","url":"https:\/\/letrame.com\/catalogo\/wp-content\/uploads\/2024\/04\/El-Zorro-y-los-sabuesos-scaled-1.jpeg","contentUrl":"https:\/\/letrame.com\/catalogo\/wp-content\/uploads\/2024\/04\/El-Zorro-y-los-sabuesos-scaled-1.jpeg","width":1746,"height":2560},{"@type":"BreadcrumbList","@id":"https:\/\/letrame.com\/catalogo\/producto\/el-zorro-y-los-sabuesos\/#breadcrumb","itemListElement":[{"@type":"ListItem","position":1,"name":"Portada","item":"https:\/\/letrame.com\/catalogo\/"},{"@type":"ListItem","position":2,"name":"Cat\u00e1logo","item":"https:\/\/letrame.com\/catalogo\/"},{"@type":"ListItem","position":3,"name":"El zorro y los sabuesos"}]},{"@type":"WebSite","@id":"https:\/\/letrame.com\/catalogo\/#website","url":"https:\/\/letrame.com\/catalogo\/","name":"Catalogo | Letrame Grupo Editorial","description":"","publisher":{"@id":"https:\/\/letrame.com\/catalogo\/#organization"},"potentialAction":[{"@type":"SearchAction","target":{"@type":"EntryPoint","urlTemplate":"https:\/\/letrame.com\/catalogo\/?s={search_term_string}"},"query-input":{"@type":"PropertyValueSpecification","valueRequired":true,"valueName":"search_term_string"}}],"inLanguage":"es"},{"@type":"Organization","@id":"https:\/\/letrame.com\/catalogo\/#organization","name":"Catalogo | Letrame Grupo Editorial","url":"https:\/\/letrame.com\/catalogo\/","logo":{"@type":"ImageObject","inLanguage":"es","@id":"https:\/\/letrame.com\/catalogo\/#\/schema\/logo\/image\/","url":"https:\/\/letrame.com\/catalogo\/wp-content\/uploads\/2024\/03\/logo2.webp","contentUrl":"https:\/\/letrame.com\/catalogo\/wp-content\/uploads\/2024\/03\/logo2.webp","width":394,"height":128,"caption":"Catalogo | Letrame Grupo Editorial"},"image":{"@id":"https:\/\/letrame.com\/catalogo\/#\/schema\/logo\/image\/"}}]}},"_links":{"self":[{"href":"https:\/\/letrame.com\/catalogo\/wp-json\/wp\/v2\/product\/97002","targetHints":{"allow":["GET"]}}],"collection":[{"href":"https:\/\/letrame.com\/catalogo\/wp-json\/wp\/v2\/product"}],"about":[{"href":"https:\/\/letrame.com\/catalogo\/wp-json\/wp\/v2\/types\/product"}],"replies":[{"embeddable":true,"href":"https:\/\/letrame.com\/catalogo\/wp-json\/wp\/v2\/comments?post=97002"}],"wp:featuredmedia":[{"embeddable":true,"href":"https:\/\/letrame.com\/catalogo\/wp-json\/wp\/v2\/media\/97003"}],"wp:attachment":[{"href":"https:\/\/letrame.com\/catalogo\/wp-json\/wp\/v2\/media?parent=97002"}],"wp:term":[{"taxonomy":"libro","embeddable":true,"href":"https:\/\/letrame.com\/catalogo\/wp-json\/wp\/v2\/libro?post=97002"},{"taxonomy":"product_brand","embeddable":true,"href":"https:\/\/letrame.com\/catalogo\/wp-json\/wp\/v2\/product_brand?post=97002"},{"taxonomy":"product_cat","embeddable":true,"href":"https:\/\/letrame.com\/catalogo\/wp-json\/wp\/v2\/product_cat?post=97002"},{"taxonomy":"product_tag","embeddable":true,"href":"https:\/\/letrame.com\/catalogo\/wp-json\/wp\/v2\/product_tag?post=97002"}],"curies":[{"name":"wp","href":"https:\/\/api.w.org\/{rel}","templated":true}]}}