{"id":97000,"date":"2024-04-29T12:35:51","date_gmt":"2024-04-29T10:35:51","guid":{"rendered":"https:\/\/letrame.com\/catalogo\/producto\/el-tren-de-serendipia\/"},"modified":"2024-04-29T12:36:09","modified_gmt":"2024-04-29T10:36:09","slug":"el-tren-de-serendipia","status":"publish","type":"product","link":"https:\/\/letrame.com\/catalogo\/producto\/el-tren-de-serendipia\/","title":{"rendered":"El tren de serendipia"},"content":{"rendered":"<div class=\"page\" title=\"Page 6\">\n<div class=\"layoutArea\">\n<div class=\"column\">\n<p><strong>ISBN<\/strong>: 978-84-1386-922-3<\/p>\n<\/div>\n<\/div>\n<\/div>\n<p><b>T\u00edtulo<\/b><span style=\"font-weight: 400;\">: El tren de serendipia<\/span><span style=\"font-weight: 400;\"><br \/>\n<\/span><b>Fecha<\/b><span style=\"font-weight: 400;\">: 2021<\/span><span style=\"font-weight: 400;\"><br \/>\n<\/span><b>P\u00e1ginas<\/b><span style=\"font-weight: 400;\">: 312<\/span><\/p>\n<p><b>SINOPSIS<\/b><\/p>\n<p>Zeynep es una joven de veintitr\u00e9s a\u00f1os, criada en un humilde barrio de las afueras de Ankara en el seno de una modesta familia turca tradicional que ve c\u00f3mo su vida se va adentrando en un l\u00fagubre t\u00fanel al que la empujan una serie de acaecimientos infaustos que se van precipitando uno tras otro durante varios meses, siendo el asesinato de su padre, junto a la corrosiva duda tras la inevitable pregunta \u00bfQui\u00e9n lo ha hecho?, en la que las flechas de la culpa apuntan a todas partes, el que le produce mayor aflicci\u00f3n.<\/p>\n<p>Es, sin darse cuenta, una marioneta enredada en el designio de las cuerdas del patriarcado en un escenario iluminado por los focos de un sistema sociocultural en el que los principales t\u00e9cnicos que controlan los interruptores son el orgullo y el honor.<\/p>\n<p><em>El tren de la serendipia<\/em>\u00a0es una novela realista gr\u00e1vida de importantes reflexiones y grandes temas como el patriarcado, el honor, el amor, la venganza y el esfuerzo\u2026 el esfuerzo por mantener ese tren en marcha cuando estos comienzan a chocar entre s\u00ed.<\/p>\n","protected":false},"excerpt":{"rendered":"<div class=\"page\" title=\"Page 6\">\n<div class=\"layoutArea\">\n<div class=\"column\">\n<p><strong>ISBN: 978-84-1386-922-3<\/strong><\/p>\n<\/div>\n<\/div>\n<\/div>\n<p>Zeynep es una joven de veintitr\u00e9s a\u00f1os, criada en un humilde barrio de las afueras de Ankara en el seno de una modesta familia turca tradicional que ve c\u00f3mo su vida se va adentrando en un l\u00fagubre t\u00fanel al que la empujan una serie de acaecimientos infaustos que se van precipitando uno tras otro durante varios meses, siendo el asesinato de su padre, junto a la corrosiva duda tras la inevitable pregunta \u00bfQui\u00e9n lo ha hecho?, en la que las flechas de la culpa apuntan a todas partes, el que le produce mayor aflicci\u00f3n.<\/p>\n<p>Es, sin darse cuenta, una marioneta enredada en el designio de las cuerdas del patriarcado en un escenario iluminado por los focos de un sistema sociocultural en el que los principales t\u00e9cnicos que controlan los interruptores son el orgullo y el honor.<\/p>\n<p><em>El tren de la serendipia<\/em> es una novela realista gr\u00e1vida de importantes reflexiones y grandes temas como el patriarcado, el honor, el amor, la venganza y el esfuerzo\u2026 el esfuerzo por mantener ese tren en marcha cuando estos comienzan a chocar entre s\u00ed.<\/p>\n","protected":false},"featured_media":97001,"comment_status":"closed","ping_status":"open","template":"","meta":{"_acf_changed":false},"libro":[],"product_brand":[],"product_cat":[16],"product_tag":[],"class_list":{"0":"post-97000","1":"product","2":"type-product","3":"status-publish","4":"has-post-thumbnail","6":"product_cat-novela","8":"first","9":"instock","10":"purchasable","11":"product-type-simple"},"acf":{"autor":"","enlace_de_compra":"https:\/\/www.amazon.es\/El-tren-serendipia-vida-marcha-ebook\/dp\/B09DB1WXT6\/ref=tmm_kin_swatch_0?_encoding=UTF8&amp;qid=1629978717&amp;sr=8-1-fkmr0"},"yoast_head":"<!-- This site is optimized with the Yoast SEO plugin v26.6 - https:\/\/yoast.com\/wordpress\/plugins\/seo\/ -->\n<title>El tren de serendipia - Catalogo | Letrame Grupo Editorial<\/title>\n<meta name=\"robots\" content=\"index, follow, max-snippet:-1, max-image-preview:large, max-video-preview:-1\" \/>\n<link rel=\"canonical\" href=\"https:\/\/letrame.com\/catalogo\/producto\/el-tren-de-serendipia\/\" \/>\n<meta property=\"og:locale\" content=\"es_ES\" \/>\n<meta property=\"og:type\" content=\"article\" \/>\n<meta property=\"og:title\" content=\"El tren de serendipia - Catalogo | Letrame Grupo Editorial\" \/>\n<meta property=\"og:description\" content=\"ISBN: 978-84-1386-922-3   Zeynep es una joven de veintitr\u00e9s a\u00f1os, criada en un humilde barrio de las afueras de Ankara en el seno de una modesta familia turca tradicional que ve c\u00f3mo su vida se va adentrando en un l\u00fagubre t\u00fanel al que la empujan una serie de acaecimientos infaustos que se van precipitando uno tras otro durante varios meses, siendo el asesinato de su padre, junto a la corrosiva duda tras la inevitable pregunta \u00bfQui\u00e9n lo ha hecho?, en la que las flechas de la culpa apuntan a todas partes, el que le produce mayor aflicci\u00f3n. Es, sin darse cuenta, una marioneta enredada en el designio de las cuerdas del patriarcado en un escenario iluminado por los focos de un sistema sociocultural en el que los principales t\u00e9cnicos que controlan los interruptores son el orgullo y el honor. El tren de la serendipia es una novela realista gr\u00e1vida de importantes reflexiones y grandes temas como el patriarcado, el honor, el amor, la venganza y el esfuerzo\u2026 el esfuerzo por mantener ese tren en marcha cuando estos comienzan a chocar entre s\u00ed.\" \/>\n<meta property=\"og:url\" content=\"https:\/\/letrame.com\/catalogo\/producto\/el-tren-de-serendipia\/\" \/>\n<meta property=\"og:site_name\" content=\"Catalogo | Letrame Grupo Editorial\" \/>\n<meta property=\"article:modified_time\" content=\"2024-04-29T10:36:09+00:00\" \/>\n<meta property=\"og:image\" content=\"https:\/\/letrame.com\/catalogo\/wp-content\/uploads\/2024\/04\/El-tren-de-Serendipia.jpeg\" \/>\n\t<meta property=\"og:image:width\" content=\"1594\" \/>\n\t<meta property=\"og:image:height\" content=\"2303\" \/>\n\t<meta property=\"og:image:type\" content=\"image\/jpeg\" \/>\n<meta name=\"twitter:card\" content=\"summary_large_image\" \/>\n<meta name=\"twitter:label1\" content=\"Tiempo de lectura\" \/>\n\t<meta name=\"twitter:data1\" content=\"1 minuto\" \/>\n<script type=\"application\/ld+json\" class=\"yoast-schema-graph\">{\"@context\":\"https:\/\/schema.org\",\"@graph\":[{\"@type\":\"WebPage\",\"@id\":\"https:\/\/letrame.com\/catalogo\/producto\/el-tren-de-serendipia\/\",\"url\":\"https:\/\/letrame.com\/catalogo\/producto\/el-tren-de-serendipia\/\",\"name\":\"El tren de serendipia - Catalogo | Letrame Grupo Editorial\",\"isPartOf\":{\"@id\":\"https:\/\/letrame.com\/catalogo\/#website\"},\"primaryImageOfPage\":{\"@id\":\"https:\/\/letrame.com\/catalogo\/producto\/el-tren-de-serendipia\/#primaryimage\"},\"image\":{\"@id\":\"https:\/\/letrame.com\/catalogo\/producto\/el-tren-de-serendipia\/#primaryimage\"},\"thumbnailUrl\":\"https:\/\/letrame.com\/catalogo\/wp-content\/uploads\/2024\/04\/El-tren-de-Serendipia.jpeg\",\"datePublished\":\"2024-04-29T10:35:51+00:00\",\"dateModified\":\"2024-04-29T10:36:09+00:00\",\"breadcrumb\":{\"@id\":\"https:\/\/letrame.com\/catalogo\/producto\/el-tren-de-serendipia\/#breadcrumb\"},\"inLanguage\":\"es\",\"potentialAction\":[{\"@type\":\"ReadAction\",\"target\":[\"https:\/\/letrame.com\/catalogo\/producto\/el-tren-de-serendipia\/\"]}]},{\"@type\":\"ImageObject\",\"inLanguage\":\"es\",\"@id\":\"https:\/\/letrame.com\/catalogo\/producto\/el-tren-de-serendipia\/#primaryimage\",\"url\":\"https:\/\/letrame.com\/catalogo\/wp-content\/uploads\/2024\/04\/El-tren-de-Serendipia.jpeg\",\"contentUrl\":\"https:\/\/letrame.com\/catalogo\/wp-content\/uploads\/2024\/04\/El-tren-de-Serendipia.jpeg\",\"width\":1594,\"height\":2303},{\"@type\":\"BreadcrumbList\",\"@id\":\"https:\/\/letrame.com\/catalogo\/producto\/el-tren-de-serendipia\/#breadcrumb\",\"itemListElement\":[{\"@type\":\"ListItem\",\"position\":1,\"name\":\"Portada\",\"item\":\"https:\/\/letrame.com\/catalogo\/\"},{\"@type\":\"ListItem\",\"position\":2,\"name\":\"Cat\u00e1logo\",\"item\":\"https:\/\/letrame.com\/catalogo\/\"},{\"@type\":\"ListItem\",\"position\":3,\"name\":\"El tren de serendipia\"}]},{\"@type\":\"WebSite\",\"@id\":\"https:\/\/letrame.com\/catalogo\/#website\",\"url\":\"https:\/\/letrame.com\/catalogo\/\",\"name\":\"Catalogo | Letrame Grupo Editorial\",\"description\":\"\",\"publisher\":{\"@id\":\"https:\/\/letrame.com\/catalogo\/#organization\"},\"potentialAction\":[{\"@type\":\"SearchAction\",\"target\":{\"@type\":\"EntryPoint\",\"urlTemplate\":\"https:\/\/letrame.com\/catalogo\/?s={search_term_string}\"},\"query-input\":{\"@type\":\"PropertyValueSpecification\",\"valueRequired\":true,\"valueName\":\"search_term_string\"}}],\"inLanguage\":\"es\"},{\"@type\":\"Organization\",\"@id\":\"https:\/\/letrame.com\/catalogo\/#organization\",\"name\":\"Catalogo | Letrame Grupo Editorial\",\"url\":\"https:\/\/letrame.com\/catalogo\/\",\"logo\":{\"@type\":\"ImageObject\",\"inLanguage\":\"es\",\"@id\":\"https:\/\/letrame.com\/catalogo\/#\/schema\/logo\/image\/\",\"url\":\"https:\/\/letrame.com\/catalogo\/wp-content\/uploads\/2024\/03\/logo2.webp\",\"contentUrl\":\"https:\/\/letrame.com\/catalogo\/wp-content\/uploads\/2024\/03\/logo2.webp\",\"width\":394,\"height\":128,\"caption\":\"Catalogo | Letrame Grupo Editorial\"},\"image\":{\"@id\":\"https:\/\/letrame.com\/catalogo\/#\/schema\/logo\/image\/\"}}]}<\/script>\n<!-- \/ Yoast SEO plugin. -->","yoast_head_json":{"title":"El tren de serendipia - Catalogo | Letrame Grupo Editorial","robots":{"index":"index","follow":"follow","max-snippet":"max-snippet:-1","max-image-preview":"max-image-preview:large","max-video-preview":"max-video-preview:-1"},"canonical":"https:\/\/letrame.com\/catalogo\/producto\/el-tren-de-serendipia\/","og_locale":"es_ES","og_type":"article","og_title":"El tren de serendipia - Catalogo | Letrame Grupo Editorial","og_description":"ISBN: 978-84-1386-922-3   Zeynep es una joven de veintitr\u00e9s a\u00f1os, criada en un humilde barrio de las afueras de Ankara en el seno de una modesta familia turca tradicional que ve c\u00f3mo su vida se va adentrando en un l\u00fagubre t\u00fanel al que la empujan una serie de acaecimientos infaustos que se van precipitando uno tras otro durante varios meses, siendo el asesinato de su padre, junto a la corrosiva duda tras la inevitable pregunta \u00bfQui\u00e9n lo ha hecho?, en la que las flechas de la culpa apuntan a todas partes, el que le produce mayor aflicci\u00f3n. Es, sin darse cuenta, una marioneta enredada en el designio de las cuerdas del patriarcado en un escenario iluminado por los focos de un sistema sociocultural en el que los principales t\u00e9cnicos que controlan los interruptores son el orgullo y el honor. El tren de la serendipia es una novela realista gr\u00e1vida de importantes reflexiones y grandes temas como el patriarcado, el honor, el amor, la venganza y el esfuerzo\u2026 el esfuerzo por mantener ese tren en marcha cuando estos comienzan a chocar entre s\u00ed.","og_url":"https:\/\/letrame.com\/catalogo\/producto\/el-tren-de-serendipia\/","og_site_name":"Catalogo | Letrame Grupo Editorial","article_modified_time":"2024-04-29T10:36:09+00:00","og_image":[{"width":1594,"height":2303,"url":"https:\/\/letrame.com\/catalogo\/wp-content\/uploads\/2024\/04\/El-tren-de-Serendipia.jpeg","type":"image\/jpeg"}],"twitter_card":"summary_large_image","twitter_misc":{"Tiempo de lectura":"1 minuto"},"schema":{"@context":"https:\/\/schema.org","@graph":[{"@type":"WebPage","@id":"https:\/\/letrame.com\/catalogo\/producto\/el-tren-de-serendipia\/","url":"https:\/\/letrame.com\/catalogo\/producto\/el-tren-de-serendipia\/","name":"El tren de serendipia - Catalogo | Letrame Grupo Editorial","isPartOf":{"@id":"https:\/\/letrame.com\/catalogo\/#website"},"primaryImageOfPage":{"@id":"https:\/\/letrame.com\/catalogo\/producto\/el-tren-de-serendipia\/#primaryimage"},"image":{"@id":"https:\/\/letrame.com\/catalogo\/producto\/el-tren-de-serendipia\/#primaryimage"},"thumbnailUrl":"https:\/\/letrame.com\/catalogo\/wp-content\/uploads\/2024\/04\/El-tren-de-Serendipia.jpeg","datePublished":"2024-04-29T10:35:51+00:00","dateModified":"2024-04-29T10:36:09+00:00","breadcrumb":{"@id":"https:\/\/letrame.com\/catalogo\/producto\/el-tren-de-serendipia\/#breadcrumb"},"inLanguage":"es","potentialAction":[{"@type":"ReadAction","target":["https:\/\/letrame.com\/catalogo\/producto\/el-tren-de-serendipia\/"]}]},{"@type":"ImageObject","inLanguage":"es","@id":"https:\/\/letrame.com\/catalogo\/producto\/el-tren-de-serendipia\/#primaryimage","url":"https:\/\/letrame.com\/catalogo\/wp-content\/uploads\/2024\/04\/El-tren-de-Serendipia.jpeg","contentUrl":"https:\/\/letrame.com\/catalogo\/wp-content\/uploads\/2024\/04\/El-tren-de-Serendipia.jpeg","width":1594,"height":2303},{"@type":"BreadcrumbList","@id":"https:\/\/letrame.com\/catalogo\/producto\/el-tren-de-serendipia\/#breadcrumb","itemListElement":[{"@type":"ListItem","position":1,"name":"Portada","item":"https:\/\/letrame.com\/catalogo\/"},{"@type":"ListItem","position":2,"name":"Cat\u00e1logo","item":"https:\/\/letrame.com\/catalogo\/"},{"@type":"ListItem","position":3,"name":"El tren de serendipia"}]},{"@type":"WebSite","@id":"https:\/\/letrame.com\/catalogo\/#website","url":"https:\/\/letrame.com\/catalogo\/","name":"Catalogo | Letrame Grupo Editorial","description":"","publisher":{"@id":"https:\/\/letrame.com\/catalogo\/#organization"},"potentialAction":[{"@type":"SearchAction","target":{"@type":"EntryPoint","urlTemplate":"https:\/\/letrame.com\/catalogo\/?s={search_term_string}"},"query-input":{"@type":"PropertyValueSpecification","valueRequired":true,"valueName":"search_term_string"}}],"inLanguage":"es"},{"@type":"Organization","@id":"https:\/\/letrame.com\/catalogo\/#organization","name":"Catalogo | Letrame Grupo Editorial","url":"https:\/\/letrame.com\/catalogo\/","logo":{"@type":"ImageObject","inLanguage":"es","@id":"https:\/\/letrame.com\/catalogo\/#\/schema\/logo\/image\/","url":"https:\/\/letrame.com\/catalogo\/wp-content\/uploads\/2024\/03\/logo2.webp","contentUrl":"https:\/\/letrame.com\/catalogo\/wp-content\/uploads\/2024\/03\/logo2.webp","width":394,"height":128,"caption":"Catalogo | Letrame Grupo Editorial"},"image":{"@id":"https:\/\/letrame.com\/catalogo\/#\/schema\/logo\/image\/"}}]}},"_links":{"self":[{"href":"https:\/\/letrame.com\/catalogo\/wp-json\/wp\/v2\/product\/97000","targetHints":{"allow":["GET"]}}],"collection":[{"href":"https:\/\/letrame.com\/catalogo\/wp-json\/wp\/v2\/product"}],"about":[{"href":"https:\/\/letrame.com\/catalogo\/wp-json\/wp\/v2\/types\/product"}],"replies":[{"embeddable":true,"href":"https:\/\/letrame.com\/catalogo\/wp-json\/wp\/v2\/comments?post=97000"}],"wp:featuredmedia":[{"embeddable":true,"href":"https:\/\/letrame.com\/catalogo\/wp-json\/wp\/v2\/media\/97001"}],"wp:attachment":[{"href":"https:\/\/letrame.com\/catalogo\/wp-json\/wp\/v2\/media?parent=97000"}],"wp:term":[{"taxonomy":"libro","embeddable":true,"href":"https:\/\/letrame.com\/catalogo\/wp-json\/wp\/v2\/libro?post=97000"},{"taxonomy":"product_brand","embeddable":true,"href":"https:\/\/letrame.com\/catalogo\/wp-json\/wp\/v2\/product_brand?post=97000"},{"taxonomy":"product_cat","embeddable":true,"href":"https:\/\/letrame.com\/catalogo\/wp-json\/wp\/v2\/product_cat?post=97000"},{"taxonomy":"product_tag","embeddable":true,"href":"https:\/\/letrame.com\/catalogo\/wp-json\/wp\/v2\/product_tag?post=97000"}],"curies":[{"name":"wp","href":"https:\/\/api.w.org\/{rel}","templated":true}]}}