{"id":96968,"date":"2024-04-29T12:30:25","date_gmt":"2024-04-29T10:30:25","guid":{"rendered":"https:\/\/letrame.com\/catalogo\/producto\/alas-de-esperanza\/"},"modified":"2024-07-23T12:09:47","modified_gmt":"2024-07-23T10:09:47","slug":"alas-de-esperanza","status":"publish","type":"product","link":"https:\/\/letrame.com\/catalogo\/producto\/alas-de-esperanza\/","title":{"rendered":"Alas de esperanza"},"content":{"rendered":"<div class=\"page\" title=\"Page 6\">\n<div class=\"layoutArea\">\n<div class=\"column\">\n<p><strong>ISBN<\/strong>: 978-84-1386-897-4<\/p>\n<\/div>\n<\/div>\n<\/div>\n<p><b>T\u00edtulo<\/b><span style=\"font-weight: 400;\">: Alas de esperanza<\/span><span style=\"font-weight: 400;\"><br \/>\n<\/span><b>Fecha<\/b><span style=\"font-weight: 400;\">: 2021\u00a0<\/span><span style=\"font-weight: 400;\"><br \/>\n<\/span><b>P\u00e1ginas<\/b><span style=\"font-weight: 400;\">: 266<\/span><\/p>\n<p><b>SINOPSIS<\/b><\/p>\n<p>Despu\u00e9s de que el joven forastero cruza el misterioso portal que lo conducir\u00e1 a varios mundos paralelos, experimentar\u00e1\u00a0un significativo despertar de conciencia para enfrentarse al caos que ha desatado la humanidad. La magia estar\u00e1 presente en cada uno de los escenarios. \u00c1ngeles y elementales lo guiar\u00e1n a trav\u00e9s de la verdad.<\/p>\n<p>El amor incondicional del viajero valeroso\u00a0aflorar\u00e1\u00a0por\u00a0su h\u00e1bitat como un milagro del cielo.\u00a0 \u00bfPodr\u00e1 Ferdinand\u00a0reestablecer el equilibrio entre el planeta Azul y sus habitantes?<\/p>\n<p>La obra aqu\u00ed presentada, es una invitaci\u00f3n al despertar. \u201cUn llamado a la evoluci\u00f3n\u201d. El renacer del ser humano.<\/p>\n<p>La fuerza del destino conducir\u00e1 al forastero por escenarios inimaginables para el ojo humano. Contar\u00e1 con la ayuda de un \u00c1ngel encarnado quien lo guiar\u00e1\u00a0y\u00a0orientar\u00e1\u00a0a trav\u00e9s del amor y la armon\u00eda.\u00a0La obra es una gu\u00eda angelical para que los humanos comprendan que solo el amor ser\u00e1 el camino hacia la paz y la felicidad.<\/p>\n","protected":false},"excerpt":{"rendered":"<div class=\"page\" title=\"Page 6\">\n<div class=\"layoutArea\">\n<div class=\"column\">\n<p><strong>ISBN: 978-84-1386-897-4<\/strong><\/p>\n<\/div>\n<\/div>\n<\/div>\n<p>Despu\u00e9s de que el joven forastero cruza el misterioso portal que lo conducir\u00e1 a varios mundos paralelos, experimentar\u00e1\u00a0un significativo despertar de conciencia para enfrentarse al caos que ha desatado la humanidad. La magia estar\u00e1 presente en cada uno de los escenarios. \u00c1ngeles y elementales lo guiar\u00e1n a trav\u00e9s de la verdad.<\/p>\n<p>El amor incondicional del viajero valeroso\u00a0aflorar\u00e1\u00a0por\u00a0su h\u00e1bitat como un milagro del cielo.\u00a0 \u00bfPodr\u00e1 Ferdinand\u00a0reestablecer el equilibrio entre el planeta Azul y sus habitantes?<\/p>\n<p>La obra aqu\u00ed presentada, es una invitaci\u00f3n al despertar. \u201cUn llamado a la evoluci\u00f3n\u201d. El renacer del ser humano.<\/p>\n<p>La fuerza del destino conducir\u00e1 al forastero por escenarios inimaginables para el ojo humano. Contar\u00e1 con la ayuda de un \u00c1ngel encarnado quien lo guiar\u00e1\u00a0y\u00a0orientar\u00e1\u00a0a trav\u00e9s del amor y la armon\u00eda.\u00a0La obra es una gu\u00eda angelical para que los humanos comprendan que solo el amor ser\u00e1 el camino hacia la paz y la felicidad.<\/p>\n","protected":false},"featured_media":96969,"comment_status":"closed","ping_status":"closed","template":"","meta":{"_acf_changed":false},"libro":[],"product_brand":[],"product_cat":[25],"product_tag":[],"class_list":{"0":"post-96968","1":"product","2":"type-product","3":"status-publish","4":"has-post-thumbnail","6":"product_cat-religion-y-espiritualidad","8":"first","9":"instock","10":"purchasable","11":"product-type-simple"},"acf":{"autor":[75617],"enlace_de_compra":"https:\/\/amzn.to\/4dccAVN"},"yoast_head":"<!-- This site is optimized with the Yoast SEO plugin v27.4 - https:\/\/yoast.com\/product\/yoast-seo-wordpress\/ -->\n<title>Alas de esperanza - Catalogo | Letrame Grupo Editorial<\/title>\n<meta name=\"robots\" content=\"index, follow, max-snippet:-1, max-image-preview:large, max-video-preview:-1\" \/>\n<link rel=\"canonical\" href=\"https:\/\/letrame.com\/catalogo\/producto\/alas-de-esperanza\/\" \/>\n<meta property=\"og:locale\" content=\"es_ES\" \/>\n<meta property=\"og:type\" content=\"article\" \/>\n<meta property=\"og:title\" content=\"Alas de esperanza - Catalogo | Letrame Grupo Editorial\" \/>\n<meta property=\"og:description\" content=\"ISBN: 978-84-1386-897-4     Despu\u00e9s de que el joven forastero cruza el misterioso portal que lo conducir\u00e1 a varios mundos paralelos, experimentar\u00e1\u00a0un significativo despertar de conciencia para enfrentarse al caos que ha desatado la humanidad. La magia estar\u00e1 presente en cada uno de los escenarios. \u00c1ngeles y elementales lo guiar\u00e1n a trav\u00e9s de la verdad.  El amor incondicional del viajero valeroso\u00a0aflorar\u00e1\u00a0por\u00a0su h\u00e1bitat como un milagro del cielo.\u00a0 \u00bfPodr\u00e1 Ferdinand\u00a0reestablecer el equilibrio entre el planeta Azul y sus habitantes?  La obra aqu\u00ed presentada, es una invitaci\u00f3n al despertar. \u201cUn llamado a la evoluci\u00f3n\u201d. El renacer del ser humano.  La fuerza del destino conducir\u00e1 al forastero por escenarios inimaginables para el ojo humano. Contar\u00e1 con la ayuda de un \u00c1ngel encarnado quien lo guiar\u00e1\u00a0y\u00a0orientar\u00e1\u00a0a trav\u00e9s del amor y la armon\u00eda.\u00a0La obra es una gu\u00eda angelical para que los humanos comprendan que solo el amor ser\u00e1 el camino hacia la paz y la felicidad.\" \/>\n<meta property=\"og:url\" content=\"https:\/\/letrame.com\/catalogo\/producto\/alas-de-esperanza\/\" \/>\n<meta property=\"og:site_name\" content=\"Catalogo | Letrame Grupo Editorial\" \/>\n<meta property=\"article:modified_time\" content=\"2024-07-23T10:09:47+00:00\" \/>\n<meta property=\"og:image\" content=\"https:\/\/letrame.com\/catalogo\/wp-content\/uploads\/2024\/04\/Alas-de-esperanza-scaled-1.jpeg\" \/>\n\t<meta property=\"og:image:width\" content=\"1746\" \/>\n\t<meta property=\"og:image:height\" content=\"2560\" \/>\n\t<meta property=\"og:image:type\" content=\"image\/jpeg\" \/>\n<meta name=\"twitter:card\" content=\"summary_large_image\" \/>\n<meta name=\"twitter:label1\" content=\"Tiempo de lectura\" \/>\n\t<meta name=\"twitter:data1\" content=\"1 minuto\" \/>\n<script type=\"application\/ld+json\" class=\"yoast-schema-graph\">{\"@context\":\"https:\\\/\\\/schema.org\",\"@graph\":[{\"@type\":\"WebPage\",\"@id\":\"https:\\\/\\\/letrame.com\\\/catalogo\\\/producto\\\/alas-de-esperanza\\\/\",\"url\":\"https:\\\/\\\/letrame.com\\\/catalogo\\\/producto\\\/alas-de-esperanza\\\/\",\"name\":\"Alas de esperanza - Catalogo | Letrame Grupo Editorial\",\"isPartOf\":{\"@id\":\"https:\\\/\\\/letrame.com\\\/catalogo\\\/#website\"},\"primaryImageOfPage\":{\"@id\":\"https:\\\/\\\/letrame.com\\\/catalogo\\\/producto\\\/alas-de-esperanza\\\/#primaryimage\"},\"image\":{\"@id\":\"https:\\\/\\\/letrame.com\\\/catalogo\\\/producto\\\/alas-de-esperanza\\\/#primaryimage\"},\"thumbnailUrl\":\"https:\\\/\\\/letrame.com\\\/catalogo\\\/wp-content\\\/uploads\\\/2024\\\/04\\\/Alas-de-esperanza-scaled-1.jpeg\",\"datePublished\":\"2024-04-29T10:30:25+00:00\",\"dateModified\":\"2024-07-23T10:09:47+00:00\",\"breadcrumb\":{\"@id\":\"https:\\\/\\\/letrame.com\\\/catalogo\\\/producto\\\/alas-de-esperanza\\\/#breadcrumb\"},\"inLanguage\":\"es\",\"potentialAction\":[{\"@type\":\"ReadAction\",\"target\":[\"https:\\\/\\\/letrame.com\\\/catalogo\\\/producto\\\/alas-de-esperanza\\\/\"]}]},{\"@type\":\"ImageObject\",\"inLanguage\":\"es\",\"@id\":\"https:\\\/\\\/letrame.com\\\/catalogo\\\/producto\\\/alas-de-esperanza\\\/#primaryimage\",\"url\":\"https:\\\/\\\/letrame.com\\\/catalogo\\\/wp-content\\\/uploads\\\/2024\\\/04\\\/Alas-de-esperanza-scaled-1.jpeg\",\"contentUrl\":\"https:\\\/\\\/letrame.com\\\/catalogo\\\/wp-content\\\/uploads\\\/2024\\\/04\\\/Alas-de-esperanza-scaled-1.jpeg\",\"width\":1746,\"height\":2560},{\"@type\":\"BreadcrumbList\",\"@id\":\"https:\\\/\\\/letrame.com\\\/catalogo\\\/producto\\\/alas-de-esperanza\\\/#breadcrumb\",\"itemListElement\":[{\"@type\":\"ListItem\",\"position\":1,\"name\":\"Portada\",\"item\":\"https:\\\/\\\/letrame.com\\\/catalogo\\\/\"},{\"@type\":\"ListItem\",\"position\":2,\"name\":\"Cat\u00e1logo\",\"item\":\"https:\\\/\\\/letrame.com\\\/catalogo\\\/\"},{\"@type\":\"ListItem\",\"position\":3,\"name\":\"Alas de esperanza\"}]},{\"@type\":\"WebSite\",\"@id\":\"https:\\\/\\\/letrame.com\\\/catalogo\\\/#website\",\"url\":\"https:\\\/\\\/letrame.com\\\/catalogo\\\/\",\"name\":\"Catalogo | Letrame Grupo Editorial\",\"description\":\"\",\"publisher\":{\"@id\":\"https:\\\/\\\/letrame.com\\\/catalogo\\\/#organization\"},\"potentialAction\":[{\"@type\":\"SearchAction\",\"target\":{\"@type\":\"EntryPoint\",\"urlTemplate\":\"https:\\\/\\\/letrame.com\\\/catalogo\\\/?s={search_term_string}\"},\"query-input\":{\"@type\":\"PropertyValueSpecification\",\"valueRequired\":true,\"valueName\":\"search_term_string\"}}],\"inLanguage\":\"es\"},{\"@type\":\"Organization\",\"@id\":\"https:\\\/\\\/letrame.com\\\/catalogo\\\/#organization\",\"name\":\"Catalogo | Letrame Grupo Editorial\",\"url\":\"https:\\\/\\\/letrame.com\\\/catalogo\\\/\",\"logo\":{\"@type\":\"ImageObject\",\"inLanguage\":\"es\",\"@id\":\"https:\\\/\\\/letrame.com\\\/catalogo\\\/#\\\/schema\\\/logo\\\/image\\\/\",\"url\":\"https:\\\/\\\/letrame.com\\\/catalogo\\\/wp-content\\\/uploads\\\/2024\\\/03\\\/logo2.webp\",\"contentUrl\":\"https:\\\/\\\/letrame.com\\\/catalogo\\\/wp-content\\\/uploads\\\/2024\\\/03\\\/logo2.webp\",\"width\":394,\"height\":128,\"caption\":\"Catalogo | Letrame Grupo Editorial\"},\"image\":{\"@id\":\"https:\\\/\\\/letrame.com\\\/catalogo\\\/#\\\/schema\\\/logo\\\/image\\\/\"}}]}<\/script>\n<!-- \/ Yoast SEO plugin. -->","yoast_head_json":{"title":"Alas de esperanza - Catalogo | Letrame Grupo Editorial","robots":{"index":"index","follow":"follow","max-snippet":"max-snippet:-1","max-image-preview":"max-image-preview:large","max-video-preview":"max-video-preview:-1"},"canonical":"https:\/\/letrame.com\/catalogo\/producto\/alas-de-esperanza\/","og_locale":"es_ES","og_type":"article","og_title":"Alas de esperanza - Catalogo | Letrame Grupo Editorial","og_description":"ISBN: 978-84-1386-897-4     Despu\u00e9s de que el joven forastero cruza el misterioso portal que lo conducir\u00e1 a varios mundos paralelos, experimentar\u00e1\u00a0un significativo despertar de conciencia para enfrentarse al caos que ha desatado la humanidad. La magia estar\u00e1 presente en cada uno de los escenarios. \u00c1ngeles y elementales lo guiar\u00e1n a trav\u00e9s de la verdad.  El amor incondicional del viajero valeroso\u00a0aflorar\u00e1\u00a0por\u00a0su h\u00e1bitat como un milagro del cielo.\u00a0 \u00bfPodr\u00e1 Ferdinand\u00a0reestablecer el equilibrio entre el planeta Azul y sus habitantes?  La obra aqu\u00ed presentada, es una invitaci\u00f3n al despertar. \u201cUn llamado a la evoluci\u00f3n\u201d. El renacer del ser humano.  La fuerza del destino conducir\u00e1 al forastero por escenarios inimaginables para el ojo humano. Contar\u00e1 con la ayuda de un \u00c1ngel encarnado quien lo guiar\u00e1\u00a0y\u00a0orientar\u00e1\u00a0a trav\u00e9s del amor y la armon\u00eda.\u00a0La obra es una gu\u00eda angelical para que los humanos comprendan que solo el amor ser\u00e1 el camino hacia la paz y la felicidad.","og_url":"https:\/\/letrame.com\/catalogo\/producto\/alas-de-esperanza\/","og_site_name":"Catalogo | Letrame Grupo Editorial","article_modified_time":"2024-07-23T10:09:47+00:00","og_image":[{"width":1746,"height":2560,"url":"https:\/\/letrame.com\/catalogo\/wp-content\/uploads\/2024\/04\/Alas-de-esperanza-scaled-1.jpeg","type":"image\/jpeg"}],"twitter_card":"summary_large_image","twitter_misc":{"Tiempo de lectura":"1 minuto"},"schema":{"@context":"https:\/\/schema.org","@graph":[{"@type":"WebPage","@id":"https:\/\/letrame.com\/catalogo\/producto\/alas-de-esperanza\/","url":"https:\/\/letrame.com\/catalogo\/producto\/alas-de-esperanza\/","name":"Alas de esperanza - Catalogo | Letrame Grupo Editorial","isPartOf":{"@id":"https:\/\/letrame.com\/catalogo\/#website"},"primaryImageOfPage":{"@id":"https:\/\/letrame.com\/catalogo\/producto\/alas-de-esperanza\/#primaryimage"},"image":{"@id":"https:\/\/letrame.com\/catalogo\/producto\/alas-de-esperanza\/#primaryimage"},"thumbnailUrl":"https:\/\/letrame.com\/catalogo\/wp-content\/uploads\/2024\/04\/Alas-de-esperanza-scaled-1.jpeg","datePublished":"2024-04-29T10:30:25+00:00","dateModified":"2024-07-23T10:09:47+00:00","breadcrumb":{"@id":"https:\/\/letrame.com\/catalogo\/producto\/alas-de-esperanza\/#breadcrumb"},"inLanguage":"es","potentialAction":[{"@type":"ReadAction","target":["https:\/\/letrame.com\/catalogo\/producto\/alas-de-esperanza\/"]}]},{"@type":"ImageObject","inLanguage":"es","@id":"https:\/\/letrame.com\/catalogo\/producto\/alas-de-esperanza\/#primaryimage","url":"https:\/\/letrame.com\/catalogo\/wp-content\/uploads\/2024\/04\/Alas-de-esperanza-scaled-1.jpeg","contentUrl":"https:\/\/letrame.com\/catalogo\/wp-content\/uploads\/2024\/04\/Alas-de-esperanza-scaled-1.jpeg","width":1746,"height":2560},{"@type":"BreadcrumbList","@id":"https:\/\/letrame.com\/catalogo\/producto\/alas-de-esperanza\/#breadcrumb","itemListElement":[{"@type":"ListItem","position":1,"name":"Portada","item":"https:\/\/letrame.com\/catalogo\/"},{"@type":"ListItem","position":2,"name":"Cat\u00e1logo","item":"https:\/\/letrame.com\/catalogo\/"},{"@type":"ListItem","position":3,"name":"Alas de esperanza"}]},{"@type":"WebSite","@id":"https:\/\/letrame.com\/catalogo\/#website","url":"https:\/\/letrame.com\/catalogo\/","name":"Catalogo | Letrame Grupo Editorial","description":"","publisher":{"@id":"https:\/\/letrame.com\/catalogo\/#organization"},"potentialAction":[{"@type":"SearchAction","target":{"@type":"EntryPoint","urlTemplate":"https:\/\/letrame.com\/catalogo\/?s={search_term_string}"},"query-input":{"@type":"PropertyValueSpecification","valueRequired":true,"valueName":"search_term_string"}}],"inLanguage":"es"},{"@type":"Organization","@id":"https:\/\/letrame.com\/catalogo\/#organization","name":"Catalogo | Letrame Grupo Editorial","url":"https:\/\/letrame.com\/catalogo\/","logo":{"@type":"ImageObject","inLanguage":"es","@id":"https:\/\/letrame.com\/catalogo\/#\/schema\/logo\/image\/","url":"https:\/\/letrame.com\/catalogo\/wp-content\/uploads\/2024\/03\/logo2.webp","contentUrl":"https:\/\/letrame.com\/catalogo\/wp-content\/uploads\/2024\/03\/logo2.webp","width":394,"height":128,"caption":"Catalogo | Letrame Grupo Editorial"},"image":{"@id":"https:\/\/letrame.com\/catalogo\/#\/schema\/logo\/image\/"}}]}},"_links":{"self":[{"href":"https:\/\/letrame.com\/catalogo\/wp-json\/wp\/v2\/product\/96968","targetHints":{"allow":["GET"]}}],"collection":[{"href":"https:\/\/letrame.com\/catalogo\/wp-json\/wp\/v2\/product"}],"about":[{"href":"https:\/\/letrame.com\/catalogo\/wp-json\/wp\/v2\/types\/product"}],"replies":[{"embeddable":true,"href":"https:\/\/letrame.com\/catalogo\/wp-json\/wp\/v2\/comments?post=96968"}],"acf:post":[{"embeddable":true,"href":"https:\/\/letrame.com\/catalogo\/wp-json\/wp\/v2\/author_book\/75617"}],"wp:featuredmedia":[{"embeddable":true,"href":"https:\/\/letrame.com\/catalogo\/wp-json\/wp\/v2\/media\/96969"}],"wp:attachment":[{"href":"https:\/\/letrame.com\/catalogo\/wp-json\/wp\/v2\/media?parent=96968"}],"wp:term":[{"taxonomy":"libro","embeddable":true,"href":"https:\/\/letrame.com\/catalogo\/wp-json\/wp\/v2\/libro?post=96968"},{"taxonomy":"product_brand","embeddable":true,"href":"https:\/\/letrame.com\/catalogo\/wp-json\/wp\/v2\/product_brand?post=96968"},{"taxonomy":"product_cat","embeddable":true,"href":"https:\/\/letrame.com\/catalogo\/wp-json\/wp\/v2\/product_cat?post=96968"},{"taxonomy":"product_tag","embeddable":true,"href":"https:\/\/letrame.com\/catalogo\/wp-json\/wp\/v2\/product_tag?post=96968"}],"curies":[{"name":"wp","href":"https:\/\/api.w.org\/{rel}","templated":true}]}}