{"id":96938,"date":"2024-04-29T12:24:50","date_gmt":"2024-04-29T10:24:50","guid":{"rendered":"https:\/\/letrame.com\/catalogo\/producto\/ser-nadie\/"},"modified":"2024-04-29T12:25:40","modified_gmt":"2024-04-29T10:25:40","slug":"ser-nadie","status":"publish","type":"product","link":"https:\/\/letrame.com\/catalogo\/producto\/ser-nadie\/","title":{"rendered":"Ser nadie"},"content":{"rendered":"<div class=\"page\" title=\"Page 6\">\n<div class=\"layoutArea\">\n<div class=\"column\">\n<p><strong>ISBN<\/strong>: 978-84-1386-593-5<\/p>\n<\/div>\n<\/div>\n<\/div>\n<p><b>T\u00edtulo<\/b><span style=\"font-weight: 400;\">: Ser nadie<\/span><span style=\"font-weight: 400;\"><br \/>\n<\/span><b>Fecha<\/b><span style=\"font-weight: 400;\">: 2021<\/span><span style=\"font-weight: 400;\"><br \/>\n<\/span><b>P\u00e1ginas<\/b><span style=\"font-weight: 400;\">: 230<\/span><\/p>\n<p><b>SINOPSIS<\/b><\/p>\n<p>Confundimos biograf\u00eda con curr\u00edculum. Nos medimos por los logros acad\u00e9micos y profesionales. Andamos en una carrera a contra reloj para ser Alguien, para tener \u00e9xito, dinero, reconocimiento, ajenos a lo que nos mueve a nivel interno.<\/p>\n<p>Estamos orientados al tener y no al Ser con la falsa ilusi\u00f3n de que necesitamos mucho m\u00e1s de lo que en realidad es esencial. Esta forma de vivir empieza a ser imposible de sostener, el estr\u00e9s, la ansiedad, el des\u00e1nimo y el cansancio vital se extienden de forma incontrolable. <em>Ser Nadie<\/em> propone un camino donde la vida se pone en el centro.<\/p>\n<p>Es un buen momento para replantearnos nuestra manera de vivir. La alegr\u00eda y el gozo de sentirnos presentes eliminando lo superfluo, los \u00ab<em>deber\u00eda<\/em><em>\u00bb<\/em>, los \u00ab<em>tengo que<\/em><em>\u00bb<\/em> para explorar la autenticidad. Para <em>Ser Nadie<\/em>. Para deshacernos del personaje.<\/p>\n<p>Bienvenido a tu vida, bienvenido a la ligereza y el gozo de <em>Ser Nadie<\/em>. De ser tu mismo, tu misma. Desde ah\u00ed todo es posible. Ponte manos a la obra y haz de tu vida una obra de arte consciente.<\/p>\n<p>En estas p\u00e1ginas encontrar\u00e1s inspiraci\u00f3n, ejercicios y una ruta para iniciar la acci\u00f3n. \u00bfA qu\u00e9 est\u00e1s esperando?<\/p>\n<p>&nbsp;<\/p>\n","protected":false},"excerpt":{"rendered":"<div class=\"page\" title=\"Page 6\">\n<div class=\"layoutArea\">\n<div class=\"column\">\n<p><strong>ISBN: 978-84-1386-593-5<\/strong><\/p>\n<p>Confundimos biograf\u00eda con curr\u00edculum. Nos medimos por los logros acad\u00e9micos y profesionales. Andamos en una carrera a contra reloj para ser Alguien, para tener \u00e9xito, dinero, reconocimiento, ajenos a lo que nos mueve a nivel interno.<\/p>\n<p>Estamos orientados al tener y no al Ser con la falsa ilusi\u00f3n de que necesitamos mucho m\u00e1s de lo que en realidad es esencial. Esta forma de vivir empieza a ser imposible de sostener, el estr\u00e9s, la ansiedad, el des\u00e1nimo y el cansancio vital se extienden de forma incontrolable. <em>Ser Nadie<\/em> propone un camino donde la vida se pone en el centro.<\/p>\n<p>Es un buen momento para replantearnos nuestra manera de vivir. La alegr\u00eda y el gozo de sentirnos presentes eliminando lo superfluo, los \u00ab<em>deber\u00eda<\/em><em>\u00bb<\/em>, los \u00ab<em>tengo que<\/em><em>\u00bb<\/em> para explorar la autenticidad. Para <em>Ser Nadie<\/em>. Para deshacernos del personaje.<\/p>\n<p>Bienvenido a tu vida, bienvenido a la ligereza y el gozo de <em>Ser Nadie<\/em>. De ser tu mismo, tu misma. Desde ah\u00ed todo es posible. Ponte manos a la obra y haz de tu vida una obra de arte consciente.<\/p>\n<p>En estas p\u00e1ginas encontrar\u00e1s inspiraci\u00f3n, ejercicios y una ruta para iniciar la acci\u00f3n. \u00bfA qu\u00e9 est\u00e1s esperando?<\/p>\n<\/div>\n<\/div>\n<\/div>\n<\/div>\n","protected":false},"featured_media":96939,"comment_status":"closed","ping_status":"open","template":"","meta":{"_acf_changed":false},"libro":[],"product_brand":[],"product_cat":[18],"product_tag":[],"class_list":{"0":"post-96938","1":"product","2":"type-product","3":"status-publish","4":"has-post-thumbnail","6":"product_cat-autoayuda","8":"first","9":"instock","10":"product-type-simple"},"acf":{"autor":[75587],"enlace_de_compra":"https:\/\/www.amazon.es\/Ser-nadie-Nuria-Molina-Amate\/dp\/841386593X\/ref=sr_1_1?__mk_es_ES=%C3%85M%C3%85%C5%BD%C3%95%C3%91&amp;dchild=1&amp;keywords=Letrame+S.L.Ser+nadie&amp;qid=1632405072&amp;sr=8-1"},"yoast_head":"<!-- This site is optimized with the Yoast SEO plugin v27.4 - https:\/\/yoast.com\/product\/yoast-seo-wordpress\/ -->\n<title>Ser nadie - Catalogo | Letrame Grupo Editorial<\/title>\n<meta name=\"robots\" content=\"index, follow, max-snippet:-1, max-image-preview:large, max-video-preview:-1\" \/>\n<link rel=\"canonical\" href=\"https:\/\/letrame.com\/catalogo\/producto\/ser-nadie\/\" \/>\n<meta property=\"og:locale\" content=\"es_ES\" \/>\n<meta property=\"og:type\" content=\"article\" \/>\n<meta property=\"og:title\" content=\"Ser nadie - Catalogo | Letrame Grupo Editorial\" \/>\n<meta property=\"og:description\" content=\"ISBN: 978-84-1386-593-5 Confundimos biograf\u00eda con curr\u00edculum. Nos medimos por los logros acad\u00e9micos y profesionales. Andamos en una carrera a contra reloj para ser Alguien, para tener \u00e9xito, dinero, reconocimiento, ajenos a lo que nos mueve a nivel interno. Estamos orientados al tener y no al Ser con la falsa ilusi\u00f3n de que necesitamos mucho m\u00e1s de lo que en realidad es esencial. Esta forma de vivir empieza a ser imposible de sostener, el estr\u00e9s, la ansiedad, el des\u00e1nimo y el cansancio vital se extienden de forma incontrolable. Ser Nadie propone un camino donde la vida se pone en el centro. Es un buen momento para replantearnos nuestra manera de vivir. La alegr\u00eda y el gozo de sentirnos presentes eliminando lo superfluo, los \u00abdeber\u00eda\u00bb, los \u00abtengo que\u00bb para explorar la autenticidad. Para Ser Nadie. Para deshacernos del personaje. Bienvenido a tu vida, bienvenido a la ligereza y el gozo de Ser Nadie. De ser tu mismo, tu misma. Desde ah\u00ed todo es posible. Ponte manos a la obra y haz de tu vida una obra de arte consciente. En estas p\u00e1ginas encontrar\u00e1s inspiraci\u00f3n, ejercicios y una ruta para iniciar la acci\u00f3n. \u00bfA qu\u00e9 est\u00e1s esperando?\" \/>\n<meta property=\"og:url\" content=\"https:\/\/letrame.com\/catalogo\/producto\/ser-nadie\/\" \/>\n<meta property=\"og:site_name\" content=\"Catalogo | Letrame Grupo Editorial\" \/>\n<meta property=\"article:modified_time\" content=\"2024-04-29T10:25:40+00:00\" \/>\n<meta property=\"og:image\" content=\"https:\/\/letrame.com\/catalogo\/wp-content\/uploads\/2024\/04\/SER-NADIE-scaled-1.jpeg\" \/>\n\t<meta property=\"og:image:width\" content=\"1746\" \/>\n\t<meta property=\"og:image:height\" content=\"2560\" \/>\n\t<meta property=\"og:image:type\" content=\"image\/jpeg\" \/>\n<meta name=\"twitter:card\" content=\"summary_large_image\" \/>\n<meta name=\"twitter:label1\" content=\"Tiempo de lectura\" \/>\n\t<meta name=\"twitter:data1\" content=\"1 minuto\" \/>\n<script type=\"application\/ld+json\" class=\"yoast-schema-graph\">{\"@context\":\"https:\\\/\\\/schema.org\",\"@graph\":[{\"@type\":\"WebPage\",\"@id\":\"https:\\\/\\\/letrame.com\\\/catalogo\\\/producto\\\/ser-nadie\\\/\",\"url\":\"https:\\\/\\\/letrame.com\\\/catalogo\\\/producto\\\/ser-nadie\\\/\",\"name\":\"Ser nadie - Catalogo | Letrame Grupo Editorial\",\"isPartOf\":{\"@id\":\"https:\\\/\\\/letrame.com\\\/catalogo\\\/#website\"},\"primaryImageOfPage\":{\"@id\":\"https:\\\/\\\/letrame.com\\\/catalogo\\\/producto\\\/ser-nadie\\\/#primaryimage\"},\"image\":{\"@id\":\"https:\\\/\\\/letrame.com\\\/catalogo\\\/producto\\\/ser-nadie\\\/#primaryimage\"},\"thumbnailUrl\":\"https:\\\/\\\/letrame.com\\\/catalogo\\\/wp-content\\\/uploads\\\/2024\\\/04\\\/SER-NADIE-scaled-1.jpeg\",\"datePublished\":\"2024-04-29T10:24:50+00:00\",\"dateModified\":\"2024-04-29T10:25:40+00:00\",\"breadcrumb\":{\"@id\":\"https:\\\/\\\/letrame.com\\\/catalogo\\\/producto\\\/ser-nadie\\\/#breadcrumb\"},\"inLanguage\":\"es\",\"potentialAction\":[{\"@type\":\"ReadAction\",\"target\":[\"https:\\\/\\\/letrame.com\\\/catalogo\\\/producto\\\/ser-nadie\\\/\"]}]},{\"@type\":\"ImageObject\",\"inLanguage\":\"es\",\"@id\":\"https:\\\/\\\/letrame.com\\\/catalogo\\\/producto\\\/ser-nadie\\\/#primaryimage\",\"url\":\"https:\\\/\\\/letrame.com\\\/catalogo\\\/wp-content\\\/uploads\\\/2024\\\/04\\\/SER-NADIE-scaled-1.jpeg\",\"contentUrl\":\"https:\\\/\\\/letrame.com\\\/catalogo\\\/wp-content\\\/uploads\\\/2024\\\/04\\\/SER-NADIE-scaled-1.jpeg\",\"width\":1746,\"height\":2560},{\"@type\":\"BreadcrumbList\",\"@id\":\"https:\\\/\\\/letrame.com\\\/catalogo\\\/producto\\\/ser-nadie\\\/#breadcrumb\",\"itemListElement\":[{\"@type\":\"ListItem\",\"position\":1,\"name\":\"Portada\",\"item\":\"https:\\\/\\\/letrame.com\\\/catalogo\\\/\"},{\"@type\":\"ListItem\",\"position\":2,\"name\":\"Cat\u00e1logo\",\"item\":\"https:\\\/\\\/letrame.com\\\/catalogo\\\/\"},{\"@type\":\"ListItem\",\"position\":3,\"name\":\"Ser nadie\"}]},{\"@type\":\"WebSite\",\"@id\":\"https:\\\/\\\/letrame.com\\\/catalogo\\\/#website\",\"url\":\"https:\\\/\\\/letrame.com\\\/catalogo\\\/\",\"name\":\"Catalogo | Letrame Grupo Editorial\",\"description\":\"\",\"publisher\":{\"@id\":\"https:\\\/\\\/letrame.com\\\/catalogo\\\/#organization\"},\"potentialAction\":[{\"@type\":\"SearchAction\",\"target\":{\"@type\":\"EntryPoint\",\"urlTemplate\":\"https:\\\/\\\/letrame.com\\\/catalogo\\\/?s={search_term_string}\"},\"query-input\":{\"@type\":\"PropertyValueSpecification\",\"valueRequired\":true,\"valueName\":\"search_term_string\"}}],\"inLanguage\":\"es\"},{\"@type\":\"Organization\",\"@id\":\"https:\\\/\\\/letrame.com\\\/catalogo\\\/#organization\",\"name\":\"Catalogo | Letrame Grupo Editorial\",\"url\":\"https:\\\/\\\/letrame.com\\\/catalogo\\\/\",\"logo\":{\"@type\":\"ImageObject\",\"inLanguage\":\"es\",\"@id\":\"https:\\\/\\\/letrame.com\\\/catalogo\\\/#\\\/schema\\\/logo\\\/image\\\/\",\"url\":\"https:\\\/\\\/letrame.com\\\/catalogo\\\/wp-content\\\/uploads\\\/2024\\\/03\\\/logo2.webp\",\"contentUrl\":\"https:\\\/\\\/letrame.com\\\/catalogo\\\/wp-content\\\/uploads\\\/2024\\\/03\\\/logo2.webp\",\"width\":394,\"height\":128,\"caption\":\"Catalogo | Letrame Grupo Editorial\"},\"image\":{\"@id\":\"https:\\\/\\\/letrame.com\\\/catalogo\\\/#\\\/schema\\\/logo\\\/image\\\/\"}}]}<\/script>\n<!-- \/ Yoast SEO plugin. -->","yoast_head_json":{"title":"Ser nadie - Catalogo | Letrame Grupo Editorial","robots":{"index":"index","follow":"follow","max-snippet":"max-snippet:-1","max-image-preview":"max-image-preview:large","max-video-preview":"max-video-preview:-1"},"canonical":"https:\/\/letrame.com\/catalogo\/producto\/ser-nadie\/","og_locale":"es_ES","og_type":"article","og_title":"Ser nadie - Catalogo | Letrame Grupo Editorial","og_description":"ISBN: 978-84-1386-593-5 Confundimos biograf\u00eda con curr\u00edculum. Nos medimos por los logros acad\u00e9micos y profesionales. Andamos en una carrera a contra reloj para ser Alguien, para tener \u00e9xito, dinero, reconocimiento, ajenos a lo que nos mueve a nivel interno. Estamos orientados al tener y no al Ser con la falsa ilusi\u00f3n de que necesitamos mucho m\u00e1s de lo que en realidad es esencial. Esta forma de vivir empieza a ser imposible de sostener, el estr\u00e9s, la ansiedad, el des\u00e1nimo y el cansancio vital se extienden de forma incontrolable. Ser Nadie propone un camino donde la vida se pone en el centro. Es un buen momento para replantearnos nuestra manera de vivir. La alegr\u00eda y el gozo de sentirnos presentes eliminando lo superfluo, los \u00abdeber\u00eda\u00bb, los \u00abtengo que\u00bb para explorar la autenticidad. Para Ser Nadie. Para deshacernos del personaje. Bienvenido a tu vida, bienvenido a la ligereza y el gozo de Ser Nadie. De ser tu mismo, tu misma. Desde ah\u00ed todo es posible. Ponte manos a la obra y haz de tu vida una obra de arte consciente. En estas p\u00e1ginas encontrar\u00e1s inspiraci\u00f3n, ejercicios y una ruta para iniciar la acci\u00f3n. \u00bfA qu\u00e9 est\u00e1s esperando?","og_url":"https:\/\/letrame.com\/catalogo\/producto\/ser-nadie\/","og_site_name":"Catalogo | Letrame Grupo Editorial","article_modified_time":"2024-04-29T10:25:40+00:00","og_image":[{"width":1746,"height":2560,"url":"https:\/\/letrame.com\/catalogo\/wp-content\/uploads\/2024\/04\/SER-NADIE-scaled-1.jpeg","type":"image\/jpeg"}],"twitter_card":"summary_large_image","twitter_misc":{"Tiempo de lectura":"1 minuto"},"schema":{"@context":"https:\/\/schema.org","@graph":[{"@type":"WebPage","@id":"https:\/\/letrame.com\/catalogo\/producto\/ser-nadie\/","url":"https:\/\/letrame.com\/catalogo\/producto\/ser-nadie\/","name":"Ser nadie - Catalogo | Letrame Grupo Editorial","isPartOf":{"@id":"https:\/\/letrame.com\/catalogo\/#website"},"primaryImageOfPage":{"@id":"https:\/\/letrame.com\/catalogo\/producto\/ser-nadie\/#primaryimage"},"image":{"@id":"https:\/\/letrame.com\/catalogo\/producto\/ser-nadie\/#primaryimage"},"thumbnailUrl":"https:\/\/letrame.com\/catalogo\/wp-content\/uploads\/2024\/04\/SER-NADIE-scaled-1.jpeg","datePublished":"2024-04-29T10:24:50+00:00","dateModified":"2024-04-29T10:25:40+00:00","breadcrumb":{"@id":"https:\/\/letrame.com\/catalogo\/producto\/ser-nadie\/#breadcrumb"},"inLanguage":"es","potentialAction":[{"@type":"ReadAction","target":["https:\/\/letrame.com\/catalogo\/producto\/ser-nadie\/"]}]},{"@type":"ImageObject","inLanguage":"es","@id":"https:\/\/letrame.com\/catalogo\/producto\/ser-nadie\/#primaryimage","url":"https:\/\/letrame.com\/catalogo\/wp-content\/uploads\/2024\/04\/SER-NADIE-scaled-1.jpeg","contentUrl":"https:\/\/letrame.com\/catalogo\/wp-content\/uploads\/2024\/04\/SER-NADIE-scaled-1.jpeg","width":1746,"height":2560},{"@type":"BreadcrumbList","@id":"https:\/\/letrame.com\/catalogo\/producto\/ser-nadie\/#breadcrumb","itemListElement":[{"@type":"ListItem","position":1,"name":"Portada","item":"https:\/\/letrame.com\/catalogo\/"},{"@type":"ListItem","position":2,"name":"Cat\u00e1logo","item":"https:\/\/letrame.com\/catalogo\/"},{"@type":"ListItem","position":3,"name":"Ser nadie"}]},{"@type":"WebSite","@id":"https:\/\/letrame.com\/catalogo\/#website","url":"https:\/\/letrame.com\/catalogo\/","name":"Catalogo | Letrame Grupo Editorial","description":"","publisher":{"@id":"https:\/\/letrame.com\/catalogo\/#organization"},"potentialAction":[{"@type":"SearchAction","target":{"@type":"EntryPoint","urlTemplate":"https:\/\/letrame.com\/catalogo\/?s={search_term_string}"},"query-input":{"@type":"PropertyValueSpecification","valueRequired":true,"valueName":"search_term_string"}}],"inLanguage":"es"},{"@type":"Organization","@id":"https:\/\/letrame.com\/catalogo\/#organization","name":"Catalogo | Letrame Grupo Editorial","url":"https:\/\/letrame.com\/catalogo\/","logo":{"@type":"ImageObject","inLanguage":"es","@id":"https:\/\/letrame.com\/catalogo\/#\/schema\/logo\/image\/","url":"https:\/\/letrame.com\/catalogo\/wp-content\/uploads\/2024\/03\/logo2.webp","contentUrl":"https:\/\/letrame.com\/catalogo\/wp-content\/uploads\/2024\/03\/logo2.webp","width":394,"height":128,"caption":"Catalogo | Letrame Grupo Editorial"},"image":{"@id":"https:\/\/letrame.com\/catalogo\/#\/schema\/logo\/image\/"}}]}},"_links":{"self":[{"href":"https:\/\/letrame.com\/catalogo\/wp-json\/wp\/v2\/product\/96938","targetHints":{"allow":["GET"]}}],"collection":[{"href":"https:\/\/letrame.com\/catalogo\/wp-json\/wp\/v2\/product"}],"about":[{"href":"https:\/\/letrame.com\/catalogo\/wp-json\/wp\/v2\/types\/product"}],"replies":[{"embeddable":true,"href":"https:\/\/letrame.com\/catalogo\/wp-json\/wp\/v2\/comments?post=96938"}],"acf:post":[{"embeddable":true,"href":"https:\/\/letrame.com\/catalogo\/wp-json\/wp\/v2\/author_book\/75587"}],"wp:featuredmedia":[{"embeddable":true,"href":"https:\/\/letrame.com\/catalogo\/wp-json\/wp\/v2\/media\/96939"}],"wp:attachment":[{"href":"https:\/\/letrame.com\/catalogo\/wp-json\/wp\/v2\/media?parent=96938"}],"wp:term":[{"taxonomy":"libro","embeddable":true,"href":"https:\/\/letrame.com\/catalogo\/wp-json\/wp\/v2\/libro?post=96938"},{"taxonomy":"product_brand","embeddable":true,"href":"https:\/\/letrame.com\/catalogo\/wp-json\/wp\/v2\/product_brand?post=96938"},{"taxonomy":"product_cat","embeddable":true,"href":"https:\/\/letrame.com\/catalogo\/wp-json\/wp\/v2\/product_cat?post=96938"},{"taxonomy":"product_tag","embeddable":true,"href":"https:\/\/letrame.com\/catalogo\/wp-json\/wp\/v2\/product_tag?post=96938"}],"curies":[{"name":"wp","href":"https:\/\/api.w.org\/{rel}","templated":true}]}}