{"id":96918,"date":"2024-04-29T12:20:33","date_gmt":"2024-04-29T10:20:33","guid":{"rendered":"https:\/\/letrame.com\/catalogo\/producto\/tres-rendijas-para-mirar-al-mundo\/"},"modified":"2024-04-29T12:20:33","modified_gmt":"2024-04-29T10:20:33","slug":"tres-rendijas-para-mirar-al-mundo","status":"publish","type":"product","link":"https:\/\/letrame.com\/catalogo\/producto\/tres-rendijas-para-mirar-al-mundo\/","title":{"rendered":"Tres rendijas para mirar al mundo"},"content":{"rendered":"<div class=\"page\" title=\"Page 6\">\n<div class=\"layoutArea\">\n<div class=\"column\">\n<p><strong>ISBN<\/strong>: 978-84-1386-645-1<\/p>\n<\/div>\n<\/div>\n<\/div>\n<p><b>T\u00edtulo<\/b><span style=\"font-weight: 400;\">: Tres rendijas para mirar al mundo<\/span><span style=\"font-weight: 400;\"><br \/>\n<\/span><b>Fecha<\/b><span style=\"font-weight: 400;\">: 2021<\/span><span style=\"font-weight: 400;\"><br \/>\n<\/span><b>P\u00e1ginas<\/b><span style=\"font-weight: 400;\">: 194<\/span><\/p>\n<p><b>SINOPSIS<\/b><\/p>\n<p>El haibun es una composici\u00f3n literaria h\u00edbrida que alterna fragmentos en verso y en prosa para narrar un viaje. Su creador, el poeta Matsuo Bash_, dec\u00eda que las im\u00e1genes del haibun siguen dos caminos: las im\u00e1genes externas observadas en el camino y las im\u00e1genes internas que se mueven en la mente del viajero. Sin pretenderlo, Bash_ construy\u00f3 una analog\u00eda con la ciencia cuyos \u00abpoetas viajeros\u00bb capturan im\u00e1genes de la realidad para dar forma a explicaciones que nos aproximen a ella.<\/p>\n<p>M\u00e1s de tres siglos despu\u00e9s de que Bash_ creara los haibun como cuaderno de viajes, esta colecci\u00f3n de <em>scibun<\/em> (science haibun) es una propuesta para transitar senderos de la ciencia, senderos en donde el verso machadiano \u2014se hace camino al andar\u2014 se vuelve m\u00e1s literal.<\/p>\n<p>&nbsp;<\/p>\n","protected":false},"excerpt":{"rendered":"<div class=\"page\" title=\"Page 6\">\n<div class=\"layoutArea\">\n<div class=\"column\">\n<p><strong>ISBN: 978-84-1386-645-1<\/strong><\/p>\n<p>El haibun es una composici\u00f3n literaria h\u00edbrida que alterna fragmentos en verso y en prosa para narrar un viaje. Su creador, el poeta Matsuo Bash_, dec\u00eda que las im\u00e1genes del haibun siguen dos caminos: las im\u00e1genes externas observadas en el camino y las im\u00e1genes internas que se mueven en la mente del viajero. Sin pretenderlo, Bash_ construy\u00f3 una analog\u00eda con la ciencia cuyos \u00abpoetas viajeros\u00bb capturan im\u00e1genes de la realidad para dar forma a explicaciones que nos aproximen a ella.<\/p>\n<p>M\u00e1s de tres siglos despu\u00e9s de que Bash_ creara los haibun como cuaderno de viajes, esta colecci\u00f3n de <em>scibun<\/em> (science haibun) es una propuesta para transitar senderos de la ciencia, senderos en donde el verso machadiano \u2014se hace camino al andar\u2014 se vuelve m\u00e1s literal.<\/p>\n<p>&nbsp;<\/p>\n<\/div>\n<\/div>\n<\/div>\n","protected":false},"featured_media":96919,"comment_status":"closed","ping_status":"open","template":"","meta":{"_acf_changed":false},"libro":[],"product_brand":[],"product_cat":[21],"product_tag":[],"class_list":{"0":"post-96918","1":"product","2":"type-product","3":"status-publish","4":"has-post-thumbnail","6":"product_cat-relato","8":"first","9":"instock","10":"purchasable","11":"product-type-simple"},"acf":{"autor":"","enlace_de_compra":""},"yoast_head":"<!-- This site is optimized with the Yoast SEO plugin v27.4 - https:\/\/yoast.com\/product\/yoast-seo-wordpress\/ -->\n<title>Tres rendijas para mirar al mundo - Catalogo | Letrame Grupo Editorial<\/title>\n<meta name=\"robots\" content=\"index, follow, max-snippet:-1, max-image-preview:large, max-video-preview:-1\" \/>\n<link rel=\"canonical\" href=\"https:\/\/letrame.com\/catalogo\/producto\/tres-rendijas-para-mirar-al-mundo\/\" \/>\n<meta property=\"og:locale\" content=\"es_ES\" \/>\n<meta property=\"og:type\" content=\"article\" \/>\n<meta property=\"og:title\" content=\"Tres rendijas para mirar al mundo - Catalogo | Letrame Grupo Editorial\" \/>\n<meta property=\"og:description\" content=\"ISBN: 978-84-1386-645-1 El haibun es una composici\u00f3n literaria h\u00edbrida que alterna fragmentos en verso y en prosa para narrar un viaje. Su creador, el poeta Matsuo Bash_, dec\u00eda que las im\u00e1genes del haibun siguen dos caminos: las im\u00e1genes externas observadas en el camino y las im\u00e1genes internas que se mueven en la mente del viajero. Sin pretenderlo, Bash_ construy\u00f3 una analog\u00eda con la ciencia cuyos \u00abpoetas viajeros\u00bb capturan im\u00e1genes de la realidad para dar forma a explicaciones que nos aproximen a ella. M\u00e1s de tres siglos despu\u00e9s de que Bash_ creara los haibun como cuaderno de viajes, esta colecci\u00f3n de scibun (science haibun) es una propuesta para transitar senderos de la ciencia, senderos en donde el verso machadiano \u2014se hace camino al andar\u2014 se vuelve m\u00e1s literal. &nbsp;\" \/>\n<meta property=\"og:url\" content=\"https:\/\/letrame.com\/catalogo\/producto\/tres-rendijas-para-mirar-al-mundo\/\" \/>\n<meta property=\"og:site_name\" content=\"Catalogo | Letrame Grupo Editorial\" \/>\n<meta property=\"og:image\" content=\"https:\/\/letrame.com\/catalogo\/wp-content\/uploads\/2024\/04\/Tres-rendijas-scaled-1.jpeg\" \/>\n\t<meta property=\"og:image:width\" content=\"1746\" \/>\n\t<meta property=\"og:image:height\" content=\"2560\" \/>\n\t<meta property=\"og:image:type\" content=\"image\/jpeg\" \/>\n<meta name=\"twitter:card\" content=\"summary_large_image\" \/>\n<meta name=\"twitter:label1\" content=\"Tiempo de lectura\" \/>\n\t<meta name=\"twitter:data1\" content=\"1 minuto\" \/>\n<script type=\"application\/ld+json\" class=\"yoast-schema-graph\">{\"@context\":\"https:\\\/\\\/schema.org\",\"@graph\":[{\"@type\":\"WebPage\",\"@id\":\"https:\\\/\\\/letrame.com\\\/catalogo\\\/producto\\\/tres-rendijas-para-mirar-al-mundo\\\/\",\"url\":\"https:\\\/\\\/letrame.com\\\/catalogo\\\/producto\\\/tres-rendijas-para-mirar-al-mundo\\\/\",\"name\":\"Tres rendijas para mirar al mundo - Catalogo | Letrame Grupo Editorial\",\"isPartOf\":{\"@id\":\"https:\\\/\\\/letrame.com\\\/catalogo\\\/#website\"},\"primaryImageOfPage\":{\"@id\":\"https:\\\/\\\/letrame.com\\\/catalogo\\\/producto\\\/tres-rendijas-para-mirar-al-mundo\\\/#primaryimage\"},\"image\":{\"@id\":\"https:\\\/\\\/letrame.com\\\/catalogo\\\/producto\\\/tres-rendijas-para-mirar-al-mundo\\\/#primaryimage\"},\"thumbnailUrl\":\"https:\\\/\\\/letrame.com\\\/catalogo\\\/wp-content\\\/uploads\\\/2024\\\/04\\\/Tres-rendijas-scaled-1.jpeg\",\"datePublished\":\"2024-04-29T10:20:33+00:00\",\"breadcrumb\":{\"@id\":\"https:\\\/\\\/letrame.com\\\/catalogo\\\/producto\\\/tres-rendijas-para-mirar-al-mundo\\\/#breadcrumb\"},\"inLanguage\":\"es\",\"potentialAction\":[{\"@type\":\"ReadAction\",\"target\":[\"https:\\\/\\\/letrame.com\\\/catalogo\\\/producto\\\/tres-rendijas-para-mirar-al-mundo\\\/\"]}]},{\"@type\":\"ImageObject\",\"inLanguage\":\"es\",\"@id\":\"https:\\\/\\\/letrame.com\\\/catalogo\\\/producto\\\/tres-rendijas-para-mirar-al-mundo\\\/#primaryimage\",\"url\":\"https:\\\/\\\/letrame.com\\\/catalogo\\\/wp-content\\\/uploads\\\/2024\\\/04\\\/Tres-rendijas-scaled-1.jpeg\",\"contentUrl\":\"https:\\\/\\\/letrame.com\\\/catalogo\\\/wp-content\\\/uploads\\\/2024\\\/04\\\/Tres-rendijas-scaled-1.jpeg\",\"width\":1746,\"height\":2560},{\"@type\":\"BreadcrumbList\",\"@id\":\"https:\\\/\\\/letrame.com\\\/catalogo\\\/producto\\\/tres-rendijas-para-mirar-al-mundo\\\/#breadcrumb\",\"itemListElement\":[{\"@type\":\"ListItem\",\"position\":1,\"name\":\"Portada\",\"item\":\"https:\\\/\\\/letrame.com\\\/catalogo\\\/\"},{\"@type\":\"ListItem\",\"position\":2,\"name\":\"Cat\u00e1logo\",\"item\":\"https:\\\/\\\/letrame.com\\\/catalogo\\\/\"},{\"@type\":\"ListItem\",\"position\":3,\"name\":\"Tres rendijas para mirar al mundo\"}]},{\"@type\":\"WebSite\",\"@id\":\"https:\\\/\\\/letrame.com\\\/catalogo\\\/#website\",\"url\":\"https:\\\/\\\/letrame.com\\\/catalogo\\\/\",\"name\":\"Catalogo | Letrame Grupo Editorial\",\"description\":\"\",\"publisher\":{\"@id\":\"https:\\\/\\\/letrame.com\\\/catalogo\\\/#organization\"},\"potentialAction\":[{\"@type\":\"SearchAction\",\"target\":{\"@type\":\"EntryPoint\",\"urlTemplate\":\"https:\\\/\\\/letrame.com\\\/catalogo\\\/?s={search_term_string}\"},\"query-input\":{\"@type\":\"PropertyValueSpecification\",\"valueRequired\":true,\"valueName\":\"search_term_string\"}}],\"inLanguage\":\"es\"},{\"@type\":\"Organization\",\"@id\":\"https:\\\/\\\/letrame.com\\\/catalogo\\\/#organization\",\"name\":\"Catalogo | Letrame Grupo Editorial\",\"url\":\"https:\\\/\\\/letrame.com\\\/catalogo\\\/\",\"logo\":{\"@type\":\"ImageObject\",\"inLanguage\":\"es\",\"@id\":\"https:\\\/\\\/letrame.com\\\/catalogo\\\/#\\\/schema\\\/logo\\\/image\\\/\",\"url\":\"https:\\\/\\\/letrame.com\\\/catalogo\\\/wp-content\\\/uploads\\\/2024\\\/03\\\/logo2.webp\",\"contentUrl\":\"https:\\\/\\\/letrame.com\\\/catalogo\\\/wp-content\\\/uploads\\\/2024\\\/03\\\/logo2.webp\",\"width\":394,\"height\":128,\"caption\":\"Catalogo | Letrame Grupo Editorial\"},\"image\":{\"@id\":\"https:\\\/\\\/letrame.com\\\/catalogo\\\/#\\\/schema\\\/logo\\\/image\\\/\"}}]}<\/script>\n<!-- \/ Yoast SEO plugin. -->","yoast_head_json":{"title":"Tres rendijas para mirar al mundo - Catalogo | Letrame Grupo Editorial","robots":{"index":"index","follow":"follow","max-snippet":"max-snippet:-1","max-image-preview":"max-image-preview:large","max-video-preview":"max-video-preview:-1"},"canonical":"https:\/\/letrame.com\/catalogo\/producto\/tres-rendijas-para-mirar-al-mundo\/","og_locale":"es_ES","og_type":"article","og_title":"Tres rendijas para mirar al mundo - Catalogo | Letrame Grupo Editorial","og_description":"ISBN: 978-84-1386-645-1 El haibun es una composici\u00f3n literaria h\u00edbrida que alterna fragmentos en verso y en prosa para narrar un viaje. Su creador, el poeta Matsuo Bash_, dec\u00eda que las im\u00e1genes del haibun siguen dos caminos: las im\u00e1genes externas observadas en el camino y las im\u00e1genes internas que se mueven en la mente del viajero. Sin pretenderlo, Bash_ construy\u00f3 una analog\u00eda con la ciencia cuyos \u00abpoetas viajeros\u00bb capturan im\u00e1genes de la realidad para dar forma a explicaciones que nos aproximen a ella. M\u00e1s de tres siglos despu\u00e9s de que Bash_ creara los haibun como cuaderno de viajes, esta colecci\u00f3n de scibun (science haibun) es una propuesta para transitar senderos de la ciencia, senderos en donde el verso machadiano \u2014se hace camino al andar\u2014 se vuelve m\u00e1s literal. &nbsp;","og_url":"https:\/\/letrame.com\/catalogo\/producto\/tres-rendijas-para-mirar-al-mundo\/","og_site_name":"Catalogo | Letrame Grupo Editorial","og_image":[{"width":1746,"height":2560,"url":"https:\/\/letrame.com\/catalogo\/wp-content\/uploads\/2024\/04\/Tres-rendijas-scaled-1.jpeg","type":"image\/jpeg"}],"twitter_card":"summary_large_image","twitter_misc":{"Tiempo de lectura":"1 minuto"},"schema":{"@context":"https:\/\/schema.org","@graph":[{"@type":"WebPage","@id":"https:\/\/letrame.com\/catalogo\/producto\/tres-rendijas-para-mirar-al-mundo\/","url":"https:\/\/letrame.com\/catalogo\/producto\/tres-rendijas-para-mirar-al-mundo\/","name":"Tres rendijas para mirar al mundo - Catalogo | Letrame Grupo Editorial","isPartOf":{"@id":"https:\/\/letrame.com\/catalogo\/#website"},"primaryImageOfPage":{"@id":"https:\/\/letrame.com\/catalogo\/producto\/tres-rendijas-para-mirar-al-mundo\/#primaryimage"},"image":{"@id":"https:\/\/letrame.com\/catalogo\/producto\/tres-rendijas-para-mirar-al-mundo\/#primaryimage"},"thumbnailUrl":"https:\/\/letrame.com\/catalogo\/wp-content\/uploads\/2024\/04\/Tres-rendijas-scaled-1.jpeg","datePublished":"2024-04-29T10:20:33+00:00","breadcrumb":{"@id":"https:\/\/letrame.com\/catalogo\/producto\/tres-rendijas-para-mirar-al-mundo\/#breadcrumb"},"inLanguage":"es","potentialAction":[{"@type":"ReadAction","target":["https:\/\/letrame.com\/catalogo\/producto\/tres-rendijas-para-mirar-al-mundo\/"]}]},{"@type":"ImageObject","inLanguage":"es","@id":"https:\/\/letrame.com\/catalogo\/producto\/tres-rendijas-para-mirar-al-mundo\/#primaryimage","url":"https:\/\/letrame.com\/catalogo\/wp-content\/uploads\/2024\/04\/Tres-rendijas-scaled-1.jpeg","contentUrl":"https:\/\/letrame.com\/catalogo\/wp-content\/uploads\/2024\/04\/Tres-rendijas-scaled-1.jpeg","width":1746,"height":2560},{"@type":"BreadcrumbList","@id":"https:\/\/letrame.com\/catalogo\/producto\/tres-rendijas-para-mirar-al-mundo\/#breadcrumb","itemListElement":[{"@type":"ListItem","position":1,"name":"Portada","item":"https:\/\/letrame.com\/catalogo\/"},{"@type":"ListItem","position":2,"name":"Cat\u00e1logo","item":"https:\/\/letrame.com\/catalogo\/"},{"@type":"ListItem","position":3,"name":"Tres rendijas para mirar al mundo"}]},{"@type":"WebSite","@id":"https:\/\/letrame.com\/catalogo\/#website","url":"https:\/\/letrame.com\/catalogo\/","name":"Catalogo | Letrame Grupo Editorial","description":"","publisher":{"@id":"https:\/\/letrame.com\/catalogo\/#organization"},"potentialAction":[{"@type":"SearchAction","target":{"@type":"EntryPoint","urlTemplate":"https:\/\/letrame.com\/catalogo\/?s={search_term_string}"},"query-input":{"@type":"PropertyValueSpecification","valueRequired":true,"valueName":"search_term_string"}}],"inLanguage":"es"},{"@type":"Organization","@id":"https:\/\/letrame.com\/catalogo\/#organization","name":"Catalogo | Letrame Grupo Editorial","url":"https:\/\/letrame.com\/catalogo\/","logo":{"@type":"ImageObject","inLanguage":"es","@id":"https:\/\/letrame.com\/catalogo\/#\/schema\/logo\/image\/","url":"https:\/\/letrame.com\/catalogo\/wp-content\/uploads\/2024\/03\/logo2.webp","contentUrl":"https:\/\/letrame.com\/catalogo\/wp-content\/uploads\/2024\/03\/logo2.webp","width":394,"height":128,"caption":"Catalogo | Letrame Grupo Editorial"},"image":{"@id":"https:\/\/letrame.com\/catalogo\/#\/schema\/logo\/image\/"}}]}},"_links":{"self":[{"href":"https:\/\/letrame.com\/catalogo\/wp-json\/wp\/v2\/product\/96918","targetHints":{"allow":["GET"]}}],"collection":[{"href":"https:\/\/letrame.com\/catalogo\/wp-json\/wp\/v2\/product"}],"about":[{"href":"https:\/\/letrame.com\/catalogo\/wp-json\/wp\/v2\/types\/product"}],"replies":[{"embeddable":true,"href":"https:\/\/letrame.com\/catalogo\/wp-json\/wp\/v2\/comments?post=96918"}],"wp:featuredmedia":[{"embeddable":true,"href":"https:\/\/letrame.com\/catalogo\/wp-json\/wp\/v2\/media\/96919"}],"wp:attachment":[{"href":"https:\/\/letrame.com\/catalogo\/wp-json\/wp\/v2\/media?parent=96918"}],"wp:term":[{"taxonomy":"libro","embeddable":true,"href":"https:\/\/letrame.com\/catalogo\/wp-json\/wp\/v2\/libro?post=96918"},{"taxonomy":"product_brand","embeddable":true,"href":"https:\/\/letrame.com\/catalogo\/wp-json\/wp\/v2\/product_brand?post=96918"},{"taxonomy":"product_cat","embeddable":true,"href":"https:\/\/letrame.com\/catalogo\/wp-json\/wp\/v2\/product_cat?post=96918"},{"taxonomy":"product_tag","embeddable":true,"href":"https:\/\/letrame.com\/catalogo\/wp-json\/wp\/v2\/product_tag?post=96918"}],"curies":[{"name":"wp","href":"https:\/\/api.w.org\/{rel}","templated":true}]}}