{"id":96914,"date":"2024-04-29T12:19:25","date_gmt":"2024-04-29T10:19:25","guid":{"rendered":"https:\/\/letrame.com\/catalogo\/producto\/tragedia-en-el-pantano-y-otros-relatos\/"},"modified":"2024-04-29T12:19:47","modified_gmt":"2024-04-29T10:19:47","slug":"tragedia-en-el-pantano-y-otros-relatos","status":"publish","type":"product","link":"https:\/\/letrame.com\/catalogo\/producto\/tragedia-en-el-pantano-y-otros-relatos\/","title":{"rendered":"TRAGEDIA EN EL PANTANO Y OTROS RELATOS"},"content":{"rendered":"<div class=\"page\" title=\"Page 6\">\n<div class=\"layoutArea\">\n<div class=\"column\">\n<p><strong>ISBN<\/strong>: 978-84-1386-814-1<\/p>\n<\/div>\n<\/div>\n<\/div>\n<p><b>T\u00edtulo<\/b><span style=\"font-weight: 400;\">:<\/span>TRAGEDIA EN EL PANTANO Y OTROS RELATOS<\/p>\n<p><b>Fecha<\/b><span style=\"font-weight: 400;\">: 2021<\/span><span style=\"font-weight: 400;\"><br \/>\n<\/span><b>P\u00e1ginas<\/b><span style=\"font-weight: 400;\">: 182<\/span><\/p>\n<p><b>SINOPSIS<\/b><\/p>\n<p>Juan Pedro Bl\u00e1zquez es un ingeniero experto en la producci\u00f3n de ign\u00edfugos y matafuegos destinados a la industria y a la empresa en general.<\/p>\n<p>Debido a su peligrosa edad, se encuentra de pronto inmerso en un proceso de reducci\u00f3n de personal, tan frecuente hoy en d\u00eda.<\/p>\n<p>El adelgazamiento de los costes empresariales da con sus huesos en el paro, poniendo en serio peligro su estatus y el de la familia, cuando descubre que ha sido v\u00edctima de un complot donde se han dado cita las grandes lacras de la sociedad actual: la corrupci\u00f3n empresarial, la falsificaci\u00f3n documental y la codicia sin l\u00edmites del ser humano.<\/p>\n<p>Desconociendo el terreno que pisa, se propone desenmascarar la trama con la ayuda de otros personajes a los que involucra y no duda en exponer en su labor detectivesca.<\/p>\n<p>Con un desarrollo y final tarantiniano, en esta novela Ra\u00fal \u00c1vila se introduce en el complicado mundo de la <em>roman noire<\/em>, con sus dosis de misterio, intriga y crimen en las porciones adecuadas.<\/p>\n<p>&nbsp;<\/p>\n","protected":false},"excerpt":{"rendered":"<div class=\"page\" title=\"Page 6\">\n<div class=\"layoutArea\">\n<div class=\"column\">\n<p><strong>ISBN: 978-84-1386-814-1<\/strong><\/p>\n<p>Juan Pedro Bl\u00e1zquez es un ingeniero experto en la producci\u00f3n de ign\u00edfugos y matafuegos destinados a la industria y a la empresa en general.<\/p>\n<p>Debido a su peligrosa edad, se encuentra de pronto inmerso en un proceso de reducci\u00f3n de personal, tan frecuente hoy en d\u00eda.<\/p>\n<p>El adelgazamiento de los costes empresariales da con sus huesos en el paro, poniendo en serio peligro su estatus y el de la familia, cuando descubre que ha sido v\u00edctima de un complot donde se han dado cita las grandes lacras de la sociedad actual: la corrupci\u00f3n empresarial, la falsificaci\u00f3n documental y la codicia sin l\u00edmites del ser humano.<\/p>\n<p>Desconociendo el terreno que pisa, se propone desenmascarar la trama con la ayuda de otros personajes a los que involucra y no duda en exponer en su labor detectivesca.<\/p>\n<p>Con un desarrollo y final tarantiniano, en esta novela Ra\u00fal \u00c1vila se introduce en el complicado mundo de la <em>roman noire<\/em>, con sus dosis de misterio, intriga y crimen en las porciones adecuadas.<\/p>\n<\/div>\n<\/div>\n<\/div>\n","protected":false},"featured_media":96915,"comment_status":"closed","ping_status":"open","template":"","meta":{"_acf_changed":false},"libro":[],"product_brand":[],"product_cat":[21],"product_tag":[],"class_list":{"0":"post-96914","1":"product","2":"type-product","3":"status-publish","4":"has-post-thumbnail","6":"product_cat-relato","8":"first","9":"instock","10":"product-type-simple"},"acf":{"autor":"","enlace_de_compra":"https:\/\/www.amazon.es\/Tragedia-pantano-otros-relatos-Novela\/dp\/8413868149\/ref=sr_1_1?__mk_es_ES=%C3%85M%C3%85%C5%BD%C3%95%C3%91&amp;dchild=1&amp;keywords=Letrame+S.L.+TRAGEDIA+EN+EL+PANTANO+Y+OTROS+RELATOS&amp;qid=1630658340&amp;sr=8-1"},"yoast_head":"<!-- This site is optimized with the Yoast SEO plugin v27.4 - https:\/\/yoast.com\/product\/yoast-seo-wordpress\/ -->\n<title>TRAGEDIA EN EL PANTANO Y OTROS RELATOS - Catalogo | Letrame Grupo Editorial<\/title>\n<meta name=\"robots\" content=\"index, follow, max-snippet:-1, max-image-preview:large, max-video-preview:-1\" \/>\n<link rel=\"canonical\" href=\"https:\/\/letrame.com\/catalogo\/producto\/tragedia-en-el-pantano-y-otros-relatos\/\" \/>\n<meta property=\"og:locale\" content=\"es_ES\" \/>\n<meta property=\"og:type\" content=\"article\" \/>\n<meta property=\"og:title\" content=\"TRAGEDIA EN EL PANTANO Y OTROS RELATOS - Catalogo | Letrame Grupo Editorial\" \/>\n<meta property=\"og:description\" content=\"ISBN: 978-84-1386-814-1 Juan Pedro Bl\u00e1zquez es un ingeniero experto en la producci\u00f3n de ign\u00edfugos y matafuegos destinados a la industria y a la empresa en general. Debido a su peligrosa edad, se encuentra de pronto inmerso en un proceso de reducci\u00f3n de personal, tan frecuente hoy en d\u00eda. El adelgazamiento de los costes empresariales da con sus huesos en el paro, poniendo en serio peligro su estatus y el de la familia, cuando descubre que ha sido v\u00edctima de un complot donde se han dado cita las grandes lacras de la sociedad actual: la corrupci\u00f3n empresarial, la falsificaci\u00f3n documental y la codicia sin l\u00edmites del ser humano. Desconociendo el terreno que pisa, se propone desenmascarar la trama con la ayuda de otros personajes a los que involucra y no duda en exponer en su labor detectivesca. Con un desarrollo y final tarantiniano, en esta novela Ra\u00fal \u00c1vila se introduce en el complicado mundo de la roman noire, con sus dosis de misterio, intriga y crimen en las porciones adecuadas.\" \/>\n<meta property=\"og:url\" content=\"https:\/\/letrame.com\/catalogo\/producto\/tragedia-en-el-pantano-y-otros-relatos\/\" \/>\n<meta property=\"og:site_name\" content=\"Catalogo | Letrame Grupo Editorial\" \/>\n<meta property=\"article:modified_time\" content=\"2024-04-29T10:19:47+00:00\" \/>\n<meta property=\"og:image\" content=\"https:\/\/letrame.com\/catalogo\/wp-content\/uploads\/2024\/04\/Tragedia-en-el-pantano-scaled-1.jpeg\" \/>\n\t<meta property=\"og:image:width\" content=\"1746\" \/>\n\t<meta property=\"og:image:height\" content=\"2560\" \/>\n\t<meta property=\"og:image:type\" content=\"image\/jpeg\" \/>\n<meta name=\"twitter:card\" content=\"summary_large_image\" \/>\n<meta name=\"twitter:label1\" content=\"Tiempo de lectura\" \/>\n\t<meta name=\"twitter:data1\" content=\"1 minuto\" \/>\n<script type=\"application\/ld+json\" class=\"yoast-schema-graph\">{\"@context\":\"https:\\\/\\\/schema.org\",\"@graph\":[{\"@type\":\"WebPage\",\"@id\":\"https:\\\/\\\/letrame.com\\\/catalogo\\\/producto\\\/tragedia-en-el-pantano-y-otros-relatos\\\/\",\"url\":\"https:\\\/\\\/letrame.com\\\/catalogo\\\/producto\\\/tragedia-en-el-pantano-y-otros-relatos\\\/\",\"name\":\"TRAGEDIA EN EL PANTANO Y OTROS RELATOS - Catalogo | Letrame Grupo Editorial\",\"isPartOf\":{\"@id\":\"https:\\\/\\\/letrame.com\\\/catalogo\\\/#website\"},\"primaryImageOfPage\":{\"@id\":\"https:\\\/\\\/letrame.com\\\/catalogo\\\/producto\\\/tragedia-en-el-pantano-y-otros-relatos\\\/#primaryimage\"},\"image\":{\"@id\":\"https:\\\/\\\/letrame.com\\\/catalogo\\\/producto\\\/tragedia-en-el-pantano-y-otros-relatos\\\/#primaryimage\"},\"thumbnailUrl\":\"https:\\\/\\\/letrame.com\\\/catalogo\\\/wp-content\\\/uploads\\\/2024\\\/04\\\/Tragedia-en-el-pantano-scaled-1.jpeg\",\"datePublished\":\"2024-04-29T10:19:25+00:00\",\"dateModified\":\"2024-04-29T10:19:47+00:00\",\"breadcrumb\":{\"@id\":\"https:\\\/\\\/letrame.com\\\/catalogo\\\/producto\\\/tragedia-en-el-pantano-y-otros-relatos\\\/#breadcrumb\"},\"inLanguage\":\"es\",\"potentialAction\":[{\"@type\":\"ReadAction\",\"target\":[\"https:\\\/\\\/letrame.com\\\/catalogo\\\/producto\\\/tragedia-en-el-pantano-y-otros-relatos\\\/\"]}]},{\"@type\":\"ImageObject\",\"inLanguage\":\"es\",\"@id\":\"https:\\\/\\\/letrame.com\\\/catalogo\\\/producto\\\/tragedia-en-el-pantano-y-otros-relatos\\\/#primaryimage\",\"url\":\"https:\\\/\\\/letrame.com\\\/catalogo\\\/wp-content\\\/uploads\\\/2024\\\/04\\\/Tragedia-en-el-pantano-scaled-1.jpeg\",\"contentUrl\":\"https:\\\/\\\/letrame.com\\\/catalogo\\\/wp-content\\\/uploads\\\/2024\\\/04\\\/Tragedia-en-el-pantano-scaled-1.jpeg\",\"width\":1746,\"height\":2560},{\"@type\":\"BreadcrumbList\",\"@id\":\"https:\\\/\\\/letrame.com\\\/catalogo\\\/producto\\\/tragedia-en-el-pantano-y-otros-relatos\\\/#breadcrumb\",\"itemListElement\":[{\"@type\":\"ListItem\",\"position\":1,\"name\":\"Portada\",\"item\":\"https:\\\/\\\/letrame.com\\\/catalogo\\\/\"},{\"@type\":\"ListItem\",\"position\":2,\"name\":\"Cat\u00e1logo\",\"item\":\"https:\\\/\\\/letrame.com\\\/catalogo\\\/\"},{\"@type\":\"ListItem\",\"position\":3,\"name\":\"TRAGEDIA EN EL PANTANO Y OTROS RELATOS\"}]},{\"@type\":\"WebSite\",\"@id\":\"https:\\\/\\\/letrame.com\\\/catalogo\\\/#website\",\"url\":\"https:\\\/\\\/letrame.com\\\/catalogo\\\/\",\"name\":\"Catalogo | Letrame Grupo Editorial\",\"description\":\"\",\"publisher\":{\"@id\":\"https:\\\/\\\/letrame.com\\\/catalogo\\\/#organization\"},\"potentialAction\":[{\"@type\":\"SearchAction\",\"target\":{\"@type\":\"EntryPoint\",\"urlTemplate\":\"https:\\\/\\\/letrame.com\\\/catalogo\\\/?s={search_term_string}\"},\"query-input\":{\"@type\":\"PropertyValueSpecification\",\"valueRequired\":true,\"valueName\":\"search_term_string\"}}],\"inLanguage\":\"es\"},{\"@type\":\"Organization\",\"@id\":\"https:\\\/\\\/letrame.com\\\/catalogo\\\/#organization\",\"name\":\"Catalogo | Letrame Grupo Editorial\",\"url\":\"https:\\\/\\\/letrame.com\\\/catalogo\\\/\",\"logo\":{\"@type\":\"ImageObject\",\"inLanguage\":\"es\",\"@id\":\"https:\\\/\\\/letrame.com\\\/catalogo\\\/#\\\/schema\\\/logo\\\/image\\\/\",\"url\":\"https:\\\/\\\/letrame.com\\\/catalogo\\\/wp-content\\\/uploads\\\/2024\\\/03\\\/logo2.webp\",\"contentUrl\":\"https:\\\/\\\/letrame.com\\\/catalogo\\\/wp-content\\\/uploads\\\/2024\\\/03\\\/logo2.webp\",\"width\":394,\"height\":128,\"caption\":\"Catalogo | Letrame Grupo Editorial\"},\"image\":{\"@id\":\"https:\\\/\\\/letrame.com\\\/catalogo\\\/#\\\/schema\\\/logo\\\/image\\\/\"}}]}<\/script>\n<!-- \/ Yoast SEO plugin. -->","yoast_head_json":{"title":"TRAGEDIA EN EL PANTANO Y OTROS RELATOS - Catalogo | Letrame Grupo Editorial","robots":{"index":"index","follow":"follow","max-snippet":"max-snippet:-1","max-image-preview":"max-image-preview:large","max-video-preview":"max-video-preview:-1"},"canonical":"https:\/\/letrame.com\/catalogo\/producto\/tragedia-en-el-pantano-y-otros-relatos\/","og_locale":"es_ES","og_type":"article","og_title":"TRAGEDIA EN EL PANTANO Y OTROS RELATOS - Catalogo | Letrame Grupo Editorial","og_description":"ISBN: 978-84-1386-814-1 Juan Pedro Bl\u00e1zquez es un ingeniero experto en la producci\u00f3n de ign\u00edfugos y matafuegos destinados a la industria y a la empresa en general. Debido a su peligrosa edad, se encuentra de pronto inmerso en un proceso de reducci\u00f3n de personal, tan frecuente hoy en d\u00eda. El adelgazamiento de los costes empresariales da con sus huesos en el paro, poniendo en serio peligro su estatus y el de la familia, cuando descubre que ha sido v\u00edctima de un complot donde se han dado cita las grandes lacras de la sociedad actual: la corrupci\u00f3n empresarial, la falsificaci\u00f3n documental y la codicia sin l\u00edmites del ser humano. Desconociendo el terreno que pisa, se propone desenmascarar la trama con la ayuda de otros personajes a los que involucra y no duda en exponer en su labor detectivesca. Con un desarrollo y final tarantiniano, en esta novela Ra\u00fal \u00c1vila se introduce en el complicado mundo de la roman noire, con sus dosis de misterio, intriga y crimen en las porciones adecuadas.","og_url":"https:\/\/letrame.com\/catalogo\/producto\/tragedia-en-el-pantano-y-otros-relatos\/","og_site_name":"Catalogo | Letrame Grupo Editorial","article_modified_time":"2024-04-29T10:19:47+00:00","og_image":[{"width":1746,"height":2560,"url":"https:\/\/letrame.com\/catalogo\/wp-content\/uploads\/2024\/04\/Tragedia-en-el-pantano-scaled-1.jpeg","type":"image\/jpeg"}],"twitter_card":"summary_large_image","twitter_misc":{"Tiempo de lectura":"1 minuto"},"schema":{"@context":"https:\/\/schema.org","@graph":[{"@type":"WebPage","@id":"https:\/\/letrame.com\/catalogo\/producto\/tragedia-en-el-pantano-y-otros-relatos\/","url":"https:\/\/letrame.com\/catalogo\/producto\/tragedia-en-el-pantano-y-otros-relatos\/","name":"TRAGEDIA EN EL PANTANO Y OTROS RELATOS - Catalogo | Letrame Grupo Editorial","isPartOf":{"@id":"https:\/\/letrame.com\/catalogo\/#website"},"primaryImageOfPage":{"@id":"https:\/\/letrame.com\/catalogo\/producto\/tragedia-en-el-pantano-y-otros-relatos\/#primaryimage"},"image":{"@id":"https:\/\/letrame.com\/catalogo\/producto\/tragedia-en-el-pantano-y-otros-relatos\/#primaryimage"},"thumbnailUrl":"https:\/\/letrame.com\/catalogo\/wp-content\/uploads\/2024\/04\/Tragedia-en-el-pantano-scaled-1.jpeg","datePublished":"2024-04-29T10:19:25+00:00","dateModified":"2024-04-29T10:19:47+00:00","breadcrumb":{"@id":"https:\/\/letrame.com\/catalogo\/producto\/tragedia-en-el-pantano-y-otros-relatos\/#breadcrumb"},"inLanguage":"es","potentialAction":[{"@type":"ReadAction","target":["https:\/\/letrame.com\/catalogo\/producto\/tragedia-en-el-pantano-y-otros-relatos\/"]}]},{"@type":"ImageObject","inLanguage":"es","@id":"https:\/\/letrame.com\/catalogo\/producto\/tragedia-en-el-pantano-y-otros-relatos\/#primaryimage","url":"https:\/\/letrame.com\/catalogo\/wp-content\/uploads\/2024\/04\/Tragedia-en-el-pantano-scaled-1.jpeg","contentUrl":"https:\/\/letrame.com\/catalogo\/wp-content\/uploads\/2024\/04\/Tragedia-en-el-pantano-scaled-1.jpeg","width":1746,"height":2560},{"@type":"BreadcrumbList","@id":"https:\/\/letrame.com\/catalogo\/producto\/tragedia-en-el-pantano-y-otros-relatos\/#breadcrumb","itemListElement":[{"@type":"ListItem","position":1,"name":"Portada","item":"https:\/\/letrame.com\/catalogo\/"},{"@type":"ListItem","position":2,"name":"Cat\u00e1logo","item":"https:\/\/letrame.com\/catalogo\/"},{"@type":"ListItem","position":3,"name":"TRAGEDIA EN EL PANTANO Y OTROS RELATOS"}]},{"@type":"WebSite","@id":"https:\/\/letrame.com\/catalogo\/#website","url":"https:\/\/letrame.com\/catalogo\/","name":"Catalogo | Letrame Grupo Editorial","description":"","publisher":{"@id":"https:\/\/letrame.com\/catalogo\/#organization"},"potentialAction":[{"@type":"SearchAction","target":{"@type":"EntryPoint","urlTemplate":"https:\/\/letrame.com\/catalogo\/?s={search_term_string}"},"query-input":{"@type":"PropertyValueSpecification","valueRequired":true,"valueName":"search_term_string"}}],"inLanguage":"es"},{"@type":"Organization","@id":"https:\/\/letrame.com\/catalogo\/#organization","name":"Catalogo | Letrame Grupo Editorial","url":"https:\/\/letrame.com\/catalogo\/","logo":{"@type":"ImageObject","inLanguage":"es","@id":"https:\/\/letrame.com\/catalogo\/#\/schema\/logo\/image\/","url":"https:\/\/letrame.com\/catalogo\/wp-content\/uploads\/2024\/03\/logo2.webp","contentUrl":"https:\/\/letrame.com\/catalogo\/wp-content\/uploads\/2024\/03\/logo2.webp","width":394,"height":128,"caption":"Catalogo | Letrame Grupo Editorial"},"image":{"@id":"https:\/\/letrame.com\/catalogo\/#\/schema\/logo\/image\/"}}]}},"_links":{"self":[{"href":"https:\/\/letrame.com\/catalogo\/wp-json\/wp\/v2\/product\/96914","targetHints":{"allow":["GET"]}}],"collection":[{"href":"https:\/\/letrame.com\/catalogo\/wp-json\/wp\/v2\/product"}],"about":[{"href":"https:\/\/letrame.com\/catalogo\/wp-json\/wp\/v2\/types\/product"}],"replies":[{"embeddable":true,"href":"https:\/\/letrame.com\/catalogo\/wp-json\/wp\/v2\/comments?post=96914"}],"wp:featuredmedia":[{"embeddable":true,"href":"https:\/\/letrame.com\/catalogo\/wp-json\/wp\/v2\/media\/96915"}],"wp:attachment":[{"href":"https:\/\/letrame.com\/catalogo\/wp-json\/wp\/v2\/media?parent=96914"}],"wp:term":[{"taxonomy":"libro","embeddable":true,"href":"https:\/\/letrame.com\/catalogo\/wp-json\/wp\/v2\/libro?post=96914"},{"taxonomy":"product_brand","embeddable":true,"href":"https:\/\/letrame.com\/catalogo\/wp-json\/wp\/v2\/product_brand?post=96914"},{"taxonomy":"product_cat","embeddable":true,"href":"https:\/\/letrame.com\/catalogo\/wp-json\/wp\/v2\/product_cat?post=96914"},{"taxonomy":"product_tag","embeddable":true,"href":"https:\/\/letrame.com\/catalogo\/wp-json\/wp\/v2\/product_tag?post=96914"}],"curies":[{"name":"wp","href":"https:\/\/api.w.org\/{rel}","templated":true}]}}