{"id":96909,"date":"2024-04-29T12:18:23","date_gmt":"2024-04-29T10:18:23","guid":{"rendered":"https:\/\/letrame.com\/catalogo\/producto\/evolucion-habilidades-singulares\/"},"modified":"2024-05-16T14:58:32","modified_gmt":"2024-05-16T12:58:32","slug":"evolucion-habilidades-singulares","status":"publish","type":"product","link":"https:\/\/letrame.com\/catalogo\/producto\/evolucion-habilidades-singulares\/","title":{"rendered":"Evoluci\u00f3n. Habilidades singulares"},"content":{"rendered":"<div class=\"page\" title=\"Page 6\">\n<div class=\"layoutArea\">\n<div class=\"column\">\n<p><strong>ISBN<\/strong>: 978-84-1386-697-0<\/p>\n<\/div>\n<\/div>\n<\/div>\n<p><b>T\u00edtulo<\/b><span style=\"font-weight: 400;\">: Evoluci\u00f3n. Habilidades singulares<\/span><span style=\"font-weight: 400;\"><br \/>\n<\/span><b>Fecha<\/b><span style=\"font-weight: 400;\">: 2021<\/span><span style=\"font-weight: 400;\"><br \/>\n<\/span><b>P\u00e1ginas<\/b><span style=\"font-weight: 400;\">: 212<\/span><\/p>\n<p><b>SINOPSIS<\/b><\/p>\n<p>Una singularidad es una excepci\u00f3n a una continuidad. Estas excepciones destacan por encima del resto, y eso, en una sociedad, est\u00e1 mal visto. Sin embargo, estas singularidades pueden representar algo positivo para la humanidad: pueden ser la salvaci\u00f3n que no sab\u00edan que necesitaban.<\/p>\n<p>En <em>Evoluci\u00f3n. Habilidades singulares<\/em>, tenemos una historia narrada a trav\u00e9s de otras historias. Gracias a personajes singulares, vemos c\u00f3mo, ante nuestros ojos, se teje el apocalipsis sobre la sociedad tal y como la conocemos. Un virus derribar\u00e1 al 75 % de la poblaci\u00f3n, y nuestros protagonistas, utilizando sus habilidades, tendr\u00e1n que cumplir con su destino. Para embarcarte en esta aventura, necesitar\u00e1s creer. Todo es posible cuando creemos.<\/p>\n","protected":false},"excerpt":{"rendered":"<div class=\"page\" title=\"Page 6\">\n<div class=\"layoutArea\">\n<div class=\"column\">\n<p><strong>ISBN: 978-84-1386-697-0<\/strong><\/p>\n<p>Una singularidad es una excepci\u00f3n a una continuidad. Estas excepciones destacan por encima del resto, y eso, en una sociedad, est\u00e1 mal visto. Sin embargo, estas singularidades pueden representar algo positivo para la humanidad: pueden ser la salvaci\u00f3n que no sab\u00edan que necesitaban.<\/p>\n<p>En <em>Evoluci\u00f3n. Habilidades singulares<\/em>, tenemos una historia narrada a trav\u00e9s de otras historias. Gracias a personajes singulares, vemos c\u00f3mo, ante nuestros ojos, se teje el apocalipsis sobre la sociedad tal y como la conocemos. Un virus derribar\u00e1 al 75 % de la poblaci\u00f3n, y nuestros protagonistas, utilizando sus habilidades, tendr\u00e1n que cumplir con su destino. Para embarcarte en esta aventura, necesitar\u00e1s creer. Todo es posible cuando creemos.<\/p>\n<\/div>\n<\/div>\n<\/div>\n","protected":false},"featured_media":100323,"comment_status":"closed","ping_status":"closed","template":"","meta":{"_acf_changed":false},"libro":[],"product_brand":[],"product_cat":[16],"product_tag":[],"class_list":{"0":"post-96909","1":"product","2":"type-product","3":"status-publish","4":"has-post-thumbnail","6":"product_cat-novela","8":"first","9":"instock","10":"product-type-simple"},"acf":{"autor":[75565],"enlace_de_compra":""},"yoast_head":"<!-- This site is optimized with the Yoast SEO plugin v27.4 - https:\/\/yoast.com\/product\/yoast-seo-wordpress\/ -->\n<title>Evoluci\u00f3n. Habilidades singulares - Catalogo | Letrame Grupo Editorial<\/title>\n<meta name=\"robots\" content=\"index, follow, max-snippet:-1, max-image-preview:large, max-video-preview:-1\" \/>\n<link rel=\"canonical\" href=\"https:\/\/letrame.com\/catalogo\/producto\/evolucion-habilidades-singulares\/\" \/>\n<meta property=\"og:locale\" content=\"es_ES\" \/>\n<meta property=\"og:type\" content=\"article\" \/>\n<meta property=\"og:title\" content=\"Evoluci\u00f3n. Habilidades singulares - Catalogo | Letrame Grupo Editorial\" \/>\n<meta property=\"og:description\" content=\"ISBN: 978-84-1386-697-0  Una singularidad es una excepci\u00f3n a una continuidad. Estas excepciones destacan por encima del resto, y eso, en una sociedad, est\u00e1 mal visto. Sin embargo, estas singularidades pueden representar algo positivo para la humanidad: pueden ser la salvaci\u00f3n que no sab\u00edan que necesitaban.  En Evoluci\u00f3n. Habilidades singulares, tenemos una historia narrada a trav\u00e9s de otras historias. Gracias a personajes singulares, vemos c\u00f3mo, ante nuestros ojos, se teje el apocalipsis sobre la sociedad tal y como la conocemos. Un virus derribar\u00e1 al 75 % de la poblaci\u00f3n, y nuestros protagonistas, utilizando sus habilidades, tendr\u00e1n que cumplir con su destino. Para embarcarte en esta aventura, necesitar\u00e1s creer. Todo es posible cuando creemos.\" \/>\n<meta property=\"og:url\" content=\"https:\/\/letrame.com\/catalogo\/producto\/evolucion-habilidades-singulares\/\" \/>\n<meta property=\"og:site_name\" content=\"Catalogo | Letrame Grupo Editorial\" \/>\n<meta property=\"article:modified_time\" content=\"2024-05-16T12:58:32+00:00\" \/>\n<meta property=\"og:image\" content=\"https:\/\/letrame.com\/catalogo\/wp-content\/uploads\/2024\/04\/Evolucion.webp\" \/>\n\t<meta property=\"og:image:width\" content=\"1772\" \/>\n\t<meta property=\"og:image:height\" content=\"2480\" \/>\n\t<meta property=\"og:image:type\" content=\"image\/webp\" \/>\n<meta name=\"twitter:card\" content=\"summary_large_image\" \/>\n<meta name=\"twitter:label1\" content=\"Tiempo de lectura\" \/>\n\t<meta name=\"twitter:data1\" content=\"1 minuto\" \/>\n<script type=\"application\/ld+json\" class=\"yoast-schema-graph\">{\"@context\":\"https:\\\/\\\/schema.org\",\"@graph\":[{\"@type\":\"WebPage\",\"@id\":\"https:\\\/\\\/letrame.com\\\/catalogo\\\/producto\\\/evolucion-habilidades-singulares\\\/\",\"url\":\"https:\\\/\\\/letrame.com\\\/catalogo\\\/producto\\\/evolucion-habilidades-singulares\\\/\",\"name\":\"Evoluci\u00f3n. Habilidades singulares - Catalogo | Letrame Grupo Editorial\",\"isPartOf\":{\"@id\":\"https:\\\/\\\/letrame.com\\\/catalogo\\\/#website\"},\"primaryImageOfPage\":{\"@id\":\"https:\\\/\\\/letrame.com\\\/catalogo\\\/producto\\\/evolucion-habilidades-singulares\\\/#primaryimage\"},\"image\":{\"@id\":\"https:\\\/\\\/letrame.com\\\/catalogo\\\/producto\\\/evolucion-habilidades-singulares\\\/#primaryimage\"},\"thumbnailUrl\":\"https:\\\/\\\/letrame.com\\\/catalogo\\\/wp-content\\\/uploads\\\/2024\\\/04\\\/Evolucion.webp\",\"datePublished\":\"2024-04-29T10:18:23+00:00\",\"dateModified\":\"2024-05-16T12:58:32+00:00\",\"breadcrumb\":{\"@id\":\"https:\\\/\\\/letrame.com\\\/catalogo\\\/producto\\\/evolucion-habilidades-singulares\\\/#breadcrumb\"},\"inLanguage\":\"es\",\"potentialAction\":[{\"@type\":\"ReadAction\",\"target\":[\"https:\\\/\\\/letrame.com\\\/catalogo\\\/producto\\\/evolucion-habilidades-singulares\\\/\"]}]},{\"@type\":\"ImageObject\",\"inLanguage\":\"es\",\"@id\":\"https:\\\/\\\/letrame.com\\\/catalogo\\\/producto\\\/evolucion-habilidades-singulares\\\/#primaryimage\",\"url\":\"https:\\\/\\\/letrame.com\\\/catalogo\\\/wp-content\\\/uploads\\\/2024\\\/04\\\/Evolucion.webp\",\"contentUrl\":\"https:\\\/\\\/letrame.com\\\/catalogo\\\/wp-content\\\/uploads\\\/2024\\\/04\\\/Evolucion.webp\",\"width\":1772,\"height\":2480},{\"@type\":\"BreadcrumbList\",\"@id\":\"https:\\\/\\\/letrame.com\\\/catalogo\\\/producto\\\/evolucion-habilidades-singulares\\\/#breadcrumb\",\"itemListElement\":[{\"@type\":\"ListItem\",\"position\":1,\"name\":\"Portada\",\"item\":\"https:\\\/\\\/letrame.com\\\/catalogo\\\/\"},{\"@type\":\"ListItem\",\"position\":2,\"name\":\"Cat\u00e1logo\",\"item\":\"https:\\\/\\\/letrame.com\\\/catalogo\\\/\"},{\"@type\":\"ListItem\",\"position\":3,\"name\":\"Evoluci\u00f3n. Habilidades singulares\"}]},{\"@type\":\"WebSite\",\"@id\":\"https:\\\/\\\/letrame.com\\\/catalogo\\\/#website\",\"url\":\"https:\\\/\\\/letrame.com\\\/catalogo\\\/\",\"name\":\"Catalogo | Letrame Grupo Editorial\",\"description\":\"\",\"publisher\":{\"@id\":\"https:\\\/\\\/letrame.com\\\/catalogo\\\/#organization\"},\"potentialAction\":[{\"@type\":\"SearchAction\",\"target\":{\"@type\":\"EntryPoint\",\"urlTemplate\":\"https:\\\/\\\/letrame.com\\\/catalogo\\\/?s={search_term_string}\"},\"query-input\":{\"@type\":\"PropertyValueSpecification\",\"valueRequired\":true,\"valueName\":\"search_term_string\"}}],\"inLanguage\":\"es\"},{\"@type\":\"Organization\",\"@id\":\"https:\\\/\\\/letrame.com\\\/catalogo\\\/#organization\",\"name\":\"Catalogo | Letrame Grupo Editorial\",\"url\":\"https:\\\/\\\/letrame.com\\\/catalogo\\\/\",\"logo\":{\"@type\":\"ImageObject\",\"inLanguage\":\"es\",\"@id\":\"https:\\\/\\\/letrame.com\\\/catalogo\\\/#\\\/schema\\\/logo\\\/image\\\/\",\"url\":\"https:\\\/\\\/letrame.com\\\/catalogo\\\/wp-content\\\/uploads\\\/2024\\\/03\\\/logo2.webp\",\"contentUrl\":\"https:\\\/\\\/letrame.com\\\/catalogo\\\/wp-content\\\/uploads\\\/2024\\\/03\\\/logo2.webp\",\"width\":394,\"height\":128,\"caption\":\"Catalogo | Letrame Grupo Editorial\"},\"image\":{\"@id\":\"https:\\\/\\\/letrame.com\\\/catalogo\\\/#\\\/schema\\\/logo\\\/image\\\/\"}}]}<\/script>\n<!-- \/ Yoast SEO plugin. -->","yoast_head_json":{"title":"Evoluci\u00f3n. Habilidades singulares - Catalogo | Letrame Grupo Editorial","robots":{"index":"index","follow":"follow","max-snippet":"max-snippet:-1","max-image-preview":"max-image-preview:large","max-video-preview":"max-video-preview:-1"},"canonical":"https:\/\/letrame.com\/catalogo\/producto\/evolucion-habilidades-singulares\/","og_locale":"es_ES","og_type":"article","og_title":"Evoluci\u00f3n. Habilidades singulares - Catalogo | Letrame Grupo Editorial","og_description":"ISBN: 978-84-1386-697-0  Una singularidad es una excepci\u00f3n a una continuidad. Estas excepciones destacan por encima del resto, y eso, en una sociedad, est\u00e1 mal visto. Sin embargo, estas singularidades pueden representar algo positivo para la humanidad: pueden ser la salvaci\u00f3n que no sab\u00edan que necesitaban.  En Evoluci\u00f3n. Habilidades singulares, tenemos una historia narrada a trav\u00e9s de otras historias. Gracias a personajes singulares, vemos c\u00f3mo, ante nuestros ojos, se teje el apocalipsis sobre la sociedad tal y como la conocemos. Un virus derribar\u00e1 al 75 % de la poblaci\u00f3n, y nuestros protagonistas, utilizando sus habilidades, tendr\u00e1n que cumplir con su destino. Para embarcarte en esta aventura, necesitar\u00e1s creer. Todo es posible cuando creemos.","og_url":"https:\/\/letrame.com\/catalogo\/producto\/evolucion-habilidades-singulares\/","og_site_name":"Catalogo | Letrame Grupo Editorial","article_modified_time":"2024-05-16T12:58:32+00:00","og_image":[{"width":1772,"height":2480,"url":"https:\/\/letrame.com\/catalogo\/wp-content\/uploads\/2024\/04\/Evolucion.webp","type":"image\/webp"}],"twitter_card":"summary_large_image","twitter_misc":{"Tiempo de lectura":"1 minuto"},"schema":{"@context":"https:\/\/schema.org","@graph":[{"@type":"WebPage","@id":"https:\/\/letrame.com\/catalogo\/producto\/evolucion-habilidades-singulares\/","url":"https:\/\/letrame.com\/catalogo\/producto\/evolucion-habilidades-singulares\/","name":"Evoluci\u00f3n. Habilidades singulares - Catalogo | Letrame Grupo Editorial","isPartOf":{"@id":"https:\/\/letrame.com\/catalogo\/#website"},"primaryImageOfPage":{"@id":"https:\/\/letrame.com\/catalogo\/producto\/evolucion-habilidades-singulares\/#primaryimage"},"image":{"@id":"https:\/\/letrame.com\/catalogo\/producto\/evolucion-habilidades-singulares\/#primaryimage"},"thumbnailUrl":"https:\/\/letrame.com\/catalogo\/wp-content\/uploads\/2024\/04\/Evolucion.webp","datePublished":"2024-04-29T10:18:23+00:00","dateModified":"2024-05-16T12:58:32+00:00","breadcrumb":{"@id":"https:\/\/letrame.com\/catalogo\/producto\/evolucion-habilidades-singulares\/#breadcrumb"},"inLanguage":"es","potentialAction":[{"@type":"ReadAction","target":["https:\/\/letrame.com\/catalogo\/producto\/evolucion-habilidades-singulares\/"]}]},{"@type":"ImageObject","inLanguage":"es","@id":"https:\/\/letrame.com\/catalogo\/producto\/evolucion-habilidades-singulares\/#primaryimage","url":"https:\/\/letrame.com\/catalogo\/wp-content\/uploads\/2024\/04\/Evolucion.webp","contentUrl":"https:\/\/letrame.com\/catalogo\/wp-content\/uploads\/2024\/04\/Evolucion.webp","width":1772,"height":2480},{"@type":"BreadcrumbList","@id":"https:\/\/letrame.com\/catalogo\/producto\/evolucion-habilidades-singulares\/#breadcrumb","itemListElement":[{"@type":"ListItem","position":1,"name":"Portada","item":"https:\/\/letrame.com\/catalogo\/"},{"@type":"ListItem","position":2,"name":"Cat\u00e1logo","item":"https:\/\/letrame.com\/catalogo\/"},{"@type":"ListItem","position":3,"name":"Evoluci\u00f3n. Habilidades singulares"}]},{"@type":"WebSite","@id":"https:\/\/letrame.com\/catalogo\/#website","url":"https:\/\/letrame.com\/catalogo\/","name":"Catalogo | Letrame Grupo Editorial","description":"","publisher":{"@id":"https:\/\/letrame.com\/catalogo\/#organization"},"potentialAction":[{"@type":"SearchAction","target":{"@type":"EntryPoint","urlTemplate":"https:\/\/letrame.com\/catalogo\/?s={search_term_string}"},"query-input":{"@type":"PropertyValueSpecification","valueRequired":true,"valueName":"search_term_string"}}],"inLanguage":"es"},{"@type":"Organization","@id":"https:\/\/letrame.com\/catalogo\/#organization","name":"Catalogo | Letrame Grupo Editorial","url":"https:\/\/letrame.com\/catalogo\/","logo":{"@type":"ImageObject","inLanguage":"es","@id":"https:\/\/letrame.com\/catalogo\/#\/schema\/logo\/image\/","url":"https:\/\/letrame.com\/catalogo\/wp-content\/uploads\/2024\/03\/logo2.webp","contentUrl":"https:\/\/letrame.com\/catalogo\/wp-content\/uploads\/2024\/03\/logo2.webp","width":394,"height":128,"caption":"Catalogo | Letrame Grupo Editorial"},"image":{"@id":"https:\/\/letrame.com\/catalogo\/#\/schema\/logo\/image\/"}}]}},"_links":{"self":[{"href":"https:\/\/letrame.com\/catalogo\/wp-json\/wp\/v2\/product\/96909","targetHints":{"allow":["GET"]}}],"collection":[{"href":"https:\/\/letrame.com\/catalogo\/wp-json\/wp\/v2\/product"}],"about":[{"href":"https:\/\/letrame.com\/catalogo\/wp-json\/wp\/v2\/types\/product"}],"replies":[{"embeddable":true,"href":"https:\/\/letrame.com\/catalogo\/wp-json\/wp\/v2\/comments?post=96909"}],"acf:post":[{"embeddable":true,"href":"https:\/\/letrame.com\/catalogo\/wp-json\/wp\/v2\/author_book\/75565"}],"wp:featuredmedia":[{"embeddable":true,"href":"https:\/\/letrame.com\/catalogo\/wp-json\/wp\/v2\/media\/100323"}],"wp:attachment":[{"href":"https:\/\/letrame.com\/catalogo\/wp-json\/wp\/v2\/media?parent=96909"}],"wp:term":[{"taxonomy":"libro","embeddable":true,"href":"https:\/\/letrame.com\/catalogo\/wp-json\/wp\/v2\/libro?post=96909"},{"taxonomy":"product_brand","embeddable":true,"href":"https:\/\/letrame.com\/catalogo\/wp-json\/wp\/v2\/product_brand?post=96909"},{"taxonomy":"product_cat","embeddable":true,"href":"https:\/\/letrame.com\/catalogo\/wp-json\/wp\/v2\/product_cat?post=96909"},{"taxonomy":"product_tag","embeddable":true,"href":"https:\/\/letrame.com\/catalogo\/wp-json\/wp\/v2\/product_tag?post=96909"}],"curies":[{"name":"wp","href":"https:\/\/api.w.org\/{rel}","templated":true}]}}