{"id":96905,"date":"2024-04-29T12:17:11","date_gmt":"2024-04-29T10:17:11","guid":{"rendered":"https:\/\/letrame.com\/catalogo\/producto\/tocan-las-campanas-a-concejo\/"},"modified":"2024-07-16T11:45:14","modified_gmt":"2024-07-16T09:45:14","slug":"tocan-las-campanas-a-concejo","status":"publish","type":"product","link":"https:\/\/letrame.com\/catalogo\/producto\/tocan-las-campanas-a-concejo\/","title":{"rendered":"Tocan las campanas a concejo"},"content":{"rendered":"<p><strong>ISBN<\/strong>: 978-84-1386-712-0<\/p>\n<p><b>T\u00edtulo<\/b><span style=\"font-weight: 400;\">: Tocan las campanas a concejo<\/span><span style=\"font-weight: 400;\"><br \/>\n<\/span><b>Fecha<\/b><span style=\"font-weight: 400;\">: 2021<\/span><span style=\"font-weight: 400;\"><br \/>\n<\/span><b>P\u00e1ginas<\/b><span style=\"font-weight: 400;\">: 626<\/span><\/p>\n<p><b>SINOPSIS<\/b><\/p>\n<p>Desde el momento en que Honorio Balbuena sali\u00f3 de su casa monte arriba esa ma\u00f1ana sin decir nada, el destino de su pueblo cambiar\u00eda\u2026<\/p>\n<p><em>Tocan las campanas a Concejo <\/em>narra la historia de un conflicto entre las gentes sencillas de unos pueblos monta\u00f1eses apegados a su tierra y el poder establecido. Son tiempos de cambios en aras de un \u201cprogreso\u201d \u00a0que amenaza con la destrucci\u00f3n de una forma de vida.<\/p>\n<p>Las noticias de lo que les espera corren de casa en casa y la vida cotidiana entre las gentes pasa a serlo solo en apariencia.\u00a0 Las promesas de un futuro mejor alimentan en algunos \u00a0el deseo del adi\u00f3s a una vida que sienten miserable; y tambi\u00e9n la codicia de quienes anhelan alcanzar otros sue\u00f1os de grandeza; y la ignorancia&#8230;no tiene l\u00edmites. S\u00f3lo ellos, los ni\u00f1os, parecen ser capaces de mostrarse como son, sinceros y vitales.<\/p>\n<p>Los hermanos \u00a0Balbuena, representantes del pueblo, se ven obligados a tomar la decisi\u00f3n que nunca antes hubieran imaginado y hacen sonar las campanas a Concejo llamando al pueblo para defenderse de un Estado totalitario. Casi nadie habla entonces de sus miedos o intereses en particular, y ninguno sabe lo que va a pasar, pero as\u00ed lo han hecho siempre, y juntos, as\u00ed lo har\u00e1n\u2026<\/p>\n<p>Un relato inspirado en la comarca de\u00a0 Ria\u00f1o, provincia de Le\u00f3n.<\/p>\n","protected":false},"excerpt":{"rendered":"<p><strong>ISBN: 978-84-1386-712-0<\/strong><\/p>\n<p><em>Tocan las campanas a Concejo <\/em>narra la historia de un conflicto entre las gentes sencillas de unos pueblos monta\u00f1eses apegados a su tierra y el poder establecido. Son tiempos de cambios en aras de un \u201cprogreso\u201d \u00a0que amenaza con la destrucci\u00f3n de una forma de vida.<\/p>\n<p>Las noticias de lo que les espera corren de casa en casa y la vida cotidiana entre las gentes pasa a serlo solo en apariencia.\u00a0 Las promesas de un futuro mejor alimentan en algunos \u00a0el deseo del adi\u00f3s a una vida que sienten miserable; y tambi\u00e9n la codicia de quienes anhelan alcanzar otros sue\u00f1os de grandeza; y la ignorancia&#8230;no tiene l\u00edmites. S\u00f3lo ellos, los ni\u00f1os, parecen ser capaces de mostrarse como son, sinceros y vitales.<\/p>\n","protected":false},"featured_media":96906,"comment_status":"closed","ping_status":"closed","template":"","meta":{"_acf_changed":false},"libro":[],"product_brand":[],"product_cat":[16],"product_tag":[],"class_list":{"0":"post-96905","1":"product","2":"type-product","3":"status-publish","4":"has-post-thumbnail","6":"product_cat-novela","8":"first","9":"instock","10":"purchasable","11":"product-type-simple"},"acf":{"autor":"","enlace_de_compra":"https:\/\/www.paypal.com\/cgi-bin\/webscr?cmd=_xclick&amp;business=HFZCBX97KY846&amp;lc=ES&amp;item_name=Libro%20Tocan%20las%20campanas%20a%20Concejo&amp;item_number=TLCC2021&amp;amount=19%2e99&amp;currency_code=EUR&amp;button_subtype=services&amp;no_note=0&amp;cn=A%c3%b1adir%20instrucciones%20especiales%20para%20el%20vendedor%3a&amp;no_shipping=2&amp;shipping=4%2e00&amp;bn=PP%2dBuyNowBF%3abtn_buynowCC_LG%2egif%3aNonHosted"},"yoast_head":"<!-- This site is optimized with the Yoast SEO plugin v26.6 - https:\/\/yoast.com\/wordpress\/plugins\/seo\/ -->\n<title>Tocan las campanas a concejo - Catalogo | Letrame Grupo Editorial<\/title>\n<meta name=\"robots\" content=\"index, follow, max-snippet:-1, max-image-preview:large, max-video-preview:-1\" \/>\n<link rel=\"canonical\" href=\"https:\/\/letrame.com\/catalogo\/producto\/tocan-las-campanas-a-concejo\/\" \/>\n<meta property=\"og:locale\" content=\"es_ES\" \/>\n<meta property=\"og:type\" content=\"article\" \/>\n<meta property=\"og:title\" content=\"Tocan las campanas a concejo - Catalogo | Letrame Grupo Editorial\" \/>\n<meta property=\"og:description\" content=\"ISBN: 978-84-1386-712-0  Tocan las campanas a Concejo narra la historia de un conflicto entre las gentes sencillas de unos pueblos monta\u00f1eses apegados a su tierra y el poder establecido. Son tiempos de cambios en aras de un \u201cprogreso\u201d \u00a0que amenaza con la destrucci\u00f3n de una forma de vida.  Las noticias de lo que les espera corren de casa en casa y la vida cotidiana entre las gentes pasa a serlo solo en apariencia.\u00a0 Las promesas de un futuro mejor alimentan en algunos \u00a0el deseo del adi\u00f3s a una vida que sienten miserable; y tambi\u00e9n la codicia de quienes anhelan alcanzar otros sue\u00f1os de grandeza; y la ignorancia...no tiene l\u00edmites. S\u00f3lo ellos, los ni\u00f1os, parecen ser capaces de mostrarse como son, sinceros y vitales.\" \/>\n<meta property=\"og:url\" content=\"https:\/\/letrame.com\/catalogo\/producto\/tocan-las-campanas-a-concejo\/\" \/>\n<meta property=\"og:site_name\" content=\"Catalogo | Letrame Grupo Editorial\" \/>\n<meta property=\"article:modified_time\" content=\"2024-07-16T09:45:14+00:00\" \/>\n<meta property=\"og:image\" content=\"https:\/\/letrame.com\/catalogo\/wp-content\/uploads\/2024\/04\/TOCAN-LAS-CAMPANAS-A-CONCEJO-scaled-1.jpeg\" \/>\n\t<meta property=\"og:image:width\" content=\"1746\" \/>\n\t<meta property=\"og:image:height\" content=\"2560\" \/>\n\t<meta property=\"og:image:type\" content=\"image\/jpeg\" \/>\n<meta name=\"twitter:card\" content=\"summary_large_image\" \/>\n<meta name=\"twitter:label1\" content=\"Tiempo de lectura\" \/>\n\t<meta name=\"twitter:data1\" content=\"2 minutos\" \/>\n<script type=\"application\/ld+json\" class=\"yoast-schema-graph\">{\"@context\":\"https:\/\/schema.org\",\"@graph\":[{\"@type\":\"WebPage\",\"@id\":\"https:\/\/letrame.com\/catalogo\/producto\/tocan-las-campanas-a-concejo\/\",\"url\":\"https:\/\/letrame.com\/catalogo\/producto\/tocan-las-campanas-a-concejo\/\",\"name\":\"Tocan las campanas a concejo - Catalogo | Letrame Grupo Editorial\",\"isPartOf\":{\"@id\":\"https:\/\/letrame.com\/catalogo\/#website\"},\"primaryImageOfPage\":{\"@id\":\"https:\/\/letrame.com\/catalogo\/producto\/tocan-las-campanas-a-concejo\/#primaryimage\"},\"image\":{\"@id\":\"https:\/\/letrame.com\/catalogo\/producto\/tocan-las-campanas-a-concejo\/#primaryimage\"},\"thumbnailUrl\":\"https:\/\/letrame.com\/catalogo\/wp-content\/uploads\/2024\/04\/TOCAN-LAS-CAMPANAS-A-CONCEJO-scaled-1.jpeg\",\"datePublished\":\"2024-04-29T10:17:11+00:00\",\"dateModified\":\"2024-07-16T09:45:14+00:00\",\"breadcrumb\":{\"@id\":\"https:\/\/letrame.com\/catalogo\/producto\/tocan-las-campanas-a-concejo\/#breadcrumb\"},\"inLanguage\":\"es\",\"potentialAction\":[{\"@type\":\"ReadAction\",\"target\":[\"https:\/\/letrame.com\/catalogo\/producto\/tocan-las-campanas-a-concejo\/\"]}]},{\"@type\":\"ImageObject\",\"inLanguage\":\"es\",\"@id\":\"https:\/\/letrame.com\/catalogo\/producto\/tocan-las-campanas-a-concejo\/#primaryimage\",\"url\":\"https:\/\/letrame.com\/catalogo\/wp-content\/uploads\/2024\/04\/TOCAN-LAS-CAMPANAS-A-CONCEJO-scaled-1.jpeg\",\"contentUrl\":\"https:\/\/letrame.com\/catalogo\/wp-content\/uploads\/2024\/04\/TOCAN-LAS-CAMPANAS-A-CONCEJO-scaled-1.jpeg\",\"width\":1746,\"height\":2560},{\"@type\":\"BreadcrumbList\",\"@id\":\"https:\/\/letrame.com\/catalogo\/producto\/tocan-las-campanas-a-concejo\/#breadcrumb\",\"itemListElement\":[{\"@type\":\"ListItem\",\"position\":1,\"name\":\"Portada\",\"item\":\"https:\/\/letrame.com\/catalogo\/\"},{\"@type\":\"ListItem\",\"position\":2,\"name\":\"Cat\u00e1logo\",\"item\":\"https:\/\/letrame.com\/catalogo\/\"},{\"@type\":\"ListItem\",\"position\":3,\"name\":\"Tocan las campanas a concejo\"}]},{\"@type\":\"WebSite\",\"@id\":\"https:\/\/letrame.com\/catalogo\/#website\",\"url\":\"https:\/\/letrame.com\/catalogo\/\",\"name\":\"Catalogo | Letrame Grupo Editorial\",\"description\":\"\",\"publisher\":{\"@id\":\"https:\/\/letrame.com\/catalogo\/#organization\"},\"potentialAction\":[{\"@type\":\"SearchAction\",\"target\":{\"@type\":\"EntryPoint\",\"urlTemplate\":\"https:\/\/letrame.com\/catalogo\/?s={search_term_string}\"},\"query-input\":{\"@type\":\"PropertyValueSpecification\",\"valueRequired\":true,\"valueName\":\"search_term_string\"}}],\"inLanguage\":\"es\"},{\"@type\":\"Organization\",\"@id\":\"https:\/\/letrame.com\/catalogo\/#organization\",\"name\":\"Catalogo | Letrame Grupo Editorial\",\"url\":\"https:\/\/letrame.com\/catalogo\/\",\"logo\":{\"@type\":\"ImageObject\",\"inLanguage\":\"es\",\"@id\":\"https:\/\/letrame.com\/catalogo\/#\/schema\/logo\/image\/\",\"url\":\"https:\/\/letrame.com\/catalogo\/wp-content\/uploads\/2024\/03\/logo2.webp\",\"contentUrl\":\"https:\/\/letrame.com\/catalogo\/wp-content\/uploads\/2024\/03\/logo2.webp\",\"width\":394,\"height\":128,\"caption\":\"Catalogo | Letrame Grupo Editorial\"},\"image\":{\"@id\":\"https:\/\/letrame.com\/catalogo\/#\/schema\/logo\/image\/\"}}]}<\/script>\n<!-- \/ Yoast SEO plugin. -->","yoast_head_json":{"title":"Tocan las campanas a concejo - Catalogo | Letrame Grupo Editorial","robots":{"index":"index","follow":"follow","max-snippet":"max-snippet:-1","max-image-preview":"max-image-preview:large","max-video-preview":"max-video-preview:-1"},"canonical":"https:\/\/letrame.com\/catalogo\/producto\/tocan-las-campanas-a-concejo\/","og_locale":"es_ES","og_type":"article","og_title":"Tocan las campanas a concejo - Catalogo | Letrame Grupo Editorial","og_description":"ISBN: 978-84-1386-712-0  Tocan las campanas a Concejo narra la historia de un conflicto entre las gentes sencillas de unos pueblos monta\u00f1eses apegados a su tierra y el poder establecido. Son tiempos de cambios en aras de un \u201cprogreso\u201d \u00a0que amenaza con la destrucci\u00f3n de una forma de vida.  Las noticias de lo que les espera corren de casa en casa y la vida cotidiana entre las gentes pasa a serlo solo en apariencia.\u00a0 Las promesas de un futuro mejor alimentan en algunos \u00a0el deseo del adi\u00f3s a una vida que sienten miserable; y tambi\u00e9n la codicia de quienes anhelan alcanzar otros sue\u00f1os de grandeza; y la ignorancia...no tiene l\u00edmites. S\u00f3lo ellos, los ni\u00f1os, parecen ser capaces de mostrarse como son, sinceros y vitales.","og_url":"https:\/\/letrame.com\/catalogo\/producto\/tocan-las-campanas-a-concejo\/","og_site_name":"Catalogo | Letrame Grupo Editorial","article_modified_time":"2024-07-16T09:45:14+00:00","og_image":[{"width":1746,"height":2560,"url":"https:\/\/letrame.com\/catalogo\/wp-content\/uploads\/2024\/04\/TOCAN-LAS-CAMPANAS-A-CONCEJO-scaled-1.jpeg","type":"image\/jpeg"}],"twitter_card":"summary_large_image","twitter_misc":{"Tiempo de lectura":"2 minutos"},"schema":{"@context":"https:\/\/schema.org","@graph":[{"@type":"WebPage","@id":"https:\/\/letrame.com\/catalogo\/producto\/tocan-las-campanas-a-concejo\/","url":"https:\/\/letrame.com\/catalogo\/producto\/tocan-las-campanas-a-concejo\/","name":"Tocan las campanas a concejo - Catalogo | Letrame Grupo Editorial","isPartOf":{"@id":"https:\/\/letrame.com\/catalogo\/#website"},"primaryImageOfPage":{"@id":"https:\/\/letrame.com\/catalogo\/producto\/tocan-las-campanas-a-concejo\/#primaryimage"},"image":{"@id":"https:\/\/letrame.com\/catalogo\/producto\/tocan-las-campanas-a-concejo\/#primaryimage"},"thumbnailUrl":"https:\/\/letrame.com\/catalogo\/wp-content\/uploads\/2024\/04\/TOCAN-LAS-CAMPANAS-A-CONCEJO-scaled-1.jpeg","datePublished":"2024-04-29T10:17:11+00:00","dateModified":"2024-07-16T09:45:14+00:00","breadcrumb":{"@id":"https:\/\/letrame.com\/catalogo\/producto\/tocan-las-campanas-a-concejo\/#breadcrumb"},"inLanguage":"es","potentialAction":[{"@type":"ReadAction","target":["https:\/\/letrame.com\/catalogo\/producto\/tocan-las-campanas-a-concejo\/"]}]},{"@type":"ImageObject","inLanguage":"es","@id":"https:\/\/letrame.com\/catalogo\/producto\/tocan-las-campanas-a-concejo\/#primaryimage","url":"https:\/\/letrame.com\/catalogo\/wp-content\/uploads\/2024\/04\/TOCAN-LAS-CAMPANAS-A-CONCEJO-scaled-1.jpeg","contentUrl":"https:\/\/letrame.com\/catalogo\/wp-content\/uploads\/2024\/04\/TOCAN-LAS-CAMPANAS-A-CONCEJO-scaled-1.jpeg","width":1746,"height":2560},{"@type":"BreadcrumbList","@id":"https:\/\/letrame.com\/catalogo\/producto\/tocan-las-campanas-a-concejo\/#breadcrumb","itemListElement":[{"@type":"ListItem","position":1,"name":"Portada","item":"https:\/\/letrame.com\/catalogo\/"},{"@type":"ListItem","position":2,"name":"Cat\u00e1logo","item":"https:\/\/letrame.com\/catalogo\/"},{"@type":"ListItem","position":3,"name":"Tocan las campanas a concejo"}]},{"@type":"WebSite","@id":"https:\/\/letrame.com\/catalogo\/#website","url":"https:\/\/letrame.com\/catalogo\/","name":"Catalogo | Letrame Grupo Editorial","description":"","publisher":{"@id":"https:\/\/letrame.com\/catalogo\/#organization"},"potentialAction":[{"@type":"SearchAction","target":{"@type":"EntryPoint","urlTemplate":"https:\/\/letrame.com\/catalogo\/?s={search_term_string}"},"query-input":{"@type":"PropertyValueSpecification","valueRequired":true,"valueName":"search_term_string"}}],"inLanguage":"es"},{"@type":"Organization","@id":"https:\/\/letrame.com\/catalogo\/#organization","name":"Catalogo | Letrame Grupo Editorial","url":"https:\/\/letrame.com\/catalogo\/","logo":{"@type":"ImageObject","inLanguage":"es","@id":"https:\/\/letrame.com\/catalogo\/#\/schema\/logo\/image\/","url":"https:\/\/letrame.com\/catalogo\/wp-content\/uploads\/2024\/03\/logo2.webp","contentUrl":"https:\/\/letrame.com\/catalogo\/wp-content\/uploads\/2024\/03\/logo2.webp","width":394,"height":128,"caption":"Catalogo | Letrame Grupo Editorial"},"image":{"@id":"https:\/\/letrame.com\/catalogo\/#\/schema\/logo\/image\/"}}]}},"_links":{"self":[{"href":"https:\/\/letrame.com\/catalogo\/wp-json\/wp\/v2\/product\/96905","targetHints":{"allow":["GET"]}}],"collection":[{"href":"https:\/\/letrame.com\/catalogo\/wp-json\/wp\/v2\/product"}],"about":[{"href":"https:\/\/letrame.com\/catalogo\/wp-json\/wp\/v2\/types\/product"}],"replies":[{"embeddable":true,"href":"https:\/\/letrame.com\/catalogo\/wp-json\/wp\/v2\/comments?post=96905"}],"wp:featuredmedia":[{"embeddable":true,"href":"https:\/\/letrame.com\/catalogo\/wp-json\/wp\/v2\/media\/96906"}],"wp:attachment":[{"href":"https:\/\/letrame.com\/catalogo\/wp-json\/wp\/v2\/media?parent=96905"}],"wp:term":[{"taxonomy":"libro","embeddable":true,"href":"https:\/\/letrame.com\/catalogo\/wp-json\/wp\/v2\/libro?post=96905"},{"taxonomy":"product_brand","embeddable":true,"href":"https:\/\/letrame.com\/catalogo\/wp-json\/wp\/v2\/product_brand?post=96905"},{"taxonomy":"product_cat","embeddable":true,"href":"https:\/\/letrame.com\/catalogo\/wp-json\/wp\/v2\/product_cat?post=96905"},{"taxonomy":"product_tag","embeddable":true,"href":"https:\/\/letrame.com\/catalogo\/wp-json\/wp\/v2\/product_tag?post=96905"}],"curies":[{"name":"wp","href":"https:\/\/api.w.org\/{rel}","templated":true}]}}