{"id":96903,"date":"2024-04-29T12:17:11","date_gmt":"2024-04-29T10:17:11","guid":{"rendered":"https:\/\/letrame.com\/catalogo\/producto\/tendencia-al-desastre\/"},"modified":"2024-04-29T12:17:36","modified_gmt":"2024-04-29T10:17:36","slug":"tendencia-al-desastre","status":"publish","type":"product","link":"https:\/\/letrame.com\/catalogo\/producto\/tendencia-al-desastre\/","title":{"rendered":"Tendencia al desastre"},"content":{"rendered":"<div class=\"page\" title=\"Page 6\">\n<div class=\"layoutArea\">\n<div class=\"column\">\n<p><strong>ISBN<\/strong>: 978-84-1386-542-3<\/p>\n<\/div>\n<\/div>\n<\/div>\n<p><b>T\u00edtulo<\/b><span style=\"font-weight: 400;\">: TENDENCIA AL DESASTRE. Todo lo que pasa cuando decides no sanar<\/span><span style=\"font-weight: 400;\"><br \/>\n<\/span><b>Fecha<\/b><span style=\"font-weight: 400;\">: 2021<\/span><span style=\"font-weight: 400;\"><br \/>\n<\/span><b>P\u00e1ginas<\/b><span style=\"font-weight: 400;\">: 168<\/span><\/p>\n<p><b>SINOPSIS<\/b><\/p>\n<p>Cuando terminas una relaci\u00f3n tienes dos opciones:<\/p>\n<p>sanar o dejarte llevar por la tendencia al desastre,<\/p>\n<p>deambular hacia \u00e9l.<\/p>\n<p>_<\/p>\n<p>Este libro describe esta segunda opci\u00f3n,<\/p>\n<p>mi viaje sin retorno.<\/p>\n<p>Con pocas subidas<\/p>\n<p>y demasiadas bajadas.<\/p>\n<p>_<\/p>\n<p>Todos los caminos conducen al desastre.<\/p>\n<p>\u00a1Qu\u00e9 envidia debe tenerle Roma!<\/p>\n<p>_<\/p>\n<p>Y, aunque lucho con todas mis fuerzas por salir del desastroso desastre,<\/p>\n<p>siempre hay algo,<\/p>\n<p>o alguien,<\/p>\n<p>que me devuelve a \u00e9l.<\/p>\n","protected":false},"excerpt":{"rendered":"<p><strong>ISBN: 978-84-1386-542-3<\/strong><\/p>\n<p>Cuando terminas una relaci\u00f3n tienes dos opciones:<\/p>\n<p>sanar o dejarte llevar por la tendencia al desastre,<\/p>\n<p>deambular hacia \u00e9l.<\/p>\n<p>_<\/p>\n<p>Este libro describe esta segunda opci\u00f3n,<\/p>\n<p>mi viaje sin retorno.<\/p>\n<p>Con pocas subidas<\/p>\n<p>y demasiadas bajadas.<\/p>\n<p>_<\/p>\n<p>Todos los caminos conducen al desastre.<\/p>\n<p>\u00a1Qu\u00e9 envidia debe tenerle Roma!<\/p>\n<p>_<\/p>\n<p>Y, aunque lucho con todas mis fuerzas por salir del desastroso desastre,<\/p>\n<p>siempre hay algo,<\/p>\n<p>o alguien,<\/p>\n<p>que me devuelve a \u00e9l.<\/p>\n<p><span style=\"font-weight: 400;\">[aux_button label=\u00bbVISITA LA WEB DE AUTOR\u00bb size=\u00bbmedium\u00bb icon_align=\u00bbleft\u00bb color_name=\u00bbball-black\u00bb link=\u00bbhttps:\/\/www.letrame.com\/autores\/aidafontova\/\u00bb target=\u00bb\u00bb_blank\u00bb]<\/span><\/p>\n","protected":false},"featured_media":96904,"comment_status":"closed","ping_status":"open","template":"","meta":{"_acf_changed":false},"libro":[],"product_brand":[],"product_cat":[20],"product_tag":[],"class_list":{"0":"post-96903","1":"product","2":"type-product","3":"status-publish","4":"has-post-thumbnail","6":"product_cat-poesia","8":"first","9":"instock","10":"purchasable","11":"product-type-simple"},"acf":{"autor":"","enlace_de_compra":""},"yoast_head":"<!-- This site is optimized with the Yoast SEO plugin v27.4 - https:\/\/yoast.com\/product\/yoast-seo-wordpress\/ -->\n<title>Tendencia al desastre - Catalogo | Letrame Grupo Editorial<\/title>\n<meta name=\"robots\" content=\"index, follow, max-snippet:-1, max-image-preview:large, max-video-preview:-1\" \/>\n<link rel=\"canonical\" href=\"https:\/\/letrame.com\/catalogo\/producto\/tendencia-al-desastre\/\" \/>\n<meta property=\"og:locale\" content=\"es_ES\" \/>\n<meta property=\"og:type\" content=\"article\" \/>\n<meta property=\"og:title\" content=\"Tendencia al desastre - Catalogo | Letrame Grupo Editorial\" \/>\n<meta property=\"og:description\" content=\"ISBN: 978-84-1386-542-3 Cuando terminas una relaci\u00f3n tienes dos opciones: sanar o dejarte llevar por la tendencia al desastre, deambular hacia \u00e9l. _ Este libro describe esta segunda opci\u00f3n, mi viaje sin retorno. Con pocas subidas y demasiadas bajadas. _ Todos los caminos conducen al desastre. \u00a1Qu\u00e9 envidia debe tenerle Roma! _ Y, aunque lucho con todas mis fuerzas por salir del desastroso desastre, siempre hay algo, o alguien, que me devuelve a \u00e9l. [aux_button label=&quot;VISITA LA WEB DE AUTOR&quot; size=&quot;medium&quot; icon_align=&quot;left&quot; color_name=&quot;ball-black&quot; link=&quot;https:\/\/www.letrame.com\/autores\/aidafontova\/&quot; target=&quot;&quot;_blank&quot;]\" \/>\n<meta property=\"og:url\" content=\"https:\/\/letrame.com\/catalogo\/producto\/tendencia-al-desastre\/\" \/>\n<meta property=\"og:site_name\" content=\"Catalogo | Letrame Grupo Editorial\" \/>\n<meta property=\"article:modified_time\" content=\"2024-04-29T10:17:36+00:00\" \/>\n<meta property=\"og:image\" content=\"https:\/\/letrame.com\/catalogo\/wp-content\/uploads\/2024\/04\/Tendencia-al-desastre.jpeg\" \/>\n\t<meta property=\"og:image:width\" content=\"1594\" \/>\n\t<meta property=\"og:image:height\" content=\"2303\" \/>\n\t<meta property=\"og:image:type\" content=\"image\/jpeg\" \/>\n<meta name=\"twitter:card\" content=\"summary_large_image\" \/>\n<script type=\"application\/ld+json\" class=\"yoast-schema-graph\">{\"@context\":\"https:\\\/\\\/schema.org\",\"@graph\":[{\"@type\":\"WebPage\",\"@id\":\"https:\\\/\\\/letrame.com\\\/catalogo\\\/producto\\\/tendencia-al-desastre\\\/\",\"url\":\"https:\\\/\\\/letrame.com\\\/catalogo\\\/producto\\\/tendencia-al-desastre\\\/\",\"name\":\"Tendencia al desastre - Catalogo | Letrame Grupo Editorial\",\"isPartOf\":{\"@id\":\"https:\\\/\\\/letrame.com\\\/catalogo\\\/#website\"},\"primaryImageOfPage\":{\"@id\":\"https:\\\/\\\/letrame.com\\\/catalogo\\\/producto\\\/tendencia-al-desastre\\\/#primaryimage\"},\"image\":{\"@id\":\"https:\\\/\\\/letrame.com\\\/catalogo\\\/producto\\\/tendencia-al-desastre\\\/#primaryimage\"},\"thumbnailUrl\":\"https:\\\/\\\/letrame.com\\\/catalogo\\\/wp-content\\\/uploads\\\/2024\\\/04\\\/Tendencia-al-desastre.jpeg\",\"datePublished\":\"2024-04-29T10:17:11+00:00\",\"dateModified\":\"2024-04-29T10:17:36+00:00\",\"breadcrumb\":{\"@id\":\"https:\\\/\\\/letrame.com\\\/catalogo\\\/producto\\\/tendencia-al-desastre\\\/#breadcrumb\"},\"inLanguage\":\"es\",\"potentialAction\":[{\"@type\":\"ReadAction\",\"target\":[\"https:\\\/\\\/letrame.com\\\/catalogo\\\/producto\\\/tendencia-al-desastre\\\/\"]}]},{\"@type\":\"ImageObject\",\"inLanguage\":\"es\",\"@id\":\"https:\\\/\\\/letrame.com\\\/catalogo\\\/producto\\\/tendencia-al-desastre\\\/#primaryimage\",\"url\":\"https:\\\/\\\/letrame.com\\\/catalogo\\\/wp-content\\\/uploads\\\/2024\\\/04\\\/Tendencia-al-desastre.jpeg\",\"contentUrl\":\"https:\\\/\\\/letrame.com\\\/catalogo\\\/wp-content\\\/uploads\\\/2024\\\/04\\\/Tendencia-al-desastre.jpeg\",\"width\":1594,\"height\":2303},{\"@type\":\"BreadcrumbList\",\"@id\":\"https:\\\/\\\/letrame.com\\\/catalogo\\\/producto\\\/tendencia-al-desastre\\\/#breadcrumb\",\"itemListElement\":[{\"@type\":\"ListItem\",\"position\":1,\"name\":\"Portada\",\"item\":\"https:\\\/\\\/letrame.com\\\/catalogo\\\/\"},{\"@type\":\"ListItem\",\"position\":2,\"name\":\"Cat\u00e1logo\",\"item\":\"https:\\\/\\\/letrame.com\\\/catalogo\\\/\"},{\"@type\":\"ListItem\",\"position\":3,\"name\":\"Tendencia al desastre\"}]},{\"@type\":\"WebSite\",\"@id\":\"https:\\\/\\\/letrame.com\\\/catalogo\\\/#website\",\"url\":\"https:\\\/\\\/letrame.com\\\/catalogo\\\/\",\"name\":\"Catalogo | Letrame Grupo Editorial\",\"description\":\"\",\"publisher\":{\"@id\":\"https:\\\/\\\/letrame.com\\\/catalogo\\\/#organization\"},\"potentialAction\":[{\"@type\":\"SearchAction\",\"target\":{\"@type\":\"EntryPoint\",\"urlTemplate\":\"https:\\\/\\\/letrame.com\\\/catalogo\\\/?s={search_term_string}\"},\"query-input\":{\"@type\":\"PropertyValueSpecification\",\"valueRequired\":true,\"valueName\":\"search_term_string\"}}],\"inLanguage\":\"es\"},{\"@type\":\"Organization\",\"@id\":\"https:\\\/\\\/letrame.com\\\/catalogo\\\/#organization\",\"name\":\"Catalogo | Letrame Grupo Editorial\",\"url\":\"https:\\\/\\\/letrame.com\\\/catalogo\\\/\",\"logo\":{\"@type\":\"ImageObject\",\"inLanguage\":\"es\",\"@id\":\"https:\\\/\\\/letrame.com\\\/catalogo\\\/#\\\/schema\\\/logo\\\/image\\\/\",\"url\":\"https:\\\/\\\/letrame.com\\\/catalogo\\\/wp-content\\\/uploads\\\/2024\\\/03\\\/logo2.webp\",\"contentUrl\":\"https:\\\/\\\/letrame.com\\\/catalogo\\\/wp-content\\\/uploads\\\/2024\\\/03\\\/logo2.webp\",\"width\":394,\"height\":128,\"caption\":\"Catalogo | Letrame Grupo Editorial\"},\"image\":{\"@id\":\"https:\\\/\\\/letrame.com\\\/catalogo\\\/#\\\/schema\\\/logo\\\/image\\\/\"}}]}<\/script>\n<!-- \/ Yoast SEO plugin. -->","yoast_head_json":{"title":"Tendencia al desastre - Catalogo | Letrame Grupo Editorial","robots":{"index":"index","follow":"follow","max-snippet":"max-snippet:-1","max-image-preview":"max-image-preview:large","max-video-preview":"max-video-preview:-1"},"canonical":"https:\/\/letrame.com\/catalogo\/producto\/tendencia-al-desastre\/","og_locale":"es_ES","og_type":"article","og_title":"Tendencia al desastre - Catalogo | Letrame Grupo Editorial","og_description":"ISBN: 978-84-1386-542-3 Cuando terminas una relaci\u00f3n tienes dos opciones: sanar o dejarte llevar por la tendencia al desastre, deambular hacia \u00e9l. _ Este libro describe esta segunda opci\u00f3n, mi viaje sin retorno. Con pocas subidas y demasiadas bajadas. _ Todos los caminos conducen al desastre. \u00a1Qu\u00e9 envidia debe tenerle Roma! _ Y, aunque lucho con todas mis fuerzas por salir del desastroso desastre, siempre hay algo, o alguien, que me devuelve a \u00e9l. [aux_button label=\"VISITA LA WEB DE AUTOR\" size=\"medium\" icon_align=\"left\" color_name=\"ball-black\" link=\"https:\/\/www.letrame.com\/autores\/aidafontova\/\" target=\"\"_blank\"]","og_url":"https:\/\/letrame.com\/catalogo\/producto\/tendencia-al-desastre\/","og_site_name":"Catalogo | Letrame Grupo Editorial","article_modified_time":"2024-04-29T10:17:36+00:00","og_image":[{"width":1594,"height":2303,"url":"https:\/\/letrame.com\/catalogo\/wp-content\/uploads\/2024\/04\/Tendencia-al-desastre.jpeg","type":"image\/jpeg"}],"twitter_card":"summary_large_image","schema":{"@context":"https:\/\/schema.org","@graph":[{"@type":"WebPage","@id":"https:\/\/letrame.com\/catalogo\/producto\/tendencia-al-desastre\/","url":"https:\/\/letrame.com\/catalogo\/producto\/tendencia-al-desastre\/","name":"Tendencia al desastre - Catalogo | Letrame Grupo Editorial","isPartOf":{"@id":"https:\/\/letrame.com\/catalogo\/#website"},"primaryImageOfPage":{"@id":"https:\/\/letrame.com\/catalogo\/producto\/tendencia-al-desastre\/#primaryimage"},"image":{"@id":"https:\/\/letrame.com\/catalogo\/producto\/tendencia-al-desastre\/#primaryimage"},"thumbnailUrl":"https:\/\/letrame.com\/catalogo\/wp-content\/uploads\/2024\/04\/Tendencia-al-desastre.jpeg","datePublished":"2024-04-29T10:17:11+00:00","dateModified":"2024-04-29T10:17:36+00:00","breadcrumb":{"@id":"https:\/\/letrame.com\/catalogo\/producto\/tendencia-al-desastre\/#breadcrumb"},"inLanguage":"es","potentialAction":[{"@type":"ReadAction","target":["https:\/\/letrame.com\/catalogo\/producto\/tendencia-al-desastre\/"]}]},{"@type":"ImageObject","inLanguage":"es","@id":"https:\/\/letrame.com\/catalogo\/producto\/tendencia-al-desastre\/#primaryimage","url":"https:\/\/letrame.com\/catalogo\/wp-content\/uploads\/2024\/04\/Tendencia-al-desastre.jpeg","contentUrl":"https:\/\/letrame.com\/catalogo\/wp-content\/uploads\/2024\/04\/Tendencia-al-desastre.jpeg","width":1594,"height":2303},{"@type":"BreadcrumbList","@id":"https:\/\/letrame.com\/catalogo\/producto\/tendencia-al-desastre\/#breadcrumb","itemListElement":[{"@type":"ListItem","position":1,"name":"Portada","item":"https:\/\/letrame.com\/catalogo\/"},{"@type":"ListItem","position":2,"name":"Cat\u00e1logo","item":"https:\/\/letrame.com\/catalogo\/"},{"@type":"ListItem","position":3,"name":"Tendencia al desastre"}]},{"@type":"WebSite","@id":"https:\/\/letrame.com\/catalogo\/#website","url":"https:\/\/letrame.com\/catalogo\/","name":"Catalogo | Letrame Grupo Editorial","description":"","publisher":{"@id":"https:\/\/letrame.com\/catalogo\/#organization"},"potentialAction":[{"@type":"SearchAction","target":{"@type":"EntryPoint","urlTemplate":"https:\/\/letrame.com\/catalogo\/?s={search_term_string}"},"query-input":{"@type":"PropertyValueSpecification","valueRequired":true,"valueName":"search_term_string"}}],"inLanguage":"es"},{"@type":"Organization","@id":"https:\/\/letrame.com\/catalogo\/#organization","name":"Catalogo | Letrame Grupo Editorial","url":"https:\/\/letrame.com\/catalogo\/","logo":{"@type":"ImageObject","inLanguage":"es","@id":"https:\/\/letrame.com\/catalogo\/#\/schema\/logo\/image\/","url":"https:\/\/letrame.com\/catalogo\/wp-content\/uploads\/2024\/03\/logo2.webp","contentUrl":"https:\/\/letrame.com\/catalogo\/wp-content\/uploads\/2024\/03\/logo2.webp","width":394,"height":128,"caption":"Catalogo | Letrame Grupo Editorial"},"image":{"@id":"https:\/\/letrame.com\/catalogo\/#\/schema\/logo\/image\/"}}]}},"_links":{"self":[{"href":"https:\/\/letrame.com\/catalogo\/wp-json\/wp\/v2\/product\/96903","targetHints":{"allow":["GET"]}}],"collection":[{"href":"https:\/\/letrame.com\/catalogo\/wp-json\/wp\/v2\/product"}],"about":[{"href":"https:\/\/letrame.com\/catalogo\/wp-json\/wp\/v2\/types\/product"}],"replies":[{"embeddable":true,"href":"https:\/\/letrame.com\/catalogo\/wp-json\/wp\/v2\/comments?post=96903"}],"wp:featuredmedia":[{"embeddable":true,"href":"https:\/\/letrame.com\/catalogo\/wp-json\/wp\/v2\/media\/96904"}],"wp:attachment":[{"href":"https:\/\/letrame.com\/catalogo\/wp-json\/wp\/v2\/media?parent=96903"}],"wp:term":[{"taxonomy":"libro","embeddable":true,"href":"https:\/\/letrame.com\/catalogo\/wp-json\/wp\/v2\/libro?post=96903"},{"taxonomy":"product_brand","embeddable":true,"href":"https:\/\/letrame.com\/catalogo\/wp-json\/wp\/v2\/product_brand?post=96903"},{"taxonomy":"product_cat","embeddable":true,"href":"https:\/\/letrame.com\/catalogo\/wp-json\/wp\/v2\/product_cat?post=96903"},{"taxonomy":"product_tag","embeddable":true,"href":"https:\/\/letrame.com\/catalogo\/wp-json\/wp\/v2\/product_tag?post=96903"}],"curies":[{"name":"wp","href":"https:\/\/api.w.org\/{rel}","templated":true}]}}