{"id":96877,"date":"2024-04-29T12:12:10","date_gmt":"2024-04-29T10:12:10","guid":{"rendered":"https:\/\/letrame.com\/catalogo\/producto\/la-realidad-es-tu-ficcion\/"},"modified":"2024-05-16T14:58:40","modified_gmt":"2024-05-16T12:58:40","slug":"la-realidad-es-tu-ficcion","status":"publish","type":"product","link":"https:\/\/letrame.com\/catalogo\/producto\/la-realidad-es-tu-ficcion\/","title":{"rendered":"La realidad es tu ficci\u00f3n"},"content":{"rendered":"<div class=\"page\" title=\"Page 6\">\n<div class=\"layoutArea\">\n<div class=\"column\">\n<p><strong>ISBN<\/strong>: 978-84-1386-794-6<\/p>\n<\/div>\n<\/div>\n<\/div>\n<p><b>T\u00edtulo<\/b><span style=\"font-weight: 400;\">: La realidad es tu ficci\u00f3n<\/span><span style=\"font-weight: 400;\"><br \/>\n<\/span><b>Fecha<\/b><span style=\"font-weight: 400;\">: 2021<\/span><span style=\"font-weight: 400;\"><br \/>\n<\/span><b>P\u00e1ginas<\/b><span style=\"font-weight: 400;\">: 46<\/span><\/p>\n<p><b>SINOPSIS<\/b><\/p>\n<p>El aferrarnos a todo nos caracteriza. Es una de las principales razones de dolor y sufrimiento. Nos aferramos no solo a personas y cosas sino a roles sociales, pensamientos, creencias, estados emocionales, <em>status quo<\/em>, h\u00e1bitos desgastantes, h\u00e1bitos, sobre todo eso, h\u00e1bitos. Me habito en esa porci\u00f3n tan reducida de mi potencial. Mi cerebro se acostumbra y recrea una y otra vez la misma situaci\u00f3n autom\u00e1ticamente. El hecho de permanecer en nuestra zona de confort hace que nuestro cerebro permanezca casi dormido.\u00a0 No es una zona \u00f3ptima para el aprendizaje. Terminamos viviendo como aut\u00f3matas. Reciclando energ\u00eda para un ma\u00f1ana que nunca llega.<\/p>\n<p>Este poemario representa un salto, un salto al abismo, al no saber, a la aventura. Relata lo explorado desde el asombro, la mirada enamorada, frente a un trayecto emprendido por tierra y barco. Desde Medell\u00edn, Colombia, hasta Jericoacoara, Ciar\u00e1, Brasil. Donde la mejor parte del paisaje son los Otros. Este manuscrito se fue consolidando de una manera inesperada, paso a paso, barco a barco, risa a risa, en un intento por plasmar e inmortalizar el recuerdo de aquellos aprendizajes.<\/p>\n","protected":false},"excerpt":{"rendered":"<div class=\"page\" title=\"Page 6\">\n<div class=\"layoutArea\">\n<div class=\"column\">\n<p><strong>ISBN: 978-84-1386-794-6<\/strong><\/p>\n<p>Este poemario representa un salto, un salto al abismo, al no saber, a la aventura. Relata lo explorado desde el asombro, la mirada enamorada, frente a un trayecto emprendido por tierra y barco. Desde Medell\u00edn, Colombia, hasta Jericoacoara, Ciar\u00e1, Brasil. Donde la mejor parte del paisaje son los Otros. Este manuscrito se fue consolidando de una manera inesperada, paso a paso, barco a barco, risa a risa, en un intento por plasmar e inmortalizar el recuerdo de aquellos aprendizajes.<\/p>\n<\/div>\n<\/div>\n<\/div>\n","protected":false},"featured_media":100327,"comment_status":"closed","ping_status":"closed","template":"","meta":{"_acf_changed":false},"libro":[],"product_brand":[],"product_cat":[20],"product_tag":[],"class_list":{"0":"post-96877","1":"product","2":"type-product","3":"status-publish","4":"has-post-thumbnail","6":"product_cat-poesia","8":"first","9":"instock","10":"purchasable","11":"product-type-simple"},"acf":{"autor":"","enlace_de_compra":"https:\/\/www.amazon.es\/realidad-ficci%C3%B3n-01-Poes%C3%ADa\/dp\/8413867940\/ref=sr_1_1?__mk_es_ES=%C3%85M%C3%85%C5%BD%C3%95%C3%91&amp;dchild=1&amp;keywords=Letrame+S.L.+La+realidad+es+tu+ficci%C3%B3n&amp;qid=1631102706&amp;sr=8-1"},"yoast_head":"<!-- This site is optimized with the Yoast SEO plugin v27.4 - https:\/\/yoast.com\/product\/yoast-seo-wordpress\/ -->\n<title>La realidad es tu ficci\u00f3n - Catalogo | Letrame Grupo Editorial<\/title>\n<meta name=\"robots\" content=\"index, follow, max-snippet:-1, max-image-preview:large, max-video-preview:-1\" \/>\n<link rel=\"canonical\" href=\"https:\/\/letrame.com\/catalogo\/producto\/la-realidad-es-tu-ficcion\/\" \/>\n<meta property=\"og:locale\" content=\"es_ES\" \/>\n<meta property=\"og:type\" content=\"article\" \/>\n<meta property=\"og:title\" content=\"La realidad es tu ficci\u00f3n - Catalogo | Letrame Grupo Editorial\" \/>\n<meta property=\"og:description\" content=\"ISBN: 978-84-1386-794-6  Este poemario representa un salto, un salto al abismo, al no saber, a la aventura. Relata lo explorado desde el asombro, la mirada enamorada, frente a un trayecto emprendido por tierra y barco. Desde Medell\u00edn, Colombia, hasta Jericoacoara, Ciar\u00e1, Brasil. Donde la mejor parte del paisaje son los Otros. Este manuscrito se fue consolidando de una manera inesperada, paso a paso, barco a barco, risa a risa, en un intento por plasmar e inmortalizar el recuerdo de aquellos aprendizajes.\" \/>\n<meta property=\"og:url\" content=\"https:\/\/letrame.com\/catalogo\/producto\/la-realidad-es-tu-ficcion\/\" \/>\n<meta property=\"og:site_name\" content=\"Catalogo | Letrame Grupo Editorial\" \/>\n<meta property=\"article:modified_time\" content=\"2024-05-16T12:58:40+00:00\" \/>\n<meta property=\"og:image\" content=\"https:\/\/letrame.com\/catalogo\/wp-content\/uploads\/2024\/04\/LA-realidad-es-tu-ficcion.webp\" \/>\n\t<meta property=\"og:image:width\" content=\"1654\" \/>\n\t<meta property=\"og:image:height\" content=\"2362\" \/>\n\t<meta property=\"og:image:type\" content=\"image\/webp\" \/>\n<meta name=\"twitter:card\" content=\"summary_large_image\" \/>\n<meta name=\"twitter:label1\" content=\"Tiempo de lectura\" \/>\n\t<meta name=\"twitter:data1\" content=\"2 minutos\" \/>\n<script type=\"application\/ld+json\" class=\"yoast-schema-graph\">{\"@context\":\"https:\\\/\\\/schema.org\",\"@graph\":[{\"@type\":\"WebPage\",\"@id\":\"https:\\\/\\\/letrame.com\\\/catalogo\\\/producto\\\/la-realidad-es-tu-ficcion\\\/\",\"url\":\"https:\\\/\\\/letrame.com\\\/catalogo\\\/producto\\\/la-realidad-es-tu-ficcion\\\/\",\"name\":\"La realidad es tu ficci\u00f3n - Catalogo | Letrame Grupo Editorial\",\"isPartOf\":{\"@id\":\"https:\\\/\\\/letrame.com\\\/catalogo\\\/#website\"},\"primaryImageOfPage\":{\"@id\":\"https:\\\/\\\/letrame.com\\\/catalogo\\\/producto\\\/la-realidad-es-tu-ficcion\\\/#primaryimage\"},\"image\":{\"@id\":\"https:\\\/\\\/letrame.com\\\/catalogo\\\/producto\\\/la-realidad-es-tu-ficcion\\\/#primaryimage\"},\"thumbnailUrl\":\"https:\\\/\\\/letrame.com\\\/catalogo\\\/wp-content\\\/uploads\\\/2024\\\/04\\\/LA-realidad-es-tu-ficcion.webp\",\"datePublished\":\"2024-04-29T10:12:10+00:00\",\"dateModified\":\"2024-05-16T12:58:40+00:00\",\"breadcrumb\":{\"@id\":\"https:\\\/\\\/letrame.com\\\/catalogo\\\/producto\\\/la-realidad-es-tu-ficcion\\\/#breadcrumb\"},\"inLanguage\":\"es\",\"potentialAction\":[{\"@type\":\"ReadAction\",\"target\":[\"https:\\\/\\\/letrame.com\\\/catalogo\\\/producto\\\/la-realidad-es-tu-ficcion\\\/\"]}]},{\"@type\":\"ImageObject\",\"inLanguage\":\"es\",\"@id\":\"https:\\\/\\\/letrame.com\\\/catalogo\\\/producto\\\/la-realidad-es-tu-ficcion\\\/#primaryimage\",\"url\":\"https:\\\/\\\/letrame.com\\\/catalogo\\\/wp-content\\\/uploads\\\/2024\\\/04\\\/LA-realidad-es-tu-ficcion.webp\",\"contentUrl\":\"https:\\\/\\\/letrame.com\\\/catalogo\\\/wp-content\\\/uploads\\\/2024\\\/04\\\/LA-realidad-es-tu-ficcion.webp\",\"width\":1654,\"height\":2362},{\"@type\":\"BreadcrumbList\",\"@id\":\"https:\\\/\\\/letrame.com\\\/catalogo\\\/producto\\\/la-realidad-es-tu-ficcion\\\/#breadcrumb\",\"itemListElement\":[{\"@type\":\"ListItem\",\"position\":1,\"name\":\"Portada\",\"item\":\"https:\\\/\\\/letrame.com\\\/catalogo\\\/\"},{\"@type\":\"ListItem\",\"position\":2,\"name\":\"Cat\u00e1logo\",\"item\":\"https:\\\/\\\/letrame.com\\\/catalogo\\\/\"},{\"@type\":\"ListItem\",\"position\":3,\"name\":\"La realidad es tu ficci\u00f3n\"}]},{\"@type\":\"WebSite\",\"@id\":\"https:\\\/\\\/letrame.com\\\/catalogo\\\/#website\",\"url\":\"https:\\\/\\\/letrame.com\\\/catalogo\\\/\",\"name\":\"Catalogo | Letrame Grupo Editorial\",\"description\":\"\",\"publisher\":{\"@id\":\"https:\\\/\\\/letrame.com\\\/catalogo\\\/#organization\"},\"potentialAction\":[{\"@type\":\"SearchAction\",\"target\":{\"@type\":\"EntryPoint\",\"urlTemplate\":\"https:\\\/\\\/letrame.com\\\/catalogo\\\/?s={search_term_string}\"},\"query-input\":{\"@type\":\"PropertyValueSpecification\",\"valueRequired\":true,\"valueName\":\"search_term_string\"}}],\"inLanguage\":\"es\"},{\"@type\":\"Organization\",\"@id\":\"https:\\\/\\\/letrame.com\\\/catalogo\\\/#organization\",\"name\":\"Catalogo | Letrame Grupo Editorial\",\"url\":\"https:\\\/\\\/letrame.com\\\/catalogo\\\/\",\"logo\":{\"@type\":\"ImageObject\",\"inLanguage\":\"es\",\"@id\":\"https:\\\/\\\/letrame.com\\\/catalogo\\\/#\\\/schema\\\/logo\\\/image\\\/\",\"url\":\"https:\\\/\\\/letrame.com\\\/catalogo\\\/wp-content\\\/uploads\\\/2024\\\/03\\\/logo2.webp\",\"contentUrl\":\"https:\\\/\\\/letrame.com\\\/catalogo\\\/wp-content\\\/uploads\\\/2024\\\/03\\\/logo2.webp\",\"width\":394,\"height\":128,\"caption\":\"Catalogo | Letrame Grupo Editorial\"},\"image\":{\"@id\":\"https:\\\/\\\/letrame.com\\\/catalogo\\\/#\\\/schema\\\/logo\\\/image\\\/\"}}]}<\/script>\n<!-- \/ Yoast SEO plugin. -->","yoast_head_json":{"title":"La realidad es tu ficci\u00f3n - Catalogo | Letrame Grupo Editorial","robots":{"index":"index","follow":"follow","max-snippet":"max-snippet:-1","max-image-preview":"max-image-preview:large","max-video-preview":"max-video-preview:-1"},"canonical":"https:\/\/letrame.com\/catalogo\/producto\/la-realidad-es-tu-ficcion\/","og_locale":"es_ES","og_type":"article","og_title":"La realidad es tu ficci\u00f3n - Catalogo | Letrame Grupo Editorial","og_description":"ISBN: 978-84-1386-794-6  Este poemario representa un salto, un salto al abismo, al no saber, a la aventura. Relata lo explorado desde el asombro, la mirada enamorada, frente a un trayecto emprendido por tierra y barco. Desde Medell\u00edn, Colombia, hasta Jericoacoara, Ciar\u00e1, Brasil. Donde la mejor parte del paisaje son los Otros. Este manuscrito se fue consolidando de una manera inesperada, paso a paso, barco a barco, risa a risa, en un intento por plasmar e inmortalizar el recuerdo de aquellos aprendizajes.","og_url":"https:\/\/letrame.com\/catalogo\/producto\/la-realidad-es-tu-ficcion\/","og_site_name":"Catalogo | Letrame Grupo Editorial","article_modified_time":"2024-05-16T12:58:40+00:00","og_image":[{"width":1654,"height":2362,"url":"https:\/\/letrame.com\/catalogo\/wp-content\/uploads\/2024\/04\/LA-realidad-es-tu-ficcion.webp","type":"image\/webp"}],"twitter_card":"summary_large_image","twitter_misc":{"Tiempo de lectura":"2 minutos"},"schema":{"@context":"https:\/\/schema.org","@graph":[{"@type":"WebPage","@id":"https:\/\/letrame.com\/catalogo\/producto\/la-realidad-es-tu-ficcion\/","url":"https:\/\/letrame.com\/catalogo\/producto\/la-realidad-es-tu-ficcion\/","name":"La realidad es tu ficci\u00f3n - Catalogo | Letrame Grupo Editorial","isPartOf":{"@id":"https:\/\/letrame.com\/catalogo\/#website"},"primaryImageOfPage":{"@id":"https:\/\/letrame.com\/catalogo\/producto\/la-realidad-es-tu-ficcion\/#primaryimage"},"image":{"@id":"https:\/\/letrame.com\/catalogo\/producto\/la-realidad-es-tu-ficcion\/#primaryimage"},"thumbnailUrl":"https:\/\/letrame.com\/catalogo\/wp-content\/uploads\/2024\/04\/LA-realidad-es-tu-ficcion.webp","datePublished":"2024-04-29T10:12:10+00:00","dateModified":"2024-05-16T12:58:40+00:00","breadcrumb":{"@id":"https:\/\/letrame.com\/catalogo\/producto\/la-realidad-es-tu-ficcion\/#breadcrumb"},"inLanguage":"es","potentialAction":[{"@type":"ReadAction","target":["https:\/\/letrame.com\/catalogo\/producto\/la-realidad-es-tu-ficcion\/"]}]},{"@type":"ImageObject","inLanguage":"es","@id":"https:\/\/letrame.com\/catalogo\/producto\/la-realidad-es-tu-ficcion\/#primaryimage","url":"https:\/\/letrame.com\/catalogo\/wp-content\/uploads\/2024\/04\/LA-realidad-es-tu-ficcion.webp","contentUrl":"https:\/\/letrame.com\/catalogo\/wp-content\/uploads\/2024\/04\/LA-realidad-es-tu-ficcion.webp","width":1654,"height":2362},{"@type":"BreadcrumbList","@id":"https:\/\/letrame.com\/catalogo\/producto\/la-realidad-es-tu-ficcion\/#breadcrumb","itemListElement":[{"@type":"ListItem","position":1,"name":"Portada","item":"https:\/\/letrame.com\/catalogo\/"},{"@type":"ListItem","position":2,"name":"Cat\u00e1logo","item":"https:\/\/letrame.com\/catalogo\/"},{"@type":"ListItem","position":3,"name":"La realidad es tu ficci\u00f3n"}]},{"@type":"WebSite","@id":"https:\/\/letrame.com\/catalogo\/#website","url":"https:\/\/letrame.com\/catalogo\/","name":"Catalogo | Letrame Grupo Editorial","description":"","publisher":{"@id":"https:\/\/letrame.com\/catalogo\/#organization"},"potentialAction":[{"@type":"SearchAction","target":{"@type":"EntryPoint","urlTemplate":"https:\/\/letrame.com\/catalogo\/?s={search_term_string}"},"query-input":{"@type":"PropertyValueSpecification","valueRequired":true,"valueName":"search_term_string"}}],"inLanguage":"es"},{"@type":"Organization","@id":"https:\/\/letrame.com\/catalogo\/#organization","name":"Catalogo | Letrame Grupo Editorial","url":"https:\/\/letrame.com\/catalogo\/","logo":{"@type":"ImageObject","inLanguage":"es","@id":"https:\/\/letrame.com\/catalogo\/#\/schema\/logo\/image\/","url":"https:\/\/letrame.com\/catalogo\/wp-content\/uploads\/2024\/03\/logo2.webp","contentUrl":"https:\/\/letrame.com\/catalogo\/wp-content\/uploads\/2024\/03\/logo2.webp","width":394,"height":128,"caption":"Catalogo | Letrame Grupo Editorial"},"image":{"@id":"https:\/\/letrame.com\/catalogo\/#\/schema\/logo\/image\/"}}]}},"_links":{"self":[{"href":"https:\/\/letrame.com\/catalogo\/wp-json\/wp\/v2\/product\/96877","targetHints":{"allow":["GET"]}}],"collection":[{"href":"https:\/\/letrame.com\/catalogo\/wp-json\/wp\/v2\/product"}],"about":[{"href":"https:\/\/letrame.com\/catalogo\/wp-json\/wp\/v2\/types\/product"}],"replies":[{"embeddable":true,"href":"https:\/\/letrame.com\/catalogo\/wp-json\/wp\/v2\/comments?post=96877"}],"wp:featuredmedia":[{"embeddable":true,"href":"https:\/\/letrame.com\/catalogo\/wp-json\/wp\/v2\/media\/100327"}],"wp:attachment":[{"href":"https:\/\/letrame.com\/catalogo\/wp-json\/wp\/v2\/media?parent=96877"}],"wp:term":[{"taxonomy":"libro","embeddable":true,"href":"https:\/\/letrame.com\/catalogo\/wp-json\/wp\/v2\/libro?post=96877"},{"taxonomy":"product_brand","embeddable":true,"href":"https:\/\/letrame.com\/catalogo\/wp-json\/wp\/v2\/product_brand?post=96877"},{"taxonomy":"product_cat","embeddable":true,"href":"https:\/\/letrame.com\/catalogo\/wp-json\/wp\/v2\/product_cat?post=96877"},{"taxonomy":"product_tag","embeddable":true,"href":"https:\/\/letrame.com\/catalogo\/wp-json\/wp\/v2\/product_tag?post=96877"}],"curies":[{"name":"wp","href":"https:\/\/api.w.org\/{rel}","templated":true}]}}