{"id":96875,"date":"2024-04-29T12:12:10","date_gmt":"2024-04-29T10:12:10","guid":{"rendered":"https:\/\/letrame.com\/catalogo\/producto\/la-espada-del-deseo\/"},"modified":"2024-04-29T12:12:10","modified_gmt":"2024-04-29T10:12:10","slug":"la-espada-del-deseo","status":"publish","type":"product","link":"https:\/\/letrame.com\/catalogo\/producto\/la-espada-del-deseo\/","title":{"rendered":"La espada del deseo"},"content":{"rendered":"<div class=\"page\" title=\"Page 6\">\n<div class=\"layoutArea\">\n<div class=\"column\">\n<p><strong>ISBN<\/strong>: 978-84-1386-649-9<\/p>\n<\/div>\n<\/div>\n<\/div>\n<p><b>T\u00edtulo<\/b><span style=\"font-weight: 400;\">: La espada del deseo<\/span><span style=\"font-weight: 400;\"><br \/>\n<\/span><b>Fecha<\/b><span style=\"font-weight: 400;\">: 2021<\/span><span style=\"font-weight: 400;\"><br \/>\n<\/span><b>P\u00e1ginas<\/b><span style=\"font-weight: 400;\">: 474<\/span><\/p>\n<p><b>SINOPSIS<\/b><\/p>\n<p>El gran castillo de Magnolia est\u00e1 en peligro. Tras la abrumadora amenaza de un conquistador, todos deben prepararse para una defensa. Contra un ej\u00e9rcito mucho mayor, las esperanzas parecieran desparecer.<\/p>\n<p>La situaci\u00f3n orilla a Vahime y su Hermana Belthi a salir del castillo en el que viv\u00edan. Ellos ayudaran a uno de los herederos de Magnolia, a derrotar a F\u00e9lix, quien atac\u00f3 su hogar.<\/p>\n<p>Los hermanos inician un viaje buscando un lugar seguro, donde son alcanzados por las desgracias ocasionadas por las conquista, esto los llevar\u00e1 a indagar en la historia antigua del reino donde viven, y de la espada que utilizaba el primer gobernante.<\/p>\n<p>Con la b\u00fasqueda de esta arma en mente, Vahime intentar\u00e1 lograr lo imposible para recuperar su antigua vida, pero deben ir hasta los rincones del mundo conocido, visitar a un gremio de mercenarios y luchar contra sus propias ideas.<\/p>\n","protected":false},"excerpt":{"rendered":"<div class=\"page\" title=\"Page 6\">\n<div class=\"layoutArea\">\n<div class=\"column\">\n<p><strong>ISBN: 978-84-1386-649-9<\/strong><\/p>\n<\/div>\n<\/div>\n<\/div>\n<p>El gran castillo de Magnolia est\u00e1 en peligro. Tras la abrumadora amenaza de un conquistador, todos deben prepararse para una defensa. Contra un ej\u00e9rcito mucho mayor, las esperanzas parecieran desparecer.<\/p>\n<p>La situaci\u00f3n orilla a Vahime y su Hermana Belthi a salir del castillo en el que viv\u00edan. Ellos ayudaran a uno de los herederos de Magnolia, a derrotar a F\u00e9lix, quien atac\u00f3 su hogar.<\/p>\n<p>Los hermanos inician un viaje buscando un lugar seguro, donde son alcanzados por las desgracias ocasionadas por las conquista, esto los llevar\u00e1 a indagar en la historia antigua del reino donde viven, y de la espada que utilizaba el primer gobernante.<\/p>\n<p>Con la b\u00fasqueda de esta arma en mente, Vahime intentar\u00e1 lograr lo imposible para recuperar su antigua vida, pero deben ir hasta los rincones del mundo conocido, visitar a un gremio de mercenarios y luchar contra sus propias ideas.<\/p>\n","protected":false},"featured_media":96876,"comment_status":"closed","ping_status":"open","template":"","meta":{"_acf_changed":false},"libro":[],"product_brand":[],"product_cat":[16],"product_tag":[],"class_list":{"0":"post-96875","1":"product","2":"type-product","3":"status-publish","4":"has-post-thumbnail","6":"product_cat-novela","8":"first","9":"instock","10":"product-type-simple"},"acf":{"autor":[75538],"enlace_de_compra":"https:\/\/www.paypal.com\/cgi-bin\/webscr?cmd=_s-xclick&amp;hosted_button_id=3Y2AHWBYSC3CQ"},"yoast_head":"<!-- This site is optimized with the Yoast SEO plugin v26.6 - https:\/\/yoast.com\/wordpress\/plugins\/seo\/ -->\n<title>La espada del deseo - Catalogo | Letrame Grupo Editorial<\/title>\n<meta name=\"robots\" content=\"index, follow, max-snippet:-1, max-image-preview:large, max-video-preview:-1\" \/>\n<link rel=\"canonical\" href=\"https:\/\/letrame.com\/catalogo\/producto\/la-espada-del-deseo\/\" \/>\n<meta property=\"og:locale\" content=\"es_ES\" \/>\n<meta property=\"og:type\" content=\"article\" \/>\n<meta property=\"og:title\" content=\"La espada del deseo - Catalogo | Letrame Grupo Editorial\" \/>\n<meta property=\"og:description\" content=\"ISBN: 978-84-1386-649-9   El gran castillo de Magnolia est\u00e1 en peligro. Tras la abrumadora amenaza de un conquistador, todos deben prepararse para una defensa. Contra un ej\u00e9rcito mucho mayor, las esperanzas parecieran desparecer. La situaci\u00f3n orilla a Vahime y su Hermana Belthi a salir del castillo en el que viv\u00edan. Ellos ayudaran a uno de los herederos de Magnolia, a derrotar a F\u00e9lix, quien atac\u00f3 su hogar. Los hermanos inician un viaje buscando un lugar seguro, donde son alcanzados por las desgracias ocasionadas por las conquista, esto los llevar\u00e1 a indagar en la historia antigua del reino donde viven, y de la espada que utilizaba el primer gobernante. Con la b\u00fasqueda de esta arma en mente, Vahime intentar\u00e1 lograr lo imposible para recuperar su antigua vida, pero deben ir hasta los rincones del mundo conocido, visitar a un gremio de mercenarios y luchar contra sus propias ideas.\" \/>\n<meta property=\"og:url\" content=\"https:\/\/letrame.com\/catalogo\/producto\/la-espada-del-deseo\/\" \/>\n<meta property=\"og:site_name\" content=\"Catalogo | Letrame Grupo Editorial\" \/>\n<meta property=\"og:image\" content=\"https:\/\/letrame.com\/catalogo\/wp-content\/uploads\/2024\/04\/La-espada-del-deseo-scaled-1.jpeg\" \/>\n\t<meta property=\"og:image:width\" content=\"1746\" \/>\n\t<meta property=\"og:image:height\" content=\"2560\" \/>\n\t<meta property=\"og:image:type\" content=\"image\/jpeg\" \/>\n<meta name=\"twitter:card\" content=\"summary_large_image\" \/>\n<meta name=\"twitter:label1\" content=\"Tiempo de lectura\" \/>\n\t<meta name=\"twitter:data1\" content=\"1 minuto\" \/>\n<script type=\"application\/ld+json\" class=\"yoast-schema-graph\">{\"@context\":\"https:\/\/schema.org\",\"@graph\":[{\"@type\":\"WebPage\",\"@id\":\"https:\/\/letrame.com\/catalogo\/producto\/la-espada-del-deseo\/\",\"url\":\"https:\/\/letrame.com\/catalogo\/producto\/la-espada-del-deseo\/\",\"name\":\"La espada del deseo - Catalogo | Letrame Grupo Editorial\",\"isPartOf\":{\"@id\":\"https:\/\/letrame.com\/catalogo\/#website\"},\"primaryImageOfPage\":{\"@id\":\"https:\/\/letrame.com\/catalogo\/producto\/la-espada-del-deseo\/#primaryimage\"},\"image\":{\"@id\":\"https:\/\/letrame.com\/catalogo\/producto\/la-espada-del-deseo\/#primaryimage\"},\"thumbnailUrl\":\"https:\/\/letrame.com\/catalogo\/wp-content\/uploads\/2024\/04\/La-espada-del-deseo-scaled-1.jpeg\",\"datePublished\":\"2024-04-29T10:12:10+00:00\",\"breadcrumb\":{\"@id\":\"https:\/\/letrame.com\/catalogo\/producto\/la-espada-del-deseo\/#breadcrumb\"},\"inLanguage\":\"es\",\"potentialAction\":[{\"@type\":\"ReadAction\",\"target\":[\"https:\/\/letrame.com\/catalogo\/producto\/la-espada-del-deseo\/\"]}]},{\"@type\":\"ImageObject\",\"inLanguage\":\"es\",\"@id\":\"https:\/\/letrame.com\/catalogo\/producto\/la-espada-del-deseo\/#primaryimage\",\"url\":\"https:\/\/letrame.com\/catalogo\/wp-content\/uploads\/2024\/04\/La-espada-del-deseo-scaled-1.jpeg\",\"contentUrl\":\"https:\/\/letrame.com\/catalogo\/wp-content\/uploads\/2024\/04\/La-espada-del-deseo-scaled-1.jpeg\",\"width\":1746,\"height\":2560},{\"@type\":\"BreadcrumbList\",\"@id\":\"https:\/\/letrame.com\/catalogo\/producto\/la-espada-del-deseo\/#breadcrumb\",\"itemListElement\":[{\"@type\":\"ListItem\",\"position\":1,\"name\":\"Portada\",\"item\":\"https:\/\/letrame.com\/catalogo\/\"},{\"@type\":\"ListItem\",\"position\":2,\"name\":\"Cat\u00e1logo\",\"item\":\"https:\/\/letrame.com\/catalogo\/\"},{\"@type\":\"ListItem\",\"position\":3,\"name\":\"La espada del deseo\"}]},{\"@type\":\"WebSite\",\"@id\":\"https:\/\/letrame.com\/catalogo\/#website\",\"url\":\"https:\/\/letrame.com\/catalogo\/\",\"name\":\"Catalogo | Letrame Grupo Editorial\",\"description\":\"\",\"publisher\":{\"@id\":\"https:\/\/letrame.com\/catalogo\/#organization\"},\"potentialAction\":[{\"@type\":\"SearchAction\",\"target\":{\"@type\":\"EntryPoint\",\"urlTemplate\":\"https:\/\/letrame.com\/catalogo\/?s={search_term_string}\"},\"query-input\":{\"@type\":\"PropertyValueSpecification\",\"valueRequired\":true,\"valueName\":\"search_term_string\"}}],\"inLanguage\":\"es\"},{\"@type\":\"Organization\",\"@id\":\"https:\/\/letrame.com\/catalogo\/#organization\",\"name\":\"Catalogo | Letrame Grupo Editorial\",\"url\":\"https:\/\/letrame.com\/catalogo\/\",\"logo\":{\"@type\":\"ImageObject\",\"inLanguage\":\"es\",\"@id\":\"https:\/\/letrame.com\/catalogo\/#\/schema\/logo\/image\/\",\"url\":\"https:\/\/letrame.com\/catalogo\/wp-content\/uploads\/2024\/03\/logo2.webp\",\"contentUrl\":\"https:\/\/letrame.com\/catalogo\/wp-content\/uploads\/2024\/03\/logo2.webp\",\"width\":394,\"height\":128,\"caption\":\"Catalogo | Letrame Grupo Editorial\"},\"image\":{\"@id\":\"https:\/\/letrame.com\/catalogo\/#\/schema\/logo\/image\/\"}}]}<\/script>\n<!-- \/ Yoast SEO plugin. -->","yoast_head_json":{"title":"La espada del deseo - Catalogo | Letrame Grupo Editorial","robots":{"index":"index","follow":"follow","max-snippet":"max-snippet:-1","max-image-preview":"max-image-preview:large","max-video-preview":"max-video-preview:-1"},"canonical":"https:\/\/letrame.com\/catalogo\/producto\/la-espada-del-deseo\/","og_locale":"es_ES","og_type":"article","og_title":"La espada del deseo - Catalogo | Letrame Grupo Editorial","og_description":"ISBN: 978-84-1386-649-9   El gran castillo de Magnolia est\u00e1 en peligro. Tras la abrumadora amenaza de un conquistador, todos deben prepararse para una defensa. Contra un ej\u00e9rcito mucho mayor, las esperanzas parecieran desparecer. La situaci\u00f3n orilla a Vahime y su Hermana Belthi a salir del castillo en el que viv\u00edan. Ellos ayudaran a uno de los herederos de Magnolia, a derrotar a F\u00e9lix, quien atac\u00f3 su hogar. Los hermanos inician un viaje buscando un lugar seguro, donde son alcanzados por las desgracias ocasionadas por las conquista, esto los llevar\u00e1 a indagar en la historia antigua del reino donde viven, y de la espada que utilizaba el primer gobernante. Con la b\u00fasqueda de esta arma en mente, Vahime intentar\u00e1 lograr lo imposible para recuperar su antigua vida, pero deben ir hasta los rincones del mundo conocido, visitar a un gremio de mercenarios y luchar contra sus propias ideas.","og_url":"https:\/\/letrame.com\/catalogo\/producto\/la-espada-del-deseo\/","og_site_name":"Catalogo | Letrame Grupo Editorial","og_image":[{"width":1746,"height":2560,"url":"https:\/\/letrame.com\/catalogo\/wp-content\/uploads\/2024\/04\/La-espada-del-deseo-scaled-1.jpeg","type":"image\/jpeg"}],"twitter_card":"summary_large_image","twitter_misc":{"Tiempo de lectura":"1 minuto"},"schema":{"@context":"https:\/\/schema.org","@graph":[{"@type":"WebPage","@id":"https:\/\/letrame.com\/catalogo\/producto\/la-espada-del-deseo\/","url":"https:\/\/letrame.com\/catalogo\/producto\/la-espada-del-deseo\/","name":"La espada del deseo - Catalogo | Letrame Grupo Editorial","isPartOf":{"@id":"https:\/\/letrame.com\/catalogo\/#website"},"primaryImageOfPage":{"@id":"https:\/\/letrame.com\/catalogo\/producto\/la-espada-del-deseo\/#primaryimage"},"image":{"@id":"https:\/\/letrame.com\/catalogo\/producto\/la-espada-del-deseo\/#primaryimage"},"thumbnailUrl":"https:\/\/letrame.com\/catalogo\/wp-content\/uploads\/2024\/04\/La-espada-del-deseo-scaled-1.jpeg","datePublished":"2024-04-29T10:12:10+00:00","breadcrumb":{"@id":"https:\/\/letrame.com\/catalogo\/producto\/la-espada-del-deseo\/#breadcrumb"},"inLanguage":"es","potentialAction":[{"@type":"ReadAction","target":["https:\/\/letrame.com\/catalogo\/producto\/la-espada-del-deseo\/"]}]},{"@type":"ImageObject","inLanguage":"es","@id":"https:\/\/letrame.com\/catalogo\/producto\/la-espada-del-deseo\/#primaryimage","url":"https:\/\/letrame.com\/catalogo\/wp-content\/uploads\/2024\/04\/La-espada-del-deseo-scaled-1.jpeg","contentUrl":"https:\/\/letrame.com\/catalogo\/wp-content\/uploads\/2024\/04\/La-espada-del-deseo-scaled-1.jpeg","width":1746,"height":2560},{"@type":"BreadcrumbList","@id":"https:\/\/letrame.com\/catalogo\/producto\/la-espada-del-deseo\/#breadcrumb","itemListElement":[{"@type":"ListItem","position":1,"name":"Portada","item":"https:\/\/letrame.com\/catalogo\/"},{"@type":"ListItem","position":2,"name":"Cat\u00e1logo","item":"https:\/\/letrame.com\/catalogo\/"},{"@type":"ListItem","position":3,"name":"La espada del deseo"}]},{"@type":"WebSite","@id":"https:\/\/letrame.com\/catalogo\/#website","url":"https:\/\/letrame.com\/catalogo\/","name":"Catalogo | Letrame Grupo Editorial","description":"","publisher":{"@id":"https:\/\/letrame.com\/catalogo\/#organization"},"potentialAction":[{"@type":"SearchAction","target":{"@type":"EntryPoint","urlTemplate":"https:\/\/letrame.com\/catalogo\/?s={search_term_string}"},"query-input":{"@type":"PropertyValueSpecification","valueRequired":true,"valueName":"search_term_string"}}],"inLanguage":"es"},{"@type":"Organization","@id":"https:\/\/letrame.com\/catalogo\/#organization","name":"Catalogo | Letrame Grupo Editorial","url":"https:\/\/letrame.com\/catalogo\/","logo":{"@type":"ImageObject","inLanguage":"es","@id":"https:\/\/letrame.com\/catalogo\/#\/schema\/logo\/image\/","url":"https:\/\/letrame.com\/catalogo\/wp-content\/uploads\/2024\/03\/logo2.webp","contentUrl":"https:\/\/letrame.com\/catalogo\/wp-content\/uploads\/2024\/03\/logo2.webp","width":394,"height":128,"caption":"Catalogo | Letrame Grupo Editorial"},"image":{"@id":"https:\/\/letrame.com\/catalogo\/#\/schema\/logo\/image\/"}}]}},"_links":{"self":[{"href":"https:\/\/letrame.com\/catalogo\/wp-json\/wp\/v2\/product\/96875","targetHints":{"allow":["GET"]}}],"collection":[{"href":"https:\/\/letrame.com\/catalogo\/wp-json\/wp\/v2\/product"}],"about":[{"href":"https:\/\/letrame.com\/catalogo\/wp-json\/wp\/v2\/types\/product"}],"replies":[{"embeddable":true,"href":"https:\/\/letrame.com\/catalogo\/wp-json\/wp\/v2\/comments?post=96875"}],"acf:post":[{"embeddable":true,"href":"https:\/\/letrame.com\/catalogo\/wp-json\/wp\/v2\/author_book\/75538"}],"wp:featuredmedia":[{"embeddable":true,"href":"https:\/\/letrame.com\/catalogo\/wp-json\/wp\/v2\/media\/96876"}],"wp:attachment":[{"href":"https:\/\/letrame.com\/catalogo\/wp-json\/wp\/v2\/media?parent=96875"}],"wp:term":[{"taxonomy":"libro","embeddable":true,"href":"https:\/\/letrame.com\/catalogo\/wp-json\/wp\/v2\/libro?post=96875"},{"taxonomy":"product_brand","embeddable":true,"href":"https:\/\/letrame.com\/catalogo\/wp-json\/wp\/v2\/product_brand?post=96875"},{"taxonomy":"product_cat","embeddable":true,"href":"https:\/\/letrame.com\/catalogo\/wp-json\/wp\/v2\/product_cat?post=96875"},{"taxonomy":"product_tag","embeddable":true,"href":"https:\/\/letrame.com\/catalogo\/wp-json\/wp\/v2\/product_tag?post=96875"}],"curies":[{"name":"wp","href":"https:\/\/api.w.org\/{rel}","templated":true}]}}