{"id":96871,"date":"2024-04-29T12:11:17","date_gmt":"2024-04-29T10:11:17","guid":{"rendered":"https:\/\/letrame.com\/catalogo\/producto\/en-busca-del-vino-perfecto\/"},"modified":"2024-04-29T12:11:36","modified_gmt":"2024-04-29T10:11:36","slug":"en-busca-del-vino-perfecto","status":"publish","type":"product","link":"https:\/\/letrame.com\/catalogo\/producto\/en-busca-del-vino-perfecto\/","title":{"rendered":"En busca del vino perfecto"},"content":{"rendered":"<div class=\"page\" title=\"Page 6\">\n<div class=\"layoutArea\">\n<div class=\"column\">\n<p><strong>ISBN<\/strong>: 978-84-1386-633-8<\/p>\n<\/div>\n<\/div>\n<\/div>\n<p><b>T\u00edtulo<\/b><span style=\"font-weight: 400;\">: En busca del vino perfecto<\/span><span style=\"font-weight: 400;\"><br \/>\n<\/span><b>Fecha<\/b><span style=\"font-weight: 400;\">: 2021<\/span><span style=\"font-weight: 400;\"><br \/>\n<\/span><b>P\u00e1ginas<\/b><span style=\"font-weight: 400;\">: 330<\/span><\/p>\n<p><b>SINOPSIS<\/b><\/p>\n<p><em>\u201cLa mejor manera de aprender sobre algo es experimentarlo por uno mismo recorriendo el camino que nos llevar\u00e1 a encontrarnos con nuestro destino\u201d<\/em> As\u00ed es como comienza esta b\u00fasqueda, como una experiencia personal, un camino en el que cada etapa esta llena de experiencias con las que poder descubrir y conocer no solamente el vino, sino tambi\u00e9n su cultura, y en el que adem\u00e1s conviven junto a estas ense\u00f1anzas, an\u00e9cdotas, curiosidades y conocimientos que ayudar\u00e1n a comprender y completar de manera amena y exitosa la b\u00fasqueda.<\/p>\n<p>&nbsp;<\/p>\n<p>La raz\u00f3n de ser de esta obra estriba en su frase inicial. Para descubrir el vino perfecto primero hay que conocerlo, y despu\u00e9s experimentarlo por uno mismo. Por ello, esta b\u00fasqueda que inici\u00e9 tiempo atr\u00e1s es un punto de partida con el que emprender un viaje para llegar a un destino. Un recorrido por diferentes etapas que nos llevar\u00e1n a descubrir si nos encontramos, o no, ante el vino perfecto. En busca del vino perfecto es, en definitiva eso, un ameno camino en el que descubrir m\u00e1s sobre esta ancestral bebida. Un recorrido que nos llevar\u00e1 a conocer las claves para disfrutar del vino sin complejos, con una base de conocimientos adquiridos mediante un lenguaje sencillo, alejado de los tecnicismos y la complejidad. Esa parte se la dejamos a los profesionales, ya que los amantes del vino buscamos m\u00e1s un placer hedonista a su consumo.<\/p>\n<p>&nbsp;<\/p>\n<p>Adem\u00e1s, conoceremos historias y curiosidades del vino que podremos solt\u00e1rselas a los amigos mientras disfrutamos de un vino, culturilla que suele impresionarles. Una obra de iniciaci\u00f3n al vino, para que la b\u00fasqueda que seguramente decidir\u00e1s emprender tras su lectura, sea un camino ya allanado con el puedas llegar a tu destino, a descubrir tu vino perfecto gracias a las experiencias que aqu\u00ed se narran.<\/p>\n","protected":false},"excerpt":{"rendered":"<div class=\"page\" title=\"Page 6\">\n<div class=\"layoutArea\">\n<div class=\"column\">\n<p><strong>ISBN: 978-84-1386-633-8<\/strong><\/p>\n<\/div>\n<\/div>\n<\/div>\n<p><em>\u201cLa mejor manera de aprender sobre algo es experimentarlo por uno mismo recorriendo el camino que nos llevar\u00e1 a encontrarnos con nuestro destino\u201d<\/em> As\u00ed es como comienza esta b\u00fasqueda, como una experiencia personal, un camino en el que cada etapa esta llena de experiencias con las que poder descubrir y conocer no solamente el vino, sino tambi\u00e9n su cultura, y en el que adem\u00e1s conviven junto a estas ense\u00f1anzas, an\u00e9cdotas, curiosidades y conocimientos que ayudar\u00e1n a comprender y completar de manera amena y exitosa la b\u00fasqueda.<\/p>\n","protected":false},"featured_media":96872,"comment_status":"closed","ping_status":"open","template":"","meta":{"_acf_changed":false},"libro":[],"product_brand":[],"product_cat":[16],"product_tag":[],"class_list":{"0":"post-96871","1":"product","2":"type-product","3":"status-publish","4":"has-post-thumbnail","6":"product_cat-novela","8":"first","9":"instock","10":"purchasable","11":"product-type-simple"},"acf":{"autor":[75397],"enlace_de_compra":"https:\/\/www.amazon.es\/busca-del-vino-perfecto-Biograf%C3%ADa\/dp\/8413866332\/ref=sr_1_1?__mk_es_ES=%C3%85M%C3%85%C5%BD%C3%95%C3%91&amp;dchild=1&amp;keywords=Letrame+S.L.+en+busca+del+vino&amp;qid=1629795637&amp;sr=8-1"},"yoast_head":"<!-- This site is optimized with the Yoast SEO plugin v27.4 - https:\/\/yoast.com\/product\/yoast-seo-wordpress\/ -->\n<title>En busca del vino perfecto - Catalogo | Letrame Grupo Editorial<\/title>\n<meta name=\"robots\" content=\"index, follow, max-snippet:-1, max-image-preview:large, max-video-preview:-1\" \/>\n<link rel=\"canonical\" href=\"https:\/\/letrame.com\/catalogo\/producto\/en-busca-del-vino-perfecto\/\" \/>\n<meta property=\"og:locale\" content=\"es_ES\" \/>\n<meta property=\"og:type\" content=\"article\" \/>\n<meta property=\"og:title\" content=\"En busca del vino perfecto - Catalogo | Letrame Grupo Editorial\" \/>\n<meta property=\"og:description\" content=\"ISBN: 978-84-1386-633-8   \u201cLa mejor manera de aprender sobre algo es experimentarlo por uno mismo recorriendo el camino que nos llevar\u00e1 a encontrarnos con nuestro destino\u201d As\u00ed es como comienza esta b\u00fasqueda, como una experiencia personal, un camino en el que cada etapa esta llena de experiencias con las que poder descubrir y conocer no solamente el vino, sino tambi\u00e9n su cultura, y en el que adem\u00e1s conviven junto a estas ense\u00f1anzas, an\u00e9cdotas, curiosidades y conocimientos que ayudar\u00e1n a comprender y completar de manera amena y exitosa la b\u00fasqueda.\" \/>\n<meta property=\"og:url\" content=\"https:\/\/letrame.com\/catalogo\/producto\/en-busca-del-vino-perfecto\/\" \/>\n<meta property=\"og:site_name\" content=\"Catalogo | Letrame Grupo Editorial\" \/>\n<meta property=\"article:modified_time\" content=\"2024-04-29T10:11:36+00:00\" \/>\n<meta property=\"og:image\" content=\"https:\/\/letrame.com\/catalogo\/wp-content\/uploads\/2024\/04\/En-busca-del-vino-perfecto-web-scaled-1.jpeg\" \/>\n\t<meta property=\"og:image:width\" content=\"1746\" \/>\n\t<meta property=\"og:image:height\" content=\"2560\" \/>\n\t<meta property=\"og:image:type\" content=\"image\/jpeg\" \/>\n<meta name=\"twitter:card\" content=\"summary_large_image\" \/>\n<meta name=\"twitter:label1\" content=\"Tiempo de lectura\" \/>\n\t<meta name=\"twitter:data1\" content=\"2 minutos\" \/>\n<script type=\"application\/ld+json\" class=\"yoast-schema-graph\">{\"@context\":\"https:\\\/\\\/schema.org\",\"@graph\":[{\"@type\":\"WebPage\",\"@id\":\"https:\\\/\\\/letrame.com\\\/catalogo\\\/producto\\\/en-busca-del-vino-perfecto\\\/\",\"url\":\"https:\\\/\\\/letrame.com\\\/catalogo\\\/producto\\\/en-busca-del-vino-perfecto\\\/\",\"name\":\"En busca del vino perfecto - Catalogo | Letrame Grupo Editorial\",\"isPartOf\":{\"@id\":\"https:\\\/\\\/letrame.com\\\/catalogo\\\/#website\"},\"primaryImageOfPage\":{\"@id\":\"https:\\\/\\\/letrame.com\\\/catalogo\\\/producto\\\/en-busca-del-vino-perfecto\\\/#primaryimage\"},\"image\":{\"@id\":\"https:\\\/\\\/letrame.com\\\/catalogo\\\/producto\\\/en-busca-del-vino-perfecto\\\/#primaryimage\"},\"thumbnailUrl\":\"https:\\\/\\\/letrame.com\\\/catalogo\\\/wp-content\\\/uploads\\\/2024\\\/04\\\/En-busca-del-vino-perfecto-web-scaled-1.jpeg\",\"datePublished\":\"2024-04-29T10:11:17+00:00\",\"dateModified\":\"2024-04-29T10:11:36+00:00\",\"breadcrumb\":{\"@id\":\"https:\\\/\\\/letrame.com\\\/catalogo\\\/producto\\\/en-busca-del-vino-perfecto\\\/#breadcrumb\"},\"inLanguage\":\"es\",\"potentialAction\":[{\"@type\":\"ReadAction\",\"target\":[\"https:\\\/\\\/letrame.com\\\/catalogo\\\/producto\\\/en-busca-del-vino-perfecto\\\/\"]}]},{\"@type\":\"ImageObject\",\"inLanguage\":\"es\",\"@id\":\"https:\\\/\\\/letrame.com\\\/catalogo\\\/producto\\\/en-busca-del-vino-perfecto\\\/#primaryimage\",\"url\":\"https:\\\/\\\/letrame.com\\\/catalogo\\\/wp-content\\\/uploads\\\/2024\\\/04\\\/En-busca-del-vino-perfecto-web-scaled-1.jpeg\",\"contentUrl\":\"https:\\\/\\\/letrame.com\\\/catalogo\\\/wp-content\\\/uploads\\\/2024\\\/04\\\/En-busca-del-vino-perfecto-web-scaled-1.jpeg\",\"width\":1746,\"height\":2560},{\"@type\":\"BreadcrumbList\",\"@id\":\"https:\\\/\\\/letrame.com\\\/catalogo\\\/producto\\\/en-busca-del-vino-perfecto\\\/#breadcrumb\",\"itemListElement\":[{\"@type\":\"ListItem\",\"position\":1,\"name\":\"Portada\",\"item\":\"https:\\\/\\\/letrame.com\\\/catalogo\\\/\"},{\"@type\":\"ListItem\",\"position\":2,\"name\":\"Cat\u00e1logo\",\"item\":\"https:\\\/\\\/letrame.com\\\/catalogo\\\/\"},{\"@type\":\"ListItem\",\"position\":3,\"name\":\"En busca del vino perfecto\"}]},{\"@type\":\"WebSite\",\"@id\":\"https:\\\/\\\/letrame.com\\\/catalogo\\\/#website\",\"url\":\"https:\\\/\\\/letrame.com\\\/catalogo\\\/\",\"name\":\"Catalogo | Letrame Grupo Editorial\",\"description\":\"\",\"publisher\":{\"@id\":\"https:\\\/\\\/letrame.com\\\/catalogo\\\/#organization\"},\"potentialAction\":[{\"@type\":\"SearchAction\",\"target\":{\"@type\":\"EntryPoint\",\"urlTemplate\":\"https:\\\/\\\/letrame.com\\\/catalogo\\\/?s={search_term_string}\"},\"query-input\":{\"@type\":\"PropertyValueSpecification\",\"valueRequired\":true,\"valueName\":\"search_term_string\"}}],\"inLanguage\":\"es\"},{\"@type\":\"Organization\",\"@id\":\"https:\\\/\\\/letrame.com\\\/catalogo\\\/#organization\",\"name\":\"Catalogo | Letrame Grupo Editorial\",\"url\":\"https:\\\/\\\/letrame.com\\\/catalogo\\\/\",\"logo\":{\"@type\":\"ImageObject\",\"inLanguage\":\"es\",\"@id\":\"https:\\\/\\\/letrame.com\\\/catalogo\\\/#\\\/schema\\\/logo\\\/image\\\/\",\"url\":\"https:\\\/\\\/letrame.com\\\/catalogo\\\/wp-content\\\/uploads\\\/2024\\\/03\\\/logo2.webp\",\"contentUrl\":\"https:\\\/\\\/letrame.com\\\/catalogo\\\/wp-content\\\/uploads\\\/2024\\\/03\\\/logo2.webp\",\"width\":394,\"height\":128,\"caption\":\"Catalogo | Letrame Grupo Editorial\"},\"image\":{\"@id\":\"https:\\\/\\\/letrame.com\\\/catalogo\\\/#\\\/schema\\\/logo\\\/image\\\/\"}}]}<\/script>\n<!-- \/ Yoast SEO plugin. -->","yoast_head_json":{"title":"En busca del vino perfecto - Catalogo | Letrame Grupo Editorial","robots":{"index":"index","follow":"follow","max-snippet":"max-snippet:-1","max-image-preview":"max-image-preview:large","max-video-preview":"max-video-preview:-1"},"canonical":"https:\/\/letrame.com\/catalogo\/producto\/en-busca-del-vino-perfecto\/","og_locale":"es_ES","og_type":"article","og_title":"En busca del vino perfecto - Catalogo | Letrame Grupo Editorial","og_description":"ISBN: 978-84-1386-633-8   \u201cLa mejor manera de aprender sobre algo es experimentarlo por uno mismo recorriendo el camino que nos llevar\u00e1 a encontrarnos con nuestro destino\u201d As\u00ed es como comienza esta b\u00fasqueda, como una experiencia personal, un camino en el que cada etapa esta llena de experiencias con las que poder descubrir y conocer no solamente el vino, sino tambi\u00e9n su cultura, y en el que adem\u00e1s conviven junto a estas ense\u00f1anzas, an\u00e9cdotas, curiosidades y conocimientos que ayudar\u00e1n a comprender y completar de manera amena y exitosa la b\u00fasqueda.","og_url":"https:\/\/letrame.com\/catalogo\/producto\/en-busca-del-vino-perfecto\/","og_site_name":"Catalogo | Letrame Grupo Editorial","article_modified_time":"2024-04-29T10:11:36+00:00","og_image":[{"width":1746,"height":2560,"url":"https:\/\/letrame.com\/catalogo\/wp-content\/uploads\/2024\/04\/En-busca-del-vino-perfecto-web-scaled-1.jpeg","type":"image\/jpeg"}],"twitter_card":"summary_large_image","twitter_misc":{"Tiempo de lectura":"2 minutos"},"schema":{"@context":"https:\/\/schema.org","@graph":[{"@type":"WebPage","@id":"https:\/\/letrame.com\/catalogo\/producto\/en-busca-del-vino-perfecto\/","url":"https:\/\/letrame.com\/catalogo\/producto\/en-busca-del-vino-perfecto\/","name":"En busca del vino perfecto - Catalogo | Letrame Grupo Editorial","isPartOf":{"@id":"https:\/\/letrame.com\/catalogo\/#website"},"primaryImageOfPage":{"@id":"https:\/\/letrame.com\/catalogo\/producto\/en-busca-del-vino-perfecto\/#primaryimage"},"image":{"@id":"https:\/\/letrame.com\/catalogo\/producto\/en-busca-del-vino-perfecto\/#primaryimage"},"thumbnailUrl":"https:\/\/letrame.com\/catalogo\/wp-content\/uploads\/2024\/04\/En-busca-del-vino-perfecto-web-scaled-1.jpeg","datePublished":"2024-04-29T10:11:17+00:00","dateModified":"2024-04-29T10:11:36+00:00","breadcrumb":{"@id":"https:\/\/letrame.com\/catalogo\/producto\/en-busca-del-vino-perfecto\/#breadcrumb"},"inLanguage":"es","potentialAction":[{"@type":"ReadAction","target":["https:\/\/letrame.com\/catalogo\/producto\/en-busca-del-vino-perfecto\/"]}]},{"@type":"ImageObject","inLanguage":"es","@id":"https:\/\/letrame.com\/catalogo\/producto\/en-busca-del-vino-perfecto\/#primaryimage","url":"https:\/\/letrame.com\/catalogo\/wp-content\/uploads\/2024\/04\/En-busca-del-vino-perfecto-web-scaled-1.jpeg","contentUrl":"https:\/\/letrame.com\/catalogo\/wp-content\/uploads\/2024\/04\/En-busca-del-vino-perfecto-web-scaled-1.jpeg","width":1746,"height":2560},{"@type":"BreadcrumbList","@id":"https:\/\/letrame.com\/catalogo\/producto\/en-busca-del-vino-perfecto\/#breadcrumb","itemListElement":[{"@type":"ListItem","position":1,"name":"Portada","item":"https:\/\/letrame.com\/catalogo\/"},{"@type":"ListItem","position":2,"name":"Cat\u00e1logo","item":"https:\/\/letrame.com\/catalogo\/"},{"@type":"ListItem","position":3,"name":"En busca del vino perfecto"}]},{"@type":"WebSite","@id":"https:\/\/letrame.com\/catalogo\/#website","url":"https:\/\/letrame.com\/catalogo\/","name":"Catalogo | Letrame Grupo Editorial","description":"","publisher":{"@id":"https:\/\/letrame.com\/catalogo\/#organization"},"potentialAction":[{"@type":"SearchAction","target":{"@type":"EntryPoint","urlTemplate":"https:\/\/letrame.com\/catalogo\/?s={search_term_string}"},"query-input":{"@type":"PropertyValueSpecification","valueRequired":true,"valueName":"search_term_string"}}],"inLanguage":"es"},{"@type":"Organization","@id":"https:\/\/letrame.com\/catalogo\/#organization","name":"Catalogo | Letrame Grupo Editorial","url":"https:\/\/letrame.com\/catalogo\/","logo":{"@type":"ImageObject","inLanguage":"es","@id":"https:\/\/letrame.com\/catalogo\/#\/schema\/logo\/image\/","url":"https:\/\/letrame.com\/catalogo\/wp-content\/uploads\/2024\/03\/logo2.webp","contentUrl":"https:\/\/letrame.com\/catalogo\/wp-content\/uploads\/2024\/03\/logo2.webp","width":394,"height":128,"caption":"Catalogo | Letrame Grupo Editorial"},"image":{"@id":"https:\/\/letrame.com\/catalogo\/#\/schema\/logo\/image\/"}}]}},"_links":{"self":[{"href":"https:\/\/letrame.com\/catalogo\/wp-json\/wp\/v2\/product\/96871","targetHints":{"allow":["GET"]}}],"collection":[{"href":"https:\/\/letrame.com\/catalogo\/wp-json\/wp\/v2\/product"}],"about":[{"href":"https:\/\/letrame.com\/catalogo\/wp-json\/wp\/v2\/types\/product"}],"replies":[{"embeddable":true,"href":"https:\/\/letrame.com\/catalogo\/wp-json\/wp\/v2\/comments?post=96871"}],"acf:post":[{"embeddable":true,"href":"https:\/\/letrame.com\/catalogo\/wp-json\/wp\/v2\/author_book\/75397"}],"wp:featuredmedia":[{"embeddable":true,"href":"https:\/\/letrame.com\/catalogo\/wp-json\/wp\/v2\/media\/96872"}],"wp:attachment":[{"href":"https:\/\/letrame.com\/catalogo\/wp-json\/wp\/v2\/media?parent=96871"}],"wp:term":[{"taxonomy":"libro","embeddable":true,"href":"https:\/\/letrame.com\/catalogo\/wp-json\/wp\/v2\/libro?post=96871"},{"taxonomy":"product_brand","embeddable":true,"href":"https:\/\/letrame.com\/catalogo\/wp-json\/wp\/v2\/product_brand?post=96871"},{"taxonomy":"product_cat","embeddable":true,"href":"https:\/\/letrame.com\/catalogo\/wp-json\/wp\/v2\/product_cat?post=96871"},{"taxonomy":"product_tag","embeddable":true,"href":"https:\/\/letrame.com\/catalogo\/wp-json\/wp\/v2\/product_tag?post=96871"}],"curies":[{"name":"wp","href":"https:\/\/api.w.org\/{rel}","templated":true}]}}