{"id":96869,"date":"2024-04-29T12:11:17","date_gmt":"2024-04-29T10:11:17","guid":{"rendered":"https:\/\/letrame.com\/catalogo\/producto\/huida-de-lundy-island\/"},"modified":"2024-04-29T12:11:17","modified_gmt":"2024-04-29T10:11:17","slug":"huida-de-lundy-island","status":"publish","type":"product","link":"https:\/\/letrame.com\/catalogo\/producto\/huida-de-lundy-island\/","title":{"rendered":"Huida de Lundy Island"},"content":{"rendered":"<div class=\"page\" title=\"Page 6\">\n<div class=\"layoutArea\">\n<div class=\"column\">\n<p><strong>ISBN<\/strong>: 978-84-1386-639-0<\/p>\n<\/div>\n<\/div>\n<\/div>\n<p><b>T\u00edtulo<\/b><span style=\"font-weight: 400;\">: Huida de Lundy Island<\/span><span style=\"font-weight: 400;\"><br \/>\n<\/span><b>Fecha<\/b><span style=\"font-weight: 400;\">: 2021<\/span><span style=\"font-weight: 400;\"><br \/>\n<\/span><b>P\u00e1ginas<\/b><span style=\"font-weight: 400;\">: 212<\/span><\/p>\n<p><b>SINOPSIS<\/b><\/p>\n<p>Tras el \u00e9xito en la resoluci\u00f3n de la violenta muerte del embajador italiano en Escocia, Lewis Ferlves y Alex McEa, son invitados a acudir hasta Edimburgo para recibir un m\u00e1s que merecido reconocimiento. Embarcados en el \u00abBELIME II\u00bb, lujosa fragata puesta a su disposici\u00f3n por el rey Humberto I, pronto unos terribles asesinatos a bordo dar\u00e1n al traste con el apacible viaje. Dispuestos a dar con quien est\u00e9 detr\u00e1s de ellos, tomar\u00e1n la decisi\u00f3n de desembarcar junto a unos ilustres invitados en una peque\u00f1a isla en el Canal de San Jorge; Lundy Island. Para su sorpresa, los asesinatos seguir\u00e1n cometi\u00e9ndose en tierra firme. \u00bfOs atreve\u00eds a embarcaros en esta terror\u00edfica aventura?<\/p>\n","protected":false},"excerpt":{"rendered":"<div class=\"page\" title=\"Page 6\">\n<div class=\"layoutArea\">\n<div class=\"column\">\n<p><strong>ISBN: 978-84-1386-639-0<\/strong><\/p>\n<\/div>\n<\/div>\n<\/div>\n<p>Tras el \u00e9xito en la resoluci\u00f3n de la violenta muerte del embajador italiano en Escocia, Lewis Ferlves y Alex McEa, son invitados a acudir hasta Edimburgo para recibir un m\u00e1s que merecido reconocimiento. Embarcados en el \u00abBELIME II\u00bb, lujosa fragata puesta a su disposici\u00f3n por el rey Humberto I, pronto unos terribles asesinatos a bordo dar\u00e1n al traste con el apacible viaje. Dispuestos a dar con quien est\u00e9 detr\u00e1s de ellos, tomar\u00e1n la decisi\u00f3n de desembarcar junto a unos ilustres invitados en una peque\u00f1a isla en el Canal de San Jorge; Lundy Island. Para su sorpresa, los asesinatos seguir\u00e1n cometi\u00e9ndose en tierra firme. \u00bfOs atreve\u00eds a embarcaros en esta terror\u00edfica aventura?<\/p>\n","protected":false},"featured_media":96870,"comment_status":"closed","ping_status":"open","template":"","meta":{"_acf_changed":false},"libro":[],"product_brand":[],"product_cat":[16],"product_tag":[],"class_list":{"0":"post-96869","1":"product","2":"type-product","3":"status-publish","4":"has-post-thumbnail","6":"product_cat-novela","8":"first","9":"instock","10":"product-type-simple"},"acf":{"autor":[73133],"enlace_de_compra":""},"yoast_head":"<!-- This site is optimized with the Yoast SEO plugin v27.4 - https:\/\/yoast.com\/product\/yoast-seo-wordpress\/ -->\n<title>Huida de Lundy Island - Catalogo | Letrame Grupo Editorial<\/title>\n<meta name=\"robots\" content=\"index, follow, max-snippet:-1, max-image-preview:large, max-video-preview:-1\" \/>\n<link rel=\"canonical\" href=\"https:\/\/letrame.com\/catalogo\/producto\/huida-de-lundy-island\/\" \/>\n<meta property=\"og:locale\" content=\"es_ES\" \/>\n<meta property=\"og:type\" content=\"article\" \/>\n<meta property=\"og:title\" content=\"Huida de Lundy Island - Catalogo | Letrame Grupo Editorial\" \/>\n<meta property=\"og:description\" content=\"ISBN: 978-84-1386-639-0   Tras el \u00e9xito en la resoluci\u00f3n de la violenta muerte del embajador italiano en Escocia, Lewis Ferlves y Alex McEa, son invitados a acudir hasta Edimburgo para recibir un m\u00e1s que merecido reconocimiento. Embarcados en el &quot;BELIME II&quot;, lujosa fragata puesta a su disposici\u00f3n por el rey Humberto I, pronto unos terribles asesinatos a bordo dar\u00e1n al traste con el apacible viaje. Dispuestos a dar con quien est\u00e9 detr\u00e1s de ellos, tomar\u00e1n la decisi\u00f3n de desembarcar junto a unos ilustres invitados en una peque\u00f1a isla en el Canal de San Jorge; Lundy Island. Para su sorpresa, los asesinatos seguir\u00e1n cometi\u00e9ndose en tierra firme. \u00bfOs atreve\u00eds a embarcaros en esta terror\u00edfica aventura?\" \/>\n<meta property=\"og:url\" content=\"https:\/\/letrame.com\/catalogo\/producto\/huida-de-lundy-island\/\" \/>\n<meta property=\"og:site_name\" content=\"Catalogo | Letrame Grupo Editorial\" \/>\n<meta property=\"og:image\" content=\"https:\/\/letrame.com\/catalogo\/wp-content\/uploads\/2024\/04\/huida-de-lundy-island.jpeg\" \/>\n\t<meta property=\"og:image:width\" content=\"1594\" \/>\n\t<meta property=\"og:image:height\" content=\"2303\" \/>\n\t<meta property=\"og:image:type\" content=\"image\/jpeg\" \/>\n<meta name=\"twitter:card\" content=\"summary_large_image\" \/>\n<meta name=\"twitter:label1\" content=\"Tiempo de lectura\" \/>\n\t<meta name=\"twitter:data1\" content=\"1 minuto\" \/>\n<script type=\"application\/ld+json\" class=\"yoast-schema-graph\">{\"@context\":\"https:\\\/\\\/schema.org\",\"@graph\":[{\"@type\":\"WebPage\",\"@id\":\"https:\\\/\\\/letrame.com\\\/catalogo\\\/producto\\\/huida-de-lundy-island\\\/\",\"url\":\"https:\\\/\\\/letrame.com\\\/catalogo\\\/producto\\\/huida-de-lundy-island\\\/\",\"name\":\"Huida de Lundy Island - Catalogo | Letrame Grupo Editorial\",\"isPartOf\":{\"@id\":\"https:\\\/\\\/letrame.com\\\/catalogo\\\/#website\"},\"primaryImageOfPage\":{\"@id\":\"https:\\\/\\\/letrame.com\\\/catalogo\\\/producto\\\/huida-de-lundy-island\\\/#primaryimage\"},\"image\":{\"@id\":\"https:\\\/\\\/letrame.com\\\/catalogo\\\/producto\\\/huida-de-lundy-island\\\/#primaryimage\"},\"thumbnailUrl\":\"https:\\\/\\\/letrame.com\\\/catalogo\\\/wp-content\\\/uploads\\\/2024\\\/04\\\/huida-de-lundy-island.jpeg\",\"datePublished\":\"2024-04-29T10:11:17+00:00\",\"breadcrumb\":{\"@id\":\"https:\\\/\\\/letrame.com\\\/catalogo\\\/producto\\\/huida-de-lundy-island\\\/#breadcrumb\"},\"inLanguage\":\"es\",\"potentialAction\":[{\"@type\":\"ReadAction\",\"target\":[\"https:\\\/\\\/letrame.com\\\/catalogo\\\/producto\\\/huida-de-lundy-island\\\/\"]}]},{\"@type\":\"ImageObject\",\"inLanguage\":\"es\",\"@id\":\"https:\\\/\\\/letrame.com\\\/catalogo\\\/producto\\\/huida-de-lundy-island\\\/#primaryimage\",\"url\":\"https:\\\/\\\/letrame.com\\\/catalogo\\\/wp-content\\\/uploads\\\/2024\\\/04\\\/huida-de-lundy-island.jpeg\",\"contentUrl\":\"https:\\\/\\\/letrame.com\\\/catalogo\\\/wp-content\\\/uploads\\\/2024\\\/04\\\/huida-de-lundy-island.jpeg\",\"width\":1594,\"height\":2303},{\"@type\":\"BreadcrumbList\",\"@id\":\"https:\\\/\\\/letrame.com\\\/catalogo\\\/producto\\\/huida-de-lundy-island\\\/#breadcrumb\",\"itemListElement\":[{\"@type\":\"ListItem\",\"position\":1,\"name\":\"Portada\",\"item\":\"https:\\\/\\\/letrame.com\\\/catalogo\\\/\"},{\"@type\":\"ListItem\",\"position\":2,\"name\":\"Cat\u00e1logo\",\"item\":\"https:\\\/\\\/letrame.com\\\/catalogo\\\/\"},{\"@type\":\"ListItem\",\"position\":3,\"name\":\"Huida de Lundy Island\"}]},{\"@type\":\"WebSite\",\"@id\":\"https:\\\/\\\/letrame.com\\\/catalogo\\\/#website\",\"url\":\"https:\\\/\\\/letrame.com\\\/catalogo\\\/\",\"name\":\"Catalogo | Letrame Grupo Editorial\",\"description\":\"\",\"publisher\":{\"@id\":\"https:\\\/\\\/letrame.com\\\/catalogo\\\/#organization\"},\"potentialAction\":[{\"@type\":\"SearchAction\",\"target\":{\"@type\":\"EntryPoint\",\"urlTemplate\":\"https:\\\/\\\/letrame.com\\\/catalogo\\\/?s={search_term_string}\"},\"query-input\":{\"@type\":\"PropertyValueSpecification\",\"valueRequired\":true,\"valueName\":\"search_term_string\"}}],\"inLanguage\":\"es\"},{\"@type\":\"Organization\",\"@id\":\"https:\\\/\\\/letrame.com\\\/catalogo\\\/#organization\",\"name\":\"Catalogo | Letrame Grupo Editorial\",\"url\":\"https:\\\/\\\/letrame.com\\\/catalogo\\\/\",\"logo\":{\"@type\":\"ImageObject\",\"inLanguage\":\"es\",\"@id\":\"https:\\\/\\\/letrame.com\\\/catalogo\\\/#\\\/schema\\\/logo\\\/image\\\/\",\"url\":\"https:\\\/\\\/letrame.com\\\/catalogo\\\/wp-content\\\/uploads\\\/2024\\\/03\\\/logo2.webp\",\"contentUrl\":\"https:\\\/\\\/letrame.com\\\/catalogo\\\/wp-content\\\/uploads\\\/2024\\\/03\\\/logo2.webp\",\"width\":394,\"height\":128,\"caption\":\"Catalogo | Letrame Grupo Editorial\"},\"image\":{\"@id\":\"https:\\\/\\\/letrame.com\\\/catalogo\\\/#\\\/schema\\\/logo\\\/image\\\/\"}}]}<\/script>\n<!-- \/ Yoast SEO plugin. -->","yoast_head_json":{"title":"Huida de Lundy Island - Catalogo | Letrame Grupo Editorial","robots":{"index":"index","follow":"follow","max-snippet":"max-snippet:-1","max-image-preview":"max-image-preview:large","max-video-preview":"max-video-preview:-1"},"canonical":"https:\/\/letrame.com\/catalogo\/producto\/huida-de-lundy-island\/","og_locale":"es_ES","og_type":"article","og_title":"Huida de Lundy Island - Catalogo | Letrame Grupo Editorial","og_description":"ISBN: 978-84-1386-639-0   Tras el \u00e9xito en la resoluci\u00f3n de la violenta muerte del embajador italiano en Escocia, Lewis Ferlves y Alex McEa, son invitados a acudir hasta Edimburgo para recibir un m\u00e1s que merecido reconocimiento. Embarcados en el \"BELIME II\", lujosa fragata puesta a su disposici\u00f3n por el rey Humberto I, pronto unos terribles asesinatos a bordo dar\u00e1n al traste con el apacible viaje. Dispuestos a dar con quien est\u00e9 detr\u00e1s de ellos, tomar\u00e1n la decisi\u00f3n de desembarcar junto a unos ilustres invitados en una peque\u00f1a isla en el Canal de San Jorge; Lundy Island. Para su sorpresa, los asesinatos seguir\u00e1n cometi\u00e9ndose en tierra firme. \u00bfOs atreve\u00eds a embarcaros en esta terror\u00edfica aventura?","og_url":"https:\/\/letrame.com\/catalogo\/producto\/huida-de-lundy-island\/","og_site_name":"Catalogo | Letrame Grupo Editorial","og_image":[{"width":1594,"height":2303,"url":"https:\/\/letrame.com\/catalogo\/wp-content\/uploads\/2024\/04\/huida-de-lundy-island.jpeg","type":"image\/jpeg"}],"twitter_card":"summary_large_image","twitter_misc":{"Tiempo de lectura":"1 minuto"},"schema":{"@context":"https:\/\/schema.org","@graph":[{"@type":"WebPage","@id":"https:\/\/letrame.com\/catalogo\/producto\/huida-de-lundy-island\/","url":"https:\/\/letrame.com\/catalogo\/producto\/huida-de-lundy-island\/","name":"Huida de Lundy Island - Catalogo | Letrame Grupo Editorial","isPartOf":{"@id":"https:\/\/letrame.com\/catalogo\/#website"},"primaryImageOfPage":{"@id":"https:\/\/letrame.com\/catalogo\/producto\/huida-de-lundy-island\/#primaryimage"},"image":{"@id":"https:\/\/letrame.com\/catalogo\/producto\/huida-de-lundy-island\/#primaryimage"},"thumbnailUrl":"https:\/\/letrame.com\/catalogo\/wp-content\/uploads\/2024\/04\/huida-de-lundy-island.jpeg","datePublished":"2024-04-29T10:11:17+00:00","breadcrumb":{"@id":"https:\/\/letrame.com\/catalogo\/producto\/huida-de-lundy-island\/#breadcrumb"},"inLanguage":"es","potentialAction":[{"@type":"ReadAction","target":["https:\/\/letrame.com\/catalogo\/producto\/huida-de-lundy-island\/"]}]},{"@type":"ImageObject","inLanguage":"es","@id":"https:\/\/letrame.com\/catalogo\/producto\/huida-de-lundy-island\/#primaryimage","url":"https:\/\/letrame.com\/catalogo\/wp-content\/uploads\/2024\/04\/huida-de-lundy-island.jpeg","contentUrl":"https:\/\/letrame.com\/catalogo\/wp-content\/uploads\/2024\/04\/huida-de-lundy-island.jpeg","width":1594,"height":2303},{"@type":"BreadcrumbList","@id":"https:\/\/letrame.com\/catalogo\/producto\/huida-de-lundy-island\/#breadcrumb","itemListElement":[{"@type":"ListItem","position":1,"name":"Portada","item":"https:\/\/letrame.com\/catalogo\/"},{"@type":"ListItem","position":2,"name":"Cat\u00e1logo","item":"https:\/\/letrame.com\/catalogo\/"},{"@type":"ListItem","position":3,"name":"Huida de Lundy Island"}]},{"@type":"WebSite","@id":"https:\/\/letrame.com\/catalogo\/#website","url":"https:\/\/letrame.com\/catalogo\/","name":"Catalogo | Letrame Grupo Editorial","description":"","publisher":{"@id":"https:\/\/letrame.com\/catalogo\/#organization"},"potentialAction":[{"@type":"SearchAction","target":{"@type":"EntryPoint","urlTemplate":"https:\/\/letrame.com\/catalogo\/?s={search_term_string}"},"query-input":{"@type":"PropertyValueSpecification","valueRequired":true,"valueName":"search_term_string"}}],"inLanguage":"es"},{"@type":"Organization","@id":"https:\/\/letrame.com\/catalogo\/#organization","name":"Catalogo | Letrame Grupo Editorial","url":"https:\/\/letrame.com\/catalogo\/","logo":{"@type":"ImageObject","inLanguage":"es","@id":"https:\/\/letrame.com\/catalogo\/#\/schema\/logo\/image\/","url":"https:\/\/letrame.com\/catalogo\/wp-content\/uploads\/2024\/03\/logo2.webp","contentUrl":"https:\/\/letrame.com\/catalogo\/wp-content\/uploads\/2024\/03\/logo2.webp","width":394,"height":128,"caption":"Catalogo | Letrame Grupo Editorial"},"image":{"@id":"https:\/\/letrame.com\/catalogo\/#\/schema\/logo\/image\/"}}]}},"_links":{"self":[{"href":"https:\/\/letrame.com\/catalogo\/wp-json\/wp\/v2\/product\/96869","targetHints":{"allow":["GET"]}}],"collection":[{"href":"https:\/\/letrame.com\/catalogo\/wp-json\/wp\/v2\/product"}],"about":[{"href":"https:\/\/letrame.com\/catalogo\/wp-json\/wp\/v2\/types\/product"}],"replies":[{"embeddable":true,"href":"https:\/\/letrame.com\/catalogo\/wp-json\/wp\/v2\/comments?post=96869"}],"wp:featuredmedia":[{"embeddable":true,"href":"https:\/\/letrame.com\/catalogo\/wp-json\/wp\/v2\/media\/96870"}],"wp:attachment":[{"href":"https:\/\/letrame.com\/catalogo\/wp-json\/wp\/v2\/media?parent=96869"}],"wp:term":[{"taxonomy":"libro","embeddable":true,"href":"https:\/\/letrame.com\/catalogo\/wp-json\/wp\/v2\/libro?post=96869"},{"taxonomy":"product_brand","embeddable":true,"href":"https:\/\/letrame.com\/catalogo\/wp-json\/wp\/v2\/product_brand?post=96869"},{"taxonomy":"product_cat","embeddable":true,"href":"https:\/\/letrame.com\/catalogo\/wp-json\/wp\/v2\/product_cat?post=96869"},{"taxonomy":"product_tag","embeddable":true,"href":"https:\/\/letrame.com\/catalogo\/wp-json\/wp\/v2\/product_tag?post=96869"}],"curies":[{"name":"wp","href":"https:\/\/api.w.org\/{rel}","templated":true}]}}