{"id":96863,"date":"2024-04-29T12:10:02","date_gmt":"2024-04-29T10:10:02","guid":{"rendered":"https:\/\/letrame.com\/catalogo\/producto\/el-reinado-del-desolador\/"},"modified":"2024-04-29T12:10:02","modified_gmt":"2024-04-29T10:10:02","slug":"el-reinado-del-desolador","status":"publish","type":"product","link":"https:\/\/letrame.com\/catalogo\/producto\/el-reinado-del-desolador\/","title":{"rendered":"El reinado del desolador"},"content":{"rendered":"<div class=\"page\" title=\"Page 6\">\n<div class=\"layoutArea\">\n<div class=\"column\">\n<p><strong>ISBN<\/strong>: 978-84-1386-716-8<\/p>\n<\/div>\n<\/div>\n<\/div>\n<p><b>T\u00edtulo<\/b><span style=\"font-weight: 400;\">: El reinado del desolador<\/span><span style=\"font-weight: 400;\"><br \/>\n<\/span><b>Fecha<\/b><span style=\"font-weight: 400;\">: 2021<\/span><span style=\"font-weight: 400;\"><br \/>\n<\/span><b>P\u00e1ginas<\/b><span style=\"font-weight: 400;\">: 604<\/span><\/p>\n<p><b>SINOPSIS<\/b><\/p>\n<p>Un pirata inform\u00e1tico doctor en teolog\u00eda y en combinaciones de cerraduras de cajas fuertes al que los fantasmas del pasado y una deuda pendiente lo ponen en la precaria decisi\u00f3n contra su voluntad de planear un \u00faltimo atraco.<\/p>\n<p>Una joven delincuente experta en el manejo de autos de carreras clandestinas y en un nebuloso negocio de sustancias controladas en el bajo mundo.<\/p>\n<p>Un jud\u00edo exagente de la agencia de inteligencia israel\u00ed que huye de su pasado.<\/p>\n<p>Una comandante militar con un car\u00e1cter inflexible y tenaz.<\/p>\n<p>Y una caja fuerte que guarda informaci\u00f3n sobre profec\u00edas, genocidios jud\u00edos, enga\u00f1os, asesinatos sin resolver\u2026 y la llegada del nuevo orden mundial y el desolador a la Tierra.<\/p>\n<p>Este peculiar equipo se ver\u00e1 inmerso en una fren\u00e9tica carrera a contrarreloj por descubrir la verdad y desenmascarar al l\u00edder del nuevo orden mundial, el desolador y a su falso profeta mientras luchan por sobrevivir en un mundo de caos durante el reinado de la hora de las tinieblas abiertas las puertas del abismo infernal.<\/p>\n","protected":false},"excerpt":{"rendered":"<div class=\"page\" title=\"Page 6\">\n<div class=\"layoutArea\">\n<div class=\"column\">\n<p><strong>ISBN: 978-84-1386-716-8<\/strong><\/p>\n<\/div>\n<\/div>\n<\/div>\n<p>Un pirata inform\u00e1tico doctor en teolog\u00eda y en combinaciones de cerraduras de cajas fuertes al que los fantasmas del pasado y una deuda pendiente lo ponen en la precaria decisi\u00f3n contra su voluntad de planear un \u00faltimo atraco.<\/p>\n<p>Una joven delincuente experta en el manejo de autos de carreras clandestinas y en un nebuloso negocio de sustancias controladas en el bajo mundo.<\/p>\n<p>Un jud\u00edo exagente de la agencia de inteligencia israel\u00ed que huye de su pasado.<\/p>\n<p>Una comandante militar con un car\u00e1cter inflexible y tenaz.<\/p>\n<p>Y una caja fuerte que guarda informaci\u00f3n sobre profec\u00edas, genocidios jud\u00edos, enga\u00f1os, asesinatos sin resolver\u2026 y la llegada del nuevo orden mundial y el desolador a la Tierra.<\/p>\n<p>Este peculiar equipo se ver\u00e1 inmerso en una fren\u00e9tica carrera a contrarreloj por descubrir la verdad y desenmascarar al l\u00edder del nuevo orden mundial, el desolador y a su falso profeta mientras luchan por sobrevivir en un mundo de caos durante el reinado de la hora de las tinieblas abiertas las puertas del abismo infernal.<\/p>\n","protected":false},"featured_media":96864,"comment_status":"closed","ping_status":"open","template":"","meta":{"_acf_changed":false},"libro":[],"product_brand":[],"product_cat":[16],"product_tag":[],"class_list":{"0":"post-96863","1":"product","2":"type-product","3":"status-publish","4":"has-post-thumbnail","6":"product_cat-novela","8":"first","9":"instock","10":"product-type-simple"},"acf":{"autor":"","enlace_de_compra":""},"yoast_head":"<!-- This site is optimized with the Yoast SEO plugin v27.4 - https:\/\/yoast.com\/product\/yoast-seo-wordpress\/ -->\n<title>El reinado del desolador - Catalogo | Letrame Grupo Editorial<\/title>\n<meta name=\"robots\" content=\"index, follow, max-snippet:-1, max-image-preview:large, max-video-preview:-1\" \/>\n<link rel=\"canonical\" href=\"https:\/\/letrame.com\/catalogo\/producto\/el-reinado-del-desolador\/\" \/>\n<meta property=\"og:locale\" content=\"es_ES\" \/>\n<meta property=\"og:type\" content=\"article\" \/>\n<meta property=\"og:title\" content=\"El reinado del desolador - Catalogo | Letrame Grupo Editorial\" \/>\n<meta property=\"og:description\" content=\"ISBN: 978-84-1386-716-8   Un pirata inform\u00e1tico doctor en teolog\u00eda y en combinaciones de cerraduras de cajas fuertes al que los fantasmas del pasado y una deuda pendiente lo ponen en la precaria decisi\u00f3n contra su voluntad de planear un \u00faltimo atraco. Una joven delincuente experta en el manejo de autos de carreras clandestinas y en un nebuloso negocio de sustancias controladas en el bajo mundo. Un jud\u00edo exagente de la agencia de inteligencia israel\u00ed que huye de su pasado. Una comandante militar con un car\u00e1cter inflexible y tenaz. Y una caja fuerte que guarda informaci\u00f3n sobre profec\u00edas, genocidios jud\u00edos, enga\u00f1os, asesinatos sin resolver\u2026 y la llegada del nuevo orden mundial y el desolador a la Tierra. Este peculiar equipo se ver\u00e1 inmerso en una fren\u00e9tica carrera a contrarreloj por descubrir la verdad y desenmascarar al l\u00edder del nuevo orden mundial, el desolador y a su falso profeta mientras luchan por sobrevivir en un mundo de caos durante el reinado de la hora de las tinieblas abiertas las puertas del abismo infernal.\" \/>\n<meta property=\"og:url\" content=\"https:\/\/letrame.com\/catalogo\/producto\/el-reinado-del-desolador\/\" \/>\n<meta property=\"og:site_name\" content=\"Catalogo | Letrame Grupo Editorial\" \/>\n<meta property=\"og:image\" content=\"https:\/\/letrame.com\/catalogo\/wp-content\/uploads\/2024\/04\/El-reinado-del-desolador-scaled-1.jpeg\" \/>\n\t<meta property=\"og:image:width\" content=\"1746\" \/>\n\t<meta property=\"og:image:height\" content=\"2560\" \/>\n\t<meta property=\"og:image:type\" content=\"image\/jpeg\" \/>\n<meta name=\"twitter:card\" content=\"summary_large_image\" \/>\n<meta name=\"twitter:label1\" content=\"Tiempo de lectura\" \/>\n\t<meta name=\"twitter:data1\" content=\"1 minuto\" \/>\n<script type=\"application\/ld+json\" class=\"yoast-schema-graph\">{\"@context\":\"https:\\\/\\\/schema.org\",\"@graph\":[{\"@type\":\"WebPage\",\"@id\":\"https:\\\/\\\/letrame.com\\\/catalogo\\\/producto\\\/el-reinado-del-desolador\\\/\",\"url\":\"https:\\\/\\\/letrame.com\\\/catalogo\\\/producto\\\/el-reinado-del-desolador\\\/\",\"name\":\"El reinado del desolador - Catalogo | Letrame Grupo Editorial\",\"isPartOf\":{\"@id\":\"https:\\\/\\\/letrame.com\\\/catalogo\\\/#website\"},\"primaryImageOfPage\":{\"@id\":\"https:\\\/\\\/letrame.com\\\/catalogo\\\/producto\\\/el-reinado-del-desolador\\\/#primaryimage\"},\"image\":{\"@id\":\"https:\\\/\\\/letrame.com\\\/catalogo\\\/producto\\\/el-reinado-del-desolador\\\/#primaryimage\"},\"thumbnailUrl\":\"https:\\\/\\\/letrame.com\\\/catalogo\\\/wp-content\\\/uploads\\\/2024\\\/04\\\/El-reinado-del-desolador-scaled-1.jpeg\",\"datePublished\":\"2024-04-29T10:10:02+00:00\",\"breadcrumb\":{\"@id\":\"https:\\\/\\\/letrame.com\\\/catalogo\\\/producto\\\/el-reinado-del-desolador\\\/#breadcrumb\"},\"inLanguage\":\"es\",\"potentialAction\":[{\"@type\":\"ReadAction\",\"target\":[\"https:\\\/\\\/letrame.com\\\/catalogo\\\/producto\\\/el-reinado-del-desolador\\\/\"]}]},{\"@type\":\"ImageObject\",\"inLanguage\":\"es\",\"@id\":\"https:\\\/\\\/letrame.com\\\/catalogo\\\/producto\\\/el-reinado-del-desolador\\\/#primaryimage\",\"url\":\"https:\\\/\\\/letrame.com\\\/catalogo\\\/wp-content\\\/uploads\\\/2024\\\/04\\\/El-reinado-del-desolador-scaled-1.jpeg\",\"contentUrl\":\"https:\\\/\\\/letrame.com\\\/catalogo\\\/wp-content\\\/uploads\\\/2024\\\/04\\\/El-reinado-del-desolador-scaled-1.jpeg\",\"width\":1746,\"height\":2560},{\"@type\":\"BreadcrumbList\",\"@id\":\"https:\\\/\\\/letrame.com\\\/catalogo\\\/producto\\\/el-reinado-del-desolador\\\/#breadcrumb\",\"itemListElement\":[{\"@type\":\"ListItem\",\"position\":1,\"name\":\"Portada\",\"item\":\"https:\\\/\\\/letrame.com\\\/catalogo\\\/\"},{\"@type\":\"ListItem\",\"position\":2,\"name\":\"Cat\u00e1logo\",\"item\":\"https:\\\/\\\/letrame.com\\\/catalogo\\\/\"},{\"@type\":\"ListItem\",\"position\":3,\"name\":\"El reinado del desolador\"}]},{\"@type\":\"WebSite\",\"@id\":\"https:\\\/\\\/letrame.com\\\/catalogo\\\/#website\",\"url\":\"https:\\\/\\\/letrame.com\\\/catalogo\\\/\",\"name\":\"Catalogo | Letrame Grupo Editorial\",\"description\":\"\",\"publisher\":{\"@id\":\"https:\\\/\\\/letrame.com\\\/catalogo\\\/#organization\"},\"potentialAction\":[{\"@type\":\"SearchAction\",\"target\":{\"@type\":\"EntryPoint\",\"urlTemplate\":\"https:\\\/\\\/letrame.com\\\/catalogo\\\/?s={search_term_string}\"},\"query-input\":{\"@type\":\"PropertyValueSpecification\",\"valueRequired\":true,\"valueName\":\"search_term_string\"}}],\"inLanguage\":\"es\"},{\"@type\":\"Organization\",\"@id\":\"https:\\\/\\\/letrame.com\\\/catalogo\\\/#organization\",\"name\":\"Catalogo | Letrame Grupo Editorial\",\"url\":\"https:\\\/\\\/letrame.com\\\/catalogo\\\/\",\"logo\":{\"@type\":\"ImageObject\",\"inLanguage\":\"es\",\"@id\":\"https:\\\/\\\/letrame.com\\\/catalogo\\\/#\\\/schema\\\/logo\\\/image\\\/\",\"url\":\"https:\\\/\\\/letrame.com\\\/catalogo\\\/wp-content\\\/uploads\\\/2024\\\/03\\\/logo2.webp\",\"contentUrl\":\"https:\\\/\\\/letrame.com\\\/catalogo\\\/wp-content\\\/uploads\\\/2024\\\/03\\\/logo2.webp\",\"width\":394,\"height\":128,\"caption\":\"Catalogo | Letrame Grupo Editorial\"},\"image\":{\"@id\":\"https:\\\/\\\/letrame.com\\\/catalogo\\\/#\\\/schema\\\/logo\\\/image\\\/\"}}]}<\/script>\n<!-- \/ Yoast SEO plugin. -->","yoast_head_json":{"title":"El reinado del desolador - Catalogo | Letrame Grupo Editorial","robots":{"index":"index","follow":"follow","max-snippet":"max-snippet:-1","max-image-preview":"max-image-preview:large","max-video-preview":"max-video-preview:-1"},"canonical":"https:\/\/letrame.com\/catalogo\/producto\/el-reinado-del-desolador\/","og_locale":"es_ES","og_type":"article","og_title":"El reinado del desolador - Catalogo | Letrame Grupo Editorial","og_description":"ISBN: 978-84-1386-716-8   Un pirata inform\u00e1tico doctor en teolog\u00eda y en combinaciones de cerraduras de cajas fuertes al que los fantasmas del pasado y una deuda pendiente lo ponen en la precaria decisi\u00f3n contra su voluntad de planear un \u00faltimo atraco. Una joven delincuente experta en el manejo de autos de carreras clandestinas y en un nebuloso negocio de sustancias controladas en el bajo mundo. Un jud\u00edo exagente de la agencia de inteligencia israel\u00ed que huye de su pasado. Una comandante militar con un car\u00e1cter inflexible y tenaz. Y una caja fuerte que guarda informaci\u00f3n sobre profec\u00edas, genocidios jud\u00edos, enga\u00f1os, asesinatos sin resolver\u2026 y la llegada del nuevo orden mundial y el desolador a la Tierra. Este peculiar equipo se ver\u00e1 inmerso en una fren\u00e9tica carrera a contrarreloj por descubrir la verdad y desenmascarar al l\u00edder del nuevo orden mundial, el desolador y a su falso profeta mientras luchan por sobrevivir en un mundo de caos durante el reinado de la hora de las tinieblas abiertas las puertas del abismo infernal.","og_url":"https:\/\/letrame.com\/catalogo\/producto\/el-reinado-del-desolador\/","og_site_name":"Catalogo | Letrame Grupo Editorial","og_image":[{"width":1746,"height":2560,"url":"https:\/\/letrame.com\/catalogo\/wp-content\/uploads\/2024\/04\/El-reinado-del-desolador-scaled-1.jpeg","type":"image\/jpeg"}],"twitter_card":"summary_large_image","twitter_misc":{"Tiempo de lectura":"1 minuto"},"schema":{"@context":"https:\/\/schema.org","@graph":[{"@type":"WebPage","@id":"https:\/\/letrame.com\/catalogo\/producto\/el-reinado-del-desolador\/","url":"https:\/\/letrame.com\/catalogo\/producto\/el-reinado-del-desolador\/","name":"El reinado del desolador - Catalogo | Letrame Grupo Editorial","isPartOf":{"@id":"https:\/\/letrame.com\/catalogo\/#website"},"primaryImageOfPage":{"@id":"https:\/\/letrame.com\/catalogo\/producto\/el-reinado-del-desolador\/#primaryimage"},"image":{"@id":"https:\/\/letrame.com\/catalogo\/producto\/el-reinado-del-desolador\/#primaryimage"},"thumbnailUrl":"https:\/\/letrame.com\/catalogo\/wp-content\/uploads\/2024\/04\/El-reinado-del-desolador-scaled-1.jpeg","datePublished":"2024-04-29T10:10:02+00:00","breadcrumb":{"@id":"https:\/\/letrame.com\/catalogo\/producto\/el-reinado-del-desolador\/#breadcrumb"},"inLanguage":"es","potentialAction":[{"@type":"ReadAction","target":["https:\/\/letrame.com\/catalogo\/producto\/el-reinado-del-desolador\/"]}]},{"@type":"ImageObject","inLanguage":"es","@id":"https:\/\/letrame.com\/catalogo\/producto\/el-reinado-del-desolador\/#primaryimage","url":"https:\/\/letrame.com\/catalogo\/wp-content\/uploads\/2024\/04\/El-reinado-del-desolador-scaled-1.jpeg","contentUrl":"https:\/\/letrame.com\/catalogo\/wp-content\/uploads\/2024\/04\/El-reinado-del-desolador-scaled-1.jpeg","width":1746,"height":2560},{"@type":"BreadcrumbList","@id":"https:\/\/letrame.com\/catalogo\/producto\/el-reinado-del-desolador\/#breadcrumb","itemListElement":[{"@type":"ListItem","position":1,"name":"Portada","item":"https:\/\/letrame.com\/catalogo\/"},{"@type":"ListItem","position":2,"name":"Cat\u00e1logo","item":"https:\/\/letrame.com\/catalogo\/"},{"@type":"ListItem","position":3,"name":"El reinado del desolador"}]},{"@type":"WebSite","@id":"https:\/\/letrame.com\/catalogo\/#website","url":"https:\/\/letrame.com\/catalogo\/","name":"Catalogo | Letrame Grupo Editorial","description":"","publisher":{"@id":"https:\/\/letrame.com\/catalogo\/#organization"},"potentialAction":[{"@type":"SearchAction","target":{"@type":"EntryPoint","urlTemplate":"https:\/\/letrame.com\/catalogo\/?s={search_term_string}"},"query-input":{"@type":"PropertyValueSpecification","valueRequired":true,"valueName":"search_term_string"}}],"inLanguage":"es"},{"@type":"Organization","@id":"https:\/\/letrame.com\/catalogo\/#organization","name":"Catalogo | Letrame Grupo Editorial","url":"https:\/\/letrame.com\/catalogo\/","logo":{"@type":"ImageObject","inLanguage":"es","@id":"https:\/\/letrame.com\/catalogo\/#\/schema\/logo\/image\/","url":"https:\/\/letrame.com\/catalogo\/wp-content\/uploads\/2024\/03\/logo2.webp","contentUrl":"https:\/\/letrame.com\/catalogo\/wp-content\/uploads\/2024\/03\/logo2.webp","width":394,"height":128,"caption":"Catalogo | Letrame Grupo Editorial"},"image":{"@id":"https:\/\/letrame.com\/catalogo\/#\/schema\/logo\/image\/"}}]}},"_links":{"self":[{"href":"https:\/\/letrame.com\/catalogo\/wp-json\/wp\/v2\/product\/96863","targetHints":{"allow":["GET"]}}],"collection":[{"href":"https:\/\/letrame.com\/catalogo\/wp-json\/wp\/v2\/product"}],"about":[{"href":"https:\/\/letrame.com\/catalogo\/wp-json\/wp\/v2\/types\/product"}],"replies":[{"embeddable":true,"href":"https:\/\/letrame.com\/catalogo\/wp-json\/wp\/v2\/comments?post=96863"}],"wp:featuredmedia":[{"embeddable":true,"href":"https:\/\/letrame.com\/catalogo\/wp-json\/wp\/v2\/media\/96864"}],"wp:attachment":[{"href":"https:\/\/letrame.com\/catalogo\/wp-json\/wp\/v2\/media?parent=96863"}],"wp:term":[{"taxonomy":"libro","embeddable":true,"href":"https:\/\/letrame.com\/catalogo\/wp-json\/wp\/v2\/libro?post=96863"},{"taxonomy":"product_brand","embeddable":true,"href":"https:\/\/letrame.com\/catalogo\/wp-json\/wp\/v2\/product_brand?post=96863"},{"taxonomy":"product_cat","embeddable":true,"href":"https:\/\/letrame.com\/catalogo\/wp-json\/wp\/v2\/product_cat?post=96863"},{"taxonomy":"product_tag","embeddable":true,"href":"https:\/\/letrame.com\/catalogo\/wp-json\/wp\/v2\/product_tag?post=96863"}],"curies":[{"name":"wp","href":"https:\/\/api.w.org\/{rel}","templated":true}]}}