{"id":96850,"date":"2024-04-29T12:06:17","date_gmt":"2024-04-29T10:06:17","guid":{"rendered":"https:\/\/letrame.com\/catalogo\/producto\/casa-ananda\/"},"modified":"2024-04-29T12:07:18","modified_gmt":"2024-04-29T10:07:18","slug":"casa-ananda","status":"publish","type":"product","link":"https:\/\/letrame.com\/catalogo\/producto\/casa-ananda\/","title":{"rendered":"Casa Ananda"},"content":{"rendered":"<div class=\"page\" title=\"Page 8\">\n<div class=\"layoutArea\">\n<div class=\"column\">\n<p><strong>ISBN<\/strong>: 978-84-1386-696-3<\/p>\n<\/div>\n<\/div>\n<\/div>\n<p><b>T\u00edtulo<\/b><span style=\"font-weight: 400;\">: Casa Ananda<\/span><span style=\"font-weight: 400;\"><br \/>\n<\/span><b>Fecha<\/b><span style=\"font-weight: 400;\">: 2021<\/span><span style=\"font-weight: 400;\"><br \/>\n<\/span><b>P\u00e1ginas<\/b><span style=\"font-weight: 400;\">: 264<\/span><\/p>\n<p><b>SINOPSIS<\/b><\/p>\n<p>Una noticia repentina, convierta a Jossie en la \u00fanica heredera de una posada que lleva por nombre CASA ANANDA, esto provoca un cambio transcendental en su vida.<\/p>\n<p>Ella viaja con la idea de vender la propiedad y arreglar el funeral de su amado abuelo, sin embargo, al traspasar el port\u00f3n azul-morado de aquel lugar, un mundo lleno de confesiones, secretos y rituales se abre ante ella. Jossie decide emprender el viaje hacia lo desconocido, a trav\u00e9s de cada hu\u00e9sped que visita la posada, despertando en ella emociones nunca antes sentidas. La escritora Mary Vivas revela en las p\u00e1ginas de esta novela, la historia cautivante de cada personaje, presintiendo que alguna pueda convertirse en reflejo de tu propia historia, honrando la vida de aquellos que transitaron el camino del dolor, el miedo o la ausencia inesperada.<\/p>\n<p>D\u00e9jate seducir por su contenido impregnado de la energ\u00eda m\u00edstica de la luna llena, abrazar el amor incondicional que hay detr\u00e1s del miedo y sum\u00e9rgete en la magia de los sue\u00f1os, de aquellos que se atrevieron a vivir, so\u00f1ar y amar m\u00e1s all\u00e1 del camino.<\/p>\n","protected":false},"excerpt":{"rendered":"<div class=\"page\" title=\"Page 8\">\n<div class=\"layoutArea\">\n<div class=\"column\">\n<p><strong>ISBN: 978-84-1386-696-3<\/strong><\/p>\n<\/div>\n<\/div>\n<\/div>\n<p>Una noticia repentina, convierta a Jossie en la \u00fanica heredera de una posada que lleva por nombre CASA ANANDA, esto provoca un cambio transcendental en su vida.<\/p>\n<p>Ella viaja con la idea de vender la propiedad y arreglar el funeral de su amado abuelo, sin embargo, al traspasar el port\u00f3n azul-morado de aquel lugar, un mundo lleno de confesiones, secretos y rituales se abre ante ella. Jossie decide emprender el viaje hacia lo desconocido, a trav\u00e9s de cada hu\u00e9sped que visita la posada, despertando en ella emociones nunca antes sentidas. La escritora Mary Vivas revela en las p\u00e1ginas de esta novela, la historia cautivante de cada personaje, presintiendo que alguna pueda convertirse en reflejo de tu propia historia, honrando la vida de aquellos que transitaron el camino del dolor, el miedo o la ausencia inesperada.<\/p>\n<p>D\u00e9jate seducir por su contenido impregnado de la energ\u00eda m\u00edstica de la luna llena, abrazar el amor incondicional que hay detr\u00e1s del miedo y sum\u00e9rgete en la magia de los sue\u00f1os, de aquellos que se atrevieron a vivir, so\u00f1ar y amar m\u00e1s all\u00e1 del camino.<\/p>\n","protected":false},"featured_media":96851,"comment_status":"closed","ping_status":"open","template":"","meta":{"_acf_changed":false},"libro":[],"product_brand":[],"product_cat":[16],"product_tag":[],"class_list":{"0":"post-96850","1":"product","2":"type-product","3":"status-publish","4":"has-post-thumbnail","6":"product_cat-novela","8":"first","9":"instock","10":"product-type-simple"},"acf":{"autor":[75514],"enlace_de_compra":""},"yoast_head":"<!-- This site is optimized with the Yoast SEO plugin v26.6 - https:\/\/yoast.com\/wordpress\/plugins\/seo\/ -->\n<title>Casa Ananda - Catalogo | Letrame Grupo Editorial<\/title>\n<meta name=\"robots\" content=\"index, follow, max-snippet:-1, max-image-preview:large, max-video-preview:-1\" \/>\n<link rel=\"canonical\" href=\"https:\/\/letrame.com\/catalogo\/producto\/casa-ananda\/\" \/>\n<meta property=\"og:locale\" content=\"es_ES\" \/>\n<meta property=\"og:type\" content=\"article\" \/>\n<meta property=\"og:title\" content=\"Casa Ananda - Catalogo | Letrame Grupo Editorial\" \/>\n<meta property=\"og:description\" content=\"ISBN: 978-84-1386-696-3   Una noticia repentina, convierta a Jossie en la \u00fanica heredera de una posada que lleva por nombre CASA ANANDA, esto provoca un cambio transcendental en su vida. Ella viaja con la idea de vender la propiedad y arreglar el funeral de su amado abuelo, sin embargo, al traspasar el port\u00f3n azul-morado de aquel lugar, un mundo lleno de confesiones, secretos y rituales se abre ante ella. Jossie decide emprender el viaje hacia lo desconocido, a trav\u00e9s de cada hu\u00e9sped que visita la posada, despertando en ella emociones nunca antes sentidas. La escritora Mary Vivas revela en las p\u00e1ginas de esta novela, la historia cautivante de cada personaje, presintiendo que alguna pueda convertirse en reflejo de tu propia historia, honrando la vida de aquellos que transitaron el camino del dolor, el miedo o la ausencia inesperada. D\u00e9jate seducir por su contenido impregnado de la energ\u00eda m\u00edstica de la luna llena, abrazar el amor incondicional que hay detr\u00e1s del miedo y sum\u00e9rgete en la magia de los sue\u00f1os, de aquellos que se atrevieron a vivir, so\u00f1ar y amar m\u00e1s all\u00e1 del camino.\" \/>\n<meta property=\"og:url\" content=\"https:\/\/letrame.com\/catalogo\/producto\/casa-ananda\/\" \/>\n<meta property=\"og:site_name\" content=\"Catalogo | Letrame Grupo Editorial\" \/>\n<meta property=\"article:modified_time\" content=\"2024-04-29T10:07:18+00:00\" \/>\n<meta property=\"og:image\" content=\"https:\/\/letrame.com\/catalogo\/wp-content\/uploads\/2024\/04\/Casa-Ananda-scaled-1.jpeg\" \/>\n\t<meta property=\"og:image:width\" content=\"1670\" \/>\n\t<meta property=\"og:image:height\" content=\"2560\" \/>\n\t<meta property=\"og:image:type\" content=\"image\/jpeg\" \/>\n<meta name=\"twitter:card\" content=\"summary_large_image\" \/>\n<meta name=\"twitter:label1\" content=\"Tiempo de lectura\" \/>\n\t<meta name=\"twitter:data1\" content=\"1 minuto\" \/>\n<script type=\"application\/ld+json\" class=\"yoast-schema-graph\">{\"@context\":\"https:\/\/schema.org\",\"@graph\":[{\"@type\":\"WebPage\",\"@id\":\"https:\/\/letrame.com\/catalogo\/producto\/casa-ananda\/\",\"url\":\"https:\/\/letrame.com\/catalogo\/producto\/casa-ananda\/\",\"name\":\"Casa Ananda - Catalogo | Letrame Grupo Editorial\",\"isPartOf\":{\"@id\":\"https:\/\/letrame.com\/catalogo\/#website\"},\"primaryImageOfPage\":{\"@id\":\"https:\/\/letrame.com\/catalogo\/producto\/casa-ananda\/#primaryimage\"},\"image\":{\"@id\":\"https:\/\/letrame.com\/catalogo\/producto\/casa-ananda\/#primaryimage\"},\"thumbnailUrl\":\"https:\/\/letrame.com\/catalogo\/wp-content\/uploads\/2024\/04\/Casa-Ananda-scaled-1.jpeg\",\"datePublished\":\"2024-04-29T10:06:17+00:00\",\"dateModified\":\"2024-04-29T10:07:18+00:00\",\"breadcrumb\":{\"@id\":\"https:\/\/letrame.com\/catalogo\/producto\/casa-ananda\/#breadcrumb\"},\"inLanguage\":\"es\",\"potentialAction\":[{\"@type\":\"ReadAction\",\"target\":[\"https:\/\/letrame.com\/catalogo\/producto\/casa-ananda\/\"]}]},{\"@type\":\"ImageObject\",\"inLanguage\":\"es\",\"@id\":\"https:\/\/letrame.com\/catalogo\/producto\/casa-ananda\/#primaryimage\",\"url\":\"https:\/\/letrame.com\/catalogo\/wp-content\/uploads\/2024\/04\/Casa-Ananda-scaled-1.jpeg\",\"contentUrl\":\"https:\/\/letrame.com\/catalogo\/wp-content\/uploads\/2024\/04\/Casa-Ananda-scaled-1.jpeg\",\"width\":1670,\"height\":2560},{\"@type\":\"BreadcrumbList\",\"@id\":\"https:\/\/letrame.com\/catalogo\/producto\/casa-ananda\/#breadcrumb\",\"itemListElement\":[{\"@type\":\"ListItem\",\"position\":1,\"name\":\"Portada\",\"item\":\"https:\/\/letrame.com\/catalogo\/\"},{\"@type\":\"ListItem\",\"position\":2,\"name\":\"Cat\u00e1logo\",\"item\":\"https:\/\/letrame.com\/catalogo\/\"},{\"@type\":\"ListItem\",\"position\":3,\"name\":\"Casa Ananda\"}]},{\"@type\":\"WebSite\",\"@id\":\"https:\/\/letrame.com\/catalogo\/#website\",\"url\":\"https:\/\/letrame.com\/catalogo\/\",\"name\":\"Catalogo | Letrame Grupo Editorial\",\"description\":\"\",\"publisher\":{\"@id\":\"https:\/\/letrame.com\/catalogo\/#organization\"},\"potentialAction\":[{\"@type\":\"SearchAction\",\"target\":{\"@type\":\"EntryPoint\",\"urlTemplate\":\"https:\/\/letrame.com\/catalogo\/?s={search_term_string}\"},\"query-input\":{\"@type\":\"PropertyValueSpecification\",\"valueRequired\":true,\"valueName\":\"search_term_string\"}}],\"inLanguage\":\"es\"},{\"@type\":\"Organization\",\"@id\":\"https:\/\/letrame.com\/catalogo\/#organization\",\"name\":\"Catalogo | Letrame Grupo Editorial\",\"url\":\"https:\/\/letrame.com\/catalogo\/\",\"logo\":{\"@type\":\"ImageObject\",\"inLanguage\":\"es\",\"@id\":\"https:\/\/letrame.com\/catalogo\/#\/schema\/logo\/image\/\",\"url\":\"https:\/\/letrame.com\/catalogo\/wp-content\/uploads\/2024\/03\/logo2.webp\",\"contentUrl\":\"https:\/\/letrame.com\/catalogo\/wp-content\/uploads\/2024\/03\/logo2.webp\",\"width\":394,\"height\":128,\"caption\":\"Catalogo | Letrame Grupo Editorial\"},\"image\":{\"@id\":\"https:\/\/letrame.com\/catalogo\/#\/schema\/logo\/image\/\"}}]}<\/script>\n<!-- \/ Yoast SEO plugin. -->","yoast_head_json":{"title":"Casa Ananda - Catalogo | Letrame Grupo Editorial","robots":{"index":"index","follow":"follow","max-snippet":"max-snippet:-1","max-image-preview":"max-image-preview:large","max-video-preview":"max-video-preview:-1"},"canonical":"https:\/\/letrame.com\/catalogo\/producto\/casa-ananda\/","og_locale":"es_ES","og_type":"article","og_title":"Casa Ananda - Catalogo | Letrame Grupo Editorial","og_description":"ISBN: 978-84-1386-696-3   Una noticia repentina, convierta a Jossie en la \u00fanica heredera de una posada que lleva por nombre CASA ANANDA, esto provoca un cambio transcendental en su vida. Ella viaja con la idea de vender la propiedad y arreglar el funeral de su amado abuelo, sin embargo, al traspasar el port\u00f3n azul-morado de aquel lugar, un mundo lleno de confesiones, secretos y rituales se abre ante ella. Jossie decide emprender el viaje hacia lo desconocido, a trav\u00e9s de cada hu\u00e9sped que visita la posada, despertando en ella emociones nunca antes sentidas. La escritora Mary Vivas revela en las p\u00e1ginas de esta novela, la historia cautivante de cada personaje, presintiendo que alguna pueda convertirse en reflejo de tu propia historia, honrando la vida de aquellos que transitaron el camino del dolor, el miedo o la ausencia inesperada. D\u00e9jate seducir por su contenido impregnado de la energ\u00eda m\u00edstica de la luna llena, abrazar el amor incondicional que hay detr\u00e1s del miedo y sum\u00e9rgete en la magia de los sue\u00f1os, de aquellos que se atrevieron a vivir, so\u00f1ar y amar m\u00e1s all\u00e1 del camino.","og_url":"https:\/\/letrame.com\/catalogo\/producto\/casa-ananda\/","og_site_name":"Catalogo | Letrame Grupo Editorial","article_modified_time":"2024-04-29T10:07:18+00:00","og_image":[{"width":1670,"height":2560,"url":"https:\/\/letrame.com\/catalogo\/wp-content\/uploads\/2024\/04\/Casa-Ananda-scaled-1.jpeg","type":"image\/jpeg"}],"twitter_card":"summary_large_image","twitter_misc":{"Tiempo de lectura":"1 minuto"},"schema":{"@context":"https:\/\/schema.org","@graph":[{"@type":"WebPage","@id":"https:\/\/letrame.com\/catalogo\/producto\/casa-ananda\/","url":"https:\/\/letrame.com\/catalogo\/producto\/casa-ananda\/","name":"Casa Ananda - Catalogo | Letrame Grupo Editorial","isPartOf":{"@id":"https:\/\/letrame.com\/catalogo\/#website"},"primaryImageOfPage":{"@id":"https:\/\/letrame.com\/catalogo\/producto\/casa-ananda\/#primaryimage"},"image":{"@id":"https:\/\/letrame.com\/catalogo\/producto\/casa-ananda\/#primaryimage"},"thumbnailUrl":"https:\/\/letrame.com\/catalogo\/wp-content\/uploads\/2024\/04\/Casa-Ananda-scaled-1.jpeg","datePublished":"2024-04-29T10:06:17+00:00","dateModified":"2024-04-29T10:07:18+00:00","breadcrumb":{"@id":"https:\/\/letrame.com\/catalogo\/producto\/casa-ananda\/#breadcrumb"},"inLanguage":"es","potentialAction":[{"@type":"ReadAction","target":["https:\/\/letrame.com\/catalogo\/producto\/casa-ananda\/"]}]},{"@type":"ImageObject","inLanguage":"es","@id":"https:\/\/letrame.com\/catalogo\/producto\/casa-ananda\/#primaryimage","url":"https:\/\/letrame.com\/catalogo\/wp-content\/uploads\/2024\/04\/Casa-Ananda-scaled-1.jpeg","contentUrl":"https:\/\/letrame.com\/catalogo\/wp-content\/uploads\/2024\/04\/Casa-Ananda-scaled-1.jpeg","width":1670,"height":2560},{"@type":"BreadcrumbList","@id":"https:\/\/letrame.com\/catalogo\/producto\/casa-ananda\/#breadcrumb","itemListElement":[{"@type":"ListItem","position":1,"name":"Portada","item":"https:\/\/letrame.com\/catalogo\/"},{"@type":"ListItem","position":2,"name":"Cat\u00e1logo","item":"https:\/\/letrame.com\/catalogo\/"},{"@type":"ListItem","position":3,"name":"Casa Ananda"}]},{"@type":"WebSite","@id":"https:\/\/letrame.com\/catalogo\/#website","url":"https:\/\/letrame.com\/catalogo\/","name":"Catalogo | Letrame Grupo Editorial","description":"","publisher":{"@id":"https:\/\/letrame.com\/catalogo\/#organization"},"potentialAction":[{"@type":"SearchAction","target":{"@type":"EntryPoint","urlTemplate":"https:\/\/letrame.com\/catalogo\/?s={search_term_string}"},"query-input":{"@type":"PropertyValueSpecification","valueRequired":true,"valueName":"search_term_string"}}],"inLanguage":"es"},{"@type":"Organization","@id":"https:\/\/letrame.com\/catalogo\/#organization","name":"Catalogo | Letrame Grupo Editorial","url":"https:\/\/letrame.com\/catalogo\/","logo":{"@type":"ImageObject","inLanguage":"es","@id":"https:\/\/letrame.com\/catalogo\/#\/schema\/logo\/image\/","url":"https:\/\/letrame.com\/catalogo\/wp-content\/uploads\/2024\/03\/logo2.webp","contentUrl":"https:\/\/letrame.com\/catalogo\/wp-content\/uploads\/2024\/03\/logo2.webp","width":394,"height":128,"caption":"Catalogo | Letrame Grupo Editorial"},"image":{"@id":"https:\/\/letrame.com\/catalogo\/#\/schema\/logo\/image\/"}}]}},"_links":{"self":[{"href":"https:\/\/letrame.com\/catalogo\/wp-json\/wp\/v2\/product\/96850","targetHints":{"allow":["GET"]}}],"collection":[{"href":"https:\/\/letrame.com\/catalogo\/wp-json\/wp\/v2\/product"}],"about":[{"href":"https:\/\/letrame.com\/catalogo\/wp-json\/wp\/v2\/types\/product"}],"replies":[{"embeddable":true,"href":"https:\/\/letrame.com\/catalogo\/wp-json\/wp\/v2\/comments?post=96850"}],"acf:post":[{"embeddable":true,"href":"https:\/\/letrame.com\/catalogo\/wp-json\/wp\/v2\/author_book\/75514"}],"wp:featuredmedia":[{"embeddable":true,"href":"https:\/\/letrame.com\/catalogo\/wp-json\/wp\/v2\/media\/96851"}],"wp:attachment":[{"href":"https:\/\/letrame.com\/catalogo\/wp-json\/wp\/v2\/media?parent=96850"}],"wp:term":[{"taxonomy":"libro","embeddable":true,"href":"https:\/\/letrame.com\/catalogo\/wp-json\/wp\/v2\/libro?post=96850"},{"taxonomy":"product_brand","embeddable":true,"href":"https:\/\/letrame.com\/catalogo\/wp-json\/wp\/v2\/product_brand?post=96850"},{"taxonomy":"product_cat","embeddable":true,"href":"https:\/\/letrame.com\/catalogo\/wp-json\/wp\/v2\/product_cat?post=96850"},{"taxonomy":"product_tag","embeddable":true,"href":"https:\/\/letrame.com\/catalogo\/wp-json\/wp\/v2\/product_tag?post=96850"}],"curies":[{"name":"wp","href":"https:\/\/api.w.org\/{rel}","templated":true}]}}