{"id":96845,"date":"2024-04-29T12:05:10","date_gmt":"2024-04-29T10:05:10","guid":{"rendered":"https:\/\/letrame.com\/catalogo\/producto\/desnudos-bajo-la-piel\/"},"modified":"2024-04-29T12:05:53","modified_gmt":"2024-04-29T10:05:53","slug":"desnudos-bajo-la-piel","status":"publish","type":"product","link":"https:\/\/letrame.com\/catalogo\/producto\/desnudos-bajo-la-piel\/","title":{"rendered":"Desnudos bajo la piel"},"content":{"rendered":"<div class=\"page\" title=\"Page 6\">\n<div class=\"layoutArea\">\n<div class=\"column\">\n<p><strong>ISBN<\/strong>: 978-84-1386-749-6<\/p>\n<\/div>\n<\/div>\n<\/div>\n<p><b>T\u00edtulo<\/b><span style=\"font-weight: 400;\">: Desnudos bajo la piel<\/span><span style=\"font-weight: 400;\"><br \/>\n<\/span><b>Fecha<\/b><span style=\"font-weight: 400;\">: 2021<\/span><span style=\"font-weight: 400;\"><br \/>\n<\/span><b>P\u00e1ginas<\/b><span style=\"font-weight: 400;\">: 108<\/span><\/p>\n<p><b>SINOPSIS<\/b><\/p>\n<p>Hago m\u00edas las palabras de H\u00e9roes del Silencio: \u00abY por fin he encontrado el camino, que ha de guiar mis pasos\u00bb. Lo he encontrado cuando m\u00e1s falta me hac\u00eda. Cuando transitaba por la angustiosa penumbra de la ansiedad y el miedo. Lo he encontrado y me he encontrado, y ahora solo me pierdo mar adentro, como el t\u00edtulo de la canci\u00f3n. Entre unas s\u00e1banas, entre unos versos o entre unos labios que a\u00fanen ambas cosas.<\/p>\n<p>Este libro no es para leerlo, es para sentirlo. No est\u00e1 escrito. Est\u00e1 vivido, so\u00f1ado y disfrutado de tal modo que si pudiera gritar os dejar\u00eda sordos.<\/p>\n<p>En\u00a0<em>Desnudos bajo la piel,\u00a0<\/em>me despojo de la coraza y planto mi coraz\u00f3n sobre la mesa, a la vista de todos, como si de un coliseo romano se tratara. Quiz\u00e1s porque hace ya mucho que entend\u00ed que cualquiera puede desnudar tu piel, pero para desnudar el alma hace falta algo que no todo el mundo tiene: magia insondable.<\/p>\n<p>Yo no me conformo con menos, \u00bfy t\u00fa?<\/p>\n","protected":false},"excerpt":{"rendered":"<div class=\"page\" title=\"Page 6\">\n<div class=\"layoutArea\">\n<div class=\"column\">\n<p><strong>ISBN: 978-84-1386-749-6<\/strong><\/p>\n<\/div>\n<\/div>\n<\/div>\n<p>En\u00a0<em>Desnudos bajo la piel,\u00a0<\/em>me despojo de la coraza y planto mi coraz\u00f3n sobre la mesa, a la vista de todos, como si de un coliseo romano se tratara. Quiz\u00e1s porque hace ya mucho que entend\u00ed que cualquiera puede desnudar tu piel, pero para desnudar el alma hace falta algo que no todo el mundo tiene: magia insondable.<\/p>\n","protected":false},"featured_media":96846,"comment_status":"closed","ping_status":"open","template":"","meta":{"_acf_changed":false},"libro":[],"product_brand":[],"product_cat":[20],"product_tag":[],"class_list":{"0":"post-96845","1":"product","2":"type-product","3":"status-publish","4":"has-post-thumbnail","6":"product_cat-poesia","8":"first","9":"instock","10":"product-type-simple"},"acf":{"autor":[72971],"enlace_de_compra":"https:\/\/www.amazon.es\/Desnudos-bajo-piel-01-Poes%C3%ADa\/dp\/8413867495\/ref=sr_1_1?__mk_es_ES=%C3%85M%C3%85%C5%BD%C3%95%C3%91&amp;dchild=1&amp;keywords=Letrame+S.L.+Desnudos+bajo+la+piel&amp;qid=1632308123&amp;sr=8-1"},"yoast_head":"<!-- This site is optimized with the Yoast SEO plugin v26.6 - https:\/\/yoast.com\/wordpress\/plugins\/seo\/ -->\n<title>Desnudos bajo la piel - Catalogo | Letrame Grupo Editorial<\/title>\n<meta name=\"robots\" content=\"index, follow, max-snippet:-1, max-image-preview:large, max-video-preview:-1\" \/>\n<link rel=\"canonical\" href=\"https:\/\/letrame.com\/catalogo\/producto\/desnudos-bajo-la-piel\/\" \/>\n<meta property=\"og:locale\" content=\"es_ES\" \/>\n<meta property=\"og:type\" content=\"article\" \/>\n<meta property=\"og:title\" content=\"Desnudos bajo la piel - Catalogo | Letrame Grupo Editorial\" \/>\n<meta property=\"og:description\" content=\"ISBN: 978-84-1386-749-6   En\u00a0Desnudos bajo la piel,\u00a0me despojo de la coraza y planto mi coraz\u00f3n sobre la mesa, a la vista de todos, como si de un coliseo romano se tratara. Quiz\u00e1s porque hace ya mucho que entend\u00ed que cualquiera puede desnudar tu piel, pero para desnudar el alma hace falta algo que no todo el mundo tiene: magia insondable.\" \/>\n<meta property=\"og:url\" content=\"https:\/\/letrame.com\/catalogo\/producto\/desnudos-bajo-la-piel\/\" \/>\n<meta property=\"og:site_name\" content=\"Catalogo | Letrame Grupo Editorial\" \/>\n<meta property=\"article:modified_time\" content=\"2024-04-29T10:05:53+00:00\" \/>\n<meta property=\"og:image\" content=\"https:\/\/letrame.com\/catalogo\/wp-content\/uploads\/2024\/04\/DESNUDOS-BAJO-LA-PIEL.jpeg\" \/>\n\t<meta property=\"og:image:width\" content=\"1535\" \/>\n\t<meta property=\"og:image:height\" content=\"2126\" \/>\n\t<meta property=\"og:image:type\" content=\"image\/jpeg\" \/>\n<meta name=\"twitter:card\" content=\"summary_large_image\" \/>\n<meta name=\"twitter:label1\" content=\"Tiempo de lectura\" \/>\n\t<meta name=\"twitter:data1\" content=\"1 minuto\" \/>\n<script type=\"application\/ld+json\" class=\"yoast-schema-graph\">{\"@context\":\"https:\/\/schema.org\",\"@graph\":[{\"@type\":\"WebPage\",\"@id\":\"https:\/\/letrame.com\/catalogo\/producto\/desnudos-bajo-la-piel\/\",\"url\":\"https:\/\/letrame.com\/catalogo\/producto\/desnudos-bajo-la-piel\/\",\"name\":\"Desnudos bajo la piel - Catalogo | Letrame Grupo Editorial\",\"isPartOf\":{\"@id\":\"https:\/\/letrame.com\/catalogo\/#website\"},\"primaryImageOfPage\":{\"@id\":\"https:\/\/letrame.com\/catalogo\/producto\/desnudos-bajo-la-piel\/#primaryimage\"},\"image\":{\"@id\":\"https:\/\/letrame.com\/catalogo\/producto\/desnudos-bajo-la-piel\/#primaryimage\"},\"thumbnailUrl\":\"https:\/\/letrame.com\/catalogo\/wp-content\/uploads\/2024\/04\/DESNUDOS-BAJO-LA-PIEL.jpeg\",\"datePublished\":\"2024-04-29T10:05:10+00:00\",\"dateModified\":\"2024-04-29T10:05:53+00:00\",\"breadcrumb\":{\"@id\":\"https:\/\/letrame.com\/catalogo\/producto\/desnudos-bajo-la-piel\/#breadcrumb\"},\"inLanguage\":\"es\",\"potentialAction\":[{\"@type\":\"ReadAction\",\"target\":[\"https:\/\/letrame.com\/catalogo\/producto\/desnudos-bajo-la-piel\/\"]}]},{\"@type\":\"ImageObject\",\"inLanguage\":\"es\",\"@id\":\"https:\/\/letrame.com\/catalogo\/producto\/desnudos-bajo-la-piel\/#primaryimage\",\"url\":\"https:\/\/letrame.com\/catalogo\/wp-content\/uploads\/2024\/04\/DESNUDOS-BAJO-LA-PIEL.jpeg\",\"contentUrl\":\"https:\/\/letrame.com\/catalogo\/wp-content\/uploads\/2024\/04\/DESNUDOS-BAJO-LA-PIEL.jpeg\",\"width\":1535,\"height\":2126},{\"@type\":\"BreadcrumbList\",\"@id\":\"https:\/\/letrame.com\/catalogo\/producto\/desnudos-bajo-la-piel\/#breadcrumb\",\"itemListElement\":[{\"@type\":\"ListItem\",\"position\":1,\"name\":\"Portada\",\"item\":\"https:\/\/letrame.com\/catalogo\/\"},{\"@type\":\"ListItem\",\"position\":2,\"name\":\"Cat\u00e1logo\",\"item\":\"https:\/\/letrame.com\/catalogo\/\"},{\"@type\":\"ListItem\",\"position\":3,\"name\":\"Desnudos bajo la piel\"}]},{\"@type\":\"WebSite\",\"@id\":\"https:\/\/letrame.com\/catalogo\/#website\",\"url\":\"https:\/\/letrame.com\/catalogo\/\",\"name\":\"Catalogo | Letrame Grupo Editorial\",\"description\":\"\",\"publisher\":{\"@id\":\"https:\/\/letrame.com\/catalogo\/#organization\"},\"potentialAction\":[{\"@type\":\"SearchAction\",\"target\":{\"@type\":\"EntryPoint\",\"urlTemplate\":\"https:\/\/letrame.com\/catalogo\/?s={search_term_string}\"},\"query-input\":{\"@type\":\"PropertyValueSpecification\",\"valueRequired\":true,\"valueName\":\"search_term_string\"}}],\"inLanguage\":\"es\"},{\"@type\":\"Organization\",\"@id\":\"https:\/\/letrame.com\/catalogo\/#organization\",\"name\":\"Catalogo | Letrame Grupo Editorial\",\"url\":\"https:\/\/letrame.com\/catalogo\/\",\"logo\":{\"@type\":\"ImageObject\",\"inLanguage\":\"es\",\"@id\":\"https:\/\/letrame.com\/catalogo\/#\/schema\/logo\/image\/\",\"url\":\"https:\/\/letrame.com\/catalogo\/wp-content\/uploads\/2024\/03\/logo2.webp\",\"contentUrl\":\"https:\/\/letrame.com\/catalogo\/wp-content\/uploads\/2024\/03\/logo2.webp\",\"width\":394,\"height\":128,\"caption\":\"Catalogo | Letrame Grupo Editorial\"},\"image\":{\"@id\":\"https:\/\/letrame.com\/catalogo\/#\/schema\/logo\/image\/\"}}]}<\/script>\n<!-- \/ Yoast SEO plugin. -->","yoast_head_json":{"title":"Desnudos bajo la piel - Catalogo | Letrame Grupo Editorial","robots":{"index":"index","follow":"follow","max-snippet":"max-snippet:-1","max-image-preview":"max-image-preview:large","max-video-preview":"max-video-preview:-1"},"canonical":"https:\/\/letrame.com\/catalogo\/producto\/desnudos-bajo-la-piel\/","og_locale":"es_ES","og_type":"article","og_title":"Desnudos bajo la piel - Catalogo | Letrame Grupo Editorial","og_description":"ISBN: 978-84-1386-749-6   En\u00a0Desnudos bajo la piel,\u00a0me despojo de la coraza y planto mi coraz\u00f3n sobre la mesa, a la vista de todos, como si de un coliseo romano se tratara. Quiz\u00e1s porque hace ya mucho que entend\u00ed que cualquiera puede desnudar tu piel, pero para desnudar el alma hace falta algo que no todo el mundo tiene: magia insondable.","og_url":"https:\/\/letrame.com\/catalogo\/producto\/desnudos-bajo-la-piel\/","og_site_name":"Catalogo | Letrame Grupo Editorial","article_modified_time":"2024-04-29T10:05:53+00:00","og_image":[{"width":1535,"height":2126,"url":"https:\/\/letrame.com\/catalogo\/wp-content\/uploads\/2024\/04\/DESNUDOS-BAJO-LA-PIEL.jpeg","type":"image\/jpeg"}],"twitter_card":"summary_large_image","twitter_misc":{"Tiempo de lectura":"1 minuto"},"schema":{"@context":"https:\/\/schema.org","@graph":[{"@type":"WebPage","@id":"https:\/\/letrame.com\/catalogo\/producto\/desnudos-bajo-la-piel\/","url":"https:\/\/letrame.com\/catalogo\/producto\/desnudos-bajo-la-piel\/","name":"Desnudos bajo la piel - Catalogo | Letrame Grupo Editorial","isPartOf":{"@id":"https:\/\/letrame.com\/catalogo\/#website"},"primaryImageOfPage":{"@id":"https:\/\/letrame.com\/catalogo\/producto\/desnudos-bajo-la-piel\/#primaryimage"},"image":{"@id":"https:\/\/letrame.com\/catalogo\/producto\/desnudos-bajo-la-piel\/#primaryimage"},"thumbnailUrl":"https:\/\/letrame.com\/catalogo\/wp-content\/uploads\/2024\/04\/DESNUDOS-BAJO-LA-PIEL.jpeg","datePublished":"2024-04-29T10:05:10+00:00","dateModified":"2024-04-29T10:05:53+00:00","breadcrumb":{"@id":"https:\/\/letrame.com\/catalogo\/producto\/desnudos-bajo-la-piel\/#breadcrumb"},"inLanguage":"es","potentialAction":[{"@type":"ReadAction","target":["https:\/\/letrame.com\/catalogo\/producto\/desnudos-bajo-la-piel\/"]}]},{"@type":"ImageObject","inLanguage":"es","@id":"https:\/\/letrame.com\/catalogo\/producto\/desnudos-bajo-la-piel\/#primaryimage","url":"https:\/\/letrame.com\/catalogo\/wp-content\/uploads\/2024\/04\/DESNUDOS-BAJO-LA-PIEL.jpeg","contentUrl":"https:\/\/letrame.com\/catalogo\/wp-content\/uploads\/2024\/04\/DESNUDOS-BAJO-LA-PIEL.jpeg","width":1535,"height":2126},{"@type":"BreadcrumbList","@id":"https:\/\/letrame.com\/catalogo\/producto\/desnudos-bajo-la-piel\/#breadcrumb","itemListElement":[{"@type":"ListItem","position":1,"name":"Portada","item":"https:\/\/letrame.com\/catalogo\/"},{"@type":"ListItem","position":2,"name":"Cat\u00e1logo","item":"https:\/\/letrame.com\/catalogo\/"},{"@type":"ListItem","position":3,"name":"Desnudos bajo la piel"}]},{"@type":"WebSite","@id":"https:\/\/letrame.com\/catalogo\/#website","url":"https:\/\/letrame.com\/catalogo\/","name":"Catalogo | Letrame Grupo Editorial","description":"","publisher":{"@id":"https:\/\/letrame.com\/catalogo\/#organization"},"potentialAction":[{"@type":"SearchAction","target":{"@type":"EntryPoint","urlTemplate":"https:\/\/letrame.com\/catalogo\/?s={search_term_string}"},"query-input":{"@type":"PropertyValueSpecification","valueRequired":true,"valueName":"search_term_string"}}],"inLanguage":"es"},{"@type":"Organization","@id":"https:\/\/letrame.com\/catalogo\/#organization","name":"Catalogo | Letrame Grupo Editorial","url":"https:\/\/letrame.com\/catalogo\/","logo":{"@type":"ImageObject","inLanguage":"es","@id":"https:\/\/letrame.com\/catalogo\/#\/schema\/logo\/image\/","url":"https:\/\/letrame.com\/catalogo\/wp-content\/uploads\/2024\/03\/logo2.webp","contentUrl":"https:\/\/letrame.com\/catalogo\/wp-content\/uploads\/2024\/03\/logo2.webp","width":394,"height":128,"caption":"Catalogo | Letrame Grupo Editorial"},"image":{"@id":"https:\/\/letrame.com\/catalogo\/#\/schema\/logo\/image\/"}}]}},"_links":{"self":[{"href":"https:\/\/letrame.com\/catalogo\/wp-json\/wp\/v2\/product\/96845","targetHints":{"allow":["GET"]}}],"collection":[{"href":"https:\/\/letrame.com\/catalogo\/wp-json\/wp\/v2\/product"}],"about":[{"href":"https:\/\/letrame.com\/catalogo\/wp-json\/wp\/v2\/types\/product"}],"replies":[{"embeddable":true,"href":"https:\/\/letrame.com\/catalogo\/wp-json\/wp\/v2\/comments?post=96845"}],"acf:post":[{"embeddable":true,"href":"https:\/\/letrame.com\/catalogo\/wp-json\/wp\/v2\/author_book\/72971"}],"wp:featuredmedia":[{"embeddable":true,"href":"https:\/\/letrame.com\/catalogo\/wp-json\/wp\/v2\/media\/96846"}],"wp:attachment":[{"href":"https:\/\/letrame.com\/catalogo\/wp-json\/wp\/v2\/media?parent=96845"}],"wp:term":[{"taxonomy":"libro","embeddable":true,"href":"https:\/\/letrame.com\/catalogo\/wp-json\/wp\/v2\/libro?post=96845"},{"taxonomy":"product_brand","embeddable":true,"href":"https:\/\/letrame.com\/catalogo\/wp-json\/wp\/v2\/product_brand?post=96845"},{"taxonomy":"product_cat","embeddable":true,"href":"https:\/\/letrame.com\/catalogo\/wp-json\/wp\/v2\/product_cat?post=96845"},{"taxonomy":"product_tag","embeddable":true,"href":"https:\/\/letrame.com\/catalogo\/wp-json\/wp\/v2\/product_tag?post=96845"}],"curies":[{"name":"wp","href":"https:\/\/api.w.org\/{rel}","templated":true}]}}