{"id":96833,"date":"2024-04-29T12:03:01","date_gmt":"2024-04-29T10:03:01","guid":{"rendered":"https:\/\/letrame.com\/catalogo\/producto\/jesu_s-un-conservador-muy-liberal\/"},"modified":"2024-07-25T10:04:51","modified_gmt":"2024-07-25T08:04:51","slug":"jesus-un-conservador-muy-liberal","status":"publish","type":"product","link":"https:\/\/letrame.com\/catalogo\/producto\/jesus-un-conservador-muy-liberal\/","title":{"rendered":"Jes\u00fas. Un conservador muy liberal"},"content":{"rendered":"<div class=\"page\" title=\"Page 6\">\n<div class=\"layoutArea\">\n<div class=\"column\">\n<p><strong>ISBN<\/strong>: 978-84-1386-681-9<\/p>\n<\/div>\n<\/div>\n<\/div>\n<p><b>T\u00edtulo<\/b><span style=\"font-weight: 400;\">: Jes\u00fas. Un conservador muy liberal<\/span><span style=\"font-weight: 400;\"><br \/>\n<\/span><b>Fecha<\/b><span style=\"font-weight: 400;\">: 2021<\/span><span style=\"font-weight: 400;\"><br \/>\n<\/span><b>P\u00e1ginas<\/b><span style=\"font-weight: 400;\">: 132<\/span><\/p>\n<p><b>SINOPSIS<\/b><\/p>\n<p>Entre tantas voces y ofertas que nos prometen alcanzar una vida plena, podemos tomar caminos no siempre acertados. La ansiada b\u00fasqueda del \u00e9xito, la espiritualidad y el amor son anhelos del ser humano que necesitan ser abordados urgentemente desde otra perspectiva.<\/p>\n<p>Los tiempos turbulentos que vivimos plantean interrogantes desafiantes y exigen respuestas que necesitan ser contestadas de manera realista, pero, sobre todo, efectiva. Aunado a ello, la crisis de salud y econ\u00f3mica que ocasion\u00f3 la pandemia vino a cambiarnos la vida y aplicarnos una \u00abnueva normalidad\u00bb en la que todos estamos inmersos y en la que muchos no han salido bien librados.<\/p>\n<p>Jes\u00fas, un conservador muy liberal nos invita a mirar a trav\u00e9s de la lente de la fe y tambi\u00e9n nos propone ponerla en pr\u00e1ctica con la prueba del raciocinio. Este libro expone soluciones transversales a situaciones de un mundo actual que todav\u00eda mantiene la esperanza en medio del caos. Real, interactivo y funcional, Dios responde y est\u00e1 cercano a los humildes de coraz\u00f3n y en estas l\u00edneas Adri\u00e1n Rodr\u00edguez te lo presenta. Jesucristo, siempre vigente y oportuno, es ecu\u00e1nime y misericordioso, y tiene un vital mensaje para cada lector de esta peque\u00f1a obra.<\/p>\n","protected":false},"excerpt":{"rendered":"<p><strong>ISBN: 978-84-1386-681-9<\/strong><\/p>\n<p>Jes\u00fas, un conservador muy liberal nos invita a mirar a trav\u00e9s de la lente de la fe y tambi\u00e9n nos propone ponerla en pr\u00e1ctica con la prueba del raciocinio. Este libro expone soluciones transversales a situaciones de un mundo actual que todav\u00eda mantiene la esperanza en medio del caos. Real, interactivo y funcional, Dios responde y est\u00e1 cercano a los humildes de coraz\u00f3n y en estas l\u00edneas Adri\u00e1n Rodr\u00edguez te lo presenta. Jesucristo, siempre vigente y oportuno, es ecu\u00e1nime y misericordioso, y tiene un vital mensaje para cada lector de esta peque\u00f1a obra.<\/p>\n","protected":false},"featured_media":100212,"comment_status":"closed","ping_status":"closed","template":"","meta":{"_acf_changed":false},"libro":[],"product_brand":[],"product_cat":[25],"product_tag":[],"class_list":{"0":"post-96833","1":"product","2":"type-product","3":"status-publish","4":"has-post-thumbnail","6":"product_cat-religion-y-espiritualidad","8":"first","9":"instock","10":"purchasable","11":"product-type-simple"},"acf":{"autor":[75500],"enlace_de_compra":"https:\/\/amzn.to\/3yg9lOn"},"yoast_head":"<!-- This site is optimized with the Yoast SEO plugin v27.4 - https:\/\/yoast.com\/product\/yoast-seo-wordpress\/ -->\n<title>Jes\u00fas. Un conservador muy liberal - Catalogo | Letrame Grupo Editorial<\/title>\n<meta name=\"robots\" content=\"index, follow, max-snippet:-1, max-image-preview:large, max-video-preview:-1\" \/>\n<link rel=\"canonical\" href=\"https:\/\/letrame.com\/catalogo\/producto\/jesus-un-conservador-muy-liberal\/\" \/>\n<meta property=\"og:locale\" content=\"es_ES\" \/>\n<meta property=\"og:type\" content=\"article\" \/>\n<meta property=\"og:title\" content=\"Jes\u00fas. Un conservador muy liberal - Catalogo | Letrame Grupo Editorial\" \/>\n<meta property=\"og:description\" content=\"ISBN: 978-84-1386-681-9  Jes\u00fas, un conservador muy liberal nos invita a mirar a trav\u00e9s de la lente de la fe y tambi\u00e9n nos propone ponerla en pr\u00e1ctica con la prueba del raciocinio. Este libro expone soluciones transversales a situaciones de un mundo actual que todav\u00eda mantiene la esperanza en medio del caos. Real, interactivo y funcional, Dios responde y est\u00e1 cercano a los humildes de coraz\u00f3n y en estas l\u00edneas Adri\u00e1n Rodr\u00edguez te lo presenta. Jesucristo, siempre vigente y oportuno, es ecu\u00e1nime y misericordioso, y tiene un vital mensaje para cada lector de esta peque\u00f1a obra.\" \/>\n<meta property=\"og:url\" content=\"https:\/\/letrame.com\/catalogo\/producto\/jesus-un-conservador-muy-liberal\/\" \/>\n<meta property=\"og:site_name\" content=\"Catalogo | Letrame Grupo Editorial\" \/>\n<meta property=\"article:modified_time\" content=\"2024-07-25T08:04:51+00:00\" \/>\n<meta property=\"og:image\" content=\"https:\/\/letrame.com\/catalogo\/wp-content\/uploads\/2024\/04\/JESUS-UN-CONSERVADOR-600x840-1.webp\" \/>\n\t<meta property=\"og:image:width\" content=\"600\" \/>\n\t<meta property=\"og:image:height\" content=\"840\" \/>\n\t<meta property=\"og:image:type\" content=\"image\/webp\" \/>\n<meta name=\"twitter:card\" content=\"summary_large_image\" \/>\n<meta name=\"twitter:label1\" content=\"Tiempo de lectura\" \/>\n\t<meta name=\"twitter:data1\" content=\"2 minutos\" \/>\n<script type=\"application\/ld+json\" class=\"yoast-schema-graph\">{\"@context\":\"https:\\\/\\\/schema.org\",\"@graph\":[{\"@type\":\"WebPage\",\"@id\":\"https:\\\/\\\/letrame.com\\\/catalogo\\\/producto\\\/jesus-un-conservador-muy-liberal\\\/\",\"url\":\"https:\\\/\\\/letrame.com\\\/catalogo\\\/producto\\\/jesus-un-conservador-muy-liberal\\\/\",\"name\":\"Jes\u00fas. Un conservador muy liberal - Catalogo | Letrame Grupo Editorial\",\"isPartOf\":{\"@id\":\"https:\\\/\\\/letrame.com\\\/catalogo\\\/#website\"},\"primaryImageOfPage\":{\"@id\":\"https:\\\/\\\/letrame.com\\\/catalogo\\\/producto\\\/jesus-un-conservador-muy-liberal\\\/#primaryimage\"},\"image\":{\"@id\":\"https:\\\/\\\/letrame.com\\\/catalogo\\\/producto\\\/jesus-un-conservador-muy-liberal\\\/#primaryimage\"},\"thumbnailUrl\":\"https:\\\/\\\/letrame.com\\\/catalogo\\\/wp-content\\\/uploads\\\/2024\\\/04\\\/JESUS-UN-CONSERVADOR-600x840-1.webp\",\"datePublished\":\"2024-04-29T10:03:01+00:00\",\"dateModified\":\"2024-07-25T08:04:51+00:00\",\"breadcrumb\":{\"@id\":\"https:\\\/\\\/letrame.com\\\/catalogo\\\/producto\\\/jesus-un-conservador-muy-liberal\\\/#breadcrumb\"},\"inLanguage\":\"es\",\"potentialAction\":[{\"@type\":\"ReadAction\",\"target\":[\"https:\\\/\\\/letrame.com\\\/catalogo\\\/producto\\\/jesus-un-conservador-muy-liberal\\\/\"]}]},{\"@type\":\"ImageObject\",\"inLanguage\":\"es\",\"@id\":\"https:\\\/\\\/letrame.com\\\/catalogo\\\/producto\\\/jesus-un-conservador-muy-liberal\\\/#primaryimage\",\"url\":\"https:\\\/\\\/letrame.com\\\/catalogo\\\/wp-content\\\/uploads\\\/2024\\\/04\\\/JESUS-UN-CONSERVADOR-600x840-1.webp\",\"contentUrl\":\"https:\\\/\\\/letrame.com\\\/catalogo\\\/wp-content\\\/uploads\\\/2024\\\/04\\\/JESUS-UN-CONSERVADOR-600x840-1.webp\",\"width\":600,\"height\":840},{\"@type\":\"BreadcrumbList\",\"@id\":\"https:\\\/\\\/letrame.com\\\/catalogo\\\/producto\\\/jesus-un-conservador-muy-liberal\\\/#breadcrumb\",\"itemListElement\":[{\"@type\":\"ListItem\",\"position\":1,\"name\":\"Portada\",\"item\":\"https:\\\/\\\/letrame.com\\\/catalogo\\\/\"},{\"@type\":\"ListItem\",\"position\":2,\"name\":\"Cat\u00e1logo\",\"item\":\"https:\\\/\\\/letrame.com\\\/catalogo\\\/\"},{\"@type\":\"ListItem\",\"position\":3,\"name\":\"Jes\u00fas. Un conservador muy liberal\"}]},{\"@type\":\"WebSite\",\"@id\":\"https:\\\/\\\/letrame.com\\\/catalogo\\\/#website\",\"url\":\"https:\\\/\\\/letrame.com\\\/catalogo\\\/\",\"name\":\"Catalogo | Letrame Grupo Editorial\",\"description\":\"\",\"publisher\":{\"@id\":\"https:\\\/\\\/letrame.com\\\/catalogo\\\/#organization\"},\"potentialAction\":[{\"@type\":\"SearchAction\",\"target\":{\"@type\":\"EntryPoint\",\"urlTemplate\":\"https:\\\/\\\/letrame.com\\\/catalogo\\\/?s={search_term_string}\"},\"query-input\":{\"@type\":\"PropertyValueSpecification\",\"valueRequired\":true,\"valueName\":\"search_term_string\"}}],\"inLanguage\":\"es\"},{\"@type\":\"Organization\",\"@id\":\"https:\\\/\\\/letrame.com\\\/catalogo\\\/#organization\",\"name\":\"Catalogo | Letrame Grupo Editorial\",\"url\":\"https:\\\/\\\/letrame.com\\\/catalogo\\\/\",\"logo\":{\"@type\":\"ImageObject\",\"inLanguage\":\"es\",\"@id\":\"https:\\\/\\\/letrame.com\\\/catalogo\\\/#\\\/schema\\\/logo\\\/image\\\/\",\"url\":\"https:\\\/\\\/letrame.com\\\/catalogo\\\/wp-content\\\/uploads\\\/2024\\\/03\\\/logo2.webp\",\"contentUrl\":\"https:\\\/\\\/letrame.com\\\/catalogo\\\/wp-content\\\/uploads\\\/2024\\\/03\\\/logo2.webp\",\"width\":394,\"height\":128,\"caption\":\"Catalogo | Letrame Grupo Editorial\"},\"image\":{\"@id\":\"https:\\\/\\\/letrame.com\\\/catalogo\\\/#\\\/schema\\\/logo\\\/image\\\/\"}}]}<\/script>\n<!-- \/ Yoast SEO plugin. -->","yoast_head_json":{"title":"Jes\u00fas. Un conservador muy liberal - Catalogo | Letrame Grupo Editorial","robots":{"index":"index","follow":"follow","max-snippet":"max-snippet:-1","max-image-preview":"max-image-preview:large","max-video-preview":"max-video-preview:-1"},"canonical":"https:\/\/letrame.com\/catalogo\/producto\/jesus-un-conservador-muy-liberal\/","og_locale":"es_ES","og_type":"article","og_title":"Jes\u00fas. Un conservador muy liberal - Catalogo | Letrame Grupo Editorial","og_description":"ISBN: 978-84-1386-681-9  Jes\u00fas, un conservador muy liberal nos invita a mirar a trav\u00e9s de la lente de la fe y tambi\u00e9n nos propone ponerla en pr\u00e1ctica con la prueba del raciocinio. Este libro expone soluciones transversales a situaciones de un mundo actual que todav\u00eda mantiene la esperanza en medio del caos. Real, interactivo y funcional, Dios responde y est\u00e1 cercano a los humildes de coraz\u00f3n y en estas l\u00edneas Adri\u00e1n Rodr\u00edguez te lo presenta. Jesucristo, siempre vigente y oportuno, es ecu\u00e1nime y misericordioso, y tiene un vital mensaje para cada lector de esta peque\u00f1a obra.","og_url":"https:\/\/letrame.com\/catalogo\/producto\/jesus-un-conservador-muy-liberal\/","og_site_name":"Catalogo | Letrame Grupo Editorial","article_modified_time":"2024-07-25T08:04:51+00:00","og_image":[{"width":600,"height":840,"url":"https:\/\/letrame.com\/catalogo\/wp-content\/uploads\/2024\/04\/JESUS-UN-CONSERVADOR-600x840-1.webp","type":"image\/webp"}],"twitter_card":"summary_large_image","twitter_misc":{"Tiempo de lectura":"2 minutos"},"schema":{"@context":"https:\/\/schema.org","@graph":[{"@type":"WebPage","@id":"https:\/\/letrame.com\/catalogo\/producto\/jesus-un-conservador-muy-liberal\/","url":"https:\/\/letrame.com\/catalogo\/producto\/jesus-un-conservador-muy-liberal\/","name":"Jes\u00fas. Un conservador muy liberal - Catalogo | Letrame Grupo Editorial","isPartOf":{"@id":"https:\/\/letrame.com\/catalogo\/#website"},"primaryImageOfPage":{"@id":"https:\/\/letrame.com\/catalogo\/producto\/jesus-un-conservador-muy-liberal\/#primaryimage"},"image":{"@id":"https:\/\/letrame.com\/catalogo\/producto\/jesus-un-conservador-muy-liberal\/#primaryimage"},"thumbnailUrl":"https:\/\/letrame.com\/catalogo\/wp-content\/uploads\/2024\/04\/JESUS-UN-CONSERVADOR-600x840-1.webp","datePublished":"2024-04-29T10:03:01+00:00","dateModified":"2024-07-25T08:04:51+00:00","breadcrumb":{"@id":"https:\/\/letrame.com\/catalogo\/producto\/jesus-un-conservador-muy-liberal\/#breadcrumb"},"inLanguage":"es","potentialAction":[{"@type":"ReadAction","target":["https:\/\/letrame.com\/catalogo\/producto\/jesus-un-conservador-muy-liberal\/"]}]},{"@type":"ImageObject","inLanguage":"es","@id":"https:\/\/letrame.com\/catalogo\/producto\/jesus-un-conservador-muy-liberal\/#primaryimage","url":"https:\/\/letrame.com\/catalogo\/wp-content\/uploads\/2024\/04\/JESUS-UN-CONSERVADOR-600x840-1.webp","contentUrl":"https:\/\/letrame.com\/catalogo\/wp-content\/uploads\/2024\/04\/JESUS-UN-CONSERVADOR-600x840-1.webp","width":600,"height":840},{"@type":"BreadcrumbList","@id":"https:\/\/letrame.com\/catalogo\/producto\/jesus-un-conservador-muy-liberal\/#breadcrumb","itemListElement":[{"@type":"ListItem","position":1,"name":"Portada","item":"https:\/\/letrame.com\/catalogo\/"},{"@type":"ListItem","position":2,"name":"Cat\u00e1logo","item":"https:\/\/letrame.com\/catalogo\/"},{"@type":"ListItem","position":3,"name":"Jes\u00fas. Un conservador muy liberal"}]},{"@type":"WebSite","@id":"https:\/\/letrame.com\/catalogo\/#website","url":"https:\/\/letrame.com\/catalogo\/","name":"Catalogo | Letrame Grupo Editorial","description":"","publisher":{"@id":"https:\/\/letrame.com\/catalogo\/#organization"},"potentialAction":[{"@type":"SearchAction","target":{"@type":"EntryPoint","urlTemplate":"https:\/\/letrame.com\/catalogo\/?s={search_term_string}"},"query-input":{"@type":"PropertyValueSpecification","valueRequired":true,"valueName":"search_term_string"}}],"inLanguage":"es"},{"@type":"Organization","@id":"https:\/\/letrame.com\/catalogo\/#organization","name":"Catalogo | Letrame Grupo Editorial","url":"https:\/\/letrame.com\/catalogo\/","logo":{"@type":"ImageObject","inLanguage":"es","@id":"https:\/\/letrame.com\/catalogo\/#\/schema\/logo\/image\/","url":"https:\/\/letrame.com\/catalogo\/wp-content\/uploads\/2024\/03\/logo2.webp","contentUrl":"https:\/\/letrame.com\/catalogo\/wp-content\/uploads\/2024\/03\/logo2.webp","width":394,"height":128,"caption":"Catalogo | Letrame Grupo Editorial"},"image":{"@id":"https:\/\/letrame.com\/catalogo\/#\/schema\/logo\/image\/"}}]}},"_links":{"self":[{"href":"https:\/\/letrame.com\/catalogo\/wp-json\/wp\/v2\/product\/96833","targetHints":{"allow":["GET"]}}],"collection":[{"href":"https:\/\/letrame.com\/catalogo\/wp-json\/wp\/v2\/product"}],"about":[{"href":"https:\/\/letrame.com\/catalogo\/wp-json\/wp\/v2\/types\/product"}],"replies":[{"embeddable":true,"href":"https:\/\/letrame.com\/catalogo\/wp-json\/wp\/v2\/comments?post=96833"}],"acf:post":[{"embeddable":true,"href":"https:\/\/letrame.com\/catalogo\/wp-json\/wp\/v2\/author_book\/75500"}],"wp:featuredmedia":[{"embeddable":true,"href":"https:\/\/letrame.com\/catalogo\/wp-json\/wp\/v2\/media\/100212"}],"wp:attachment":[{"href":"https:\/\/letrame.com\/catalogo\/wp-json\/wp\/v2\/media?parent=96833"}],"wp:term":[{"taxonomy":"libro","embeddable":true,"href":"https:\/\/letrame.com\/catalogo\/wp-json\/wp\/v2\/libro?post=96833"},{"taxonomy":"product_brand","embeddable":true,"href":"https:\/\/letrame.com\/catalogo\/wp-json\/wp\/v2\/product_brand?post=96833"},{"taxonomy":"product_cat","embeddable":true,"href":"https:\/\/letrame.com\/catalogo\/wp-json\/wp\/v2\/product_cat?post=96833"},{"taxonomy":"product_tag","embeddable":true,"href":"https:\/\/letrame.com\/catalogo\/wp-json\/wp\/v2\/product_tag?post=96833"}],"curies":[{"name":"wp","href":"https:\/\/api.w.org\/{rel}","templated":true}]}}