{"id":96768,"date":"2024-04-29T11:49:54","date_gmt":"2024-04-29T09:49:54","guid":{"rendered":"https:\/\/letrame.com\/catalogo\/producto\/solo-las-nubes-dan-permiso\/"},"modified":"2024-04-29T11:49:54","modified_gmt":"2024-04-29T09:49:54","slug":"solo-las-nubes-dan-permiso","status":"publish","type":"product","link":"https:\/\/letrame.com\/catalogo\/producto\/solo-las-nubes-dan-permiso\/","title":{"rendered":"Solo las nubes dan permiso"},"content":{"rendered":"<div class=\"page\" title=\"Page 6\">\n<div class=\"layoutArea\">\n<div class=\"column\">\n<p><strong>ISBN<\/strong>: 978-84-1386-583-6<\/p>\n<\/div>\n<\/div>\n<\/div>\n<p><b>T\u00edtulo<\/b><span style=\"font-weight: 400;\">: Solo las nubes dan permiso<\/span><span style=\"font-weight: 400;\"><br \/>\n<\/span><b>Fecha<\/b><span style=\"font-weight: 400;\">: 2021<\/span><span style=\"font-weight: 400;\"><br \/>\n<\/span><b>P\u00e1ginas<\/b><span style=\"font-weight: 400;\">: 292<\/span><\/p>\n<p><b>SINOPSIS<\/b><\/p>\n<p>El joven que se siente abandonado trata de ocupar el lugar que no encuentra, y ante las dificultades creadas debe organizar la vida por s\u00ed mismo partiendo casi de cero y de las emociones que debe inventarse con objeto de ocupar un hueco en su existencia. El apartamiento que tiene de su familia le hace recordar insistentemente el tiempo que permaneci\u00f3 a resguardo entre ellos antes de que saliera del seno familiar para emprender estudios en otro pa\u00eds.<\/p>\n<p>El panorama que encuentra una vez se siente desvalido y roto el cord\u00f3n umbilical que le un\u00eda con los suyos har\u00e1 que poco a poco vaya perdiendo la continuidad de la l\u00ednea evolutiva que hasta entonces guiaba sus pasos para tener que configurar su propio cosmos y la existencia que sustenta con las impresiones y experiencias que va cobrando al paso.<\/p>\n<p>El pesimismo que le invade gradualmente y el choque constante con la realidad que le abate har\u00e1 que trate de hallar la soluci\u00f3n que no encuentra; raz\u00f3n de que un d\u00eda elevando la mirada al cielo comprenda instant\u00e1neamente lo que estaba necesitando y sea el t\u00edtulo de esta novela: Solo las nubes dan permiso para tratar de entender algo de la vida que lleva.<\/p>\n","protected":false},"excerpt":{"rendered":"<div class=\"page\" title=\"Page 6\">\n<div class=\"layoutArea\">\n<div class=\"column\">\n<p><strong>ISBN: 978-84-1386-583-6<\/strong><\/p>\n<\/div>\n<\/div>\n<\/div>\n<p>El joven que se siente abandonado trata de ocupar el lugar que no encuentra, y ante las dificultades creadas debe organizar la vida por s\u00ed mismo partiendo casi de cero y de las emociones que debe inventarse con objeto de ocupar un hueco en su existencia. El apartamiento que tiene de su familia le hace recordar insistentemente el tiempo que permaneci\u00f3 a resguardo entre ellos antes de que saliera del seno familiar para emprender estudios en otro pa\u00eds.<\/p>\n<p>El panorama que encuentra una vez se siente desvalido y roto el cord\u00f3n umbilical que le un\u00eda con los suyos har\u00e1 que poco a poco vaya perdiendo la continuidad de la l\u00ednea evolutiva que hasta entonces guiaba sus pasos para tener que configurar su propio cosmos y la existencia que sustenta con las impresiones y experiencias que va cobrando al paso.<\/p>\n","protected":false},"featured_media":96769,"comment_status":"closed","ping_status":"open","template":"","meta":{"_acf_changed":false},"libro":[],"product_brand":[],"product_cat":[16],"product_tag":[],"class_list":{"0":"post-96768","1":"product","2":"type-product","3":"status-publish","4":"has-post-thumbnail","6":"product_cat-novela","8":"first","9":"instock","10":"purchasable","11":"product-type-simple"},"acf":{"autor":[75440],"enlace_de_compra":""},"yoast_head":"<!-- This site is optimized with the Yoast SEO plugin v27.4 - https:\/\/yoast.com\/product\/yoast-seo-wordpress\/ -->\n<title>Solo las nubes dan permiso - Catalogo | Letrame Grupo Editorial<\/title>\n<meta name=\"robots\" content=\"index, follow, max-snippet:-1, max-image-preview:large, max-video-preview:-1\" \/>\n<link rel=\"canonical\" href=\"https:\/\/letrame.com\/catalogo\/producto\/solo-las-nubes-dan-permiso\/\" \/>\n<meta property=\"og:locale\" content=\"es_ES\" \/>\n<meta property=\"og:type\" content=\"article\" \/>\n<meta property=\"og:title\" content=\"Solo las nubes dan permiso - Catalogo | Letrame Grupo Editorial\" \/>\n<meta property=\"og:description\" content=\"ISBN: 978-84-1386-583-6   El joven que se siente abandonado trata de ocupar el lugar que no encuentra, y ante las dificultades creadas debe organizar la vida por s\u00ed mismo partiendo casi de cero y de las emociones que debe inventarse con objeto de ocupar un hueco en su existencia. El apartamiento que tiene de su familia le hace recordar insistentemente el tiempo que permaneci\u00f3 a resguardo entre ellos antes de que saliera del seno familiar para emprender estudios en otro pa\u00eds. El panorama que encuentra una vez se siente desvalido y roto el cord\u00f3n umbilical que le un\u00eda con los suyos har\u00e1 que poco a poco vaya perdiendo la continuidad de la l\u00ednea evolutiva que hasta entonces guiaba sus pasos para tener que configurar su propio cosmos y la existencia que sustenta con las impresiones y experiencias que va cobrando al paso.\" \/>\n<meta property=\"og:url\" content=\"https:\/\/letrame.com\/catalogo\/producto\/solo-las-nubes-dan-permiso\/\" \/>\n<meta property=\"og:site_name\" content=\"Catalogo | Letrame Grupo Editorial\" \/>\n<meta property=\"og:image\" content=\"https:\/\/letrame.com\/catalogo\/wp-content\/uploads\/2024\/04\/Solo-las-nubes-dan-permiso-scaled-1.jpeg\" \/>\n\t<meta property=\"og:image:width\" content=\"1746\" \/>\n\t<meta property=\"og:image:height\" content=\"2560\" \/>\n\t<meta property=\"og:image:type\" content=\"image\/jpeg\" \/>\n<meta name=\"twitter:card\" content=\"summary_large_image\" \/>\n<meta name=\"twitter:label1\" content=\"Tiempo de lectura\" \/>\n\t<meta name=\"twitter:data1\" content=\"1 minuto\" \/>\n<script type=\"application\/ld+json\" class=\"yoast-schema-graph\">{\"@context\":\"https:\\\/\\\/schema.org\",\"@graph\":[{\"@type\":\"WebPage\",\"@id\":\"https:\\\/\\\/letrame.com\\\/catalogo\\\/producto\\\/solo-las-nubes-dan-permiso\\\/\",\"url\":\"https:\\\/\\\/letrame.com\\\/catalogo\\\/producto\\\/solo-las-nubes-dan-permiso\\\/\",\"name\":\"Solo las nubes dan permiso - Catalogo | Letrame Grupo Editorial\",\"isPartOf\":{\"@id\":\"https:\\\/\\\/letrame.com\\\/catalogo\\\/#website\"},\"primaryImageOfPage\":{\"@id\":\"https:\\\/\\\/letrame.com\\\/catalogo\\\/producto\\\/solo-las-nubes-dan-permiso\\\/#primaryimage\"},\"image\":{\"@id\":\"https:\\\/\\\/letrame.com\\\/catalogo\\\/producto\\\/solo-las-nubes-dan-permiso\\\/#primaryimage\"},\"thumbnailUrl\":\"https:\\\/\\\/letrame.com\\\/catalogo\\\/wp-content\\\/uploads\\\/2024\\\/04\\\/Solo-las-nubes-dan-permiso-scaled-1.jpeg\",\"datePublished\":\"2024-04-29T09:49:54+00:00\",\"breadcrumb\":{\"@id\":\"https:\\\/\\\/letrame.com\\\/catalogo\\\/producto\\\/solo-las-nubes-dan-permiso\\\/#breadcrumb\"},\"inLanguage\":\"es\",\"potentialAction\":[{\"@type\":\"ReadAction\",\"target\":[\"https:\\\/\\\/letrame.com\\\/catalogo\\\/producto\\\/solo-las-nubes-dan-permiso\\\/\"]}]},{\"@type\":\"ImageObject\",\"inLanguage\":\"es\",\"@id\":\"https:\\\/\\\/letrame.com\\\/catalogo\\\/producto\\\/solo-las-nubes-dan-permiso\\\/#primaryimage\",\"url\":\"https:\\\/\\\/letrame.com\\\/catalogo\\\/wp-content\\\/uploads\\\/2024\\\/04\\\/Solo-las-nubes-dan-permiso-scaled-1.jpeg\",\"contentUrl\":\"https:\\\/\\\/letrame.com\\\/catalogo\\\/wp-content\\\/uploads\\\/2024\\\/04\\\/Solo-las-nubes-dan-permiso-scaled-1.jpeg\",\"width\":1746,\"height\":2560},{\"@type\":\"BreadcrumbList\",\"@id\":\"https:\\\/\\\/letrame.com\\\/catalogo\\\/producto\\\/solo-las-nubes-dan-permiso\\\/#breadcrumb\",\"itemListElement\":[{\"@type\":\"ListItem\",\"position\":1,\"name\":\"Portada\",\"item\":\"https:\\\/\\\/letrame.com\\\/catalogo\\\/\"},{\"@type\":\"ListItem\",\"position\":2,\"name\":\"Cat\u00e1logo\",\"item\":\"https:\\\/\\\/letrame.com\\\/catalogo\\\/\"},{\"@type\":\"ListItem\",\"position\":3,\"name\":\"Solo las nubes dan permiso\"}]},{\"@type\":\"WebSite\",\"@id\":\"https:\\\/\\\/letrame.com\\\/catalogo\\\/#website\",\"url\":\"https:\\\/\\\/letrame.com\\\/catalogo\\\/\",\"name\":\"Catalogo | Letrame Grupo Editorial\",\"description\":\"\",\"publisher\":{\"@id\":\"https:\\\/\\\/letrame.com\\\/catalogo\\\/#organization\"},\"potentialAction\":[{\"@type\":\"SearchAction\",\"target\":{\"@type\":\"EntryPoint\",\"urlTemplate\":\"https:\\\/\\\/letrame.com\\\/catalogo\\\/?s={search_term_string}\"},\"query-input\":{\"@type\":\"PropertyValueSpecification\",\"valueRequired\":true,\"valueName\":\"search_term_string\"}}],\"inLanguage\":\"es\"},{\"@type\":\"Organization\",\"@id\":\"https:\\\/\\\/letrame.com\\\/catalogo\\\/#organization\",\"name\":\"Catalogo | Letrame Grupo Editorial\",\"url\":\"https:\\\/\\\/letrame.com\\\/catalogo\\\/\",\"logo\":{\"@type\":\"ImageObject\",\"inLanguage\":\"es\",\"@id\":\"https:\\\/\\\/letrame.com\\\/catalogo\\\/#\\\/schema\\\/logo\\\/image\\\/\",\"url\":\"https:\\\/\\\/letrame.com\\\/catalogo\\\/wp-content\\\/uploads\\\/2024\\\/03\\\/logo2.webp\",\"contentUrl\":\"https:\\\/\\\/letrame.com\\\/catalogo\\\/wp-content\\\/uploads\\\/2024\\\/03\\\/logo2.webp\",\"width\":394,\"height\":128,\"caption\":\"Catalogo | Letrame Grupo Editorial\"},\"image\":{\"@id\":\"https:\\\/\\\/letrame.com\\\/catalogo\\\/#\\\/schema\\\/logo\\\/image\\\/\"}}]}<\/script>\n<!-- \/ Yoast SEO plugin. -->","yoast_head_json":{"title":"Solo las nubes dan permiso - Catalogo | Letrame Grupo Editorial","robots":{"index":"index","follow":"follow","max-snippet":"max-snippet:-1","max-image-preview":"max-image-preview:large","max-video-preview":"max-video-preview:-1"},"canonical":"https:\/\/letrame.com\/catalogo\/producto\/solo-las-nubes-dan-permiso\/","og_locale":"es_ES","og_type":"article","og_title":"Solo las nubes dan permiso - Catalogo | Letrame Grupo Editorial","og_description":"ISBN: 978-84-1386-583-6   El joven que se siente abandonado trata de ocupar el lugar que no encuentra, y ante las dificultades creadas debe organizar la vida por s\u00ed mismo partiendo casi de cero y de las emociones que debe inventarse con objeto de ocupar un hueco en su existencia. El apartamiento que tiene de su familia le hace recordar insistentemente el tiempo que permaneci\u00f3 a resguardo entre ellos antes de que saliera del seno familiar para emprender estudios en otro pa\u00eds. El panorama que encuentra una vez se siente desvalido y roto el cord\u00f3n umbilical que le un\u00eda con los suyos har\u00e1 que poco a poco vaya perdiendo la continuidad de la l\u00ednea evolutiva que hasta entonces guiaba sus pasos para tener que configurar su propio cosmos y la existencia que sustenta con las impresiones y experiencias que va cobrando al paso.","og_url":"https:\/\/letrame.com\/catalogo\/producto\/solo-las-nubes-dan-permiso\/","og_site_name":"Catalogo | Letrame Grupo Editorial","og_image":[{"width":1746,"height":2560,"url":"https:\/\/letrame.com\/catalogo\/wp-content\/uploads\/2024\/04\/Solo-las-nubes-dan-permiso-scaled-1.jpeg","type":"image\/jpeg"}],"twitter_card":"summary_large_image","twitter_misc":{"Tiempo de lectura":"1 minuto"},"schema":{"@context":"https:\/\/schema.org","@graph":[{"@type":"WebPage","@id":"https:\/\/letrame.com\/catalogo\/producto\/solo-las-nubes-dan-permiso\/","url":"https:\/\/letrame.com\/catalogo\/producto\/solo-las-nubes-dan-permiso\/","name":"Solo las nubes dan permiso - Catalogo | Letrame Grupo Editorial","isPartOf":{"@id":"https:\/\/letrame.com\/catalogo\/#website"},"primaryImageOfPage":{"@id":"https:\/\/letrame.com\/catalogo\/producto\/solo-las-nubes-dan-permiso\/#primaryimage"},"image":{"@id":"https:\/\/letrame.com\/catalogo\/producto\/solo-las-nubes-dan-permiso\/#primaryimage"},"thumbnailUrl":"https:\/\/letrame.com\/catalogo\/wp-content\/uploads\/2024\/04\/Solo-las-nubes-dan-permiso-scaled-1.jpeg","datePublished":"2024-04-29T09:49:54+00:00","breadcrumb":{"@id":"https:\/\/letrame.com\/catalogo\/producto\/solo-las-nubes-dan-permiso\/#breadcrumb"},"inLanguage":"es","potentialAction":[{"@type":"ReadAction","target":["https:\/\/letrame.com\/catalogo\/producto\/solo-las-nubes-dan-permiso\/"]}]},{"@type":"ImageObject","inLanguage":"es","@id":"https:\/\/letrame.com\/catalogo\/producto\/solo-las-nubes-dan-permiso\/#primaryimage","url":"https:\/\/letrame.com\/catalogo\/wp-content\/uploads\/2024\/04\/Solo-las-nubes-dan-permiso-scaled-1.jpeg","contentUrl":"https:\/\/letrame.com\/catalogo\/wp-content\/uploads\/2024\/04\/Solo-las-nubes-dan-permiso-scaled-1.jpeg","width":1746,"height":2560},{"@type":"BreadcrumbList","@id":"https:\/\/letrame.com\/catalogo\/producto\/solo-las-nubes-dan-permiso\/#breadcrumb","itemListElement":[{"@type":"ListItem","position":1,"name":"Portada","item":"https:\/\/letrame.com\/catalogo\/"},{"@type":"ListItem","position":2,"name":"Cat\u00e1logo","item":"https:\/\/letrame.com\/catalogo\/"},{"@type":"ListItem","position":3,"name":"Solo las nubes dan permiso"}]},{"@type":"WebSite","@id":"https:\/\/letrame.com\/catalogo\/#website","url":"https:\/\/letrame.com\/catalogo\/","name":"Catalogo | Letrame Grupo Editorial","description":"","publisher":{"@id":"https:\/\/letrame.com\/catalogo\/#organization"},"potentialAction":[{"@type":"SearchAction","target":{"@type":"EntryPoint","urlTemplate":"https:\/\/letrame.com\/catalogo\/?s={search_term_string}"},"query-input":{"@type":"PropertyValueSpecification","valueRequired":true,"valueName":"search_term_string"}}],"inLanguage":"es"},{"@type":"Organization","@id":"https:\/\/letrame.com\/catalogo\/#organization","name":"Catalogo | Letrame Grupo Editorial","url":"https:\/\/letrame.com\/catalogo\/","logo":{"@type":"ImageObject","inLanguage":"es","@id":"https:\/\/letrame.com\/catalogo\/#\/schema\/logo\/image\/","url":"https:\/\/letrame.com\/catalogo\/wp-content\/uploads\/2024\/03\/logo2.webp","contentUrl":"https:\/\/letrame.com\/catalogo\/wp-content\/uploads\/2024\/03\/logo2.webp","width":394,"height":128,"caption":"Catalogo | Letrame Grupo Editorial"},"image":{"@id":"https:\/\/letrame.com\/catalogo\/#\/schema\/logo\/image\/"}}]}},"_links":{"self":[{"href":"https:\/\/letrame.com\/catalogo\/wp-json\/wp\/v2\/product\/96768","targetHints":{"allow":["GET"]}}],"collection":[{"href":"https:\/\/letrame.com\/catalogo\/wp-json\/wp\/v2\/product"}],"about":[{"href":"https:\/\/letrame.com\/catalogo\/wp-json\/wp\/v2\/types\/product"}],"replies":[{"embeddable":true,"href":"https:\/\/letrame.com\/catalogo\/wp-json\/wp\/v2\/comments?post=96768"}],"acf:post":[{"embeddable":true,"href":"https:\/\/letrame.com\/catalogo\/wp-json\/wp\/v2\/author_book\/75440"}],"wp:featuredmedia":[{"embeddable":true,"href":"https:\/\/letrame.com\/catalogo\/wp-json\/wp\/v2\/media\/96769"}],"wp:attachment":[{"href":"https:\/\/letrame.com\/catalogo\/wp-json\/wp\/v2\/media?parent=96768"}],"wp:term":[{"taxonomy":"libro","embeddable":true,"href":"https:\/\/letrame.com\/catalogo\/wp-json\/wp\/v2\/libro?post=96768"},{"taxonomy":"product_brand","embeddable":true,"href":"https:\/\/letrame.com\/catalogo\/wp-json\/wp\/v2\/product_brand?post=96768"},{"taxonomy":"product_cat","embeddable":true,"href":"https:\/\/letrame.com\/catalogo\/wp-json\/wp\/v2\/product_cat?post=96768"},{"taxonomy":"product_tag","embeddable":true,"href":"https:\/\/letrame.com\/catalogo\/wp-json\/wp\/v2\/product_tag?post=96768"}],"curies":[{"name":"wp","href":"https:\/\/api.w.org\/{rel}","templated":true}]}}