{"id":96715,"date":"2024-04-29T11:38:48","date_gmt":"2024-04-29T09:38:48","guid":{"rendered":"https:\/\/letrame.com\/catalogo\/producto\/des-lealtad\/"},"modified":"2024-04-29T11:38:49","modified_gmt":"2024-04-29T09:38:49","slug":"des-lealtad","status":"publish","type":"product","link":"https:\/\/letrame.com\/catalogo\/producto\/des-lealtad\/","title":{"rendered":"DES-LEALTAD"},"content":{"rendered":"<div class=\"page\" title=\"Page 6\">\n<div class=\"layoutArea\">\n<div class=\"column\">\n<p><strong>ISBN<\/strong>: 978-84-1386-594-2<\/p>\n<\/div>\n<\/div>\n<\/div>\n<p><b>T\u00edtulo<\/b><span style=\"font-weight: 400;\">: DES-LEALTAD<\/span><span style=\"font-weight: 400;\"><br \/>\n<\/span><b>Fecha<\/b><span style=\"font-weight: 400;\">: 2021<\/span><span style=\"font-weight: 400;\"><br \/>\n<\/span><b>P\u00e1ginas<\/b><span style=\"font-weight: 400;\">: 196<\/span><\/p>\n<p><b>SINOPSIS<\/b><\/p>\n<p>Nuestro protagonista, Paul Smith, es apenas un ni\u00f1o cuando recibe la noticia de que su padre ha sido asesinado. Desde ese instante y para honrar su memoria, tomar\u00e1 la decisi\u00f3n\u00a0 de ejercer su futuro profesional como polic\u00eda estatal en su ciudad Sandy Town.<\/p>\n<p>En esta ciudad, se forjar\u00e1 su crecimiento personal, la formaci\u00f3n junto a sus compa\u00f1eros de trabajo Dominic y Scott, y llegar\u00e1 a conocer a quien ser\u00e1 sin duda el gran amor de su vida, Kiara, con quien formar\u00e1 una familia.<\/p>\n<p>Cuando todo parece ir bien, un tr\u00e1gico sucedo llegar\u00e1 a su vida, el cual le har\u00e1 replantearse algunos aspectos de sus cotidianos d\u00edas. Con la ayuda de su hermana Mery, conseguir\u00e1 descifrar las piezas del puzle, o eso piensa.<\/p>\n<p>La locura y la obsesi\u00f3n por atrapar al culpable, le conducir\u00e1 a caminos inexplicables de los que parece no hallar salida. \u00bfConseguir\u00e1 detener a la persona culpable? \u00bfser\u00e1 producto de su imaginaci\u00f3n? Lo que si est\u00e1 asegurado, es que su vida cambiar\u00e1 para siempre.<\/p>\n","protected":false},"excerpt":{"rendered":"<div class=\"page\" title=\"Page 6\">\n<div class=\"layoutArea\">\n<div class=\"column\">\n<p><strong>ISBN: 978-84-1386-594-2<\/strong><\/p>\n<\/div>\n<\/div>\n<\/div>\n<p>Nuestro protagonista, Paul Smith, es apenas un ni\u00f1o cuando recibe la noticia de que su padre ha sido asesinado. Desde ese instante y para honrar su memoria, tomar\u00e1 la decisi\u00f3n\u00a0 de ejercer su futuro profesional como polic\u00eda estatal en su ciudad Sandy Town.<\/p>\n<p>En esta ciudad, se forjar\u00e1 su crecimiento personal, la formaci\u00f3n junto a sus compa\u00f1eros de trabajo Dominic y Scott, y llegar\u00e1 a conocer a quien ser\u00e1 sin duda el gran amor de su vida, Kiara, con quien formar\u00e1 una familia.<\/p>\n<p>&nbsp;<\/p>\n<p><span style=\"font-weight: 400;\">[aux_button label=\u00bbCOMPRAR\u00bb size=\u00bbmedium\u00bb icon_align=\u00bbleft\u00bb color_name=\u00bbball-blue\u00bb link=\u00bbhttps:\/\/www.paypal.com\/cgi-bin\/webscr?cmd=_s-xclick&amp;hosted_button_id=BRZ28URZBACQ2&#8243; target=\u00bb\u00bb_blank\u00bb]<\/span><\/p>\n<p><span style=\"font-weight: 400;\">[aux_button label=\u00bbAMAZON\u00bb size=\u00bbmedium\u00bb icon_align=\u00bbleft\u00bb color_name=\u00bbball-blue\u00bb link=\u00bbhttps:\/\/www.amazon.es\/lealtad-Novela-Alejandro-Garc%C3%ADa-Fern%C3%A1ndez\/dp\/8413865948\/ref=sr_1_1?__mk_es_ES=%C3%85M%C3%85%C5%BD%C3%95%C3%91&amp;dchild=1&amp;keywords=letrame+s.l.+de+lealtad&amp;qid=1628774526&amp;sr=8-1&#8243; target=\u00bb\u00bb_blank\u00bb]<\/span><\/p>\n","protected":false},"featured_media":96716,"comment_status":"closed","ping_status":"open","template":"","meta":{"_acf_changed":false},"libro":[],"product_brand":[],"product_cat":[16],"product_tag":[],"class_list":{"0":"post-96715","1":"product","2":"type-product","3":"status-publish","4":"has-post-thumbnail","6":"product_cat-novela","8":"first","9":"instock","10":"purchasable","11":"product-type-simple"},"acf":{"autor":[75383],"enlace_de_compra":"https:\/\/www.amazon.es\/lealtad-Novela-Alejandro-Garc%C3%ADa-Fern%C3%A1ndez\/dp\/8413865948\/ref=sr_1_1?__mk_es_ES=%C3%85M%C3%85%C5%BD%C3%95%C3%91&amp;dchild=1&amp;keywords=letrame+s.l.+de+lealtad&amp;qid=1628774526&amp;sr=8-1"},"yoast_head":"<!-- This site is optimized with the Yoast SEO plugin v26.6 - https:\/\/yoast.com\/wordpress\/plugins\/seo\/ -->\n<title>DES-LEALTAD - Catalogo | Letrame Grupo Editorial<\/title>\n<meta name=\"robots\" content=\"index, follow, max-snippet:-1, max-image-preview:large, max-video-preview:-1\" \/>\n<link rel=\"canonical\" href=\"https:\/\/letrame.com\/catalogo\/producto\/des-lealtad\/\" \/>\n<meta property=\"og:locale\" content=\"es_ES\" \/>\n<meta property=\"og:type\" content=\"article\" \/>\n<meta property=\"og:title\" content=\"DES-LEALTAD - Catalogo | Letrame Grupo Editorial\" \/>\n<meta property=\"og:description\" content=\"ISBN: 978-84-1386-594-2   Nuestro protagonista, Paul Smith, es apenas un ni\u00f1o cuando recibe la noticia de que su padre ha sido asesinado. Desde ese instante y para honrar su memoria, tomar\u00e1 la decisi\u00f3n\u00a0 de ejercer su futuro profesional como polic\u00eda estatal en su ciudad Sandy Town. En esta ciudad, se forjar\u00e1 su crecimiento personal, la formaci\u00f3n junto a sus compa\u00f1eros de trabajo Dominic y Scott, y llegar\u00e1 a conocer a quien ser\u00e1 sin duda el gran amor de su vida, Kiara, con quien formar\u00e1 una familia. &nbsp; [aux_button label=&quot;COMPRAR&quot; size=&quot;medium&quot; icon_align=&quot;left&quot; color_name=&quot;ball-blue&quot; link=&quot;https:\/\/www.paypal.com\/cgi-bin\/webscr?cmd=_s-xclick&amp;hosted_button_id=BRZ28URZBACQ2&quot; target=&quot;&quot;_blank&quot;] [aux_button label=&quot;AMAZON&quot; size=&quot;medium&quot; icon_align=&quot;left&quot; color_name=&quot;ball-blue&quot; link=&quot;https:\/\/www.amazon.es\/lealtad-Novela-Alejandro-Garc%C3%ADa-Fern%C3%A1ndez\/dp\/8413865948\/ref=sr_1_1?__mk_es_ES=%C3%85M%C3%85%C5%BD%C3%95%C3%91&amp;dchild=1&amp;keywords=letrame+s.l.+de+lealtad&amp;qid=1628774526&amp;sr=8-1&quot; target=&quot;&quot;_blank&quot;]\" \/>\n<meta property=\"og:url\" content=\"https:\/\/letrame.com\/catalogo\/producto\/des-lealtad\/\" \/>\n<meta property=\"og:site_name\" content=\"Catalogo | Letrame Grupo Editorial\" \/>\n<meta property=\"article:modified_time\" content=\"2024-04-29T09:38:49+00:00\" \/>\n<meta property=\"og:image\" content=\"https:\/\/letrame.com\/catalogo\/wp-content\/uploads\/2024\/04\/DESLEALTAD-scaled-1.jpeg\" \/>\n\t<meta property=\"og:image:width\" content=\"1746\" \/>\n\t<meta property=\"og:image:height\" content=\"2560\" \/>\n\t<meta property=\"og:image:type\" content=\"image\/jpeg\" \/>\n<meta name=\"twitter:card\" content=\"summary_large_image\" \/>\n<meta name=\"twitter:label1\" content=\"Tiempo de lectura\" \/>\n\t<meta name=\"twitter:data1\" content=\"1 minuto\" \/>\n<script type=\"application\/ld+json\" class=\"yoast-schema-graph\">{\"@context\":\"https:\/\/schema.org\",\"@graph\":[{\"@type\":\"WebPage\",\"@id\":\"https:\/\/letrame.com\/catalogo\/producto\/des-lealtad\/\",\"url\":\"https:\/\/letrame.com\/catalogo\/producto\/des-lealtad\/\",\"name\":\"DES-LEALTAD - Catalogo | Letrame Grupo Editorial\",\"isPartOf\":{\"@id\":\"https:\/\/letrame.com\/catalogo\/#website\"},\"primaryImageOfPage\":{\"@id\":\"https:\/\/letrame.com\/catalogo\/producto\/des-lealtad\/#primaryimage\"},\"image\":{\"@id\":\"https:\/\/letrame.com\/catalogo\/producto\/des-lealtad\/#primaryimage\"},\"thumbnailUrl\":\"https:\/\/letrame.com\/catalogo\/wp-content\/uploads\/2024\/04\/DESLEALTAD-scaled-1.jpeg\",\"datePublished\":\"2024-04-29T09:38:48+00:00\",\"dateModified\":\"2024-04-29T09:38:49+00:00\",\"breadcrumb\":{\"@id\":\"https:\/\/letrame.com\/catalogo\/producto\/des-lealtad\/#breadcrumb\"},\"inLanguage\":\"es\",\"potentialAction\":[{\"@type\":\"ReadAction\",\"target\":[\"https:\/\/letrame.com\/catalogo\/producto\/des-lealtad\/\"]}]},{\"@type\":\"ImageObject\",\"inLanguage\":\"es\",\"@id\":\"https:\/\/letrame.com\/catalogo\/producto\/des-lealtad\/#primaryimage\",\"url\":\"https:\/\/letrame.com\/catalogo\/wp-content\/uploads\/2024\/04\/DESLEALTAD-scaled-1.jpeg\",\"contentUrl\":\"https:\/\/letrame.com\/catalogo\/wp-content\/uploads\/2024\/04\/DESLEALTAD-scaled-1.jpeg\",\"width\":1746,\"height\":2560},{\"@type\":\"BreadcrumbList\",\"@id\":\"https:\/\/letrame.com\/catalogo\/producto\/des-lealtad\/#breadcrumb\",\"itemListElement\":[{\"@type\":\"ListItem\",\"position\":1,\"name\":\"Portada\",\"item\":\"https:\/\/letrame.com\/catalogo\/\"},{\"@type\":\"ListItem\",\"position\":2,\"name\":\"Cat\u00e1logo\",\"item\":\"https:\/\/letrame.com\/catalogo\/\"},{\"@type\":\"ListItem\",\"position\":3,\"name\":\"DES-LEALTAD\"}]},{\"@type\":\"WebSite\",\"@id\":\"https:\/\/letrame.com\/catalogo\/#website\",\"url\":\"https:\/\/letrame.com\/catalogo\/\",\"name\":\"Catalogo | Letrame Grupo Editorial\",\"description\":\"\",\"publisher\":{\"@id\":\"https:\/\/letrame.com\/catalogo\/#organization\"},\"potentialAction\":[{\"@type\":\"SearchAction\",\"target\":{\"@type\":\"EntryPoint\",\"urlTemplate\":\"https:\/\/letrame.com\/catalogo\/?s={search_term_string}\"},\"query-input\":{\"@type\":\"PropertyValueSpecification\",\"valueRequired\":true,\"valueName\":\"search_term_string\"}}],\"inLanguage\":\"es\"},{\"@type\":\"Organization\",\"@id\":\"https:\/\/letrame.com\/catalogo\/#organization\",\"name\":\"Catalogo | Letrame Grupo Editorial\",\"url\":\"https:\/\/letrame.com\/catalogo\/\",\"logo\":{\"@type\":\"ImageObject\",\"inLanguage\":\"es\",\"@id\":\"https:\/\/letrame.com\/catalogo\/#\/schema\/logo\/image\/\",\"url\":\"https:\/\/letrame.com\/catalogo\/wp-content\/uploads\/2024\/03\/logo2.webp\",\"contentUrl\":\"https:\/\/letrame.com\/catalogo\/wp-content\/uploads\/2024\/03\/logo2.webp\",\"width\":394,\"height\":128,\"caption\":\"Catalogo | Letrame Grupo Editorial\"},\"image\":{\"@id\":\"https:\/\/letrame.com\/catalogo\/#\/schema\/logo\/image\/\"}}]}<\/script>\n<!-- \/ Yoast SEO plugin. -->","yoast_head_json":{"title":"DES-LEALTAD - Catalogo | Letrame Grupo Editorial","robots":{"index":"index","follow":"follow","max-snippet":"max-snippet:-1","max-image-preview":"max-image-preview:large","max-video-preview":"max-video-preview:-1"},"canonical":"https:\/\/letrame.com\/catalogo\/producto\/des-lealtad\/","og_locale":"es_ES","og_type":"article","og_title":"DES-LEALTAD - Catalogo | Letrame Grupo Editorial","og_description":"ISBN: 978-84-1386-594-2   Nuestro protagonista, Paul Smith, es apenas un ni\u00f1o cuando recibe la noticia de que su padre ha sido asesinado. Desde ese instante y para honrar su memoria, tomar\u00e1 la decisi\u00f3n\u00a0 de ejercer su futuro profesional como polic\u00eda estatal en su ciudad Sandy Town. En esta ciudad, se forjar\u00e1 su crecimiento personal, la formaci\u00f3n junto a sus compa\u00f1eros de trabajo Dominic y Scott, y llegar\u00e1 a conocer a quien ser\u00e1 sin duda el gran amor de su vida, Kiara, con quien formar\u00e1 una familia. &nbsp; [aux_button label=\"COMPRAR\" size=\"medium\" icon_align=\"left\" color_name=\"ball-blue\" link=\"https:\/\/www.paypal.com\/cgi-bin\/webscr?cmd=_s-xclick&amp;hosted_button_id=BRZ28URZBACQ2\" target=\"\"_blank\"] [aux_button label=\"AMAZON\" size=\"medium\" icon_align=\"left\" color_name=\"ball-blue\" link=\"https:\/\/www.amazon.es\/lealtad-Novela-Alejandro-Garc%C3%ADa-Fern%C3%A1ndez\/dp\/8413865948\/ref=sr_1_1?__mk_es_ES=%C3%85M%C3%85%C5%BD%C3%95%C3%91&amp;dchild=1&amp;keywords=letrame+s.l.+de+lealtad&amp;qid=1628774526&amp;sr=8-1\" target=\"\"_blank\"]","og_url":"https:\/\/letrame.com\/catalogo\/producto\/des-lealtad\/","og_site_name":"Catalogo | Letrame Grupo Editorial","article_modified_time":"2024-04-29T09:38:49+00:00","og_image":[{"width":1746,"height":2560,"url":"https:\/\/letrame.com\/catalogo\/wp-content\/uploads\/2024\/04\/DESLEALTAD-scaled-1.jpeg","type":"image\/jpeg"}],"twitter_card":"summary_large_image","twitter_misc":{"Tiempo de lectura":"1 minuto"},"schema":{"@context":"https:\/\/schema.org","@graph":[{"@type":"WebPage","@id":"https:\/\/letrame.com\/catalogo\/producto\/des-lealtad\/","url":"https:\/\/letrame.com\/catalogo\/producto\/des-lealtad\/","name":"DES-LEALTAD - Catalogo | Letrame Grupo Editorial","isPartOf":{"@id":"https:\/\/letrame.com\/catalogo\/#website"},"primaryImageOfPage":{"@id":"https:\/\/letrame.com\/catalogo\/producto\/des-lealtad\/#primaryimage"},"image":{"@id":"https:\/\/letrame.com\/catalogo\/producto\/des-lealtad\/#primaryimage"},"thumbnailUrl":"https:\/\/letrame.com\/catalogo\/wp-content\/uploads\/2024\/04\/DESLEALTAD-scaled-1.jpeg","datePublished":"2024-04-29T09:38:48+00:00","dateModified":"2024-04-29T09:38:49+00:00","breadcrumb":{"@id":"https:\/\/letrame.com\/catalogo\/producto\/des-lealtad\/#breadcrumb"},"inLanguage":"es","potentialAction":[{"@type":"ReadAction","target":["https:\/\/letrame.com\/catalogo\/producto\/des-lealtad\/"]}]},{"@type":"ImageObject","inLanguage":"es","@id":"https:\/\/letrame.com\/catalogo\/producto\/des-lealtad\/#primaryimage","url":"https:\/\/letrame.com\/catalogo\/wp-content\/uploads\/2024\/04\/DESLEALTAD-scaled-1.jpeg","contentUrl":"https:\/\/letrame.com\/catalogo\/wp-content\/uploads\/2024\/04\/DESLEALTAD-scaled-1.jpeg","width":1746,"height":2560},{"@type":"BreadcrumbList","@id":"https:\/\/letrame.com\/catalogo\/producto\/des-lealtad\/#breadcrumb","itemListElement":[{"@type":"ListItem","position":1,"name":"Portada","item":"https:\/\/letrame.com\/catalogo\/"},{"@type":"ListItem","position":2,"name":"Cat\u00e1logo","item":"https:\/\/letrame.com\/catalogo\/"},{"@type":"ListItem","position":3,"name":"DES-LEALTAD"}]},{"@type":"WebSite","@id":"https:\/\/letrame.com\/catalogo\/#website","url":"https:\/\/letrame.com\/catalogo\/","name":"Catalogo | Letrame Grupo Editorial","description":"","publisher":{"@id":"https:\/\/letrame.com\/catalogo\/#organization"},"potentialAction":[{"@type":"SearchAction","target":{"@type":"EntryPoint","urlTemplate":"https:\/\/letrame.com\/catalogo\/?s={search_term_string}"},"query-input":{"@type":"PropertyValueSpecification","valueRequired":true,"valueName":"search_term_string"}}],"inLanguage":"es"},{"@type":"Organization","@id":"https:\/\/letrame.com\/catalogo\/#organization","name":"Catalogo | Letrame Grupo Editorial","url":"https:\/\/letrame.com\/catalogo\/","logo":{"@type":"ImageObject","inLanguage":"es","@id":"https:\/\/letrame.com\/catalogo\/#\/schema\/logo\/image\/","url":"https:\/\/letrame.com\/catalogo\/wp-content\/uploads\/2024\/03\/logo2.webp","contentUrl":"https:\/\/letrame.com\/catalogo\/wp-content\/uploads\/2024\/03\/logo2.webp","width":394,"height":128,"caption":"Catalogo | Letrame Grupo Editorial"},"image":{"@id":"https:\/\/letrame.com\/catalogo\/#\/schema\/logo\/image\/"}}]}},"_links":{"self":[{"href":"https:\/\/letrame.com\/catalogo\/wp-json\/wp\/v2\/product\/96715","targetHints":{"allow":["GET"]}}],"collection":[{"href":"https:\/\/letrame.com\/catalogo\/wp-json\/wp\/v2\/product"}],"about":[{"href":"https:\/\/letrame.com\/catalogo\/wp-json\/wp\/v2\/types\/product"}],"replies":[{"embeddable":true,"href":"https:\/\/letrame.com\/catalogo\/wp-json\/wp\/v2\/comments?post=96715"}],"acf:post":[{"embeddable":true,"href":"https:\/\/letrame.com\/catalogo\/wp-json\/wp\/v2\/author_book\/75383"}],"wp:featuredmedia":[{"embeddable":true,"href":"https:\/\/letrame.com\/catalogo\/wp-json\/wp\/v2\/media\/96716"}],"wp:attachment":[{"href":"https:\/\/letrame.com\/catalogo\/wp-json\/wp\/v2\/media?parent=96715"}],"wp:term":[{"taxonomy":"libro","embeddable":true,"href":"https:\/\/letrame.com\/catalogo\/wp-json\/wp\/v2\/libro?post=96715"},{"taxonomy":"product_brand","embeddable":true,"href":"https:\/\/letrame.com\/catalogo\/wp-json\/wp\/v2\/product_brand?post=96715"},{"taxonomy":"product_cat","embeddable":true,"href":"https:\/\/letrame.com\/catalogo\/wp-json\/wp\/v2\/product_cat?post=96715"},{"taxonomy":"product_tag","embeddable":true,"href":"https:\/\/letrame.com\/catalogo\/wp-json\/wp\/v2\/product_tag?post=96715"}],"curies":[{"name":"wp","href":"https:\/\/api.w.org\/{rel}","templated":true}]}}