{"id":96710,"date":"2024-04-29T11:37:37","date_gmt":"2024-04-29T09:37:37","guid":{"rendered":"https:\/\/letrame.com\/catalogo\/producto\/lux-in-tenebris\/"},"modified":"2024-04-29T11:38:10","modified_gmt":"2024-04-29T09:38:10","slug":"lux-in-tenebris","status":"publish","type":"product","link":"https:\/\/letrame.com\/catalogo\/producto\/lux-in-tenebris\/","title":{"rendered":"Lux in tenebris"},"content":{"rendered":"<div class=\"page\" title=\"Page 6\">\n<div class=\"layoutArea\">\n<div class=\"column\">\n<p><strong>ISBN<\/strong>: 978-84-1386-567-6<\/p>\n<\/div>\n<\/div>\n<\/div>\n<p><b>T\u00edtulo<\/b><span style=\"font-weight: 400;\">: Lux in tenebris <\/span><span style=\"font-weight: 400;\"><br \/>\n<\/span><b>Fecha<\/b><span style=\"font-weight: 400;\">: 2021<\/span><span style=\"font-weight: 400;\"><br \/>\n<\/span><b>P\u00e1ginas<\/b><span style=\"font-weight: 400;\">: 296<\/span><\/p>\n<p><b>SINOPSIS<\/b><\/p>\n<p><em>Lux in Tenebris<\/em> (Luz en [medio] de las Tinieblas) es una obra del \u00abfusco cenobita con c\u00e1ustica filosof\u00eda y prosapia maracaibera\u00bb: Derbut, de mote prefijado Lushmore; cuyo estilo responde a la corriente neovanguardista pues, entra las contempor\u00e1neas formas del quehacer literario, representa una in\u00e9dita e innovadora manera de expresi\u00f3n escrita hasta ahora desconocida.<\/p>\n<p>Est\u00e1 compuesta por una serie de narrativas de contenido filos\u00f3fico expresadas de forma po\u00e9tica, a este arte literario Derbut lo denomina <strong><em>Khim\u00e1irico<\/em><\/strong>; artificio constituido por <strong><em>Khimairas<\/em><\/strong> <em>(<\/em>del griego<em> ________) <\/em>o narrativas (filos\u00f3ficas-po\u00e9ticas, invariablemente embebidas con los tenores del nimbo oscuro-laqueado derbutiano) cuyas especulaciones metaf\u00edsicas (acerca de los principios esenciales de los entes, su naturaleza y existencia) y axiol\u00f3gicas (aquello que se reflexiona como real [positivo], cierto [verdadero], debido [bueno], hermoso [bello] o trascendental [significativamente valioso e imperecedero]) reflexionan si es o no aut\u00e9ntico y revelador \u00fanicamente lo que acontece en la cotidianidad existente (tridimensional), sensual, emocional, racional, contingente del humano vivir.<\/p>\n<p>Obra (<em>Lux in Tenebris<\/em>) que Derbut (aquel individuo cuyo lapicero guarece la dispensa de inmortalizar) se vio casi constre\u00f1ido a componer desde la colorida intemperie del No-ser (fuera de las mustias Murallas del Ser), como provecta expiaci\u00f3n de cada uno de sus trances vitales; hallando, para el terrestre conforte como para s\u00ed, significados y sentidos refulgentemente eudemonistas en medio de umbrosas eventualidades.<\/p>\n<p>\u00a1Bienvenidas, creaturas todas, al nuevo mundo!<\/p>\n","protected":false},"excerpt":{"rendered":"<div class=\"page\" title=\"Page 6\">\n<div class=\"layoutArea\">\n<div class=\"column\">\n<p><strong>ISBN: 978-84-1386-567-6<\/strong><\/p>\n<\/div>\n<p><em>Lux in Tenebris<\/em> (Luz en [medio] de las Tinieblas) es una obra del \u00abfusco cenobita con c\u00e1ustica filosof\u00eda y prosapia maracaibera\u00bb: Derbut, de mote prefijado Lushmore; cuyo estilo responde a la corriente neovanguardista pues, entra las contempor\u00e1neas formas del quehacer literario, representa una in\u00e9dita e innovadora manera de expresi\u00f3n escrita hasta ahora desconocida.<\/p>\n<\/div>\n<\/div>\n","protected":false},"featured_media":96711,"comment_status":"closed","ping_status":"open","template":"","meta":{"_acf_changed":false},"libro":[],"product_brand":[],"product_cat":[16],"product_tag":[],"class_list":{"0":"post-96710","1":"product","2":"type-product","3":"status-publish","4":"has-post-thumbnail","6":"product_cat-novela","8":"first","9":"instock","10":"purchasable","11":"product-type-simple"},"acf":{"autor":[75378],"enlace_de_compra":""},"yoast_head":"<!-- This site is optimized with the Yoast SEO plugin v26.6 - https:\/\/yoast.com\/wordpress\/plugins\/seo\/ -->\n<title>Lux in tenebris - Catalogo | Letrame Grupo Editorial<\/title>\n<meta name=\"robots\" content=\"index, follow, max-snippet:-1, max-image-preview:large, max-video-preview:-1\" \/>\n<link rel=\"canonical\" href=\"https:\/\/letrame.com\/catalogo\/producto\/lux-in-tenebris\/\" \/>\n<meta property=\"og:locale\" content=\"es_ES\" \/>\n<meta property=\"og:type\" content=\"article\" \/>\n<meta property=\"og:title\" content=\"Lux in tenebris - Catalogo | Letrame Grupo Editorial\" \/>\n<meta property=\"og:description\" content=\"ISBN: 978-84-1386-567-6  Lux in Tenebris (Luz en [medio] de las Tinieblas) es una obra del \u00abfusco cenobita con c\u00e1ustica filosof\u00eda y prosapia maracaibera\u00bb: Derbut, de mote prefijado Lushmore; cuyo estilo responde a la corriente neovanguardista pues, entra las contempor\u00e1neas formas del quehacer literario, representa una in\u00e9dita e innovadora manera de expresi\u00f3n escrita hasta ahora desconocida.\" \/>\n<meta property=\"og:url\" content=\"https:\/\/letrame.com\/catalogo\/producto\/lux-in-tenebris\/\" \/>\n<meta property=\"og:site_name\" content=\"Catalogo | Letrame Grupo Editorial\" \/>\n<meta property=\"article:modified_time\" content=\"2024-04-29T09:38:10+00:00\" \/>\n<meta property=\"og:image\" content=\"https:\/\/letrame.com\/catalogo\/wp-content\/uploads\/2024\/04\/LUX-IN-TENEBRIS-scaled-1.jpeg\" \/>\n\t<meta property=\"og:image:width\" content=\"1746\" \/>\n\t<meta property=\"og:image:height\" content=\"2560\" \/>\n\t<meta property=\"og:image:type\" content=\"image\/jpeg\" \/>\n<meta name=\"twitter:card\" content=\"summary_large_image\" \/>\n<meta name=\"twitter:label1\" content=\"Tiempo de lectura\" \/>\n\t<meta name=\"twitter:data1\" content=\"1 minuto\" \/>\n<script type=\"application\/ld+json\" class=\"yoast-schema-graph\">{\"@context\":\"https:\/\/schema.org\",\"@graph\":[{\"@type\":\"WebPage\",\"@id\":\"https:\/\/letrame.com\/catalogo\/producto\/lux-in-tenebris\/\",\"url\":\"https:\/\/letrame.com\/catalogo\/producto\/lux-in-tenebris\/\",\"name\":\"Lux in tenebris - Catalogo | Letrame Grupo Editorial\",\"isPartOf\":{\"@id\":\"https:\/\/letrame.com\/catalogo\/#website\"},\"primaryImageOfPage\":{\"@id\":\"https:\/\/letrame.com\/catalogo\/producto\/lux-in-tenebris\/#primaryimage\"},\"image\":{\"@id\":\"https:\/\/letrame.com\/catalogo\/producto\/lux-in-tenebris\/#primaryimage\"},\"thumbnailUrl\":\"https:\/\/letrame.com\/catalogo\/wp-content\/uploads\/2024\/04\/LUX-IN-TENEBRIS-scaled-1.jpeg\",\"datePublished\":\"2024-04-29T09:37:37+00:00\",\"dateModified\":\"2024-04-29T09:38:10+00:00\",\"breadcrumb\":{\"@id\":\"https:\/\/letrame.com\/catalogo\/producto\/lux-in-tenebris\/#breadcrumb\"},\"inLanguage\":\"es\",\"potentialAction\":[{\"@type\":\"ReadAction\",\"target\":[\"https:\/\/letrame.com\/catalogo\/producto\/lux-in-tenebris\/\"]}]},{\"@type\":\"ImageObject\",\"inLanguage\":\"es\",\"@id\":\"https:\/\/letrame.com\/catalogo\/producto\/lux-in-tenebris\/#primaryimage\",\"url\":\"https:\/\/letrame.com\/catalogo\/wp-content\/uploads\/2024\/04\/LUX-IN-TENEBRIS-scaled-1.jpeg\",\"contentUrl\":\"https:\/\/letrame.com\/catalogo\/wp-content\/uploads\/2024\/04\/LUX-IN-TENEBRIS-scaled-1.jpeg\",\"width\":1746,\"height\":2560},{\"@type\":\"BreadcrumbList\",\"@id\":\"https:\/\/letrame.com\/catalogo\/producto\/lux-in-tenebris\/#breadcrumb\",\"itemListElement\":[{\"@type\":\"ListItem\",\"position\":1,\"name\":\"Portada\",\"item\":\"https:\/\/letrame.com\/catalogo\/\"},{\"@type\":\"ListItem\",\"position\":2,\"name\":\"Cat\u00e1logo\",\"item\":\"https:\/\/letrame.com\/catalogo\/\"},{\"@type\":\"ListItem\",\"position\":3,\"name\":\"Lux in tenebris\"}]},{\"@type\":\"WebSite\",\"@id\":\"https:\/\/letrame.com\/catalogo\/#website\",\"url\":\"https:\/\/letrame.com\/catalogo\/\",\"name\":\"Catalogo | Letrame Grupo Editorial\",\"description\":\"\",\"publisher\":{\"@id\":\"https:\/\/letrame.com\/catalogo\/#organization\"},\"potentialAction\":[{\"@type\":\"SearchAction\",\"target\":{\"@type\":\"EntryPoint\",\"urlTemplate\":\"https:\/\/letrame.com\/catalogo\/?s={search_term_string}\"},\"query-input\":{\"@type\":\"PropertyValueSpecification\",\"valueRequired\":true,\"valueName\":\"search_term_string\"}}],\"inLanguage\":\"es\"},{\"@type\":\"Organization\",\"@id\":\"https:\/\/letrame.com\/catalogo\/#organization\",\"name\":\"Catalogo | Letrame Grupo Editorial\",\"url\":\"https:\/\/letrame.com\/catalogo\/\",\"logo\":{\"@type\":\"ImageObject\",\"inLanguage\":\"es\",\"@id\":\"https:\/\/letrame.com\/catalogo\/#\/schema\/logo\/image\/\",\"url\":\"https:\/\/letrame.com\/catalogo\/wp-content\/uploads\/2024\/03\/logo2.webp\",\"contentUrl\":\"https:\/\/letrame.com\/catalogo\/wp-content\/uploads\/2024\/03\/logo2.webp\",\"width\":394,\"height\":128,\"caption\":\"Catalogo | Letrame Grupo Editorial\"},\"image\":{\"@id\":\"https:\/\/letrame.com\/catalogo\/#\/schema\/logo\/image\/\"}}]}<\/script>\n<!-- \/ Yoast SEO plugin. -->","yoast_head_json":{"title":"Lux in tenebris - Catalogo | Letrame Grupo Editorial","robots":{"index":"index","follow":"follow","max-snippet":"max-snippet:-1","max-image-preview":"max-image-preview:large","max-video-preview":"max-video-preview:-1"},"canonical":"https:\/\/letrame.com\/catalogo\/producto\/lux-in-tenebris\/","og_locale":"es_ES","og_type":"article","og_title":"Lux in tenebris - Catalogo | Letrame Grupo Editorial","og_description":"ISBN: 978-84-1386-567-6  Lux in Tenebris (Luz en [medio] de las Tinieblas) es una obra del \u00abfusco cenobita con c\u00e1ustica filosof\u00eda y prosapia maracaibera\u00bb: Derbut, de mote prefijado Lushmore; cuyo estilo responde a la corriente neovanguardista pues, entra las contempor\u00e1neas formas del quehacer literario, representa una in\u00e9dita e innovadora manera de expresi\u00f3n escrita hasta ahora desconocida.","og_url":"https:\/\/letrame.com\/catalogo\/producto\/lux-in-tenebris\/","og_site_name":"Catalogo | Letrame Grupo Editorial","article_modified_time":"2024-04-29T09:38:10+00:00","og_image":[{"width":1746,"height":2560,"url":"https:\/\/letrame.com\/catalogo\/wp-content\/uploads\/2024\/04\/LUX-IN-TENEBRIS-scaled-1.jpeg","type":"image\/jpeg"}],"twitter_card":"summary_large_image","twitter_misc":{"Tiempo de lectura":"1 minuto"},"schema":{"@context":"https:\/\/schema.org","@graph":[{"@type":"WebPage","@id":"https:\/\/letrame.com\/catalogo\/producto\/lux-in-tenebris\/","url":"https:\/\/letrame.com\/catalogo\/producto\/lux-in-tenebris\/","name":"Lux in tenebris - Catalogo | Letrame Grupo Editorial","isPartOf":{"@id":"https:\/\/letrame.com\/catalogo\/#website"},"primaryImageOfPage":{"@id":"https:\/\/letrame.com\/catalogo\/producto\/lux-in-tenebris\/#primaryimage"},"image":{"@id":"https:\/\/letrame.com\/catalogo\/producto\/lux-in-tenebris\/#primaryimage"},"thumbnailUrl":"https:\/\/letrame.com\/catalogo\/wp-content\/uploads\/2024\/04\/LUX-IN-TENEBRIS-scaled-1.jpeg","datePublished":"2024-04-29T09:37:37+00:00","dateModified":"2024-04-29T09:38:10+00:00","breadcrumb":{"@id":"https:\/\/letrame.com\/catalogo\/producto\/lux-in-tenebris\/#breadcrumb"},"inLanguage":"es","potentialAction":[{"@type":"ReadAction","target":["https:\/\/letrame.com\/catalogo\/producto\/lux-in-tenebris\/"]}]},{"@type":"ImageObject","inLanguage":"es","@id":"https:\/\/letrame.com\/catalogo\/producto\/lux-in-tenebris\/#primaryimage","url":"https:\/\/letrame.com\/catalogo\/wp-content\/uploads\/2024\/04\/LUX-IN-TENEBRIS-scaled-1.jpeg","contentUrl":"https:\/\/letrame.com\/catalogo\/wp-content\/uploads\/2024\/04\/LUX-IN-TENEBRIS-scaled-1.jpeg","width":1746,"height":2560},{"@type":"BreadcrumbList","@id":"https:\/\/letrame.com\/catalogo\/producto\/lux-in-tenebris\/#breadcrumb","itemListElement":[{"@type":"ListItem","position":1,"name":"Portada","item":"https:\/\/letrame.com\/catalogo\/"},{"@type":"ListItem","position":2,"name":"Cat\u00e1logo","item":"https:\/\/letrame.com\/catalogo\/"},{"@type":"ListItem","position":3,"name":"Lux in tenebris"}]},{"@type":"WebSite","@id":"https:\/\/letrame.com\/catalogo\/#website","url":"https:\/\/letrame.com\/catalogo\/","name":"Catalogo | Letrame Grupo Editorial","description":"","publisher":{"@id":"https:\/\/letrame.com\/catalogo\/#organization"},"potentialAction":[{"@type":"SearchAction","target":{"@type":"EntryPoint","urlTemplate":"https:\/\/letrame.com\/catalogo\/?s={search_term_string}"},"query-input":{"@type":"PropertyValueSpecification","valueRequired":true,"valueName":"search_term_string"}}],"inLanguage":"es"},{"@type":"Organization","@id":"https:\/\/letrame.com\/catalogo\/#organization","name":"Catalogo | Letrame Grupo Editorial","url":"https:\/\/letrame.com\/catalogo\/","logo":{"@type":"ImageObject","inLanguage":"es","@id":"https:\/\/letrame.com\/catalogo\/#\/schema\/logo\/image\/","url":"https:\/\/letrame.com\/catalogo\/wp-content\/uploads\/2024\/03\/logo2.webp","contentUrl":"https:\/\/letrame.com\/catalogo\/wp-content\/uploads\/2024\/03\/logo2.webp","width":394,"height":128,"caption":"Catalogo | Letrame Grupo Editorial"},"image":{"@id":"https:\/\/letrame.com\/catalogo\/#\/schema\/logo\/image\/"}}]}},"_links":{"self":[{"href":"https:\/\/letrame.com\/catalogo\/wp-json\/wp\/v2\/product\/96710","targetHints":{"allow":["GET"]}}],"collection":[{"href":"https:\/\/letrame.com\/catalogo\/wp-json\/wp\/v2\/product"}],"about":[{"href":"https:\/\/letrame.com\/catalogo\/wp-json\/wp\/v2\/types\/product"}],"replies":[{"embeddable":true,"href":"https:\/\/letrame.com\/catalogo\/wp-json\/wp\/v2\/comments?post=96710"}],"acf:post":[{"embeddable":true,"href":"https:\/\/letrame.com\/catalogo\/wp-json\/wp\/v2\/author_book\/75378"}],"wp:featuredmedia":[{"embeddable":true,"href":"https:\/\/letrame.com\/catalogo\/wp-json\/wp\/v2\/media\/96711"}],"wp:attachment":[{"href":"https:\/\/letrame.com\/catalogo\/wp-json\/wp\/v2\/media?parent=96710"}],"wp:term":[{"taxonomy":"libro","embeddable":true,"href":"https:\/\/letrame.com\/catalogo\/wp-json\/wp\/v2\/libro?post=96710"},{"taxonomy":"product_brand","embeddable":true,"href":"https:\/\/letrame.com\/catalogo\/wp-json\/wp\/v2\/product_brand?post=96710"},{"taxonomy":"product_cat","embeddable":true,"href":"https:\/\/letrame.com\/catalogo\/wp-json\/wp\/v2\/product_cat?post=96710"},{"taxonomy":"product_tag","embeddable":true,"href":"https:\/\/letrame.com\/catalogo\/wp-json\/wp\/v2\/product_tag?post=96710"}],"curies":[{"name":"wp","href":"https:\/\/api.w.org\/{rel}","templated":true}]}}