{"id":96675,"date":"2024-04-29T11:25:45","date_gmt":"2024-04-29T09:25:45","guid":{"rendered":"https:\/\/letrame.com\/catalogo\/producto\/brumas-sobre-el-volcan\/"},"modified":"2024-07-23T12:11:06","modified_gmt":"2024-07-23T10:11:06","slug":"brumas-sobre-el-volcan","status":"publish","type":"product","link":"https:\/\/letrame.com\/catalogo\/producto\/brumas-sobre-el-volcan\/","title":{"rendered":"Brumas sobre el volc\u00e1n"},"content":{"rendered":"<div class=\"page\" title=\"Page 6\">\n<div class=\"layoutArea\">\n<div class=\"column\">\n<p><strong>ISBN<\/strong>: 978-84-1386-574-4<\/p>\n<\/div>\n<\/div>\n<\/div>\n<p><b>T\u00edtulo<\/b><span style=\"font-weight: 400;\">: Brumas sobre el volc\u00e1n<\/span><span style=\"font-weight: 400;\"><br \/>\n<\/span><b>Fecha<\/b><span style=\"font-weight: 400;\">: 2021<\/span><span style=\"font-weight: 400;\"><br \/>\n<\/span><b>P\u00e1ginas<\/b><span style=\"font-weight: 400;\">: 342<\/span><\/p>\n<p><b>SINOPSIS<\/b><\/p>\n<p>Brumas sombre el volc\u00e1n nos ofrece siete historias para ocho islas unidas por un com\u00fan denominador: el cuerpo m\u00e1gico y mestizo del archipi\u00e9lago de las islas Canarias, lugar en el que la vida de nuestros protagonistas encuentra su raz\u00f3n de ser, bien sea como punto de partida, desarrollo o lugar de destino. As\u00ed pues, las islas de Lanzarote y La Graciosa en Azul, son testigos de una muerte simb\u00f3lica y de un renacer refulgente. En Fuerteventura y con La salvaci\u00f3n de dios, la isla Afortunada se convierte en el perfecto enclave para el refugio y la conquista de una nueva vida. En Gran Canaria, Toda mi vida inesperada nos desvela la historia de Marga y nos acerca a la naturaleza de lo imprevisto y, en Tenerife, sobre el hombro de un gigante nos sit\u00faa frente al majestuoso cono volc\u00e1nico del Teide, donde la levedad y la consagraci\u00f3n del amor se citan para la eternidad. En La Gomera, con la historia de Camilo en El viaje de Tel\u00e9maco, los ecos del pasado vuelven al presente cerrando un c\u00edrculo de un modo caprichoso. La Palma, la isla Bonita, alberga la historia de las gemelas Misuko y Saori en La herencia de Yosuko.<br \/>\nMikoba y nos hace viajar hasta el lugar exacto donde da comienzo el tr\u00e1nsito hacia una metamorfosis definitiva. Por \u00faltimo, en El Hierro, con La geograf\u00eda de las olas, nos aguarda el hallazgo de la esperanza perdida, la sanaci\u00f3n y la simiente de un milagro.<\/p>\n","protected":false},"excerpt":{"rendered":"<div class=\"page\" title=\"Page 6\">\n<div class=\"layoutArea\">\n<div class=\"column\">\n<p><strong>ISBN: 978-84-1386-574-4<\/strong><\/p>\n<\/div>\n<\/div>\n<\/div>\n<p>Brumas sombre el volc\u00e1n nos ofrece siete historias para ocho islas unidas por un com\u00fan denominador: el cuerpo m\u00e1gico y mestizo del archipi\u00e9lago de las islas Canarias, lugar en el que la vida de nuestros protagonistas encuentra su raz\u00f3n de ser, bien sea como punto de partida, desarrollo o lugar de destino. As\u00ed pues, las islas de Lanzarote y La Graciosa en Azul, son testigos de una muerte simb\u00f3lica y de un renacer refulgente. En Fuerteventura y con La salvaci\u00f3n de dios, la isla Afortunada se convierte en el perfecto enclave para el refugio y la conquista de una nueva vida. En Gran Canaria, Toda mi vida inesperada nos desvela la historia de Marga y nos acerca a la naturaleza de lo imprevisto y, en Tenerife, sobre el hombro de un gigante nos sit\u00faa frente al majestuoso cono volc\u00e1nico del Teide, donde la levedad y la consagraci\u00f3n del amor se citan para la eternidad. En La Gomera, con la historia de Camilo en El viaje de Tel\u00e9maco, los ecos del pasado vuelven al presente cerrando un c\u00edrculo de un modo caprichoso. La Palma, la isla Bonita, alberga la historia de las gemelas Misuko y Saori en La herencia de Yosuko.<br \/>\nMikoba y nos hace viajar hasta el lugar exacto donde da comienzo el tr\u00e1nsito hacia una metamorfosis definitiva. Por \u00faltimo, en El Hierro, con La geograf\u00eda de las olas, nos aguarda el hallazgo de la esperanza perdida, la sanaci\u00f3n y la simiente de un milagro.<\/p>\n","protected":false},"featured_media":100239,"comment_status":"closed","ping_status":"closed","template":"","meta":{"_acf_changed":false},"libro":[],"product_brand":[],"product_cat":[16],"product_tag":[],"class_list":{"0":"post-96675","1":"product","2":"type-product","3":"status-publish","4":"has-post-thumbnail","6":"product_cat-novela","8":"first","9":"instock","10":"purchasable","11":"product-type-simple"},"acf":{"autor":[75351],"enlace_de_compra":"https:\/\/amzn.to\/3LBijZF"},"yoast_head":"<!-- This site is optimized with the Yoast SEO plugin v26.6 - https:\/\/yoast.com\/wordpress\/plugins\/seo\/ -->\n<title>Brumas sobre el volc\u00e1n - Catalogo | Letrame Grupo Editorial<\/title>\n<meta name=\"robots\" content=\"index, follow, max-snippet:-1, max-image-preview:large, max-video-preview:-1\" \/>\n<link rel=\"canonical\" href=\"https:\/\/letrame.com\/catalogo\/producto\/brumas-sobre-el-volcan\/\" \/>\n<meta property=\"og:locale\" content=\"es_ES\" \/>\n<meta property=\"og:type\" content=\"article\" \/>\n<meta property=\"og:title\" content=\"Brumas sobre el volc\u00e1n - Catalogo | Letrame Grupo Editorial\" \/>\n<meta property=\"og:description\" content=\"ISBN: 978-84-1386-574-4     Brumas sombre el volc\u00e1n nos ofrece siete historias para ocho islas unidas por un com\u00fan denominador: el cuerpo m\u00e1gico y mestizo del archipi\u00e9lago de las islas Canarias, lugar en el que la vida de nuestros protagonistas encuentra su raz\u00f3n de ser, bien sea como punto de partida, desarrollo o lugar de destino. As\u00ed pues, las islas de Lanzarote y La Graciosa en Azul, son testigos de una muerte simb\u00f3lica y de un renacer refulgente. En Fuerteventura y con La salvaci\u00f3n de dios, la isla Afortunada se convierte en el perfecto enclave para el refugio y la conquista de una nueva vida. En Gran Canaria, Toda mi vida inesperada nos desvela la historia de Marga y nos acerca a la naturaleza de lo imprevisto y, en Tenerife, sobre el hombro de un gigante nos sit\u00faa frente al majestuoso cono volc\u00e1nico del Teide, donde la levedad y la consagraci\u00f3n del amor se citan para la eternidad. En La Gomera, con la historia de Camilo en El viaje de Tel\u00e9maco, los ecos del pasado vuelven al presente cerrando un c\u00edrculo de un modo caprichoso. La Palma, la isla Bonita, alberga la historia de las gemelas Misuko y Saori en La herencia de Yosuko. Mikoba y nos hace viajar hasta el lugar exacto donde da comienzo el tr\u00e1nsito hacia una metamorfosis definitiva. Por \u00faltimo, en El Hierro, con La geograf\u00eda de las olas, nos aguarda el hallazgo de la esperanza perdida, la sanaci\u00f3n y la simiente de un milagro.\" \/>\n<meta property=\"og:url\" content=\"https:\/\/letrame.com\/catalogo\/producto\/brumas-sobre-el-volcan\/\" \/>\n<meta property=\"og:site_name\" content=\"Catalogo | Letrame Grupo Editorial\" \/>\n<meta property=\"article:modified_time\" content=\"2024-07-23T10:11:06+00:00\" \/>\n<meta property=\"og:image\" content=\"https:\/\/letrame.com\/catalogo\/wp-content\/uploads\/2024\/04\/2edic_portada-brumassobreelvolcan_1688mm-compressed-scaled-1.webp\" \/>\n\t<meta property=\"og:image:width\" content=\"1746\" \/>\n\t<meta property=\"og:image:height\" content=\"2560\" \/>\n\t<meta property=\"og:image:type\" content=\"image\/webp\" \/>\n<meta name=\"twitter:card\" content=\"summary_large_image\" \/>\n<meta name=\"twitter:label1\" content=\"Tiempo de lectura\" \/>\n\t<meta name=\"twitter:data1\" content=\"2 minutos\" \/>\n<script type=\"application\/ld+json\" class=\"yoast-schema-graph\">{\"@context\":\"https:\/\/schema.org\",\"@graph\":[{\"@type\":\"WebPage\",\"@id\":\"https:\/\/letrame.com\/catalogo\/producto\/brumas-sobre-el-volcan\/\",\"url\":\"https:\/\/letrame.com\/catalogo\/producto\/brumas-sobre-el-volcan\/\",\"name\":\"Brumas sobre el volc\u00e1n - Catalogo | Letrame Grupo Editorial\",\"isPartOf\":{\"@id\":\"https:\/\/letrame.com\/catalogo\/#website\"},\"primaryImageOfPage\":{\"@id\":\"https:\/\/letrame.com\/catalogo\/producto\/brumas-sobre-el-volcan\/#primaryimage\"},\"image\":{\"@id\":\"https:\/\/letrame.com\/catalogo\/producto\/brumas-sobre-el-volcan\/#primaryimage\"},\"thumbnailUrl\":\"https:\/\/letrame.com\/catalogo\/wp-content\/uploads\/2024\/04\/2edic_portada-brumassobreelvolcan_1688mm-compressed-scaled-1.webp\",\"datePublished\":\"2024-04-29T09:25:45+00:00\",\"dateModified\":\"2024-07-23T10:11:06+00:00\",\"breadcrumb\":{\"@id\":\"https:\/\/letrame.com\/catalogo\/producto\/brumas-sobre-el-volcan\/#breadcrumb\"},\"inLanguage\":\"es\",\"potentialAction\":[{\"@type\":\"ReadAction\",\"target\":[\"https:\/\/letrame.com\/catalogo\/producto\/brumas-sobre-el-volcan\/\"]}]},{\"@type\":\"ImageObject\",\"inLanguage\":\"es\",\"@id\":\"https:\/\/letrame.com\/catalogo\/producto\/brumas-sobre-el-volcan\/#primaryimage\",\"url\":\"https:\/\/letrame.com\/catalogo\/wp-content\/uploads\/2024\/04\/2edic_portada-brumassobreelvolcan_1688mm-compressed-scaled-1.webp\",\"contentUrl\":\"https:\/\/letrame.com\/catalogo\/wp-content\/uploads\/2024\/04\/2edic_portada-brumassobreelvolcan_1688mm-compressed-scaled-1.webp\",\"width\":1746,\"height\":2560},{\"@type\":\"BreadcrumbList\",\"@id\":\"https:\/\/letrame.com\/catalogo\/producto\/brumas-sobre-el-volcan\/#breadcrumb\",\"itemListElement\":[{\"@type\":\"ListItem\",\"position\":1,\"name\":\"Portada\",\"item\":\"https:\/\/letrame.com\/catalogo\/\"},{\"@type\":\"ListItem\",\"position\":2,\"name\":\"Cat\u00e1logo\",\"item\":\"https:\/\/letrame.com\/catalogo\/\"},{\"@type\":\"ListItem\",\"position\":3,\"name\":\"Brumas sobre el volc\u00e1n\"}]},{\"@type\":\"WebSite\",\"@id\":\"https:\/\/letrame.com\/catalogo\/#website\",\"url\":\"https:\/\/letrame.com\/catalogo\/\",\"name\":\"Catalogo | Letrame Grupo Editorial\",\"description\":\"\",\"publisher\":{\"@id\":\"https:\/\/letrame.com\/catalogo\/#organization\"},\"potentialAction\":[{\"@type\":\"SearchAction\",\"target\":{\"@type\":\"EntryPoint\",\"urlTemplate\":\"https:\/\/letrame.com\/catalogo\/?s={search_term_string}\"},\"query-input\":{\"@type\":\"PropertyValueSpecification\",\"valueRequired\":true,\"valueName\":\"search_term_string\"}}],\"inLanguage\":\"es\"},{\"@type\":\"Organization\",\"@id\":\"https:\/\/letrame.com\/catalogo\/#organization\",\"name\":\"Catalogo | Letrame Grupo Editorial\",\"url\":\"https:\/\/letrame.com\/catalogo\/\",\"logo\":{\"@type\":\"ImageObject\",\"inLanguage\":\"es\",\"@id\":\"https:\/\/letrame.com\/catalogo\/#\/schema\/logo\/image\/\",\"url\":\"https:\/\/letrame.com\/catalogo\/wp-content\/uploads\/2024\/03\/logo2.webp\",\"contentUrl\":\"https:\/\/letrame.com\/catalogo\/wp-content\/uploads\/2024\/03\/logo2.webp\",\"width\":394,\"height\":128,\"caption\":\"Catalogo | Letrame Grupo Editorial\"},\"image\":{\"@id\":\"https:\/\/letrame.com\/catalogo\/#\/schema\/logo\/image\/\"}}]}<\/script>\n<!-- \/ Yoast SEO plugin. -->","yoast_head_json":{"title":"Brumas sobre el volc\u00e1n - Catalogo | Letrame Grupo Editorial","robots":{"index":"index","follow":"follow","max-snippet":"max-snippet:-1","max-image-preview":"max-image-preview:large","max-video-preview":"max-video-preview:-1"},"canonical":"https:\/\/letrame.com\/catalogo\/producto\/brumas-sobre-el-volcan\/","og_locale":"es_ES","og_type":"article","og_title":"Brumas sobre el volc\u00e1n - Catalogo | Letrame Grupo Editorial","og_description":"ISBN: 978-84-1386-574-4     Brumas sombre el volc\u00e1n nos ofrece siete historias para ocho islas unidas por un com\u00fan denominador: el cuerpo m\u00e1gico y mestizo del archipi\u00e9lago de las islas Canarias, lugar en el que la vida de nuestros protagonistas encuentra su raz\u00f3n de ser, bien sea como punto de partida, desarrollo o lugar de destino. As\u00ed pues, las islas de Lanzarote y La Graciosa en Azul, son testigos de una muerte simb\u00f3lica y de un renacer refulgente. En Fuerteventura y con La salvaci\u00f3n de dios, la isla Afortunada se convierte en el perfecto enclave para el refugio y la conquista de una nueva vida. En Gran Canaria, Toda mi vida inesperada nos desvela la historia de Marga y nos acerca a la naturaleza de lo imprevisto y, en Tenerife, sobre el hombro de un gigante nos sit\u00faa frente al majestuoso cono volc\u00e1nico del Teide, donde la levedad y la consagraci\u00f3n del amor se citan para la eternidad. En La Gomera, con la historia de Camilo en El viaje de Tel\u00e9maco, los ecos del pasado vuelven al presente cerrando un c\u00edrculo de un modo caprichoso. La Palma, la isla Bonita, alberga la historia de las gemelas Misuko y Saori en La herencia de Yosuko. Mikoba y nos hace viajar hasta el lugar exacto donde da comienzo el tr\u00e1nsito hacia una metamorfosis definitiva. Por \u00faltimo, en El Hierro, con La geograf\u00eda de las olas, nos aguarda el hallazgo de la esperanza perdida, la sanaci\u00f3n y la simiente de un milagro.","og_url":"https:\/\/letrame.com\/catalogo\/producto\/brumas-sobre-el-volcan\/","og_site_name":"Catalogo | Letrame Grupo Editorial","article_modified_time":"2024-07-23T10:11:06+00:00","og_image":[{"width":1746,"height":2560,"url":"https:\/\/letrame.com\/catalogo\/wp-content\/uploads\/2024\/04\/2edic_portada-brumassobreelvolcan_1688mm-compressed-scaled-1.webp","type":"image\/webp"}],"twitter_card":"summary_large_image","twitter_misc":{"Tiempo de lectura":"2 minutos"},"schema":{"@context":"https:\/\/schema.org","@graph":[{"@type":"WebPage","@id":"https:\/\/letrame.com\/catalogo\/producto\/brumas-sobre-el-volcan\/","url":"https:\/\/letrame.com\/catalogo\/producto\/brumas-sobre-el-volcan\/","name":"Brumas sobre el volc\u00e1n - Catalogo | Letrame Grupo Editorial","isPartOf":{"@id":"https:\/\/letrame.com\/catalogo\/#website"},"primaryImageOfPage":{"@id":"https:\/\/letrame.com\/catalogo\/producto\/brumas-sobre-el-volcan\/#primaryimage"},"image":{"@id":"https:\/\/letrame.com\/catalogo\/producto\/brumas-sobre-el-volcan\/#primaryimage"},"thumbnailUrl":"https:\/\/letrame.com\/catalogo\/wp-content\/uploads\/2024\/04\/2edic_portada-brumassobreelvolcan_1688mm-compressed-scaled-1.webp","datePublished":"2024-04-29T09:25:45+00:00","dateModified":"2024-07-23T10:11:06+00:00","breadcrumb":{"@id":"https:\/\/letrame.com\/catalogo\/producto\/brumas-sobre-el-volcan\/#breadcrumb"},"inLanguage":"es","potentialAction":[{"@type":"ReadAction","target":["https:\/\/letrame.com\/catalogo\/producto\/brumas-sobre-el-volcan\/"]}]},{"@type":"ImageObject","inLanguage":"es","@id":"https:\/\/letrame.com\/catalogo\/producto\/brumas-sobre-el-volcan\/#primaryimage","url":"https:\/\/letrame.com\/catalogo\/wp-content\/uploads\/2024\/04\/2edic_portada-brumassobreelvolcan_1688mm-compressed-scaled-1.webp","contentUrl":"https:\/\/letrame.com\/catalogo\/wp-content\/uploads\/2024\/04\/2edic_portada-brumassobreelvolcan_1688mm-compressed-scaled-1.webp","width":1746,"height":2560},{"@type":"BreadcrumbList","@id":"https:\/\/letrame.com\/catalogo\/producto\/brumas-sobre-el-volcan\/#breadcrumb","itemListElement":[{"@type":"ListItem","position":1,"name":"Portada","item":"https:\/\/letrame.com\/catalogo\/"},{"@type":"ListItem","position":2,"name":"Cat\u00e1logo","item":"https:\/\/letrame.com\/catalogo\/"},{"@type":"ListItem","position":3,"name":"Brumas sobre el volc\u00e1n"}]},{"@type":"WebSite","@id":"https:\/\/letrame.com\/catalogo\/#website","url":"https:\/\/letrame.com\/catalogo\/","name":"Catalogo | Letrame Grupo Editorial","description":"","publisher":{"@id":"https:\/\/letrame.com\/catalogo\/#organization"},"potentialAction":[{"@type":"SearchAction","target":{"@type":"EntryPoint","urlTemplate":"https:\/\/letrame.com\/catalogo\/?s={search_term_string}"},"query-input":{"@type":"PropertyValueSpecification","valueRequired":true,"valueName":"search_term_string"}}],"inLanguage":"es"},{"@type":"Organization","@id":"https:\/\/letrame.com\/catalogo\/#organization","name":"Catalogo | Letrame Grupo Editorial","url":"https:\/\/letrame.com\/catalogo\/","logo":{"@type":"ImageObject","inLanguage":"es","@id":"https:\/\/letrame.com\/catalogo\/#\/schema\/logo\/image\/","url":"https:\/\/letrame.com\/catalogo\/wp-content\/uploads\/2024\/03\/logo2.webp","contentUrl":"https:\/\/letrame.com\/catalogo\/wp-content\/uploads\/2024\/03\/logo2.webp","width":394,"height":128,"caption":"Catalogo | Letrame Grupo Editorial"},"image":{"@id":"https:\/\/letrame.com\/catalogo\/#\/schema\/logo\/image\/"}}]}},"_links":{"self":[{"href":"https:\/\/letrame.com\/catalogo\/wp-json\/wp\/v2\/product\/96675","targetHints":{"allow":["GET"]}}],"collection":[{"href":"https:\/\/letrame.com\/catalogo\/wp-json\/wp\/v2\/product"}],"about":[{"href":"https:\/\/letrame.com\/catalogo\/wp-json\/wp\/v2\/types\/product"}],"replies":[{"embeddable":true,"href":"https:\/\/letrame.com\/catalogo\/wp-json\/wp\/v2\/comments?post=96675"}],"acf:post":[{"embeddable":true,"href":"https:\/\/letrame.com\/catalogo\/wp-json\/wp\/v2\/author_book\/75351"}],"wp:featuredmedia":[{"embeddable":true,"href":"https:\/\/letrame.com\/catalogo\/wp-json\/wp\/v2\/media\/100239"}],"wp:attachment":[{"href":"https:\/\/letrame.com\/catalogo\/wp-json\/wp\/v2\/media?parent=96675"}],"wp:term":[{"taxonomy":"libro","embeddable":true,"href":"https:\/\/letrame.com\/catalogo\/wp-json\/wp\/v2\/libro?post=96675"},{"taxonomy":"product_brand","embeddable":true,"href":"https:\/\/letrame.com\/catalogo\/wp-json\/wp\/v2\/product_brand?post=96675"},{"taxonomy":"product_cat","embeddable":true,"href":"https:\/\/letrame.com\/catalogo\/wp-json\/wp\/v2\/product_cat?post=96675"},{"taxonomy":"product_tag","embeddable":true,"href":"https:\/\/letrame.com\/catalogo\/wp-json\/wp\/v2\/product_tag?post=96675"}],"curies":[{"name":"wp","href":"https:\/\/api.w.org\/{rel}","templated":true}]}}