{"id":96642,"date":"2024-04-29T11:18:53","date_gmt":"2024-04-29T09:18:53","guid":{"rendered":"https:\/\/letrame.com\/catalogo\/producto\/una-mision-llama-da-a-m-a-r\/"},"modified":"2024-05-15T17:13:27","modified_gmt":"2024-05-15T15:13:27","slug":"una-mision-llama-da-a-m-a-r","status":"publish","type":"product","link":"https:\/\/letrame.com\/catalogo\/producto\/una-mision-llama-da-a-m-a-r\/","title":{"rendered":"Una misi\u00f3n llama da A.M.A.R"},"content":{"rendered":"<div class=\"page\" title=\"Page 6\">\n<div class=\"layoutArea\">\n<div class=\"column\">\n<p><strong>ISBN<\/strong>: 978-84-1386-472-3<\/p>\n<\/div>\n<\/div>\n<\/div>\n<p><b>T\u00edtulo<\/b><span style=\"font-weight: 400;\">: Una misi\u00f3n llama da A.M.A.R<\/span><span style=\"font-weight: 400;\"><br \/>\n<\/span><b>Fecha<\/b><span style=\"font-weight: 400;\">: 2021<\/span><span style=\"font-weight: 400;\"><br \/>\n<\/span><b>P\u00e1ginas<\/b><span style=\"font-weight: 400;\">: 124<\/span><\/p>\n<p><b>SINOPSIS<\/b><\/p>\n<p>Una mujer alcanza el objetivo que estuvo persiguiendo durante tanto tiempo: volver a su amada ciudad natal. Pero la vida es impredecible y puede cambiar de un segundo a otro.<\/p>\n<p>El primer d\u00eda en su nuevo trabajo conoce a un hombre misterioso, alguien a quien ella reconoce como su llama gemela. Es entonces cuando, sin siquiera propon\u00e9rselo, la protagonista se embarca en un viaje de descubrimiento interior y exterior. Un viaje que la llevar\u00e1 a cuestionarse su matrimonio, sus lazos familiares y hasta sus valores m\u00e1s arraigados. Un viaje que la llevar\u00e1 a empoderarse, a superar sus propios l\u00edmites, a transmutar las emociones y a descubrir una nueva forma de ser y estar en paz con el mundo.<\/p>\n","protected":false},"excerpt":{"rendered":"<div class=\"page\" title=\"Page 6\">\n<div class=\"layoutArea\">\n<div class=\"column\">\n<p><strong>ISBN: 978-84-1386-472-3<\/strong><\/p>\n<\/div>\n<p>El primer d\u00eda en su nuevo trabajo conoce a un hombre misterioso, alguien a quien ella reconoce como su llama gemela. Es entonces cuando, sin siquiera propon\u00e9rselo, la protagonista se embarca en un viaje de descubrimiento interior y exterior. Un viaje que la llevar\u00e1 a cuestionarse su matrimonio, sus lazos familiares y hasta sus valores m\u00e1s arraigados. Un viaje que la llevar\u00e1 a empoderarse, a superar sus propios l\u00edmites, a transmutar las emociones y a descubrir una nueva forma de ser y estar en paz con el mundo.<\/p>\n<\/div>\n<\/div>\n","protected":false},"featured_media":100247,"comment_status":"closed","ping_status":"closed","template":"","meta":{"_acf_changed":false},"libro":[],"product_brand":[],"product_cat":[16],"product_tag":[],"class_list":{"0":"post-96642","1":"product","2":"type-product","3":"status-publish","4":"has-post-thumbnail","6":"product_cat-novela","8":"first","9":"instock","10":"purchasable","11":"product-type-simple"},"acf":{"autor":[75315],"enlace_de_compra":"https:\/\/www.amazon.es\/misi%C3%B3n-llamada-Mar%C3%ADa-Alonso-Ramos\/dp\/8413864720\/ref=sr_1_1?__mk_es_ES=%C3%85M%C3%85%C5%BD%C3%95%C3%91&amp;dchild=1&amp;keywords=Letrame+S.L.+Una+misi%C3%B3n+llamada+amar&amp;qid=1622201433&amp;sr=8-1"},"yoast_head":"<!-- This site is optimized with the Yoast SEO plugin v26.6 - https:\/\/yoast.com\/wordpress\/plugins\/seo\/ -->\n<title>Una misi\u00f3n llama da A.M.A.R - Catalogo | Letrame Grupo Editorial<\/title>\n<meta name=\"robots\" content=\"index, follow, max-snippet:-1, max-image-preview:large, max-video-preview:-1\" \/>\n<link rel=\"canonical\" href=\"https:\/\/letrame.com\/catalogo\/producto\/una-mision-llama-da-a-m-a-r\/\" \/>\n<meta property=\"og:locale\" content=\"es_ES\" \/>\n<meta property=\"og:type\" content=\"article\" \/>\n<meta property=\"og:title\" content=\"Una misi\u00f3n llama da A.M.A.R - Catalogo | Letrame Grupo Editorial\" \/>\n<meta property=\"og:description\" content=\"ISBN: 978-84-1386-472-3   El primer d\u00eda en su nuevo trabajo conoce a un hombre misterioso, alguien a quien ella reconoce como su llama gemela. Es entonces cuando, sin siquiera propon\u00e9rselo, la protagonista se embarca en un viaje de descubrimiento interior y exterior. Un viaje que la llevar\u00e1 a cuestionarse su matrimonio, sus lazos familiares y hasta sus valores m\u00e1s arraigados. Un viaje que la llevar\u00e1 a empoderarse, a superar sus propios l\u00edmites, a transmutar las emociones y a descubrir una nueva forma de ser y estar en paz con el mundo.\" \/>\n<meta property=\"og:url\" content=\"https:\/\/letrame.com\/catalogo\/producto\/una-mision-llama-da-a-m-a-r\/\" \/>\n<meta property=\"og:site_name\" content=\"Catalogo | Letrame Grupo Editorial\" \/>\n<meta property=\"article:modified_time\" content=\"2024-05-15T15:13:27+00:00\" \/>\n<meta property=\"og:image\" content=\"https:\/\/letrame.com\/catalogo\/wp-content\/uploads\/2024\/04\/Una-mision-llama-da-AMAR.webp\" \/>\n\t<meta property=\"og:image:width\" content=\"1500\" \/>\n\t<meta property=\"og:image:height\" content=\"2362\" \/>\n\t<meta property=\"og:image:type\" content=\"image\/webp\" \/>\n<meta name=\"twitter:card\" content=\"summary_large_image\" \/>\n<meta name=\"twitter:label1\" content=\"Tiempo de lectura\" \/>\n\t<meta name=\"twitter:data1\" content=\"1 minuto\" \/>\n<script type=\"application\/ld+json\" class=\"yoast-schema-graph\">{\"@context\":\"https:\/\/schema.org\",\"@graph\":[{\"@type\":\"WebPage\",\"@id\":\"https:\/\/letrame.com\/catalogo\/producto\/una-mision-llama-da-a-m-a-r\/\",\"url\":\"https:\/\/letrame.com\/catalogo\/producto\/una-mision-llama-da-a-m-a-r\/\",\"name\":\"Una misi\u00f3n llama da A.M.A.R - Catalogo | Letrame Grupo Editorial\",\"isPartOf\":{\"@id\":\"https:\/\/letrame.com\/catalogo\/#website\"},\"primaryImageOfPage\":{\"@id\":\"https:\/\/letrame.com\/catalogo\/producto\/una-mision-llama-da-a-m-a-r\/#primaryimage\"},\"image\":{\"@id\":\"https:\/\/letrame.com\/catalogo\/producto\/una-mision-llama-da-a-m-a-r\/#primaryimage\"},\"thumbnailUrl\":\"https:\/\/letrame.com\/catalogo\/wp-content\/uploads\/2024\/04\/Una-mision-llama-da-AMAR.webp\",\"datePublished\":\"2024-04-29T09:18:53+00:00\",\"dateModified\":\"2024-05-15T15:13:27+00:00\",\"breadcrumb\":{\"@id\":\"https:\/\/letrame.com\/catalogo\/producto\/una-mision-llama-da-a-m-a-r\/#breadcrumb\"},\"inLanguage\":\"es\",\"potentialAction\":[{\"@type\":\"ReadAction\",\"target\":[\"https:\/\/letrame.com\/catalogo\/producto\/una-mision-llama-da-a-m-a-r\/\"]}]},{\"@type\":\"ImageObject\",\"inLanguage\":\"es\",\"@id\":\"https:\/\/letrame.com\/catalogo\/producto\/una-mision-llama-da-a-m-a-r\/#primaryimage\",\"url\":\"https:\/\/letrame.com\/catalogo\/wp-content\/uploads\/2024\/04\/Una-mision-llama-da-AMAR.webp\",\"contentUrl\":\"https:\/\/letrame.com\/catalogo\/wp-content\/uploads\/2024\/04\/Una-mision-llama-da-AMAR.webp\",\"width\":1500,\"height\":2362},{\"@type\":\"BreadcrumbList\",\"@id\":\"https:\/\/letrame.com\/catalogo\/producto\/una-mision-llama-da-a-m-a-r\/#breadcrumb\",\"itemListElement\":[{\"@type\":\"ListItem\",\"position\":1,\"name\":\"Portada\",\"item\":\"https:\/\/letrame.com\/catalogo\/\"},{\"@type\":\"ListItem\",\"position\":2,\"name\":\"Cat\u00e1logo\",\"item\":\"https:\/\/letrame.com\/catalogo\/\"},{\"@type\":\"ListItem\",\"position\":3,\"name\":\"Una misi\u00f3n llama da A.M.A.R\"}]},{\"@type\":\"WebSite\",\"@id\":\"https:\/\/letrame.com\/catalogo\/#website\",\"url\":\"https:\/\/letrame.com\/catalogo\/\",\"name\":\"Catalogo | Letrame Grupo Editorial\",\"description\":\"\",\"publisher\":{\"@id\":\"https:\/\/letrame.com\/catalogo\/#organization\"},\"potentialAction\":[{\"@type\":\"SearchAction\",\"target\":{\"@type\":\"EntryPoint\",\"urlTemplate\":\"https:\/\/letrame.com\/catalogo\/?s={search_term_string}\"},\"query-input\":{\"@type\":\"PropertyValueSpecification\",\"valueRequired\":true,\"valueName\":\"search_term_string\"}}],\"inLanguage\":\"es\"},{\"@type\":\"Organization\",\"@id\":\"https:\/\/letrame.com\/catalogo\/#organization\",\"name\":\"Catalogo | Letrame Grupo Editorial\",\"url\":\"https:\/\/letrame.com\/catalogo\/\",\"logo\":{\"@type\":\"ImageObject\",\"inLanguage\":\"es\",\"@id\":\"https:\/\/letrame.com\/catalogo\/#\/schema\/logo\/image\/\",\"url\":\"https:\/\/letrame.com\/catalogo\/wp-content\/uploads\/2024\/03\/logo2.webp\",\"contentUrl\":\"https:\/\/letrame.com\/catalogo\/wp-content\/uploads\/2024\/03\/logo2.webp\",\"width\":394,\"height\":128,\"caption\":\"Catalogo | Letrame Grupo Editorial\"},\"image\":{\"@id\":\"https:\/\/letrame.com\/catalogo\/#\/schema\/logo\/image\/\"}}]}<\/script>\n<!-- \/ Yoast SEO plugin. -->","yoast_head_json":{"title":"Una misi\u00f3n llama da A.M.A.R - Catalogo | Letrame Grupo Editorial","robots":{"index":"index","follow":"follow","max-snippet":"max-snippet:-1","max-image-preview":"max-image-preview:large","max-video-preview":"max-video-preview:-1"},"canonical":"https:\/\/letrame.com\/catalogo\/producto\/una-mision-llama-da-a-m-a-r\/","og_locale":"es_ES","og_type":"article","og_title":"Una misi\u00f3n llama da A.M.A.R - Catalogo | Letrame Grupo Editorial","og_description":"ISBN: 978-84-1386-472-3   El primer d\u00eda en su nuevo trabajo conoce a un hombre misterioso, alguien a quien ella reconoce como su llama gemela. Es entonces cuando, sin siquiera propon\u00e9rselo, la protagonista se embarca en un viaje de descubrimiento interior y exterior. Un viaje que la llevar\u00e1 a cuestionarse su matrimonio, sus lazos familiares y hasta sus valores m\u00e1s arraigados. Un viaje que la llevar\u00e1 a empoderarse, a superar sus propios l\u00edmites, a transmutar las emociones y a descubrir una nueva forma de ser y estar en paz con el mundo.","og_url":"https:\/\/letrame.com\/catalogo\/producto\/una-mision-llama-da-a-m-a-r\/","og_site_name":"Catalogo | Letrame Grupo Editorial","article_modified_time":"2024-05-15T15:13:27+00:00","og_image":[{"width":1500,"height":2362,"url":"https:\/\/letrame.com\/catalogo\/wp-content\/uploads\/2024\/04\/Una-mision-llama-da-AMAR.webp","type":"image\/webp"}],"twitter_card":"summary_large_image","twitter_misc":{"Tiempo de lectura":"1 minuto"},"schema":{"@context":"https:\/\/schema.org","@graph":[{"@type":"WebPage","@id":"https:\/\/letrame.com\/catalogo\/producto\/una-mision-llama-da-a-m-a-r\/","url":"https:\/\/letrame.com\/catalogo\/producto\/una-mision-llama-da-a-m-a-r\/","name":"Una misi\u00f3n llama da A.M.A.R - Catalogo | Letrame Grupo Editorial","isPartOf":{"@id":"https:\/\/letrame.com\/catalogo\/#website"},"primaryImageOfPage":{"@id":"https:\/\/letrame.com\/catalogo\/producto\/una-mision-llama-da-a-m-a-r\/#primaryimage"},"image":{"@id":"https:\/\/letrame.com\/catalogo\/producto\/una-mision-llama-da-a-m-a-r\/#primaryimage"},"thumbnailUrl":"https:\/\/letrame.com\/catalogo\/wp-content\/uploads\/2024\/04\/Una-mision-llama-da-AMAR.webp","datePublished":"2024-04-29T09:18:53+00:00","dateModified":"2024-05-15T15:13:27+00:00","breadcrumb":{"@id":"https:\/\/letrame.com\/catalogo\/producto\/una-mision-llama-da-a-m-a-r\/#breadcrumb"},"inLanguage":"es","potentialAction":[{"@type":"ReadAction","target":["https:\/\/letrame.com\/catalogo\/producto\/una-mision-llama-da-a-m-a-r\/"]}]},{"@type":"ImageObject","inLanguage":"es","@id":"https:\/\/letrame.com\/catalogo\/producto\/una-mision-llama-da-a-m-a-r\/#primaryimage","url":"https:\/\/letrame.com\/catalogo\/wp-content\/uploads\/2024\/04\/Una-mision-llama-da-AMAR.webp","contentUrl":"https:\/\/letrame.com\/catalogo\/wp-content\/uploads\/2024\/04\/Una-mision-llama-da-AMAR.webp","width":1500,"height":2362},{"@type":"BreadcrumbList","@id":"https:\/\/letrame.com\/catalogo\/producto\/una-mision-llama-da-a-m-a-r\/#breadcrumb","itemListElement":[{"@type":"ListItem","position":1,"name":"Portada","item":"https:\/\/letrame.com\/catalogo\/"},{"@type":"ListItem","position":2,"name":"Cat\u00e1logo","item":"https:\/\/letrame.com\/catalogo\/"},{"@type":"ListItem","position":3,"name":"Una misi\u00f3n llama da A.M.A.R"}]},{"@type":"WebSite","@id":"https:\/\/letrame.com\/catalogo\/#website","url":"https:\/\/letrame.com\/catalogo\/","name":"Catalogo | Letrame Grupo Editorial","description":"","publisher":{"@id":"https:\/\/letrame.com\/catalogo\/#organization"},"potentialAction":[{"@type":"SearchAction","target":{"@type":"EntryPoint","urlTemplate":"https:\/\/letrame.com\/catalogo\/?s={search_term_string}"},"query-input":{"@type":"PropertyValueSpecification","valueRequired":true,"valueName":"search_term_string"}}],"inLanguage":"es"},{"@type":"Organization","@id":"https:\/\/letrame.com\/catalogo\/#organization","name":"Catalogo | Letrame Grupo Editorial","url":"https:\/\/letrame.com\/catalogo\/","logo":{"@type":"ImageObject","inLanguage":"es","@id":"https:\/\/letrame.com\/catalogo\/#\/schema\/logo\/image\/","url":"https:\/\/letrame.com\/catalogo\/wp-content\/uploads\/2024\/03\/logo2.webp","contentUrl":"https:\/\/letrame.com\/catalogo\/wp-content\/uploads\/2024\/03\/logo2.webp","width":394,"height":128,"caption":"Catalogo | Letrame Grupo Editorial"},"image":{"@id":"https:\/\/letrame.com\/catalogo\/#\/schema\/logo\/image\/"}}]}},"_links":{"self":[{"href":"https:\/\/letrame.com\/catalogo\/wp-json\/wp\/v2\/product\/96642","targetHints":{"allow":["GET"]}}],"collection":[{"href":"https:\/\/letrame.com\/catalogo\/wp-json\/wp\/v2\/product"}],"about":[{"href":"https:\/\/letrame.com\/catalogo\/wp-json\/wp\/v2\/types\/product"}],"replies":[{"embeddable":true,"href":"https:\/\/letrame.com\/catalogo\/wp-json\/wp\/v2\/comments?post=96642"}],"acf:post":[{"embeddable":true,"href":"https:\/\/letrame.com\/catalogo\/wp-json\/wp\/v2\/author_book\/75315"}],"wp:featuredmedia":[{"embeddable":true,"href":"https:\/\/letrame.com\/catalogo\/wp-json\/wp\/v2\/media\/100247"}],"wp:attachment":[{"href":"https:\/\/letrame.com\/catalogo\/wp-json\/wp\/v2\/media?parent=96642"}],"wp:term":[{"taxonomy":"libro","embeddable":true,"href":"https:\/\/letrame.com\/catalogo\/wp-json\/wp\/v2\/libro?post=96642"},{"taxonomy":"product_brand","embeddable":true,"href":"https:\/\/letrame.com\/catalogo\/wp-json\/wp\/v2\/product_brand?post=96642"},{"taxonomy":"product_cat","embeddable":true,"href":"https:\/\/letrame.com\/catalogo\/wp-json\/wp\/v2\/product_cat?post=96642"},{"taxonomy":"product_tag","embeddable":true,"href":"https:\/\/letrame.com\/catalogo\/wp-json\/wp\/v2\/product_tag?post=96642"}],"curies":[{"name":"wp","href":"https:\/\/api.w.org\/{rel}","templated":true}]}}