{"id":96615,"date":"2024-04-29T11:12:45","date_gmt":"2024-04-29T09:12:45","guid":{"rendered":"https:\/\/letrame.com\/catalogo\/producto\/la-vida-es-un-poema\/"},"modified":"2024-04-29T11:13:25","modified_gmt":"2024-04-29T09:13:25","slug":"la-vida-es-un-poema","status":"publish","type":"product","link":"https:\/\/letrame.com\/catalogo\/producto\/la-vida-es-un-poema\/","title":{"rendered":"La vida es un poema"},"content":{"rendered":"<div class=\"page\" title=\"Page 6\">\n<div class=\"layoutArea\">\n<div class=\"column\">\n<p><strong>ISBN<\/strong>: 978-84-1386-187-6<\/p>\n<\/div>\n<\/div>\n<\/div>\n<p><b>T\u00edtulo<\/b><span style=\"font-weight: 400;\">: <span data-sheets-value=\"{&quot;1&quot;:2,&quot;2&quot;:&quot;La vida es un poema&quot;}\" data-sheets-userformat=\"{&quot;2&quot;:579,&quot;3&quot;:{&quot;1&quot;:0},&quot;4&quot;:{&quot;1&quot;:2,&quot;2&quot;:14281427},&quot;9&quot;:1,&quot;12&quot;:0}\">La vida es un poema<\/span><\/span><span style=\"font-weight: 400;\"><br \/>\n<\/span><b>Fecha<\/b><span style=\"font-weight: 400;\">: 2021<\/span><span style=\"font-weight: 400;\"><br \/>\n<\/span><b>P\u00e1ginas<\/b><span style=\"font-weight: 400;\">: 70<\/span><\/p>\n<p><b>SINOPSIS<\/b><\/p>\n<p>Lo esencial de la vida es lo que pinta este poemario con palabras que avivan las brasas de la existencia. Emmanuel nos deja un rinc\u00f3n del mundo desde donde pondremos verlo todo, el nacer, los amaneceres, la ni\u00f1ez, para encontrar as\u00ed que la vida es un poema.<\/p>\n<p>Con la misma soltura y precisi\u00f3n nos envuelve en relaciones ambivalentes, ya que s\u00f3lo as\u00ed puede ser interpretado el amor y la vida, con matices azules y rojos, tan mezclados que es imposible distinguirlos. Si conseguimos seguir el paso de tan fuerte corriente de sentimientos, nos encontraremos no a la deriva, sino en mar abierto con las emociones latentes y la libertad palpable de haberlo experimentado todo.<\/p>\n<p>El devenir de las estrofas y versos aqu\u00ed presentes ascienden hacia una existencia entera al lado de la poes\u00eda y resulta imposible no dejarse llevar por las palabras, que algunas veces toman la forma de una caricia y otras de fuego. Emmanuel consolida de esta manera no otra cosa que la poes\u00eda de la vida.<\/p>\n<p>&nbsp;<\/p>\n<p>Annemarie Lang Guth<\/p>\n<p>Escritora<\/p>\n","protected":false},"excerpt":{"rendered":"<div class=\"page\" title=\"Page 6\">\n<div class=\"layoutArea\">\n<div class=\"column\">\n<p><strong>ISBN: 978-84-1386-187-6<\/strong><\/p>\n<p>Lo esencial de la vida es lo que pinta este poemario con palabras que avivan las brasas de la existencia. Emmanuel nos deja un rinc\u00f3n del mundo desde donde pondremos verlo todo, el nacer, los amaneceres, la ni\u00f1ez, para encontrar as\u00ed que la vida es un poema.<\/p>\n<p>Con la misma soltura y precisi\u00f3n nos envuelve en relaciones ambivalentes, ya que s\u00f3lo as\u00ed puede ser interpretado el amor y la vida, con matices azules y rojos, tan mezclados que es imposible distinguirlos. Si conseguimos seguir el paso de tan fuerte corriente de sentimientos, nos encontraremos no a la deriva, sino en mar abierto con las emociones latentes y la libertad palpable de haberlo experimentado todo.<\/p>\n<p>El devenir de las estrofas y versos aqu\u00ed presentes ascienden hacia una existencia entera al lado de la poes\u00eda y resulta imposible no dejarse llevar por las palabras, que algunas veces toman la forma de una caricia y otras de fuego. Emmanuel consolida de esta manera no otra cosa que la poes\u00eda de la vida.<\/p>\n<\/div>\n<\/div>\n<\/div>\n","protected":false},"featured_media":96616,"comment_status":"closed","ping_status":"open","template":"","meta":{"_acf_changed":false},"libro":[],"product_brand":[],"product_cat":[20],"product_tag":[],"class_list":{"0":"post-96615","1":"product","2":"type-product","3":"status-publish","4":"has-post-thumbnail","6":"product_cat-poesia","8":"first","9":"instock","10":"purchasable","11":"product-type-simple"},"acf":{"autor":[75287],"enlace_de_compra":"https:\/\/www.amazon.es\/vida-poema-01-Poes%C3%ADa\/dp\/841386187X\/ref=sr_1_1?__mk_es_ES=%C3%85M%C3%85%C5%BD%C3%95%C3%91&amp;dchild=1&amp;keywords=Letrame+S.L.+La+vida+es+un+poema&amp;qid=1626246647&amp;sr=8-1"},"yoast_head":"<!-- This site is optimized with the Yoast SEO plugin v27.4 - https:\/\/yoast.com\/product\/yoast-seo-wordpress\/ -->\n<title>La vida es un poema - Catalogo | Letrame Grupo Editorial<\/title>\n<meta name=\"robots\" content=\"index, follow, max-snippet:-1, max-image-preview:large, max-video-preview:-1\" \/>\n<link rel=\"canonical\" href=\"https:\/\/letrame.com\/catalogo\/producto\/la-vida-es-un-poema\/\" \/>\n<meta property=\"og:locale\" content=\"es_ES\" \/>\n<meta property=\"og:type\" content=\"article\" \/>\n<meta property=\"og:title\" content=\"La vida es un poema - Catalogo | Letrame Grupo Editorial\" \/>\n<meta property=\"og:description\" content=\"ISBN: 978-84-1386-187-6 Lo esencial de la vida es lo que pinta este poemario con palabras que avivan las brasas de la existencia. Emmanuel nos deja un rinc\u00f3n del mundo desde donde pondremos verlo todo, el nacer, los amaneceres, la ni\u00f1ez, para encontrar as\u00ed que la vida es un poema. Con la misma soltura y precisi\u00f3n nos envuelve en relaciones ambivalentes, ya que s\u00f3lo as\u00ed puede ser interpretado el amor y la vida, con matices azules y rojos, tan mezclados que es imposible distinguirlos. Si conseguimos seguir el paso de tan fuerte corriente de sentimientos, nos encontraremos no a la deriva, sino en mar abierto con las emociones latentes y la libertad palpable de haberlo experimentado todo. El devenir de las estrofas y versos aqu\u00ed presentes ascienden hacia una existencia entera al lado de la poes\u00eda y resulta imposible no dejarse llevar por las palabras, que algunas veces toman la forma de una caricia y otras de fuego. Emmanuel consolida de esta manera no otra cosa que la poes\u00eda de la vida.\" \/>\n<meta property=\"og:url\" content=\"https:\/\/letrame.com\/catalogo\/producto\/la-vida-es-un-poema\/\" \/>\n<meta property=\"og:site_name\" content=\"Catalogo | Letrame Grupo Editorial\" \/>\n<meta property=\"article:modified_time\" content=\"2024-04-29T09:13:25+00:00\" \/>\n<meta property=\"og:image\" content=\"https:\/\/letrame.com\/catalogo\/wp-content\/uploads\/2024\/04\/La-vida-es-un-poema-scaled-1.jpg\" \/>\n\t<meta property=\"og:image:width\" content=\"1746\" \/>\n\t<meta property=\"og:image:height\" content=\"2560\" \/>\n\t<meta property=\"og:image:type\" content=\"image\/jpeg\" \/>\n<meta name=\"twitter:card\" content=\"summary_large_image\" \/>\n<meta name=\"twitter:label1\" content=\"Tiempo de lectura\" \/>\n\t<meta name=\"twitter:data1\" content=\"1 minuto\" \/>\n<script type=\"application\/ld+json\" class=\"yoast-schema-graph\">{\"@context\":\"https:\\\/\\\/schema.org\",\"@graph\":[{\"@type\":\"WebPage\",\"@id\":\"https:\\\/\\\/letrame.com\\\/catalogo\\\/producto\\\/la-vida-es-un-poema\\\/\",\"url\":\"https:\\\/\\\/letrame.com\\\/catalogo\\\/producto\\\/la-vida-es-un-poema\\\/\",\"name\":\"La vida es un poema - Catalogo | Letrame Grupo Editorial\",\"isPartOf\":{\"@id\":\"https:\\\/\\\/letrame.com\\\/catalogo\\\/#website\"},\"primaryImageOfPage\":{\"@id\":\"https:\\\/\\\/letrame.com\\\/catalogo\\\/producto\\\/la-vida-es-un-poema\\\/#primaryimage\"},\"image\":{\"@id\":\"https:\\\/\\\/letrame.com\\\/catalogo\\\/producto\\\/la-vida-es-un-poema\\\/#primaryimage\"},\"thumbnailUrl\":\"https:\\\/\\\/letrame.com\\\/catalogo\\\/wp-content\\\/uploads\\\/2024\\\/04\\\/La-vida-es-un-poema-scaled-1.jpg\",\"datePublished\":\"2024-04-29T09:12:45+00:00\",\"dateModified\":\"2024-04-29T09:13:25+00:00\",\"breadcrumb\":{\"@id\":\"https:\\\/\\\/letrame.com\\\/catalogo\\\/producto\\\/la-vida-es-un-poema\\\/#breadcrumb\"},\"inLanguage\":\"es\",\"potentialAction\":[{\"@type\":\"ReadAction\",\"target\":[\"https:\\\/\\\/letrame.com\\\/catalogo\\\/producto\\\/la-vida-es-un-poema\\\/\"]}]},{\"@type\":\"ImageObject\",\"inLanguage\":\"es\",\"@id\":\"https:\\\/\\\/letrame.com\\\/catalogo\\\/producto\\\/la-vida-es-un-poema\\\/#primaryimage\",\"url\":\"https:\\\/\\\/letrame.com\\\/catalogo\\\/wp-content\\\/uploads\\\/2024\\\/04\\\/La-vida-es-un-poema-scaled-1.jpg\",\"contentUrl\":\"https:\\\/\\\/letrame.com\\\/catalogo\\\/wp-content\\\/uploads\\\/2024\\\/04\\\/La-vida-es-un-poema-scaled-1.jpg\",\"width\":1746,\"height\":2560},{\"@type\":\"BreadcrumbList\",\"@id\":\"https:\\\/\\\/letrame.com\\\/catalogo\\\/producto\\\/la-vida-es-un-poema\\\/#breadcrumb\",\"itemListElement\":[{\"@type\":\"ListItem\",\"position\":1,\"name\":\"Portada\",\"item\":\"https:\\\/\\\/letrame.com\\\/catalogo\\\/\"},{\"@type\":\"ListItem\",\"position\":2,\"name\":\"Cat\u00e1logo\",\"item\":\"https:\\\/\\\/letrame.com\\\/catalogo\\\/\"},{\"@type\":\"ListItem\",\"position\":3,\"name\":\"La vida es un poema\"}]},{\"@type\":\"WebSite\",\"@id\":\"https:\\\/\\\/letrame.com\\\/catalogo\\\/#website\",\"url\":\"https:\\\/\\\/letrame.com\\\/catalogo\\\/\",\"name\":\"Catalogo | Letrame Grupo Editorial\",\"description\":\"\",\"publisher\":{\"@id\":\"https:\\\/\\\/letrame.com\\\/catalogo\\\/#organization\"},\"potentialAction\":[{\"@type\":\"SearchAction\",\"target\":{\"@type\":\"EntryPoint\",\"urlTemplate\":\"https:\\\/\\\/letrame.com\\\/catalogo\\\/?s={search_term_string}\"},\"query-input\":{\"@type\":\"PropertyValueSpecification\",\"valueRequired\":true,\"valueName\":\"search_term_string\"}}],\"inLanguage\":\"es\"},{\"@type\":\"Organization\",\"@id\":\"https:\\\/\\\/letrame.com\\\/catalogo\\\/#organization\",\"name\":\"Catalogo | Letrame Grupo Editorial\",\"url\":\"https:\\\/\\\/letrame.com\\\/catalogo\\\/\",\"logo\":{\"@type\":\"ImageObject\",\"inLanguage\":\"es\",\"@id\":\"https:\\\/\\\/letrame.com\\\/catalogo\\\/#\\\/schema\\\/logo\\\/image\\\/\",\"url\":\"https:\\\/\\\/letrame.com\\\/catalogo\\\/wp-content\\\/uploads\\\/2024\\\/03\\\/logo2.webp\",\"contentUrl\":\"https:\\\/\\\/letrame.com\\\/catalogo\\\/wp-content\\\/uploads\\\/2024\\\/03\\\/logo2.webp\",\"width\":394,\"height\":128,\"caption\":\"Catalogo | Letrame Grupo Editorial\"},\"image\":{\"@id\":\"https:\\\/\\\/letrame.com\\\/catalogo\\\/#\\\/schema\\\/logo\\\/image\\\/\"}}]}<\/script>\n<!-- \/ Yoast SEO plugin. -->","yoast_head_json":{"title":"La vida es un poema - Catalogo | Letrame Grupo Editorial","robots":{"index":"index","follow":"follow","max-snippet":"max-snippet:-1","max-image-preview":"max-image-preview:large","max-video-preview":"max-video-preview:-1"},"canonical":"https:\/\/letrame.com\/catalogo\/producto\/la-vida-es-un-poema\/","og_locale":"es_ES","og_type":"article","og_title":"La vida es un poema - Catalogo | Letrame Grupo Editorial","og_description":"ISBN: 978-84-1386-187-6 Lo esencial de la vida es lo que pinta este poemario con palabras que avivan las brasas de la existencia. Emmanuel nos deja un rinc\u00f3n del mundo desde donde pondremos verlo todo, el nacer, los amaneceres, la ni\u00f1ez, para encontrar as\u00ed que la vida es un poema. Con la misma soltura y precisi\u00f3n nos envuelve en relaciones ambivalentes, ya que s\u00f3lo as\u00ed puede ser interpretado el amor y la vida, con matices azules y rojos, tan mezclados que es imposible distinguirlos. Si conseguimos seguir el paso de tan fuerte corriente de sentimientos, nos encontraremos no a la deriva, sino en mar abierto con las emociones latentes y la libertad palpable de haberlo experimentado todo. El devenir de las estrofas y versos aqu\u00ed presentes ascienden hacia una existencia entera al lado de la poes\u00eda y resulta imposible no dejarse llevar por las palabras, que algunas veces toman la forma de una caricia y otras de fuego. Emmanuel consolida de esta manera no otra cosa que la poes\u00eda de la vida.","og_url":"https:\/\/letrame.com\/catalogo\/producto\/la-vida-es-un-poema\/","og_site_name":"Catalogo | Letrame Grupo Editorial","article_modified_time":"2024-04-29T09:13:25+00:00","og_image":[{"width":1746,"height":2560,"url":"https:\/\/letrame.com\/catalogo\/wp-content\/uploads\/2024\/04\/La-vida-es-un-poema-scaled-1.jpg","type":"image\/jpeg"}],"twitter_card":"summary_large_image","twitter_misc":{"Tiempo de lectura":"1 minuto"},"schema":{"@context":"https:\/\/schema.org","@graph":[{"@type":"WebPage","@id":"https:\/\/letrame.com\/catalogo\/producto\/la-vida-es-un-poema\/","url":"https:\/\/letrame.com\/catalogo\/producto\/la-vida-es-un-poema\/","name":"La vida es un poema - Catalogo | Letrame Grupo Editorial","isPartOf":{"@id":"https:\/\/letrame.com\/catalogo\/#website"},"primaryImageOfPage":{"@id":"https:\/\/letrame.com\/catalogo\/producto\/la-vida-es-un-poema\/#primaryimage"},"image":{"@id":"https:\/\/letrame.com\/catalogo\/producto\/la-vida-es-un-poema\/#primaryimage"},"thumbnailUrl":"https:\/\/letrame.com\/catalogo\/wp-content\/uploads\/2024\/04\/La-vida-es-un-poema-scaled-1.jpg","datePublished":"2024-04-29T09:12:45+00:00","dateModified":"2024-04-29T09:13:25+00:00","breadcrumb":{"@id":"https:\/\/letrame.com\/catalogo\/producto\/la-vida-es-un-poema\/#breadcrumb"},"inLanguage":"es","potentialAction":[{"@type":"ReadAction","target":["https:\/\/letrame.com\/catalogo\/producto\/la-vida-es-un-poema\/"]}]},{"@type":"ImageObject","inLanguage":"es","@id":"https:\/\/letrame.com\/catalogo\/producto\/la-vida-es-un-poema\/#primaryimage","url":"https:\/\/letrame.com\/catalogo\/wp-content\/uploads\/2024\/04\/La-vida-es-un-poema-scaled-1.jpg","contentUrl":"https:\/\/letrame.com\/catalogo\/wp-content\/uploads\/2024\/04\/La-vida-es-un-poema-scaled-1.jpg","width":1746,"height":2560},{"@type":"BreadcrumbList","@id":"https:\/\/letrame.com\/catalogo\/producto\/la-vida-es-un-poema\/#breadcrumb","itemListElement":[{"@type":"ListItem","position":1,"name":"Portada","item":"https:\/\/letrame.com\/catalogo\/"},{"@type":"ListItem","position":2,"name":"Cat\u00e1logo","item":"https:\/\/letrame.com\/catalogo\/"},{"@type":"ListItem","position":3,"name":"La vida es un poema"}]},{"@type":"WebSite","@id":"https:\/\/letrame.com\/catalogo\/#website","url":"https:\/\/letrame.com\/catalogo\/","name":"Catalogo | Letrame Grupo Editorial","description":"","publisher":{"@id":"https:\/\/letrame.com\/catalogo\/#organization"},"potentialAction":[{"@type":"SearchAction","target":{"@type":"EntryPoint","urlTemplate":"https:\/\/letrame.com\/catalogo\/?s={search_term_string}"},"query-input":{"@type":"PropertyValueSpecification","valueRequired":true,"valueName":"search_term_string"}}],"inLanguage":"es"},{"@type":"Organization","@id":"https:\/\/letrame.com\/catalogo\/#organization","name":"Catalogo | Letrame Grupo Editorial","url":"https:\/\/letrame.com\/catalogo\/","logo":{"@type":"ImageObject","inLanguage":"es","@id":"https:\/\/letrame.com\/catalogo\/#\/schema\/logo\/image\/","url":"https:\/\/letrame.com\/catalogo\/wp-content\/uploads\/2024\/03\/logo2.webp","contentUrl":"https:\/\/letrame.com\/catalogo\/wp-content\/uploads\/2024\/03\/logo2.webp","width":394,"height":128,"caption":"Catalogo | Letrame Grupo Editorial"},"image":{"@id":"https:\/\/letrame.com\/catalogo\/#\/schema\/logo\/image\/"}}]}},"_links":{"self":[{"href":"https:\/\/letrame.com\/catalogo\/wp-json\/wp\/v2\/product\/96615","targetHints":{"allow":["GET"]}}],"collection":[{"href":"https:\/\/letrame.com\/catalogo\/wp-json\/wp\/v2\/product"}],"about":[{"href":"https:\/\/letrame.com\/catalogo\/wp-json\/wp\/v2\/types\/product"}],"replies":[{"embeddable":true,"href":"https:\/\/letrame.com\/catalogo\/wp-json\/wp\/v2\/comments?post=96615"}],"acf:post":[{"embeddable":true,"href":"https:\/\/letrame.com\/catalogo\/wp-json\/wp\/v2\/author_book\/75287"}],"wp:featuredmedia":[{"embeddable":true,"href":"https:\/\/letrame.com\/catalogo\/wp-json\/wp\/v2\/media\/96616"}],"wp:attachment":[{"href":"https:\/\/letrame.com\/catalogo\/wp-json\/wp\/v2\/media?parent=96615"}],"wp:term":[{"taxonomy":"libro","embeddable":true,"href":"https:\/\/letrame.com\/catalogo\/wp-json\/wp\/v2\/libro?post=96615"},{"taxonomy":"product_brand","embeddable":true,"href":"https:\/\/letrame.com\/catalogo\/wp-json\/wp\/v2\/product_brand?post=96615"},{"taxonomy":"product_cat","embeddable":true,"href":"https:\/\/letrame.com\/catalogo\/wp-json\/wp\/v2\/product_cat?post=96615"},{"taxonomy":"product_tag","embeddable":true,"href":"https:\/\/letrame.com\/catalogo\/wp-json\/wp\/v2\/product_tag?post=96615"}],"curies":[{"name":"wp","href":"https:\/\/api.w.org\/{rel}","templated":true}]}}