{"id":96543,"date":"2024-04-29T11:01:27","date_gmt":"2024-04-29T09:01:27","guid":{"rendered":"https:\/\/letrame.com\/catalogo\/producto\/senales\/"},"modified":"2024-05-15T17:19:45","modified_gmt":"2024-05-15T15:19:45","slug":"senales","status":"publish","type":"product","link":"https:\/\/letrame.com\/catalogo\/producto\/senales\/","title":{"rendered":"Se\u00f1ales"},"content":{"rendered":"<div class=\"page\" title=\"Page 6\">\n<div class=\"layoutArea\">\n<div class=\"column\">\n<p><strong>ISBN<\/strong>: 978-84-18307-41-6<\/p>\n<\/div>\n<\/div>\n<\/div>\n<p><b>T\u00edtulo<\/b><span style=\"font-weight: 400;\">: Se\u00f1ales<\/span><span style=\"font-weight: 400;\"><br \/>\n<\/span><b>Fecha<\/b><span style=\"font-weight: 400;\">: 2021<\/span><span style=\"font-weight: 400;\"><br \/>\n<\/span><b>P\u00e1ginas<\/b><span style=\"font-weight: 400;\">: 338<\/span><\/p>\n<p><b>SINOPSIS<\/b><\/p>\n<p>&nbsp;<\/p>\n<p>Tras<em> A solas, <\/em>llega su esperada continuaci\u00f3n <em>Se\u00f1ales<\/em> de Araceli Gutierrez y Silvia D\u00edez.<\/p>\n<p>Han pasado varios a\u00f1os desde la muerte de Martina y Serena intenta salir del agujero en el que se encuentra. Conectada al mundo sutil, de pronto, ante el televisor se anuncia la independencia de Kosovo y siente una puzanda en el coraz\u00f3n: el recuerdo de la p\u00e9rdida de su gran amiga y su misterioro amante albanokosovar se reavivan, pero tambi\u00e9n es una llamada que la lleva a iniciar un m\u00e1gico y heroico viaje.<\/p>\n<p>En esta obra, conoceremos nuevos personajes tan cautivadores como Martina y Serena. Beshim, el amor de Martina, es uno de ellos. Mostr\u00e1ndonos su cara m\u00e1s humana, descubriremos c\u00f3mo ha intentado rehacer su vida al lado de Ada y sus dos hijos, mientras sigue atrapado por el pasado. Bruno, el hijo de Martina, ha seguido los pasos de su madre y, periodista como ella, investiga m\u00e1s sobre su vida y su muerte. Necesita respuestas para seguir adelante.<\/p>\n<p>Todos ellos, entre miedos y dudas, luchan por reconectarse con la vida. Para lograrlo tendr\u00e1n que escuchar las se\u00f1ales que, como faros en la noche, les mostrar\u00e1n el camino a seguir.<\/p>\n<p>De su mano, identific\u00e1ndonos con su encrucijada existencial, nos adentraremos en una nueva dimensi\u00f3n en la que todo, todo es posible.<\/p>\n<p>De nuevo en esta obra las autoras de <em>A solas<\/em> nos mantienen todo el tiempo con el coraz\u00f3n en vilo, nos sumergen en un mundo lleno de emociones y esperanza, donde el lector puede crecer a trav\u00e9s de cada una de sus l\u00edneas.<\/p>\n<p>&nbsp;<\/p>\n<p>Sin duda, los enamorados de <em>A solas<\/em> encontrar\u00e1n en <em>Se\u00f1ales<\/em> un nuevo canto a la vida en todas sus expresiones, donde las piezas descolocadas terminan por completar el puzle, y el lector se adentra en los misterios y mensajes de su propia alma.<\/p>\n","protected":false},"excerpt":{"rendered":"<div class=\"page\" title=\"Page 6\">\n<div class=\"layoutArea\">\n<div class=\"column\">\n<p><strong>ISBN: 978-84-18307-41-6<\/strong><\/p>\n<\/div>\n<\/div>\n<\/div>\n<p>En esta obra, conoceremos nuevos personajes tan cautivadores como Martina y Serena. Beshim, el amor de Martina, es uno de ellos. Mostr\u00e1ndonos su cara m\u00e1s humana, descubriremos c\u00f3mo ha intentado rehacer su vida al lado de Ada y sus dos hijos, mientras sigue atrapado por el pasado. Bruno, el hijo de Martina, ha seguido los pasos de su madre y, periodista como ella, investiga m\u00e1s sobre su vida y su muerte. Necesita respuestas para seguir adelante.<\/p>\n","protected":false},"featured_media":100271,"comment_status":"closed","ping_status":"closed","template":"","meta":{"_acf_changed":false},"libro":[],"product_brand":[],"product_cat":[16],"product_tag":[],"class_list":{"0":"post-96543","1":"product","2":"type-product","3":"status-publish","4":"has-post-thumbnail","6":"product_cat-novela","8":"first","9":"instock","10":"purchasable","11":"product-type-simple"},"acf":{"autor":"","enlace_de_compra":"https:\/\/www.amazon.es\/Se%C3%B1ales-Cuando-vida-marca-camino\/dp\/8418307412\/ref=sr_1_1?__mk_es_ES=%C3%85M%C3%85%C5%BD%C3%95%C3%91&amp;dchild=1&amp;keywords=Letrame+S.L.+se%C3%B1ales&amp;qid=1620200457&amp;sr=8-1"},"yoast_head":"<!-- This site is optimized with the Yoast SEO plugin v27.4 - https:\/\/yoast.com\/product\/yoast-seo-wordpress\/ -->\n<title>Se\u00f1ales - Catalogo | Letrame Grupo Editorial<\/title>\n<meta name=\"robots\" content=\"index, follow, max-snippet:-1, max-image-preview:large, max-video-preview:-1\" \/>\n<link rel=\"canonical\" href=\"https:\/\/letrame.com\/catalogo\/producto\/senales\/\" \/>\n<meta property=\"og:locale\" content=\"es_ES\" \/>\n<meta property=\"og:type\" content=\"article\" \/>\n<meta property=\"og:title\" content=\"Se\u00f1ales - Catalogo | Letrame Grupo Editorial\" \/>\n<meta property=\"og:description\" content=\"ISBN: 978-84-18307-41-6     En esta obra, conoceremos nuevos personajes tan cautivadores como Martina y Serena. Beshim, el amor de Martina, es uno de ellos. Mostr\u00e1ndonos su cara m\u00e1s humana, descubriremos c\u00f3mo ha intentado rehacer su vida al lado de Ada y sus dos hijos, mientras sigue atrapado por el pasado. Bruno, el hijo de Martina, ha seguido los pasos de su madre y, periodista como ella, investiga m\u00e1s sobre su vida y su muerte. Necesita respuestas para seguir adelante.\" \/>\n<meta property=\"og:url\" content=\"https:\/\/letrame.com\/catalogo\/producto\/senales\/\" \/>\n<meta property=\"og:site_name\" content=\"Catalogo | Letrame Grupo Editorial\" \/>\n<meta property=\"article:modified_time\" content=\"2024-05-15T15:19:45+00:00\" \/>\n<meta property=\"og:image\" content=\"https:\/\/letrame.com\/catalogo\/wp-content\/uploads\/2024\/04\/Senales-scaled-1.webp\" \/>\n\t<meta property=\"og:image:width\" content=\"1746\" \/>\n\t<meta property=\"og:image:height\" content=\"2560\" \/>\n\t<meta property=\"og:image:type\" content=\"image\/webp\" \/>\n<meta name=\"twitter:card\" content=\"summary_large_image\" \/>\n<meta name=\"twitter:label1\" content=\"Tiempo de lectura\" \/>\n\t<meta name=\"twitter:data1\" content=\"2 minutos\" \/>\n<script type=\"application\/ld+json\" class=\"yoast-schema-graph\">{\"@context\":\"https:\\\/\\\/schema.org\",\"@graph\":[{\"@type\":\"WebPage\",\"@id\":\"https:\\\/\\\/letrame.com\\\/catalogo\\\/producto\\\/senales\\\/\",\"url\":\"https:\\\/\\\/letrame.com\\\/catalogo\\\/producto\\\/senales\\\/\",\"name\":\"Se\u00f1ales - Catalogo | Letrame Grupo Editorial\",\"isPartOf\":{\"@id\":\"https:\\\/\\\/letrame.com\\\/catalogo\\\/#website\"},\"primaryImageOfPage\":{\"@id\":\"https:\\\/\\\/letrame.com\\\/catalogo\\\/producto\\\/senales\\\/#primaryimage\"},\"image\":{\"@id\":\"https:\\\/\\\/letrame.com\\\/catalogo\\\/producto\\\/senales\\\/#primaryimage\"},\"thumbnailUrl\":\"https:\\\/\\\/letrame.com\\\/catalogo\\\/wp-content\\\/uploads\\\/2024\\\/04\\\/Senales-scaled-1.webp\",\"datePublished\":\"2024-04-29T09:01:27+00:00\",\"dateModified\":\"2024-05-15T15:19:45+00:00\",\"breadcrumb\":{\"@id\":\"https:\\\/\\\/letrame.com\\\/catalogo\\\/producto\\\/senales\\\/#breadcrumb\"},\"inLanguage\":\"es\",\"potentialAction\":[{\"@type\":\"ReadAction\",\"target\":[\"https:\\\/\\\/letrame.com\\\/catalogo\\\/producto\\\/senales\\\/\"]}]},{\"@type\":\"ImageObject\",\"inLanguage\":\"es\",\"@id\":\"https:\\\/\\\/letrame.com\\\/catalogo\\\/producto\\\/senales\\\/#primaryimage\",\"url\":\"https:\\\/\\\/letrame.com\\\/catalogo\\\/wp-content\\\/uploads\\\/2024\\\/04\\\/Senales-scaled-1.webp\",\"contentUrl\":\"https:\\\/\\\/letrame.com\\\/catalogo\\\/wp-content\\\/uploads\\\/2024\\\/04\\\/Senales-scaled-1.webp\",\"width\":1746,\"height\":2560},{\"@type\":\"BreadcrumbList\",\"@id\":\"https:\\\/\\\/letrame.com\\\/catalogo\\\/producto\\\/senales\\\/#breadcrumb\",\"itemListElement\":[{\"@type\":\"ListItem\",\"position\":1,\"name\":\"Portada\",\"item\":\"https:\\\/\\\/letrame.com\\\/catalogo\\\/\"},{\"@type\":\"ListItem\",\"position\":2,\"name\":\"Cat\u00e1logo\",\"item\":\"https:\\\/\\\/letrame.com\\\/catalogo\\\/\"},{\"@type\":\"ListItem\",\"position\":3,\"name\":\"Se\u00f1ales\"}]},{\"@type\":\"WebSite\",\"@id\":\"https:\\\/\\\/letrame.com\\\/catalogo\\\/#website\",\"url\":\"https:\\\/\\\/letrame.com\\\/catalogo\\\/\",\"name\":\"Catalogo | Letrame Grupo Editorial\",\"description\":\"\",\"publisher\":{\"@id\":\"https:\\\/\\\/letrame.com\\\/catalogo\\\/#organization\"},\"potentialAction\":[{\"@type\":\"SearchAction\",\"target\":{\"@type\":\"EntryPoint\",\"urlTemplate\":\"https:\\\/\\\/letrame.com\\\/catalogo\\\/?s={search_term_string}\"},\"query-input\":{\"@type\":\"PropertyValueSpecification\",\"valueRequired\":true,\"valueName\":\"search_term_string\"}}],\"inLanguage\":\"es\"},{\"@type\":\"Organization\",\"@id\":\"https:\\\/\\\/letrame.com\\\/catalogo\\\/#organization\",\"name\":\"Catalogo | Letrame Grupo Editorial\",\"url\":\"https:\\\/\\\/letrame.com\\\/catalogo\\\/\",\"logo\":{\"@type\":\"ImageObject\",\"inLanguage\":\"es\",\"@id\":\"https:\\\/\\\/letrame.com\\\/catalogo\\\/#\\\/schema\\\/logo\\\/image\\\/\",\"url\":\"https:\\\/\\\/letrame.com\\\/catalogo\\\/wp-content\\\/uploads\\\/2024\\\/03\\\/logo2.webp\",\"contentUrl\":\"https:\\\/\\\/letrame.com\\\/catalogo\\\/wp-content\\\/uploads\\\/2024\\\/03\\\/logo2.webp\",\"width\":394,\"height\":128,\"caption\":\"Catalogo | Letrame Grupo Editorial\"},\"image\":{\"@id\":\"https:\\\/\\\/letrame.com\\\/catalogo\\\/#\\\/schema\\\/logo\\\/image\\\/\"}}]}<\/script>\n<!-- \/ Yoast SEO plugin. -->","yoast_head_json":{"title":"Se\u00f1ales - Catalogo | Letrame Grupo Editorial","robots":{"index":"index","follow":"follow","max-snippet":"max-snippet:-1","max-image-preview":"max-image-preview:large","max-video-preview":"max-video-preview:-1"},"canonical":"https:\/\/letrame.com\/catalogo\/producto\/senales\/","og_locale":"es_ES","og_type":"article","og_title":"Se\u00f1ales - Catalogo | Letrame Grupo Editorial","og_description":"ISBN: 978-84-18307-41-6     En esta obra, conoceremos nuevos personajes tan cautivadores como Martina y Serena. Beshim, el amor de Martina, es uno de ellos. Mostr\u00e1ndonos su cara m\u00e1s humana, descubriremos c\u00f3mo ha intentado rehacer su vida al lado de Ada y sus dos hijos, mientras sigue atrapado por el pasado. Bruno, el hijo de Martina, ha seguido los pasos de su madre y, periodista como ella, investiga m\u00e1s sobre su vida y su muerte. Necesita respuestas para seguir adelante.","og_url":"https:\/\/letrame.com\/catalogo\/producto\/senales\/","og_site_name":"Catalogo | Letrame Grupo Editorial","article_modified_time":"2024-05-15T15:19:45+00:00","og_image":[{"width":1746,"height":2560,"url":"https:\/\/letrame.com\/catalogo\/wp-content\/uploads\/2024\/04\/Senales-scaled-1.webp","type":"image\/webp"}],"twitter_card":"summary_large_image","twitter_misc":{"Tiempo de lectura":"2 minutos"},"schema":{"@context":"https:\/\/schema.org","@graph":[{"@type":"WebPage","@id":"https:\/\/letrame.com\/catalogo\/producto\/senales\/","url":"https:\/\/letrame.com\/catalogo\/producto\/senales\/","name":"Se\u00f1ales - Catalogo | Letrame Grupo Editorial","isPartOf":{"@id":"https:\/\/letrame.com\/catalogo\/#website"},"primaryImageOfPage":{"@id":"https:\/\/letrame.com\/catalogo\/producto\/senales\/#primaryimage"},"image":{"@id":"https:\/\/letrame.com\/catalogo\/producto\/senales\/#primaryimage"},"thumbnailUrl":"https:\/\/letrame.com\/catalogo\/wp-content\/uploads\/2024\/04\/Senales-scaled-1.webp","datePublished":"2024-04-29T09:01:27+00:00","dateModified":"2024-05-15T15:19:45+00:00","breadcrumb":{"@id":"https:\/\/letrame.com\/catalogo\/producto\/senales\/#breadcrumb"},"inLanguage":"es","potentialAction":[{"@type":"ReadAction","target":["https:\/\/letrame.com\/catalogo\/producto\/senales\/"]}]},{"@type":"ImageObject","inLanguage":"es","@id":"https:\/\/letrame.com\/catalogo\/producto\/senales\/#primaryimage","url":"https:\/\/letrame.com\/catalogo\/wp-content\/uploads\/2024\/04\/Senales-scaled-1.webp","contentUrl":"https:\/\/letrame.com\/catalogo\/wp-content\/uploads\/2024\/04\/Senales-scaled-1.webp","width":1746,"height":2560},{"@type":"BreadcrumbList","@id":"https:\/\/letrame.com\/catalogo\/producto\/senales\/#breadcrumb","itemListElement":[{"@type":"ListItem","position":1,"name":"Portada","item":"https:\/\/letrame.com\/catalogo\/"},{"@type":"ListItem","position":2,"name":"Cat\u00e1logo","item":"https:\/\/letrame.com\/catalogo\/"},{"@type":"ListItem","position":3,"name":"Se\u00f1ales"}]},{"@type":"WebSite","@id":"https:\/\/letrame.com\/catalogo\/#website","url":"https:\/\/letrame.com\/catalogo\/","name":"Catalogo | Letrame Grupo Editorial","description":"","publisher":{"@id":"https:\/\/letrame.com\/catalogo\/#organization"},"potentialAction":[{"@type":"SearchAction","target":{"@type":"EntryPoint","urlTemplate":"https:\/\/letrame.com\/catalogo\/?s={search_term_string}"},"query-input":{"@type":"PropertyValueSpecification","valueRequired":true,"valueName":"search_term_string"}}],"inLanguage":"es"},{"@type":"Organization","@id":"https:\/\/letrame.com\/catalogo\/#organization","name":"Catalogo | Letrame Grupo Editorial","url":"https:\/\/letrame.com\/catalogo\/","logo":{"@type":"ImageObject","inLanguage":"es","@id":"https:\/\/letrame.com\/catalogo\/#\/schema\/logo\/image\/","url":"https:\/\/letrame.com\/catalogo\/wp-content\/uploads\/2024\/03\/logo2.webp","contentUrl":"https:\/\/letrame.com\/catalogo\/wp-content\/uploads\/2024\/03\/logo2.webp","width":394,"height":128,"caption":"Catalogo | Letrame Grupo Editorial"},"image":{"@id":"https:\/\/letrame.com\/catalogo\/#\/schema\/logo\/image\/"}}]}},"_links":{"self":[{"href":"https:\/\/letrame.com\/catalogo\/wp-json\/wp\/v2\/product\/96543","targetHints":{"allow":["GET"]}}],"collection":[{"href":"https:\/\/letrame.com\/catalogo\/wp-json\/wp\/v2\/product"}],"about":[{"href":"https:\/\/letrame.com\/catalogo\/wp-json\/wp\/v2\/types\/product"}],"replies":[{"embeddable":true,"href":"https:\/\/letrame.com\/catalogo\/wp-json\/wp\/v2\/comments?post=96543"}],"wp:featuredmedia":[{"embeddable":true,"href":"https:\/\/letrame.com\/catalogo\/wp-json\/wp\/v2\/media\/100271"}],"wp:attachment":[{"href":"https:\/\/letrame.com\/catalogo\/wp-json\/wp\/v2\/media?parent=96543"}],"wp:term":[{"taxonomy":"libro","embeddable":true,"href":"https:\/\/letrame.com\/catalogo\/wp-json\/wp\/v2\/libro?post=96543"},{"taxonomy":"product_brand","embeddable":true,"href":"https:\/\/letrame.com\/catalogo\/wp-json\/wp\/v2\/product_brand?post=96543"},{"taxonomy":"product_cat","embeddable":true,"href":"https:\/\/letrame.com\/catalogo\/wp-json\/wp\/v2\/product_cat?post=96543"},{"taxonomy":"product_tag","embeddable":true,"href":"https:\/\/letrame.com\/catalogo\/wp-json\/wp\/v2\/product_tag?post=96543"}],"curies":[{"name":"wp","href":"https:\/\/api.w.org\/{rel}","templated":true}]}}