{"id":96494,"date":"2024-04-29T10:51:44","date_gmt":"2024-04-29T08:51:44","guid":{"rendered":"https:\/\/letrame.com\/catalogo\/producto\/capitanes-de-almas\/"},"modified":"2024-04-29T10:51:58","modified_gmt":"2024-04-29T08:51:58","slug":"capitanes-de-almas","status":"publish","type":"product","link":"https:\/\/letrame.com\/catalogo\/producto\/capitanes-de-almas\/","title":{"rendered":"Capitanes de almas"},"content":{"rendered":"<p><strong>ISBN<\/strong>: 978-84-1386-185-2<\/p>\n<p><b>T\u00edtulo<\/b><span style=\"font-weight: 400;\">: Capitanes de almas<\/span><span style=\"font-weight: 400;\"><br \/>\n<\/span><b>Fecha<\/b><span style=\"font-weight: 400;\">: 2021<\/span><span style=\"font-weight: 400;\"><br \/>\n<\/span><b>P\u00e1ginas<\/b><span style=\"font-weight: 400;\">: 344<\/span><\/p>\n<p><b>SINOPSIS<\/b><\/p>\n<p>\u00abUna misi\u00f3n, una situaci\u00f3n controvertida no prevista, una decisi\u00f3n y\u2026 una trampa.<\/p>\n<p>No fueron adiestrados para aquel combate\u00bb.<\/p>\n<p><em>\u00a0<\/em><\/p>\n<p>El capit\u00e1n m\u00e9dico Fran Robles narra la historia de su embarque en el Hispania, un submarino de \u00faltima generaci\u00f3n reci\u00e9n entregado a la Armada y mandado por su hermano de madre \u00c1ngel Lobo, el Viejo Lobo, un mito en la flotilla de submarinos.<\/p>\n<p>En su primera misi\u00f3n, el Hispania debe ir al Cuerno de \u00c1frica para llevar a cabo una operaci\u00f3n contra la pirater\u00eda.\u00a0 Durante el tr\u00e1nsito, frente a Nigeria, el Hispania se enfrenta a una situaci\u00f3n no prevista y el comandante Lobo toma una decisi\u00f3n contrariando al propio Ministro de Defensa.<\/p>\n<p>Una vez en zona de operaciones, un traficante de armas internacional aprovecha la situaci\u00f3n de controversia interna para hacerse con la voluntad del comandante del Hispania atacando su tal\u00f3n de Aquiles: las familias de la dotaci\u00f3n del submarino en tierra.<\/p>\n<p>El capit\u00e1n Robles, debido a una operaci\u00f3n de reconocimiento fallida sobre un buque pirata nodriza, se separa de la dotaci\u00f3n del Hispania y se infiltra involuntariamente en una banda de piratas en Mogadiscio.<\/p>\n<p>El Viejo Lobo se queda solo y sin apoyos ante una trama pol\u00edtica y un enemigo que desconoce por completo. Para ello, debe ganarse los escasos recursos de los que dispone en tierra: una tecn\u00f3crata en el Ministerio de Defensa; un misterioso esp\u00eda pakistan\u00ed que conoci\u00f3 durante la escala del Hispania en Ciudad del Cabo; y su hermano, el capit\u00e1n Robles a quien debe pedir que arriesgue su propia vida.<\/p>\n<p>Fran Robles nunca estuvo en primera l\u00ednea y ahora se encuentra en una situaci\u00f3n que le sobrepasa, debiendo enfrentarse a sus propios miedos y a la influencia del liderazgo de un mito, su propio hermano, el Viejo Lobo.<\/p>\n","protected":false},"excerpt":{"rendered":"<div class=\"page\" title=\"Page 6\">\n<div class=\"layoutArea\">\n<div class=\"column\">\n<p><strong>ISBN: 978-84-1386-185-2<\/strong><\/p>\n<\/div>\n<\/div>\n<\/div>\n<p>El capit\u00e1n m\u00e9dico Fran Robles narra la historia de su embarque en el Hispania, un submarino de \u00faltima generaci\u00f3n reci\u00e9n entregado a la Armada y mandado por su hermano de madre \u00c1ngel Lobo, el Viejo Lobo, un mito en la flotilla de submarinos.<\/p>\n<p>En su primera misi\u00f3n, el Hispania debe ir al Cuerno de \u00c1frica para llevar a cabo una operaci\u00f3n contra la pirater\u00eda.\u00a0 Durante el tr\u00e1nsito, frente a Nigeria, el Hispania se enfrenta a una situaci\u00f3n no prevista y el comandante Lobo toma una decisi\u00f3n contrariando al propio Ministro de Defensa.<\/p>\n<p>Una vez en zona de operaciones, un traficante de armas internacional aprovecha la situaci\u00f3n de controversia interna para hacerse con la voluntad del comandante del Hispania atacando su tal\u00f3n de Aquiles: las familias de la dotaci\u00f3n del submarino en tierra.<\/p>\n","protected":false},"featured_media":96495,"comment_status":"closed","ping_status":"open","template":"","meta":{"_acf_changed":false},"libro":[],"product_brand":[],"product_cat":[16],"product_tag":[],"class_list":{"0":"post-96494","1":"product","2":"type-product","3":"status-publish","4":"has-post-thumbnail","6":"product_cat-novela","8":"first","9":"instock","10":"purchasable","11":"product-type-simple"},"acf":{"autor":"","enlace_de_compra":"https:\/\/www.amazon.es\/dp\/8413861853\/ref=sr_1_1?__mk_es_ES=%C3%85M%C3%85%C5%BD%C3%95%C3%91&amp;dchild=1&amp;keywords=Letrame+S.L.+capitanes+de+almas&amp;qid=1619008195&amp;sr=8-1"},"yoast_head":"<!-- This site is optimized with the Yoast SEO plugin v26.6 - https:\/\/yoast.com\/wordpress\/plugins\/seo\/ -->\n<title>Capitanes de almas - Catalogo | Letrame Grupo Editorial<\/title>\n<meta name=\"robots\" content=\"index, follow, max-snippet:-1, max-image-preview:large, max-video-preview:-1\" \/>\n<link rel=\"canonical\" href=\"https:\/\/letrame.com\/catalogo\/producto\/capitanes-de-almas\/\" \/>\n<meta property=\"og:locale\" content=\"es_ES\" \/>\n<meta property=\"og:type\" content=\"article\" \/>\n<meta property=\"og:title\" content=\"Capitanes de almas - Catalogo | Letrame Grupo Editorial\" \/>\n<meta property=\"og:description\" content=\"ISBN: 978-84-1386-185-2   El capit\u00e1n m\u00e9dico Fran Robles narra la historia de su embarque en el Hispania, un submarino de \u00faltima generaci\u00f3n reci\u00e9n entregado a la Armada y mandado por su hermano de madre \u00c1ngel Lobo, el Viejo Lobo, un mito en la flotilla de submarinos. En su primera misi\u00f3n, el Hispania debe ir al Cuerno de \u00c1frica para llevar a cabo una operaci\u00f3n contra la pirater\u00eda.\u00a0 Durante el tr\u00e1nsito, frente a Nigeria, el Hispania se enfrenta a una situaci\u00f3n no prevista y el comandante Lobo toma una decisi\u00f3n contrariando al propio Ministro de Defensa. Una vez en zona de operaciones, un traficante de armas internacional aprovecha la situaci\u00f3n de controversia interna para hacerse con la voluntad del comandante del Hispania atacando su tal\u00f3n de Aquiles: las familias de la dotaci\u00f3n del submarino en tierra.\" \/>\n<meta property=\"og:url\" content=\"https:\/\/letrame.com\/catalogo\/producto\/capitanes-de-almas\/\" \/>\n<meta property=\"og:site_name\" content=\"Catalogo | Letrame Grupo Editorial\" \/>\n<meta property=\"article:modified_time\" content=\"2024-04-29T08:51:58+00:00\" \/>\n<meta property=\"og:image\" content=\"https:\/\/letrame.com\/catalogo\/wp-content\/uploads\/2024\/04\/Capitanes-de-almas.jpg\" \/>\n\t<meta property=\"og:image:width\" content=\"601\" \/>\n\t<meta property=\"og:image:height\" content=\"879\" \/>\n\t<meta property=\"og:image:type\" content=\"image\/jpeg\" \/>\n<meta name=\"twitter:card\" content=\"summary_large_image\" \/>\n<meta name=\"twitter:label1\" content=\"Tiempo de lectura\" \/>\n\t<meta name=\"twitter:data1\" content=\"2 minutos\" \/>\n<script type=\"application\/ld+json\" class=\"yoast-schema-graph\">{\"@context\":\"https:\/\/schema.org\",\"@graph\":[{\"@type\":\"WebPage\",\"@id\":\"https:\/\/letrame.com\/catalogo\/producto\/capitanes-de-almas\/\",\"url\":\"https:\/\/letrame.com\/catalogo\/producto\/capitanes-de-almas\/\",\"name\":\"Capitanes de almas - Catalogo | Letrame Grupo Editorial\",\"isPartOf\":{\"@id\":\"https:\/\/letrame.com\/catalogo\/#website\"},\"primaryImageOfPage\":{\"@id\":\"https:\/\/letrame.com\/catalogo\/producto\/capitanes-de-almas\/#primaryimage\"},\"image\":{\"@id\":\"https:\/\/letrame.com\/catalogo\/producto\/capitanes-de-almas\/#primaryimage\"},\"thumbnailUrl\":\"https:\/\/letrame.com\/catalogo\/wp-content\/uploads\/2024\/04\/Capitanes-de-almas.jpg\",\"datePublished\":\"2024-04-29T08:51:44+00:00\",\"dateModified\":\"2024-04-29T08:51:58+00:00\",\"breadcrumb\":{\"@id\":\"https:\/\/letrame.com\/catalogo\/producto\/capitanes-de-almas\/#breadcrumb\"},\"inLanguage\":\"es\",\"potentialAction\":[{\"@type\":\"ReadAction\",\"target\":[\"https:\/\/letrame.com\/catalogo\/producto\/capitanes-de-almas\/\"]}]},{\"@type\":\"ImageObject\",\"inLanguage\":\"es\",\"@id\":\"https:\/\/letrame.com\/catalogo\/producto\/capitanes-de-almas\/#primaryimage\",\"url\":\"https:\/\/letrame.com\/catalogo\/wp-content\/uploads\/2024\/04\/Capitanes-de-almas.jpg\",\"contentUrl\":\"https:\/\/letrame.com\/catalogo\/wp-content\/uploads\/2024\/04\/Capitanes-de-almas.jpg\",\"width\":601,\"height\":879},{\"@type\":\"BreadcrumbList\",\"@id\":\"https:\/\/letrame.com\/catalogo\/producto\/capitanes-de-almas\/#breadcrumb\",\"itemListElement\":[{\"@type\":\"ListItem\",\"position\":1,\"name\":\"Portada\",\"item\":\"https:\/\/letrame.com\/catalogo\/\"},{\"@type\":\"ListItem\",\"position\":2,\"name\":\"Cat\u00e1logo\",\"item\":\"https:\/\/letrame.com\/catalogo\/\"},{\"@type\":\"ListItem\",\"position\":3,\"name\":\"Capitanes de almas\"}]},{\"@type\":\"WebSite\",\"@id\":\"https:\/\/letrame.com\/catalogo\/#website\",\"url\":\"https:\/\/letrame.com\/catalogo\/\",\"name\":\"Catalogo | Letrame Grupo Editorial\",\"description\":\"\",\"publisher\":{\"@id\":\"https:\/\/letrame.com\/catalogo\/#organization\"},\"potentialAction\":[{\"@type\":\"SearchAction\",\"target\":{\"@type\":\"EntryPoint\",\"urlTemplate\":\"https:\/\/letrame.com\/catalogo\/?s={search_term_string}\"},\"query-input\":{\"@type\":\"PropertyValueSpecification\",\"valueRequired\":true,\"valueName\":\"search_term_string\"}}],\"inLanguage\":\"es\"},{\"@type\":\"Organization\",\"@id\":\"https:\/\/letrame.com\/catalogo\/#organization\",\"name\":\"Catalogo | Letrame Grupo Editorial\",\"url\":\"https:\/\/letrame.com\/catalogo\/\",\"logo\":{\"@type\":\"ImageObject\",\"inLanguage\":\"es\",\"@id\":\"https:\/\/letrame.com\/catalogo\/#\/schema\/logo\/image\/\",\"url\":\"https:\/\/letrame.com\/catalogo\/wp-content\/uploads\/2024\/03\/logo2.webp\",\"contentUrl\":\"https:\/\/letrame.com\/catalogo\/wp-content\/uploads\/2024\/03\/logo2.webp\",\"width\":394,\"height\":128,\"caption\":\"Catalogo | Letrame Grupo Editorial\"},\"image\":{\"@id\":\"https:\/\/letrame.com\/catalogo\/#\/schema\/logo\/image\/\"}}]}<\/script>\n<!-- \/ Yoast SEO plugin. -->","yoast_head_json":{"title":"Capitanes de almas - Catalogo | Letrame Grupo Editorial","robots":{"index":"index","follow":"follow","max-snippet":"max-snippet:-1","max-image-preview":"max-image-preview:large","max-video-preview":"max-video-preview:-1"},"canonical":"https:\/\/letrame.com\/catalogo\/producto\/capitanes-de-almas\/","og_locale":"es_ES","og_type":"article","og_title":"Capitanes de almas - Catalogo | Letrame Grupo Editorial","og_description":"ISBN: 978-84-1386-185-2   El capit\u00e1n m\u00e9dico Fran Robles narra la historia de su embarque en el Hispania, un submarino de \u00faltima generaci\u00f3n reci\u00e9n entregado a la Armada y mandado por su hermano de madre \u00c1ngel Lobo, el Viejo Lobo, un mito en la flotilla de submarinos. En su primera misi\u00f3n, el Hispania debe ir al Cuerno de \u00c1frica para llevar a cabo una operaci\u00f3n contra la pirater\u00eda.\u00a0 Durante el tr\u00e1nsito, frente a Nigeria, el Hispania se enfrenta a una situaci\u00f3n no prevista y el comandante Lobo toma una decisi\u00f3n contrariando al propio Ministro de Defensa. Una vez en zona de operaciones, un traficante de armas internacional aprovecha la situaci\u00f3n de controversia interna para hacerse con la voluntad del comandante del Hispania atacando su tal\u00f3n de Aquiles: las familias de la dotaci\u00f3n del submarino en tierra.","og_url":"https:\/\/letrame.com\/catalogo\/producto\/capitanes-de-almas\/","og_site_name":"Catalogo | Letrame Grupo Editorial","article_modified_time":"2024-04-29T08:51:58+00:00","og_image":[{"width":601,"height":879,"url":"https:\/\/letrame.com\/catalogo\/wp-content\/uploads\/2024\/04\/Capitanes-de-almas.jpg","type":"image\/jpeg"}],"twitter_card":"summary_large_image","twitter_misc":{"Tiempo de lectura":"2 minutos"},"schema":{"@context":"https:\/\/schema.org","@graph":[{"@type":"WebPage","@id":"https:\/\/letrame.com\/catalogo\/producto\/capitanes-de-almas\/","url":"https:\/\/letrame.com\/catalogo\/producto\/capitanes-de-almas\/","name":"Capitanes de almas - Catalogo | Letrame Grupo Editorial","isPartOf":{"@id":"https:\/\/letrame.com\/catalogo\/#website"},"primaryImageOfPage":{"@id":"https:\/\/letrame.com\/catalogo\/producto\/capitanes-de-almas\/#primaryimage"},"image":{"@id":"https:\/\/letrame.com\/catalogo\/producto\/capitanes-de-almas\/#primaryimage"},"thumbnailUrl":"https:\/\/letrame.com\/catalogo\/wp-content\/uploads\/2024\/04\/Capitanes-de-almas.jpg","datePublished":"2024-04-29T08:51:44+00:00","dateModified":"2024-04-29T08:51:58+00:00","breadcrumb":{"@id":"https:\/\/letrame.com\/catalogo\/producto\/capitanes-de-almas\/#breadcrumb"},"inLanguage":"es","potentialAction":[{"@type":"ReadAction","target":["https:\/\/letrame.com\/catalogo\/producto\/capitanes-de-almas\/"]}]},{"@type":"ImageObject","inLanguage":"es","@id":"https:\/\/letrame.com\/catalogo\/producto\/capitanes-de-almas\/#primaryimage","url":"https:\/\/letrame.com\/catalogo\/wp-content\/uploads\/2024\/04\/Capitanes-de-almas.jpg","contentUrl":"https:\/\/letrame.com\/catalogo\/wp-content\/uploads\/2024\/04\/Capitanes-de-almas.jpg","width":601,"height":879},{"@type":"BreadcrumbList","@id":"https:\/\/letrame.com\/catalogo\/producto\/capitanes-de-almas\/#breadcrumb","itemListElement":[{"@type":"ListItem","position":1,"name":"Portada","item":"https:\/\/letrame.com\/catalogo\/"},{"@type":"ListItem","position":2,"name":"Cat\u00e1logo","item":"https:\/\/letrame.com\/catalogo\/"},{"@type":"ListItem","position":3,"name":"Capitanes de almas"}]},{"@type":"WebSite","@id":"https:\/\/letrame.com\/catalogo\/#website","url":"https:\/\/letrame.com\/catalogo\/","name":"Catalogo | Letrame Grupo Editorial","description":"","publisher":{"@id":"https:\/\/letrame.com\/catalogo\/#organization"},"potentialAction":[{"@type":"SearchAction","target":{"@type":"EntryPoint","urlTemplate":"https:\/\/letrame.com\/catalogo\/?s={search_term_string}"},"query-input":{"@type":"PropertyValueSpecification","valueRequired":true,"valueName":"search_term_string"}}],"inLanguage":"es"},{"@type":"Organization","@id":"https:\/\/letrame.com\/catalogo\/#organization","name":"Catalogo | Letrame Grupo Editorial","url":"https:\/\/letrame.com\/catalogo\/","logo":{"@type":"ImageObject","inLanguage":"es","@id":"https:\/\/letrame.com\/catalogo\/#\/schema\/logo\/image\/","url":"https:\/\/letrame.com\/catalogo\/wp-content\/uploads\/2024\/03\/logo2.webp","contentUrl":"https:\/\/letrame.com\/catalogo\/wp-content\/uploads\/2024\/03\/logo2.webp","width":394,"height":128,"caption":"Catalogo | Letrame Grupo Editorial"},"image":{"@id":"https:\/\/letrame.com\/catalogo\/#\/schema\/logo\/image\/"}}]}},"_links":{"self":[{"href":"https:\/\/letrame.com\/catalogo\/wp-json\/wp\/v2\/product\/96494","targetHints":{"allow":["GET"]}}],"collection":[{"href":"https:\/\/letrame.com\/catalogo\/wp-json\/wp\/v2\/product"}],"about":[{"href":"https:\/\/letrame.com\/catalogo\/wp-json\/wp\/v2\/types\/product"}],"replies":[{"embeddable":true,"href":"https:\/\/letrame.com\/catalogo\/wp-json\/wp\/v2\/comments?post=96494"}],"wp:featuredmedia":[{"embeddable":true,"href":"https:\/\/letrame.com\/catalogo\/wp-json\/wp\/v2\/media\/96495"}],"wp:attachment":[{"href":"https:\/\/letrame.com\/catalogo\/wp-json\/wp\/v2\/media?parent=96494"}],"wp:term":[{"taxonomy":"libro","embeddable":true,"href":"https:\/\/letrame.com\/catalogo\/wp-json\/wp\/v2\/libro?post=96494"},{"taxonomy":"product_brand","embeddable":true,"href":"https:\/\/letrame.com\/catalogo\/wp-json\/wp\/v2\/product_brand?post=96494"},{"taxonomy":"product_cat","embeddable":true,"href":"https:\/\/letrame.com\/catalogo\/wp-json\/wp\/v2\/product_cat?post=96494"},{"taxonomy":"product_tag","embeddable":true,"href":"https:\/\/letrame.com\/catalogo\/wp-json\/wp\/v2\/product_tag?post=96494"}],"curies":[{"name":"wp","href":"https:\/\/api.w.org\/{rel}","templated":true}]}}