{"id":96490,"date":"2024-04-29T10:50:43","date_gmt":"2024-04-29T08:50:43","guid":{"rendered":"https:\/\/letrame.com\/catalogo\/producto\/reflexiones-de-bhavena\/"},"modified":"2024-04-29T10:51:38","modified_gmt":"2024-04-29T08:51:38","slug":"reflexiones-de-bhavena","status":"publish","type":"product","link":"https:\/\/letrame.com\/catalogo\/producto\/reflexiones-de-bhavena\/","title":{"rendered":"Reflexiones de Bhavena"},"content":{"rendered":"<div class=\"page\" title=\"Page 6\">\n<div class=\"layoutArea\">\n<div class=\"column\">\n<p><strong>ISBN<\/strong>: 978-84-1386-323-8<\/p>\n<\/div>\n<\/div>\n<\/div>\n<p><b>T\u00edtulo<\/b><span style=\"font-weight: 400;\">: Reflexiones de Bhavena<\/span><span style=\"font-weight: 400;\"><br \/>\n<\/span><b>Fecha<\/b><span style=\"font-weight: 400;\">: 2021<\/span><span style=\"font-weight: 400;\"><br \/>\n<\/span><b>P\u00e1ginas<\/b><span style=\"font-weight: 400;\">: 202<\/span><\/p>\n<p><b>SINOPSIS<\/b><\/p>\n<p>Tras muchos a\u00f1os so\u00f1ando con escribir mi primer libro, Reflexiones de Bhavena nace cuando decido focalizar mi pensamiento en un proyecto creativo durante una crisis vital. Retomo ese libro que hab\u00eda empezado a escribir tantas veces, para no pensar en la delicada situaci\u00f3n a la que me enfrento. De alguna forma este libro ha supuesto para m\u00ed una tabla de salvaci\u00f3n en medio de un \u00abnaufragio\u00bb.<\/p>\n<p>Y siento que puede apoyar a otras personas, que atraviesen diferentes momentos en sus vidas.<\/p>\n<p>Es un Viaje al interior de Mi Alma, relatado en primera persona. Y si tuviera \u201cBanda Sonora\u201d&#8230;ser\u00eda NESSUN DORMA (\u201cQue nadie duerma\u201d) de TURANDOT (Puccini), cantada por el Pr\u00edncipe Calaf de TURANDOT. En todo el repertorio l\u00edrico no existe un aria m\u00e1s rebosante de esperanza triunfal\u2026 \u201cY como cada d\u00eda a esta hora\u2026lo mejor est\u00e1 por llegar.\u201d \u2026le dijo Peter Pan a Campanilla.<\/p>\n","protected":false},"excerpt":{"rendered":"<p><strong>ISBN: 978-84-1386-323-8<\/strong><\/p>\n<div class=\"o9v6fnle cxmmr5t8 oygrvhab hcukyx3x c1et5uql ii04i59q\">\n<div dir=\"auto\">______________________ ____ ______________ es la materializaci\u00f3n de un sue\u00f1o, despu\u00e9s de muchos a\u00f1os gest\u00e1ndose; tras el acontecer de sendas experiencias de alto impacto en la vida de _____________. Una vez m\u00e1s, la Caprichosa Dama Vida jugueteaba con ella, para sacarla de su \u00e1rea de confort y entregarle este maravilloso regalo que le aguardaba desde hac\u00eda mucho&#8230;<\/div>\n<\/div>\n<div class=\"o9v6fnle cxmmr5t8 oygrvhab hcukyx3x c1et5uql ii04i59q\">\n<div dir=\"auto\">Durante su lectura conocer\u00e9is facetas de _____________ y buceareis en los oc\u00e9anos de su Alma&#8230;<\/div>\n<\/div>\n<div class=\"o9v6fnle cxmmr5t8 oygrvhab hcukyx3x c1et5uql ii04i59q\">\n<div dir=\"auto\">Y sobre todo, descubrir\u00e9is muchas respuestas, recursos y herramientas para experiencias que atraves\u00e9is, cuando no sep\u00e1is c\u00f3mo llegar a puerto seguro, mientras sent\u00eds que est\u00e1is viviendo un tsunami en vuestras vidas.<\/div>\n<\/div>\n<div class=\"o9v6fnle cxmmr5t8 oygrvhab hcukyx3x c1et5uql ii04i59q\">\n<div dir=\"auto\">Es un canto a la superaci\u00f3n, al empoderamiento, a la aceptaci\u00f3n, a la transformaci\u00f3n y a conectar con todo lo bueno que hay, en todo lo que acontece en nuestras vidas.<\/div>\n<\/div>\n","protected":false},"featured_media":96491,"comment_status":"closed","ping_status":"open","template":"","meta":{"_acf_changed":false},"libro":[],"product_brand":[],"product_cat":[18],"product_tag":[],"class_list":{"0":"post-96490","1":"product","2":"type-product","3":"status-publish","4":"has-post-thumbnail","6":"product_cat-autoayuda","8":"first","9":"instock","10":"purchasable","11":"product-type-simple"},"acf":{"autor":[75158],"enlace_de_compra":"https:\/\/www.paypal.com\/cgi-bin\/webscr?cmd=_s-xclick&amp;hosted_button_id=F3PVKCFWDJKLG"},"yoast_head":"<!-- This site is optimized with the Yoast SEO plugin v26.6 - https:\/\/yoast.com\/wordpress\/plugins\/seo\/ -->\n<title>Reflexiones de Bhavena - Catalogo | Letrame Grupo Editorial<\/title>\n<meta name=\"robots\" content=\"index, follow, max-snippet:-1, max-image-preview:large, max-video-preview:-1\" \/>\n<link rel=\"canonical\" href=\"https:\/\/letrame.com\/catalogo\/producto\/reflexiones-de-bhavena\/\" \/>\n<meta property=\"og:locale\" content=\"es_ES\" \/>\n<meta property=\"og:type\" content=\"article\" \/>\n<meta property=\"og:title\" content=\"Reflexiones de Bhavena - Catalogo | Letrame Grupo Editorial\" \/>\n<meta property=\"og:description\" content=\"ISBN: 978-84-1386-323-8 ______________________ ____ ______________ es la materializaci\u00f3n de un sue\u00f1o, despu\u00e9s de muchos a\u00f1os gest\u00e1ndose; tras el acontecer de sendas experiencias de alto impacto en la vida de _____________. Una vez m\u00e1s, la Caprichosa Dama Vida jugueteaba con ella, para sacarla de su \u00e1rea de confort y entregarle este maravilloso regalo que le aguardaba desde hac\u00eda mucho...  Durante su lectura conocer\u00e9is facetas de _____________ y buceareis en los oc\u00e9anos de su Alma...  Y sobre todo, descubrir\u00e9is muchas respuestas, recursos y herramientas para experiencias que atraves\u00e9is, cuando no sep\u00e1is c\u00f3mo llegar a puerto seguro, mientras sent\u00eds que est\u00e1is viviendo un tsunami en vuestras vidas.  Es un canto a la superaci\u00f3n, al empoderamiento, a la aceptaci\u00f3n, a la transformaci\u00f3n y a conectar con todo lo bueno que hay, en todo lo que acontece en nuestras vidas.\" \/>\n<meta property=\"og:url\" content=\"https:\/\/letrame.com\/catalogo\/producto\/reflexiones-de-bhavena\/\" \/>\n<meta property=\"og:site_name\" content=\"Catalogo | Letrame Grupo Editorial\" \/>\n<meta property=\"article:modified_time\" content=\"2024-04-29T08:51:38+00:00\" \/>\n<meta property=\"og:image\" content=\"https:\/\/letrame.com\/catalogo\/wp-content\/uploads\/2024\/04\/Reflexiones-de-Bhavena.jpg\" \/>\n\t<meta property=\"og:image:width\" content=\"555\" \/>\n\t<meta property=\"og:image:height\" content=\"884\" \/>\n\t<meta property=\"og:image:type\" content=\"image\/jpeg\" \/>\n<meta name=\"twitter:card\" content=\"summary_large_image\" \/>\n<meta name=\"twitter:label1\" content=\"Tiempo de lectura\" \/>\n\t<meta name=\"twitter:data1\" content=\"1 minuto\" \/>\n<script type=\"application\/ld+json\" class=\"yoast-schema-graph\">{\"@context\":\"https:\/\/schema.org\",\"@graph\":[{\"@type\":\"WebPage\",\"@id\":\"https:\/\/letrame.com\/catalogo\/producto\/reflexiones-de-bhavena\/\",\"url\":\"https:\/\/letrame.com\/catalogo\/producto\/reflexiones-de-bhavena\/\",\"name\":\"Reflexiones de Bhavena - Catalogo | Letrame Grupo Editorial\",\"isPartOf\":{\"@id\":\"https:\/\/letrame.com\/catalogo\/#website\"},\"primaryImageOfPage\":{\"@id\":\"https:\/\/letrame.com\/catalogo\/producto\/reflexiones-de-bhavena\/#primaryimage\"},\"image\":{\"@id\":\"https:\/\/letrame.com\/catalogo\/producto\/reflexiones-de-bhavena\/#primaryimage\"},\"thumbnailUrl\":\"https:\/\/letrame.com\/catalogo\/wp-content\/uploads\/2024\/04\/Reflexiones-de-Bhavena.jpg\",\"datePublished\":\"2024-04-29T08:50:43+00:00\",\"dateModified\":\"2024-04-29T08:51:38+00:00\",\"breadcrumb\":{\"@id\":\"https:\/\/letrame.com\/catalogo\/producto\/reflexiones-de-bhavena\/#breadcrumb\"},\"inLanguage\":\"es\",\"potentialAction\":[{\"@type\":\"ReadAction\",\"target\":[\"https:\/\/letrame.com\/catalogo\/producto\/reflexiones-de-bhavena\/\"]}]},{\"@type\":\"ImageObject\",\"inLanguage\":\"es\",\"@id\":\"https:\/\/letrame.com\/catalogo\/producto\/reflexiones-de-bhavena\/#primaryimage\",\"url\":\"https:\/\/letrame.com\/catalogo\/wp-content\/uploads\/2024\/04\/Reflexiones-de-Bhavena.jpg\",\"contentUrl\":\"https:\/\/letrame.com\/catalogo\/wp-content\/uploads\/2024\/04\/Reflexiones-de-Bhavena.jpg\",\"width\":555,\"height\":884},{\"@type\":\"BreadcrumbList\",\"@id\":\"https:\/\/letrame.com\/catalogo\/producto\/reflexiones-de-bhavena\/#breadcrumb\",\"itemListElement\":[{\"@type\":\"ListItem\",\"position\":1,\"name\":\"Portada\",\"item\":\"https:\/\/letrame.com\/catalogo\/\"},{\"@type\":\"ListItem\",\"position\":2,\"name\":\"Cat\u00e1logo\",\"item\":\"https:\/\/letrame.com\/catalogo\/\"},{\"@type\":\"ListItem\",\"position\":3,\"name\":\"Reflexiones de Bhavena\"}]},{\"@type\":\"WebSite\",\"@id\":\"https:\/\/letrame.com\/catalogo\/#website\",\"url\":\"https:\/\/letrame.com\/catalogo\/\",\"name\":\"Catalogo | Letrame Grupo Editorial\",\"description\":\"\",\"publisher\":{\"@id\":\"https:\/\/letrame.com\/catalogo\/#organization\"},\"potentialAction\":[{\"@type\":\"SearchAction\",\"target\":{\"@type\":\"EntryPoint\",\"urlTemplate\":\"https:\/\/letrame.com\/catalogo\/?s={search_term_string}\"},\"query-input\":{\"@type\":\"PropertyValueSpecification\",\"valueRequired\":true,\"valueName\":\"search_term_string\"}}],\"inLanguage\":\"es\"},{\"@type\":\"Organization\",\"@id\":\"https:\/\/letrame.com\/catalogo\/#organization\",\"name\":\"Catalogo | Letrame Grupo Editorial\",\"url\":\"https:\/\/letrame.com\/catalogo\/\",\"logo\":{\"@type\":\"ImageObject\",\"inLanguage\":\"es\",\"@id\":\"https:\/\/letrame.com\/catalogo\/#\/schema\/logo\/image\/\",\"url\":\"https:\/\/letrame.com\/catalogo\/wp-content\/uploads\/2024\/03\/logo2.webp\",\"contentUrl\":\"https:\/\/letrame.com\/catalogo\/wp-content\/uploads\/2024\/03\/logo2.webp\",\"width\":394,\"height\":128,\"caption\":\"Catalogo | Letrame Grupo Editorial\"},\"image\":{\"@id\":\"https:\/\/letrame.com\/catalogo\/#\/schema\/logo\/image\/\"}}]}<\/script>\n<!-- \/ Yoast SEO plugin. -->","yoast_head_json":{"title":"Reflexiones de Bhavena - Catalogo | Letrame Grupo Editorial","robots":{"index":"index","follow":"follow","max-snippet":"max-snippet:-1","max-image-preview":"max-image-preview:large","max-video-preview":"max-video-preview:-1"},"canonical":"https:\/\/letrame.com\/catalogo\/producto\/reflexiones-de-bhavena\/","og_locale":"es_ES","og_type":"article","og_title":"Reflexiones de Bhavena - Catalogo | Letrame Grupo Editorial","og_description":"ISBN: 978-84-1386-323-8 ______________________ ____ ______________ es la materializaci\u00f3n de un sue\u00f1o, despu\u00e9s de muchos a\u00f1os gest\u00e1ndose; tras el acontecer de sendas experiencias de alto impacto en la vida de _____________. Una vez m\u00e1s, la Caprichosa Dama Vida jugueteaba con ella, para sacarla de su \u00e1rea de confort y entregarle este maravilloso regalo que le aguardaba desde hac\u00eda mucho...  Durante su lectura conocer\u00e9is facetas de _____________ y buceareis en los oc\u00e9anos de su Alma...  Y sobre todo, descubrir\u00e9is muchas respuestas, recursos y herramientas para experiencias que atraves\u00e9is, cuando no sep\u00e1is c\u00f3mo llegar a puerto seguro, mientras sent\u00eds que est\u00e1is viviendo un tsunami en vuestras vidas.  Es un canto a la superaci\u00f3n, al empoderamiento, a la aceptaci\u00f3n, a la transformaci\u00f3n y a conectar con todo lo bueno que hay, en todo lo que acontece en nuestras vidas.","og_url":"https:\/\/letrame.com\/catalogo\/producto\/reflexiones-de-bhavena\/","og_site_name":"Catalogo | Letrame Grupo Editorial","article_modified_time":"2024-04-29T08:51:38+00:00","og_image":[{"width":555,"height":884,"url":"https:\/\/letrame.com\/catalogo\/wp-content\/uploads\/2024\/04\/Reflexiones-de-Bhavena.jpg","type":"image\/jpeg"}],"twitter_card":"summary_large_image","twitter_misc":{"Tiempo de lectura":"1 minuto"},"schema":{"@context":"https:\/\/schema.org","@graph":[{"@type":"WebPage","@id":"https:\/\/letrame.com\/catalogo\/producto\/reflexiones-de-bhavena\/","url":"https:\/\/letrame.com\/catalogo\/producto\/reflexiones-de-bhavena\/","name":"Reflexiones de Bhavena - Catalogo | Letrame Grupo Editorial","isPartOf":{"@id":"https:\/\/letrame.com\/catalogo\/#website"},"primaryImageOfPage":{"@id":"https:\/\/letrame.com\/catalogo\/producto\/reflexiones-de-bhavena\/#primaryimage"},"image":{"@id":"https:\/\/letrame.com\/catalogo\/producto\/reflexiones-de-bhavena\/#primaryimage"},"thumbnailUrl":"https:\/\/letrame.com\/catalogo\/wp-content\/uploads\/2024\/04\/Reflexiones-de-Bhavena.jpg","datePublished":"2024-04-29T08:50:43+00:00","dateModified":"2024-04-29T08:51:38+00:00","breadcrumb":{"@id":"https:\/\/letrame.com\/catalogo\/producto\/reflexiones-de-bhavena\/#breadcrumb"},"inLanguage":"es","potentialAction":[{"@type":"ReadAction","target":["https:\/\/letrame.com\/catalogo\/producto\/reflexiones-de-bhavena\/"]}]},{"@type":"ImageObject","inLanguage":"es","@id":"https:\/\/letrame.com\/catalogo\/producto\/reflexiones-de-bhavena\/#primaryimage","url":"https:\/\/letrame.com\/catalogo\/wp-content\/uploads\/2024\/04\/Reflexiones-de-Bhavena.jpg","contentUrl":"https:\/\/letrame.com\/catalogo\/wp-content\/uploads\/2024\/04\/Reflexiones-de-Bhavena.jpg","width":555,"height":884},{"@type":"BreadcrumbList","@id":"https:\/\/letrame.com\/catalogo\/producto\/reflexiones-de-bhavena\/#breadcrumb","itemListElement":[{"@type":"ListItem","position":1,"name":"Portada","item":"https:\/\/letrame.com\/catalogo\/"},{"@type":"ListItem","position":2,"name":"Cat\u00e1logo","item":"https:\/\/letrame.com\/catalogo\/"},{"@type":"ListItem","position":3,"name":"Reflexiones de Bhavena"}]},{"@type":"WebSite","@id":"https:\/\/letrame.com\/catalogo\/#website","url":"https:\/\/letrame.com\/catalogo\/","name":"Catalogo | Letrame Grupo Editorial","description":"","publisher":{"@id":"https:\/\/letrame.com\/catalogo\/#organization"},"potentialAction":[{"@type":"SearchAction","target":{"@type":"EntryPoint","urlTemplate":"https:\/\/letrame.com\/catalogo\/?s={search_term_string}"},"query-input":{"@type":"PropertyValueSpecification","valueRequired":true,"valueName":"search_term_string"}}],"inLanguage":"es"},{"@type":"Organization","@id":"https:\/\/letrame.com\/catalogo\/#organization","name":"Catalogo | Letrame Grupo Editorial","url":"https:\/\/letrame.com\/catalogo\/","logo":{"@type":"ImageObject","inLanguage":"es","@id":"https:\/\/letrame.com\/catalogo\/#\/schema\/logo\/image\/","url":"https:\/\/letrame.com\/catalogo\/wp-content\/uploads\/2024\/03\/logo2.webp","contentUrl":"https:\/\/letrame.com\/catalogo\/wp-content\/uploads\/2024\/03\/logo2.webp","width":394,"height":128,"caption":"Catalogo | Letrame Grupo Editorial"},"image":{"@id":"https:\/\/letrame.com\/catalogo\/#\/schema\/logo\/image\/"}}]}},"_links":{"self":[{"href":"https:\/\/letrame.com\/catalogo\/wp-json\/wp\/v2\/product\/96490","targetHints":{"allow":["GET"]}}],"collection":[{"href":"https:\/\/letrame.com\/catalogo\/wp-json\/wp\/v2\/product"}],"about":[{"href":"https:\/\/letrame.com\/catalogo\/wp-json\/wp\/v2\/types\/product"}],"replies":[{"embeddable":true,"href":"https:\/\/letrame.com\/catalogo\/wp-json\/wp\/v2\/comments?post=96490"}],"acf:post":[{"embeddable":true,"href":"https:\/\/letrame.com\/catalogo\/wp-json\/wp\/v2\/author_book\/75158"}],"wp:featuredmedia":[{"embeddable":true,"href":"https:\/\/letrame.com\/catalogo\/wp-json\/wp\/v2\/media\/96491"}],"wp:attachment":[{"href":"https:\/\/letrame.com\/catalogo\/wp-json\/wp\/v2\/media?parent=96490"}],"wp:term":[{"taxonomy":"libro","embeddable":true,"href":"https:\/\/letrame.com\/catalogo\/wp-json\/wp\/v2\/libro?post=96490"},{"taxonomy":"product_brand","embeddable":true,"href":"https:\/\/letrame.com\/catalogo\/wp-json\/wp\/v2\/product_brand?post=96490"},{"taxonomy":"product_cat","embeddable":true,"href":"https:\/\/letrame.com\/catalogo\/wp-json\/wp\/v2\/product_cat?post=96490"},{"taxonomy":"product_tag","embeddable":true,"href":"https:\/\/letrame.com\/catalogo\/wp-json\/wp\/v2\/product_tag?post=96490"}],"curies":[{"name":"wp","href":"https:\/\/api.w.org\/{rel}","templated":true}]}}